{"id":42418,"date":"2021-05-11T10:05:18","date_gmt":"2021-05-11T10:05:18","guid":{"rendered":"https:\/\/www.accuratereviews.com\/?page_id=42418"},"modified":"2021-05-11T19:33:43","modified_gmt":"2021-05-11T19:33:43","slug":"hes-fintech-recensione","status":"publish","type":"page","link":"https:\/\/www.accuratereviews.com\/it\/software-erogazione-prestiti\/hes-fintech-recensione\/","title":{"rendered":"HES FinTech"},"content":{"rendered":"<p><strong>HES FinTech<\/strong> \u00e8 un fornitore di <strong>software finanziario<\/strong> e consulente tecnologico. Creato per essere la spina dorsale tecnologica per alimentare l&#8217;intero ciclo di vita del prestito: dalla creazione, sottoscrizione e assistenza alle raccolte e al monitoraggio delle prestazioni della pipeline. Offre un software configurabile per creazione prestiti, assistenza e recupero crediti e si occupa di sviluppo software personalizzato o configurato per prestiti bancari, commerciali, consumatori, P2P, POS, mutui e microfinanza. Progettato pensando alla personalizzazione e alla scalabilit\u00e0, il software di prestito HES offre un&#8217;esperienza di prestito unica per il settore finanziario, consentendo ai clienti di stare al passo con i mercati in evoluzione e le richieste dei clienti. Pu\u00f2 essere personalizzato in modo esplicito per riflettere l&#8217;identit\u00e0 del marchio e soddisfare i requisiti legali.<\/p>\n<h2>HES FINTECH &#8211; TUTORIAL<\/h2>\n<p>Guardiamo questo breve video su questo software di erogazione di prestiti:<\/p>\n<div id=\"fluid-wrapper-counter-1\" class=\"g1-fluid-wrapper \" style=\"width:686px;\">\n<div style=\"padding-bottom:56.268221574344%;\"><iframe loading=\"lazy\" title=\"phones2\" width=\"686\" height=\"386\" src=\"https:\/\/www.youtube.com\/embed\/h09JJz286AI?feature=oembed&amp;wmode=transparent&amp;autohide=1&amp;autoplay=0&amp;disablekb=0&amp;fs=1&amp;loop=0&amp;enablejsapi=1&amp;rel=0&amp;controls=2&amp;showinfo=0&amp;wmode=transparent&amp;autohide=2&amp;autoplay=0&amp;disablekb=0&amp;fs=1&amp;loop=0&amp;enablejsapi=1&amp;rel=0&amp;controls=2&amp;showinfo=1\" frameborder=\"0\" allow=\"accelerometer; autoplay; clipboard-write; encrypted-media; gyroscope; picture-in-picture\" allowfullscreen><\/iframe><\/div>\n<\/div>\n<h3>HES FINTECH &#8211; CARATTERISTICHE<\/h3>\n<ul>\n<li><strong>Onboarding intelligente<\/strong>: riduci il tasso di abbandono con un processo di onboarding omnicanale. Gestisci un portale clienti ricco di funzionalit\u00e0 e un&#8217;area personale<\/li>\n<li><strong>KYC e punteggio di credito<\/strong>: controlli KYC \/ AML e ID adattati. Sfrutta l&#8217;apprendimento automatico e l&#8217;intelligenza artificiale per valutare meglio l&#8217;affidabilit\u00e0 creditizia e ridurre gli NPL fino al 40%<\/li>\n<li><strong>Motore del prodotto<\/strong>: crea pi\u00f9 tipi di prodotti di prestito e operazioni illimitate, implementa carichi di transazioni e rispetta le modifiche legislative<\/li>\n<li><strong>Gestione documenti<\/strong>: automatizza tutte le pratiche burocratiche pertinenti. Gestisci contratti di prestito, offerte, contratti, note e altri documenti di sistema<\/li>\n<li><strong>Recupero crediti:<\/strong> automatizza e ottimizza le operazioni di raccolta. Caratteristiche sofisticate e flessibili di raccolta morbida, rigida o legale, pre-raccolta<\/li>\n<li><strong>Impostazioni di sicurezza:<\/strong> il software si basa su tecnologie affidabili e all&#8217;avanguardia, che aderiscono agli standard di sicurezza di livello aziendale. \u00c8 conforme al GDPR<\/li>\n<li><strong>Statistiche e rapporti:<\/strong> ottieni istantaneamente statistiche pertinenti. Utilizza rapporti personalizzati o predefiniti. Aggiungi, modifica o esporta dati in diversi formati.<\/li>\n<li><strong>100+ integrazioni:<\/strong>\u00a0Il programma pu\u00f2 essere integrato con agenzie di credito, KYC \/ AML, fornitori di pagamenti e notifiche, sistemi contabili, soluzioni BI.<\/li>\n<\/ul>\n<h4>LE RECENSIONI DEGLI UTENTI<\/h4>\n<p class=\"font-weight-bold mb-1 d-flex align-items-center\"><strong>Volodymyr K.&#8221;Ottima esperienza nello sviluppo della piattaforma di prestito&#8221;<\/strong><\/p>\n<p><strong>Commenti: <\/strong>Abbiamo avviato la nostra partnership con HES FinTech per entrare in un nuovo mercato in Asia con una piattaforma online per prestiti a breve termine. L&#8217;obiettivo era sviluppare una serie completa di applicazioni per avviare un&#8217;attivit\u00e0 di prestito in un paese asiatico. Abbiamo richiesto una parte di back-office e un portale clienti, oltre a una serie di integrazioni. Dalla fase iniziale del progetto, abbiamo apprezzato l&#8217;approccio professionale di ogni membro del team. Gli analisti aziendali di HES hanno sufficiente esperienza nel settore bancario e finanziario. Gli sviluppatori sono ben formati ed esperti nella creazione di sistemi automatici di creazione e gestione dei prestiti. \u00c8 un piacere lavorare con un team di persone che comprendono il dominio e gli obiettivi della tua attivit\u00e0. Il sistema HES Core \u00e8 altamente funzionale e include tutte le caratteristiche che volevamo. Il team ha fatto un ottimo lavoro: ha implementato il livello richiesto di personalizzazione e integrazioni. Avevamo bisogno di un team completo per lo sviluppo e l&#8217;analisi aziendale.\u00a0Di conseguenza, abbiamo implementato un software di prim&#8217;ordine che automatizza molti processi e aiuta a ridurre i costi operativi. Quindi, ha superato le nostre aspettative e ne vale assolutamente la pena. La stessa gestione del progetto \u00e8 stata trasparente ed efficace. Se si sono verificate situazioni inaspettate, il PM era l\u00ec per risolvere immediatamente il problema, quindi il team ha rispettato la scadenza e ha lanciato il progetto con successo.<\/p>\n<p><strong>Pro: <\/strong>L&#8217;approccio professionale di ogni membro del team e la comprensione del dominio e degli obiettivi aziendali, ad esempio, gli analisti aziendali di HES hanno sufficiente esperienza nel settore bancario e finanziario. Efficace gestione del progetto &#8211; rispetto delle scadenze, nessun tempo morto.<br \/>\nIl prodotto risultante \u00e8 migliore del previsto &#8211; funzionalit\u00e0 estesa, alte prestazioni.<\/p>\n<p><strong>Contro: <\/strong>&#8211; le tariffe orarie potrebbero essere inferiori<\/p>\n<p class=\"font-weight-bold mb-1 d-flex align-items-center\"><strong>Dmitry B.&#8221;Ottimo per la creazione di prestiti offline&#8221;<\/strong><\/p>\n<p><strong>Commenti: <\/strong>La mia azienda fornisce anticipi di cassa a breve termine e prestiti con anticipo sullo stipendio concentrandosi sul canale di vendita offline. Siamo passati al software di prestito HES da un sistema di creazione di prestiti legacy, che era lento e scomodo da gestire. Il team HES \u00e8 stato molto accomodante per le nostre esigenze dal momento in cui ci siamo iscritti. Apportano miglioramenti tempestivi ogni volta che li chiediamo e ci consigliano su come sviluppare il sistema in modo pi\u00f9 efficiente. Il nostro sistema attuale \u00e8 ben ottimizzato per il funzionamento offline. Segue una serie di best practice del settore del credito e ci consente di tenere traccia delle prestazioni della nostra attivit\u00e0 con utili dashboard e report. Consiglio vivamente sia l&#8217;azienda che i loro prodotti.<\/p>\n<p class=\"font-weight-bold mb-1 d-flex align-items-center\"><strong>Vladimir K.&#8221;Conforme e scalabile&#8221;<\/strong><\/p>\n<p><strong>Commenti: <\/strong>Stavamo cercando una soluzione matura per la gestione della pipeline di prestiti per avviare un&#8217;attivit\u00e0 di prestito con anticipo sullo stipendio in Ucraina. Il nostro obiettivo principale era portare le migliori pratiche internazionali di prestito personale online nel mercato emergente dell&#8217;Ucraina e raggiungere la conformit\u00e0 con i principi e gli standard dell&#8217;UE. Con il software HES, abbiamo soddisfatto queste esigenze. Siamo riusciti ad andare in diretta in appena 10 settimane grazie all&#8217;impegno del team di implementazione e ai chiari requisiti del progetto.<br \/>\nAbbiamo trovato l&#8217;azienda HES molto competente e accomodante nelle nostre richieste. Il sistema che hanno implementato per noi ci aiuta a creare e servire migliaia di prestiti di qualit\u00e0 al mese.<\/p>\n","protected":false},"excerpt":{"rendered":"<p>HES FinTech \u00e8 un fornitore di software finanziario e consulente tecnologico. Creato per essere la spina dorsale tecnologica per alimentare l&#8217;intero ciclo di vita del prestito: dalla creazione, sottoscrizione e assistenza alle raccolte e al monitoraggio delle prestazioni della pipeline.<\/p>\n","protected":false},"author":16,"featured_media":42419,"parent":41330,"menu_order":0,"comment_status":"open","ping_status":"closed","template":"g1_template_page_review_new.php","meta":{"_acf_changed":false,"cwp_meta_box_check":"Yes","cwp_rev_product_name":"","cwp_rev_product_image":"","wppr_links":[],"cwp_rev_price":"","wppr_options":[],"wppr_pros":[],"wppr_cons":[],"_monsterinsights_skip_tracking":false,"_monsterinsights_sitenote_active":false,"_monsterinsights_sitenote_note":"","_monsterinsights_sitenote_category":0,"footnotes":""},"categories":[5815],"tags":[5928,5840,5839,5837,5838],"features":[],"class_list":{"0":"post-42418","1":"page","2":"type-page","3":"status-publish","4":"has-post-thumbnail","6":"category-software-per-erogazione-prestiti-categoria","7":"tag-hes-fintech","8":"tag-piattaforma-erogazione-prestiti","9":"tag-programma-erogazione-prestiti","10":"tag-software-erogazione-prestiti","11":"tag-soluzione-erogazione-prestiti"},"wppr_data":{"cwp_meta_box_check":"Yes","cwp_rev_product_name":"","cwp_rev_product_image":"","cwp_image_link":"image","cwp_rev_price":"","wppr_rating":"0.00"},"acf":[],"yoast_head":"<!-- This site is optimized with the Yoast SEO plugin v27.4 - https:\/\/yoast.com\/product\/yoast-seo-wordpress\/ -->\n<title>HES FinTech: recensione software erogazione prestiti - Accurate Reviews<\/title>\n<meta name=\"description\" content=\"HES FinTech: recensione software finanziario e consulente tecnologico per alimentare l&#039;intero ciclo di vita del prestito.\" \/>\n<meta name=\"robots\" content=\"index, follow, max-snippet:-1, max-image-preview:large, max-video-preview:-1\" \/>\n<link rel=\"canonical\" href=\"https:\/\/www.accuratereviews.com\/it\/software-erogazione-prestiti\/hes-fintech-recensione\/\" \/>\n<meta property=\"og:locale\" content=\"it_IT\" \/>\n<meta property=\"og:type\" content=\"article\" \/>\n<meta property=\"og:title\" content=\"HES FinTech: recensione software erogazione prestiti - Accurate Reviews\" \/>\n<meta property=\"og:description\" content=\"HES FinTech: recensione software finanziario e consulente tecnologico per alimentare l&#039;intero ciclo di vita del prestito.\" \/>\n<meta property=\"og:url\" content=\"https:\/\/www.accuratereviews.com\/it\/software-erogazione-prestiti\/hes-fintech-recensione\/\" \/>\n<meta property=\"og:site_name\" content=\"Accurate Reviews\" \/>\n<meta property=\"article:modified_time\" content=\"2021-05-11T19:33:43+00:00\" \/>\n<meta property=\"og:image\" content=\"https:\/\/www.accuratereviews.com\/wp-content\/uploads\/2021\/05\/hes.png\" \/>\n\t<meta property=\"og:image:width\" content=\"200\" \/>\n\t<meta property=\"og:image:height\" content=\"200\" \/>\n\t<meta property=\"og:image:type\" content=\"image\/png\" \/>\n<meta name=\"twitter:card\" content=\"summary_large_image\" \/>\n<meta name=\"twitter:label1\" content=\"Tempo di lettura stimato\" \/>\n\t<meta name=\"twitter:data1\" content=\"4 minuti\" \/>\n<script type=\"application\/ld+json\" class=\"yoast-schema-graph\">{\"@context\":\"https:\\\/\\\/schema.org\",\"@graph\":[{\"@type\":\"WebPage\",\"@id\":\"https:\\\/\\\/www.accuratereviews.com\\\/it\\\/software-erogazione-prestiti\\\/hes-fintech-recensione\\\/\",\"url\":\"https:\\\/\\\/www.accuratereviews.com\\\/it\\\/software-erogazione-prestiti\\\/hes-fintech-recensione\\\/\",\"name\":\"HES FinTech: recensione software erogazione prestiti - Accurate Reviews\",\"isPartOf\":{\"@id\":\"https:\\\/\\\/www.accuratereviews.com\\\/it\\\/#website\"},\"primaryImageOfPage\":{\"@id\":\"https:\\\/\\\/www.accuratereviews.com\\\/it\\\/software-erogazione-prestiti\\\/hes-fintech-recensione\\\/#primaryimage\"},\"image\":{\"@id\":\"https:\\\/\\\/www.accuratereviews.com\\\/it\\\/software-erogazione-prestiti\\\/hes-fintech-recensione\\\/#primaryimage\"},\"thumbnailUrl\":\"https:\\\/\\\/www.accuratereviews.com\\\/wp-content\\\/uploads\\\/2021\\\/05\\\/hes.png\",\"datePublished\":\"2021-05-11T10:05:18+00:00\",\"dateModified\":\"2021-05-11T19:33:43+00:00\",\"description\":\"HES FinTech: recensione software finanziario e consulente tecnologico per alimentare l'intero ciclo di vita del prestito.\",\"breadcrumb\":{\"@id\":\"https:\\\/\\\/www.accuratereviews.com\\\/it\\\/software-erogazione-prestiti\\\/hes-fintech-recensione\\\/#breadcrumb\"},\"inLanguage\":\"it-IT\",\"potentialAction\":[{\"@type\":\"ReadAction\",\"target\":[\"https:\\\/\\\/www.accuratereviews.com\\\/it\\\/software-erogazione-prestiti\\\/hes-fintech-recensione\\\/\"]}]},{\"@type\":\"ImageObject\",\"inLanguage\":\"it-IT\",\"@id\":\"https:\\\/\\\/www.accuratereviews.com\\\/it\\\/software-erogazione-prestiti\\\/hes-fintech-recensione\\\/#primaryimage\",\"url\":\"https:\\\/\\\/www.accuratereviews.com\\\/wp-content\\\/uploads\\\/2021\\\/05\\\/hes.png\",\"contentUrl\":\"https:\\\/\\\/www.accuratereviews.com\\\/wp-content\\\/uploads\\\/2021\\\/05\\\/hes.png\",\"width\":200,\"height\":200},{\"@type\":\"BreadcrumbList\",\"@id\":\"https:\\\/\\\/www.accuratereviews.com\\\/it\\\/software-erogazione-prestiti\\\/hes-fintech-recensione\\\/#breadcrumb\",\"itemListElement\":[{\"@type\":\"ListItem\",\"position\":1,\"name\":\"Home\",\"item\":\"https:\\\/\\\/www.accuratereviews.com\\\/it\\\/\"},{\"@type\":\"ListItem\",\"position\":2,\"name\":\"Software per l&#8217;erogazione dei prestiti\",\"item\":\"https:\\\/\\\/www.accuratereviews.com\\\/it\\\/software-erogazione-prestiti\\\/\"},{\"@type\":\"ListItem\",\"position\":3,\"name\":\"HES FinTech\"}]},{\"@type\":\"WebSite\",\"@id\":\"https:\\\/\\\/www.accuratereviews.com\\\/it\\\/#website\",\"url\":\"https:\\\/\\\/www.accuratereviews.com\\\/it\\\/\",\"name\":\"Accurate Reviews\",\"description\":\"\",\"potentialAction\":[{\"@type\":\"SearchAction\",\"target\":{\"@type\":\"EntryPoint\",\"urlTemplate\":\"https:\\\/\\\/www.accuratereviews.com\\\/it\\\/?s={search_term_string}\"},\"query-input\":{\"@type\":\"PropertyValueSpecification\",\"valueRequired\":true,\"valueName\":\"search_term_string\"}}],\"inLanguage\":\"it-IT\"}]}<\/script>\n<!-- \/ Yoast SEO plugin. -->","yoast_head_json":{"title":"HES FinTech: recensione software erogazione prestiti - Accurate Reviews","description":"HES FinTech: recensione software finanziario e consulente tecnologico per alimentare l'intero ciclo di vita del prestito.","robots":{"index":"index","follow":"follow","max-snippet":"max-snippet:-1","max-image-preview":"max-image-preview:large","max-video-preview":"max-video-preview:-1"},"canonical":"https:\/\/www.accuratereviews.com\/it\/software-erogazione-prestiti\/hes-fintech-recensione\/","og_locale":"it_IT","og_type":"article","og_title":"HES FinTech: recensione software erogazione prestiti - Accurate Reviews","og_description":"HES FinTech: recensione software finanziario e consulente tecnologico per alimentare l'intero ciclo di vita del prestito.","og_url":"https:\/\/www.accuratereviews.com\/it\/software-erogazione-prestiti\/hes-fintech-recensione\/","og_site_name":"Accurate Reviews","article_modified_time":"2021-05-11T19:33:43+00:00","og_image":[{"width":200,"height":200,"url":"https:\/\/www.accuratereviews.com\/wp-content\/uploads\/2021\/05\/hes.png","type":"image\/png"}],"twitter_card":"summary_large_image","twitter_misc":{"Tempo di lettura stimato":"4 minuti"},"schema":{"@context":"https:\/\/schema.org","@graph":[{"@type":"WebPage","@id":"https:\/\/www.accuratereviews.com\/it\/software-erogazione-prestiti\/hes-fintech-recensione\/","url":"https:\/\/www.accuratereviews.com\/it\/software-erogazione-prestiti\/hes-fintech-recensione\/","name":"HES FinTech: recensione software erogazione prestiti - Accurate Reviews","isPartOf":{"@id":"https:\/\/www.accuratereviews.com\/it\/#website"},"primaryImageOfPage":{"@id":"https:\/\/www.accuratereviews.com\/it\/software-erogazione-prestiti\/hes-fintech-recensione\/#primaryimage"},"image":{"@id":"https:\/\/www.accuratereviews.com\/it\/software-erogazione-prestiti\/hes-fintech-recensione\/#primaryimage"},"thumbnailUrl":"https:\/\/www.accuratereviews.com\/wp-content\/uploads\/2021\/05\/hes.png","datePublished":"2021-05-11T10:05:18+00:00","dateModified":"2021-05-11T19:33:43+00:00","description":"HES FinTech: recensione software finanziario e consulente tecnologico per alimentare l'intero ciclo di vita del prestito.","breadcrumb":{"@id":"https:\/\/www.accuratereviews.com\/it\/software-erogazione-prestiti\/hes-fintech-recensione\/#breadcrumb"},"inLanguage":"it-IT","potentialAction":[{"@type":"ReadAction","target":["https:\/\/www.accuratereviews.com\/it\/software-erogazione-prestiti\/hes-fintech-recensione\/"]}]},{"@type":"ImageObject","inLanguage":"it-IT","@id":"https:\/\/www.accuratereviews.com\/it\/software-erogazione-prestiti\/hes-fintech-recensione\/#primaryimage","url":"https:\/\/www.accuratereviews.com\/wp-content\/uploads\/2021\/05\/hes.png","contentUrl":"https:\/\/www.accuratereviews.com\/wp-content\/uploads\/2021\/05\/hes.png","width":200,"height":200},{"@type":"BreadcrumbList","@id":"https:\/\/www.accuratereviews.com\/it\/software-erogazione-prestiti\/hes-fintech-recensione\/#breadcrumb","itemListElement":[{"@type":"ListItem","position":1,"name":"Home","item":"https:\/\/www.accuratereviews.com\/it\/"},{"@type":"ListItem","position":2,"name":"Software per l&#8217;erogazione dei prestiti","item":"https:\/\/www.accuratereviews.com\/it\/software-erogazione-prestiti\/"},{"@type":"ListItem","position":3,"name":"HES FinTech"}]},{"@type":"WebSite","@id":"https:\/\/www.accuratereviews.com\/it\/#website","url":"https:\/\/www.accuratereviews.com\/it\/","name":"Accurate Reviews","description":"","potentialAction":[{"@type":"SearchAction","target":{"@type":"EntryPoint","urlTemplate":"https:\/\/www.accuratereviews.com\/it\/?s={search_term_string}"},"query-input":{"@type":"PropertyValueSpecification","valueRequired":true,"valueName":"search_term_string"}}],"inLanguage":"it-IT"}]}},"_links":{"self":[{"href":"https:\/\/www.accuratereviews.com\/it\/wp-json\/wp\/v2\/pages\/42418","targetHints":{"allow":["GET"]}}],"collection":[{"href":"https:\/\/www.accuratereviews.com\/it\/wp-json\/wp\/v2\/pages"}],"about":[{"href":"https:\/\/www.accuratereviews.com\/it\/wp-json\/wp\/v2\/types\/page"}],"author":[{"embeddable":true,"href":"https:\/\/www.accuratereviews.com\/it\/wp-json\/wp\/v2\/users\/16"}],"replies":[{"embeddable":true,"href":"https:\/\/www.accuratereviews.com\/it\/wp-json\/wp\/v2\/comments?post=42418"}],"version-history":[{"count":12,"href":"https:\/\/www.accuratereviews.com\/it\/wp-json\/wp\/v2\/pages\/42418\/revisions"}],"predecessor-version":[{"id":42487,"href":"https:\/\/www.accuratereviews.com\/it\/wp-json\/wp\/v2\/pages\/42418\/revisions\/42487"}],"up":[{"embeddable":true,"href":"https:\/\/www.accuratereviews.com\/it\/wp-json\/wp\/v2\/pages\/41330"}],"wp:featuredmedia":[{"embeddable":true,"href":"https:\/\/www.accuratereviews.com\/it\/wp-json\/wp\/v2\/media\/42419"}],"wp:attachment":[{"href":"https:\/\/www.accuratereviews.com\/it\/wp-json\/wp\/v2\/media?parent=42418"}],"wp:term":[{"taxonomy":"category","embeddable":true,"href":"https:\/\/www.accuratereviews.com\/it\/wp-json\/wp\/v2\/categories?post=42418"},{"taxonomy":"post_tag","embeddable":true,"href":"https:\/\/www.accuratereviews.com\/it\/wp-json\/wp\/v2\/tags?post=42418"},{"taxonomy":"features","embeddable":true,"href":"https:\/\/www.accuratereviews.com\/it\/wp-json\/wp\/v2\/features?post=42418"}],"curies":[{"name":"wp","href":"https:\/\/api.w.org\/{rel}","templated":true}]}}