{"id":42437,"date":"2021-05-11T10:14:36","date_gmt":"2021-05-11T10:14:36","guid":{"rendered":"https:\/\/www.accuratereviews.com\/?page_id=42437"},"modified":"2021-05-11T10:24:27","modified_gmt":"2021-05-11T10:24:27","slug":"calms-recensione","status":"publish","type":"page","link":"https:\/\/www.accuratereviews.com\/it\/software-erogazione-prestiti\/calms-recensione\/","title":{"rendered":"Calms"},"content":{"rendered":"<p>La piattaforma <strong>Calms di White Clarke Group<\/strong> consente agli istituti di credito di aiutare i clienti, fornendo decisioni rapide e servizi eccezionali quando e dove il consumatore richiede, ottenendo la migliore esperienza del marchio.\u00a0Aggiornamenti e miglioramenti recenti includono canali diretti e self-service rilasciati di recente dai clienti e una UX \/ UI aggiornata, con le ultime tecnologie web e tendenze di design. Con un&#8217;API aperta, il software fornisce una soluzione su misura, sfruttando una perfetta integrazione con applicazioni di terze parti.\u00a0L&#8217;architettura multi-tenancy migliorata consente ai clienti di eseguire e gestire entit\u00e0 separate all&#8217;interno dello stesso ambiente, fornendo la soluzione multi-paese, multi-GAAP e multilingue e funzionalit\u00e0 avanzate e complete di reporting e gestione delle informazioni.<\/p>\n<h2>CALMS &#8211; TUTORIAL<\/h2>\n<p>Guardiamo insieme questo breve video in spiega le principali funzioni di questo software per erogazione prestiti:<\/p>\n<div id=\"fluid-wrapper-counter-1\" class=\"g1-fluid-wrapper \" style=\"width:686px;\">\n<div style=\"padding-bottom:56.268221574344%;\"><iframe loading=\"lazy\" title=\"CALMS - Smart Finance Software\" width=\"686\" height=\"386\" src=\"https:\/\/www.youtube.com\/embed\/f3F4bRoam_s?feature=oembed&amp;wmode=transparent&amp;autohide=1&amp;autoplay=0&amp;disablekb=0&amp;fs=1&amp;loop=0&amp;enablejsapi=1&amp;rel=0&amp;controls=2&amp;showinfo=0&amp;wmode=transparent&amp;autohide=2&amp;autoplay=0&amp;disablekb=0&amp;fs=1&amp;loop=0&amp;enablejsapi=1&amp;rel=0&amp;controls=2&amp;showinfo=1\" frameborder=\"0\" allow=\"accelerometer; autoplay; clipboard-write; encrypted-media; gyroscope; picture-in-picture\" allowfullscreen><\/iframe><\/div>\n<\/div>\n<h3>CALMS &#8211; CARATTERISTICHE<\/h3>\n<ul>\n<li><strong>Un percorso completo del cliente end-to-end<\/strong>, che si integra perfettamente con il tuo sito web esistente, il sistema finanziario e gli strumenti di terze parti<\/li>\n<li><strong>Calcolatore finanziario flessibile<\/strong>, che consente ai tuoi clienti di selezionare le loro opzioni finanziarie secondo i loro ritmi e dalla comodit\u00e0 della propria casa<\/li>\n<li><strong>Elaborazione del credito<\/strong> sicura e veloce e automazione passo passo per mantenere tutte le parti in linea con lo stato della domanda<\/li>\n<li><strong>Verifica digitale con e-ID e firma elettronica<\/strong>: un&#8217;alternativa sicura alla firma di documenti di persona, che rimuove i requisiti di sicurezza fisica associati all&#8217;archiviazione di documenti cartacei tradizionali.<\/li>\n<li><strong>Una funzione di localizzazione del concessionario<\/strong>\u00a0in modo che i tuoi clienti possano scegliere il rivenditore pi\u00f9 conveniente per loro, se semplicemente continuare il percorso di vendita, organizzare un test drive, discutere la loro applicazione di persona o per ulteriore assistenza di persona.<\/li>\n<li><strong>Analisi integrata<\/strong>: comprendi i tuoi clienti e ottieni dati preziosi in ogni punto del percorso di acquisto.<\/li>\n<\/ul>\n<h4>LE RECENSIONI DEGLI UTENTI<\/h4>\n<p class=\"font-weight-bold mb-1 d-flex align-items-center\"><strong>Fehmeeda L.&#8221;Recensione CALMS&#8221;<\/strong><\/p>\n<p><strong>Pro: <\/strong>&#8211; Motore decisionale- Personalizzabile per le esigenze del cliente<\/p>\n<p><strong>Contro: <\/strong>&#8211; Principalmente hard coded; opzioni di configurazione insufficienti\u00a0&#8211; Attenzione insufficiente su UI \/ UX \/ Workflow<br \/>\n&#8211; Il sistema modulare con Catalyst, Just J, CALMS rende l&#8217;implementazione pi\u00f9 difficile poich\u00e9 sono necessari diversi set di competenze per far funzionare tali tecnologie<\/p>\n<p><strong>Jo D.&#8221;Recensione&#8221;<\/strong><\/p>\n<p><strong>Commenti: <\/strong>Alti livelli di soddisfazione del cliente e un tasso di errore ridotto allo stesso tempo rendono tutto sommato positivo<\/p>\n<p><strong>Pro: <\/strong>Il sistema CALMS \u00e8 molto facile da imparare e da implementare. Ha anche un ottimo audit trail per prevenire errori umani<\/p>\n<p><strong>Contro: <\/strong>CALMs ha il potenziale per fare molto di pi\u00f9 di quanto non faccia ed essere pi\u00f9 facile da usare. La duplicazione del lavoro \u00e8 un problema con alcune delle funzionalit\u00e0<\/p>\n<h5 class=\"font-weight-bold mb-1 d-flex align-items-center\">Peggy B.&#8221;Calms&#8221;<\/h5>\n<p><strong>Pro: <\/strong>Calms \u00e8 molto facile da usare. Non avendolo mai visto prima, il tempo per allenarsi \u00e8 minimo.<\/p>\n<p><strong>Contro: <\/strong>Calms ha caratteristiche che avremmo voluto fossero gi\u00e0 parte del sistema, ma abbiamo dovuto aspettare e chiederle, programmarle e dare la priorit\u00e0.<\/p>\n","protected":false},"excerpt":{"rendered":"<p>Calms di White Clarke Group consente agli istituti di credito di aiutare i clienti, fornendo decisioni rapide e servizi eccezionali quando e dove il consumatore richiede, ottenendo la migliore esperienza del marchio.\u00a0Aggiornamenti e miglioramenti recenti includono canali diretti e self-service rilasciati di recente dai clienti e una UX \/ UI aggiornata, con le ultime tecnologie web e tendenze di design.<\/p>\n","protected":false},"author":16,"featured_media":42438,"parent":41330,"menu_order":0,"comment_status":"open","ping_status":"closed","template":"g1_template_page_review_new.php","meta":{"_acf_changed":false,"cwp_meta_box_check":"Yes","cwp_rev_product_name":"","cwp_rev_product_image":"","wppr_links":[],"cwp_rev_price":"","wppr_options":[],"wppr_pros":[],"wppr_cons":[],"_monsterinsights_skip_tracking":false,"_monsterinsights_sitenote_active":false,"_monsterinsights_sitenote_note":"","_monsterinsights_sitenote_category":0,"footnotes":""},"categories":[5815],"tags":[5927,5889,5840,5839,5837,5838],"features":[],"class_list":{"0":"post-42437","1":"page","2":"type-page","3":"status-publish","4":"has-post-thumbnail","6":"category-software-per-erogazione-prestiti-categoria","7":"tag-calms","8":"tag-gestione-prestiti","9":"tag-piattaforma-erogazione-prestiti","10":"tag-programma-erogazione-prestiti","11":"tag-software-erogazione-prestiti","12":"tag-soluzione-erogazione-prestiti"},"wppr_data":{"cwp_meta_box_check":"Yes","cwp_rev_product_name":"","cwp_rev_product_image":"","cwp_image_link":"image","cwp_rev_price":"","wppr_rating":"0.00"},"acf":[],"yoast_head":"<!-- This site is optimized with the Yoast SEO plugin v27.4 - https:\/\/yoast.com\/product\/yoast-seo-wordpress\/ -->\n<title>Calms: recensione software erogazione prestiti - Accurate Reviews<\/title>\n<meta name=\"description\" content=\"Calms: recensione software erogazione prestiti che consente agli istituti di credito di aiutare i clienti con decisioni rapide.\" \/>\n<meta name=\"robots\" content=\"index, follow, max-snippet:-1, max-image-preview:large, max-video-preview:-1\" \/>\n<link rel=\"canonical\" href=\"https:\/\/www.accuratereviews.com\/it\/software-erogazione-prestiti\/calms-recensione\/\" \/>\n<meta property=\"og:locale\" content=\"it_IT\" \/>\n<meta property=\"og:type\" content=\"article\" \/>\n<meta property=\"og:title\" content=\"Calms: recensione software erogazione prestiti - Accurate Reviews\" \/>\n<meta property=\"og:description\" content=\"Calms: recensione software erogazione prestiti che consente agli istituti di credito di aiutare i clienti con decisioni rapide.\" \/>\n<meta property=\"og:url\" content=\"https:\/\/www.accuratereviews.com\/it\/software-erogazione-prestiti\/calms-recensione\/\" \/>\n<meta property=\"og:site_name\" content=\"Accurate Reviews\" \/>\n<meta property=\"article:modified_time\" content=\"2021-05-11T10:24:27+00:00\" \/>\n<meta property=\"og:image\" content=\"https:\/\/www.accuratereviews.com\/wp-content\/uploads\/2021\/05\/White-Clarke-Group.jpg\" \/>\n\t<meta property=\"og:image:width\" content=\"239\" \/>\n\t<meta property=\"og:image:height\" content=\"260\" \/>\n\t<meta property=\"og:image:type\" content=\"image\/jpeg\" \/>\n<meta name=\"twitter:card\" content=\"summary_large_image\" \/>\n<meta name=\"twitter:label1\" content=\"Tempo di lettura stimato\" \/>\n\t<meta name=\"twitter:data1\" content=\"3 minuti\" \/>\n<script type=\"application\/ld+json\" class=\"yoast-schema-graph\">{\"@context\":\"https:\\\/\\\/schema.org\",\"@graph\":[{\"@type\":\"WebPage\",\"@id\":\"https:\\\/\\\/www.accuratereviews.com\\\/it\\\/software-erogazione-prestiti\\\/calms-recensione\\\/\",\"url\":\"https:\\\/\\\/www.accuratereviews.com\\\/it\\\/software-erogazione-prestiti\\\/calms-recensione\\\/\",\"name\":\"Calms: recensione software erogazione prestiti - Accurate Reviews\",\"isPartOf\":{\"@id\":\"https:\\\/\\\/www.accuratereviews.com\\\/it\\\/#website\"},\"primaryImageOfPage\":{\"@id\":\"https:\\\/\\\/www.accuratereviews.com\\\/it\\\/software-erogazione-prestiti\\\/calms-recensione\\\/#primaryimage\"},\"image\":{\"@id\":\"https:\\\/\\\/www.accuratereviews.com\\\/it\\\/software-erogazione-prestiti\\\/calms-recensione\\\/#primaryimage\"},\"thumbnailUrl\":\"https:\\\/\\\/www.accuratereviews.com\\\/wp-content\\\/uploads\\\/2021\\\/05\\\/White-Clarke-Group.jpg\",\"datePublished\":\"2021-05-11T10:14:36+00:00\",\"dateModified\":\"2021-05-11T10:24:27+00:00\",\"description\":\"Calms: recensione software erogazione prestiti che consente agli istituti di credito di aiutare i clienti con decisioni rapide.\",\"breadcrumb\":{\"@id\":\"https:\\\/\\\/www.accuratereviews.com\\\/it\\\/software-erogazione-prestiti\\\/calms-recensione\\\/#breadcrumb\"},\"inLanguage\":\"it-IT\",\"potentialAction\":[{\"@type\":\"ReadAction\",\"target\":[\"https:\\\/\\\/www.accuratereviews.com\\\/it\\\/software-erogazione-prestiti\\\/calms-recensione\\\/\"]}]},{\"@type\":\"ImageObject\",\"inLanguage\":\"it-IT\",\"@id\":\"https:\\\/\\\/www.accuratereviews.com\\\/it\\\/software-erogazione-prestiti\\\/calms-recensione\\\/#primaryimage\",\"url\":\"https:\\\/\\\/www.accuratereviews.com\\\/wp-content\\\/uploads\\\/2021\\\/05\\\/White-Clarke-Group.jpg\",\"contentUrl\":\"https:\\\/\\\/www.accuratereviews.com\\\/wp-content\\\/uploads\\\/2021\\\/05\\\/White-Clarke-Group.jpg\",\"width\":239,\"height\":260},{\"@type\":\"BreadcrumbList\",\"@id\":\"https:\\\/\\\/www.accuratereviews.com\\\/it\\\/software-erogazione-prestiti\\\/calms-recensione\\\/#breadcrumb\",\"itemListElement\":[{\"@type\":\"ListItem\",\"position\":1,\"name\":\"Home\",\"item\":\"https:\\\/\\\/www.accuratereviews.com\\\/it\\\/\"},{\"@type\":\"ListItem\",\"position\":2,\"name\":\"Software per l&#8217;erogazione dei prestiti\",\"item\":\"https:\\\/\\\/www.accuratereviews.com\\\/it\\\/software-erogazione-prestiti\\\/\"},{\"@type\":\"ListItem\",\"position\":3,\"name\":\"Calms\"}]},{\"@type\":\"WebSite\",\"@id\":\"https:\\\/\\\/www.accuratereviews.com\\\/it\\\/#website\",\"url\":\"https:\\\/\\\/www.accuratereviews.com\\\/it\\\/\",\"name\":\"Accurate Reviews\",\"description\":\"\",\"potentialAction\":[{\"@type\":\"SearchAction\",\"target\":{\"@type\":\"EntryPoint\",\"urlTemplate\":\"https:\\\/\\\/www.accuratereviews.com\\\/it\\\/?s={search_term_string}\"},\"query-input\":{\"@type\":\"PropertyValueSpecification\",\"valueRequired\":true,\"valueName\":\"search_term_string\"}}],\"inLanguage\":\"it-IT\"}]}<\/script>\n<!-- \/ Yoast SEO plugin. -->","yoast_head_json":{"title":"Calms: recensione software erogazione prestiti - Accurate Reviews","description":"Calms: recensione software erogazione prestiti che consente agli istituti di credito di aiutare i clienti con decisioni rapide.","robots":{"index":"index","follow":"follow","max-snippet":"max-snippet:-1","max-image-preview":"max-image-preview:large","max-video-preview":"max-video-preview:-1"},"canonical":"https:\/\/www.accuratereviews.com\/it\/software-erogazione-prestiti\/calms-recensione\/","og_locale":"it_IT","og_type":"article","og_title":"Calms: recensione software erogazione prestiti - Accurate Reviews","og_description":"Calms: recensione software erogazione prestiti che consente agli istituti di credito di aiutare i clienti con decisioni rapide.","og_url":"https:\/\/www.accuratereviews.com\/it\/software-erogazione-prestiti\/calms-recensione\/","og_site_name":"Accurate Reviews","article_modified_time":"2021-05-11T10:24:27+00:00","og_image":[{"width":239,"height":260,"url":"https:\/\/www.accuratereviews.com\/wp-content\/uploads\/2021\/05\/White-Clarke-Group.jpg","type":"image\/jpeg"}],"twitter_card":"summary_large_image","twitter_misc":{"Tempo di lettura stimato":"3 minuti"},"schema":{"@context":"https:\/\/schema.org","@graph":[{"@type":"WebPage","@id":"https:\/\/www.accuratereviews.com\/it\/software-erogazione-prestiti\/calms-recensione\/","url":"https:\/\/www.accuratereviews.com\/it\/software-erogazione-prestiti\/calms-recensione\/","name":"Calms: recensione software erogazione prestiti - Accurate Reviews","isPartOf":{"@id":"https:\/\/www.accuratereviews.com\/it\/#website"},"primaryImageOfPage":{"@id":"https:\/\/www.accuratereviews.com\/it\/software-erogazione-prestiti\/calms-recensione\/#primaryimage"},"image":{"@id":"https:\/\/www.accuratereviews.com\/it\/software-erogazione-prestiti\/calms-recensione\/#primaryimage"},"thumbnailUrl":"https:\/\/www.accuratereviews.com\/wp-content\/uploads\/2021\/05\/White-Clarke-Group.jpg","datePublished":"2021-05-11T10:14:36+00:00","dateModified":"2021-05-11T10:24:27+00:00","description":"Calms: recensione software erogazione prestiti che consente agli istituti di credito di aiutare i clienti con decisioni rapide.","breadcrumb":{"@id":"https:\/\/www.accuratereviews.com\/it\/software-erogazione-prestiti\/calms-recensione\/#breadcrumb"},"inLanguage":"it-IT","potentialAction":[{"@type":"ReadAction","target":["https:\/\/www.accuratereviews.com\/it\/software-erogazione-prestiti\/calms-recensione\/"]}]},{"@type":"ImageObject","inLanguage":"it-IT","@id":"https:\/\/www.accuratereviews.com\/it\/software-erogazione-prestiti\/calms-recensione\/#primaryimage","url":"https:\/\/www.accuratereviews.com\/wp-content\/uploads\/2021\/05\/White-Clarke-Group.jpg","contentUrl":"https:\/\/www.accuratereviews.com\/wp-content\/uploads\/2021\/05\/White-Clarke-Group.jpg","width":239,"height":260},{"@type":"BreadcrumbList","@id":"https:\/\/www.accuratereviews.com\/it\/software-erogazione-prestiti\/calms-recensione\/#breadcrumb","itemListElement":[{"@type":"ListItem","position":1,"name":"Home","item":"https:\/\/www.accuratereviews.com\/it\/"},{"@type":"ListItem","position":2,"name":"Software per l&#8217;erogazione dei prestiti","item":"https:\/\/www.accuratereviews.com\/it\/software-erogazione-prestiti\/"},{"@type":"ListItem","position":3,"name":"Calms"}]},{"@type":"WebSite","@id":"https:\/\/www.accuratereviews.com\/it\/#website","url":"https:\/\/www.accuratereviews.com\/it\/","name":"Accurate Reviews","description":"","potentialAction":[{"@type":"SearchAction","target":{"@type":"EntryPoint","urlTemplate":"https:\/\/www.accuratereviews.com\/it\/?s={search_term_string}"},"query-input":{"@type":"PropertyValueSpecification","valueRequired":true,"valueName":"search_term_string"}}],"inLanguage":"it-IT"}]}},"_links":{"self":[{"href":"https:\/\/www.accuratereviews.com\/it\/wp-json\/wp\/v2\/pages\/42437","targetHints":{"allow":["GET"]}}],"collection":[{"href":"https:\/\/www.accuratereviews.com\/it\/wp-json\/wp\/v2\/pages"}],"about":[{"href":"https:\/\/www.accuratereviews.com\/it\/wp-json\/wp\/v2\/types\/page"}],"author":[{"embeddable":true,"href":"https:\/\/www.accuratereviews.com\/it\/wp-json\/wp\/v2\/users\/16"}],"replies":[{"embeddable":true,"href":"https:\/\/www.accuratereviews.com\/it\/wp-json\/wp\/v2\/comments?post=42437"}],"version-history":[{"count":12,"href":"https:\/\/www.accuratereviews.com\/it\/wp-json\/wp\/v2\/pages\/42437\/revisions"}],"predecessor-version":[{"id":42479,"href":"https:\/\/www.accuratereviews.com\/it\/wp-json\/wp\/v2\/pages\/42437\/revisions\/42479"}],"up":[{"embeddable":true,"href":"https:\/\/www.accuratereviews.com\/it\/wp-json\/wp\/v2\/pages\/41330"}],"wp:featuredmedia":[{"embeddable":true,"href":"https:\/\/www.accuratereviews.com\/it\/wp-json\/wp\/v2\/media\/42438"}],"wp:attachment":[{"href":"https:\/\/www.accuratereviews.com\/it\/wp-json\/wp\/v2\/media?parent=42437"}],"wp:term":[{"taxonomy":"category","embeddable":true,"href":"https:\/\/www.accuratereviews.com\/it\/wp-json\/wp\/v2\/categories?post=42437"},{"taxonomy":"post_tag","embeddable":true,"href":"https:\/\/www.accuratereviews.com\/it\/wp-json\/wp\/v2\/tags?post=42437"},{"taxonomy":"features","embeddable":true,"href":"https:\/\/www.accuratereviews.com\/it\/wp-json\/wp\/v2\/features?post=42437"}],"curies":[{"name":"wp","href":"https:\/\/api.w.org\/{rel}","templated":true}]}}