{"id":42485,"date":"2021-05-12T07:48:59","date_gmt":"2021-05-12T07:48:59","guid":{"rendered":"https:\/\/www.accuratereviews.com\/?page_id=42485"},"modified":"2021-05-13T12:52:54","modified_gmt":"2021-05-13T12:52:54","slug":"ncino-recensione","status":"publish","type":"page","link":"https:\/\/www.accuratereviews.com\/it\/software-erogazione-prestiti\/ncino-recensione\/","title":{"rendered":"nCino"},"content":{"rendered":"<p><strong>nCino<\/strong> \u00e8 una soluzione sicura basata su cloud che offre supporto nella <strong>creazione e gestione dei prestiti<\/strong> ai dipendenti e ai leader di banche, istituti di credito e finanziari. Oltre alle funzioni bancarie permette di migliorare la gestione delle relazioni con i clienti (CRM), l&#8217;onboarding dei clienti, l&#8217;apertura dei conti e dei conti di deposito, la gestione del flusso di lavoro, l&#8217;analisi del credito grazie a funzionalit\u00e0 di reporting istantaneo. Tutte queste caratteristiche sono raccolte in un&#8217;unica piattaforma che permette l&#8217;accesso in da qualsiasi dispositivo e in qualsiasi momento, garantendo nuove opportunit\u00e0 di redditivit\u00e0. <strong>nCino<\/strong> promuove infatti una maggiore efficienza rimuovendo l&#8217;immissione di dati duplicati, eliminando i file cartacei e aumentando la trasparenza e la collaborazione tra i dipendenti e le altre parti interessate della banca.<\/p>\n<h2>NCINO &#8211; TUTORIAL<\/h2>\n<div id=\"fluid-wrapper-counter-1\" class=\"g1-fluid-wrapper \" style=\"width:686px;\">\n<div style=\"padding-bottom:56.268221574344%;\"><iframe loading=\"lazy\" title=\"nCino Product Overview\" width=\"686\" height=\"386\" src=\"https:\/\/www.youtube.com\/embed\/AyBKbGtt27I?feature=oembed&amp;wmode=transparent&amp;autohide=1&amp;autoplay=0&amp;disablekb=0&amp;fs=1&amp;loop=0&amp;enablejsapi=1&amp;rel=0&amp;controls=2&amp;showinfo=0&amp;wmode=transparent&amp;autohide=2&amp;autoplay=0&amp;disablekb=0&amp;fs=1&amp;loop=0&amp;enablejsapi=1&amp;rel=0&amp;controls=2&amp;showinfo=1\" frameborder=\"0\" allow=\"accelerometer; autoplay; clipboard-write; encrypted-media; gyroscope; picture-in-picture\" allowfullscreen><\/iframe><\/div>\n<\/div>\n<h3>NCINO &#8211; CARATTERISTICHE<\/h3>\n<p>Ecco le principali caratteristiche di questo<strong> software per l&#8217;erogazione di prestiti<\/strong>:<\/p>\n<ul>\n<li>Sistema di creazione di prestiti commerciali<\/li>\n<li>Sistema di creazione di prestiti al dettaglio<\/li>\n<li>Gestione documenti<\/li>\n<li>Apertura del conto di deposito<\/li>\n<li>nIQ Intelligenza Artificiale<\/li>\n<li>Diffusione automatizzata<\/li>\n<li>Soluzione SBA<\/li>\n<li>Analisi\/spread del credito<\/li>\n<li>Analisi immobiliare commerciale<\/li>\n<li>Prestito agricolo<\/li>\n<li>ALLL\/CECL<\/li>\n<li>Amministrazione del prestito di costruzione<\/li>\n<li>Onboarding aziendale<\/li>\n<li>Decisione auto prestito<\/li>\n<li>Pro forma<\/li>\n<li>Applicazioni online<\/li>\n<li>Questionari<\/li>\n<li>Gestione delle relazioni con i clienti<\/li>\n<li>Portale clienti<\/li>\n<li>Rapporti e dashboard<\/li>\n<li>Conformit\u00e0<\/li>\n<li>Sindacazioni<\/li>\n<li>Nota di credito<\/li>\n<li>Alleanze<\/li>\n<li>Gestione delle garanzie<\/li>\n<li>Esposizione totale<\/li>\n<li>Brand Studio<\/li>\n<li>Mobilit\u00e0 aziendale<\/li>\n<li>Crittografia<\/li>\n<li>Pacchetto del prodotto<\/li>\n<li>Moduli<\/li>\n<\/ul>\n<h4>LE RECENSIONI DEGLI UTENTI<\/h4>\n<p><strong>Kyle M. &#8220;Intuitivo, ottimo supporto per la formazione&#8221;<\/strong><br \/>\nCOMMENTI: nCino \u00e8 stato molto pratico e di supporto con la nostra formazione sul prodotto, conducendo sessioni dal vivo e testandoci con compiti a casa. Formazione A ++.<br \/>\nPRO: semplifica la creazione di tabelle e grafici attraenti e informativi e fornisce anche gli strumenti per dare vita ai dati con analisi dettagliate, convalida dei dati e strumenti di completezza, ecc.<br \/>\nCONTRO: quando si lavora su una grande dashboard con un gruppo di componenti, sarebbe bello poter iterare rapidamente su un particolare elemento invece di dover ricaricare l&#8217;intera dashboard ogni volta che apporto una modifica.<\/p>\n<p><strong>Douglas M. &#8220;Infinite possibilit\u00e0 e continui miglioramenti&#8221;<\/strong><br \/>\nCOMMENTI: ho adorato nCino. Ero l&#8217;amministratore e l&#8217;utente quotidiano e ho sempre cercato nuovi modi di utilizzare nCino per migliorare alcuni dei nostri processi.<br \/>\nPRO: nCino \u00e8 uno strumento molto potente da usare. Ci sono infiniti modi per utilizzare il programma e puoi sempre trovare un modo per creare processi nuovi e senza soluzione di continuit\u00e0<br \/>\nCONTRO: nelle fasi iniziali, quando gli elementi dovevano essere personalizzati, alla fine dovevano essere rimossi e installare la loro versione pi\u00f9 recente per continuare a ricevere aggiornamenti.<\/p>\n<p><strong>&#8220;Ncino ha fornito la nostra nuova piattaforma di sottoscrizione&#8221;<\/strong><br \/>\nCOMMENTI: nel complesso Ncino sta migliorando le nostre capacit\u00e0 di sottoscrizione.<br \/>\nPRO: Ncino ha contribuito a integrare tutti i nostri sistemi in uno in cui tutti i sistemi alimentano questa nuova piattaforma di sottoscrizione. Ci \u00e8 voluta un po&#8217; di formazione, ma \u00e8 molto pi\u00f9 integrato e aiuta a ridurre il numero di programmi che dobbiamo aprire contemporaneamente.<br \/>\nCONTRO: c&#8217;\u00e8 un po&#8217; di formazione coinvolta e ci sono solo cos\u00ec tante funzionalit\u00e0 che possono essere integrate, ma nel complesso reclami minimi.<\/p>\n","protected":false},"excerpt":{"rendered":"<p>nCino \u00e8 una soluzione sicura basata su cloud che offre supporto nella creazione e gestione dei prestiti ai dipendenti e ai leader di banche, istituti di credito e finanziari. Oltre alle funzioni bancarie permette di migliorare la gestione delle relazioni con i clienti (CRM), l&#8217;onboarding dei clienti, l&#8217;apertura dei conti e dei conti di deposito, la gestione del flusso di lavoro, l&#8217;analisi del credito grazie a funzionalit\u00e0 di reporting istantaneo.<\/p>\n","protected":false},"author":17,"featured_media":42498,"parent":41330,"menu_order":0,"comment_status":"open","ping_status":"closed","template":"g1_template_page_review_new.php","meta":{"_acf_changed":false,"cwp_meta_box_check":"No","cwp_rev_product_name":"","cwp_rev_product_image":"","wppr_links":[],"cwp_rev_price":"","wppr_options":[],"wppr_pros":[],"wppr_cons":[],"_monsterinsights_skip_tracking":false,"_monsterinsights_sitenote_active":false,"_monsterinsights_sitenote_note":"","_monsterinsights_sitenote_category":0,"footnotes":""},"categories":[5815],"tags":[5819,5901,5840,5823,5821,5822],"features":[],"class_list":{"0":"post-42485","1":"page","2":"type-page","3":"status-publish","4":"has-post-thumbnail","6":"category-software-per-erogazione-prestiti-categoria","7":"tag-erogazione-prestito","8":"tag-gestionale-prestiti","9":"tag-piattaforma-erogazione-prestiti","10":"tag-programma-erogazione-prestito","11":"tag-software-prestito","12":"tag-soluzione-erogazione-prestito"},"wppr_data":{"cwp_meta_box_check":"No"},"acf":[],"yoast_head":"<!-- This site is optimized with the Yoast SEO plugin v27.4 - https:\/\/yoast.com\/product\/yoast-seo-wordpress\/ -->\n<title>nCino: recensione software erogazione prestito - Accurate Reviews<\/title>\n<meta name=\"description\" content=\"nCino: recensione del software che offre supporto nella creazione e gestione dei prestiti a banche, istituti di credito e finanziari.\" \/>\n<meta name=\"robots\" content=\"index, follow, max-snippet:-1, max-image-preview:large, max-video-preview:-1\" \/>\n<link rel=\"canonical\" href=\"https:\/\/www.accuratereviews.com\/it\/software-erogazione-prestiti\/ncino-recensione\/\" \/>\n<meta property=\"og:locale\" content=\"it_IT\" \/>\n<meta property=\"og:type\" content=\"article\" \/>\n<meta property=\"og:title\" content=\"nCino: recensione software erogazione prestito - Accurate Reviews\" \/>\n<meta property=\"og:description\" content=\"nCino: recensione del software che offre supporto nella creazione e gestione dei prestiti a banche, istituti di credito e finanziari.\" \/>\n<meta property=\"og:url\" content=\"https:\/\/www.accuratereviews.com\/it\/software-erogazione-prestiti\/ncino-recensione\/\" \/>\n<meta property=\"og:site_name\" content=\"Accurate Reviews\" \/>\n<meta property=\"article:modified_time\" content=\"2021-05-13T12:52:54+00:00\" \/>\n<meta property=\"og:image\" content=\"https:\/\/www.accuratereviews.com\/wp-content\/uploads\/2021\/05\/ncino-logo-1.png\" \/>\n\t<meta property=\"og:image:width\" content=\"1234\" \/>\n\t<meta property=\"og:image:height\" content=\"422\" \/>\n\t<meta property=\"og:image:type\" content=\"image\/png\" \/>\n<meta name=\"twitter:card\" content=\"summary_large_image\" \/>\n<meta name=\"twitter:label1\" content=\"Tempo di lettura stimato\" \/>\n\t<meta name=\"twitter:data1\" content=\"3 minuti\" \/>\n<script type=\"application\/ld+json\" class=\"yoast-schema-graph\">{\"@context\":\"https:\\\/\\\/schema.org\",\"@graph\":[{\"@type\":\"WebPage\",\"@id\":\"https:\\\/\\\/www.accuratereviews.com\\\/it\\\/software-erogazione-prestiti\\\/ncino-recensione\\\/\",\"url\":\"https:\\\/\\\/www.accuratereviews.com\\\/it\\\/software-erogazione-prestiti\\\/ncino-recensione\\\/\",\"name\":\"nCino: recensione software erogazione prestito - Accurate Reviews\",\"isPartOf\":{\"@id\":\"https:\\\/\\\/www.accuratereviews.com\\\/it\\\/#website\"},\"primaryImageOfPage\":{\"@id\":\"https:\\\/\\\/www.accuratereviews.com\\\/it\\\/software-erogazione-prestiti\\\/ncino-recensione\\\/#primaryimage\"},\"image\":{\"@id\":\"https:\\\/\\\/www.accuratereviews.com\\\/it\\\/software-erogazione-prestiti\\\/ncino-recensione\\\/#primaryimage\"},\"thumbnailUrl\":\"https:\\\/\\\/www.accuratereviews.com\\\/wp-content\\\/uploads\\\/2021\\\/05\\\/ncino-logo-1.png\",\"datePublished\":\"2021-05-12T07:48:59+00:00\",\"dateModified\":\"2021-05-13T12:52:54+00:00\",\"description\":\"nCino: recensione del software che offre supporto nella creazione e gestione dei prestiti a banche, istituti di credito e finanziari.\",\"breadcrumb\":{\"@id\":\"https:\\\/\\\/www.accuratereviews.com\\\/it\\\/software-erogazione-prestiti\\\/ncino-recensione\\\/#breadcrumb\"},\"inLanguage\":\"it-IT\",\"potentialAction\":[{\"@type\":\"ReadAction\",\"target\":[\"https:\\\/\\\/www.accuratereviews.com\\\/it\\\/software-erogazione-prestiti\\\/ncino-recensione\\\/\"]}]},{\"@type\":\"ImageObject\",\"inLanguage\":\"it-IT\",\"@id\":\"https:\\\/\\\/www.accuratereviews.com\\\/it\\\/software-erogazione-prestiti\\\/ncino-recensione\\\/#primaryimage\",\"url\":\"https:\\\/\\\/www.accuratereviews.com\\\/wp-content\\\/uploads\\\/2021\\\/05\\\/ncino-logo-1.png\",\"contentUrl\":\"https:\\\/\\\/www.accuratereviews.com\\\/wp-content\\\/uploads\\\/2021\\\/05\\\/ncino-logo-1.png\",\"width\":1234,\"height\":422},{\"@type\":\"BreadcrumbList\",\"@id\":\"https:\\\/\\\/www.accuratereviews.com\\\/it\\\/software-erogazione-prestiti\\\/ncino-recensione\\\/#breadcrumb\",\"itemListElement\":[{\"@type\":\"ListItem\",\"position\":1,\"name\":\"Home\",\"item\":\"https:\\\/\\\/www.accuratereviews.com\\\/it\\\/\"},{\"@type\":\"ListItem\",\"position\":2,\"name\":\"Software per l&#8217;erogazione dei prestiti\",\"item\":\"https:\\\/\\\/www.accuratereviews.com\\\/it\\\/software-erogazione-prestiti\\\/\"},{\"@type\":\"ListItem\",\"position\":3,\"name\":\"nCino\"}]},{\"@type\":\"WebSite\",\"@id\":\"https:\\\/\\\/www.accuratereviews.com\\\/it\\\/#website\",\"url\":\"https:\\\/\\\/www.accuratereviews.com\\\/it\\\/\",\"name\":\"Accurate Reviews\",\"description\":\"\",\"potentialAction\":[{\"@type\":\"SearchAction\",\"target\":{\"@type\":\"EntryPoint\",\"urlTemplate\":\"https:\\\/\\\/www.accuratereviews.com\\\/it\\\/?s={search_term_string}\"},\"query-input\":{\"@type\":\"PropertyValueSpecification\",\"valueRequired\":true,\"valueName\":\"search_term_string\"}}],\"inLanguage\":\"it-IT\"}]}<\/script>\n<!-- \/ Yoast SEO plugin. -->","yoast_head_json":{"title":"nCino: recensione software erogazione prestito - Accurate Reviews","description":"nCino: recensione del software che offre supporto nella creazione e gestione dei prestiti a banche, istituti di credito e finanziari.","robots":{"index":"index","follow":"follow","max-snippet":"max-snippet:-1","max-image-preview":"max-image-preview:large","max-video-preview":"max-video-preview:-1"},"canonical":"https:\/\/www.accuratereviews.com\/it\/software-erogazione-prestiti\/ncino-recensione\/","og_locale":"it_IT","og_type":"article","og_title":"nCino: recensione software erogazione prestito - Accurate Reviews","og_description":"nCino: recensione del software che offre supporto nella creazione e gestione dei prestiti a banche, istituti di credito e finanziari.","og_url":"https:\/\/www.accuratereviews.com\/it\/software-erogazione-prestiti\/ncino-recensione\/","og_site_name":"Accurate Reviews","article_modified_time":"2021-05-13T12:52:54+00:00","og_image":[{"width":1234,"height":422,"url":"https:\/\/www.accuratereviews.com\/wp-content\/uploads\/2021\/05\/ncino-logo-1.png","type":"image\/png"}],"twitter_card":"summary_large_image","twitter_misc":{"Tempo di lettura stimato":"3 minuti"},"schema":{"@context":"https:\/\/schema.org","@graph":[{"@type":"WebPage","@id":"https:\/\/www.accuratereviews.com\/it\/software-erogazione-prestiti\/ncino-recensione\/","url":"https:\/\/www.accuratereviews.com\/it\/software-erogazione-prestiti\/ncino-recensione\/","name":"nCino: recensione software erogazione prestito - Accurate Reviews","isPartOf":{"@id":"https:\/\/www.accuratereviews.com\/it\/#website"},"primaryImageOfPage":{"@id":"https:\/\/www.accuratereviews.com\/it\/software-erogazione-prestiti\/ncino-recensione\/#primaryimage"},"image":{"@id":"https:\/\/www.accuratereviews.com\/it\/software-erogazione-prestiti\/ncino-recensione\/#primaryimage"},"thumbnailUrl":"https:\/\/www.accuratereviews.com\/wp-content\/uploads\/2021\/05\/ncino-logo-1.png","datePublished":"2021-05-12T07:48:59+00:00","dateModified":"2021-05-13T12:52:54+00:00","description":"nCino: recensione del software che offre supporto nella creazione e gestione dei prestiti a banche, istituti di credito e finanziari.","breadcrumb":{"@id":"https:\/\/www.accuratereviews.com\/it\/software-erogazione-prestiti\/ncino-recensione\/#breadcrumb"},"inLanguage":"it-IT","potentialAction":[{"@type":"ReadAction","target":["https:\/\/www.accuratereviews.com\/it\/software-erogazione-prestiti\/ncino-recensione\/"]}]},{"@type":"ImageObject","inLanguage":"it-IT","@id":"https:\/\/www.accuratereviews.com\/it\/software-erogazione-prestiti\/ncino-recensione\/#primaryimage","url":"https:\/\/www.accuratereviews.com\/wp-content\/uploads\/2021\/05\/ncino-logo-1.png","contentUrl":"https:\/\/www.accuratereviews.com\/wp-content\/uploads\/2021\/05\/ncino-logo-1.png","width":1234,"height":422},{"@type":"BreadcrumbList","@id":"https:\/\/www.accuratereviews.com\/it\/software-erogazione-prestiti\/ncino-recensione\/#breadcrumb","itemListElement":[{"@type":"ListItem","position":1,"name":"Home","item":"https:\/\/www.accuratereviews.com\/it\/"},{"@type":"ListItem","position":2,"name":"Software per l&#8217;erogazione dei prestiti","item":"https:\/\/www.accuratereviews.com\/it\/software-erogazione-prestiti\/"},{"@type":"ListItem","position":3,"name":"nCino"}]},{"@type":"WebSite","@id":"https:\/\/www.accuratereviews.com\/it\/#website","url":"https:\/\/www.accuratereviews.com\/it\/","name":"Accurate Reviews","description":"","potentialAction":[{"@type":"SearchAction","target":{"@type":"EntryPoint","urlTemplate":"https:\/\/www.accuratereviews.com\/it\/?s={search_term_string}"},"query-input":{"@type":"PropertyValueSpecification","valueRequired":true,"valueName":"search_term_string"}}],"inLanguage":"it-IT"}]}},"_links":{"self":[{"href":"https:\/\/www.accuratereviews.com\/it\/wp-json\/wp\/v2\/pages\/42485","targetHints":{"allow":["GET"]}}],"collection":[{"href":"https:\/\/www.accuratereviews.com\/it\/wp-json\/wp\/v2\/pages"}],"about":[{"href":"https:\/\/www.accuratereviews.com\/it\/wp-json\/wp\/v2\/types\/page"}],"author":[{"embeddable":true,"href":"https:\/\/www.accuratereviews.com\/it\/wp-json\/wp\/v2\/users\/17"}],"replies":[{"embeddable":true,"href":"https:\/\/www.accuratereviews.com\/it\/wp-json\/wp\/v2\/comments?post=42485"}],"version-history":[{"count":5,"href":"https:\/\/www.accuratereviews.com\/it\/wp-json\/wp\/v2\/pages\/42485\/revisions"}],"predecessor-version":[{"id":42622,"href":"https:\/\/www.accuratereviews.com\/it\/wp-json\/wp\/v2\/pages\/42485\/revisions\/42622"}],"up":[{"embeddable":true,"href":"https:\/\/www.accuratereviews.com\/it\/wp-json\/wp\/v2\/pages\/41330"}],"wp:featuredmedia":[{"embeddable":true,"href":"https:\/\/www.accuratereviews.com\/it\/wp-json\/wp\/v2\/media\/42498"}],"wp:attachment":[{"href":"https:\/\/www.accuratereviews.com\/it\/wp-json\/wp\/v2\/media?parent=42485"}],"wp:term":[{"taxonomy":"category","embeddable":true,"href":"https:\/\/www.accuratereviews.com\/it\/wp-json\/wp\/v2\/categories?post=42485"},{"taxonomy":"post_tag","embeddable":true,"href":"https:\/\/www.accuratereviews.com\/it\/wp-json\/wp\/v2\/tags?post=42485"},{"taxonomy":"features","embeddable":true,"href":"https:\/\/www.accuratereviews.com\/it\/wp-json\/wp\/v2\/features?post=42485"}],"curies":[{"name":"wp","href":"https:\/\/api.w.org\/{rel}","templated":true}]}}