{"id":42504,"date":"2021-05-12T10:44:19","date_gmt":"2021-05-12T10:44:19","guid":{"rendered":"https:\/\/www.accuratereviews.com\/?page_id=42504"},"modified":"2021-05-12T10:44:19","modified_gmt":"2021-05-12T10:44:19","slug":"lendstream-recensione","status":"publish","type":"page","link":"https:\/\/www.accuratereviews.com\/it\/software-erogazione-prestiti\/lendstream-recensione\/","title":{"rendered":"Lendstream"},"content":{"rendered":"<p><strong>Lendstream<\/strong> \u00e8 una <strong>piattaforma di creazione e assistenza di prestiti<\/strong> basata su <strong>cloud<\/strong> per la gestione delle relazioni con i clienti e per il recupero dei crediti. Le caratteristiche principali includono generazione di lead, corrispondenza di prodotti e tassi di interesse, gestione dei documenti, assistenza sul portafoglio degli investitori, reportistica e analisi. Il software consente agli istituti di credito di gestire i lead da pi\u00f9 fonti, analizzare i profili dei mutuatari per la pre-approvazione, mantenere la documentazione di conformit\u00e0, automatizzare la riscossione dei pagamenti e programmare elenchi di attivit\u00e0 per ogni dipendente. I manager possono classificare i mutuatari, conservare i record delle comunicazioni, preparare sondaggi e raccogliere il feedback dei clienti. Inoltre, i supervisori possono creare e assegnare attivit\u00e0 ai dipendenti, misurare le prestazioni e tenere traccia delle scadenze. I team possono raccogliere e archiviare i documenti in un database centralizzato e gestire modelli per accordi, sms ed email.<\/p>\n<h2><a href=\"https:\/\/www.accuratereviews.com\/wp-content\/uploads\/2021\/05\/Schermata-2021-05-12-alle-10.08.14.png\"><img loading=\"lazy\" decoding=\"async\" class=\"alignnone size-full wp-image-42527\" src=\"https:\/\/www.accuratereviews.com\/wp-content\/uploads\/2021\/05\/Schermata-2021-05-12-alle-10.08.14.png\" alt=\"\" width=\"1340\" height=\"1376\" srcset=\"https:\/\/www.accuratereviews.com\/wp-content\/uploads\/2021\/05\/Schermata-2021-05-12-alle-10.08.14.png 1340w, https:\/\/www.accuratereviews.com\/wp-content\/uploads\/2021\/05\/Schermata-2021-05-12-alle-10.08.14-292x300.png 292w, https:\/\/www.accuratereviews.com\/wp-content\/uploads\/2021\/05\/Schermata-2021-05-12-alle-10.08.14-997x1024.png 997w, https:\/\/www.accuratereviews.com\/wp-content\/uploads\/2021\/05\/Schermata-2021-05-12-alle-10.08.14-768x789.png 768w, https:\/\/www.accuratereviews.com\/wp-content\/uploads\/2021\/05\/Schermata-2021-05-12-alle-10.08.14-122x125.png 122w, https:\/\/www.accuratereviews.com\/wp-content\/uploads\/2021\/05\/Schermata-2021-05-12-alle-10.08.14-50x50.png 50w, https:\/\/www.accuratereviews.com\/wp-content\/uploads\/2021\/05\/Schermata-2021-05-12-alle-10.08.14-968x994.png 968w, https:\/\/www.accuratereviews.com\/wp-content\/uploads\/2021\/05\/Schermata-2021-05-12-alle-10.08.14-636x653.png 636w, https:\/\/www.accuratereviews.com\/wp-content\/uploads\/2021\/05\/Schermata-2021-05-12-alle-10.08.14-320x329.png 320w, https:\/\/www.accuratereviews.com\/wp-content\/uploads\/2021\/05\/Schermata-2021-05-12-alle-10.08.14-239x245.png 239w, https:\/\/www.accuratereviews.com\/wp-content\/uploads\/2021\/05\/Schermata-2021-05-12-alle-10.08.14-55x55.png 55w\" sizes=\"auto, (max-width: 1340px) 100vw, 1340px\" \/><\/a><\/h2>\n<h2><strong>LENDSTREAM<\/strong>\u00a0&#8211; CARATTERISTICHE<\/h2>\n<ul>\n<li><strong>Integrazioni e API:<\/strong> l&#8217;approccio API consente di connettere i dati di terze parti o i fornitori di servizi di cui hai bisogno: portali principali, open banking o gateway di pagamento e cos\u00ec via<\/li>\n<li><strong>Multi-Tenancy<\/strong>: diverse entit\u00e0 aziendali possono utilizzare un sistema integrato facile da implementare e\/o migrare da software legacy<\/li>\n<li><strong>Flussi di lavoro automatizzati<\/strong>: un motore di flusso di lavoro personalizzabile supporta i processi aziendali, controlla l&#8217;esecuzione e riduce il time-to-cash<\/li>\n<li><strong>CRM e comunicazioni<\/strong>: i dettagli del cliente e le informazioni di contatto vengono salvati nel CRM, consentendo una comunicazione trasparente tramite telefono, sms o email<\/li>\n<li><strong>Sicurezza:<\/strong> la gestione degli accessi basata sui ruoli garantisce che gli utenti abbiano accesso solo ai moduli e ai file di cui hanno bisogno<\/li>\n<li><strong>Scalabilit\u00e0<\/strong>: il sistema supporta pi\u00f9 prodotti, processi aziendali e posizioni, rendendolo facilmente scalabile. Installato su cloud o in locale<\/li>\n<li><strong>Analisi<\/strong>: utilizza l&#8217;apprendimento automatico per analizzare le tendenze. Oltre 100 report predefiniti e i KPI pi\u00f9 importanti sullo schermo<\/li>\n<li><strong>Risorse umane e contabilit\u00e0:<\/strong> schede attivit\u00e0 e scorecard integrate. Funzionalit\u00e0 di gestione dell&#8217;account per l&#8217;immissione affidabile dei dati sui pagamenti di prestiti e altre transazioni commerciali<\/li>\n<li><strong>Gestione dei documenti integrata<\/strong>: i\u00a0documenti e gli accordi di prestito possono essere preparati, inviati e tracciati sulla piattaforma e firmati elettronicamente.<\/li>\n<\/ul>\n<h3>LE RECENSIONI DEGLI UTENTI<\/h3>\n<p class=\"font-weight-bold mb-1 d-flex align-items-center\"><strong>Anita Z.&#8221;Software intuitivo&#8221;<\/strong><\/p>\n<p><strong>Commenti: <\/strong>Dalla mia esperienza \u00e8 un software facile da usare che pu\u00f2 essere padroneggiato rapidamente e pu\u00f2 supportare molto bene sia la creazione di prestiti, il servizio di prestito e altro ancora. Sulla base dei dati disponibili, pu\u00f2 essere utilizzato per generare un&#8217;ampia variet\u00e0 di report diversi sul database dei clienti esistenti e sulle tendenze generali. Devo dire che mi mancano le volte in cui usavo questo software al lavoro.<\/p>\n<p><strong>Pro: <\/strong>Ho utilizzato questo software nel mio precedente posto di lavoro per la creazione di mutui ipotecari. Dopo che i dati del cliente sono stati inseriti nel sistema, il software ha creato la sua conclusione e le analisi in base ai criteri e ai requisiti forniti nel sistema. Il programma ha fornito immediatamente i risultati per la conformit\u00e0 ai criteri di prestito richiesti ed \u00e8 stato in grado di generare diversi tipi di rapporti per vari periodi di tempo che erano chiari da capire, le informazioni su di essi erano facili da seguire. Inoltre, ogni utente poteva avere accesso a diversi rapporti a seconda del proprio ruolo lavorativo e i rapporti erano disponibili in diversi formati (pdf, excel) e in diverse lingue (io usavo inglese, lettone, russo). L&#8217;azienda potrebbe chiedere agli amministratori del software di modificare i criteri impostati in base alle esigenze aziendali. Questo software \u00e8 stato utilizzato anche per la costituzione in pegno del portafoglio di prestiti.<\/p>\n<p><strong>Contro: <\/strong>C&#8217;era tempo per inserire tutti i criteri richiesti, ma come utente non ho avuto difficolt\u00e0, perch\u00e9 le informazioni inserite potevano essere salvate anche se l&#8217;applicazione non era completamente terminata e ci si poteva tornare in qualsiasi momento. Credo che la sfida pi\u00f9 grande sia decidere quali dati raccogliere, ma la cosa buona \u00e8 che il software consente di integrare i criteri e le informazioni quando richiesto, solo che non posso commentare la parte amministrativa di quanto sia facile, so solo che tutto ci\u00f2 che era richiesto \u00e8 stato fatto.<\/p>\n<p class=\"font-weight-bold mb-1 d-flex align-items-center\"><strong>William S.&#8221;Recensione di Lendstream di DMC&#8221;<\/strong><\/p>\n<p><strong>Commenti: <\/strong>Molto soddisfatto, la tecnologia avanzata e le persone gentili, migliorano continuamente il nostro ambiente.<\/p>\n<p><strong>Pro: <\/strong>Il software consente un eccellente servizio clienti poich\u00e9 i dati vitali dei clienti vengono acquisiti e calcolati in tempo reale migliorando l&#8217;esperienza del cliente e riducendo i tempi di ciclo e facendoci risparmiare un sacco di soldi.<\/p>\n<p><strong>Contro: <\/strong>Il sistema centrale \u00e8 molto dettagliato con tabelle e regole che richiedono materiali di riferimento.<\/p>\n<p class=\"font-weight-bold mb-1 d-flex align-items-center\"><strong>Jonas G.&#8221;Ottimo prodotto per la creazione di prestiti&#8221;<\/strong><\/p>\n<p><strong>Commenti: <\/strong>Ottimo programma e ottimo team di sviluppo e supporto!<\/p>\n<p><strong>Vantaggi: <\/strong>Sono stato uno dei primi utenti di Lendstream e allo stesso tempo sono stato come un intermediario tra gli utenti del sistema di gestione aziendale e il team di sviluppo. Molti anni dopo posso affermare con certezza che tutte le nuove funzionalit\u00e0 e moduli sono stati aggiunti al sistema in risposta alle reali esigenze di personale di front e back-office, mutuatari, affiliati e investitori. Ogni casella di spunta, pulsante, riga o colonna \u00e8 stata aggiunta dopo molti S\u00cc da utenti diversi. Lendstream \u00e8 il vero software di produzione. Grande squadra che supporta il prodotto.<\/p>\n<p><strong>Inconvenienti: <\/strong>Complessit\u00e0, ma d&#8217;altra parte l&#8217;attivit\u00e0 di prestito non \u00e8 banale, ma una volta che il sistema \u00e8 impostato funziona molto bene.<\/p>\n<p>&nbsp;<\/p>\n","protected":false},"excerpt":{"rendered":"<p>Lendstream \u00e8 una piattaforma di creazione e assistenza di prestiti basata su cloud\u00a0per la gestione delle relazioni con i clienti e nel recupero dei crediti. Le caratteristiche principali includono generazione di lead, corrispondenza di prodotti e tassi di interesse, gestione dei documenti, assistenza sul portafoglio degli investitori, reportistica e analisi.\u00a0<\/p>\n","protected":false},"author":16,"featured_media":42505,"parent":41330,"menu_order":0,"comment_status":"open","ping_status":"closed","template":"g1_template_page_review_new.php","meta":{"_acf_changed":false,"cwp_meta_box_check":"Yes","cwp_rev_product_name":"","cwp_rev_product_image":"","wppr_links":[],"cwp_rev_price":"","wppr_options":[],"wppr_pros":[],"wppr_cons":[],"_monsterinsights_skip_tracking":false,"_monsterinsights_sitenote_active":false,"_monsterinsights_sitenote_note":"","_monsterinsights_sitenote_category":0,"footnotes":""},"categories":[5815],"tags":[396,5933,5840,5839,5837,5838],"features":[],"class_list":{"0":"post-42504","1":"page","2":"type-page","3":"status-publish","4":"has-post-thumbnail","6":"category-software-per-erogazione-prestiti-categoria","7":"tag-cloud","8":"tag-lendstream","9":"tag-piattaforma-erogazione-prestiti","10":"tag-programma-erogazione-prestiti","11":"tag-software-erogazione-prestiti","12":"tag-soluzione-erogazione-prestiti"},"wppr_data":{"cwp_meta_box_check":"Yes","cwp_rev_product_name":"","cwp_rev_product_image":"","cwp_image_link":"image","cwp_rev_price":"","wppr_rating":"0.00"},"acf":[],"yoast_head":"<!-- This site is optimized with the Yoast SEO plugin v27.4 - https:\/\/yoast.com\/product\/yoast-seo-wordpress\/ -->\n<title>Lendstream: recensione software erogazione prestiti - Accurate Reviews<\/title>\n<meta name=\"description\" content=\"Lendstream: recensione piattaforma di creazione e assistenza di prestiti basata su cloud\u00a0per la gestione delle relazioni con i clienti.\" \/>\n<meta name=\"robots\" content=\"index, follow, max-snippet:-1, max-image-preview:large, max-video-preview:-1\" \/>\n<link rel=\"canonical\" href=\"https:\/\/www.accuratereviews.com\/it\/software-erogazione-prestiti\/lendstream-recensione\/\" \/>\n<meta property=\"og:locale\" content=\"it_IT\" \/>\n<meta property=\"og:type\" content=\"article\" \/>\n<meta property=\"og:title\" content=\"Lendstream: recensione software erogazione prestiti - Accurate Reviews\" \/>\n<meta property=\"og:description\" content=\"Lendstream: recensione piattaforma di creazione e assistenza di prestiti basata su cloud\u00a0per la gestione delle relazioni con i clienti.\" \/>\n<meta property=\"og:url\" content=\"https:\/\/www.accuratereviews.com\/it\/software-erogazione-prestiti\/lendstream-recensione\/\" \/>\n<meta property=\"og:site_name\" content=\"Accurate Reviews\" \/>\n<meta property=\"og:image\" content=\"https:\/\/www.accuratereviews.com\/wp-content\/uploads\/2021\/05\/lendstream.png\" \/>\n\t<meta property=\"og:image:width\" content=\"374\" \/>\n\t<meta property=\"og:image:height\" content=\"209\" \/>\n\t<meta property=\"og:image:type\" content=\"image\/png\" \/>\n<meta name=\"twitter:card\" content=\"summary_large_image\" \/>\n<meta name=\"twitter:label1\" content=\"Tempo di lettura stimato\" \/>\n\t<meta name=\"twitter:data1\" content=\"5 minuti\" \/>\n<script type=\"application\/ld+json\" class=\"yoast-schema-graph\">{\"@context\":\"https:\\\/\\\/schema.org\",\"@graph\":[{\"@type\":\"WebPage\",\"@id\":\"https:\\\/\\\/www.accuratereviews.com\\\/it\\\/software-erogazione-prestiti\\\/lendstream-recensione\\\/\",\"url\":\"https:\\\/\\\/www.accuratereviews.com\\\/it\\\/software-erogazione-prestiti\\\/lendstream-recensione\\\/\",\"name\":\"Lendstream: recensione software erogazione prestiti - Accurate Reviews\",\"isPartOf\":{\"@id\":\"https:\\\/\\\/www.accuratereviews.com\\\/it\\\/#website\"},\"primaryImageOfPage\":{\"@id\":\"https:\\\/\\\/www.accuratereviews.com\\\/it\\\/software-erogazione-prestiti\\\/lendstream-recensione\\\/#primaryimage\"},\"image\":{\"@id\":\"https:\\\/\\\/www.accuratereviews.com\\\/it\\\/software-erogazione-prestiti\\\/lendstream-recensione\\\/#primaryimage\"},\"thumbnailUrl\":\"https:\\\/\\\/www.accuratereviews.com\\\/wp-content\\\/uploads\\\/2021\\\/05\\\/lendstream.png\",\"datePublished\":\"2021-05-12T10:44:19+00:00\",\"description\":\"Lendstream: recensione piattaforma di creazione e assistenza di prestiti basata su cloud\u00a0per la gestione delle relazioni con i clienti.\",\"breadcrumb\":{\"@id\":\"https:\\\/\\\/www.accuratereviews.com\\\/it\\\/software-erogazione-prestiti\\\/lendstream-recensione\\\/#breadcrumb\"},\"inLanguage\":\"it-IT\",\"potentialAction\":[{\"@type\":\"ReadAction\",\"target\":[\"https:\\\/\\\/www.accuratereviews.com\\\/it\\\/software-erogazione-prestiti\\\/lendstream-recensione\\\/\"]}]},{\"@type\":\"ImageObject\",\"inLanguage\":\"it-IT\",\"@id\":\"https:\\\/\\\/www.accuratereviews.com\\\/it\\\/software-erogazione-prestiti\\\/lendstream-recensione\\\/#primaryimage\",\"url\":\"https:\\\/\\\/www.accuratereviews.com\\\/wp-content\\\/uploads\\\/2021\\\/05\\\/lendstream.png\",\"contentUrl\":\"https:\\\/\\\/www.accuratereviews.com\\\/wp-content\\\/uploads\\\/2021\\\/05\\\/lendstream.png\",\"width\":374,\"height\":209},{\"@type\":\"BreadcrumbList\",\"@id\":\"https:\\\/\\\/www.accuratereviews.com\\\/it\\\/software-erogazione-prestiti\\\/lendstream-recensione\\\/#breadcrumb\",\"itemListElement\":[{\"@type\":\"ListItem\",\"position\":1,\"name\":\"Home\",\"item\":\"https:\\\/\\\/www.accuratereviews.com\\\/it\\\/\"},{\"@type\":\"ListItem\",\"position\":2,\"name\":\"Software per l&#8217;erogazione dei prestiti\",\"item\":\"https:\\\/\\\/www.accuratereviews.com\\\/it\\\/software-erogazione-prestiti\\\/\"},{\"@type\":\"ListItem\",\"position\":3,\"name\":\"Lendstream\"}]},{\"@type\":\"WebSite\",\"@id\":\"https:\\\/\\\/www.accuratereviews.com\\\/it\\\/#website\",\"url\":\"https:\\\/\\\/www.accuratereviews.com\\\/it\\\/\",\"name\":\"Accurate Reviews\",\"description\":\"\",\"potentialAction\":[{\"@type\":\"SearchAction\",\"target\":{\"@type\":\"EntryPoint\",\"urlTemplate\":\"https:\\\/\\\/www.accuratereviews.com\\\/it\\\/?s={search_term_string}\"},\"query-input\":{\"@type\":\"PropertyValueSpecification\",\"valueRequired\":true,\"valueName\":\"search_term_string\"}}],\"inLanguage\":\"it-IT\"}]}<\/script>\n<!-- \/ Yoast SEO plugin. -->","yoast_head_json":{"title":"Lendstream: recensione software erogazione prestiti - Accurate Reviews","description":"Lendstream: recensione piattaforma di creazione e assistenza di prestiti basata su cloud\u00a0per la gestione delle relazioni con i clienti.","robots":{"index":"index","follow":"follow","max-snippet":"max-snippet:-1","max-image-preview":"max-image-preview:large","max-video-preview":"max-video-preview:-1"},"canonical":"https:\/\/www.accuratereviews.com\/it\/software-erogazione-prestiti\/lendstream-recensione\/","og_locale":"it_IT","og_type":"article","og_title":"Lendstream: recensione software erogazione prestiti - Accurate Reviews","og_description":"Lendstream: recensione piattaforma di creazione e assistenza di prestiti basata su cloud\u00a0per la gestione delle relazioni con i clienti.","og_url":"https:\/\/www.accuratereviews.com\/it\/software-erogazione-prestiti\/lendstream-recensione\/","og_site_name":"Accurate Reviews","og_image":[{"width":374,"height":209,"url":"https:\/\/www.accuratereviews.com\/wp-content\/uploads\/2021\/05\/lendstream.png","type":"image\/png"}],"twitter_card":"summary_large_image","twitter_misc":{"Tempo di lettura stimato":"5 minuti"},"schema":{"@context":"https:\/\/schema.org","@graph":[{"@type":"WebPage","@id":"https:\/\/www.accuratereviews.com\/it\/software-erogazione-prestiti\/lendstream-recensione\/","url":"https:\/\/www.accuratereviews.com\/it\/software-erogazione-prestiti\/lendstream-recensione\/","name":"Lendstream: recensione software erogazione prestiti - Accurate Reviews","isPartOf":{"@id":"https:\/\/www.accuratereviews.com\/it\/#website"},"primaryImageOfPage":{"@id":"https:\/\/www.accuratereviews.com\/it\/software-erogazione-prestiti\/lendstream-recensione\/#primaryimage"},"image":{"@id":"https:\/\/www.accuratereviews.com\/it\/software-erogazione-prestiti\/lendstream-recensione\/#primaryimage"},"thumbnailUrl":"https:\/\/www.accuratereviews.com\/wp-content\/uploads\/2021\/05\/lendstream.png","datePublished":"2021-05-12T10:44:19+00:00","description":"Lendstream: recensione piattaforma di creazione e assistenza di prestiti basata su cloud\u00a0per la gestione delle relazioni con i clienti.","breadcrumb":{"@id":"https:\/\/www.accuratereviews.com\/it\/software-erogazione-prestiti\/lendstream-recensione\/#breadcrumb"},"inLanguage":"it-IT","potentialAction":[{"@type":"ReadAction","target":["https:\/\/www.accuratereviews.com\/it\/software-erogazione-prestiti\/lendstream-recensione\/"]}]},{"@type":"ImageObject","inLanguage":"it-IT","@id":"https:\/\/www.accuratereviews.com\/it\/software-erogazione-prestiti\/lendstream-recensione\/#primaryimage","url":"https:\/\/www.accuratereviews.com\/wp-content\/uploads\/2021\/05\/lendstream.png","contentUrl":"https:\/\/www.accuratereviews.com\/wp-content\/uploads\/2021\/05\/lendstream.png","width":374,"height":209},{"@type":"BreadcrumbList","@id":"https:\/\/www.accuratereviews.com\/it\/software-erogazione-prestiti\/lendstream-recensione\/#breadcrumb","itemListElement":[{"@type":"ListItem","position":1,"name":"Home","item":"https:\/\/www.accuratereviews.com\/it\/"},{"@type":"ListItem","position":2,"name":"Software per l&#8217;erogazione dei prestiti","item":"https:\/\/www.accuratereviews.com\/it\/software-erogazione-prestiti\/"},{"@type":"ListItem","position":3,"name":"Lendstream"}]},{"@type":"WebSite","@id":"https:\/\/www.accuratereviews.com\/it\/#website","url":"https:\/\/www.accuratereviews.com\/it\/","name":"Accurate Reviews","description":"","potentialAction":[{"@type":"SearchAction","target":{"@type":"EntryPoint","urlTemplate":"https:\/\/www.accuratereviews.com\/it\/?s={search_term_string}"},"query-input":{"@type":"PropertyValueSpecification","valueRequired":true,"valueName":"search_term_string"}}],"inLanguage":"it-IT"}]}},"_links":{"self":[{"href":"https:\/\/www.accuratereviews.com\/it\/wp-json\/wp\/v2\/pages\/42504","targetHints":{"allow":["GET"]}}],"collection":[{"href":"https:\/\/www.accuratereviews.com\/it\/wp-json\/wp\/v2\/pages"}],"about":[{"href":"https:\/\/www.accuratereviews.com\/it\/wp-json\/wp\/v2\/types\/page"}],"author":[{"embeddable":true,"href":"https:\/\/www.accuratereviews.com\/it\/wp-json\/wp\/v2\/users\/16"}],"replies":[{"embeddable":true,"href":"https:\/\/www.accuratereviews.com\/it\/wp-json\/wp\/v2\/comments?post=42504"}],"version-history":[{"count":12,"href":"https:\/\/www.accuratereviews.com\/it\/wp-json\/wp\/v2\/pages\/42504\/revisions"}],"predecessor-version":[{"id":42553,"href":"https:\/\/www.accuratereviews.com\/it\/wp-json\/wp\/v2\/pages\/42504\/revisions\/42553"}],"up":[{"embeddable":true,"href":"https:\/\/www.accuratereviews.com\/it\/wp-json\/wp\/v2\/pages\/41330"}],"wp:featuredmedia":[{"embeddable":true,"href":"https:\/\/www.accuratereviews.com\/it\/wp-json\/wp\/v2\/media\/42505"}],"wp:attachment":[{"href":"https:\/\/www.accuratereviews.com\/it\/wp-json\/wp\/v2\/media?parent=42504"}],"wp:term":[{"taxonomy":"category","embeddable":true,"href":"https:\/\/www.accuratereviews.com\/it\/wp-json\/wp\/v2\/categories?post=42504"},{"taxonomy":"post_tag","embeddable":true,"href":"https:\/\/www.accuratereviews.com\/it\/wp-json\/wp\/v2\/tags?post=42504"},{"taxonomy":"features","embeddable":true,"href":"https:\/\/www.accuratereviews.com\/it\/wp-json\/wp\/v2\/features?post=42504"}],"curies":[{"name":"wp","href":"https:\/\/api.w.org\/{rel}","templated":true}]}}