{"id":42510,"date":"2021-05-12T10:40:25","date_gmt":"2021-05-12T10:40:25","guid":{"rendered":"https:\/\/www.accuratereviews.com\/?page_id=42510"},"modified":"2021-05-12T10:41:47","modified_gmt":"2021-05-12T10:41:47","slug":"blend-recensione","status":"publish","type":"page","link":"https:\/\/www.accuratereviews.com\/it\/software-erogazione-prestiti\/blend-recensione\/","title":{"rendered":"Blend"},"content":{"rendered":"<p><strong>Blend<\/strong> \u00e8 una <strong>piattaforma di prestito digitale<\/strong> basata su <strong>cloud<\/strong> che consente a banche, unioni di credito e societ\u00e0 di mutui ipotecari di gestire i lead e semplificare i servizi di prestito. I professionisti possono utilizzare la tecnologia di <strong>intelligenza artificiale (AI)<\/strong> per automatizzare i processi applicativi, fornire risposte alle domande dei clienti e richiedere la documentazione obbligatoria dopo l&#8217;invio delle domande.\u00a0Il software consente alle aziende di monitorare lo stato dei prestiti, delle richieste in sospeso e delle attivit\u00e0 dei mutuatari su una piattaforma centralizzata. <strong>Blend<\/strong> offre anche applicazioni mobili per dispositivi iOS e Android, che consentono ai funzionari addetti ai prestiti di creare nuovi contatti, firmare documenti digitali e ricevere notifiche automatiche sugli aggiornamenti dello stato del prestito.\u00a0Aiuta anche i professionisti ad assegnare le domande presentate ai funzionari addetti ai prestiti e a generare rapporti sulla pipeline.<\/p>\n<h2>BLEND &#8211; TUTORIAL<\/h2>\n<p>Guarda il breve tutorial su questo <strong>software per l&#8217;erogazione di prestiti:<\/strong><\/p>\n<div id=\"fluid-wrapper-counter-1\" class=\"g1-fluid-wrapper \" style=\"width:686px;\">\n<div style=\"padding-bottom:56.268221574344%;\"><iframe loading=\"lazy\" title=\"Building A Configurable Platform | Build on Blend | Blend\" width=\"686\" height=\"386\" src=\"https:\/\/www.youtube.com\/embed\/0-YyVGof_e0?feature=oembed&amp;wmode=transparent&amp;autohide=1&amp;autoplay=0&amp;disablekb=0&amp;fs=1&amp;loop=0&amp;enablejsapi=1&amp;rel=0&amp;controls=2&amp;showinfo=0&amp;wmode=transparent&amp;autohide=2&amp;autoplay=0&amp;disablekb=0&amp;fs=1&amp;loop=0&amp;enablejsapi=1&amp;rel=0&amp;controls=2&amp;showinfo=1\" frameborder=\"0\" allow=\"accelerometer; autoplay; clipboard-write; encrypted-media; gyroscope; picture-in-picture\" allowfullscreen><\/iframe><\/div>\n<\/div>\n<h3>BLEND &#8211; CARATTERISTICHE<\/h3>\n<ul>\n<li>Gestisci le fluttuazioni del volume dei prestiti senza modificare l&#8217;organico. Massimizza la potenza della tua ipoteca digitale con l&#8217;automazione dei processi basata sui dati<\/li>\n<li>Aiuta i tuoi addetti ai prestiti a concentrarsi su ci\u00f2 che conta di pi\u00f9 con strumenti che potenziano l&#8217;efficienza e rafforzano la connessione con i clienti<\/li>\n<li>Diventa uno sportello unico per i consumatori, offrendo mercati integrati per i fornitori di servizi. Supera le aspettative plasmate dalla concorrenza nativa digitale<\/li>\n<li>Consenti ai team di prestito di muoversi rapidamente e fornire un servizio di alta qualit\u00e0 dall&#8217;applicazione alla chiusura, il tutto all&#8217;interno di un&#8217;unica piattaforma<\/li>\n<li>Aiuta i tuoi team a superare i cambiamenti del mercato con strumenti che migliorano l&#8217;efficienza e accelerano l&#8217;elaborazione, riducendo i costi e massimizzando il volume<\/li>\n<li>Riduci i ritardi comuni nel ciclo dei mutui con un mercato integrato per i fornitori di servizi, tra cui l&#8217;assicurazione e il titolo di propriet\u00e0. Diventa uno sportello unico che semplifica il viaggio di propriet\u00e0 della casa<\/li>\n<li>Rendi ogni settore di attivit\u00e0 a prova di futuro con una piattaforma leader del settore. La continua innovazione ti consente di evolvere con le aspettative dei consumatori<\/li>\n<li>Aumenta le percentuali di invio con applicazioni digitali ad alta conversione<\/li>\n<li>L&#8217;acquisizione ad alta efficienza si abbina perfettamente all&#8217;adesione automatizzata e agli standard di sottoscrizione<\/li>\n<li>Utilizza moduli e servizi completamente funzionali come la verifica delle risorse e la firma elettronica che possono essere sfruttati in tutta la tua azienda senza dover ripetere il lavoro<\/li>\n<li>Aiuta i mutuatari ad avvicinarsi pi\u00f9 velocemente offrendo esperienze navigabili su cui possono contare in ogni interazione<\/li>\n<li>Personalizza le esperienze dei prodotti, l&#8217;orchestrazione, i servizi dati e le integrazioni man mano che le esigenze evolvono nel tempo.<\/li>\n<\/ul>\n<h4>LE RECENSIONI DEGLI UTENTI<\/h4>\n<p class=\"font-weight-bold mb-1 d-flex align-items-center\"><strong>Bette D.&#8221;Nuova idea&#8221;<\/strong><\/p>\n<p><strong>Commenti: <\/strong>Il concetto sembra buono ma dovrebbero esserci pi\u00f9 funzionalit\u00e0 per continuare a utilizzarlo.<\/p>\n<p><strong>Pro: <\/strong>L&#8217;app era facile da scaricare e fornita da un prestatore con l&#8217;obiettivo di collegare l&#8217;agente immobiliare e l&#8217;acquirente dell&#8217;agente immobiliare al prestatore.<\/p>\n<p><strong>Contro: <\/strong>Non ha funzionato come previsto. L&#8217;acquirente non ha seguito l&#8217;app per compilare una richiesta di mutuo almeno tramite l&#8217;app. Potrebbe diventare complicato per un agente immobiliare tenere il passo con un&#8217;app per ogni diverso prestatore.<\/p>\n<p class=\"font-weight-bold mb-1 d-flex align-items-center\"><strong>Michael M.&#8221;ricco di funzionalit\u00e0&#8221;<\/strong><\/p>\n<p><strong>Commenti: <\/strong>velocit\u00e0 sul mercato con software POS leader di mercato &#8230; esattamente ci\u00f2 di cui avevamo bisogno<\/p>\n<p><strong>Pro: <\/strong>il prodotto \u00e8 ricco di funzionalit\u00e0 e sia i mutuatari che il banchiere lo trovano facile da usare; riceviamo molti feedback positivi<\/p>\n<p><strong>Contro: <\/strong>le integrazioni devono migliorare &#8211; questo sta accadendo ora, quindi va bene.<\/p>\n<p><strong>Jo D.&#8221;Strumento altamente personalizzabile e utile&#8221;<\/strong><\/p>\n<p><strong>Commenti: <\/strong>Finora lo usiamo da quasi due mesi ed \u00e8 stato utile soprattutto con i cambiamenti nel settore dei mutui. I nostri clienti sembrano essere in grado di navigare alla fine del processo, mentre i funzionari addetti ai prestiti e il team operativo possono avere una curva di apprendimento pi\u00f9 alta a causa delle molteplici sfaccettature, ci stiamo tutti abituando al sistema. Mi piace il modo in cui il sistema pu\u00f2 anche generare estratti conto direttamente dai conti del cliente quando consentito, sebbene non tutti gli investitori lo consentano.<\/p>\n<p><strong>Pro: <\/strong>Altamente personalizzabile. Qualunque sia il settore in cui operi, Blend pu\u00f2 essere adattato per soddisfare le esigenze CRM richieste dalla tua organizzazione. Per le esigenze specifiche della mia azienda, siamo stati in grado di adattarlo a un sistema di raccolta dati altamente funzionante per i nuovi clienti in cerca di un mutuo. Tutto \u00e8 trasferibile all&#8217;interno dei nostri sistemi da Blend ed essere in grado di imitare la nostra interfaccia non cos\u00ec &#8220;user friendly&#8221; ma in un formato pulito rivolto al cliente \u00e8 molto importante.<\/p>\n<p><strong>Contro: <\/strong>Come per tutto ci\u00f2 che \u00e8 personalizzabile, ci sono sempre troppe opzioni che possono creare ritardi nell&#8217;addestramento e confusione con un&#8217;ampia base di utenti. Spesso, troppa personalizzazione non \u00e8 buona e ho scoperto che la mia organizzazione consentiva pi\u00f9 funzioni di quelle che ritenevo necessarie per svolgere i nostri compiti.<\/p>\n","protected":false},"excerpt":{"rendered":"<p>Blend \u00e8 una piattaforma di prestito digitale basata su cloud che consente a banche, unioni di credito e societ\u00e0 di mutui ipotecari di gestire i lead e semplificare i servizi di prestito. I professionisti possono utilizzare la tecnologia di intelligenza artificiale (AI) per automatizzare i processi applicativi, fornire risposte alle domande dei clienti e richiedere la documentazione obbligatoria dopo l&#8217;invio delle domande.<\/p>\n","protected":false},"author":16,"featured_media":42515,"parent":41330,"menu_order":0,"comment_status":"open","ping_status":"closed","template":"g1_template_page_review_new.php","meta":{"_acf_changed":false,"cwp_meta_box_check":"Yes","cwp_rev_product_name":"","cwp_rev_product_image":"","wppr_links":[],"cwp_rev_price":"","wppr_options":[],"wppr_pros":[],"wppr_cons":[],"_monsterinsights_skip_tracking":false,"_monsterinsights_sitenote_active":false,"_monsterinsights_sitenote_note":"","_monsterinsights_sitenote_category":0,"footnotes":""},"categories":[5815],"tags":[997,5934,396,998,5840,5839,5837,5847],"features":[],"class_list":{"0":"post-42510","1":"page","2":"type-page","3":"status-publish","4":"has-post-thumbnail","6":"category-software-per-erogazione-prestiti-categoria","7":"tag-ai","8":"tag-blend","9":"tag-cloud","10":"tag-intelligenza-artificiale","11":"tag-piattaforma-erogazione-prestiti","12":"tag-programma-erogazione-prestiti","13":"tag-software-erogazione-prestiti","14":"tag-soluzione-per-erogazione-prestiti"},"wppr_data":{"cwp_meta_box_check":"Yes","cwp_rev_product_name":"","cwp_rev_product_image":"","cwp_image_link":"image","cwp_rev_price":"","wppr_rating":"0.00"},"acf":[],"yoast_head":"<!-- This site is optimized with the Yoast SEO plugin v27.4 - https:\/\/yoast.com\/product\/yoast-seo-wordpress\/ -->\n<title>Blend: recensione software erogazione prestiti - Accurate Reviews<\/title>\n<meta name=\"description\" content=\"Blend: recensione software di prestito digitale basata su cloud che consente di gestire i lead e semplificare i servizi.\" \/>\n<meta name=\"robots\" content=\"index, follow, max-snippet:-1, max-image-preview:large, max-video-preview:-1\" \/>\n<link rel=\"canonical\" href=\"https:\/\/www.accuratereviews.com\/it\/software-erogazione-prestiti\/blend-recensione\/\" \/>\n<meta property=\"og:locale\" content=\"it_IT\" \/>\n<meta property=\"og:type\" content=\"article\" \/>\n<meta property=\"og:title\" content=\"Blend: recensione software erogazione prestiti - Accurate Reviews\" \/>\n<meta property=\"og:description\" content=\"Blend: recensione software di prestito digitale basata su cloud che consente di gestire i lead e semplificare i servizi.\" \/>\n<meta property=\"og:url\" content=\"https:\/\/www.accuratereviews.com\/it\/software-erogazione-prestiti\/blend-recensione\/\" \/>\n<meta property=\"og:site_name\" content=\"Accurate Reviews\" \/>\n<meta property=\"article:modified_time\" content=\"2021-05-12T10:41:47+00:00\" \/>\n<meta property=\"og:image\" content=\"https:\/\/www.accuratereviews.com\/wp-content\/uploads\/2021\/05\/blend2.png\" \/>\n\t<meta property=\"og:image:width\" content=\"200\" \/>\n\t<meta property=\"og:image:height\" content=\"200\" \/>\n\t<meta property=\"og:image:type\" content=\"image\/png\" \/>\n<meta name=\"twitter:card\" content=\"summary_large_image\" \/>\n<meta name=\"twitter:label1\" content=\"Tempo di lettura stimato\" \/>\n\t<meta name=\"twitter:data1\" content=\"4 minuti\" \/>\n<script type=\"application\/ld+json\" class=\"yoast-schema-graph\">{\"@context\":\"https:\\\/\\\/schema.org\",\"@graph\":[{\"@type\":\"WebPage\",\"@id\":\"https:\\\/\\\/www.accuratereviews.com\\\/it\\\/software-erogazione-prestiti\\\/blend-recensione\\\/\",\"url\":\"https:\\\/\\\/www.accuratereviews.com\\\/it\\\/software-erogazione-prestiti\\\/blend-recensione\\\/\",\"name\":\"Blend: recensione software erogazione prestiti - Accurate Reviews\",\"isPartOf\":{\"@id\":\"https:\\\/\\\/www.accuratereviews.com\\\/it\\\/#website\"},\"primaryImageOfPage\":{\"@id\":\"https:\\\/\\\/www.accuratereviews.com\\\/it\\\/software-erogazione-prestiti\\\/blend-recensione\\\/#primaryimage\"},\"image\":{\"@id\":\"https:\\\/\\\/www.accuratereviews.com\\\/it\\\/software-erogazione-prestiti\\\/blend-recensione\\\/#primaryimage\"},\"thumbnailUrl\":\"https:\\\/\\\/www.accuratereviews.com\\\/wp-content\\\/uploads\\\/2021\\\/05\\\/blend2.png\",\"datePublished\":\"2021-05-12T10:40:25+00:00\",\"dateModified\":\"2021-05-12T10:41:47+00:00\",\"description\":\"Blend: recensione software di prestito digitale basata su cloud che consente di gestire i lead e semplificare i servizi.\",\"breadcrumb\":{\"@id\":\"https:\\\/\\\/www.accuratereviews.com\\\/it\\\/software-erogazione-prestiti\\\/blend-recensione\\\/#breadcrumb\"},\"inLanguage\":\"it-IT\",\"potentialAction\":[{\"@type\":\"ReadAction\",\"target\":[\"https:\\\/\\\/www.accuratereviews.com\\\/it\\\/software-erogazione-prestiti\\\/blend-recensione\\\/\"]}]},{\"@type\":\"ImageObject\",\"inLanguage\":\"it-IT\",\"@id\":\"https:\\\/\\\/www.accuratereviews.com\\\/it\\\/software-erogazione-prestiti\\\/blend-recensione\\\/#primaryimage\",\"url\":\"https:\\\/\\\/www.accuratereviews.com\\\/wp-content\\\/uploads\\\/2021\\\/05\\\/blend2.png\",\"contentUrl\":\"https:\\\/\\\/www.accuratereviews.com\\\/wp-content\\\/uploads\\\/2021\\\/05\\\/blend2.png\",\"width\":200,\"height\":200},{\"@type\":\"BreadcrumbList\",\"@id\":\"https:\\\/\\\/www.accuratereviews.com\\\/it\\\/software-erogazione-prestiti\\\/blend-recensione\\\/#breadcrumb\",\"itemListElement\":[{\"@type\":\"ListItem\",\"position\":1,\"name\":\"Home\",\"item\":\"https:\\\/\\\/www.accuratereviews.com\\\/it\\\/\"},{\"@type\":\"ListItem\",\"position\":2,\"name\":\"Software per l&#8217;erogazione dei prestiti\",\"item\":\"https:\\\/\\\/www.accuratereviews.com\\\/it\\\/software-erogazione-prestiti\\\/\"},{\"@type\":\"ListItem\",\"position\":3,\"name\":\"Blend\"}]},{\"@type\":\"WebSite\",\"@id\":\"https:\\\/\\\/www.accuratereviews.com\\\/it\\\/#website\",\"url\":\"https:\\\/\\\/www.accuratereviews.com\\\/it\\\/\",\"name\":\"Accurate Reviews\",\"description\":\"\",\"potentialAction\":[{\"@type\":\"SearchAction\",\"target\":{\"@type\":\"EntryPoint\",\"urlTemplate\":\"https:\\\/\\\/www.accuratereviews.com\\\/it\\\/?s={search_term_string}\"},\"query-input\":{\"@type\":\"PropertyValueSpecification\",\"valueRequired\":true,\"valueName\":\"search_term_string\"}}],\"inLanguage\":\"it-IT\"}]}<\/script>\n<!-- \/ Yoast SEO plugin. -->","yoast_head_json":{"title":"Blend: recensione software erogazione prestiti - Accurate Reviews","description":"Blend: recensione software di prestito digitale basata su cloud che consente di gestire i lead e semplificare i servizi.","robots":{"index":"index","follow":"follow","max-snippet":"max-snippet:-1","max-image-preview":"max-image-preview:large","max-video-preview":"max-video-preview:-1"},"canonical":"https:\/\/www.accuratereviews.com\/it\/software-erogazione-prestiti\/blend-recensione\/","og_locale":"it_IT","og_type":"article","og_title":"Blend: recensione software erogazione prestiti - Accurate Reviews","og_description":"Blend: recensione software di prestito digitale basata su cloud che consente di gestire i lead e semplificare i servizi.","og_url":"https:\/\/www.accuratereviews.com\/it\/software-erogazione-prestiti\/blend-recensione\/","og_site_name":"Accurate Reviews","article_modified_time":"2021-05-12T10:41:47+00:00","og_image":[{"width":200,"height":200,"url":"https:\/\/www.accuratereviews.com\/wp-content\/uploads\/2021\/05\/blend2.png","type":"image\/png"}],"twitter_card":"summary_large_image","twitter_misc":{"Tempo di lettura stimato":"4 minuti"},"schema":{"@context":"https:\/\/schema.org","@graph":[{"@type":"WebPage","@id":"https:\/\/www.accuratereviews.com\/it\/software-erogazione-prestiti\/blend-recensione\/","url":"https:\/\/www.accuratereviews.com\/it\/software-erogazione-prestiti\/blend-recensione\/","name":"Blend: recensione software erogazione prestiti - Accurate Reviews","isPartOf":{"@id":"https:\/\/www.accuratereviews.com\/it\/#website"},"primaryImageOfPage":{"@id":"https:\/\/www.accuratereviews.com\/it\/software-erogazione-prestiti\/blend-recensione\/#primaryimage"},"image":{"@id":"https:\/\/www.accuratereviews.com\/it\/software-erogazione-prestiti\/blend-recensione\/#primaryimage"},"thumbnailUrl":"https:\/\/www.accuratereviews.com\/wp-content\/uploads\/2021\/05\/blend2.png","datePublished":"2021-05-12T10:40:25+00:00","dateModified":"2021-05-12T10:41:47+00:00","description":"Blend: recensione software di prestito digitale basata su cloud che consente di gestire i lead e semplificare i servizi.","breadcrumb":{"@id":"https:\/\/www.accuratereviews.com\/it\/software-erogazione-prestiti\/blend-recensione\/#breadcrumb"},"inLanguage":"it-IT","potentialAction":[{"@type":"ReadAction","target":["https:\/\/www.accuratereviews.com\/it\/software-erogazione-prestiti\/blend-recensione\/"]}]},{"@type":"ImageObject","inLanguage":"it-IT","@id":"https:\/\/www.accuratereviews.com\/it\/software-erogazione-prestiti\/blend-recensione\/#primaryimage","url":"https:\/\/www.accuratereviews.com\/wp-content\/uploads\/2021\/05\/blend2.png","contentUrl":"https:\/\/www.accuratereviews.com\/wp-content\/uploads\/2021\/05\/blend2.png","width":200,"height":200},{"@type":"BreadcrumbList","@id":"https:\/\/www.accuratereviews.com\/it\/software-erogazione-prestiti\/blend-recensione\/#breadcrumb","itemListElement":[{"@type":"ListItem","position":1,"name":"Home","item":"https:\/\/www.accuratereviews.com\/it\/"},{"@type":"ListItem","position":2,"name":"Software per l&#8217;erogazione dei prestiti","item":"https:\/\/www.accuratereviews.com\/it\/software-erogazione-prestiti\/"},{"@type":"ListItem","position":3,"name":"Blend"}]},{"@type":"WebSite","@id":"https:\/\/www.accuratereviews.com\/it\/#website","url":"https:\/\/www.accuratereviews.com\/it\/","name":"Accurate Reviews","description":"","potentialAction":[{"@type":"SearchAction","target":{"@type":"EntryPoint","urlTemplate":"https:\/\/www.accuratereviews.com\/it\/?s={search_term_string}"},"query-input":{"@type":"PropertyValueSpecification","valueRequired":true,"valueName":"search_term_string"}}],"inLanguage":"it-IT"}]}},"_links":{"self":[{"href":"https:\/\/www.accuratereviews.com\/it\/wp-json\/wp\/v2\/pages\/42510","targetHints":{"allow":["GET"]}}],"collection":[{"href":"https:\/\/www.accuratereviews.com\/it\/wp-json\/wp\/v2\/pages"}],"about":[{"href":"https:\/\/www.accuratereviews.com\/it\/wp-json\/wp\/v2\/types\/page"}],"author":[{"embeddable":true,"href":"https:\/\/www.accuratereviews.com\/it\/wp-json\/wp\/v2\/users\/16"}],"replies":[{"embeddable":true,"href":"https:\/\/www.accuratereviews.com\/it\/wp-json\/wp\/v2\/comments?post=42510"}],"version-history":[{"count":11,"href":"https:\/\/www.accuratereviews.com\/it\/wp-json\/wp\/v2\/pages\/42510\/revisions"}],"predecessor-version":[{"id":42559,"href":"https:\/\/www.accuratereviews.com\/it\/wp-json\/wp\/v2\/pages\/42510\/revisions\/42559"}],"up":[{"embeddable":true,"href":"https:\/\/www.accuratereviews.com\/it\/wp-json\/wp\/v2\/pages\/41330"}],"wp:featuredmedia":[{"embeddable":true,"href":"https:\/\/www.accuratereviews.com\/it\/wp-json\/wp\/v2\/media\/42515"}],"wp:attachment":[{"href":"https:\/\/www.accuratereviews.com\/it\/wp-json\/wp\/v2\/media?parent=42510"}],"wp:term":[{"taxonomy":"category","embeddable":true,"href":"https:\/\/www.accuratereviews.com\/it\/wp-json\/wp\/v2\/categories?post=42510"},{"taxonomy":"post_tag","embeddable":true,"href":"https:\/\/www.accuratereviews.com\/it\/wp-json\/wp\/v2\/tags?post=42510"},{"taxonomy":"features","embeddable":true,"href":"https:\/\/www.accuratereviews.com\/it\/wp-json\/wp\/v2\/features?post=42510"}],"curies":[{"name":"wp","href":"https:\/\/api.w.org\/{rel}","templated":true}]}}