{"id":42567,"date":"2021-05-13T12:41:58","date_gmt":"2021-05-13T12:41:58","guid":{"rendered":"https:\/\/www.accuratereviews.com\/?page_id=42567"},"modified":"2021-05-13T12:41:58","modified_gmt":"2021-05-13T12:41:58","slug":"shaw-recensione","status":"publish","type":"page","link":"https:\/\/www.accuratereviews.com\/it\/software-erogazione-prestiti\/shaw-recensione\/","title":{"rendered":"Shaw"},"content":{"rendered":"<p><strong>Shaw<\/strong> offre una <strong>soluzione di prestito<\/strong> e leasing progettata con funzionalit\u00e0 di gestione del leasing, assicurazione, elaborazione delle commissioni e dei concessionari, imposte sulle vendite, imposte sulla propriet\u00e0 e rendicontazione delle imposte sul reddito. Il prodotto \u00e8 adatto per banche, unioni di credito, societ\u00e0 di finanziamento automobilistico e istituti di credito specializzati. Sono disponibili opzioni di distribuzione sia basate su <strong>cloud<\/strong> che in sede.\u00a0La soluzione consente agli utenti di tenere traccia dei dettagli del prestito come data di emissione, riemissione, frequenza di addebito e numeri di identificazione personale (PIN). Il software consente inoltre agli utenti di elaborare diversi tipi di commissioni di prestito come nuove commissioni di prestito, quote di iscrizione, estensioni e spese di terminazione.<\/p>\n<h2><a href=\"https:\/\/www.accuratereviews.com\/wp-content\/uploads\/2021\/05\/shaw2.png\"><img loading=\"lazy\" decoding=\"async\" class=\"alignnone size-full wp-image-42576\" src=\"https:\/\/www.accuratereviews.com\/wp-content\/uploads\/2021\/05\/shaw2.png\" alt=\"\" width=\"1060\" height=\"782\" srcset=\"https:\/\/www.accuratereviews.com\/wp-content\/uploads\/2021\/05\/shaw2.png 1060w, https:\/\/www.accuratereviews.com\/wp-content\/uploads\/2021\/05\/shaw2-300x221.png 300w, https:\/\/www.accuratereviews.com\/wp-content\/uploads\/2021\/05\/shaw2-1024x755.png 1024w, https:\/\/www.accuratereviews.com\/wp-content\/uploads\/2021\/05\/shaw2-768x567.png 768w, https:\/\/www.accuratereviews.com\/wp-content\/uploads\/2021\/05\/shaw2-169x125.png 169w, https:\/\/www.accuratereviews.com\/wp-content\/uploads\/2021\/05\/shaw2-50x37.png 50w, https:\/\/www.accuratereviews.com\/wp-content\/uploads\/2021\/05\/shaw2-968x714.png 968w, https:\/\/www.accuratereviews.com\/wp-content\/uploads\/2021\/05\/shaw2-636x469.png 636w, https:\/\/www.accuratereviews.com\/wp-content\/uploads\/2021\/05\/shaw2-320x236.png 320w, https:\/\/www.accuratereviews.com\/wp-content\/uploads\/2021\/05\/shaw2-239x176.png 239w\" sizes=\"auto, (max-width: 1060px) 100vw, 1060px\" \/><\/a><\/h2>\n<h2>SHAW &#8211; CARATTERISTICHE<\/h2>\n<ul>\n<li><strong>Vista a 360 gradi<\/strong>: gestione account incentrata sul cliente e campagne di comunicazione automatizzate<\/li>\n<li><strong>Applicazione basata sul web<\/strong>:\u00a0moderna applicazione basata sul web semplifica i processi ed estende i dati al mutuatario digitale<\/li>\n<li><strong>Tecnologia basata sui dati<\/strong>: prendi decisioni strategiche che accelerano il successo per servire meglio i tuoi clienti e il tuo personale<\/li>\n<li><strong>Gestisci il ciclo di vita<\/strong>: i\u00a0prestatori possono gestire l&#8217;intero ciclo di vita dell&#8217;account in modo conforme, aumentando al contempo i tempi di risposta alle richieste del mutuatario<\/li>\n<li><strong>Avvisi popup:<\/strong> gli avvisi in tempo reale informano il personale sulle condizioni dell&#8217;account e rafforzano i requisiti di conformit\u00e0 e policy<\/li>\n<li><strong>Schermate definite dall&#8217;utente<\/strong>: ogni gruppo di lavoro dell&#8217;agente pu\u00f2 controllare le proprie preferenze per le visualizzazioni dei dati del mutuatario e dell&#8217;account<\/li>\n<li><strong>Assegnazioni di coda<\/strong>: assegnazioni dinamiche in coda in tempo reale e notturne basate sul comportamento del mutuatario e sui flussi di lavoro dell&#8217;account interno<\/li>\n<li><strong>Flusso di lavoro automatizzato<\/strong>: facilita l&#8217;automazione dei processi di account e semplifica i processi interni ed esterni<\/li>\n<li><strong>Autorizzazioni basate sui ruoli<\/strong>: allinea le funzioni di manutenzione per accelerare le decisioni e facilitare il controllo dei processi<\/li>\n<li><strong>Automazione del rischio e della conformit\u00e0<\/strong>: consenti la configurazione per guidare il percorso del ciclo di vita del prestito per mantenere la conformit\u00e0 della tua organizzazione<\/li>\n<li><strong>Cartolarizzazione<\/strong>: gestisci, monitora e crea report su sofisticate strutture di cartolarizzazione<\/li>\n<li><strong>Assistenza clienti<\/strong>: indirizza, accoda e gestisci le controversie e l&#8217;assistenza dei clienti<\/li>\n<li><strong>Gestione delle commissioni<\/strong>: configura e distribuisci nuove strutture tariffarie ai tuoi prodotti di prestito<\/li>\n<li><strong>Processo di pagamento<\/strong>: strumenti di pagamento programmati e su richiesta completi<\/li>\n<li><strong>Distribuire strategie di raccolte configurabili:<\/strong> strategie di raccolta facilmente configurabili per il tuo profilo mutuatario specifico<\/li>\n<li><strong>Gestione documenti<\/strong>: strumenti di corrispondenza automatizzata per la comunicazione con i clienti<\/li>\n<li><strong>Dialer Integration<\/strong>: le campagne quotidiane di testo e dialer aumentano gli sforzi di sensibilizzazione<\/li>\n<li><strong>Monitoraggio e reportistica delle promesse:<\/strong> amministrazione e monitoraggio automatizzati dei risultati PTP<\/li>\n<li><strong>Processo di pagamento<\/strong>: strumenti di pagamento programmati e su richiesta completi<\/li>\n<\/ul>\n<h3>LE RECENSIONI DEGLI UTENTI<\/h3>\n<p class=\"font-weight-bold mb-1 d-flex align-items-center\"><strong>Shaun B.&#8221;Software di elaborazione finanziaria molto strutturato&#8221;<\/strong><\/p>\n<p><strong>Commenti: <\/strong>I processi in RETAIL, sebbene in qualche modo configurabili dal punto di vista dell&#8217;ingresso e dell&#8217;esperienza utente, sono molto strutturati dal punto di vista dell&#8217;elaborazione e degli articoli dell&#8217;ordine postati. Il sistema ha la capacit\u00e0 di riportare la maggior parte degli indicatori che normalmente ti aspetteresti e pu\u00f2 essere configurato esigenze di ogni singolo cliente requisiti contabili.<\/p>\n<p class=\"font-weight-bold mb-1 d-flex align-items-center\"><strong>Frederick H.&#8221;Sistema estremamente rigido e obsoleto&#8221;<\/strong><\/p>\n<p><strong>Pro: <\/strong>La sicurezza e i controlli utente sono molto buoni. Interessante anche il concetto di APF e la possibilit\u00e0 di progettare il flusso di processo.<\/p>\n<p><strong>Contro: <\/strong>La manutenzione e la flessibilit\u00e0 per aggiungere nuove funzionalit\u00e0 e prodotti \u00e8 estremamente rigida e vecchia scuola, non sembra seguire la tendenza in continua evoluzione dei sistemi di manutenzione che sono in grado di adattarsi alle esigenze delle aziende. Il prezzo \u00e8 anche estremamente alto considerando i ritardi nell&#8217;ottenere il servizio e il fatto che il nostro database ha visualizzazioni molto rigide e non pu\u00f2 essere modificato da noi anche se paghiamo (molto) per l&#8217;hosting.<\/p>\n<div class=\"ml-4 pl-4 border-left border-left__dotted i18n-translation_vendor_container\" data-translation-id=\"155246\" data-translation-vendor-target=\"original\">\n<div class=\"d-flex flex-wrap flex-md-nowrap align-items-center\">\n<h4 class=\"h5 font-weight-bold\"><\/h4>\n<\/div>\n<\/div>\n","protected":false},"excerpt":{"rendered":"<p>Shaw offre una soluzione di prestito e leasing progettata con funzionalit\u00e0 di gestione del leasing, assicurazione, elaborazione delle commissioni e dei concessionari, imposte sulle vendite, imposte sulla propriet\u00e0 e rendicontazione delle imposte sul reddito. Il prodotto \u00e8 adatto per banche, unioni di credito, societ\u00e0 di finanziamento automobilistico e istituti di credito specializzati.<\/p>\n","protected":false},"author":16,"featured_media":42571,"parent":41330,"menu_order":0,"comment_status":"open","ping_status":"closed","template":"g1_template_page_review_new.php","meta":{"_acf_changed":false,"cwp_meta_box_check":"Yes","cwp_rev_product_name":"","cwp_rev_product_image":"","wppr_links":[],"cwp_rev_price":"","wppr_options":[],"wppr_pros":[],"wppr_cons":[],"_monsterinsights_skip_tracking":false,"_monsterinsights_sitenote_active":false,"_monsterinsights_sitenote_note":"","_monsterinsights_sitenote_category":0,"footnotes":""},"categories":[5815],"tags":[5840,5839,5938,5837,5838],"features":[],"class_list":{"0":"post-42567","1":"page","2":"type-page","3":"status-publish","4":"has-post-thumbnail","6":"category-software-per-erogazione-prestiti-categoria","7":"tag-piattaforma-erogazione-prestiti","8":"tag-programma-erogazione-prestiti","9":"tag-shaw","10":"tag-software-erogazione-prestiti","11":"tag-soluzione-erogazione-prestiti"},"wppr_data":{"cwp_meta_box_check":"Yes","cwp_rev_product_name":"","cwp_rev_product_image":"","cwp_image_link":"image","cwp_rev_price":"","wppr_rating":"0.00"},"acf":[],"yoast_head":"<!-- This site is optimized with the Yoast SEO plugin v27.4 - https:\/\/yoast.com\/product\/yoast-seo-wordpress\/ -->\n<title>Shaw: recensione software erogazione prestito - Accurate Reviews<\/title>\n<meta name=\"description\" content=\"Shaw: recensione soluzione di prestito e leasing progettata con funzionalit\u00e0 di gestione di leasing, assicurazione ed elaborazione delle commissioni.\" \/>\n<meta name=\"robots\" content=\"index, follow, max-snippet:-1, max-image-preview:large, max-video-preview:-1\" \/>\n<link rel=\"canonical\" href=\"https:\/\/www.accuratereviews.com\/it\/software-erogazione-prestiti\/shaw-recensione\/\" \/>\n<meta property=\"og:locale\" content=\"it_IT\" \/>\n<meta property=\"og:type\" content=\"article\" \/>\n<meta property=\"og:title\" content=\"Shaw: recensione software erogazione prestito - Accurate Reviews\" \/>\n<meta property=\"og:description\" content=\"Shaw: recensione soluzione di prestito e leasing progettata con funzionalit\u00e0 di gestione di leasing, assicurazione ed elaborazione delle commissioni.\" \/>\n<meta property=\"og:url\" content=\"https:\/\/www.accuratereviews.com\/it\/software-erogazione-prestiti\/shaw-recensione\/\" \/>\n<meta property=\"og:site_name\" content=\"Accurate Reviews\" \/>\n<meta property=\"og:image\" content=\"https:\/\/www.accuratereviews.com\/wp-content\/uploads\/2021\/05\/shaw.png\" \/>\n\t<meta property=\"og:image:width\" content=\"350\" \/>\n\t<meta property=\"og:image:height\" content=\"350\" \/>\n\t<meta property=\"og:image:type\" content=\"image\/png\" \/>\n<meta name=\"twitter:card\" content=\"summary_large_image\" \/>\n<meta name=\"twitter:label1\" content=\"Tempo di lettura stimato\" \/>\n\t<meta name=\"twitter:data1\" content=\"3 minuti\" \/>\n<script type=\"application\/ld+json\" class=\"yoast-schema-graph\">{\"@context\":\"https:\\\/\\\/schema.org\",\"@graph\":[{\"@type\":\"WebPage\",\"@id\":\"https:\\\/\\\/www.accuratereviews.com\\\/it\\\/software-erogazione-prestiti\\\/shaw-recensione\\\/\",\"url\":\"https:\\\/\\\/www.accuratereviews.com\\\/it\\\/software-erogazione-prestiti\\\/shaw-recensione\\\/\",\"name\":\"Shaw: recensione software erogazione prestito - Accurate Reviews\",\"isPartOf\":{\"@id\":\"https:\\\/\\\/www.accuratereviews.com\\\/it\\\/#website\"},\"primaryImageOfPage\":{\"@id\":\"https:\\\/\\\/www.accuratereviews.com\\\/it\\\/software-erogazione-prestiti\\\/shaw-recensione\\\/#primaryimage\"},\"image\":{\"@id\":\"https:\\\/\\\/www.accuratereviews.com\\\/it\\\/software-erogazione-prestiti\\\/shaw-recensione\\\/#primaryimage\"},\"thumbnailUrl\":\"https:\\\/\\\/www.accuratereviews.com\\\/wp-content\\\/uploads\\\/2021\\\/05\\\/shaw.png\",\"datePublished\":\"2021-05-13T12:41:58+00:00\",\"description\":\"Shaw: recensione soluzione di prestito e leasing progettata con funzionalit\u00e0 di gestione di leasing, assicurazione ed elaborazione delle commissioni.\",\"breadcrumb\":{\"@id\":\"https:\\\/\\\/www.accuratereviews.com\\\/it\\\/software-erogazione-prestiti\\\/shaw-recensione\\\/#breadcrumb\"},\"inLanguage\":\"it-IT\",\"potentialAction\":[{\"@type\":\"ReadAction\",\"target\":[\"https:\\\/\\\/www.accuratereviews.com\\\/it\\\/software-erogazione-prestiti\\\/shaw-recensione\\\/\"]}]},{\"@type\":\"ImageObject\",\"inLanguage\":\"it-IT\",\"@id\":\"https:\\\/\\\/www.accuratereviews.com\\\/it\\\/software-erogazione-prestiti\\\/shaw-recensione\\\/#primaryimage\",\"url\":\"https:\\\/\\\/www.accuratereviews.com\\\/wp-content\\\/uploads\\\/2021\\\/05\\\/shaw.png\",\"contentUrl\":\"https:\\\/\\\/www.accuratereviews.com\\\/wp-content\\\/uploads\\\/2021\\\/05\\\/shaw.png\",\"width\":350,\"height\":350},{\"@type\":\"BreadcrumbList\",\"@id\":\"https:\\\/\\\/www.accuratereviews.com\\\/it\\\/software-erogazione-prestiti\\\/shaw-recensione\\\/#breadcrumb\",\"itemListElement\":[{\"@type\":\"ListItem\",\"position\":1,\"name\":\"Home\",\"item\":\"https:\\\/\\\/www.accuratereviews.com\\\/it\\\/\"},{\"@type\":\"ListItem\",\"position\":2,\"name\":\"Software per l&#8217;erogazione dei prestiti\",\"item\":\"https:\\\/\\\/www.accuratereviews.com\\\/it\\\/software-erogazione-prestiti\\\/\"},{\"@type\":\"ListItem\",\"position\":3,\"name\":\"Shaw\"}]},{\"@type\":\"WebSite\",\"@id\":\"https:\\\/\\\/www.accuratereviews.com\\\/it\\\/#website\",\"url\":\"https:\\\/\\\/www.accuratereviews.com\\\/it\\\/\",\"name\":\"Accurate Reviews\",\"description\":\"\",\"potentialAction\":[{\"@type\":\"SearchAction\",\"target\":{\"@type\":\"EntryPoint\",\"urlTemplate\":\"https:\\\/\\\/www.accuratereviews.com\\\/it\\\/?s={search_term_string}\"},\"query-input\":{\"@type\":\"PropertyValueSpecification\",\"valueRequired\":true,\"valueName\":\"search_term_string\"}}],\"inLanguage\":\"it-IT\"}]}<\/script>\n<!-- \/ Yoast SEO plugin. -->","yoast_head_json":{"title":"Shaw: recensione software erogazione prestito - Accurate Reviews","description":"Shaw: recensione soluzione di prestito e leasing progettata con funzionalit\u00e0 di gestione di leasing, assicurazione ed elaborazione delle commissioni.","robots":{"index":"index","follow":"follow","max-snippet":"max-snippet:-1","max-image-preview":"max-image-preview:large","max-video-preview":"max-video-preview:-1"},"canonical":"https:\/\/www.accuratereviews.com\/it\/software-erogazione-prestiti\/shaw-recensione\/","og_locale":"it_IT","og_type":"article","og_title":"Shaw: recensione software erogazione prestito - Accurate Reviews","og_description":"Shaw: recensione soluzione di prestito e leasing progettata con funzionalit\u00e0 di gestione di leasing, assicurazione ed elaborazione delle commissioni.","og_url":"https:\/\/www.accuratereviews.com\/it\/software-erogazione-prestiti\/shaw-recensione\/","og_site_name":"Accurate Reviews","og_image":[{"width":350,"height":350,"url":"https:\/\/www.accuratereviews.com\/wp-content\/uploads\/2021\/05\/shaw.png","type":"image\/png"}],"twitter_card":"summary_large_image","twitter_misc":{"Tempo di lettura stimato":"3 minuti"},"schema":{"@context":"https:\/\/schema.org","@graph":[{"@type":"WebPage","@id":"https:\/\/www.accuratereviews.com\/it\/software-erogazione-prestiti\/shaw-recensione\/","url":"https:\/\/www.accuratereviews.com\/it\/software-erogazione-prestiti\/shaw-recensione\/","name":"Shaw: recensione software erogazione prestito - Accurate Reviews","isPartOf":{"@id":"https:\/\/www.accuratereviews.com\/it\/#website"},"primaryImageOfPage":{"@id":"https:\/\/www.accuratereviews.com\/it\/software-erogazione-prestiti\/shaw-recensione\/#primaryimage"},"image":{"@id":"https:\/\/www.accuratereviews.com\/it\/software-erogazione-prestiti\/shaw-recensione\/#primaryimage"},"thumbnailUrl":"https:\/\/www.accuratereviews.com\/wp-content\/uploads\/2021\/05\/shaw.png","datePublished":"2021-05-13T12:41:58+00:00","description":"Shaw: recensione soluzione di prestito e leasing progettata con funzionalit\u00e0 di gestione di leasing, assicurazione ed elaborazione delle commissioni.","breadcrumb":{"@id":"https:\/\/www.accuratereviews.com\/it\/software-erogazione-prestiti\/shaw-recensione\/#breadcrumb"},"inLanguage":"it-IT","potentialAction":[{"@type":"ReadAction","target":["https:\/\/www.accuratereviews.com\/it\/software-erogazione-prestiti\/shaw-recensione\/"]}]},{"@type":"ImageObject","inLanguage":"it-IT","@id":"https:\/\/www.accuratereviews.com\/it\/software-erogazione-prestiti\/shaw-recensione\/#primaryimage","url":"https:\/\/www.accuratereviews.com\/wp-content\/uploads\/2021\/05\/shaw.png","contentUrl":"https:\/\/www.accuratereviews.com\/wp-content\/uploads\/2021\/05\/shaw.png","width":350,"height":350},{"@type":"BreadcrumbList","@id":"https:\/\/www.accuratereviews.com\/it\/software-erogazione-prestiti\/shaw-recensione\/#breadcrumb","itemListElement":[{"@type":"ListItem","position":1,"name":"Home","item":"https:\/\/www.accuratereviews.com\/it\/"},{"@type":"ListItem","position":2,"name":"Software per l&#8217;erogazione dei prestiti","item":"https:\/\/www.accuratereviews.com\/it\/software-erogazione-prestiti\/"},{"@type":"ListItem","position":3,"name":"Shaw"}]},{"@type":"WebSite","@id":"https:\/\/www.accuratereviews.com\/it\/#website","url":"https:\/\/www.accuratereviews.com\/it\/","name":"Accurate Reviews","description":"","potentialAction":[{"@type":"SearchAction","target":{"@type":"EntryPoint","urlTemplate":"https:\/\/www.accuratereviews.com\/it\/?s={search_term_string}"},"query-input":{"@type":"PropertyValueSpecification","valueRequired":true,"valueName":"search_term_string"}}],"inLanguage":"it-IT"}]}},"_links":{"self":[{"href":"https:\/\/www.accuratereviews.com\/it\/wp-json\/wp\/v2\/pages\/42567","targetHints":{"allow":["GET"]}}],"collection":[{"href":"https:\/\/www.accuratereviews.com\/it\/wp-json\/wp\/v2\/pages"}],"about":[{"href":"https:\/\/www.accuratereviews.com\/it\/wp-json\/wp\/v2\/types\/page"}],"author":[{"embeddable":true,"href":"https:\/\/www.accuratereviews.com\/it\/wp-json\/wp\/v2\/users\/16"}],"replies":[{"embeddable":true,"href":"https:\/\/www.accuratereviews.com\/it\/wp-json\/wp\/v2\/comments?post=42567"}],"version-history":[{"count":8,"href":"https:\/\/www.accuratereviews.com\/it\/wp-json\/wp\/v2\/pages\/42567\/revisions"}],"predecessor-version":[{"id":42618,"href":"https:\/\/www.accuratereviews.com\/it\/wp-json\/wp\/v2\/pages\/42567\/revisions\/42618"}],"up":[{"embeddable":true,"href":"https:\/\/www.accuratereviews.com\/it\/wp-json\/wp\/v2\/pages\/41330"}],"wp:featuredmedia":[{"embeddable":true,"href":"https:\/\/www.accuratereviews.com\/it\/wp-json\/wp\/v2\/media\/42571"}],"wp:attachment":[{"href":"https:\/\/www.accuratereviews.com\/it\/wp-json\/wp\/v2\/media?parent=42567"}],"wp:term":[{"taxonomy":"category","embeddable":true,"href":"https:\/\/www.accuratereviews.com\/it\/wp-json\/wp\/v2\/categories?post=42567"},{"taxonomy":"post_tag","embeddable":true,"href":"https:\/\/www.accuratereviews.com\/it\/wp-json\/wp\/v2\/tags?post=42567"},{"taxonomy":"features","embeddable":true,"href":"https:\/\/www.accuratereviews.com\/it\/wp-json\/wp\/v2\/features?post=42567"}],"curies":[{"name":"wp","href":"https:\/\/api.w.org\/{rel}","templated":true}]}}