{"id":42593,"date":"2021-05-13T13:11:43","date_gmt":"2021-05-13T13:11:43","guid":{"rendered":"https:\/\/www.accuratereviews.com\/?page_id=42593"},"modified":"2021-05-13T13:11:43","modified_gmt":"2021-05-13T13:11:43","slug":"goldpoint-systems-recensione","status":"publish","type":"page","link":"https:\/\/www.accuratereviews.com\/it\/software-erogazione-prestiti\/goldpoint-systems-recensione\/","title":{"rendered":"GOLDPoint Systems"},"content":{"rendered":"<p><strong>GOLDPoint Systems<\/strong> \u00e8 un <strong>software di prestito basato su cloud<\/strong>, che permette di gestire al meglio i mutuatari e i loro prestiti offrendo un&#8217;interfaccia utente semplice e intuitiva. Accessibile ovunque e da qualsiasi dispositivo, consente di inviare e tenere traccia di pagamenti, documenti, notifiche, report e molto altro. Utilizzando la tecnica del drag and drop, riuscirai a semplificare e velocizzare l&#8217;<strong>erogazione e la gestione dei prestiti<\/strong> in modo tale da risparmiare tempo e risorse.<br \/>\nL&#8217;obiettivo di<strong> GOLDPoint Systems<\/strong> \u00e8 quello di soddisfare le esigenze di tutti, infatti offre una solida API e oltre 100 integrazioni che ti permetteranno di personalizzare la piattaforma a tuo piacimento.<\/p>\n<h2>GOLDPOINT SYSTEMS &#8211; TUTORIAL<\/h2>\n<p>Diamo un&#8217;occhiata a questo video per capire come funziona il programma:<\/p>\n<div id=\"fluid-wrapper-counter-1\" class=\"g1-fluid-wrapper \" style=\"width:686px;\">\n<div style=\"padding-bottom:56.268221574344%;\"><iframe loading=\"lazy\" title=\"About GOLDPoint Systems\" width=\"686\" height=\"386\" src=\"https:\/\/www.youtube.com\/embed\/ymNFKw4JlfA?feature=oembed&amp;wmode=transparent&amp;autohide=1&amp;autoplay=0&amp;disablekb=0&amp;fs=1&amp;loop=0&amp;enablejsapi=1&amp;rel=0&amp;controls=2&amp;showinfo=0&amp;wmode=transparent&amp;autohide=2&amp;autoplay=0&amp;disablekb=0&amp;fs=1&amp;loop=0&amp;enablejsapi=1&amp;rel=0&amp;controls=2&amp;showinfo=1\" frameborder=\"0\" allow=\"accelerometer; autoplay; clipboard-write; encrypted-media; gyroscope; picture-in-picture\" allowfullscreen><\/iframe><\/div>\n<\/div>\n<h3>GOLDPOINT SYSTEMS &#8211; CARATTERISTICHE<\/h3>\n<ul>\n<li><strong>Pagamenti<\/strong>: i tuoi mutuatari possono effettuare pagamenti online (carta, ACH, Venmo, ecc.) Sempre e ovunque. E per semplificarti, pu\u00f2 configurare e gestire un sito web del portale di pagamento per te. Oppure puoi utilizzare le sue API per connetterti al tuo sito esistente con questo software per la manutenzione dei prestiti<\/li>\n<li><strong>Notifiche<\/strong>: stai al passo con la natura frenetica del mondo di oggi e comunica con i tuoi mutuatari in modo conforme, rapido ed efficace. Avvisali in merito a sicurezza, prevenzione delle frodi, elusione di commissioni e pagamenti scaduti, il tutto in tempo reale<\/li>\n<li><strong>Reporting<\/strong>: crea report accurati, in tempo reale. Non \u00e8 pi\u00f9 necessario attendere l&#8217;elaborazione notturna o l&#8217;assistenza da un data center. Avrai tutti gli strumenti di cui hai bisogno per ottenere i tuoi dati, esattamente quando ne hai bisogno<\/li>\n<li><strong>Servizi di file<\/strong>: archivia i tuoi file sui tuoi server. Oppure, se decidi di archiviare i tuoi dati con GoldPoint, ti fornir\u00e0 tutti i backup e la manutenzione necessari in modo da non doverti preoccupare dello spazio di archiviazione<\/li>\n<li><strong>Gestione dei dati<\/strong>: pu\u00f2 fornire report personalizzati pronti per essere implementati sui nostri server SQL in cloud utilizzando analisti aziendali interni ben formati. Gli analisti forniscono soluzioni per le tue esigenze di reporting ricorrenti o una tantum. Vuoi che il tuo team gestisca l&#8217;analisi? Nessun problema. Accedi ai suoi server cloud SQL per eseguire la tua analisi o utilizzali entrambi<\/li>\n<li><strong>Sicurezza e conformit\u00e0<\/strong>: puoi avere la certezza che i tuoi dati siano accurati, sicuri e protetti. Da una serie di test interni alla partecipazione a varie conferenze per tenersi aggiornati con i cambiamenti nelle normative e nel settore stesso.<\/li>\n<\/ul>\n<h4>LE RECENSIONI DEGLI UTENTI<\/h4>\n<p><strong>Hannah A. &#8220;Benvenuti nel 21 \u00b0 secolo&#8221;<\/strong><br \/>\nPRO: mi piace la facilit\u00e0 di inviare pagamenti in questo sistema<br \/>\nCONTRO: all&#8217;inizio ci sono cos\u00ec tante diverse schede di dettagli che \u00e8 stato travolgente navigare<\/p>\n<p><strong>Justin D. &#8220;Recensione software GPS&#8221;<\/strong><br \/>\nPRO: il GPS ci offre opzioni che altre aziende non potrebbero. Il loro servizio clienti non \u00e8 secondo a nessuno.<br \/>\nCONTRO: la conversione \u00e8 un lungo progresso che richiede molto tempo e risorse.<\/p>\n<p><strong>&#8220;Molto facile da usare&#8221;<\/strong><br \/>\nCOMMENTI: servire i clienti in modo efficiente e creare alti livelli di soddisfazione del cliente<br \/>\nPRO: facile da usare, facile da imparare e insegnare agli altri, difficile sbagliare usandolo<br \/>\nCONTRO: potrebbe essere pi\u00f9 avanzato, sembra pi\u00f9 travolgente di quanto non sia in realt\u00e0 (il disordine dello schermo fa sembrare che sar\u00e0 difficile anche se non lo \u00e8).<\/p>\n","protected":false},"excerpt":{"rendered":"<p>GOLDPoint Systems \u00e8 un software di prestito basato su cloud, che permette di gestire al meglio i mutuatari e i loro prestiti offrendo un&#8217;interfaccia utente semplice e intuitiva. Accessibile ovunque e da qualsiasi dispositivo, consente di inviare e tenere traccia di pagamenti, documenti, notifiche, report e molto altro.<\/p>\n","protected":false},"author":17,"featured_media":42609,"parent":41330,"menu_order":0,"comment_status":"open","ping_status":"closed","template":"g1_template_page_review_new.php","meta":{"_acf_changed":false,"cwp_meta_box_check":"No","cwp_rev_product_name":"","cwp_rev_product_image":"","wppr_links":[],"cwp_rev_price":"","wppr_options":[],"wppr_pros":[],"wppr_cons":[],"_monsterinsights_skip_tracking":false,"_monsterinsights_sitenote_active":false,"_monsterinsights_sitenote_note":"","_monsterinsights_sitenote_category":0,"footnotes":""},"categories":[5815],"tags":[5819,5901,5889,5840,5849,5837],"features":[],"class_list":{"0":"post-42593","1":"page","2":"type-page","3":"status-publish","4":"has-post-thumbnail","6":"category-software-per-erogazione-prestiti-categoria","7":"tag-erogazione-prestito","8":"tag-gestionale-prestiti","9":"tag-gestione-prestiti","10":"tag-piattaforma-erogazione-prestiti","11":"tag-programma-per-erogazione-prestiti","12":"tag-software-erogazione-prestiti"},"wppr_data":{"cwp_meta_box_check":"No"},"acf":[],"yoast_head":"<!-- This site is optimized with the Yoast SEO plugin v27.4 - https:\/\/yoast.com\/product\/yoast-seo-wordpress\/ -->\n<title>GOLDPoint Systems: recensione software prestito - Accurate Reviews<\/title>\n<meta name=\"description\" content=\"GOLDPoint Systems: recensione del software di prestito basato su cloud, che permette di gestire al meglio i mutuatari e i loro prestiti.\" \/>\n<meta name=\"robots\" content=\"index, follow, max-snippet:-1, max-image-preview:large, max-video-preview:-1\" \/>\n<link rel=\"canonical\" href=\"https:\/\/www.accuratereviews.com\/it\/software-erogazione-prestiti\/goldpoint-systems-recensione\/\" \/>\n<meta property=\"og:locale\" content=\"it_IT\" \/>\n<meta property=\"og:type\" content=\"article\" \/>\n<meta property=\"og:title\" content=\"GOLDPoint Systems: recensione software prestito - Accurate Reviews\" \/>\n<meta property=\"og:description\" content=\"GOLDPoint Systems: recensione del software di prestito basato su cloud, che permette di gestire al meglio i mutuatari e i loro prestiti.\" \/>\n<meta property=\"og:url\" content=\"https:\/\/www.accuratereviews.com\/it\/software-erogazione-prestiti\/goldpoint-systems-recensione\/\" \/>\n<meta property=\"og:site_name\" content=\"Accurate Reviews\" \/>\n<meta property=\"og:image\" content=\"https:\/\/www.accuratereviews.com\/wp-content\/uploads\/2021\/05\/Unknown-1.png\" \/>\n\t<meta property=\"og:image:width\" content=\"791\" \/>\n\t<meta property=\"og:image:height\" content=\"200\" \/>\n\t<meta property=\"og:image:type\" content=\"image\/png\" \/>\n<meta name=\"twitter:card\" content=\"summary_large_image\" \/>\n<meta name=\"twitter:label1\" content=\"Tempo di lettura stimato\" \/>\n\t<meta name=\"twitter:data1\" content=\"3 minuti\" \/>\n<script type=\"application\/ld+json\" class=\"yoast-schema-graph\">{\"@context\":\"https:\\\/\\\/schema.org\",\"@graph\":[{\"@type\":\"WebPage\",\"@id\":\"https:\\\/\\\/www.accuratereviews.com\\\/it\\\/software-erogazione-prestiti\\\/goldpoint-systems-recensione\\\/\",\"url\":\"https:\\\/\\\/www.accuratereviews.com\\\/it\\\/software-erogazione-prestiti\\\/goldpoint-systems-recensione\\\/\",\"name\":\"GOLDPoint Systems: recensione software prestito - Accurate Reviews\",\"isPartOf\":{\"@id\":\"https:\\\/\\\/www.accuratereviews.com\\\/it\\\/#website\"},\"primaryImageOfPage\":{\"@id\":\"https:\\\/\\\/www.accuratereviews.com\\\/it\\\/software-erogazione-prestiti\\\/goldpoint-systems-recensione\\\/#primaryimage\"},\"image\":{\"@id\":\"https:\\\/\\\/www.accuratereviews.com\\\/it\\\/software-erogazione-prestiti\\\/goldpoint-systems-recensione\\\/#primaryimage\"},\"thumbnailUrl\":\"https:\\\/\\\/www.accuratereviews.com\\\/wp-content\\\/uploads\\\/2021\\\/05\\\/Unknown-1.png\",\"datePublished\":\"2021-05-13T13:11:43+00:00\",\"description\":\"GOLDPoint Systems: recensione del software di prestito basato su cloud, che permette di gestire al meglio i mutuatari e i loro prestiti.\",\"breadcrumb\":{\"@id\":\"https:\\\/\\\/www.accuratereviews.com\\\/it\\\/software-erogazione-prestiti\\\/goldpoint-systems-recensione\\\/#breadcrumb\"},\"inLanguage\":\"it-IT\",\"potentialAction\":[{\"@type\":\"ReadAction\",\"target\":[\"https:\\\/\\\/www.accuratereviews.com\\\/it\\\/software-erogazione-prestiti\\\/goldpoint-systems-recensione\\\/\"]}]},{\"@type\":\"ImageObject\",\"inLanguage\":\"it-IT\",\"@id\":\"https:\\\/\\\/www.accuratereviews.com\\\/it\\\/software-erogazione-prestiti\\\/goldpoint-systems-recensione\\\/#primaryimage\",\"url\":\"https:\\\/\\\/www.accuratereviews.com\\\/wp-content\\\/uploads\\\/2021\\\/05\\\/Unknown-1.png\",\"contentUrl\":\"https:\\\/\\\/www.accuratereviews.com\\\/wp-content\\\/uploads\\\/2021\\\/05\\\/Unknown-1.png\",\"width\":791,\"height\":200},{\"@type\":\"BreadcrumbList\",\"@id\":\"https:\\\/\\\/www.accuratereviews.com\\\/it\\\/software-erogazione-prestiti\\\/goldpoint-systems-recensione\\\/#breadcrumb\",\"itemListElement\":[{\"@type\":\"ListItem\",\"position\":1,\"name\":\"Home\",\"item\":\"https:\\\/\\\/www.accuratereviews.com\\\/it\\\/\"},{\"@type\":\"ListItem\",\"position\":2,\"name\":\"Software per l&#8217;erogazione dei prestiti\",\"item\":\"https:\\\/\\\/www.accuratereviews.com\\\/it\\\/software-erogazione-prestiti\\\/\"},{\"@type\":\"ListItem\",\"position\":3,\"name\":\"GOLDPoint Systems\"}]},{\"@type\":\"WebSite\",\"@id\":\"https:\\\/\\\/www.accuratereviews.com\\\/it\\\/#website\",\"url\":\"https:\\\/\\\/www.accuratereviews.com\\\/it\\\/\",\"name\":\"Accurate Reviews\",\"description\":\"\",\"potentialAction\":[{\"@type\":\"SearchAction\",\"target\":{\"@type\":\"EntryPoint\",\"urlTemplate\":\"https:\\\/\\\/www.accuratereviews.com\\\/it\\\/?s={search_term_string}\"},\"query-input\":{\"@type\":\"PropertyValueSpecification\",\"valueRequired\":true,\"valueName\":\"search_term_string\"}}],\"inLanguage\":\"it-IT\"}]}<\/script>\n<!-- \/ Yoast SEO plugin. -->","yoast_head_json":{"title":"GOLDPoint Systems: recensione software prestito - Accurate Reviews","description":"GOLDPoint Systems: recensione del software di prestito basato su cloud, che permette di gestire al meglio i mutuatari e i loro prestiti.","robots":{"index":"index","follow":"follow","max-snippet":"max-snippet:-1","max-image-preview":"max-image-preview:large","max-video-preview":"max-video-preview:-1"},"canonical":"https:\/\/www.accuratereviews.com\/it\/software-erogazione-prestiti\/goldpoint-systems-recensione\/","og_locale":"it_IT","og_type":"article","og_title":"GOLDPoint Systems: recensione software prestito - Accurate Reviews","og_description":"GOLDPoint Systems: recensione del software di prestito basato su cloud, che permette di gestire al meglio i mutuatari e i loro prestiti.","og_url":"https:\/\/www.accuratereviews.com\/it\/software-erogazione-prestiti\/goldpoint-systems-recensione\/","og_site_name":"Accurate Reviews","og_image":[{"width":791,"height":200,"url":"https:\/\/www.accuratereviews.com\/wp-content\/uploads\/2021\/05\/Unknown-1.png","type":"image\/png"}],"twitter_card":"summary_large_image","twitter_misc":{"Tempo di lettura stimato":"3 minuti"},"schema":{"@context":"https:\/\/schema.org","@graph":[{"@type":"WebPage","@id":"https:\/\/www.accuratereviews.com\/it\/software-erogazione-prestiti\/goldpoint-systems-recensione\/","url":"https:\/\/www.accuratereviews.com\/it\/software-erogazione-prestiti\/goldpoint-systems-recensione\/","name":"GOLDPoint Systems: recensione software prestito - Accurate Reviews","isPartOf":{"@id":"https:\/\/www.accuratereviews.com\/it\/#website"},"primaryImageOfPage":{"@id":"https:\/\/www.accuratereviews.com\/it\/software-erogazione-prestiti\/goldpoint-systems-recensione\/#primaryimage"},"image":{"@id":"https:\/\/www.accuratereviews.com\/it\/software-erogazione-prestiti\/goldpoint-systems-recensione\/#primaryimage"},"thumbnailUrl":"https:\/\/www.accuratereviews.com\/wp-content\/uploads\/2021\/05\/Unknown-1.png","datePublished":"2021-05-13T13:11:43+00:00","description":"GOLDPoint Systems: recensione del software di prestito basato su cloud, che permette di gestire al meglio i mutuatari e i loro prestiti.","breadcrumb":{"@id":"https:\/\/www.accuratereviews.com\/it\/software-erogazione-prestiti\/goldpoint-systems-recensione\/#breadcrumb"},"inLanguage":"it-IT","potentialAction":[{"@type":"ReadAction","target":["https:\/\/www.accuratereviews.com\/it\/software-erogazione-prestiti\/goldpoint-systems-recensione\/"]}]},{"@type":"ImageObject","inLanguage":"it-IT","@id":"https:\/\/www.accuratereviews.com\/it\/software-erogazione-prestiti\/goldpoint-systems-recensione\/#primaryimage","url":"https:\/\/www.accuratereviews.com\/wp-content\/uploads\/2021\/05\/Unknown-1.png","contentUrl":"https:\/\/www.accuratereviews.com\/wp-content\/uploads\/2021\/05\/Unknown-1.png","width":791,"height":200},{"@type":"BreadcrumbList","@id":"https:\/\/www.accuratereviews.com\/it\/software-erogazione-prestiti\/goldpoint-systems-recensione\/#breadcrumb","itemListElement":[{"@type":"ListItem","position":1,"name":"Home","item":"https:\/\/www.accuratereviews.com\/it\/"},{"@type":"ListItem","position":2,"name":"Software per l&#8217;erogazione dei prestiti","item":"https:\/\/www.accuratereviews.com\/it\/software-erogazione-prestiti\/"},{"@type":"ListItem","position":3,"name":"GOLDPoint Systems"}]},{"@type":"WebSite","@id":"https:\/\/www.accuratereviews.com\/it\/#website","url":"https:\/\/www.accuratereviews.com\/it\/","name":"Accurate Reviews","description":"","potentialAction":[{"@type":"SearchAction","target":{"@type":"EntryPoint","urlTemplate":"https:\/\/www.accuratereviews.com\/it\/?s={search_term_string}"},"query-input":{"@type":"PropertyValueSpecification","valueRequired":true,"valueName":"search_term_string"}}],"inLanguage":"it-IT"}]}},"_links":{"self":[{"href":"https:\/\/www.accuratereviews.com\/it\/wp-json\/wp\/v2\/pages\/42593","targetHints":{"allow":["GET"]}}],"collection":[{"href":"https:\/\/www.accuratereviews.com\/it\/wp-json\/wp\/v2\/pages"}],"about":[{"href":"https:\/\/www.accuratereviews.com\/it\/wp-json\/wp\/v2\/types\/page"}],"author":[{"embeddable":true,"href":"https:\/\/www.accuratereviews.com\/it\/wp-json\/wp\/v2\/users\/17"}],"replies":[{"embeddable":true,"href":"https:\/\/www.accuratereviews.com\/it\/wp-json\/wp\/v2\/comments?post=42593"}],"version-history":[{"count":7,"href":"https:\/\/www.accuratereviews.com\/it\/wp-json\/wp\/v2\/pages\/42593\/revisions"}],"predecessor-version":[{"id":42627,"href":"https:\/\/www.accuratereviews.com\/it\/wp-json\/wp\/v2\/pages\/42593\/revisions\/42627"}],"up":[{"embeddable":true,"href":"https:\/\/www.accuratereviews.com\/it\/wp-json\/wp\/v2\/pages\/41330"}],"wp:featuredmedia":[{"embeddable":true,"href":"https:\/\/www.accuratereviews.com\/it\/wp-json\/wp\/v2\/media\/42609"}],"wp:attachment":[{"href":"https:\/\/www.accuratereviews.com\/it\/wp-json\/wp\/v2\/media?parent=42593"}],"wp:term":[{"taxonomy":"category","embeddable":true,"href":"https:\/\/www.accuratereviews.com\/it\/wp-json\/wp\/v2\/categories?post=42593"},{"taxonomy":"post_tag","embeddable":true,"href":"https:\/\/www.accuratereviews.com\/it\/wp-json\/wp\/v2\/tags?post=42593"},{"taxonomy":"features","embeddable":true,"href":"https:\/\/www.accuratereviews.com\/it\/wp-json\/wp\/v2\/features?post=42593"}],"curies":[{"name":"wp","href":"https:\/\/api.w.org\/{rel}","templated":true}]}}