{"id":42753,"date":"2021-05-17T12:19:52","date_gmt":"2021-05-17T12:19:52","guid":{"rendered":"https:\/\/www.accuratereviews.com\/?page_id=42753"},"modified":"2021-05-17T12:25:06","modified_gmt":"2021-05-17T12:25:06","slug":"truecommerce-recensione","status":"publish","type":"page","link":"https:\/\/www.accuratereviews.com\/it\/software-immissione-ordini\/truecommerce-recensione\/","title":{"rendered":"TrueCommerce"},"content":{"rendered":"<p><strong>TrueCommerce EDI<\/strong>\u00a0\u00e8 una <strong>soluzione di immissione degli ordini<\/strong> robusta e scalabile per le PMI. Si tratta di un software di facile utilizzo che offre una soluzione completa per la gestione di tutte le esigenze di conformit\u00e0 EDI. L&#8217;applicazione rivoluziona la connettivit\u00e0 dei partner commerciali collegando hub di vendita al dettaglio, fornitori e consumatori finali in una rete commerciale globale distinta. Fornisce servizi EDI flessibili e completamente gestiti che ottimizzano la potenza del processo della catena di fornitura per una maggiore elaborazione degli ordini e costi operativi ridotti. La soluzione\u00a0consente alle aziende di connettersi facilmente con i principali partner commerciali mentre si godono la comodit\u00e0 di una piattaforma consolidata. La distribuzione basata su <strong>cloud<\/strong> consente di accedere a EDI sempre e ovunque, a condizione che siano presenti connessioni Internet. Automatizza i backup e gli aggiornamenti ed elimina le spese di capitale aggiuntive.<\/p>\n<h2>TRUECOMMERCE EDI &#8211; TUTORIAL<\/h2>\n<p>Guarda il video tutorial che mostra come \u00e8 semplice usare questo<strong> software di immissione ordini<\/strong>:<\/p>\n<div id=\"fluid-wrapper-counter-1\" class=\"g1-fluid-wrapper \" style=\"width:686px;\">\n<div style=\"padding-bottom:56.268221574344%;\"><iframe loading=\"lazy\" title=\"Advance Shipment Notice Training Series: Part 7\" width=\"686\" height=\"386\" src=\"https:\/\/www.youtube.com\/embed\/i-C-Lw6d-rE?list=PLvO2DZhM7EIb6IjjioWBC4zD6NPCdrgJz\" frameborder=\"0\" allow=\"accelerometer; autoplay; clipboard-write; encrypted-media; gyroscope; picture-in-picture\" allowfullscreen><\/iframe><\/div>\n<\/div>\n<h2>TRUECOMMERCE EDI &#8211; CARATTERISTICHE<\/h2>\n<ul>\n<li><strong>Ordinazione B2B flessibile e familiare<\/strong>: utilizzare il portale degli ordini B2B \u00e8 facile come acquistare un sito business to consumer, ma con alcuni miglioramenti. Il tuo negozio B2B avr\u00e0 lo stesso aspetto di un negozio B2C ma pu\u00f2 supportare prezzi basati sul volume, ordini espressi di articoli con attributi e molto altro<\/li>\n<li><strong>Elaborazione rapida degli ordini<\/strong>: in pochi secondi, il sistema ti consente di acquisire pagamenti con carta di credito, stampare fatture ed etichette di spedizione, generare numeri di tracciabilit\u00e0 e molto altro ancora. Anche l&#8217;emissione di rimborsi o l&#8217;elaborazione di ordini all&#8217;ingrosso \u00e8 semplice e veloce con il semplice ma potente sistema di gestione degli ordini<\/li>\n<li><strong>Integrazione avanzata di Amazon Marketplace<\/strong>: ti rende facile vendere con successo su Amazon. Quando il tuo prodotto viene ordinato, l&#8217;ordine fluisce senza problemi in un sistema di gestione degli ordini Nexternal (proprio come un ordine dal tuo negozio di marca) per una facile elaborazione. In questo modo tanti consumatori oggi iniziano la loro sessione di acquisto su Amazon. Non puoi permetterti di non essere l\u00ec<\/li>\n<li><strong>Connettiti senza problemi a pi\u00f9 di una dozzina di sistemi aziendali<\/strong>: con le integrazioni della piattaforma sei in grado di sincronizzare i dati degli ordini tra la tua piattaforma ecommerce e il tuo sistema aziendale. Che si tratti di QuickBooks, Sage, Microsoft Dynamics o NetSuite, abbiamo quello che fa per te<\/li>\n<li><strong>Contatta i tuoi clienti con strumenti di marketing in abbondanza<\/strong>: ci sono molti modi in cui gli acquirenti possono trovare il tuo sito e il software li assiste tutti. Che si tratti di email marketing, ottimizzazione dei motori di ricerca, social media, mercati o traffico di affiliazione, avrai gli strumenti di marketing ecommerce integrati nel tuo backend Nexternal per sfruttare tutti questi canali.<\/li>\n<li><strong>Visibilit\u00e0 in tempo reale<\/strong>: \u00e8 possibile eseguire migliaia di combinazioni di query e limitare un report in base ai risultati. Trova i dati per supportare le tue decisioni di grande impresa, scopri le tendenze e rimani aggiornato su tutto con pochi clic.<\/li>\n<\/ul>\n<h4>LE RECENSIONE DEGLI UTENTI<\/h4>\n<p class=\"font-weight-bold mb-1 d-flex align-items-center\"><strong>Todd S.&#8221;Ottima soluzione EDI&#8221;<\/strong><\/p>\n<p><strong>Commenti: <\/strong>L&#8217;assistenza clienti \u00e8 stata eccellente. Siamo stati in grado di far crescere la nostra attivit\u00e0 grazie alla collaborazione con TrueCommerce.<\/p>\n<p><strong>Pro: <\/strong>Ci consente di elaborare gli ordini in modo efficiente e accurato. TrueCommerce ci ha permesso di far crescere la nostra attivit\u00e0 perch\u00e9 molti dei nostri clienti richiedono EDI per condurre gli affari.<\/p>\n<p><strong>Contro: <\/strong>Dopo una piccola curva di apprendimento siamo stati in grado di accogliere i clienti molto pi\u00f9 rapidamente<\/p>\n<p class=\"font-weight-bold mb-1 d-flex align-items-center\"><strong>Randy W.&#8221;Gestione degli ordini semplificata&#8221;<\/strong><\/p>\n<p><strong>Commenti: <\/strong>Ha aiutato ad automatizzare tutta la mia attivit\u00e0. Gli ordini vengono ricevuti pi\u00f9 rapidamente e arrivano pi\u00f9 rapidamente al piano di spedizione. Le fatture e il monitoraggio vengono inviati automaticamente.<\/p>\n<p><strong>Pro: <\/strong>\u00c8 la capacit\u00e0 di trovare soluzioni diverse per ogni cliente. Non \u00e8 necessariamente un programma plug and play. Pu\u00f2 farti risparmiare un sacco di tempo e denaro.<\/p>\n<p><strong>Contro: <\/strong>L&#8217;interfaccia a volte pu\u00f2 essere difficile da navigare rispetto alle versioni precedenti, ma riesco comunque a fare ci\u00f2 che deve essere fatto.<\/p>\n<p class=\"font-weight-bold mb-1 d-flex align-items-center\"><strong>Tom M.&#8221;Integrazione EDI&#8221;<\/strong><\/p>\n<p><strong>Commenti: <\/strong>Abbiamo un&#8217;ottima esperienza nell&#8217;automazione di funzioni che hanno ridotto notevolmente le ore di lavoro in due funzioni, fatturazione e generazione di etichette di spedizione.<\/p>\n<p><strong>Pro: <\/strong>Mi piace che possiamo automatizzare le nostre transazioni con altri software come Quickbooks e UPS\/Fedex<\/p>\n<p><strong>Contro: <\/strong>Ogni nostro cliente ha requisiti diversi per il proprio EDI<\/p>\n","protected":false},"excerpt":{"rendered":"<p>TrueCommerce EDI\u00a0\u00e8 una soluzione di immissione degli ordini robusta e scalabile per le PMI. Si tratta di un software di facile utilizzo che offre una soluzione completa per la gestione di tutte le esigenze di conformit\u00e0 EDI. L&#8217;applicazione rivoluziona la connettivit\u00e0 dei partner commerciali collegando hub di vendita al dettaglio, fornitori e consumatori finali in una rete commerciale globale distinta<\/p>\n","protected":false},"author":16,"featured_media":42755,"parent":42766,"menu_order":0,"comment_status":"open","ping_status":"closed","template":"g1_template_page_review_new.php","meta":{"_acf_changed":false,"cwp_meta_box_check":"Yes","cwp_rev_product_name":"","cwp_rev_product_image":"","wppr_links":[],"cwp_rev_price":"","wppr_options":[],"wppr_pros":[],"wppr_cons":[],"_monsterinsights_skip_tracking":false,"_monsterinsights_sitenote_active":false,"_monsterinsights_sitenote_note":"","_monsterinsights_sitenote_category":0,"footnotes":""},"categories":[5951],"tags":[396,5963,5962,5960,5961,5964],"features":[],"class_list":{"0":"post-42753","1":"page","2":"type-page","3":"status-publish","4":"has-post-thumbnail","6":"category-software-immissione-ordini-categoria","7":"tag-cloud","8":"tag-piattaforma-immissioni-ordini","9":"tag-programma-immissioni-ordini","10":"tag-software-immissioni-ordini","11":"tag-soluzione-immissioni-ordini","12":"tag-truecommerce"},"wppr_data":{"cwp_meta_box_check":"Yes","cwp_rev_product_name":"","cwp_rev_product_image":"","cwp_image_link":"image","cwp_rev_price":"","wppr_rating":"0.00"},"acf":[],"yoast_head":"<!-- This site is optimized with the Yoast SEO plugin v27.4 - https:\/\/yoast.com\/product\/yoast-seo-wordpress\/ -->\n<title>TrueCommerce EDI: recensione software immissioni ordini<\/title>\n<meta name=\"description\" content=\"TrueCommerce EDI: recensione\u00a0soluzione di immissione degli ordini robusta e scalabile per le PMI basata su cloud.\" \/>\n<meta name=\"robots\" content=\"index, follow, max-snippet:-1, max-image-preview:large, max-video-preview:-1\" \/>\n<link rel=\"canonical\" href=\"https:\/\/www.accuratereviews.com\/it\/software-immissione-ordini\/truecommerce-recensione\/\" \/>\n<meta property=\"og:locale\" content=\"it_IT\" \/>\n<meta property=\"og:type\" content=\"article\" \/>\n<meta property=\"og:title\" content=\"TrueCommerce EDI: recensione software immissioni ordini\" \/>\n<meta property=\"og:description\" content=\"TrueCommerce EDI: recensione\u00a0soluzione di immissione degli ordini robusta e scalabile per le PMI basata su cloud.\" \/>\n<meta property=\"og:url\" content=\"https:\/\/www.accuratereviews.com\/it\/software-immissione-ordini\/truecommerce-recensione\/\" \/>\n<meta property=\"og:site_name\" content=\"Accurate Reviews\" \/>\n<meta property=\"article:modified_time\" content=\"2021-05-17T12:25:06+00:00\" \/>\n<meta property=\"og:image\" content=\"https:\/\/www.accuratereviews.com\/wp-content\/uploads\/2021\/05\/9a4739cf12e99e900b15dc6dac80f694.jpg\" \/>\n\t<meta property=\"og:image:width\" content=\"280\" \/>\n\t<meta property=\"og:image:height\" content=\"280\" \/>\n\t<meta property=\"og:image:type\" content=\"image\/jpeg\" \/>\n<meta name=\"twitter:card\" content=\"summary_large_image\" \/>\n<meta name=\"twitter:label1\" content=\"Tempo di lettura stimato\" \/>\n\t<meta name=\"twitter:data1\" content=\"4 minuti\" \/>\n<script type=\"application\/ld+json\" class=\"yoast-schema-graph\">{\"@context\":\"https:\\\/\\\/schema.org\",\"@graph\":[{\"@type\":\"WebPage\",\"@id\":\"https:\\\/\\\/www.accuratereviews.com\\\/it\\\/software-immissione-ordini\\\/truecommerce-recensione\\\/\",\"url\":\"https:\\\/\\\/www.accuratereviews.com\\\/it\\\/software-immissione-ordini\\\/truecommerce-recensione\\\/\",\"name\":\"TrueCommerce EDI: recensione software immissioni ordini\",\"isPartOf\":{\"@id\":\"https:\\\/\\\/www.accuratereviews.com\\\/it\\\/#website\"},\"primaryImageOfPage\":{\"@id\":\"https:\\\/\\\/www.accuratereviews.com\\\/it\\\/software-immissione-ordini\\\/truecommerce-recensione\\\/#primaryimage\"},\"image\":{\"@id\":\"https:\\\/\\\/www.accuratereviews.com\\\/it\\\/software-immissione-ordini\\\/truecommerce-recensione\\\/#primaryimage\"},\"thumbnailUrl\":\"https:\\\/\\\/www.accuratereviews.com\\\/wp-content\\\/uploads\\\/2021\\\/05\\\/9a4739cf12e99e900b15dc6dac80f694.jpg\",\"datePublished\":\"2021-05-17T12:19:52+00:00\",\"dateModified\":\"2021-05-17T12:25:06+00:00\",\"description\":\"TrueCommerce EDI: recensione\u00a0soluzione di immissione degli ordini robusta e scalabile per le PMI basata su cloud.\",\"breadcrumb\":{\"@id\":\"https:\\\/\\\/www.accuratereviews.com\\\/it\\\/software-immissione-ordini\\\/truecommerce-recensione\\\/#breadcrumb\"},\"inLanguage\":\"it-IT\",\"potentialAction\":[{\"@type\":\"ReadAction\",\"target\":[\"https:\\\/\\\/www.accuratereviews.com\\\/it\\\/software-immissione-ordini\\\/truecommerce-recensione\\\/\"]}]},{\"@type\":\"ImageObject\",\"inLanguage\":\"it-IT\",\"@id\":\"https:\\\/\\\/www.accuratereviews.com\\\/it\\\/software-immissione-ordini\\\/truecommerce-recensione\\\/#primaryimage\",\"url\":\"https:\\\/\\\/www.accuratereviews.com\\\/wp-content\\\/uploads\\\/2021\\\/05\\\/9a4739cf12e99e900b15dc6dac80f694.jpg\",\"contentUrl\":\"https:\\\/\\\/www.accuratereviews.com\\\/wp-content\\\/uploads\\\/2021\\\/05\\\/9a4739cf12e99e900b15dc6dac80f694.jpg\",\"width\":280,\"height\":280},{\"@type\":\"BreadcrumbList\",\"@id\":\"https:\\\/\\\/www.accuratereviews.com\\\/it\\\/software-immissione-ordini\\\/truecommerce-recensione\\\/#breadcrumb\",\"itemListElement\":[{\"@type\":\"ListItem\",\"position\":1,\"name\":\"Home\",\"item\":\"https:\\\/\\\/www.accuratereviews.com\\\/it\\\/\"},{\"@type\":\"ListItem\",\"position\":2,\"name\":\"Software per immissione di ordini\",\"item\":\"https:\\\/\\\/www.accuratereviews.com\\\/it\\\/software-immissione-ordini\\\/\"},{\"@type\":\"ListItem\",\"position\":3,\"name\":\"TrueCommerce\"}]},{\"@type\":\"WebSite\",\"@id\":\"https:\\\/\\\/www.accuratereviews.com\\\/it\\\/#website\",\"url\":\"https:\\\/\\\/www.accuratereviews.com\\\/it\\\/\",\"name\":\"Accurate Reviews\",\"description\":\"\",\"potentialAction\":[{\"@type\":\"SearchAction\",\"target\":{\"@type\":\"EntryPoint\",\"urlTemplate\":\"https:\\\/\\\/www.accuratereviews.com\\\/it\\\/?s={search_term_string}\"},\"query-input\":{\"@type\":\"PropertyValueSpecification\",\"valueRequired\":true,\"valueName\":\"search_term_string\"}}],\"inLanguage\":\"it-IT\"}]}<\/script>\n<!-- \/ Yoast SEO plugin. -->","yoast_head_json":{"title":"TrueCommerce EDI: recensione software immissioni ordini","description":"TrueCommerce EDI: recensione\u00a0soluzione di immissione degli ordini robusta e scalabile per le PMI basata su cloud.","robots":{"index":"index","follow":"follow","max-snippet":"max-snippet:-1","max-image-preview":"max-image-preview:large","max-video-preview":"max-video-preview:-1"},"canonical":"https:\/\/www.accuratereviews.com\/it\/software-immissione-ordini\/truecommerce-recensione\/","og_locale":"it_IT","og_type":"article","og_title":"TrueCommerce EDI: recensione software immissioni ordini","og_description":"TrueCommerce EDI: recensione\u00a0soluzione di immissione degli ordini robusta e scalabile per le PMI basata su cloud.","og_url":"https:\/\/www.accuratereviews.com\/it\/software-immissione-ordini\/truecommerce-recensione\/","og_site_name":"Accurate Reviews","article_modified_time":"2021-05-17T12:25:06+00:00","og_image":[{"width":280,"height":280,"url":"https:\/\/www.accuratereviews.com\/wp-content\/uploads\/2021\/05\/9a4739cf12e99e900b15dc6dac80f694.jpg","type":"image\/jpeg"}],"twitter_card":"summary_large_image","twitter_misc":{"Tempo di lettura stimato":"4 minuti"},"schema":{"@context":"https:\/\/schema.org","@graph":[{"@type":"WebPage","@id":"https:\/\/www.accuratereviews.com\/it\/software-immissione-ordini\/truecommerce-recensione\/","url":"https:\/\/www.accuratereviews.com\/it\/software-immissione-ordini\/truecommerce-recensione\/","name":"TrueCommerce EDI: recensione software immissioni ordini","isPartOf":{"@id":"https:\/\/www.accuratereviews.com\/it\/#website"},"primaryImageOfPage":{"@id":"https:\/\/www.accuratereviews.com\/it\/software-immissione-ordini\/truecommerce-recensione\/#primaryimage"},"image":{"@id":"https:\/\/www.accuratereviews.com\/it\/software-immissione-ordini\/truecommerce-recensione\/#primaryimage"},"thumbnailUrl":"https:\/\/www.accuratereviews.com\/wp-content\/uploads\/2021\/05\/9a4739cf12e99e900b15dc6dac80f694.jpg","datePublished":"2021-05-17T12:19:52+00:00","dateModified":"2021-05-17T12:25:06+00:00","description":"TrueCommerce EDI: recensione\u00a0soluzione di immissione degli ordini robusta e scalabile per le PMI basata su cloud.","breadcrumb":{"@id":"https:\/\/www.accuratereviews.com\/it\/software-immissione-ordini\/truecommerce-recensione\/#breadcrumb"},"inLanguage":"it-IT","potentialAction":[{"@type":"ReadAction","target":["https:\/\/www.accuratereviews.com\/it\/software-immissione-ordini\/truecommerce-recensione\/"]}]},{"@type":"ImageObject","inLanguage":"it-IT","@id":"https:\/\/www.accuratereviews.com\/it\/software-immissione-ordini\/truecommerce-recensione\/#primaryimage","url":"https:\/\/www.accuratereviews.com\/wp-content\/uploads\/2021\/05\/9a4739cf12e99e900b15dc6dac80f694.jpg","contentUrl":"https:\/\/www.accuratereviews.com\/wp-content\/uploads\/2021\/05\/9a4739cf12e99e900b15dc6dac80f694.jpg","width":280,"height":280},{"@type":"BreadcrumbList","@id":"https:\/\/www.accuratereviews.com\/it\/software-immissione-ordini\/truecommerce-recensione\/#breadcrumb","itemListElement":[{"@type":"ListItem","position":1,"name":"Home","item":"https:\/\/www.accuratereviews.com\/it\/"},{"@type":"ListItem","position":2,"name":"Software per immissione di ordini","item":"https:\/\/www.accuratereviews.com\/it\/software-immissione-ordini\/"},{"@type":"ListItem","position":3,"name":"TrueCommerce"}]},{"@type":"WebSite","@id":"https:\/\/www.accuratereviews.com\/it\/#website","url":"https:\/\/www.accuratereviews.com\/it\/","name":"Accurate Reviews","description":"","potentialAction":[{"@type":"SearchAction","target":{"@type":"EntryPoint","urlTemplate":"https:\/\/www.accuratereviews.com\/it\/?s={search_term_string}"},"query-input":{"@type":"PropertyValueSpecification","valueRequired":true,"valueName":"search_term_string"}}],"inLanguage":"it-IT"}]}},"_links":{"self":[{"href":"https:\/\/www.accuratereviews.com\/it\/wp-json\/wp\/v2\/pages\/42753","targetHints":{"allow":["GET"]}}],"collection":[{"href":"https:\/\/www.accuratereviews.com\/it\/wp-json\/wp\/v2\/pages"}],"about":[{"href":"https:\/\/www.accuratereviews.com\/it\/wp-json\/wp\/v2\/types\/page"}],"author":[{"embeddable":true,"href":"https:\/\/www.accuratereviews.com\/it\/wp-json\/wp\/v2\/users\/16"}],"replies":[{"embeddable":true,"href":"https:\/\/www.accuratereviews.com\/it\/wp-json\/wp\/v2\/comments?post=42753"}],"version-history":[{"count":15,"href":"https:\/\/www.accuratereviews.com\/it\/wp-json\/wp\/v2\/pages\/42753\/revisions"}],"predecessor-version":[{"id":42827,"href":"https:\/\/www.accuratereviews.com\/it\/wp-json\/wp\/v2\/pages\/42753\/revisions\/42827"}],"up":[{"embeddable":true,"href":"https:\/\/www.accuratereviews.com\/it\/wp-json\/wp\/v2\/pages\/42766"}],"wp:featuredmedia":[{"embeddable":true,"href":"https:\/\/www.accuratereviews.com\/it\/wp-json\/wp\/v2\/media\/42755"}],"wp:attachment":[{"href":"https:\/\/www.accuratereviews.com\/it\/wp-json\/wp\/v2\/media?parent=42753"}],"wp:term":[{"taxonomy":"category","embeddable":true,"href":"https:\/\/www.accuratereviews.com\/it\/wp-json\/wp\/v2\/categories?post=42753"},{"taxonomy":"post_tag","embeddable":true,"href":"https:\/\/www.accuratereviews.com\/it\/wp-json\/wp\/v2\/tags?post=42753"},{"taxonomy":"features","embeddable":true,"href":"https:\/\/www.accuratereviews.com\/it\/wp-json\/wp\/v2\/features?post=42753"}],"curies":[{"name":"wp","href":"https:\/\/api.w.org\/{rel}","templated":true}]}}