{"id":42812,"date":"2021-05-18T13:00:31","date_gmt":"2021-05-18T13:00:31","guid":{"rendered":"https:\/\/www.accuratereviews.com\/?page_id=42812"},"modified":"2021-05-18T13:00:31","modified_gmt":"2021-05-18T13:00:31","slug":"brightpearl-recensione","status":"publish","type":"page","link":"https:\/\/www.accuratereviews.com\/it\/software-immissione-ordini\/brightpearl-recensione\/","title":{"rendered":"Brightpearl"},"content":{"rendered":"<p><strong>Brightpearl<\/strong> \u00e8 un <strong>software per l&#8217;immissione di ordini<\/strong>\u00a0che si rivolge principalmente a commercianti omnicanale, attivit\u00e0 di vendita al dettaglio e all&#8217;ingrosso. L&#8217;obiettivo \u00e8 quello di supportare rivenditori e grossisti nell&#8217;aumentare le proprie vendite, superare le aspettative dei consumatori e rispondere rapidamente ai mercati in evoluzione.<br \/>\nSi tratta di una <strong>piattaforma di operazioni digitali<\/strong> su misura con una solida infrastruttura funzionale per automatizzare tutti i processi riguardanti l&#8217;inventario, la gestione degli ordini, del magazzino, dell&#8217;evasione, della spedizione, degli acquisti, della contabilit\u00e0, dei fornitori, dei pagamenti POS e della gestione dei clienti (CRM).<\/p>\n<h2>BRIGHTPEARL &#8211; TUTORIAL<\/h2>\n<p>Di seguito un breve video che ci mostra come funziona questo <strong>programma per l&#8217;immissione di ordini<\/strong>:<\/p>\n<div id=\"fluid-wrapper-counter-1\" class=\"g1-fluid-wrapper \" style=\"width:686px;\">\n<div style=\"padding-bottom:56.268221574344%;\"><iframe loading=\"lazy\" title=\"Automating Your eCommerce | Brightpearl\" width=\"686\" height=\"386\" src=\"https:\/\/www.youtube.com\/embed\/s4CIWY9qSxM?feature=oembed&amp;wmode=transparent&amp;autohide=1&amp;autoplay=0&amp;disablekb=0&amp;fs=1&amp;loop=0&amp;enablejsapi=1&amp;rel=0&amp;controls=2&amp;showinfo=0&amp;wmode=transparent&amp;autohide=2&amp;autoplay=0&amp;disablekb=0&amp;fs=1&amp;loop=0&amp;enablejsapi=1&amp;rel=0&amp;controls=2&amp;showinfo=1\" frameborder=\"0\" allow=\"accelerometer; autoplay; clipboard-write; encrypted-media; gyroscope; picture-in-picture\" allowfullscreen><\/iframe><\/div>\n<\/div>\n<h3>BRIGHTPEARL &#8211; CARATTERISTICHE<\/h3>\n<ul>\n<li><strong>Contabilit\u00e0 al dettaglio<\/strong>: contabilizza automaticamente l&#8217;attivit\u00e0 di negoziazione, genera un conto economico e un bilancio su richiesta, monitora contabilit\u00e0 fornitori e crediti in tempo reale ed espandi attraverso il commercio transfrontaliero con supporto multivaluta<\/li>\n<li><strong>Pagamenti<\/strong>: invia fatture click-to-pay, accedi a flussi di lavoro di pagamento B2B, accetta pagamenti per ordini telefonici e salva i dettagli della carta cliente per un utilizzo futuro<\/li>\n<li><strong>Acquisti e gestione dei fornitori<\/strong>: monitora contabilit\u00e0 fornitori in tempo reale, gestione dei costi logistici, gestione dei rapporti con i fornitori e aggiornamento dei costi di inventario utilizzando il metodo FIFO<\/li>\n<li><strong>Automazione del flusso di lavoro<\/strong>: automatizza il flusso di lavoro e l&#8217;intero processo order-to-cash, modifica e risparmiare tempo sulle attivit\u00e0 manuali riducendo gli errori umani<\/li>\n<li><strong>Reporting e business intelligence<\/strong>: visualizza analisi di vendite e prestazioni, genera un conto economico e stato patrimoniale su richiesta e definisci la quantit\u00e0 delle scorte dell&#8217;inventario<\/li>\n<li><strong>CRM<\/strong>: automatizza il tuo email marketing, visione a 360 gradi dei clienti, CRM all&#8217;ingrosso e migliora il tuo servizio clienti<\/li>\n<li><strong>POS<\/strong>: salva la vendita quando non hai un articolo in magazzino, modalit\u00e0 offline, prestazioni in tempo reale e transazioni in pausa<\/li>\n<li><strong>Gestione del magazzino<\/strong>: gestione del magazzino multi-posizione, sistema di scansione dei codici a barre intuitivo, meno errori nel processo di prelievo\/imballaggio\/spedizione e tempi di gestione degli ordini inferiori<\/li>\n<li><strong>Spedizione e adempimento<\/strong>: gestione del magazzino multi-posizione, gestione dell&#8217;evasione di ordini complessi, integrazioni di spedizione automatizzate e flussi di lavoro configurabili<\/li>\n<li><strong>Pianificazione dell&#8217;inventario e della domanda<\/strong>: previsione automatica per il rifornimento, possibilit\u00e0 di investire nei prodotti giusti, rilasciare denaro legato a scorte in eccesso e ordinare un prodotto sufficiente per soddisfare la domanda<\/li>\n<li><strong>Gestione degli ordini di vendita<\/strong>: gestisci ordini multicanale in un unico sistema, POS integrato, e-commerce, marketplace, EDI, spedizione e 3PL, elabora migliaia di ordini ogni giorno e integra l&#8217;evasione multi-magazzino<\/li>\n<li><strong>Gestione dell&#8217;inventario<\/strong>: monitora l&#8217;inventario dall&#8217;acquisto alla vendita, contabilit\u00e0 automatica dei costi di inventario, prendi decisioni di acquisto basate sui dati e insight in tempo reale su pi\u00f9 sedi e canali di vendita.<\/li>\n<\/ul>\n<h4>LE RECENSIONI DEGLI UTENTI<\/h4>\n<p><strong>Ellie M. &#8220;Piattaforma eccellente e intelligente&#8221;<\/strong><br \/>\nCOMMENTI: una piattaforma intelligente che permette all&#8217;azienda di riportare e sviluppare i propri punti di forza e di debolezza. Oltre a gestire le scorte, gli ordini dei clienti e creare informazioni per l&#8217;azienda. Le funzionalit\u00e0 disponibili si adattano a una variet\u00e0 di esigenze aziendali e il servizio clienti e il sistema di supporto sono fondamentali.<br \/>\nPRO: le capacit\u00e0 e il reporting coinvolti nel controllo delle scorte e degli ordini<br \/>\nCONTRO: abbiamo massimizzato le capacit\u00e0 di Brightpearl, ma a causa delle loro ampie risorse stiamo esaminando il loro altro servizio di analisi per soddisfare le nostre esigenze.<\/p>\n<p><strong>Nicky S. &#8220;Ottimo software&#8221;<\/strong><br \/>\nPRO: il controllo delle scorte \u00e8 il pi\u00f9 efficace e utile<br \/>\nCONTRO: i componenti aggiuntivi necessari come l&#8217;automazione<\/p>\n<p><strong>Dickens O. &#8220;Broghtpearl il nuovo ERP!&#8221;<\/strong><br \/>\nCOMMENTI: utilizzo Brightpearl da pi\u00f9 di un anno e una cosa \u00e8 evidente. Efficacia, \u00e8 molto leggero e le schede si caricano rapidamente, posso dire per chi ha bisogno di un sistema di gestione aziendale adeguato, BP lo \u00e8.<br \/>\nPRO: \u00e8 intuitivo e molto facile da integrare con altre piattaforme di e-commerce come Shopify.<br \/>\nCONTRO: richiede un po&#8217; di formazione per iniziare.<\/p>\n","protected":false},"excerpt":{"rendered":"<p>Brightpearl \u00e8 un software per l&#8217;immissione di ordini\u00a0che si rivolge principalmente a commercianti omnicanale, attivit\u00e0 di vendita al dettaglio e all&#8217;ingrosso. L&#8217;obiettivo \u00e8 quello di supportare rivenditori e grossisti nell&#8217;aumentare le proprie vendite, superare le aspettative dei consumatori e rispondere rapidamente ai mercati in evoluzione.<\/p>\n","protected":false},"author":17,"featured_media":42813,"parent":42766,"menu_order":0,"comment_status":"open","ping_status":"closed","template":"g1_template_page_review_new.php","meta":{"_acf_changed":false,"cwp_meta_box_check":"No","cwp_rev_product_name":"","cwp_rev_product_image":"","wppr_links":[],"cwp_rev_price":"","wppr_options":[],"wppr_pros":[],"wppr_cons":[],"_monsterinsights_skip_tracking":false,"_monsterinsights_sitenote_active":false,"_monsterinsights_sitenote_note":"","_monsterinsights_sitenote_category":0,"footnotes":""},"categories":[5951],"tags":[5986,5969,367,5985,5968,5953,5967],"features":[],"class_list":{"0":"post-42812","1":"page","2":"type-page","3":"status-publish","4":"has-post-thumbnail","6":"category-software-immissione-ordini-categoria","7":"tag-gestione-ecommerce","8":"tag-gestione-immissione-ordini","9":"tag-gestione-magazzino","10":"tag-ordini","11":"tag-programma-immissione-ordini","12":"tag-software-per-limmissione-degli-ordini","13":"tag-soluzione-immissione-ordini"},"wppr_data":{"cwp_meta_box_check":"No"},"acf":[],"yoast_head":"<!-- This site is optimized with the Yoast SEO plugin v27.4 - https:\/\/yoast.com\/product\/yoast-seo-wordpress\/ -->\n<title>Brightpearl: recensione software immissione ordini - Accurate Reviews<\/title>\n<meta name=\"description\" content=\"Brightpearl \u00e8 un software per l&#039;immissione di ordini\u00a0utile per commercianti omnicanale, attivit\u00e0 di vendita al dettaglio e all&#039;ingrosso.\" \/>\n<meta name=\"robots\" content=\"index, follow, max-snippet:-1, max-image-preview:large, max-video-preview:-1\" \/>\n<link rel=\"canonical\" href=\"https:\/\/www.accuratereviews.com\/it\/software-immissione-ordini\/brightpearl-recensione\/\" \/>\n<meta property=\"og:locale\" content=\"it_IT\" \/>\n<meta property=\"og:type\" content=\"article\" \/>\n<meta property=\"og:title\" content=\"Brightpearl: recensione software immissione ordini - Accurate Reviews\" \/>\n<meta property=\"og:description\" content=\"Brightpearl \u00e8 un software per l&#039;immissione di ordini\u00a0utile per commercianti omnicanale, attivit\u00e0 di vendita al dettaglio e all&#039;ingrosso.\" \/>\n<meta property=\"og:url\" content=\"https:\/\/www.accuratereviews.com\/it\/software-immissione-ordini\/brightpearl-recensione\/\" \/>\n<meta property=\"og:site_name\" content=\"Accurate Reviews\" \/>\n<meta property=\"og:image\" content=\"https:\/\/www.accuratereviews.com\/wp-content\/uploads\/2021\/05\/Schermata-2021-05-17-alle-14.40.17.png\" \/>\n\t<meta property=\"og:image:width\" content=\"478\" \/>\n\t<meta property=\"og:image:height\" content=\"200\" \/>\n\t<meta property=\"og:image:type\" content=\"image\/png\" \/>\n<meta name=\"twitter:card\" content=\"summary_large_image\" \/>\n<meta name=\"twitter:label1\" content=\"Tempo di lettura stimato\" \/>\n\t<meta name=\"twitter:data1\" content=\"3 minuti\" \/>\n<script type=\"application\/ld+json\" class=\"yoast-schema-graph\">{\"@context\":\"https:\\\/\\\/schema.org\",\"@graph\":[{\"@type\":\"WebPage\",\"@id\":\"https:\\\/\\\/www.accuratereviews.com\\\/it\\\/software-immissione-ordini\\\/brightpearl-recensione\\\/\",\"url\":\"https:\\\/\\\/www.accuratereviews.com\\\/it\\\/software-immissione-ordini\\\/brightpearl-recensione\\\/\",\"name\":\"Brightpearl: recensione software immissione ordini - Accurate Reviews\",\"isPartOf\":{\"@id\":\"https:\\\/\\\/www.accuratereviews.com\\\/it\\\/#website\"},\"primaryImageOfPage\":{\"@id\":\"https:\\\/\\\/www.accuratereviews.com\\\/it\\\/software-immissione-ordini\\\/brightpearl-recensione\\\/#primaryimage\"},\"image\":{\"@id\":\"https:\\\/\\\/www.accuratereviews.com\\\/it\\\/software-immissione-ordini\\\/brightpearl-recensione\\\/#primaryimage\"},\"thumbnailUrl\":\"https:\\\/\\\/www.accuratereviews.com\\\/wp-content\\\/uploads\\\/2021\\\/05\\\/Schermata-2021-05-17-alle-14.40.17.png\",\"datePublished\":\"2021-05-18T13:00:31+00:00\",\"description\":\"Brightpearl \u00e8 un software per l'immissione di ordini\u00a0utile per commercianti omnicanale, attivit\u00e0 di vendita al dettaglio e all'ingrosso.\",\"breadcrumb\":{\"@id\":\"https:\\\/\\\/www.accuratereviews.com\\\/it\\\/software-immissione-ordini\\\/brightpearl-recensione\\\/#breadcrumb\"},\"inLanguage\":\"it-IT\",\"potentialAction\":[{\"@type\":\"ReadAction\",\"target\":[\"https:\\\/\\\/www.accuratereviews.com\\\/it\\\/software-immissione-ordini\\\/brightpearl-recensione\\\/\"]}]},{\"@type\":\"ImageObject\",\"inLanguage\":\"it-IT\",\"@id\":\"https:\\\/\\\/www.accuratereviews.com\\\/it\\\/software-immissione-ordini\\\/brightpearl-recensione\\\/#primaryimage\",\"url\":\"https:\\\/\\\/www.accuratereviews.com\\\/wp-content\\\/uploads\\\/2021\\\/05\\\/Schermata-2021-05-17-alle-14.40.17.png\",\"contentUrl\":\"https:\\\/\\\/www.accuratereviews.com\\\/wp-content\\\/uploads\\\/2021\\\/05\\\/Schermata-2021-05-17-alle-14.40.17.png\",\"width\":478,\"height\":200},{\"@type\":\"BreadcrumbList\",\"@id\":\"https:\\\/\\\/www.accuratereviews.com\\\/it\\\/software-immissione-ordini\\\/brightpearl-recensione\\\/#breadcrumb\",\"itemListElement\":[{\"@type\":\"ListItem\",\"position\":1,\"name\":\"Home\",\"item\":\"https:\\\/\\\/www.accuratereviews.com\\\/it\\\/\"},{\"@type\":\"ListItem\",\"position\":2,\"name\":\"Software per immissione di ordini\",\"item\":\"https:\\\/\\\/www.accuratereviews.com\\\/it\\\/software-immissione-ordini\\\/\"},{\"@type\":\"ListItem\",\"position\":3,\"name\":\"Brightpearl\"}]},{\"@type\":\"WebSite\",\"@id\":\"https:\\\/\\\/www.accuratereviews.com\\\/it\\\/#website\",\"url\":\"https:\\\/\\\/www.accuratereviews.com\\\/it\\\/\",\"name\":\"Accurate Reviews\",\"description\":\"\",\"potentialAction\":[{\"@type\":\"SearchAction\",\"target\":{\"@type\":\"EntryPoint\",\"urlTemplate\":\"https:\\\/\\\/www.accuratereviews.com\\\/it\\\/?s={search_term_string}\"},\"query-input\":{\"@type\":\"PropertyValueSpecification\",\"valueRequired\":true,\"valueName\":\"search_term_string\"}}],\"inLanguage\":\"it-IT\"}]}<\/script>\n<!-- \/ Yoast SEO plugin. -->","yoast_head_json":{"title":"Brightpearl: recensione software immissione ordini - Accurate Reviews","description":"Brightpearl \u00e8 un software per l'immissione di ordini\u00a0utile per commercianti omnicanale, attivit\u00e0 di vendita al dettaglio e all'ingrosso.","robots":{"index":"index","follow":"follow","max-snippet":"max-snippet:-1","max-image-preview":"max-image-preview:large","max-video-preview":"max-video-preview:-1"},"canonical":"https:\/\/www.accuratereviews.com\/it\/software-immissione-ordini\/brightpearl-recensione\/","og_locale":"it_IT","og_type":"article","og_title":"Brightpearl: recensione software immissione ordini - Accurate Reviews","og_description":"Brightpearl \u00e8 un software per l'immissione di ordini\u00a0utile per commercianti omnicanale, attivit\u00e0 di vendita al dettaglio e all'ingrosso.","og_url":"https:\/\/www.accuratereviews.com\/it\/software-immissione-ordini\/brightpearl-recensione\/","og_site_name":"Accurate Reviews","og_image":[{"width":478,"height":200,"url":"https:\/\/www.accuratereviews.com\/wp-content\/uploads\/2021\/05\/Schermata-2021-05-17-alle-14.40.17.png","type":"image\/png"}],"twitter_card":"summary_large_image","twitter_misc":{"Tempo di lettura stimato":"3 minuti"},"schema":{"@context":"https:\/\/schema.org","@graph":[{"@type":"WebPage","@id":"https:\/\/www.accuratereviews.com\/it\/software-immissione-ordini\/brightpearl-recensione\/","url":"https:\/\/www.accuratereviews.com\/it\/software-immissione-ordini\/brightpearl-recensione\/","name":"Brightpearl: recensione software immissione ordini - Accurate Reviews","isPartOf":{"@id":"https:\/\/www.accuratereviews.com\/it\/#website"},"primaryImageOfPage":{"@id":"https:\/\/www.accuratereviews.com\/it\/software-immissione-ordini\/brightpearl-recensione\/#primaryimage"},"image":{"@id":"https:\/\/www.accuratereviews.com\/it\/software-immissione-ordini\/brightpearl-recensione\/#primaryimage"},"thumbnailUrl":"https:\/\/www.accuratereviews.com\/wp-content\/uploads\/2021\/05\/Schermata-2021-05-17-alle-14.40.17.png","datePublished":"2021-05-18T13:00:31+00:00","description":"Brightpearl \u00e8 un software per l'immissione di ordini\u00a0utile per commercianti omnicanale, attivit\u00e0 di vendita al dettaglio e all'ingrosso.","breadcrumb":{"@id":"https:\/\/www.accuratereviews.com\/it\/software-immissione-ordini\/brightpearl-recensione\/#breadcrumb"},"inLanguage":"it-IT","potentialAction":[{"@type":"ReadAction","target":["https:\/\/www.accuratereviews.com\/it\/software-immissione-ordini\/brightpearl-recensione\/"]}]},{"@type":"ImageObject","inLanguage":"it-IT","@id":"https:\/\/www.accuratereviews.com\/it\/software-immissione-ordini\/brightpearl-recensione\/#primaryimage","url":"https:\/\/www.accuratereviews.com\/wp-content\/uploads\/2021\/05\/Schermata-2021-05-17-alle-14.40.17.png","contentUrl":"https:\/\/www.accuratereviews.com\/wp-content\/uploads\/2021\/05\/Schermata-2021-05-17-alle-14.40.17.png","width":478,"height":200},{"@type":"BreadcrumbList","@id":"https:\/\/www.accuratereviews.com\/it\/software-immissione-ordini\/brightpearl-recensione\/#breadcrumb","itemListElement":[{"@type":"ListItem","position":1,"name":"Home","item":"https:\/\/www.accuratereviews.com\/it\/"},{"@type":"ListItem","position":2,"name":"Software per immissione di ordini","item":"https:\/\/www.accuratereviews.com\/it\/software-immissione-ordini\/"},{"@type":"ListItem","position":3,"name":"Brightpearl"}]},{"@type":"WebSite","@id":"https:\/\/www.accuratereviews.com\/it\/#website","url":"https:\/\/www.accuratereviews.com\/it\/","name":"Accurate Reviews","description":"","potentialAction":[{"@type":"SearchAction","target":{"@type":"EntryPoint","urlTemplate":"https:\/\/www.accuratereviews.com\/it\/?s={search_term_string}"},"query-input":{"@type":"PropertyValueSpecification","valueRequired":true,"valueName":"search_term_string"}}],"inLanguage":"it-IT"}]}},"_links":{"self":[{"href":"https:\/\/www.accuratereviews.com\/it\/wp-json\/wp\/v2\/pages\/42812","targetHints":{"allow":["GET"]}}],"collection":[{"href":"https:\/\/www.accuratereviews.com\/it\/wp-json\/wp\/v2\/pages"}],"about":[{"href":"https:\/\/www.accuratereviews.com\/it\/wp-json\/wp\/v2\/types\/page"}],"author":[{"embeddable":true,"href":"https:\/\/www.accuratereviews.com\/it\/wp-json\/wp\/v2\/users\/17"}],"replies":[{"embeddable":true,"href":"https:\/\/www.accuratereviews.com\/it\/wp-json\/wp\/v2\/comments?post=42812"}],"version-history":[{"count":3,"href":"https:\/\/www.accuratereviews.com\/it\/wp-json\/wp\/v2\/pages\/42812\/revisions"}],"predecessor-version":[{"id":42878,"href":"https:\/\/www.accuratereviews.com\/it\/wp-json\/wp\/v2\/pages\/42812\/revisions\/42878"}],"up":[{"embeddable":true,"href":"https:\/\/www.accuratereviews.com\/it\/wp-json\/wp\/v2\/pages\/42766"}],"wp:featuredmedia":[{"embeddable":true,"href":"https:\/\/www.accuratereviews.com\/it\/wp-json\/wp\/v2\/media\/42813"}],"wp:attachment":[{"href":"https:\/\/www.accuratereviews.com\/it\/wp-json\/wp\/v2\/media?parent=42812"}],"wp:term":[{"taxonomy":"category","embeddable":true,"href":"https:\/\/www.accuratereviews.com\/it\/wp-json\/wp\/v2\/categories?post=42812"},{"taxonomy":"post_tag","embeddable":true,"href":"https:\/\/www.accuratereviews.com\/it\/wp-json\/wp\/v2\/tags?post=42812"},{"taxonomy":"features","embeddable":true,"href":"https:\/\/www.accuratereviews.com\/it\/wp-json\/wp\/v2\/features?post=42812"}],"curies":[{"name":"wp","href":"https:\/\/api.w.org\/{rel}","templated":true}]}}