{"id":42840,"date":"2021-05-18T11:10:03","date_gmt":"2021-05-18T11:10:03","guid":{"rendered":"https:\/\/www.accuratereviews.com\/?page_id=42840"},"modified":"2021-05-18T11:10:03","modified_gmt":"2021-05-18T11:10:03","slug":"handshake-recensione","status":"publish","type":"page","link":"https:\/\/www.accuratereviews.com\/it\/software-immissione-ordini\/handshake-recensione\/","title":{"rendered":"Handshake"},"content":{"rendered":"<p><strong>Handshake<\/strong> \u00e8 una <strong>piattaforma di ecommerce e gestione degli ordini<\/strong> per produttori e distributori di piccole e medie dimensioni. La soluzione pu\u00f2 aiutare gli utenti a cercare nuovi clienti, esplorare nuove aree geografiche per le vendite, monitorare il coinvolgimento dei clienti e gestire i rivenditori. Gli utenti possono caricare marchi personalizzati come loghi, slogan e immagini, creare cataloghi di prodotti e pagine di catalogo separate. Il software mostra l&#8217;inventario delle scorte in tempo reale e la disponibilit\u00e0 della merce viene aggiornata dopo ogni vendita o reso. Un portale dedicato per i rivenditori consente loro di vedere la cronologia degli ordini, effettuare nuovi ordini, tracciare le spedizioni, effettuare pagamenti e altro ancora. Inoltre, la soluzione consente alle aziende di creare pagine promozionali e di destinazione che possono essere condivise con i rivenditori tramite email per promuovere un prodotto specifico e campagne di vendita.<\/p>\n<h2>HANDSHAKE &#8211; TUTORIAL<\/h2>\n<p>Guardiamo come \u00e8 semplice effettuare un ordine dal tuo smartphone utilizzando questo <strong>software di immissione di ordini<\/strong>:<\/p>\n<div id=\"fluid-wrapper-counter-1\" class=\"g1-fluid-wrapper \" style=\"width:686px;\">\n<div style=\"padding-bottom:56.268221574344%;\"><iframe loading=\"lazy\" title=\"Handshake Direct on Android | B2B mobile customer ordering\" width=\"686\" height=\"386\" src=\"https:\/\/www.youtube.com\/embed\/J8-_HEmOJIU?feature=oembed&amp;wmode=transparent&amp;autohide=1&amp;autoplay=0&amp;disablekb=0&amp;fs=1&amp;loop=0&amp;enablejsapi=1&amp;rel=0&amp;controls=2&amp;showinfo=0&amp;wmode=transparent&amp;autohide=2&amp;autoplay=0&amp;disablekb=0&amp;fs=1&amp;loop=0&amp;enablejsapi=1&amp;rel=0&amp;controls=2&amp;showinfo=1\" frameborder=\"0\" allow=\"accelerometer; autoplay; clipboard-write; encrypted-media; gyroscope; picture-in-picture\" allowfullscreen><\/iframe><\/div>\n<\/div>\n<h3>HANDSHAKE &#8211; CARATTERISTICHE<\/h3>\n<ul>\n<li>Interfaccia di scrittura degli ordini<\/li>\n<li>Sincronizzazione istantanea<\/li>\n<li>Accesso offline<\/li>\n<li>Marchio personalizzato<\/li>\n<li>Scansione di codici a barre<\/li>\n<li>Citazioni interattive<\/li>\n<li>Catalogo dei prodotti<\/li>\n<li>Varianti di prodotto<\/li>\n<li>Disponibilit\u00e0 dell&#8217;inventario<\/li>\n<li>Elenco clienti<\/li>\n<li>Note del cliente<\/li>\n<li>Ordini in batch<\/li>\n<li>Cronologia ordini e preferiti<\/li>\n<li>Rapporti dei clienti e sulle prestazioni<\/li>\n<li>Gestione ordini web<\/li>\n<li>Rivedi, modifica e conferma gli ordini<\/li>\n<li>Scrittura ordini web<\/li>\n<li>Aggiorna le informazioni sul cliente e sul prodotto<\/li>\n<li>Gestisci i dati dell&#8217;inventario<\/li>\n<li>Sistema di prezzi avanzato<\/li>\n<li>Gestione del territorio<\/li>\n<li>Integrazione di back office<\/li>\n<li>Esportazioni pianificate personalizzabili<\/li>\n<li>Importazioni automatiche di dati<\/li>\n<\/ul>\n<h4>LE RECENSIONI DEGLI UTENTI<\/h4>\n<p class=\"font-weight-bold mb-1 d-flex align-items-center\"><strong>Theresa H.&#8221;Davvero un ottimo supporto all&#8217;ingrosso&#8221;<\/strong><\/p>\n<p><strong>Commenti: <\/strong>\u00c8 un ottimo strumento per gli account che effettuano ordini, vedere le loro opzioni, persino visualizzare immagini ad alta risoluzione e opzioni di dimensionamento. \u00c8 davvero facile aggiornare con le nuove versioni.<\/p>\n<p><strong>Pro: <\/strong>Handshake\u00a0\u00e8 un ottimo strumento per gli agenti di vendita per effettuare ordini sul campo. Ti consente anche di avere un sito b2b diretto per i tuoi account per effettuare ordini in qualsiasi momento della giornata. La parte migliore: i tuoi rappresentanti possono usarlo offline! In questo modo possono effettuare ordini in qualsiasi momento e quindi sincronizzarsi quando hanno il servizio.<\/p>\n<p><strong>Contro: <\/strong>Da quando Shopify ha ottenuto\u00a0Handshake, l&#8217;assistenza clienti \u00e8 peggiorata. Ci mettono un po &#8216;a rispondere. Ma quando lo fanno, ti aiutano a capire le cose. La tua scommessa migliore \u00e8 che le cose non vadano male.<\/p>\n<p class=\"font-weight-bold mb-1 d-flex align-items-center\"><strong>Meagan D.&#8221;Utilizzo di\u00a0Handshake nelle fiere&#8221;<\/strong><\/p>\n<p><strong>Commenti: <\/strong>Nella nostra attivit\u00e0, facciamo fiere con i team di vendita e poi facciamo anche fiere senza team di vendita. Quando facciamo gli spettacoli da soli, abbiamo bisogno del nostro software di ordinazione. Handshake era perfetta per quello che stavamo facendo e molto conveniente. \u00c8 piacevole avere un sistema come questo disponibile per le piccole imprese.<\/p>\n<p><strong>Pro: <\/strong>La facilit\u00e0 d&#8217;uso e l&#8217;interfaccia moderna sono fantastiche! Aggiungere clienti, accettare pagamenti, stampare copie dell&#8217;ordine \u00e8 stato tutto molto semplice con Handshake. La possibilit\u00e0 di pagare il servizio in piccoli periodi di tempo \u00e8 stata molto accomodante per la nostra attivit\u00e0. Altri servizi richiedevano contratti pi\u00f9 lunghi, erano pi\u00f9 costosi e meno facili da usare.<\/p>\n<p><strong>Contro: <\/strong>Poich\u00e9 non era il nostro software principale per gli ordini, non siamo stati in grado di utilizzare tutte le funzionalit\u00e0 a nostro massimo vantaggio. Tuttavia, non \u00e8 proprio colpa di Handshake.<\/p>\n<p class=\"font-weight-bold mb-1 d-flex align-items-center\"><strong>Chrissy B.&#8221;Mi piace che sia facile, semplice e veloce!&#8221;<\/strong><\/p>\n<p><strong>Pro: <\/strong>Quello che mi piace di pi\u00f9 di Handshake \u00e8 che \u00e8 un semplice processo di configurazione per inserire clienti e prodotti e il servizio clienti \u00e8 fantastico! Ha anche una sezione Q &amp; A e tutorial disponibili che sono cos\u00ec utili.<\/p>\n<p><strong>Contro: <\/strong>Quello che mi piace di meno del software \u00e8 che deve essere disponibile su tablet e non solo su iPad \/ iPhone. Vorrei anche essere in grado di eseguire rapporti dalla versione desktop invece di passare dall&#8217;iPad al computer.<\/p>\n<p>&nbsp;<\/p>\n<p>&nbsp;<\/p>\n","protected":false},"excerpt":{"rendered":"<p>Handshake \u00e8 una piattaforma di ecommerce e gestione degli ordini per produttori e distributori di piccole e medie dimensioni. La soluzione pu\u00f2 aiutare gli utenti a cercare nuovi clienti, esplorare nuove aree geografiche per le vendite, monitorare il coinvolgimento dei clienti e gestire i rivenditori.\u00a0<\/p>\n","protected":false},"author":16,"featured_media":42841,"parent":42766,"menu_order":0,"comment_status":"open","ping_status":"closed","template":"g1_template_page_review_new.php","meta":{"_acf_changed":false,"cwp_meta_box_check":"Yes","cwp_rev_product_name":"","cwp_rev_product_image":"","wppr_links":[],"cwp_rev_price":"","wppr_options":[],"wppr_pros":[],"wppr_cons":[],"_monsterinsights_skip_tracking":false,"_monsterinsights_sitenote_active":false,"_monsterinsights_sitenote_note":"","_monsterinsights_sitenote_category":0,"footnotes":""},"categories":[5951],"tags":[6003,859,6002,870,6000,869,5999,930,6001],"features":[],"class_list":{"0":"post-42840","1":"page","2":"type-page","3":"status-publish","4":"has-post-thumbnail","6":"category-software-immissione-ordini-categoria","7":"tag-handshake","8":"tag-piattaforma-ecommerce","9":"tag-piattaforme-per-immissione-ordini","10":"tag-programma-ecommerce","11":"tag-programma-per-immissione-ordini","12":"tag-software-ecommerce","13":"tag-software-per-immissione-ordini","14":"tag-soluzione-ecommerce","15":"tag-soluzione-per-immissione-ordini"},"wppr_data":{"cwp_meta_box_check":"Yes","cwp_rev_product_name":"","cwp_rev_product_image":"","cwp_image_link":"image","cwp_rev_price":"","wppr_rating":"0.00"},"acf":[],"yoast_head":"<!-- This site is optimized with the Yoast SEO plugin v27.4 - https:\/\/yoast.com\/product\/yoast-seo-wordpress\/ -->\n<title>Handshake: recensione software per immissioni ordini - Accurate Reviews<\/title>\n<meta name=\"description\" content=\"Handshake: recensione piattaforma di ecommerce e gestione degli ordini per produttori e distributori di piccole e medie dimensioni.\" \/>\n<meta name=\"robots\" content=\"index, follow, max-snippet:-1, max-image-preview:large, max-video-preview:-1\" \/>\n<link rel=\"canonical\" href=\"https:\/\/www.accuratereviews.com\/it\/software-immissione-ordini\/handshake-recensione\/\" \/>\n<meta property=\"og:locale\" content=\"it_IT\" \/>\n<meta property=\"og:type\" content=\"article\" \/>\n<meta property=\"og:title\" content=\"Handshake: recensione software per immissioni ordini - Accurate Reviews\" \/>\n<meta property=\"og:description\" content=\"Handshake: recensione piattaforma di ecommerce e gestione degli ordini per produttori e distributori di piccole e medie dimensioni.\" \/>\n<meta property=\"og:url\" content=\"https:\/\/www.accuratereviews.com\/it\/software-immissione-ordini\/handshake-recensione\/\" \/>\n<meta property=\"og:site_name\" content=\"Accurate Reviews\" \/>\n<meta property=\"og:image\" content=\"https:\/\/www.accuratereviews.com\/wp-content\/uploads\/2021\/05\/Handshake.png\" \/>\n\t<meta property=\"og:image:width\" content=\"900\" \/>\n\t<meta property=\"og:image:height\" content=\"433\" \/>\n\t<meta property=\"og:image:type\" content=\"image\/png\" \/>\n<meta name=\"twitter:card\" content=\"summary_large_image\" \/>\n<meta name=\"twitter:label1\" content=\"Tempo di lettura stimato\" \/>\n\t<meta name=\"twitter:data1\" content=\"3 minuti\" \/>\n<script type=\"application\/ld+json\" class=\"yoast-schema-graph\">{\"@context\":\"https:\\\/\\\/schema.org\",\"@graph\":[{\"@type\":\"WebPage\",\"@id\":\"https:\\\/\\\/www.accuratereviews.com\\\/it\\\/software-immissione-ordini\\\/handshake-recensione\\\/\",\"url\":\"https:\\\/\\\/www.accuratereviews.com\\\/it\\\/software-immissione-ordini\\\/handshake-recensione\\\/\",\"name\":\"Handshake: recensione software per immissioni ordini - Accurate Reviews\",\"isPartOf\":{\"@id\":\"https:\\\/\\\/www.accuratereviews.com\\\/it\\\/#website\"},\"primaryImageOfPage\":{\"@id\":\"https:\\\/\\\/www.accuratereviews.com\\\/it\\\/software-immissione-ordini\\\/handshake-recensione\\\/#primaryimage\"},\"image\":{\"@id\":\"https:\\\/\\\/www.accuratereviews.com\\\/it\\\/software-immissione-ordini\\\/handshake-recensione\\\/#primaryimage\"},\"thumbnailUrl\":\"https:\\\/\\\/www.accuratereviews.com\\\/wp-content\\\/uploads\\\/2021\\\/05\\\/Handshake.png\",\"datePublished\":\"2021-05-18T11:10:03+00:00\",\"description\":\"Handshake: recensione piattaforma di ecommerce e gestione degli ordini per produttori e distributori di piccole e medie dimensioni.\",\"breadcrumb\":{\"@id\":\"https:\\\/\\\/www.accuratereviews.com\\\/it\\\/software-immissione-ordini\\\/handshake-recensione\\\/#breadcrumb\"},\"inLanguage\":\"it-IT\",\"potentialAction\":[{\"@type\":\"ReadAction\",\"target\":[\"https:\\\/\\\/www.accuratereviews.com\\\/it\\\/software-immissione-ordini\\\/handshake-recensione\\\/\"]}]},{\"@type\":\"ImageObject\",\"inLanguage\":\"it-IT\",\"@id\":\"https:\\\/\\\/www.accuratereviews.com\\\/it\\\/software-immissione-ordini\\\/handshake-recensione\\\/#primaryimage\",\"url\":\"https:\\\/\\\/www.accuratereviews.com\\\/wp-content\\\/uploads\\\/2021\\\/05\\\/Handshake.png\",\"contentUrl\":\"https:\\\/\\\/www.accuratereviews.com\\\/wp-content\\\/uploads\\\/2021\\\/05\\\/Handshake.png\",\"width\":900,\"height\":433},{\"@type\":\"BreadcrumbList\",\"@id\":\"https:\\\/\\\/www.accuratereviews.com\\\/it\\\/software-immissione-ordini\\\/handshake-recensione\\\/#breadcrumb\",\"itemListElement\":[{\"@type\":\"ListItem\",\"position\":1,\"name\":\"Home\",\"item\":\"https:\\\/\\\/www.accuratereviews.com\\\/it\\\/\"},{\"@type\":\"ListItem\",\"position\":2,\"name\":\"Software per immissione di ordini\",\"item\":\"https:\\\/\\\/www.accuratereviews.com\\\/it\\\/software-immissione-ordini\\\/\"},{\"@type\":\"ListItem\",\"position\":3,\"name\":\"Handshake\"}]},{\"@type\":\"WebSite\",\"@id\":\"https:\\\/\\\/www.accuratereviews.com\\\/it\\\/#website\",\"url\":\"https:\\\/\\\/www.accuratereviews.com\\\/it\\\/\",\"name\":\"Accurate Reviews\",\"description\":\"\",\"potentialAction\":[{\"@type\":\"SearchAction\",\"target\":{\"@type\":\"EntryPoint\",\"urlTemplate\":\"https:\\\/\\\/www.accuratereviews.com\\\/it\\\/?s={search_term_string}\"},\"query-input\":{\"@type\":\"PropertyValueSpecification\",\"valueRequired\":true,\"valueName\":\"search_term_string\"}}],\"inLanguage\":\"it-IT\"}]}<\/script>\n<!-- \/ Yoast SEO plugin. -->","yoast_head_json":{"title":"Handshake: recensione software per immissioni ordini - Accurate Reviews","description":"Handshake: recensione piattaforma di ecommerce e gestione degli ordini per produttori e distributori di piccole e medie dimensioni.","robots":{"index":"index","follow":"follow","max-snippet":"max-snippet:-1","max-image-preview":"max-image-preview:large","max-video-preview":"max-video-preview:-1"},"canonical":"https:\/\/www.accuratereviews.com\/it\/software-immissione-ordini\/handshake-recensione\/","og_locale":"it_IT","og_type":"article","og_title":"Handshake: recensione software per immissioni ordini - Accurate Reviews","og_description":"Handshake: recensione piattaforma di ecommerce e gestione degli ordini per produttori e distributori di piccole e medie dimensioni.","og_url":"https:\/\/www.accuratereviews.com\/it\/software-immissione-ordini\/handshake-recensione\/","og_site_name":"Accurate Reviews","og_image":[{"width":900,"height":433,"url":"https:\/\/www.accuratereviews.com\/wp-content\/uploads\/2021\/05\/Handshake.png","type":"image\/png"}],"twitter_card":"summary_large_image","twitter_misc":{"Tempo di lettura stimato":"3 minuti"},"schema":{"@context":"https:\/\/schema.org","@graph":[{"@type":"WebPage","@id":"https:\/\/www.accuratereviews.com\/it\/software-immissione-ordini\/handshake-recensione\/","url":"https:\/\/www.accuratereviews.com\/it\/software-immissione-ordini\/handshake-recensione\/","name":"Handshake: recensione software per immissioni ordini - Accurate Reviews","isPartOf":{"@id":"https:\/\/www.accuratereviews.com\/it\/#website"},"primaryImageOfPage":{"@id":"https:\/\/www.accuratereviews.com\/it\/software-immissione-ordini\/handshake-recensione\/#primaryimage"},"image":{"@id":"https:\/\/www.accuratereviews.com\/it\/software-immissione-ordini\/handshake-recensione\/#primaryimage"},"thumbnailUrl":"https:\/\/www.accuratereviews.com\/wp-content\/uploads\/2021\/05\/Handshake.png","datePublished":"2021-05-18T11:10:03+00:00","description":"Handshake: recensione piattaforma di ecommerce e gestione degli ordini per produttori e distributori di piccole e medie dimensioni.","breadcrumb":{"@id":"https:\/\/www.accuratereviews.com\/it\/software-immissione-ordini\/handshake-recensione\/#breadcrumb"},"inLanguage":"it-IT","potentialAction":[{"@type":"ReadAction","target":["https:\/\/www.accuratereviews.com\/it\/software-immissione-ordini\/handshake-recensione\/"]}]},{"@type":"ImageObject","inLanguage":"it-IT","@id":"https:\/\/www.accuratereviews.com\/it\/software-immissione-ordini\/handshake-recensione\/#primaryimage","url":"https:\/\/www.accuratereviews.com\/wp-content\/uploads\/2021\/05\/Handshake.png","contentUrl":"https:\/\/www.accuratereviews.com\/wp-content\/uploads\/2021\/05\/Handshake.png","width":900,"height":433},{"@type":"BreadcrumbList","@id":"https:\/\/www.accuratereviews.com\/it\/software-immissione-ordini\/handshake-recensione\/#breadcrumb","itemListElement":[{"@type":"ListItem","position":1,"name":"Home","item":"https:\/\/www.accuratereviews.com\/it\/"},{"@type":"ListItem","position":2,"name":"Software per immissione di ordini","item":"https:\/\/www.accuratereviews.com\/it\/software-immissione-ordini\/"},{"@type":"ListItem","position":3,"name":"Handshake"}]},{"@type":"WebSite","@id":"https:\/\/www.accuratereviews.com\/it\/#website","url":"https:\/\/www.accuratereviews.com\/it\/","name":"Accurate Reviews","description":"","potentialAction":[{"@type":"SearchAction","target":{"@type":"EntryPoint","urlTemplate":"https:\/\/www.accuratereviews.com\/it\/?s={search_term_string}"},"query-input":{"@type":"PropertyValueSpecification","valueRequired":true,"valueName":"search_term_string"}}],"inLanguage":"it-IT"}]}},"_links":{"self":[{"href":"https:\/\/www.accuratereviews.com\/it\/wp-json\/wp\/v2\/pages\/42840","targetHints":{"allow":["GET"]}}],"collection":[{"href":"https:\/\/www.accuratereviews.com\/it\/wp-json\/wp\/v2\/pages"}],"about":[{"href":"https:\/\/www.accuratereviews.com\/it\/wp-json\/wp\/v2\/types\/page"}],"author":[{"embeddable":true,"href":"https:\/\/www.accuratereviews.com\/it\/wp-json\/wp\/v2\/users\/16"}],"replies":[{"embeddable":true,"href":"https:\/\/www.accuratereviews.com\/it\/wp-json\/wp\/v2\/comments?post=42840"}],"version-history":[{"count":11,"href":"https:\/\/www.accuratereviews.com\/it\/wp-json\/wp\/v2\/pages\/42840\/revisions"}],"predecessor-version":[{"id":42866,"href":"https:\/\/www.accuratereviews.com\/it\/wp-json\/wp\/v2\/pages\/42840\/revisions\/42866"}],"up":[{"embeddable":true,"href":"https:\/\/www.accuratereviews.com\/it\/wp-json\/wp\/v2\/pages\/42766"}],"wp:featuredmedia":[{"embeddable":true,"href":"https:\/\/www.accuratereviews.com\/it\/wp-json\/wp\/v2\/media\/42841"}],"wp:attachment":[{"href":"https:\/\/www.accuratereviews.com\/it\/wp-json\/wp\/v2\/media?parent=42840"}],"wp:term":[{"taxonomy":"category","embeddable":true,"href":"https:\/\/www.accuratereviews.com\/it\/wp-json\/wp\/v2\/categories?post=42840"},{"taxonomy":"post_tag","embeddable":true,"href":"https:\/\/www.accuratereviews.com\/it\/wp-json\/wp\/v2\/tags?post=42840"},{"taxonomy":"features","embeddable":true,"href":"https:\/\/www.accuratereviews.com\/it\/wp-json\/wp\/v2\/features?post=42840"}],"curies":[{"name":"wp","href":"https:\/\/api.w.org\/{rel}","templated":true}]}}