{"id":42868,"date":"2021-05-18T13:27:18","date_gmt":"2021-05-18T13:27:18","guid":{"rendered":"https:\/\/www.accuratereviews.com\/?page_id=42868"},"modified":"2021-05-18T13:27:18","modified_gmt":"2021-05-18T13:27:18","slug":"order-sender-recensione","status":"publish","type":"page","link":"https:\/\/www.accuratereviews.com\/it\/software-immissione-ordini\/order-sender-recensione\/","title":{"rendered":"Order Sender"},"content":{"rendered":"<p><strong>Order Sender<\/strong> \u00e8 un&#8217;applicazione mobile basata su <strong>cloud<\/strong>, disponibile per dispositivi iOS e Android, sviluppata per supportare gli agenti di commercio e le reti di vendita. Disponibile anche la versione desktop, utilizzabile da qualsiasi browser, ha lo scopo di automatizzare tutte le attivit\u00e0 di vendita, incrementare la redditivit\u00e0 e diminuendo costi e tempi. Si tratta di un <strong>software per l&#8217;immissione di ordini<\/strong> funzionale che offre un&#8217;interfaccia utente moderna e intuitiva, accessibile quindi a chiunque.<br \/>\n<strong>Order Sender<\/strong> permette l&#8217;uso anche in<strong> modalit\u00e0 offline<\/strong> e offre inoltre un catalogo digitale nel quale possono essere aggiunti i prodotti. Una volta terminato questo lavoro, sar\u00e0 possibile inviare la copia dell&#8217;ordine in formato pdf direttamente al cliente o al fornitore, abbandonando cos\u00ec l&#8217;utilizzo carta, i costi di stampa e di gestione.<\/p>\n<h2>ORDER SENDER &#8211; TUTORIAL<\/h2>\n<p>Ecco un video che ci mostra come <strong>creare e compilare un ordine<\/strong> con questo programma:<\/p>\n<div id=\"fluid-wrapper-counter-1\" class=\"g1-fluid-wrapper \" style=\"width:686px;\">\n<div style=\"padding-bottom:56.268221574344%;\"><iframe loading=\"lazy\" title=\"Tutorial - Come creare e compilare un Ordine?\" width=\"686\" height=\"386\" src=\"https:\/\/www.youtube.com\/embed\/S1irgY0dV4w?feature=oembed&amp;wmode=transparent&amp;autohide=1&amp;autoplay=0&amp;disablekb=0&amp;fs=1&amp;loop=0&amp;enablejsapi=1&amp;rel=0&amp;controls=2&amp;showinfo=0&amp;wmode=transparent&amp;autohide=2&amp;autoplay=0&amp;disablekb=0&amp;fs=1&amp;loop=0&amp;enablejsapi=1&amp;rel=0&amp;controls=2&amp;showinfo=1\" frameborder=\"0\" allow=\"accelerometer; autoplay; clipboard-write; encrypted-media; gyroscope; picture-in-picture\" allowfullscreen><\/iframe><\/div>\n<\/div>\n<h3>ORDER SENDER &#8211; CARATTERISTICHE<\/h3>\n<ul>\n<li><strong>Raccolta ordini<\/strong>: crea ordini in modo semplice e veloce, gestisci l&#8217;assegnazione dei clienti e redigi preventivi. Puoi inoltre personalizzare il listino prezzi, l&#8217;intestazione e le condizioni standard relative all&#8217;ordine aggiungendo il tuo logo all&#8217;azienda\n<div class=\"outer-wrapper pagine-testo-right\">\n<div class=\"medium-wrapper\"><\/div>\n<\/div>\n<\/li>\n<li><strong>Catalogo prodotti digitale<\/strong>: accedi in qualsiasi momento e da qualsiasi dispositivo a tutte le informazioni relative all&#8217;offerta aziendale raccolte nel catalogo. Scegli il digitale per ridurre l&#8217;utilizzo della carta e l&#8217;impatto ambientale<\/li>\n<li><strong>CRM<\/strong>: tieni traccia delle interazioni tra azienda e cliente, gestisci le informazioni, individua le preferenze del tuo cliente cos\u00ec da creare una customer experience individuale e specifica<\/li>\n<li><strong>Provvigioni<\/strong>: tieni sempre sotto controllo la situazione delle provvigioni, misurando il tuo guadagno sulle vendite<\/li>\n<li><strong>Integrazioni<\/strong>: importa ed esporta i tuoi dati utilizzando file formato di testo, foglio elettronico o CSV<\/li>\n<li><b>Notifiche push<\/b>: rimani aggiornato su tutto ci\u00f2 che riguarda la tua attivit\u00e0 (nuove promozioni, comunicazioni, aggiornamenti ecc&#8230;)<\/li>\n<li><strong>Statistiche<\/strong>: analizza i progressi del tuo cliente o della tua azienda grazie a scale temporali mensili o annuali che ti permettono di mettere a confronto due momenti produttivi differenti.<\/li>\n<\/ul>\n<h4>LE RECENSIONI DEGLI UTENTI<\/h4>\n<p><strong>Mauro M.\u00a0&#8220;Rapporto qualit\u00e0 prezzo eccezionale&#8221;<br \/>\n<\/strong>COMMENTI: attualmente, fra i vari programmi provati e che mi sono stati proposti, OrderSender risulta il migliore. Intuitivo e rapido nella compilazione, mi fornisce quello di cui ho bisogno nella raccolta ordini quotidiana. Il prezzo \u00e8 sicuramente ottimo, considerata la possibilit\u00e0 di espansione del prodotto.<br \/>\nPRO: semplicit\u00e0 di installazione e di aggiornamento. L\u2019intuitivit\u00e0 nel suo utilizzo e la possibilit\u00e0 di espansione delle sue funzioni. La facilit\u00e0 con cui \u00e8 possibile aggiornare gli archivi. La possibilit\u00e0 di poter lavorare sia da mobile che da pc.<br \/>\nCONTRO: al momento non ho rilevato criticit\u00e0 nell\u2019uso del prodotto<\/p>\n<p><strong>Andrea F.\u00a0&#8220;Strumento molto utile per la vendita fuori sede&#8221;<br \/>\n<\/strong>COMMENTI:\u00a0ottima<br \/>\nPRO: velocit\u00e0 di inserimento commissioni,\u00a0facilit\u00e0 di configurazione e aggiornamento dati<br \/>\nCONTRO: nel riassortimento nel caso si abbia gi\u00e0 selezionato e confermato delle righe sarebbe utile che restassero memorizzate fino a completamento della commissione in quanto se si dovesse ritornare nella pagina principale e poi ritornare nell&#8217;assortimento non si riescono ad individuare le righe gi\u00e0 inserite<\/p>\n<p><strong>Massimo B.&#8221;Ottimo strumento di lavoro&#8221;<br \/>\n<\/strong>PRO:.. ..ottimo strumento di lavoro.. Intuitivo, veloce, adattabile anche con esigenze particolari, buona sincronizzazione con app calendario, ultimo ma non per importanza assistenza tecnica valida ..<br \/>\nCONTRO: inserirei canale di assistenza telefonica .<\/p>\n","protected":false},"excerpt":{"rendered":"<p>Order Sender \u00e8 un&#8217;applicazione mobile basata su cloud, disponibile per dispositivi iOS e Android, sviluppata per supportare gli agenti di commercio e le reti di vendita. Disponibile anche la versione desktop, utilizzabile da qualsiasi browser, ha lo scopo di automatizzare tutte le attivit\u00e0 di vendita, incrementare la redditivit\u00e0 e diminuendo costi e tempi.<\/p>\n","protected":false},"author":17,"featured_media":42869,"parent":42766,"menu_order":0,"comment_status":"open","ping_status":"closed","template":"g1_template_page_review_new.php","meta":{"_acf_changed":false,"cwp_meta_box_check":"No","cwp_rev_product_name":"","cwp_rev_product_image":"","wppr_links":[],"cwp_rev_price":"","wppr_options":[],"wppr_pros":[],"wppr_cons":[],"_monsterinsights_skip_tracking":false,"_monsterinsights_sitenote_active":false,"_monsterinsights_sitenote_note":"","_monsterinsights_sitenote_category":0,"footnotes":""},"categories":[5951],"tags":[5969,5952,5956,5968,5965,5953],"features":[],"class_list":{"0":"post-42868","1":"page","2":"type-page","3":"status-publish","4":"has-post-thumbnail","6":"category-software-immissione-ordini-categoria","7":"tag-gestione-immissione-ordini","8":"tag-gestione-immissioni-dati-ordini","9":"tag-piattaforma-immissioni-dati-ordini","10":"tag-programma-immissione-ordini","11":"tag-software-immissione-ordini","12":"tag-software-per-limmissione-degli-ordini"},"wppr_data":{"cwp_meta_box_check":"No"},"acf":[],"yoast_head":"<!-- This site is optimized with the Yoast SEO plugin v27.4 - https:\/\/yoast.com\/product\/yoast-seo-wordpress\/ -->\n<title>Order Sender: recensione software immissione ordini - Accurate Reviews<\/title>\n<meta name=\"description\" content=\"Order Sender: recensione del software per l&#039;immissione di ordini sviluppato per supportare gli agenti di commercio e le reti di vendita.\" \/>\n<meta name=\"robots\" content=\"index, follow, max-snippet:-1, max-image-preview:large, max-video-preview:-1\" \/>\n<link rel=\"canonical\" href=\"https:\/\/www.accuratereviews.com\/it\/software-immissione-ordini\/order-sender-recensione\/\" \/>\n<meta property=\"og:locale\" content=\"it_IT\" \/>\n<meta property=\"og:type\" content=\"article\" \/>\n<meta property=\"og:title\" content=\"Order Sender: recensione software immissione ordini - Accurate Reviews\" \/>\n<meta property=\"og:description\" content=\"Order Sender: recensione del software per l&#039;immissione di ordini sviluppato per supportare gli agenti di commercio e le reti di vendita.\" \/>\n<meta property=\"og:url\" content=\"https:\/\/www.accuratereviews.com\/it\/software-immissione-ordini\/order-sender-recensione\/\" \/>\n<meta property=\"og:site_name\" content=\"Accurate Reviews\" \/>\n<meta property=\"og:image\" content=\"https:\/\/www.accuratereviews.com\/wp-content\/uploads\/2021\/05\/Schermata-2021-05-18-alle-14.00.54.png\" \/>\n\t<meta property=\"og:image:width\" content=\"655\" \/>\n\t<meta property=\"og:image:height\" content=\"200\" \/>\n\t<meta property=\"og:image:type\" content=\"image\/png\" \/>\n<meta name=\"twitter:card\" content=\"summary_large_image\" \/>\n<meta name=\"twitter:label1\" content=\"Tempo di lettura stimato\" \/>\n\t<meta name=\"twitter:data1\" content=\"3 minuti\" \/>\n<script type=\"application\/ld+json\" class=\"yoast-schema-graph\">{\"@context\":\"https:\\\/\\\/schema.org\",\"@graph\":[{\"@type\":\"WebPage\",\"@id\":\"https:\\\/\\\/www.accuratereviews.com\\\/it\\\/software-immissione-ordini\\\/order-sender-recensione\\\/\",\"url\":\"https:\\\/\\\/www.accuratereviews.com\\\/it\\\/software-immissione-ordini\\\/order-sender-recensione\\\/\",\"name\":\"Order Sender: recensione software immissione ordini - Accurate Reviews\",\"isPartOf\":{\"@id\":\"https:\\\/\\\/www.accuratereviews.com\\\/it\\\/#website\"},\"primaryImageOfPage\":{\"@id\":\"https:\\\/\\\/www.accuratereviews.com\\\/it\\\/software-immissione-ordini\\\/order-sender-recensione\\\/#primaryimage\"},\"image\":{\"@id\":\"https:\\\/\\\/www.accuratereviews.com\\\/it\\\/software-immissione-ordini\\\/order-sender-recensione\\\/#primaryimage\"},\"thumbnailUrl\":\"https:\\\/\\\/www.accuratereviews.com\\\/wp-content\\\/uploads\\\/2021\\\/05\\\/Schermata-2021-05-18-alle-14.00.54.png\",\"datePublished\":\"2021-05-18T13:27:18+00:00\",\"description\":\"Order Sender: recensione del software per l'immissione di ordini sviluppato per supportare gli agenti di commercio e le reti di vendita.\",\"breadcrumb\":{\"@id\":\"https:\\\/\\\/www.accuratereviews.com\\\/it\\\/software-immissione-ordini\\\/order-sender-recensione\\\/#breadcrumb\"},\"inLanguage\":\"it-IT\",\"potentialAction\":[{\"@type\":\"ReadAction\",\"target\":[\"https:\\\/\\\/www.accuratereviews.com\\\/it\\\/software-immissione-ordini\\\/order-sender-recensione\\\/\"]}]},{\"@type\":\"ImageObject\",\"inLanguage\":\"it-IT\",\"@id\":\"https:\\\/\\\/www.accuratereviews.com\\\/it\\\/software-immissione-ordini\\\/order-sender-recensione\\\/#primaryimage\",\"url\":\"https:\\\/\\\/www.accuratereviews.com\\\/wp-content\\\/uploads\\\/2021\\\/05\\\/Schermata-2021-05-18-alle-14.00.54.png\",\"contentUrl\":\"https:\\\/\\\/www.accuratereviews.com\\\/wp-content\\\/uploads\\\/2021\\\/05\\\/Schermata-2021-05-18-alle-14.00.54.png\",\"width\":655,\"height\":200},{\"@type\":\"BreadcrumbList\",\"@id\":\"https:\\\/\\\/www.accuratereviews.com\\\/it\\\/software-immissione-ordini\\\/order-sender-recensione\\\/#breadcrumb\",\"itemListElement\":[{\"@type\":\"ListItem\",\"position\":1,\"name\":\"Home\",\"item\":\"https:\\\/\\\/www.accuratereviews.com\\\/it\\\/\"},{\"@type\":\"ListItem\",\"position\":2,\"name\":\"Software per immissione di ordini\",\"item\":\"https:\\\/\\\/www.accuratereviews.com\\\/it\\\/software-immissione-ordini\\\/\"},{\"@type\":\"ListItem\",\"position\":3,\"name\":\"Order Sender\"}]},{\"@type\":\"WebSite\",\"@id\":\"https:\\\/\\\/www.accuratereviews.com\\\/it\\\/#website\",\"url\":\"https:\\\/\\\/www.accuratereviews.com\\\/it\\\/\",\"name\":\"Accurate Reviews\",\"description\":\"\",\"potentialAction\":[{\"@type\":\"SearchAction\",\"target\":{\"@type\":\"EntryPoint\",\"urlTemplate\":\"https:\\\/\\\/www.accuratereviews.com\\\/it\\\/?s={search_term_string}\"},\"query-input\":{\"@type\":\"PropertyValueSpecification\",\"valueRequired\":true,\"valueName\":\"search_term_string\"}}],\"inLanguage\":\"it-IT\"}]}<\/script>\n<!-- \/ Yoast SEO plugin. -->","yoast_head_json":{"title":"Order Sender: recensione software immissione ordini - Accurate Reviews","description":"Order Sender: recensione del software per l'immissione di ordini sviluppato per supportare gli agenti di commercio e le reti di vendita.","robots":{"index":"index","follow":"follow","max-snippet":"max-snippet:-1","max-image-preview":"max-image-preview:large","max-video-preview":"max-video-preview:-1"},"canonical":"https:\/\/www.accuratereviews.com\/it\/software-immissione-ordini\/order-sender-recensione\/","og_locale":"it_IT","og_type":"article","og_title":"Order Sender: recensione software immissione ordini - Accurate Reviews","og_description":"Order Sender: recensione del software per l'immissione di ordini sviluppato per supportare gli agenti di commercio e le reti di vendita.","og_url":"https:\/\/www.accuratereviews.com\/it\/software-immissione-ordini\/order-sender-recensione\/","og_site_name":"Accurate Reviews","og_image":[{"width":655,"height":200,"url":"https:\/\/www.accuratereviews.com\/wp-content\/uploads\/2021\/05\/Schermata-2021-05-18-alle-14.00.54.png","type":"image\/png"}],"twitter_card":"summary_large_image","twitter_misc":{"Tempo di lettura stimato":"3 minuti"},"schema":{"@context":"https:\/\/schema.org","@graph":[{"@type":"WebPage","@id":"https:\/\/www.accuratereviews.com\/it\/software-immissione-ordini\/order-sender-recensione\/","url":"https:\/\/www.accuratereviews.com\/it\/software-immissione-ordini\/order-sender-recensione\/","name":"Order Sender: recensione software immissione ordini - Accurate Reviews","isPartOf":{"@id":"https:\/\/www.accuratereviews.com\/it\/#website"},"primaryImageOfPage":{"@id":"https:\/\/www.accuratereviews.com\/it\/software-immissione-ordini\/order-sender-recensione\/#primaryimage"},"image":{"@id":"https:\/\/www.accuratereviews.com\/it\/software-immissione-ordini\/order-sender-recensione\/#primaryimage"},"thumbnailUrl":"https:\/\/www.accuratereviews.com\/wp-content\/uploads\/2021\/05\/Schermata-2021-05-18-alle-14.00.54.png","datePublished":"2021-05-18T13:27:18+00:00","description":"Order Sender: recensione del software per l'immissione di ordini sviluppato per supportare gli agenti di commercio e le reti di vendita.","breadcrumb":{"@id":"https:\/\/www.accuratereviews.com\/it\/software-immissione-ordini\/order-sender-recensione\/#breadcrumb"},"inLanguage":"it-IT","potentialAction":[{"@type":"ReadAction","target":["https:\/\/www.accuratereviews.com\/it\/software-immissione-ordini\/order-sender-recensione\/"]}]},{"@type":"ImageObject","inLanguage":"it-IT","@id":"https:\/\/www.accuratereviews.com\/it\/software-immissione-ordini\/order-sender-recensione\/#primaryimage","url":"https:\/\/www.accuratereviews.com\/wp-content\/uploads\/2021\/05\/Schermata-2021-05-18-alle-14.00.54.png","contentUrl":"https:\/\/www.accuratereviews.com\/wp-content\/uploads\/2021\/05\/Schermata-2021-05-18-alle-14.00.54.png","width":655,"height":200},{"@type":"BreadcrumbList","@id":"https:\/\/www.accuratereviews.com\/it\/software-immissione-ordini\/order-sender-recensione\/#breadcrumb","itemListElement":[{"@type":"ListItem","position":1,"name":"Home","item":"https:\/\/www.accuratereviews.com\/it\/"},{"@type":"ListItem","position":2,"name":"Software per immissione di ordini","item":"https:\/\/www.accuratereviews.com\/it\/software-immissione-ordini\/"},{"@type":"ListItem","position":3,"name":"Order Sender"}]},{"@type":"WebSite","@id":"https:\/\/www.accuratereviews.com\/it\/#website","url":"https:\/\/www.accuratereviews.com\/it\/","name":"Accurate Reviews","description":"","potentialAction":[{"@type":"SearchAction","target":{"@type":"EntryPoint","urlTemplate":"https:\/\/www.accuratereviews.com\/it\/?s={search_term_string}"},"query-input":{"@type":"PropertyValueSpecification","valueRequired":true,"valueName":"search_term_string"}}],"inLanguage":"it-IT"}]}},"_links":{"self":[{"href":"https:\/\/www.accuratereviews.com\/it\/wp-json\/wp\/v2\/pages\/42868","targetHints":{"allow":["GET"]}}],"collection":[{"href":"https:\/\/www.accuratereviews.com\/it\/wp-json\/wp\/v2\/pages"}],"about":[{"href":"https:\/\/www.accuratereviews.com\/it\/wp-json\/wp\/v2\/types\/page"}],"author":[{"embeddable":true,"href":"https:\/\/www.accuratereviews.com\/it\/wp-json\/wp\/v2\/users\/17"}],"replies":[{"embeddable":true,"href":"https:\/\/www.accuratereviews.com\/it\/wp-json\/wp\/v2\/comments?post=42868"}],"version-history":[{"count":3,"href":"https:\/\/www.accuratereviews.com\/it\/wp-json\/wp\/v2\/pages\/42868\/revisions"}],"predecessor-version":[{"id":42880,"href":"https:\/\/www.accuratereviews.com\/it\/wp-json\/wp\/v2\/pages\/42868\/revisions\/42880"}],"up":[{"embeddable":true,"href":"https:\/\/www.accuratereviews.com\/it\/wp-json\/wp\/v2\/pages\/42766"}],"wp:featuredmedia":[{"embeddable":true,"href":"https:\/\/www.accuratereviews.com\/it\/wp-json\/wp\/v2\/media\/42869"}],"wp:attachment":[{"href":"https:\/\/www.accuratereviews.com\/it\/wp-json\/wp\/v2\/media?parent=42868"}],"wp:term":[{"taxonomy":"category","embeddable":true,"href":"https:\/\/www.accuratereviews.com\/it\/wp-json\/wp\/v2\/categories?post=42868"},{"taxonomy":"post_tag","embeddable":true,"href":"https:\/\/www.accuratereviews.com\/it\/wp-json\/wp\/v2\/tags?post=42868"},{"taxonomy":"features","embeddable":true,"href":"https:\/\/www.accuratereviews.com\/it\/wp-json\/wp\/v2\/features?post=42868"}],"curies":[{"name":"wp","href":"https:\/\/api.w.org\/{rel}","templated":true}]}}