{"id":42955,"date":"2021-05-19T12:00:46","date_gmt":"2021-05-19T12:00:46","guid":{"rendered":"https:\/\/www.accuratereviews.com\/?page_id=42955"},"modified":"2021-05-19T12:00:46","modified_gmt":"2021-05-19T12:00:46","slug":"unicommerce-recensione","status":"publish","type":"page","link":"https:\/\/www.accuratereviews.com\/it\/software-immissione-ordini\/unicommerce-recensione\/","title":{"rendered":"Unicommerce"},"content":{"rendered":"<p><strong>Unicommerce<\/strong> \u00e8 la principale <strong>soluzione per la catena di fornitura di ecommerce<\/strong> che consente a produttori, grossisti, distributori, catene di vendita al dettaglio, proprietari di negozi individuali e ecommerce di automatizzare le loro operazioni della catena di rifornimento per le attivit\u00e0 online e offline per vendere di pi\u00f9. Il software \u00e8 integrato con oltre 100 mercati leader, carrelli, corrieri \/ compagnie di spedizioni, contabilit\u00e0 e software ERP.\u00a0Ogni aspetto dell&#8217;evasione degli ordini end to end, inclusi approvvigionamento, fornitori, inventario, magazzini, spedizioni dirette e resi, pu\u00f2 essere gestito e automatizzato. Essendo una soluzione SAAS basata su <strong>cloud<\/strong> non \u00e8 richiesto alcun investimento separato per server, hosting, ecc.<\/p>\n<h2>UNICOMMERCE &#8211; TUTORIAL<\/h2>\n<p>Guardiamo insieme come inserire un cliente su questo <strong>software di immissione ordini:<\/strong><\/p>\n<div id=\"fluid-wrapper-counter-1\" class=\"g1-fluid-wrapper \" style=\"width:686px;\">\n<div style=\"padding-bottom:56.268221574344%;\"><iframe loading=\"lazy\" title=\"Add or Edit Facility (Hindi)\" width=\"686\" height=\"386\" src=\"https:\/\/www.youtube.com\/embed\/IywoQ8QCkHE?list=PLjqwFTfdKNaS_JLun1gIs9VFeTUAI3jFG\" frameborder=\"0\" allow=\"accelerometer; autoplay; clipboard-write; encrypted-media; gyroscope; picture-in-picture\" allowfullscreen><\/iframe><\/div>\n<\/div>\n<h3>UNICOMMERCE &#8211; CARATTERISTICHE<\/h3>\n<ul>\n<li><strong>Aumento del volume delle venditee margini di profitto:<\/strong> oltre 45 marketplace online e carrelli \u00a0integrati creano una piattaforma istantanea per commercializzare i tuoi prodotti e trarre enormi vantaggi dalla vendita a prezzi differenziati su pi\u00f9 marketplace contemporaneamente<\/li>\n<li><strong>Costi operativi ridotti:<\/strong> gli ordini e gli inventari multicanale semplificati e gestiti automaticamente aiutano a ridurre i costi operativi<\/li>\n<li><strong>Migliore analisi dei dati<\/strong>: tutti i dati importanti per un rivenditore di ecommerce vengono generati e presentati in modo completo ma semplice. In qualit\u00e0 di rivenditore multicanale, sarai meglio equipaggiato per formulare strategie efficaci per il posizionamento del marchio e la presenza sul mercato<\/li>\n<li><strong>Connettivit\u00e0 dei clienti migliorata<\/strong>: i piani di marketing incentrati sul cliente garantiscono la creazione di molti punti di contatto con lui per garantire la fedelt\u00e0 al marchio e aumentare la base di clienti abituali<\/li>\n<li><strong>Conosci i driver del mercato<\/strong>: l&#8217;utilizzo efficiente di dati e report aiuta a conoscere i fattori critici che guidano il mercato. \u00c8 possibile intraprendere un&#8217;azione tempestiva di correzione della rotta o l&#8217;introduzione di un nuovo piano di mercato per affrontare nuove sfide<\/li>\n<li><strong>Aumento della produttivit\u00e0<\/strong>: aiuta ad automatizzare il processo manuale di elaborazione degli ordini e gestione dell&#8217;inventario, utilizzando le risorse umane per attivit\u00e0 orientate alle persone e aumentando la produttivit\u00e0<\/li>\n<li><strong>Tocca nuovi mercati:<\/strong> le aree geografiche e i fusi orari non sono pi\u00f9 un ostacolo alla crescita della tua attivit\u00e0. La continua aggiunta di nuovi mercati e partner di spedizione offre numerose opportunit\u00e0 per sfruttare i nuovi mercati e raggiungere clienti diversi.<\/li>\n<\/ul>\n<h4>LE RECENSIONI DEGLI UTENTI<\/h4>\n<p class=\"font-weight-bold mb-1 d-flex align-items-center\"><strong>Megha M.&#8221;Tempo reale in modo reale&#8221;<\/strong><\/p>\n<p><strong>Commenti: <\/strong>\u00c8 il nostro braccio destro nell&#8217;elaborazione degli ordini e nella gestione dell&#8217;inventario con il minor tempo possibile per problemi tecnici.<\/p>\n<p><strong>Pro: <\/strong>L&#8217;esatto collegamento dell&#8217;inventario in tempo reale \u00e8 una parte troppo buona. Inoltre, l&#8217;elaborazione degli ordini \u00e8 di facile comprensione anche per i nuovi dipendenti. Anche se si verificano problemi tecnici, ti aiutano in tempi brevi.<\/p>\n<p><strong>Contro: <\/strong>Meno opportunit\u00e0 di diffusione nel mercato internazionale &#8211; pochi mercati internazionali Sincronizzazione. Fuori disponibile: alcuni di loro non rispondono n\u00e9 consentono ai commercianti indiani.<\/p>\n<p class=\"font-weight-bold mb-1 d-flex align-items-center\"><strong>Kamna K.&#8221;Gestisci un negozio online o vendi online sui marketplace? Goditi operazioni fluide con Unicommerce&#8221;<\/strong><\/p>\n<p><strong>Pro: <\/strong>Usiamo Unicommerce per la gestione dell&#8217;inventario e l&#8217;elaborazione delle fatture e delle etichette di spedizione per gli ordini. Anche con l&#8217;aumento della nostra attivit\u00e0 nel corso degli anni, Unicommerce \u00e8 stata in grado di tenerci in linea con l&#8217;elaborazione degli ordini.<\/p>\n<p><strong>Contro: <\/strong>Poich\u00e9 utilizziamo Unicommerce sin dall&#8217;inizio, \u00e8 stato difficile quantificare qualsiasi cambiamento. Non molti problemi abbiamo dovuto affrontare con le operazioni poich\u00e9 la nostra azienda si \u00e8 evoluta nel corso degli anni.<\/p>\n<p class=\"font-weight-bold mb-1 d-flex align-items-center\"><strong>Ashish V.&#8221;Passaggio da Unicommerce standard a Enterprise&#8221;<\/strong><\/p>\n<p><strong>Vantaggi: <\/strong>Uno sportello unico per le soluzioni ecommerce. Ottimo supporto e abbiamo risolto pazientemente tutti i nostri problemi.<\/p>\n<p><strong>Inconvenienti: <\/strong>Servizio clienti nel piano standard. il supporto via chat non potrebbe mai capire i problemi. rispondono dopo 30 minuti e se non risolvono chiudono comunque il ticket. Da migliorare.<\/p>\n","protected":false},"excerpt":{"rendered":"<p>Unicommerce \u00e8 la principale soluzione per la catena di fornitura di ecommerce che consente a produttori, grossisti, distributori, catene di vendita al dettaglio, proprietari di negozi individuali e ecommerce di automatizzare le loro operazioni della catena di rifornimento per le attivit\u00e0 online e offline per vendere di pi\u00f9.<\/p>\n","protected":false},"author":16,"featured_media":42957,"parent":42766,"menu_order":0,"comment_status":"open","ping_status":"closed","template":"g1_template_page_review_new.php","meta":{"_acf_changed":false,"cwp_meta_box_check":"Yes","cwp_rev_product_name":"","cwp_rev_product_image":"","wppr_links":[],"cwp_rev_price":"","wppr_options":[],"wppr_pros":[],"wppr_cons":[],"_monsterinsights_skip_tracking":false,"_monsterinsights_sitenote_active":false,"_monsterinsights_sitenote_note":"","_monsterinsights_sitenote_category":0,"footnotes":""},"categories":[5951],"tags":[396,6008,6007,6005,6006,6009],"features":[],"class_list":{"0":"post-42955","1":"page","2":"type-page","3":"status-publish","4":"has-post-thumbnail","6":"category-software-immissione-ordini-categoria","7":"tag-cloud","8":"tag-piattaforma-per-immissioni-ordini","9":"tag-programma-per-immissioni-ordini","10":"tag-software-per-immissioni-ordini","11":"tag-soluzione-per-immissioni-ordini","12":"tag-unicommerce"},"wppr_data":{"cwp_meta_box_check":"Yes","cwp_rev_product_name":"","cwp_rev_product_image":"","cwp_image_link":"image","cwp_rev_price":"","wppr_rating":"0.00"},"acf":[],"yoast_head":"<!-- This site is optimized with the Yoast SEO plugin v27.4 - https:\/\/yoast.com\/product\/yoast-seo-wordpress\/ -->\n<title>Unicommerce: recensione software immissione ordini - Accurate Reviews<\/title>\n<meta name=\"description\" content=\"Unicommerce: recensione software di immissione ordini che aiuta le attivit\u00e0 a vendere i propri prodotti in modo veloce ed economico.\" \/>\n<meta name=\"robots\" content=\"index, follow, max-snippet:-1, max-image-preview:large, max-video-preview:-1\" \/>\n<link rel=\"canonical\" href=\"https:\/\/www.accuratereviews.com\/it\/software-immissione-ordini\/unicommerce-recensione\/\" \/>\n<meta property=\"og:locale\" content=\"it_IT\" \/>\n<meta property=\"og:type\" content=\"article\" \/>\n<meta property=\"og:title\" content=\"Unicommerce: recensione software immissione ordini - Accurate Reviews\" \/>\n<meta property=\"og:description\" content=\"Unicommerce: recensione software di immissione ordini che aiuta le attivit\u00e0 a vendere i propri prodotti in modo veloce ed economico.\" \/>\n<meta property=\"og:url\" content=\"https:\/\/www.accuratereviews.com\/it\/software-immissione-ordini\/unicommerce-recensione\/\" \/>\n<meta property=\"og:site_name\" content=\"Accurate Reviews\" \/>\n<meta property=\"og:image\" content=\"https:\/\/www.accuratereviews.com\/wp-content\/uploads\/2021\/05\/Unicommerce.png\" \/>\n\t<meta property=\"og:image:width\" content=\"300\" \/>\n\t<meta property=\"og:image:height\" content=\"300\" \/>\n\t<meta property=\"og:image:type\" content=\"image\/png\" \/>\n<meta name=\"twitter:card\" content=\"summary_large_image\" \/>\n<meta name=\"twitter:label1\" content=\"Tempo di lettura stimato\" \/>\n\t<meta name=\"twitter:data1\" content=\"3 minuti\" \/>\n<script type=\"application\/ld+json\" class=\"yoast-schema-graph\">{\"@context\":\"https:\\\/\\\/schema.org\",\"@graph\":[{\"@type\":\"WebPage\",\"@id\":\"https:\\\/\\\/www.accuratereviews.com\\\/it\\\/software-immissione-ordini\\\/unicommerce-recensione\\\/\",\"url\":\"https:\\\/\\\/www.accuratereviews.com\\\/it\\\/software-immissione-ordini\\\/unicommerce-recensione\\\/\",\"name\":\"Unicommerce: recensione software immissione ordini - Accurate Reviews\",\"isPartOf\":{\"@id\":\"https:\\\/\\\/www.accuratereviews.com\\\/it\\\/#website\"},\"primaryImageOfPage\":{\"@id\":\"https:\\\/\\\/www.accuratereviews.com\\\/it\\\/software-immissione-ordini\\\/unicommerce-recensione\\\/#primaryimage\"},\"image\":{\"@id\":\"https:\\\/\\\/www.accuratereviews.com\\\/it\\\/software-immissione-ordini\\\/unicommerce-recensione\\\/#primaryimage\"},\"thumbnailUrl\":\"https:\\\/\\\/www.accuratereviews.com\\\/wp-content\\\/uploads\\\/2021\\\/05\\\/Unicommerce.png\",\"datePublished\":\"2021-05-19T12:00:46+00:00\",\"description\":\"Unicommerce: recensione software di immissione ordini che aiuta le attivit\u00e0 a vendere i propri prodotti in modo veloce ed economico.\",\"breadcrumb\":{\"@id\":\"https:\\\/\\\/www.accuratereviews.com\\\/it\\\/software-immissione-ordini\\\/unicommerce-recensione\\\/#breadcrumb\"},\"inLanguage\":\"it-IT\",\"potentialAction\":[{\"@type\":\"ReadAction\",\"target\":[\"https:\\\/\\\/www.accuratereviews.com\\\/it\\\/software-immissione-ordini\\\/unicommerce-recensione\\\/\"]}]},{\"@type\":\"ImageObject\",\"inLanguage\":\"it-IT\",\"@id\":\"https:\\\/\\\/www.accuratereviews.com\\\/it\\\/software-immissione-ordini\\\/unicommerce-recensione\\\/#primaryimage\",\"url\":\"https:\\\/\\\/www.accuratereviews.com\\\/wp-content\\\/uploads\\\/2021\\\/05\\\/Unicommerce.png\",\"contentUrl\":\"https:\\\/\\\/www.accuratereviews.com\\\/wp-content\\\/uploads\\\/2021\\\/05\\\/Unicommerce.png\",\"width\":300,\"height\":300},{\"@type\":\"BreadcrumbList\",\"@id\":\"https:\\\/\\\/www.accuratereviews.com\\\/it\\\/software-immissione-ordini\\\/unicommerce-recensione\\\/#breadcrumb\",\"itemListElement\":[{\"@type\":\"ListItem\",\"position\":1,\"name\":\"Home\",\"item\":\"https:\\\/\\\/www.accuratereviews.com\\\/it\\\/\"},{\"@type\":\"ListItem\",\"position\":2,\"name\":\"Software per immissione di ordini\",\"item\":\"https:\\\/\\\/www.accuratereviews.com\\\/it\\\/software-immissione-ordini\\\/\"},{\"@type\":\"ListItem\",\"position\":3,\"name\":\"Unicommerce\"}]},{\"@type\":\"WebSite\",\"@id\":\"https:\\\/\\\/www.accuratereviews.com\\\/it\\\/#website\",\"url\":\"https:\\\/\\\/www.accuratereviews.com\\\/it\\\/\",\"name\":\"Accurate Reviews\",\"description\":\"\",\"potentialAction\":[{\"@type\":\"SearchAction\",\"target\":{\"@type\":\"EntryPoint\",\"urlTemplate\":\"https:\\\/\\\/www.accuratereviews.com\\\/it\\\/?s={search_term_string}\"},\"query-input\":{\"@type\":\"PropertyValueSpecification\",\"valueRequired\":true,\"valueName\":\"search_term_string\"}}],\"inLanguage\":\"it-IT\"}]}<\/script>\n<!-- \/ Yoast SEO plugin. -->","yoast_head_json":{"title":"Unicommerce: recensione software immissione ordini - Accurate Reviews","description":"Unicommerce: recensione software di immissione ordini che aiuta le attivit\u00e0 a vendere i propri prodotti in modo veloce ed economico.","robots":{"index":"index","follow":"follow","max-snippet":"max-snippet:-1","max-image-preview":"max-image-preview:large","max-video-preview":"max-video-preview:-1"},"canonical":"https:\/\/www.accuratereviews.com\/it\/software-immissione-ordini\/unicommerce-recensione\/","og_locale":"it_IT","og_type":"article","og_title":"Unicommerce: recensione software immissione ordini - Accurate Reviews","og_description":"Unicommerce: recensione software di immissione ordini che aiuta le attivit\u00e0 a vendere i propri prodotti in modo veloce ed economico.","og_url":"https:\/\/www.accuratereviews.com\/it\/software-immissione-ordini\/unicommerce-recensione\/","og_site_name":"Accurate Reviews","og_image":[{"width":300,"height":300,"url":"https:\/\/www.accuratereviews.com\/wp-content\/uploads\/2021\/05\/Unicommerce.png","type":"image\/png"}],"twitter_card":"summary_large_image","twitter_misc":{"Tempo di lettura stimato":"3 minuti"},"schema":{"@context":"https:\/\/schema.org","@graph":[{"@type":"WebPage","@id":"https:\/\/www.accuratereviews.com\/it\/software-immissione-ordini\/unicommerce-recensione\/","url":"https:\/\/www.accuratereviews.com\/it\/software-immissione-ordini\/unicommerce-recensione\/","name":"Unicommerce: recensione software immissione ordini - Accurate Reviews","isPartOf":{"@id":"https:\/\/www.accuratereviews.com\/it\/#website"},"primaryImageOfPage":{"@id":"https:\/\/www.accuratereviews.com\/it\/software-immissione-ordini\/unicommerce-recensione\/#primaryimage"},"image":{"@id":"https:\/\/www.accuratereviews.com\/it\/software-immissione-ordini\/unicommerce-recensione\/#primaryimage"},"thumbnailUrl":"https:\/\/www.accuratereviews.com\/wp-content\/uploads\/2021\/05\/Unicommerce.png","datePublished":"2021-05-19T12:00:46+00:00","description":"Unicommerce: recensione software di immissione ordini che aiuta le attivit\u00e0 a vendere i propri prodotti in modo veloce ed economico.","breadcrumb":{"@id":"https:\/\/www.accuratereviews.com\/it\/software-immissione-ordini\/unicommerce-recensione\/#breadcrumb"},"inLanguage":"it-IT","potentialAction":[{"@type":"ReadAction","target":["https:\/\/www.accuratereviews.com\/it\/software-immissione-ordini\/unicommerce-recensione\/"]}]},{"@type":"ImageObject","inLanguage":"it-IT","@id":"https:\/\/www.accuratereviews.com\/it\/software-immissione-ordini\/unicommerce-recensione\/#primaryimage","url":"https:\/\/www.accuratereviews.com\/wp-content\/uploads\/2021\/05\/Unicommerce.png","contentUrl":"https:\/\/www.accuratereviews.com\/wp-content\/uploads\/2021\/05\/Unicommerce.png","width":300,"height":300},{"@type":"BreadcrumbList","@id":"https:\/\/www.accuratereviews.com\/it\/software-immissione-ordini\/unicommerce-recensione\/#breadcrumb","itemListElement":[{"@type":"ListItem","position":1,"name":"Home","item":"https:\/\/www.accuratereviews.com\/it\/"},{"@type":"ListItem","position":2,"name":"Software per immissione di ordini","item":"https:\/\/www.accuratereviews.com\/it\/software-immissione-ordini\/"},{"@type":"ListItem","position":3,"name":"Unicommerce"}]},{"@type":"WebSite","@id":"https:\/\/www.accuratereviews.com\/it\/#website","url":"https:\/\/www.accuratereviews.com\/it\/","name":"Accurate Reviews","description":"","potentialAction":[{"@type":"SearchAction","target":{"@type":"EntryPoint","urlTemplate":"https:\/\/www.accuratereviews.com\/it\/?s={search_term_string}"},"query-input":{"@type":"PropertyValueSpecification","valueRequired":true,"valueName":"search_term_string"}}],"inLanguage":"it-IT"}]}},"_links":{"self":[{"href":"https:\/\/www.accuratereviews.com\/it\/wp-json\/wp\/v2\/pages\/42955","targetHints":{"allow":["GET"]}}],"collection":[{"href":"https:\/\/www.accuratereviews.com\/it\/wp-json\/wp\/v2\/pages"}],"about":[{"href":"https:\/\/www.accuratereviews.com\/it\/wp-json\/wp\/v2\/types\/page"}],"author":[{"embeddable":true,"href":"https:\/\/www.accuratereviews.com\/it\/wp-json\/wp\/v2\/users\/16"}],"replies":[{"embeddable":true,"href":"https:\/\/www.accuratereviews.com\/it\/wp-json\/wp\/v2\/comments?post=42955"}],"version-history":[{"count":11,"href":"https:\/\/www.accuratereviews.com\/it\/wp-json\/wp\/v2\/pages\/42955\/revisions"}],"predecessor-version":[{"id":42998,"href":"https:\/\/www.accuratereviews.com\/it\/wp-json\/wp\/v2\/pages\/42955\/revisions\/42998"}],"up":[{"embeddable":true,"href":"https:\/\/www.accuratereviews.com\/it\/wp-json\/wp\/v2\/pages\/42766"}],"wp:featuredmedia":[{"embeddable":true,"href":"https:\/\/www.accuratereviews.com\/it\/wp-json\/wp\/v2\/media\/42957"}],"wp:attachment":[{"href":"https:\/\/www.accuratereviews.com\/it\/wp-json\/wp\/v2\/media?parent=42955"}],"wp:term":[{"taxonomy":"category","embeddable":true,"href":"https:\/\/www.accuratereviews.com\/it\/wp-json\/wp\/v2\/categories?post=42955"},{"taxonomy":"post_tag","embeddable":true,"href":"https:\/\/www.accuratereviews.com\/it\/wp-json\/wp\/v2\/tags?post=42955"},{"taxonomy":"features","embeddable":true,"href":"https:\/\/www.accuratereviews.com\/it\/wp-json\/wp\/v2\/features?post=42955"}],"curies":[{"name":"wp","href":"https:\/\/api.w.org\/{rel}","templated":true}]}}