{"id":42962,"date":"2021-05-19T11:53:32","date_gmt":"2021-05-19T11:53:32","guid":{"rendered":"https:\/\/www.accuratereviews.com\/?page_id=42962"},"modified":"2021-05-19T11:53:32","modified_gmt":"2021-05-19T11:53:32","slug":"esker-recensione","status":"publish","type":"page","link":"https:\/\/www.accuratereviews.com\/it\/software-immissione-ordini\/esker-recensione\/","title":{"rendered":"Esker"},"content":{"rendered":"<p><strong>Esker<\/strong> \u00e8 una<strong> piattaforma di automazione dei processi<\/strong> documentali condivisa progettata per ridurre il lavoro di ufficio e automatizzare le attivit\u00e0 ordinarie negli ambienti aziendali. La piattaforma porta sotto lo stesso tetto una potente consegna di documenti, contabilit\u00e0 fornitori e crediti, acquisti e adempimento e automazione dell&#8217;elaborazione degli ordini, consentendo alle aziende di risparmiare tempo e risorse garantendo cos\u00ec il miglior servizio possibile al cliente. La soluzione permette di trasferire lo scambio e l&#8217;elaborazione delle informazioni aziendali in un ambiente <strong>cloud<\/strong> collaborativo e di coprire virtualmente qualsiasi processo relativo ai documenti che necessita di una metodologia agile. Le dimensioni o il settore dell&#8217;azienda non contano: la soluzione \u00e8 globale, ma implementata e supportata a livello locale per soddisfare le esigenze di tutti i clienti.<\/p>\n<h2>ESKER &#8211; TUTORIAL<\/h2>\n<p>Guardiamo come questa soluzione di <strong>immissione degli ordini<\/strong> pu\u00f2 migliorare il tuo modo di lavorare:<\/p>\n<div id=\"fluid-wrapper-counter-1\" class=\"g1-fluid-wrapper \" style=\"width:686px;\">\n<div style=\"padding-bottom:56.268221574344%;\"><iframe loading=\"lazy\" title=\"Esker Mobile Business Empowerment\" width=\"686\" height=\"386\" src=\"https:\/\/www.youtube.com\/embed\/8xHzK7ixUSc?feature=oembed&amp;wmode=transparent&amp;autohide=1&amp;autoplay=0&amp;disablekb=0&amp;fs=1&amp;loop=0&amp;enablejsapi=1&amp;rel=0&amp;controls=2&amp;showinfo=0&amp;wmode=transparent&amp;autohide=2&amp;autoplay=0&amp;disablekb=0&amp;fs=1&amp;loop=0&amp;enablejsapi=1&amp;rel=0&amp;controls=2&amp;showinfo=1\" frameborder=\"0\" allow=\"accelerometer; autoplay; clipboard-write; encrypted-media; gyroscope; picture-in-picture\" allowfullscreen><\/iframe><\/div>\n<\/div>\n<h3>ESKER &#8211; CARATTERISTICHE<\/h3>\n<ul>\n<li><strong>Elabora gli ordini velocemente<\/strong>: la tecnologia di automazione consente ai membri del team CSR di essere pi\u00f9 produttivi eliminando i costosi colli di bottiglia nell&#8217;elaborazione degli ordini<\/li>\n<li><strong>Prendi decisioni utilizzando Analytics:<\/strong> accesso istantaneo a KPI, tendenze delle prestazioni e analisi degli elementi consente agli utenti di prendere decisioni con maggiore velocit\u00e0, chiarezza e strategia<\/li>\n<li><strong>Tecnologia AI e RPA<\/strong>: la soluzione \u00e8 alimentata dalla tecnologia AI e RPA che ottimizza il riconoscimento e la verifica dei dati, eliminando i colli di bottiglia come l&#8217;immissione manuale dei dati, l&#8217;estrazione di ordini dai portali dei clienti e altro ancora<\/li>\n<li><strong>Integrazione ERP<\/strong>: non solo il software pu\u00f2 funzionare insieme a qualsiasi sistema ERP, ma include connettori standard per SAP\u00ae ECC, SAP S \/ 4HANA\u00ae e Oracle\u00ae EBS. Gli utenti possono anche controllare i prezzi e la disponibilit\u00e0 degli articoli tramite servizi web in tempo reale<\/li>\n<li><strong>Ordini web e mobili<\/strong>: il comodo sito web di ecommerce consente ai clienti di effettuare e monitorare facilmente gli ordini, mentre l&#8217;applicazione mobile consente ai team di vendita sul campo e ai clienti prenotare la merce mentre sono in movimento<\/li>\n<li><strong>Triage e richieste<\/strong>: la soluzione di gestione delle richieste dei clienti funge da assistente digitale per le caselle di posta in arrivo condivise e aiuta i reparti del servizio clienti a valutare le email dei clienti utilizzando la classificazione e l&#8217;instradamento automatizzati<\/li>\n<li><strong>Collaborazione e comunicazione:<\/strong> il programma\u00a0consente ai CSR di chiarire gli ordini prima di evaderli tramite conversazioni monitorate direttamente sull&#8217;ordine che possono includere dipendenti nei reparti vendite e logistica nonch\u00e9 direttamente con i clienti.<\/li>\n<\/ul>\n<h4>LE RECENSIONI DEGLI UTENTI<\/h4>\n<p class=\"font-weight-bold mb-1 d-flex align-items-center\"><strong>Burak C.&#8221;Si integra con i prodotti SAP&#8221;<\/strong><\/p>\n<p><strong>Pro: <\/strong>Si integra con i prodotti SAP ed \u00e8 per questo che Esker \u00e8 un ottimo sistema di automazione che deve essere considerato con le aziende che desiderano automatizzare i propri sistemi finanziari. Anche se abbiamo lavorato con il reparto AP \/ AR su una versione di prova e l&#8217;abbiamo testata, abbiamo trovato le funzionalit\u00e0 e l&#8217;utilizzo (anche il monitoraggio) molto semplici e comprensibili.<\/p>\n<p><strong>Contro: <\/strong>Ci sono molte altre opzioni come la previsione della data di consegna o la generazione di proposte, ma non le uso mai.<\/p>\n<p class=\"font-weight-bold mb-1 d-flex align-items-center\"><strong>Katie F.&#8221;Esker on Demand semplifica il mio lavoro.&#8221;<\/strong><\/p>\n<p><strong>Commenti: <\/strong>Lo adoro. Sono in grado di navigare rapidamente nel sistema e vedere esattamente quali fatture sono state inviate, cosa necessita di approvazione, ordinamento per fornitore: \u00e8 incredibile.<\/p>\n<p><strong>Pro: <\/strong>L&#8217;anno scorso siamo passati a Esker on Demand da una soluzione di fatturazione in loco e, ragazzi, ha fatto la differenza! Ora ricevo una semplice email di notifica da Esker ogni volta che una fattura \u00e8 in attesa di approvazione. Da l\u00ec, tutto ci\u00f2 che devo fare \u00e8 fare clic su &#8211; visualizzare la fattura &#8211; assicurarmi che sia tutto impostato &#8211; fare clic su Approva &#8211; e voil\u00e0! Il processo \u00e8 fatto. Il sistema \u00e8 molto intuitivo (nessuna domanda su cosa \u00e8 necessario fare clic quando, ecc.) Ed \u00e8 fantastico poter ordinare le fatture per fornitore, data, importo e vedere rapidamente cosa \u00e8 stato pagato, \u00e8 in sospeso e ha una trattenuta . Inoltre ci sono moltissime informazioni sulle domande frequenti disponibili online per coloro che cercano come ottenere il massimo dal sistema.<\/p>\n<p><strong>Contro: <\/strong>Se vengono inviate molte fatture, \u00e8 relativamente facile che una venga trascurata. Tuttavia, anche con quello, ti invieranno una notifica di promemoria!<\/p>\n<p class=\"font-weight-bold mb-1 d-flex align-items-center\"><strong>Wayne M.&#8221;Svolge il lavoro di un intero dipartimento di contabilit\u00e0 clienti&#8221;<\/strong><\/p>\n<p><strong>Commenti: <\/strong>Esker copre tutto ci\u00f2 che riguarda il recupero crediti e la centralizzazione che consente di risparmiare molto tempo.<\/p>\n<p><strong>Pro: <\/strong>Lasciare note sui file dei clienti \u00e8 molto utile, cos\u00ec come la possibilit\u00e0 di importare le fatture gi\u00e0 generate tramite un altro CRM.<\/p>\n<p><strong>Contro: <\/strong>Il programma \u00e8 opprimente con la quantit\u00e0 di funzioni che ottieni ed \u00e8 difficile imparare come usarlo correttamente. In particolare ho avuto problemi con l&#8217;apprendimento di come impostare un piano di pagamento regolare per ci\u00f2 che ci \u00e8 dovuto (invece di ottenere l&#8217;intero importo in un unico pagamento).<\/p>\n","protected":false},"excerpt":{"rendered":"<p>Esker \u00e8 una piattaforma di automazione dei processi documentali condivisa progettata per ridurre il lavoro di ufficio e automatizzare le attivit\u00e0 ordinarie negli ambienti aziendali. La piattaforma porta sotto lo stesso tetto una potente consegna di documenti, contabilit\u00e0 fornitori e crediti, acquisti e adempimento e automazione dell&#8217;elaborazione degli ordini, consentendo alle aziende di risparmiare tempo e risorse fornendo il miglior servizio possibile al cliente<\/p>\n","protected":false},"author":16,"featured_media":42963,"parent":42766,"menu_order":0,"comment_status":"open","ping_status":"closed","template":"g1_template_page_review_new.php","meta":{"_acf_changed":false,"cwp_meta_box_check":"Yes","cwp_rev_product_name":"","cwp_rev_product_image":"","wppr_links":[],"cwp_rev_price":"","wppr_options":[],"wppr_pros":[],"wppr_cons":[],"_monsterinsights_skip_tracking":false,"_monsterinsights_sitenote_active":false,"_monsterinsights_sitenote_note":"","_monsterinsights_sitenote_category":0,"footnotes":""},"categories":[5951],"tags":[396,6011,5963,5962,6010,5961],"features":[],"class_list":{"0":"post-42962","1":"page","2":"type-page","3":"status-publish","4":"has-post-thumbnail","6":"category-software-immissione-ordini-categoria","7":"tag-cloud","8":"tag-esker","9":"tag-piattaforma-immissioni-ordini","10":"tag-programma-immissioni-ordini","11":"tag-software-di-immissioni-ordini","12":"tag-soluzione-immissioni-ordini"},"wppr_data":{"cwp_meta_box_check":"Yes","cwp_rev_product_name":"","cwp_rev_product_image":"","cwp_image_link":"image","cwp_rev_price":"","wppr_rating":"0.00"},"acf":[],"yoast_head":"<!-- This site is optimized with the Yoast SEO plugin v27.4 - https:\/\/yoast.com\/product\/yoast-seo-wordpress\/ -->\n<title>Esker: recensione software per immissione di ordini - Accurate Reviews<\/title>\n<meta name=\"description\" content=\"Esker: recensione piattaforma di automazione dei processi documentali progettata per ridurre il lavoro di ufficio e automatizzare le attivit\u00e0\" \/>\n<meta name=\"robots\" content=\"index, follow, max-snippet:-1, max-image-preview:large, max-video-preview:-1\" \/>\n<link rel=\"canonical\" href=\"https:\/\/www.accuratereviews.com\/it\/software-immissione-ordini\/esker-recensione\/\" \/>\n<meta property=\"og:locale\" content=\"it_IT\" \/>\n<meta property=\"og:type\" content=\"article\" \/>\n<meta property=\"og:title\" content=\"Esker: recensione software per immissione di ordini - Accurate Reviews\" \/>\n<meta property=\"og:description\" content=\"Esker: recensione piattaforma di automazione dei processi documentali progettata per ridurre il lavoro di ufficio e automatizzare le attivit\u00e0\" \/>\n<meta property=\"og:url\" content=\"https:\/\/www.accuratereviews.com\/it\/software-immissione-ordini\/esker-recensione\/\" \/>\n<meta property=\"og:site_name\" content=\"Accurate Reviews\" \/>\n<meta property=\"og:image\" content=\"https:\/\/www.accuratereviews.com\/wp-content\/uploads\/2021\/05\/Esker.png\" \/>\n\t<meta property=\"og:image:width\" content=\"225\" \/>\n\t<meta property=\"og:image:height\" content=\"225\" \/>\n\t<meta property=\"og:image:type\" content=\"image\/png\" \/>\n<meta name=\"twitter:card\" content=\"summary_large_image\" \/>\n<meta name=\"twitter:label1\" content=\"Tempo di lettura stimato\" \/>\n\t<meta name=\"twitter:data1\" content=\"4 minuti\" \/>\n<script type=\"application\/ld+json\" class=\"yoast-schema-graph\">{\"@context\":\"https:\\\/\\\/schema.org\",\"@graph\":[{\"@type\":\"WebPage\",\"@id\":\"https:\\\/\\\/www.accuratereviews.com\\\/it\\\/software-immissione-ordini\\\/esker-recensione\\\/\",\"url\":\"https:\\\/\\\/www.accuratereviews.com\\\/it\\\/software-immissione-ordini\\\/esker-recensione\\\/\",\"name\":\"Esker: recensione software per immissione di ordini - Accurate Reviews\",\"isPartOf\":{\"@id\":\"https:\\\/\\\/www.accuratereviews.com\\\/it\\\/#website\"},\"primaryImageOfPage\":{\"@id\":\"https:\\\/\\\/www.accuratereviews.com\\\/it\\\/software-immissione-ordini\\\/esker-recensione\\\/#primaryimage\"},\"image\":{\"@id\":\"https:\\\/\\\/www.accuratereviews.com\\\/it\\\/software-immissione-ordini\\\/esker-recensione\\\/#primaryimage\"},\"thumbnailUrl\":\"https:\\\/\\\/www.accuratereviews.com\\\/wp-content\\\/uploads\\\/2021\\\/05\\\/Esker.png\",\"datePublished\":\"2021-05-19T11:53:32+00:00\",\"description\":\"Esker: recensione piattaforma di automazione dei processi documentali progettata per ridurre il lavoro di ufficio e automatizzare le attivit\u00e0\",\"breadcrumb\":{\"@id\":\"https:\\\/\\\/www.accuratereviews.com\\\/it\\\/software-immissione-ordini\\\/esker-recensione\\\/#breadcrumb\"},\"inLanguage\":\"it-IT\",\"potentialAction\":[{\"@type\":\"ReadAction\",\"target\":[\"https:\\\/\\\/www.accuratereviews.com\\\/it\\\/software-immissione-ordini\\\/esker-recensione\\\/\"]}]},{\"@type\":\"ImageObject\",\"inLanguage\":\"it-IT\",\"@id\":\"https:\\\/\\\/www.accuratereviews.com\\\/it\\\/software-immissione-ordini\\\/esker-recensione\\\/#primaryimage\",\"url\":\"https:\\\/\\\/www.accuratereviews.com\\\/wp-content\\\/uploads\\\/2021\\\/05\\\/Esker.png\",\"contentUrl\":\"https:\\\/\\\/www.accuratereviews.com\\\/wp-content\\\/uploads\\\/2021\\\/05\\\/Esker.png\",\"width\":225,\"height\":225},{\"@type\":\"BreadcrumbList\",\"@id\":\"https:\\\/\\\/www.accuratereviews.com\\\/it\\\/software-immissione-ordini\\\/esker-recensione\\\/#breadcrumb\",\"itemListElement\":[{\"@type\":\"ListItem\",\"position\":1,\"name\":\"Home\",\"item\":\"https:\\\/\\\/www.accuratereviews.com\\\/it\\\/\"},{\"@type\":\"ListItem\",\"position\":2,\"name\":\"Software per immissione di ordini\",\"item\":\"https:\\\/\\\/www.accuratereviews.com\\\/it\\\/software-immissione-ordini\\\/\"},{\"@type\":\"ListItem\",\"position\":3,\"name\":\"Esker\"}]},{\"@type\":\"WebSite\",\"@id\":\"https:\\\/\\\/www.accuratereviews.com\\\/it\\\/#website\",\"url\":\"https:\\\/\\\/www.accuratereviews.com\\\/it\\\/\",\"name\":\"Accurate Reviews\",\"description\":\"\",\"potentialAction\":[{\"@type\":\"SearchAction\",\"target\":{\"@type\":\"EntryPoint\",\"urlTemplate\":\"https:\\\/\\\/www.accuratereviews.com\\\/it\\\/?s={search_term_string}\"},\"query-input\":{\"@type\":\"PropertyValueSpecification\",\"valueRequired\":true,\"valueName\":\"search_term_string\"}}],\"inLanguage\":\"it-IT\"}]}<\/script>\n<!-- \/ Yoast SEO plugin. -->","yoast_head_json":{"title":"Esker: recensione software per immissione di ordini - Accurate Reviews","description":"Esker: recensione piattaforma di automazione dei processi documentali progettata per ridurre il lavoro di ufficio e automatizzare le attivit\u00e0","robots":{"index":"index","follow":"follow","max-snippet":"max-snippet:-1","max-image-preview":"max-image-preview:large","max-video-preview":"max-video-preview:-1"},"canonical":"https:\/\/www.accuratereviews.com\/it\/software-immissione-ordini\/esker-recensione\/","og_locale":"it_IT","og_type":"article","og_title":"Esker: recensione software per immissione di ordini - Accurate Reviews","og_description":"Esker: recensione piattaforma di automazione dei processi documentali progettata per ridurre il lavoro di ufficio e automatizzare le attivit\u00e0","og_url":"https:\/\/www.accuratereviews.com\/it\/software-immissione-ordini\/esker-recensione\/","og_site_name":"Accurate Reviews","og_image":[{"width":225,"height":225,"url":"https:\/\/www.accuratereviews.com\/wp-content\/uploads\/2021\/05\/Esker.png","type":"image\/png"}],"twitter_card":"summary_large_image","twitter_misc":{"Tempo di lettura stimato":"4 minuti"},"schema":{"@context":"https:\/\/schema.org","@graph":[{"@type":"WebPage","@id":"https:\/\/www.accuratereviews.com\/it\/software-immissione-ordini\/esker-recensione\/","url":"https:\/\/www.accuratereviews.com\/it\/software-immissione-ordini\/esker-recensione\/","name":"Esker: recensione software per immissione di ordini - Accurate Reviews","isPartOf":{"@id":"https:\/\/www.accuratereviews.com\/it\/#website"},"primaryImageOfPage":{"@id":"https:\/\/www.accuratereviews.com\/it\/software-immissione-ordini\/esker-recensione\/#primaryimage"},"image":{"@id":"https:\/\/www.accuratereviews.com\/it\/software-immissione-ordini\/esker-recensione\/#primaryimage"},"thumbnailUrl":"https:\/\/www.accuratereviews.com\/wp-content\/uploads\/2021\/05\/Esker.png","datePublished":"2021-05-19T11:53:32+00:00","description":"Esker: recensione piattaforma di automazione dei processi documentali progettata per ridurre il lavoro di ufficio e automatizzare le attivit\u00e0","breadcrumb":{"@id":"https:\/\/www.accuratereviews.com\/it\/software-immissione-ordini\/esker-recensione\/#breadcrumb"},"inLanguage":"it-IT","potentialAction":[{"@type":"ReadAction","target":["https:\/\/www.accuratereviews.com\/it\/software-immissione-ordini\/esker-recensione\/"]}]},{"@type":"ImageObject","inLanguage":"it-IT","@id":"https:\/\/www.accuratereviews.com\/it\/software-immissione-ordini\/esker-recensione\/#primaryimage","url":"https:\/\/www.accuratereviews.com\/wp-content\/uploads\/2021\/05\/Esker.png","contentUrl":"https:\/\/www.accuratereviews.com\/wp-content\/uploads\/2021\/05\/Esker.png","width":225,"height":225},{"@type":"BreadcrumbList","@id":"https:\/\/www.accuratereviews.com\/it\/software-immissione-ordini\/esker-recensione\/#breadcrumb","itemListElement":[{"@type":"ListItem","position":1,"name":"Home","item":"https:\/\/www.accuratereviews.com\/it\/"},{"@type":"ListItem","position":2,"name":"Software per immissione di ordini","item":"https:\/\/www.accuratereviews.com\/it\/software-immissione-ordini\/"},{"@type":"ListItem","position":3,"name":"Esker"}]},{"@type":"WebSite","@id":"https:\/\/www.accuratereviews.com\/it\/#website","url":"https:\/\/www.accuratereviews.com\/it\/","name":"Accurate Reviews","description":"","potentialAction":[{"@type":"SearchAction","target":{"@type":"EntryPoint","urlTemplate":"https:\/\/www.accuratereviews.com\/it\/?s={search_term_string}"},"query-input":{"@type":"PropertyValueSpecification","valueRequired":true,"valueName":"search_term_string"}}],"inLanguage":"it-IT"}]}},"_links":{"self":[{"href":"https:\/\/www.accuratereviews.com\/it\/wp-json\/wp\/v2\/pages\/42962","targetHints":{"allow":["GET"]}}],"collection":[{"href":"https:\/\/www.accuratereviews.com\/it\/wp-json\/wp\/v2\/pages"}],"about":[{"href":"https:\/\/www.accuratereviews.com\/it\/wp-json\/wp\/v2\/types\/page"}],"author":[{"embeddable":true,"href":"https:\/\/www.accuratereviews.com\/it\/wp-json\/wp\/v2\/users\/16"}],"replies":[{"embeddable":true,"href":"https:\/\/www.accuratereviews.com\/it\/wp-json\/wp\/v2\/comments?post=42962"}],"version-history":[{"count":7,"href":"https:\/\/www.accuratereviews.com\/it\/wp-json\/wp\/v2\/pages\/42962\/revisions"}],"predecessor-version":[{"id":42996,"href":"https:\/\/www.accuratereviews.com\/it\/wp-json\/wp\/v2\/pages\/42962\/revisions\/42996"}],"up":[{"embeddable":true,"href":"https:\/\/www.accuratereviews.com\/it\/wp-json\/wp\/v2\/pages\/42766"}],"wp:featuredmedia":[{"embeddable":true,"href":"https:\/\/www.accuratereviews.com\/it\/wp-json\/wp\/v2\/media\/42963"}],"wp:attachment":[{"href":"https:\/\/www.accuratereviews.com\/it\/wp-json\/wp\/v2\/media?parent=42962"}],"wp:term":[{"taxonomy":"category","embeddable":true,"href":"https:\/\/www.accuratereviews.com\/it\/wp-json\/wp\/v2\/categories?post=42962"},{"taxonomy":"post_tag","embeddable":true,"href":"https:\/\/www.accuratereviews.com\/it\/wp-json\/wp\/v2\/tags?post=42962"},{"taxonomy":"features","embeddable":true,"href":"https:\/\/www.accuratereviews.com\/it\/wp-json\/wp\/v2\/features?post=42962"}],"curies":[{"name":"wp","href":"https:\/\/api.w.org\/{rel}","templated":true}]}}