{"id":43024,"date":"2021-05-20T11:14:34","date_gmt":"2021-05-20T11:14:34","guid":{"rendered":"https:\/\/www.accuratereviews.com\/?page_id=43024"},"modified":"2021-05-20T11:14:34","modified_gmt":"2021-05-20T11:14:34","slug":"verenia-cpq-recensione","status":"publish","type":"page","link":"https:\/\/www.accuratereviews.com\/it\/software-immissione-ordini\/verenia-cpq-recensione\/","title":{"rendered":"Verenia CPQ"},"content":{"rendered":"<p><strong>Verenia CPQ<\/strong> \u00e8 una <strong>soluzione CPQ (Configure Price Quote)<\/strong> basata su <strong>cloud<\/strong> per aziende in settori quali distribuzione, produzione ed ecommerce. Le caratteristiche principali includono la visualizzazione del prodotto, le quotazioni dei prezzi, l&#8217;integrazione di CRM ed ERP e il self-service del cliente. Il programma\u00a0\u00e8 in grado di configurare e quotare prodotti e servizi complessi o semplici. Il sistema applica automaticamente sconti e margini e gli utenti possono effettuare l&#8217;upselling e il cross-sell di accessori e prodotti. \u00c8 anche in grado di allineare rivenditori, partner e utenti alle regole governative, alle procedure aziendali e alle normative nazionali.\u00a0La direzione pu\u00f2 visualizzare le attivit\u00e0 di vendita, il personale di vendita pu\u00f2 inserire preventivi e confermare ordini, i rappresentanti possono generare e inviare proposte di vendita e ingegneri e responsabili di prodotto possono modificare i dati della merce.<\/p>\n<h2>VERENIA CPQ &#8211; TUTORIAL<\/h2>\n<p>Guardiamo insieme il video che spiega come inserire nuovi articoli in questo <strong>software per immissione di ordini<\/strong>:<\/p>\n<div id=\"fluid-wrapper-counter-1\" class=\"g1-fluid-wrapper \" style=\"width:686px;\">\n<div style=\"padding-bottom:56.268221574344%;\"><iframe loading=\"lazy\" title=\"Verenia Configurator for NetSuite\" width=\"686\" height=\"386\" src=\"https:\/\/www.youtube.com\/embed\/IwSjvMzEiHo?feature=oembed&amp;wmode=transparent&amp;autohide=1&amp;autoplay=0&amp;disablekb=0&amp;fs=1&amp;loop=0&amp;enablejsapi=1&amp;rel=0&amp;controls=2&amp;showinfo=0&amp;wmode=transparent&amp;autohide=2&amp;autoplay=0&amp;disablekb=0&amp;fs=1&amp;loop=0&amp;enablejsapi=1&amp;rel=0&amp;controls=2&amp;showinfo=1\" frameborder=\"0\" allow=\"accelerometer; autoplay; clipboard-write; encrypted-media; gyroscope; picture-in-picture\" allowfullscreen><\/iframe><\/div>\n<\/div>\n<h3>VERENIA CPQ &#8211; CARATTERISTICHE<\/h3>\n<ul>\n<li><strong>Capacit\u00e0 di configurazione<\/strong>: funzionalit\u00e0 di configurazione che consentono ai venditori di configurare prodotti complessi in pochi minuti, aumentando le vendite<\/li>\n<li><strong>Solo CPQ<\/strong>: unico CPQ progettato specificamente per produttori e distributori<\/li>\n<li><strong>Consegna<\/strong>: fornisce distinte base dettagliate e percorsi nel magazzino<\/li>\n<li><strong>Integrazione<\/strong>: si integra perfettamente in qualsiasi ERP o CRM, risparmiando costi, tempo e sforzi inutili<\/li>\n<li><strong>Omnicanale<\/strong>: funzionalit\u00e0 di vendita omnicanale e accesso per gli utenti all&#8217;interno di tutti i tuoi canali di vendita interni ed esterni<\/li>\n<li><strong>Visualizzazione:<\/strong> le visualizzazioni 3D del configuratore di prodotto offrono visualizzazioni in ogni sua angolazione in modo automatizzato, specifiche per la configurazione e dettagliate e informazioni sulla produzione.<\/li>\n<\/ul>\n<h4>LE RECENSIONI DEGLI UTENTI<\/h4>\n<h5 class=\"font-weight-bold mb-1 d-flex align-items-center\">Justin F.&#8221;Software eccellente!&#8221;<\/h5>\n<p><strong>Commenti: <\/strong>Mi piace usare il software, aumenta la mia produttivit\u00e0 ed \u00e8 divertente da usare!<\/p>\n<p><strong>Pro: <\/strong>L&#8217;interfaccia \u00e8 molto intuitiva e mi consente di inserire rapidamente e accuratamente le informazioni sui nostri prodotti.<\/p>\n<p><strong>Contro: <\/strong>La precisione del programma richiede clic del mouse aggiuntivi.<\/p>\n<p class=\"font-weight-bold mb-1 d-flex align-items-center\"><strong>Anna K.&#8221;facile da personalizzare&#8221;<\/strong><\/p>\n<p><strong>Commenti: <\/strong>n \/ A<\/p>\n<p><strong>Pro: <\/strong>che puoi aggiungere e cambiare le cose avanti e indietro, il nostro settore aggiunge e modifica le opzioni al prodotto stesso tutto il tempo, semplifica la configurazione e l&#8217;uso immediato.<\/p>\n<p><strong>Contro: <\/strong>c&#8217;\u00e8 una funzione: una volta che gli ordini sono stati impostati e vorremmo cambiare l&#8217;impostazione nell&#8217;intestazione o cambiare qualcosa che si applica a tutti gli elementi pubblicitari, devi iniziare un nuovo ordine o modificare gli elementi pubblicitari uno per uno, sarebbe sarebbe bello se fosse automatizzato<\/p>\n<p class=\"font-weight-bold mb-1 d-flex align-items-center\"><strong>Jonathan I.&#8221;Davvero utile&#8221;<\/strong><\/p>\n<p><strong>Commenti: <\/strong>Ci piace il CPQ perch\u00e9 aiuta molto il nostro rappresentante di vendita ad avere un quadro completo del catalogo quando sta facendo un ordine di vendita, inoltre abbiamo incrementato le nostre vendite aggiungendo la funzionalit\u00e0 dei componenti aggiuntivi<\/p>\n<p><strong>Pro: <\/strong>Ridisegna il concetto di creazione di ordini di vendita in Netsuite, d\u00e0 la possibilit\u00e0 al nostro rappresentante di vendita di vedere il catalogo completo e di trovare i prodotti che il cliente sta cercando<\/p>\n<p><strong>Contro: <\/strong>\u00c8 un po &#8216;complicato eseguire l&#8217;implementazione e l&#8217;amministrazione se si desidera apportare modifiche<\/p>\n","protected":false},"excerpt":{"rendered":"<p>Verenia CPQ \u00e8 una soluzione CPQ (Configure Price Quote) basata su cloud per aziende in settori quali distribuzione, produzione ed ecommerce. Le caratteristiche principali includono la visualizzazione del prodotto, le quotazioni dei prezzi, l&#8217;integrazione di CRM ed ERP e il self-service del cliente.<\/p>\n","protected":false},"author":16,"featured_media":43025,"parent":42766,"menu_order":0,"comment_status":"open","ping_status":"closed","template":"g1_template_page_review_new.php","meta":{"_acf_changed":false,"cwp_meta_box_check":"Yes","cwp_rev_product_name":"","cwp_rev_product_image":"","wppr_links":[],"cwp_rev_price":"","wppr_options":[],"wppr_pros":[],"wppr_cons":[],"_monsterinsights_skip_tracking":false,"_monsterinsights_sitenote_active":false,"_monsterinsights_sitenote_note":"","_monsterinsights_sitenote_category":0,"footnotes":""},"categories":[5951],"tags":[396,857,6029,5968,5965,5967,6030],"features":[],"class_list":{"0":"post-43024","1":"page","2":"type-page","3":"status-publish","4":"has-post-thumbnail","6":"category-software-immissione-ordini-categoria","7":"tag-cloud","8":"tag-ecommerce","9":"tag-piattaforma-immissione-ordini","10":"tag-programma-immissione-ordini","11":"tag-software-immissione-ordini","12":"tag-soluzione-immissione-ordini","13":"tag-verenia-cpq"},"wppr_data":{"cwp_meta_box_check":"Yes","cwp_rev_product_name":"","cwp_rev_product_image":"","cwp_image_link":"image","cwp_rev_price":"","wppr_rating":"0.00"},"acf":[],"yoast_head":"<!-- This site is optimized with the Yoast SEO plugin v27.4 - https:\/\/yoast.com\/product\/yoast-seo-wordpress\/ -->\n<title>Verenia CPQ: recensione software immissioni di ordini - Accurate Reviews<\/title>\n<meta name=\"description\" content=\"Verenia: recensione soluzione CPQ (Configure Price Quote) basata su cloud per aziende in settori quali distribuzione, produzione ed ecommerce\" \/>\n<meta name=\"robots\" content=\"index, follow, max-snippet:-1, max-image-preview:large, max-video-preview:-1\" \/>\n<link rel=\"canonical\" href=\"https:\/\/www.accuratereviews.com\/it\/software-immissione-ordini\/verenia-cpq-recensione\/\" \/>\n<meta property=\"og:locale\" content=\"it_IT\" \/>\n<meta property=\"og:type\" content=\"article\" \/>\n<meta property=\"og:title\" content=\"Verenia CPQ: recensione software immissioni di ordini - Accurate Reviews\" \/>\n<meta property=\"og:description\" content=\"Verenia: recensione soluzione CPQ (Configure Price Quote) basata su cloud per aziende in settori quali distribuzione, produzione ed ecommerce\" \/>\n<meta property=\"og:url\" content=\"https:\/\/www.accuratereviews.com\/it\/software-immissione-ordini\/verenia-cpq-recensione\/\" \/>\n<meta property=\"og:site_name\" content=\"Accurate Reviews\" \/>\n<meta property=\"og:image\" content=\"https:\/\/www.accuratereviews.com\/wp-content\/uploads\/2021\/05\/verenia.png\" \/>\n\t<meta property=\"og:image:width\" content=\"600\" \/>\n\t<meta property=\"og:image:height\" content=\"315\" \/>\n\t<meta property=\"og:image:type\" content=\"image\/png\" \/>\n<meta name=\"twitter:card\" content=\"summary_large_image\" \/>\n<meta name=\"twitter:label1\" content=\"Tempo di lettura stimato\" \/>\n\t<meta name=\"twitter:data1\" content=\"3 minuti\" \/>\n<script type=\"application\/ld+json\" class=\"yoast-schema-graph\">{\"@context\":\"https:\\\/\\\/schema.org\",\"@graph\":[{\"@type\":\"WebPage\",\"@id\":\"https:\\\/\\\/www.accuratereviews.com\\\/it\\\/software-immissione-ordini\\\/verenia-cpq-recensione\\\/\",\"url\":\"https:\\\/\\\/www.accuratereviews.com\\\/it\\\/software-immissione-ordini\\\/verenia-cpq-recensione\\\/\",\"name\":\"Verenia CPQ: recensione software immissioni di ordini - Accurate Reviews\",\"isPartOf\":{\"@id\":\"https:\\\/\\\/www.accuratereviews.com\\\/it\\\/#website\"},\"primaryImageOfPage\":{\"@id\":\"https:\\\/\\\/www.accuratereviews.com\\\/it\\\/software-immissione-ordini\\\/verenia-cpq-recensione\\\/#primaryimage\"},\"image\":{\"@id\":\"https:\\\/\\\/www.accuratereviews.com\\\/it\\\/software-immissione-ordini\\\/verenia-cpq-recensione\\\/#primaryimage\"},\"thumbnailUrl\":\"https:\\\/\\\/www.accuratereviews.com\\\/wp-content\\\/uploads\\\/2021\\\/05\\\/verenia.png\",\"datePublished\":\"2021-05-20T11:14:34+00:00\",\"description\":\"Verenia: recensione soluzione CPQ (Configure Price Quote) basata su cloud per aziende in settori quali distribuzione, produzione ed ecommerce\",\"breadcrumb\":{\"@id\":\"https:\\\/\\\/www.accuratereviews.com\\\/it\\\/software-immissione-ordini\\\/verenia-cpq-recensione\\\/#breadcrumb\"},\"inLanguage\":\"it-IT\",\"potentialAction\":[{\"@type\":\"ReadAction\",\"target\":[\"https:\\\/\\\/www.accuratereviews.com\\\/it\\\/software-immissione-ordini\\\/verenia-cpq-recensione\\\/\"]}]},{\"@type\":\"ImageObject\",\"inLanguage\":\"it-IT\",\"@id\":\"https:\\\/\\\/www.accuratereviews.com\\\/it\\\/software-immissione-ordini\\\/verenia-cpq-recensione\\\/#primaryimage\",\"url\":\"https:\\\/\\\/www.accuratereviews.com\\\/wp-content\\\/uploads\\\/2021\\\/05\\\/verenia.png\",\"contentUrl\":\"https:\\\/\\\/www.accuratereviews.com\\\/wp-content\\\/uploads\\\/2021\\\/05\\\/verenia.png\",\"width\":600,\"height\":315},{\"@type\":\"BreadcrumbList\",\"@id\":\"https:\\\/\\\/www.accuratereviews.com\\\/it\\\/software-immissione-ordini\\\/verenia-cpq-recensione\\\/#breadcrumb\",\"itemListElement\":[{\"@type\":\"ListItem\",\"position\":1,\"name\":\"Home\",\"item\":\"https:\\\/\\\/www.accuratereviews.com\\\/it\\\/\"},{\"@type\":\"ListItem\",\"position\":2,\"name\":\"Software per immissione di ordini\",\"item\":\"https:\\\/\\\/www.accuratereviews.com\\\/it\\\/software-immissione-ordini\\\/\"},{\"@type\":\"ListItem\",\"position\":3,\"name\":\"Verenia CPQ\"}]},{\"@type\":\"WebSite\",\"@id\":\"https:\\\/\\\/www.accuratereviews.com\\\/it\\\/#website\",\"url\":\"https:\\\/\\\/www.accuratereviews.com\\\/it\\\/\",\"name\":\"Accurate Reviews\",\"description\":\"\",\"potentialAction\":[{\"@type\":\"SearchAction\",\"target\":{\"@type\":\"EntryPoint\",\"urlTemplate\":\"https:\\\/\\\/www.accuratereviews.com\\\/it\\\/?s={search_term_string}\"},\"query-input\":{\"@type\":\"PropertyValueSpecification\",\"valueRequired\":true,\"valueName\":\"search_term_string\"}}],\"inLanguage\":\"it-IT\"}]}<\/script>\n<!-- \/ Yoast SEO plugin. -->","yoast_head_json":{"title":"Verenia CPQ: recensione software immissioni di ordini - Accurate Reviews","description":"Verenia: recensione soluzione CPQ (Configure Price Quote) basata su cloud per aziende in settori quali distribuzione, produzione ed ecommerce","robots":{"index":"index","follow":"follow","max-snippet":"max-snippet:-1","max-image-preview":"max-image-preview:large","max-video-preview":"max-video-preview:-1"},"canonical":"https:\/\/www.accuratereviews.com\/it\/software-immissione-ordini\/verenia-cpq-recensione\/","og_locale":"it_IT","og_type":"article","og_title":"Verenia CPQ: recensione software immissioni di ordini - Accurate Reviews","og_description":"Verenia: recensione soluzione CPQ (Configure Price Quote) basata su cloud per aziende in settori quali distribuzione, produzione ed ecommerce","og_url":"https:\/\/www.accuratereviews.com\/it\/software-immissione-ordini\/verenia-cpq-recensione\/","og_site_name":"Accurate Reviews","og_image":[{"width":600,"height":315,"url":"https:\/\/www.accuratereviews.com\/wp-content\/uploads\/2021\/05\/verenia.png","type":"image\/png"}],"twitter_card":"summary_large_image","twitter_misc":{"Tempo di lettura stimato":"3 minuti"},"schema":{"@context":"https:\/\/schema.org","@graph":[{"@type":"WebPage","@id":"https:\/\/www.accuratereviews.com\/it\/software-immissione-ordini\/verenia-cpq-recensione\/","url":"https:\/\/www.accuratereviews.com\/it\/software-immissione-ordini\/verenia-cpq-recensione\/","name":"Verenia CPQ: recensione software immissioni di ordini - Accurate Reviews","isPartOf":{"@id":"https:\/\/www.accuratereviews.com\/it\/#website"},"primaryImageOfPage":{"@id":"https:\/\/www.accuratereviews.com\/it\/software-immissione-ordini\/verenia-cpq-recensione\/#primaryimage"},"image":{"@id":"https:\/\/www.accuratereviews.com\/it\/software-immissione-ordini\/verenia-cpq-recensione\/#primaryimage"},"thumbnailUrl":"https:\/\/www.accuratereviews.com\/wp-content\/uploads\/2021\/05\/verenia.png","datePublished":"2021-05-20T11:14:34+00:00","description":"Verenia: recensione soluzione CPQ (Configure Price Quote) basata su cloud per aziende in settori quali distribuzione, produzione ed ecommerce","breadcrumb":{"@id":"https:\/\/www.accuratereviews.com\/it\/software-immissione-ordini\/verenia-cpq-recensione\/#breadcrumb"},"inLanguage":"it-IT","potentialAction":[{"@type":"ReadAction","target":["https:\/\/www.accuratereviews.com\/it\/software-immissione-ordini\/verenia-cpq-recensione\/"]}]},{"@type":"ImageObject","inLanguage":"it-IT","@id":"https:\/\/www.accuratereviews.com\/it\/software-immissione-ordini\/verenia-cpq-recensione\/#primaryimage","url":"https:\/\/www.accuratereviews.com\/wp-content\/uploads\/2021\/05\/verenia.png","contentUrl":"https:\/\/www.accuratereviews.com\/wp-content\/uploads\/2021\/05\/verenia.png","width":600,"height":315},{"@type":"BreadcrumbList","@id":"https:\/\/www.accuratereviews.com\/it\/software-immissione-ordini\/verenia-cpq-recensione\/#breadcrumb","itemListElement":[{"@type":"ListItem","position":1,"name":"Home","item":"https:\/\/www.accuratereviews.com\/it\/"},{"@type":"ListItem","position":2,"name":"Software per immissione di ordini","item":"https:\/\/www.accuratereviews.com\/it\/software-immissione-ordini\/"},{"@type":"ListItem","position":3,"name":"Verenia CPQ"}]},{"@type":"WebSite","@id":"https:\/\/www.accuratereviews.com\/it\/#website","url":"https:\/\/www.accuratereviews.com\/it\/","name":"Accurate Reviews","description":"","potentialAction":[{"@type":"SearchAction","target":{"@type":"EntryPoint","urlTemplate":"https:\/\/www.accuratereviews.com\/it\/?s={search_term_string}"},"query-input":{"@type":"PropertyValueSpecification","valueRequired":true,"valueName":"search_term_string"}}],"inLanguage":"it-IT"}]}},"_links":{"self":[{"href":"https:\/\/www.accuratereviews.com\/it\/wp-json\/wp\/v2\/pages\/43024","targetHints":{"allow":["GET"]}}],"collection":[{"href":"https:\/\/www.accuratereviews.com\/it\/wp-json\/wp\/v2\/pages"}],"about":[{"href":"https:\/\/www.accuratereviews.com\/it\/wp-json\/wp\/v2\/types\/page"}],"author":[{"embeddable":true,"href":"https:\/\/www.accuratereviews.com\/it\/wp-json\/wp\/v2\/users\/16"}],"replies":[{"embeddable":true,"href":"https:\/\/www.accuratereviews.com\/it\/wp-json\/wp\/v2\/comments?post=43024"}],"version-history":[{"count":11,"href":"https:\/\/www.accuratereviews.com\/it\/wp-json\/wp\/v2\/pages\/43024\/revisions"}],"predecessor-version":[{"id":43080,"href":"https:\/\/www.accuratereviews.com\/it\/wp-json\/wp\/v2\/pages\/43024\/revisions\/43080"}],"up":[{"embeddable":true,"href":"https:\/\/www.accuratereviews.com\/it\/wp-json\/wp\/v2\/pages\/42766"}],"wp:featuredmedia":[{"embeddable":true,"href":"https:\/\/www.accuratereviews.com\/it\/wp-json\/wp\/v2\/media\/43025"}],"wp:attachment":[{"href":"https:\/\/www.accuratereviews.com\/it\/wp-json\/wp\/v2\/media?parent=43024"}],"wp:term":[{"taxonomy":"category","embeddable":true,"href":"https:\/\/www.accuratereviews.com\/it\/wp-json\/wp\/v2\/categories?post=43024"},{"taxonomy":"post_tag","embeddable":true,"href":"https:\/\/www.accuratereviews.com\/it\/wp-json\/wp\/v2\/tags?post=43024"},{"taxonomy":"features","embeddable":true,"href":"https:\/\/www.accuratereviews.com\/it\/wp-json\/wp\/v2\/features?post=43024"}],"curies":[{"name":"wp","href":"https:\/\/api.w.org\/{rel}","templated":true}]}}