{"id":43031,"date":"2021-05-20T11:05:15","date_gmt":"2021-05-20T11:05:15","guid":{"rendered":"https:\/\/www.accuratereviews.com\/?page_id=43031"},"modified":"2021-05-20T11:05:15","modified_gmt":"2021-05-20T11:05:15","slug":"nuorder-recensione","status":"publish","type":"page","link":"https:\/\/www.accuratereviews.com\/it\/software-immissione-ordini\/nuorder-recensione\/","title":{"rendered":"NuORDER"},"content":{"rendered":"<p><strong>NuORDER<\/strong> \u00e8 un <strong>software di ecommerce<\/strong> che aiuta le aziende all&#8217;ingrosso a creare e gestire negozi online, consentendo agli acquirenti di sfogliare, personalizzare e acquistare prodotti in tempo reale. La piattaforma permette alle organizzazioni di creare, modificare e copiare ordini e acquisire firme elettroniche utilizzando l&#8217;applicazione iPad. Il software include una galleria multimediale, che consente alle aziende di eseguire campagne di marketing, comunicati stampa, video e progettare un portale personalizzato con url, loghi e immagini personalizzati per stabilire l&#8217;identit\u00e0 del marchio con i clienti. Le caratteristiche includono showroom virtuali, gestione di cataloghi e ordini, interfaccia drag-and-drop, accesso offline, generazione di proposte e altro ancora. Inoltre, gli amministratori possono creare modelli di foglio di linea personalizzati per visualizzare i prodotti e ordinare i dettagli per best seller, gruppo di tessuti o stagione.<\/p>\n<h2>NUORDER &#8211; TUTORIAL<\/h2>\n<p>Ecco un tutorial che ti permette di vedere come sfruttare le funzioni di questo<strong> software di immissioni ordini:<\/strong><\/p>\n<div id=\"fluid-wrapper-counter-1\" class=\"g1-fluid-wrapper \" style=\"width:686px;\">\n<div style=\"padding-bottom:56.268221574344%;\"><iframe loading=\"lazy\" title=\"NuORDER 4.0 Overview\" width=\"515\" height=\"386\" src=\"https:\/\/www.youtube.com\/embed\/KG5ZOGU_tFs?feature=oembed&amp;wmode=transparent&amp;autohide=1&amp;autoplay=0&amp;disablekb=0&amp;fs=1&amp;loop=0&amp;enablejsapi=1&amp;rel=0&amp;controls=2&amp;showinfo=0&amp;wmode=transparent&amp;autohide=2&amp;autoplay=0&amp;disablekb=0&amp;fs=1&amp;loop=0&amp;enablejsapi=1&amp;rel=0&amp;controls=2&amp;showinfo=1\" frameborder=\"0\" allow=\"accelerometer; autoplay; clipboard-write; encrypted-media; gyroscope; picture-in-picture\" allowfullscreen><\/iframe><\/div>\n<\/div>\n<h3>NUORDER &#8211; CARATTERISTICHE<\/h3>\n<ul>\n<li>Crea fogli di linea digitali personalizzati per i principali clienti retail<\/li>\n<li>Imposta prezzi, sconti e lingue personalizzati per gruppi di clienti o localit\u00e0<\/li>\n<li>Invia agli acquirenti i carrelli degli acquisti precompilati direttamente nella loro casella di posta con gli ordini EZ<\/li>\n<li>Aumenta i riordini e le vendite di stagione con l&#8217;inventario in tempo reale<\/li>\n<li>Costruisci showroom virtuali coinvolgenti con immagini a 360\u00b0 e hotspot acquistabili<\/li>\n<li>Sfrutta le lavagne per commercializzare in modo efficace i prodotti<\/li>\n<li>Presenta nuove raccolte con una home page personalizzabile<\/li>\n<li>Le funzionalit\u00e0 di acquisto self-service consentono ai clienti di effettuare ordini 24 ore su 24, 7 giorni su 7<\/li>\n<li>Accetta tutte le principali carte di credito e offri un&#8217;esperienza di pagamento conveniente<\/li>\n<li>Fai crescere la tua attivit\u00e0 identificando le tendenze di vendita<\/li>\n<li>Esamina i KPI per rappresentante, prodotto, regione e altri filtri<\/li>\n<li>Monitora l&#8217;andamento delle vendite con rapporti mensili e confronti stagionali.<\/li>\n<\/ul>\n<h4>LE RECENSIONI DEGLI UTENTI<\/h4>\n<p class=\"font-weight-bold mb-1 d-flex align-items-center\"><strong>Elaina C.&#8221;NuOrder per i tempi nuovi&#8221;<\/strong><\/p>\n<p><strong>Commenti: <\/strong>Uso Nuorder da alcuni anni con le mie societ\u00e0 attuali e precedenti. Si \u00e8 dimostrato pi\u00f9 volte di essere uno dei migliori software per il mondo dell&#8217;abbigliamento di moda.<\/p>\n<p><strong>Pro: <\/strong>Adoro la gestione dell&#8217;inventario e il CRM. Mi piace il modo in cui riesco a comunicare con i clienti e vedere la loro storia.<\/p>\n<p><strong>Contro: <\/strong>Difficile all&#8217;inizio, ma una volta che hai imparato a usarlo quotidianamente, diventa autoesplicativo.<\/p>\n<p class=\"font-weight-bold mb-1 d-flex align-items-center\"><strong>Jeanne A.&#8221;NuOrder&#8221;<\/strong><\/p>\n<p><strong>Commenti: <\/strong>Nel complesso, per l&#8217;aspetto in cui utilizziamo NuOrder, funziona alla grande.<\/p>\n<p><strong>Pro: <\/strong>NuOrder \u00e8 stato una risorsa per il nostro team di vendita. Ordinare \u00e8 facile sia per il nostro team di vendita che per i clienti.<\/p>\n<p><strong>Contro: <\/strong>Non siamo ancora stati in grado di avere una comunicazione bitalerale tra il nostro sistema operativo principale e NuOrder. Quindi ci sono numerose funzioni che non possiamo eseguire in NuOrder.<\/p>\n<p class=\"font-weight-bold mb-1 d-flex align-items-center\"><strong>Tony L.&#8221;La scheda Guida deve essere spostata&#8221;<\/strong><\/p>\n<p><strong>Pro: <\/strong>Facile da usare e visualizzare l&#8217;inventario. Comprer\u00f2 spesso di pi\u00f9 se vedo che l&#8217;inventario si sta esaurendo su determinati prodotti.<\/p>\n<p><strong>Contro: <\/strong>La scheda di aiuto sul lato destro \u00e8 molto fastidiosa in quanto ostacola sempre le dimensioni e gli stili mentre provo a effettuare i miei ordini. Blocca persino la &#8220;X&#8221; per la domanda del sondaggio 1-10 che di tanto in tanto poni. Ti preghiamo di considerare di spostarlo sul lato sinistro dello schermo dove c&#8217;\u00e8 pi\u00f9 spazio.<\/p>\n<p>&nbsp;<\/p>\n","protected":false},"excerpt":{"rendered":"<p>NuORDER \u00e8 un software di ecommerce che aiuta le aziende all&#8217;ingrosso a creare e gestire negozi online, consentendo agli acquirenti di sfogliare, personalizzare e acquistare prodotti in tempo reale. La piattaforma consente alle organizzazioni di creare, modificare e copiare ordini e acquisire firme elettroniche utilizzando l&#8217;applicazione iPad.<\/p>\n","protected":false},"author":16,"featured_media":43037,"parent":42766,"menu_order":0,"comment_status":"open","ping_status":"closed","template":"g1_template_page_review_new.php","meta":{"_acf_changed":false,"cwp_meta_box_check":"Yes","cwp_rev_product_name":"","cwp_rev_product_image":"","wppr_links":[],"cwp_rev_price":"","wppr_options":[],"wppr_pros":[],"wppr_cons":[],"_monsterinsights_skip_tracking":false,"_monsterinsights_sitenote_active":false,"_monsterinsights_sitenote_note":"","_monsterinsights_sitenote_category":0,"footnotes":""},"categories":[5951],"tags":[396,6034,6029,5962,5965,5967],"features":[],"class_list":{"0":"post-43031","1":"page","2":"type-page","3":"status-publish","4":"has-post-thumbnail","6":"category-software-immissione-ordini-categoria","7":"tag-cloud","8":"tag-nuorder","9":"tag-piattaforma-immissione-ordini","10":"tag-programma-immissioni-ordini","11":"tag-software-immissione-ordini","12":"tag-soluzione-immissione-ordini"},"wppr_data":{"cwp_meta_box_check":"Yes","cwp_rev_product_name":"","cwp_rev_product_image":"","cwp_image_link":"image","cwp_rev_price":"","wppr_rating":"0.00"},"acf":[],"yoast_head":"<!-- This site is optimized with the Yoast SEO plugin v27.4 - https:\/\/yoast.com\/product\/yoast-seo-wordpress\/ -->\n<title>NuORDER: recensione software immissioni degli ordini - Accurate Reviews<\/title>\n<meta name=\"description\" content=\"NuORDER: recensione software di ecommerce che aiuta le aziende all&#039;ingrosso a creare e gestire negozi online.\" \/>\n<meta name=\"robots\" content=\"index, follow, max-snippet:-1, max-image-preview:large, max-video-preview:-1\" \/>\n<link rel=\"canonical\" href=\"https:\/\/www.accuratereviews.com\/it\/software-immissione-ordini\/nuorder-recensione\/\" \/>\n<meta property=\"og:locale\" content=\"it_IT\" \/>\n<meta property=\"og:type\" content=\"article\" \/>\n<meta property=\"og:title\" content=\"NuORDER: recensione software immissioni degli ordini - Accurate Reviews\" \/>\n<meta property=\"og:description\" content=\"NuORDER: recensione software di ecommerce che aiuta le aziende all&#039;ingrosso a creare e gestire negozi online.\" \/>\n<meta property=\"og:url\" content=\"https:\/\/www.accuratereviews.com\/it\/software-immissione-ordini\/nuorder-recensione\/\" \/>\n<meta property=\"og:site_name\" content=\"Accurate Reviews\" \/>\n<meta property=\"og:image\" content=\"https:\/\/www.accuratereviews.com\/wp-content\/uploads\/2021\/05\/NuORDER2.jpg\" \/>\n\t<meta property=\"og:image:width\" content=\"900\" \/>\n\t<meta property=\"og:image:height\" content=\"900\" \/>\n\t<meta property=\"og:image:type\" content=\"image\/jpeg\" \/>\n<meta name=\"twitter:card\" content=\"summary_large_image\" \/>\n<meta name=\"twitter:label1\" content=\"Tempo di lettura stimato\" \/>\n\t<meta name=\"twitter:data1\" content=\"3 minuti\" \/>\n<script type=\"application\/ld+json\" class=\"yoast-schema-graph\">{\"@context\":\"https:\\\/\\\/schema.org\",\"@graph\":[{\"@type\":\"WebPage\",\"@id\":\"https:\\\/\\\/www.accuratereviews.com\\\/it\\\/software-immissione-ordini\\\/nuorder-recensione\\\/\",\"url\":\"https:\\\/\\\/www.accuratereviews.com\\\/it\\\/software-immissione-ordini\\\/nuorder-recensione\\\/\",\"name\":\"NuORDER: recensione software immissioni degli ordini - Accurate Reviews\",\"isPartOf\":{\"@id\":\"https:\\\/\\\/www.accuratereviews.com\\\/it\\\/#website\"},\"primaryImageOfPage\":{\"@id\":\"https:\\\/\\\/www.accuratereviews.com\\\/it\\\/software-immissione-ordini\\\/nuorder-recensione\\\/#primaryimage\"},\"image\":{\"@id\":\"https:\\\/\\\/www.accuratereviews.com\\\/it\\\/software-immissione-ordini\\\/nuorder-recensione\\\/#primaryimage\"},\"thumbnailUrl\":\"https:\\\/\\\/www.accuratereviews.com\\\/wp-content\\\/uploads\\\/2021\\\/05\\\/NuORDER2.jpg\",\"datePublished\":\"2021-05-20T11:05:15+00:00\",\"description\":\"NuORDER: recensione software di ecommerce che aiuta le aziende all'ingrosso a creare e gestire negozi online.\",\"breadcrumb\":{\"@id\":\"https:\\\/\\\/www.accuratereviews.com\\\/it\\\/software-immissione-ordini\\\/nuorder-recensione\\\/#breadcrumb\"},\"inLanguage\":\"it-IT\",\"potentialAction\":[{\"@type\":\"ReadAction\",\"target\":[\"https:\\\/\\\/www.accuratereviews.com\\\/it\\\/software-immissione-ordini\\\/nuorder-recensione\\\/\"]}]},{\"@type\":\"ImageObject\",\"inLanguage\":\"it-IT\",\"@id\":\"https:\\\/\\\/www.accuratereviews.com\\\/it\\\/software-immissione-ordini\\\/nuorder-recensione\\\/#primaryimage\",\"url\":\"https:\\\/\\\/www.accuratereviews.com\\\/wp-content\\\/uploads\\\/2021\\\/05\\\/NuORDER2.jpg\",\"contentUrl\":\"https:\\\/\\\/www.accuratereviews.com\\\/wp-content\\\/uploads\\\/2021\\\/05\\\/NuORDER2.jpg\",\"width\":900,\"height\":900},{\"@type\":\"BreadcrumbList\",\"@id\":\"https:\\\/\\\/www.accuratereviews.com\\\/it\\\/software-immissione-ordini\\\/nuorder-recensione\\\/#breadcrumb\",\"itemListElement\":[{\"@type\":\"ListItem\",\"position\":1,\"name\":\"Home\",\"item\":\"https:\\\/\\\/www.accuratereviews.com\\\/it\\\/\"},{\"@type\":\"ListItem\",\"position\":2,\"name\":\"Software per immissione di ordini\",\"item\":\"https:\\\/\\\/www.accuratereviews.com\\\/it\\\/software-immissione-ordini\\\/\"},{\"@type\":\"ListItem\",\"position\":3,\"name\":\"NuORDER\"}]},{\"@type\":\"WebSite\",\"@id\":\"https:\\\/\\\/www.accuratereviews.com\\\/it\\\/#website\",\"url\":\"https:\\\/\\\/www.accuratereviews.com\\\/it\\\/\",\"name\":\"Accurate Reviews\",\"description\":\"\",\"potentialAction\":[{\"@type\":\"SearchAction\",\"target\":{\"@type\":\"EntryPoint\",\"urlTemplate\":\"https:\\\/\\\/www.accuratereviews.com\\\/it\\\/?s={search_term_string}\"},\"query-input\":{\"@type\":\"PropertyValueSpecification\",\"valueRequired\":true,\"valueName\":\"search_term_string\"}}],\"inLanguage\":\"it-IT\"}]}<\/script>\n<!-- \/ Yoast SEO plugin. -->","yoast_head_json":{"title":"NuORDER: recensione software immissioni degli ordini - Accurate Reviews","description":"NuORDER: recensione software di ecommerce che aiuta le aziende all'ingrosso a creare e gestire negozi online.","robots":{"index":"index","follow":"follow","max-snippet":"max-snippet:-1","max-image-preview":"max-image-preview:large","max-video-preview":"max-video-preview:-1"},"canonical":"https:\/\/www.accuratereviews.com\/it\/software-immissione-ordini\/nuorder-recensione\/","og_locale":"it_IT","og_type":"article","og_title":"NuORDER: recensione software immissioni degli ordini - Accurate Reviews","og_description":"NuORDER: recensione software di ecommerce che aiuta le aziende all'ingrosso a creare e gestire negozi online.","og_url":"https:\/\/www.accuratereviews.com\/it\/software-immissione-ordini\/nuorder-recensione\/","og_site_name":"Accurate Reviews","og_image":[{"width":900,"height":900,"url":"https:\/\/www.accuratereviews.com\/wp-content\/uploads\/2021\/05\/NuORDER2.jpg","type":"image\/jpeg"}],"twitter_card":"summary_large_image","twitter_misc":{"Tempo di lettura stimato":"3 minuti"},"schema":{"@context":"https:\/\/schema.org","@graph":[{"@type":"WebPage","@id":"https:\/\/www.accuratereviews.com\/it\/software-immissione-ordini\/nuorder-recensione\/","url":"https:\/\/www.accuratereviews.com\/it\/software-immissione-ordini\/nuorder-recensione\/","name":"NuORDER: recensione software immissioni degli ordini - Accurate Reviews","isPartOf":{"@id":"https:\/\/www.accuratereviews.com\/it\/#website"},"primaryImageOfPage":{"@id":"https:\/\/www.accuratereviews.com\/it\/software-immissione-ordini\/nuorder-recensione\/#primaryimage"},"image":{"@id":"https:\/\/www.accuratereviews.com\/it\/software-immissione-ordini\/nuorder-recensione\/#primaryimage"},"thumbnailUrl":"https:\/\/www.accuratereviews.com\/wp-content\/uploads\/2021\/05\/NuORDER2.jpg","datePublished":"2021-05-20T11:05:15+00:00","description":"NuORDER: recensione software di ecommerce che aiuta le aziende all'ingrosso a creare e gestire negozi online.","breadcrumb":{"@id":"https:\/\/www.accuratereviews.com\/it\/software-immissione-ordini\/nuorder-recensione\/#breadcrumb"},"inLanguage":"it-IT","potentialAction":[{"@type":"ReadAction","target":["https:\/\/www.accuratereviews.com\/it\/software-immissione-ordini\/nuorder-recensione\/"]}]},{"@type":"ImageObject","inLanguage":"it-IT","@id":"https:\/\/www.accuratereviews.com\/it\/software-immissione-ordini\/nuorder-recensione\/#primaryimage","url":"https:\/\/www.accuratereviews.com\/wp-content\/uploads\/2021\/05\/NuORDER2.jpg","contentUrl":"https:\/\/www.accuratereviews.com\/wp-content\/uploads\/2021\/05\/NuORDER2.jpg","width":900,"height":900},{"@type":"BreadcrumbList","@id":"https:\/\/www.accuratereviews.com\/it\/software-immissione-ordini\/nuorder-recensione\/#breadcrumb","itemListElement":[{"@type":"ListItem","position":1,"name":"Home","item":"https:\/\/www.accuratereviews.com\/it\/"},{"@type":"ListItem","position":2,"name":"Software per immissione di ordini","item":"https:\/\/www.accuratereviews.com\/it\/software-immissione-ordini\/"},{"@type":"ListItem","position":3,"name":"NuORDER"}]},{"@type":"WebSite","@id":"https:\/\/www.accuratereviews.com\/it\/#website","url":"https:\/\/www.accuratereviews.com\/it\/","name":"Accurate Reviews","description":"","potentialAction":[{"@type":"SearchAction","target":{"@type":"EntryPoint","urlTemplate":"https:\/\/www.accuratereviews.com\/it\/?s={search_term_string}"},"query-input":{"@type":"PropertyValueSpecification","valueRequired":true,"valueName":"search_term_string"}}],"inLanguage":"it-IT"}]}},"_links":{"self":[{"href":"https:\/\/www.accuratereviews.com\/it\/wp-json\/wp\/v2\/pages\/43031","targetHints":{"allow":["GET"]}}],"collection":[{"href":"https:\/\/www.accuratereviews.com\/it\/wp-json\/wp\/v2\/pages"}],"about":[{"href":"https:\/\/www.accuratereviews.com\/it\/wp-json\/wp\/v2\/types\/page"}],"author":[{"embeddable":true,"href":"https:\/\/www.accuratereviews.com\/it\/wp-json\/wp\/v2\/users\/16"}],"replies":[{"embeddable":true,"href":"https:\/\/www.accuratereviews.com\/it\/wp-json\/wp\/v2\/comments?post=43031"}],"version-history":[{"count":9,"href":"https:\/\/www.accuratereviews.com\/it\/wp-json\/wp\/v2\/pages\/43031\/revisions"}],"predecessor-version":[{"id":43078,"href":"https:\/\/www.accuratereviews.com\/it\/wp-json\/wp\/v2\/pages\/43031\/revisions\/43078"}],"up":[{"embeddable":true,"href":"https:\/\/www.accuratereviews.com\/it\/wp-json\/wp\/v2\/pages\/42766"}],"wp:featuredmedia":[{"embeddable":true,"href":"https:\/\/www.accuratereviews.com\/it\/wp-json\/wp\/v2\/media\/43037"}],"wp:attachment":[{"href":"https:\/\/www.accuratereviews.com\/it\/wp-json\/wp\/v2\/media?parent=43031"}],"wp:term":[{"taxonomy":"category","embeddable":true,"href":"https:\/\/www.accuratereviews.com\/it\/wp-json\/wp\/v2\/categories?post=43031"},{"taxonomy":"post_tag","embeddable":true,"href":"https:\/\/www.accuratereviews.com\/it\/wp-json\/wp\/v2\/tags?post=43031"},{"taxonomy":"features","embeddable":true,"href":"https:\/\/www.accuratereviews.com\/it\/wp-json\/wp\/v2\/features?post=43031"}],"curies":[{"name":"wp","href":"https:\/\/api.w.org\/{rel}","templated":true}]}}