{"id":43048,"date":"2021-05-20T09:48:17","date_gmt":"2021-05-20T09:48:17","guid":{"rendered":"https:\/\/www.accuratereviews.com\/?page_id=43048"},"modified":"2021-05-21T11:01:30","modified_gmt":"2021-05-21T11:01:30","slug":"conexiom-recensione","status":"publish","type":"page","link":"https:\/\/www.accuratereviews.com\/it\/software-immissione-ordini\/conexiom-recensione\/","title":{"rendered":"Conexiom"},"content":{"rendered":"<p><strong>Conexiom<\/strong> \u00e8 un software che automatizza e semplifica l&#8217;elaborazione di tutte le transazioni commerciali che avvengono tra acquirenti e venditori, garantendo la massima efficienza. Si occupa dell&#8217;<strong>immissione degli ordini di acquisto<\/strong>, delle fatture, degli avvisi di spedizione anticipati, della trasformazione di dati complessi e non strutturati e della loro trascrizione con una precisione del 100%, funzionale per eliminare gli errori causati dall&#8217;elaborazione manuale.<br \/>\nGrazie a <strong>Conexiom<\/strong> potrai vendere di pi\u00f9, risparmiare tempo e denaro ma soprattutto offrire ai tuoi clienti esperienze di alto valore con le transazioni touchless.<\/p>\n<h2>CONEXIOM &#8211; TUTORIAL<\/h2>\n<p>Vediamo come funziona questo <strong>software per l&#8217;immissione di ordini<\/strong>:<\/p>\n<div id=\"fluid-wrapper-counter-1\" class=\"g1-fluid-wrapper \" style=\"width:686px;\">\n<div style=\"padding-bottom:56.268221574344%;\"><iframe loading=\"lazy\" title=\"How does Conexiom work?\" width=\"686\" height=\"386\" src=\"https:\/\/www.youtube.com\/embed\/4Jeqc1lbTl0?feature=oembed&amp;wmode=transparent&amp;autohide=1&amp;autoplay=0&amp;disablekb=0&amp;fs=1&amp;loop=0&amp;enablejsapi=1&amp;rel=0&amp;controls=2&amp;showinfo=0&amp;wmode=transparent&amp;autohide=2&amp;autoplay=0&amp;disablekb=0&amp;fs=1&amp;loop=0&amp;enablejsapi=1&amp;rel=0&amp;controls=2&amp;showinfo=1\" frameborder=\"0\" allow=\"accelerometer; autoplay; clipboard-write; encrypted-media; gyroscope; picture-in-picture\" allowfullscreen><\/iframe><\/div>\n<\/div>\n<h3>CONEXIOM &#8211; CARATTERISTICHE<\/h3>\n<ul>\n<li>Trasformazione complessa dei dati<\/li>\n<li>Precisione dei dati al 100%<\/li>\n<li>Transazioni touchless<\/li>\n<li>AP Invoice Automation<\/li>\n<li>Automazione dei preventivi<\/li>\n<li>Accordi sui prezzi speciali<\/li>\n<li>Automazione degli ordini di vendita<\/li>\n<li>Avvisi di spedizione avanzati<\/li>\n<li>Riconoscimenti dell&#8217;ordine del fornitore<\/li>\n<\/ul>\n<h4>LE RECENSIONI DEGLI UTENTI<\/h4>\n<p><strong>Park D. &#8220;Recensione per Conexiom&#8221;<\/strong><br \/>\nCOMMENTI: utilizziamo Conexiom per risparmiare tempo nell&#8217;elaborazione degli ordini dei clienti, specialmente quando si ha pi\u00f9 di 10 elementi pubblicitari, si risparmia cos\u00ec tanto tempo!<br \/>\nPRO: Conexiom pu\u00f2 ridurre al minimo gli errori umani come gli errori di battitura<br \/>\nPuoi risparmiare tempo nell&#8217;elaborazione di pi\u00f9 ordini dallo stesso cliente<br \/>\nCONTRO: ci vuole tempo per elaborare le richieste di mappatura, perch\u00e9 deve essere fatto manualmente.<\/p>\n<p><strong>Debbie F. &#8220;Ottimo strumento quando ottieni dati coerenti dal tuo fornitore!&#8221;<\/strong><br \/>\nCOMMENTI: Conexiom semplifica notevolmente l&#8217;elaborazione delle SPA dei fornitori. \u00c8 stato di grande aiuto quando si sono aggiunti nuovi membri del team<br \/>\nPRO: quando si inviano file a Conexiom per l&#8217;elaborazione, vengono restituiti in pochi minuti. Apportare modifiche alla mappatura \u00e8 molto semplice. I rapporti mensili sono ottimi per tenere d&#8217;occhio l&#8217;utilizzo e la conformit\u00e0 dei membri del team.<br \/>\nCONTRO: la parte pi\u00f9 difficile \u00e8 stata la messa a punto dei vari fornitori. Tuttavia, se li configuri non c&#8217;\u00e8 manutenzione a meno che il fornitore non cambi il formato del file.<\/p>\n<p><strong>Yong C. &#8220;Ottimo software per automatizzare il tuo ordine senza programmare&#8221;<\/strong><br \/>\nCOMMENTI: il software potrebbe migliorare il livello di automazione generale dell&#8217;azienda e stiamo implementando la fase 2 ora.<br \/>\nPRO: facile da usare, facile da implementare, flessibile per cambiare la logica. Abbiamo utilizzato PO, Fattura, Conferma d&#8217;ordine, ecc.<br \/>\nCONTRO: non il software in s\u00e9, ma il nostro rappresentante interno ha un problema e lo stiamo risolvendo.<\/p>\n","protected":false},"excerpt":{"rendered":"<p>Conexiom \u00e8 un software che automatizza e semplifica l&#8217;elaborazione di tutte le transazioni commerciali che avvengono tra acquirenti e venditori, garantendo la massima efficienza. Si occupa dell&#8217;immissione degli ordini di acquisto, delle fatture, degli avvisi di spedizione anticipati, della trasformazione di dati complessi ecc.<\/p>\n","protected":false},"author":17,"featured_media":43055,"parent":42766,"menu_order":0,"comment_status":"open","ping_status":"closed","template":"g1_template_page_review_new.php","meta":{"_acf_changed":false,"cwp_meta_box_check":"No","cwp_rev_product_name":"","cwp_rev_product_image":"","wppr_links":[],"cwp_rev_price":"","wppr_options":[],"wppr_pros":[],"wppr_cons":[],"_monsterinsights_skip_tracking":false,"_monsterinsights_sitenote_active":false,"_monsterinsights_sitenote_note":"","_monsterinsights_sitenote_category":0,"footnotes":""},"categories":[5951],"tags":[6031,5969,5966,6029,5956,5962,5999,6001],"features":[],"class_list":{"0":"post-43048","1":"page","2":"type-page","3":"status-publish","4":"has-post-thumbnail","6":"category-software-immissione-ordini-categoria","7":"tag-conexiom","8":"tag-gestione-immissione-ordini","9":"tag-immissione-ordini","10":"tag-piattaforma-immissione-ordini","11":"tag-piattaforma-immissioni-dati-ordini","12":"tag-programma-immissioni-ordini","13":"tag-software-per-immissione-ordini","14":"tag-soluzione-per-immissione-ordini"},"wppr_data":{"cwp_meta_box_check":"No"},"acf":[],"yoast_head":"<!-- This site is optimized with the Yoast SEO plugin v27.4 - https:\/\/yoast.com\/product\/yoast-seo-wordpress\/ -->\n<title>Conexiom: recensione software immissione ordini - Accurate Reviews<\/title>\n<meta name=\"description\" content=\"Conexiom \u00e8 un software per l&#039;immissione degli ordini che automatizza e semplifica l&#039;elaborazione di tutte le transazioni commerciali.\" \/>\n<meta name=\"robots\" content=\"index, follow, max-snippet:-1, max-image-preview:large, max-video-preview:-1\" \/>\n<link rel=\"canonical\" href=\"https:\/\/www.accuratereviews.com\/it\/software-immissione-ordini\/conexiom-recensione\/\" \/>\n<meta property=\"og:locale\" content=\"it_IT\" \/>\n<meta property=\"og:type\" content=\"article\" \/>\n<meta property=\"og:title\" content=\"Conexiom: recensione software immissione ordini - Accurate Reviews\" \/>\n<meta property=\"og:description\" content=\"Conexiom \u00e8 un software per l&#039;immissione degli ordini che automatizza e semplifica l&#039;elaborazione di tutte le transazioni commerciali.\" \/>\n<meta property=\"og:url\" content=\"https:\/\/www.accuratereviews.com\/it\/software-immissione-ordini\/conexiom-recensione\/\" \/>\n<meta property=\"og:site_name\" content=\"Accurate Reviews\" \/>\n<meta property=\"article:modified_time\" content=\"2021-05-21T11:01:30+00:00\" \/>\n<meta property=\"og:image\" content=\"https:\/\/www.accuratereviews.com\/wp-content\/uploads\/2021\/05\/Schermata-2021-05-20-alle-10.54.09.png\" \/>\n\t<meta property=\"og:image:width\" content=\"700\" \/>\n\t<meta property=\"og:image:height\" content=\"200\" \/>\n\t<meta property=\"og:image:type\" content=\"image\/png\" \/>\n<meta name=\"twitter:card\" content=\"summary_large_image\" \/>\n<meta name=\"twitter:label1\" content=\"Tempo di lettura stimato\" \/>\n\t<meta name=\"twitter:data1\" content=\"2 minuti\" \/>\n<script type=\"application\/ld+json\" class=\"yoast-schema-graph\">{\"@context\":\"https:\\\/\\\/schema.org\",\"@graph\":[{\"@type\":\"WebPage\",\"@id\":\"https:\\\/\\\/www.accuratereviews.com\\\/it\\\/software-immissione-ordini\\\/conexiom-recensione\\\/\",\"url\":\"https:\\\/\\\/www.accuratereviews.com\\\/it\\\/software-immissione-ordini\\\/conexiom-recensione\\\/\",\"name\":\"Conexiom: recensione software immissione ordini - Accurate Reviews\",\"isPartOf\":{\"@id\":\"https:\\\/\\\/www.accuratereviews.com\\\/it\\\/#website\"},\"primaryImageOfPage\":{\"@id\":\"https:\\\/\\\/www.accuratereviews.com\\\/it\\\/software-immissione-ordini\\\/conexiom-recensione\\\/#primaryimage\"},\"image\":{\"@id\":\"https:\\\/\\\/www.accuratereviews.com\\\/it\\\/software-immissione-ordini\\\/conexiom-recensione\\\/#primaryimage\"},\"thumbnailUrl\":\"https:\\\/\\\/www.accuratereviews.com\\\/wp-content\\\/uploads\\\/2021\\\/05\\\/Schermata-2021-05-20-alle-10.54.09.png\",\"datePublished\":\"2021-05-20T09:48:17+00:00\",\"dateModified\":\"2021-05-21T11:01:30+00:00\",\"description\":\"Conexiom \u00e8 un software per l'immissione degli ordini che automatizza e semplifica l'elaborazione di tutte le transazioni commerciali.\",\"breadcrumb\":{\"@id\":\"https:\\\/\\\/www.accuratereviews.com\\\/it\\\/software-immissione-ordini\\\/conexiom-recensione\\\/#breadcrumb\"},\"inLanguage\":\"it-IT\",\"potentialAction\":[{\"@type\":\"ReadAction\",\"target\":[\"https:\\\/\\\/www.accuratereviews.com\\\/it\\\/software-immissione-ordini\\\/conexiom-recensione\\\/\"]}]},{\"@type\":\"ImageObject\",\"inLanguage\":\"it-IT\",\"@id\":\"https:\\\/\\\/www.accuratereviews.com\\\/it\\\/software-immissione-ordini\\\/conexiom-recensione\\\/#primaryimage\",\"url\":\"https:\\\/\\\/www.accuratereviews.com\\\/wp-content\\\/uploads\\\/2021\\\/05\\\/Schermata-2021-05-20-alle-10.54.09.png\",\"contentUrl\":\"https:\\\/\\\/www.accuratereviews.com\\\/wp-content\\\/uploads\\\/2021\\\/05\\\/Schermata-2021-05-20-alle-10.54.09.png\",\"width\":700,\"height\":200},{\"@type\":\"BreadcrumbList\",\"@id\":\"https:\\\/\\\/www.accuratereviews.com\\\/it\\\/software-immissione-ordini\\\/conexiom-recensione\\\/#breadcrumb\",\"itemListElement\":[{\"@type\":\"ListItem\",\"position\":1,\"name\":\"Home\",\"item\":\"https:\\\/\\\/www.accuratereviews.com\\\/it\\\/\"},{\"@type\":\"ListItem\",\"position\":2,\"name\":\"Software per immissione di ordini\",\"item\":\"https:\\\/\\\/www.accuratereviews.com\\\/it\\\/software-immissione-ordini\\\/\"},{\"@type\":\"ListItem\",\"position\":3,\"name\":\"Conexiom\"}]},{\"@type\":\"WebSite\",\"@id\":\"https:\\\/\\\/www.accuratereviews.com\\\/it\\\/#website\",\"url\":\"https:\\\/\\\/www.accuratereviews.com\\\/it\\\/\",\"name\":\"Accurate Reviews\",\"description\":\"\",\"potentialAction\":[{\"@type\":\"SearchAction\",\"target\":{\"@type\":\"EntryPoint\",\"urlTemplate\":\"https:\\\/\\\/www.accuratereviews.com\\\/it\\\/?s={search_term_string}\"},\"query-input\":{\"@type\":\"PropertyValueSpecification\",\"valueRequired\":true,\"valueName\":\"search_term_string\"}}],\"inLanguage\":\"it-IT\"}]}<\/script>\n<!-- \/ Yoast SEO plugin. -->","yoast_head_json":{"title":"Conexiom: recensione software immissione ordini - Accurate Reviews","description":"Conexiom \u00e8 un software per l'immissione degli ordini che automatizza e semplifica l'elaborazione di tutte le transazioni commerciali.","robots":{"index":"index","follow":"follow","max-snippet":"max-snippet:-1","max-image-preview":"max-image-preview:large","max-video-preview":"max-video-preview:-1"},"canonical":"https:\/\/www.accuratereviews.com\/it\/software-immissione-ordini\/conexiom-recensione\/","og_locale":"it_IT","og_type":"article","og_title":"Conexiom: recensione software immissione ordini - Accurate Reviews","og_description":"Conexiom \u00e8 un software per l'immissione degli ordini che automatizza e semplifica l'elaborazione di tutte le transazioni commerciali.","og_url":"https:\/\/www.accuratereviews.com\/it\/software-immissione-ordini\/conexiom-recensione\/","og_site_name":"Accurate Reviews","article_modified_time":"2021-05-21T11:01:30+00:00","og_image":[{"width":700,"height":200,"url":"https:\/\/www.accuratereviews.com\/wp-content\/uploads\/2021\/05\/Schermata-2021-05-20-alle-10.54.09.png","type":"image\/png"}],"twitter_card":"summary_large_image","twitter_misc":{"Tempo di lettura stimato":"2 minuti"},"schema":{"@context":"https:\/\/schema.org","@graph":[{"@type":"WebPage","@id":"https:\/\/www.accuratereviews.com\/it\/software-immissione-ordini\/conexiom-recensione\/","url":"https:\/\/www.accuratereviews.com\/it\/software-immissione-ordini\/conexiom-recensione\/","name":"Conexiom: recensione software immissione ordini - Accurate Reviews","isPartOf":{"@id":"https:\/\/www.accuratereviews.com\/it\/#website"},"primaryImageOfPage":{"@id":"https:\/\/www.accuratereviews.com\/it\/software-immissione-ordini\/conexiom-recensione\/#primaryimage"},"image":{"@id":"https:\/\/www.accuratereviews.com\/it\/software-immissione-ordini\/conexiom-recensione\/#primaryimage"},"thumbnailUrl":"https:\/\/www.accuratereviews.com\/wp-content\/uploads\/2021\/05\/Schermata-2021-05-20-alle-10.54.09.png","datePublished":"2021-05-20T09:48:17+00:00","dateModified":"2021-05-21T11:01:30+00:00","description":"Conexiom \u00e8 un software per l'immissione degli ordini che automatizza e semplifica l'elaborazione di tutte le transazioni commerciali.","breadcrumb":{"@id":"https:\/\/www.accuratereviews.com\/it\/software-immissione-ordini\/conexiom-recensione\/#breadcrumb"},"inLanguage":"it-IT","potentialAction":[{"@type":"ReadAction","target":["https:\/\/www.accuratereviews.com\/it\/software-immissione-ordini\/conexiom-recensione\/"]}]},{"@type":"ImageObject","inLanguage":"it-IT","@id":"https:\/\/www.accuratereviews.com\/it\/software-immissione-ordini\/conexiom-recensione\/#primaryimage","url":"https:\/\/www.accuratereviews.com\/wp-content\/uploads\/2021\/05\/Schermata-2021-05-20-alle-10.54.09.png","contentUrl":"https:\/\/www.accuratereviews.com\/wp-content\/uploads\/2021\/05\/Schermata-2021-05-20-alle-10.54.09.png","width":700,"height":200},{"@type":"BreadcrumbList","@id":"https:\/\/www.accuratereviews.com\/it\/software-immissione-ordini\/conexiom-recensione\/#breadcrumb","itemListElement":[{"@type":"ListItem","position":1,"name":"Home","item":"https:\/\/www.accuratereviews.com\/it\/"},{"@type":"ListItem","position":2,"name":"Software per immissione di ordini","item":"https:\/\/www.accuratereviews.com\/it\/software-immissione-ordini\/"},{"@type":"ListItem","position":3,"name":"Conexiom"}]},{"@type":"WebSite","@id":"https:\/\/www.accuratereviews.com\/it\/#website","url":"https:\/\/www.accuratereviews.com\/it\/","name":"Accurate Reviews","description":"","potentialAction":[{"@type":"SearchAction","target":{"@type":"EntryPoint","urlTemplate":"https:\/\/www.accuratereviews.com\/it\/?s={search_term_string}"},"query-input":{"@type":"PropertyValueSpecification","valueRequired":true,"valueName":"search_term_string"}}],"inLanguage":"it-IT"}]}},"_links":{"self":[{"href":"https:\/\/www.accuratereviews.com\/it\/wp-json\/wp\/v2\/pages\/43048","targetHints":{"allow":["GET"]}}],"collection":[{"href":"https:\/\/www.accuratereviews.com\/it\/wp-json\/wp\/v2\/pages"}],"about":[{"href":"https:\/\/www.accuratereviews.com\/it\/wp-json\/wp\/v2\/types\/page"}],"author":[{"embeddable":true,"href":"https:\/\/www.accuratereviews.com\/it\/wp-json\/wp\/v2\/users\/17"}],"replies":[{"embeddable":true,"href":"https:\/\/www.accuratereviews.com\/it\/wp-json\/wp\/v2\/comments?post=43048"}],"version-history":[{"count":2,"href":"https:\/\/www.accuratereviews.com\/it\/wp-json\/wp\/v2\/pages\/43048\/revisions"}],"predecessor-version":[{"id":43152,"href":"https:\/\/www.accuratereviews.com\/it\/wp-json\/wp\/v2\/pages\/43048\/revisions\/43152"}],"up":[{"embeddable":true,"href":"https:\/\/www.accuratereviews.com\/it\/wp-json\/wp\/v2\/pages\/42766"}],"wp:featuredmedia":[{"embeddable":true,"href":"https:\/\/www.accuratereviews.com\/it\/wp-json\/wp\/v2\/media\/43055"}],"wp:attachment":[{"href":"https:\/\/www.accuratereviews.com\/it\/wp-json\/wp\/v2\/media?parent=43048"}],"wp:term":[{"taxonomy":"category","embeddable":true,"href":"https:\/\/www.accuratereviews.com\/it\/wp-json\/wp\/v2\/categories?post=43048"},{"taxonomy":"post_tag","embeddable":true,"href":"https:\/\/www.accuratereviews.com\/it\/wp-json\/wp\/v2\/tags?post=43048"},{"taxonomy":"features","embeddable":true,"href":"https:\/\/www.accuratereviews.com\/it\/wp-json\/wp\/v2\/features?post=43048"}],"curies":[{"name":"wp","href":"https:\/\/api.w.org\/{rel}","templated":true}]}}