{"id":43090,"date":"2021-05-21T10:41:06","date_gmt":"2021-05-21T10:41:06","guid":{"rendered":"https:\/\/www.accuratereviews.com\/?page_id=43090"},"modified":"2021-05-21T10:41:06","modified_gmt":"2021-05-21T10:41:06","slug":"orderbot-recensione","status":"publish","type":"page","link":"https:\/\/www.accuratereviews.com\/it\/software-immissione-ordini\/orderbot-recensione\/","title":{"rendered":"Orderbot"},"content":{"rendered":"<p><strong>Orderbot<\/strong> \u00e8 una soluzione integrata per la <strong>gestione degli ordini<\/strong> e dell&#8217;inventario basata su <strong>cloud<\/strong> che amministra anche la gestione degli acquisti degli utenti. Una piattaforma di ecommerce B2B all&#8217;ingrosso con funzionalit\u00e0 di gestione delle relazioni con i clienti (CRM) di vendita. La caratteristica principale \u00a0\u00e8 una piattaforma multicanale centralizzata che consolida gli ordini provenienti da pi\u00f9 canali di vendita e mercati. All&#8217;interno della soluzione, gli utenti possono visualizzare una dashboard &#8220;Ordini&#8221; che fornisce una visualizzazione degli ordini in entrata e in uscita che possono essere filtrati, ricercati e codificati a colori. Le guide degli ordini mostrano quali prodotti sono attualmente disponibili per i clienti, la visibilit\u00e0 dei siti web e dei mercati e i prezzi correnti dei prodotti.<\/p>\n<h2>ORDERBOT &#8211; TUTORIAL<\/h2>\n<p>Guardiamo insieme il video in cui illustra come utilizzare questo <strong>software di immissione degli ordini<\/strong>:<\/p>\n<div id=\"fluid-wrapper-counter-1\" class=\"g1-fluid-wrapper \" style=\"width:686px;\">\n<div style=\"padding-bottom:56.268221574344%;\"><iframe loading=\"lazy\" title=\"ORDERBOT SOFTWARE: A Day at the Warehouse\" width=\"515\" height=\"386\" src=\"https:\/\/www.youtube.com\/embed\/r2OzYPavoUU?feature=oembed&amp;wmode=transparent&amp;autohide=1&amp;autoplay=0&amp;disablekb=0&amp;fs=1&amp;loop=0&amp;enablejsapi=1&amp;rel=0&amp;controls=2&amp;showinfo=0&amp;wmode=transparent&amp;autohide=2&amp;autoplay=0&amp;disablekb=0&amp;fs=1&amp;loop=0&amp;enablejsapi=1&amp;rel=0&amp;controls=2&amp;showinfo=1\" frameborder=\"0\" allow=\"accelerometer; autoplay; clipboard-write; encrypted-media; gyroscope; picture-in-picture\" allowfullscreen><\/iframe><\/div>\n<\/div>\n<h3>ORDERBOT &#8211; CARATTERISTICHE<\/h3>\n<ul>\n<li><strong>Dashboard di analisi:<\/strong> visualizza dati e rapporti per identificare e agire rapidamente in base a informazioni e tendenze<\/li>\n<li><strong>Rapporti di merchandising<\/strong>: sfrutta i consigli algoritmici per il merchandising e le promozioni che muovono il prodotto<\/li>\n<li><strong>Prodotti di tendenza<\/strong>: individua e promuovi i prodotti di tendenza<\/li>\n<li><strong>Rapporti sulle vendite:<\/strong> tieni traccia delle vendite di prodotti, categorie e a livello di sito direttamente dall&#8217;amministratore dell&#8217;area di lavoro<\/li>\n<li><strong>Personalizzazione<\/strong>: crea con facilit\u00e0 esperienze di acquisto uniche per i tuoi clienti<\/li>\n<li><strong>Vetrine dell&#8217;area di lavoro<\/strong>: scegli tra pi\u00f9 opzioni di vetrine digitali o crea esperienze su misura su Workarea<\/li>\n<li><strong>Commercio globale:<\/strong> armare funzionalit\u00e0 leader per contenuti multi-locale, copia multilingue, multi-valuta e casi d&#8217;uso transfrontalieri<\/li>\n<li><strong>Prodotti digitali:<\/strong> vendi prodotti digitali in modo nativo su Workarea con supporto per l&#8217;adempimento digitale e download per prodotti basati su file<\/li>\n<li><strong>Merchandising intelligente<\/strong>: esegui senza problemi strategie e progetti di merchandising dall&#8217;ideazione al completamento<\/li>\n<li><strong>Sconti<\/strong>: crea una logica di sconto semplice o complessa utilizzando un&#8217;interfaccia intuitiva.<\/li>\n<\/ul>\n<h4>LE RECENSIONI DEGLI UTENTI<\/h4>\n<p class=\"font-weight-bold mb-1 d-flex align-items-center\"><strong>Rachael C.&#8221;Perfetto per operazioni di magazzino multi valuta&#8221;<\/strong><\/p>\n<p><strong>Commenti: <\/strong>Il team di Orderbot \u00e8 fantastico con cui confrontarsi, il supporto \u00e8 tempestivo anche se si \u00e8 dalla parte opposta del mondo.<\/p>\n<p><strong>Pro: <\/strong>Operiamo in tre diverse valute e la funzionalit\u00e0 Orderbots per fatturare e ricevere pagamenti attraverso queste \u00e8 stata perfetta, la capacit\u00e0 di controllare le vendite attraverso i diversi canali e magazzini ha dato un&#8217;eccellente trasparenza.<\/p>\n<p><strong>Contro: <\/strong>La configurazione iniziale di magazzini e spedizioni aggiuntivi \u00e8 complicata e i passaggi per farlo non funzionano in modo coerente l&#8217;uno con l&#8217;altro<\/p>\n<p class=\"font-weight-bold mb-1 d-flex align-items-center\"><strong>Krystle P.&#8221;No, non usarlo&#8221;<\/strong><\/p>\n<p><strong>Commenti: <\/strong>Non consiglierei che ci siano molte app migliori l\u00e0 fuori<\/p>\n<p><strong>Pro: <\/strong>Facile da installare sul computer desktop e da avviare per utilizzare e cercare i vari elementi desiderati o necessari<\/p>\n<p><strong>Contro: <\/strong>Non funziona alla velocit\u00e0 che vorrei e non trova sempre le cose che cerco in modo tempestivo<\/p>\n<p class=\"font-weight-bold mb-1 d-flex align-items-center\"><strong>Scott S.&#8221;Solido software di investimento per nuovi affari&#8221;<\/strong><\/p>\n<p><strong>Commenti: <\/strong>\u00c8 stata un&#8217;esperienza molto positiva e ogni volta che abbiamo avuto un problema, ci hanno subito risposto e ci ha aiutato a risolvere il problema.<\/p>\n<p><strong>Pro: <\/strong>La semplicit\u00e0 di configurarlo e capire come usarlo.<\/p>\n<p><strong>Contro: <\/strong>Dovevamo chiedere a Orderbot di sviluppare alcune funzionalit\u00e0 di cui avevamo bisogno appositamente per noi.<\/p>\n","protected":false},"excerpt":{"rendered":"<p>Orderbot \u00e8 una soluzione integrata per la gestione degli ordini e dell&#8217;inventario basata su cloud che amministra anche la gestione degli acquisti degli utenti, una piattaforma di ecommerce B2B all&#8217;ingrosso e funzionalit\u00e0 di gestione delle relazioni con i clienti (CRM) di vendita. La caratteristica principale \u00a0\u00e8 una piattaforma multicanale centralizzata che consolida gli ordini provenienti da pi\u00f9 canali di vendita e mercati.<\/p>\n","protected":false},"author":16,"featured_media":43091,"parent":42766,"menu_order":0,"comment_status":"open","ping_status":"closed","template":"g1_template_page_review_new.php","meta":{"_acf_changed":false,"cwp_meta_box_check":"No","cwp_rev_product_name":"","cwp_rev_product_image":"","wppr_links":[],"cwp_rev_price":"","wppr_options":[],"wppr_pros":[],"wppr_cons":[],"_monsterinsights_skip_tracking":false,"_monsterinsights_sitenote_active":false,"_monsterinsights_sitenote_note":"","_monsterinsights_sitenote_category":0,"footnotes":""},"categories":[5951],"tags":[396,6037,6008,6007,6005,6006],"features":[],"class_list":{"0":"post-43090","1":"page","2":"type-page","3":"status-publish","4":"has-post-thumbnail","6":"category-software-immissione-ordini-categoria","7":"tag-cloud","8":"tag-orderbot","9":"tag-piattaforma-per-immissioni-ordini","10":"tag-programma-per-immissioni-ordini","11":"tag-software-per-immissioni-ordini","12":"tag-soluzione-per-immissioni-ordini"},"wppr_data":{"cwp_meta_box_check":"No"},"acf":[],"yoast_head":"<!-- This site is optimized with the Yoast SEO plugin v27.4 - https:\/\/yoast.com\/product\/yoast-seo-wordpress\/ -->\n<title>Orderbot: recensione software per immissione ordini - Accurate Reviews<\/title>\n<meta name=\"description\" content=\"Orderbot: recensione soluzione integrata per la gestione degli ordini e dell&#039;inventario basata su cloud per la gestione del tuo ecommerce.\" \/>\n<meta name=\"robots\" content=\"index, follow, max-snippet:-1, max-image-preview:large, max-video-preview:-1\" \/>\n<link rel=\"canonical\" href=\"https:\/\/www.accuratereviews.com\/it\/software-immissione-ordini\/orderbot-recensione\/\" \/>\n<meta property=\"og:locale\" content=\"it_IT\" \/>\n<meta property=\"og:type\" content=\"article\" \/>\n<meta property=\"og:title\" content=\"Orderbot: recensione software per immissione ordini - Accurate Reviews\" \/>\n<meta property=\"og:description\" content=\"Orderbot: recensione soluzione integrata per la gestione degli ordini e dell&#039;inventario basata su cloud per la gestione del tuo ecommerce.\" \/>\n<meta property=\"og:url\" content=\"https:\/\/www.accuratereviews.com\/it\/software-immissione-ordini\/orderbot-recensione\/\" \/>\n<meta property=\"og:site_name\" content=\"Accurate Reviews\" \/>\n<meta property=\"og:image\" content=\"https:\/\/www.accuratereviews.com\/wp-content\/uploads\/2021\/05\/orderbot.jpeg\" \/>\n\t<meta property=\"og:image:width\" content=\"820\" \/>\n\t<meta property=\"og:image:height\" content=\"254\" \/>\n\t<meta property=\"og:image:type\" content=\"image\/jpeg\" \/>\n<meta name=\"twitter:card\" content=\"summary_large_image\" \/>\n<meta name=\"twitter:label1\" content=\"Tempo di lettura stimato\" \/>\n\t<meta name=\"twitter:data1\" content=\"3 minuti\" \/>\n<script type=\"application\/ld+json\" class=\"yoast-schema-graph\">{\"@context\":\"https:\\\/\\\/schema.org\",\"@graph\":[{\"@type\":\"WebPage\",\"@id\":\"https:\\\/\\\/www.accuratereviews.com\\\/it\\\/software-immissione-ordini\\\/orderbot-recensione\\\/\",\"url\":\"https:\\\/\\\/www.accuratereviews.com\\\/it\\\/software-immissione-ordini\\\/orderbot-recensione\\\/\",\"name\":\"Orderbot: recensione software per immissione ordini - Accurate Reviews\",\"isPartOf\":{\"@id\":\"https:\\\/\\\/www.accuratereviews.com\\\/it\\\/#website\"},\"primaryImageOfPage\":{\"@id\":\"https:\\\/\\\/www.accuratereviews.com\\\/it\\\/software-immissione-ordini\\\/orderbot-recensione\\\/#primaryimage\"},\"image\":{\"@id\":\"https:\\\/\\\/www.accuratereviews.com\\\/it\\\/software-immissione-ordini\\\/orderbot-recensione\\\/#primaryimage\"},\"thumbnailUrl\":\"https:\\\/\\\/www.accuratereviews.com\\\/wp-content\\\/uploads\\\/2021\\\/05\\\/orderbot.jpeg\",\"datePublished\":\"2021-05-21T10:41:06+00:00\",\"description\":\"Orderbot: recensione soluzione integrata per la gestione degli ordini e dell'inventario basata su cloud per la gestione del tuo ecommerce.\",\"breadcrumb\":{\"@id\":\"https:\\\/\\\/www.accuratereviews.com\\\/it\\\/software-immissione-ordini\\\/orderbot-recensione\\\/#breadcrumb\"},\"inLanguage\":\"it-IT\",\"potentialAction\":[{\"@type\":\"ReadAction\",\"target\":[\"https:\\\/\\\/www.accuratereviews.com\\\/it\\\/software-immissione-ordini\\\/orderbot-recensione\\\/\"]}]},{\"@type\":\"ImageObject\",\"inLanguage\":\"it-IT\",\"@id\":\"https:\\\/\\\/www.accuratereviews.com\\\/it\\\/software-immissione-ordini\\\/orderbot-recensione\\\/#primaryimage\",\"url\":\"https:\\\/\\\/www.accuratereviews.com\\\/wp-content\\\/uploads\\\/2021\\\/05\\\/orderbot.jpeg\",\"contentUrl\":\"https:\\\/\\\/www.accuratereviews.com\\\/wp-content\\\/uploads\\\/2021\\\/05\\\/orderbot.jpeg\",\"width\":820,\"height\":254},{\"@type\":\"BreadcrumbList\",\"@id\":\"https:\\\/\\\/www.accuratereviews.com\\\/it\\\/software-immissione-ordini\\\/orderbot-recensione\\\/#breadcrumb\",\"itemListElement\":[{\"@type\":\"ListItem\",\"position\":1,\"name\":\"Home\",\"item\":\"https:\\\/\\\/www.accuratereviews.com\\\/it\\\/\"},{\"@type\":\"ListItem\",\"position\":2,\"name\":\"Software per immissione di ordini\",\"item\":\"https:\\\/\\\/www.accuratereviews.com\\\/it\\\/software-immissione-ordini\\\/\"},{\"@type\":\"ListItem\",\"position\":3,\"name\":\"Orderbot\"}]},{\"@type\":\"WebSite\",\"@id\":\"https:\\\/\\\/www.accuratereviews.com\\\/it\\\/#website\",\"url\":\"https:\\\/\\\/www.accuratereviews.com\\\/it\\\/\",\"name\":\"Accurate Reviews\",\"description\":\"\",\"potentialAction\":[{\"@type\":\"SearchAction\",\"target\":{\"@type\":\"EntryPoint\",\"urlTemplate\":\"https:\\\/\\\/www.accuratereviews.com\\\/it\\\/?s={search_term_string}\"},\"query-input\":{\"@type\":\"PropertyValueSpecification\",\"valueRequired\":true,\"valueName\":\"search_term_string\"}}],\"inLanguage\":\"it-IT\"}]}<\/script>\n<!-- \/ Yoast SEO plugin. -->","yoast_head_json":{"title":"Orderbot: recensione software per immissione ordini - Accurate Reviews","description":"Orderbot: recensione soluzione integrata per la gestione degli ordini e dell'inventario basata su cloud per la gestione del tuo ecommerce.","robots":{"index":"index","follow":"follow","max-snippet":"max-snippet:-1","max-image-preview":"max-image-preview:large","max-video-preview":"max-video-preview:-1"},"canonical":"https:\/\/www.accuratereviews.com\/it\/software-immissione-ordini\/orderbot-recensione\/","og_locale":"it_IT","og_type":"article","og_title":"Orderbot: recensione software per immissione ordini - Accurate Reviews","og_description":"Orderbot: recensione soluzione integrata per la gestione degli ordini e dell'inventario basata su cloud per la gestione del tuo ecommerce.","og_url":"https:\/\/www.accuratereviews.com\/it\/software-immissione-ordini\/orderbot-recensione\/","og_site_name":"Accurate Reviews","og_image":[{"width":820,"height":254,"url":"https:\/\/www.accuratereviews.com\/wp-content\/uploads\/2021\/05\/orderbot.jpeg","type":"image\/jpeg"}],"twitter_card":"summary_large_image","twitter_misc":{"Tempo di lettura stimato":"3 minuti"},"schema":{"@context":"https:\/\/schema.org","@graph":[{"@type":"WebPage","@id":"https:\/\/www.accuratereviews.com\/it\/software-immissione-ordini\/orderbot-recensione\/","url":"https:\/\/www.accuratereviews.com\/it\/software-immissione-ordini\/orderbot-recensione\/","name":"Orderbot: recensione software per immissione ordini - Accurate Reviews","isPartOf":{"@id":"https:\/\/www.accuratereviews.com\/it\/#website"},"primaryImageOfPage":{"@id":"https:\/\/www.accuratereviews.com\/it\/software-immissione-ordini\/orderbot-recensione\/#primaryimage"},"image":{"@id":"https:\/\/www.accuratereviews.com\/it\/software-immissione-ordini\/orderbot-recensione\/#primaryimage"},"thumbnailUrl":"https:\/\/www.accuratereviews.com\/wp-content\/uploads\/2021\/05\/orderbot.jpeg","datePublished":"2021-05-21T10:41:06+00:00","description":"Orderbot: recensione soluzione integrata per la gestione degli ordini e dell'inventario basata su cloud per la gestione del tuo ecommerce.","breadcrumb":{"@id":"https:\/\/www.accuratereviews.com\/it\/software-immissione-ordini\/orderbot-recensione\/#breadcrumb"},"inLanguage":"it-IT","potentialAction":[{"@type":"ReadAction","target":["https:\/\/www.accuratereviews.com\/it\/software-immissione-ordini\/orderbot-recensione\/"]}]},{"@type":"ImageObject","inLanguage":"it-IT","@id":"https:\/\/www.accuratereviews.com\/it\/software-immissione-ordini\/orderbot-recensione\/#primaryimage","url":"https:\/\/www.accuratereviews.com\/wp-content\/uploads\/2021\/05\/orderbot.jpeg","contentUrl":"https:\/\/www.accuratereviews.com\/wp-content\/uploads\/2021\/05\/orderbot.jpeg","width":820,"height":254},{"@type":"BreadcrumbList","@id":"https:\/\/www.accuratereviews.com\/it\/software-immissione-ordini\/orderbot-recensione\/#breadcrumb","itemListElement":[{"@type":"ListItem","position":1,"name":"Home","item":"https:\/\/www.accuratereviews.com\/it\/"},{"@type":"ListItem","position":2,"name":"Software per immissione di ordini","item":"https:\/\/www.accuratereviews.com\/it\/software-immissione-ordini\/"},{"@type":"ListItem","position":3,"name":"Orderbot"}]},{"@type":"WebSite","@id":"https:\/\/www.accuratereviews.com\/it\/#website","url":"https:\/\/www.accuratereviews.com\/it\/","name":"Accurate Reviews","description":"","potentialAction":[{"@type":"SearchAction","target":{"@type":"EntryPoint","urlTemplate":"https:\/\/www.accuratereviews.com\/it\/?s={search_term_string}"},"query-input":{"@type":"PropertyValueSpecification","valueRequired":true,"valueName":"search_term_string"}}],"inLanguage":"it-IT"}]}},"_links":{"self":[{"href":"https:\/\/www.accuratereviews.com\/it\/wp-json\/wp\/v2\/pages\/43090","targetHints":{"allow":["GET"]}}],"collection":[{"href":"https:\/\/www.accuratereviews.com\/it\/wp-json\/wp\/v2\/pages"}],"about":[{"href":"https:\/\/www.accuratereviews.com\/it\/wp-json\/wp\/v2\/types\/page"}],"author":[{"embeddable":true,"href":"https:\/\/www.accuratereviews.com\/it\/wp-json\/wp\/v2\/users\/16"}],"replies":[{"embeddable":true,"href":"https:\/\/www.accuratereviews.com\/it\/wp-json\/wp\/v2\/comments?post=43090"}],"version-history":[{"count":9,"href":"https:\/\/www.accuratereviews.com\/it\/wp-json\/wp\/v2\/pages\/43090\/revisions"}],"predecessor-version":[{"id":43143,"href":"https:\/\/www.accuratereviews.com\/it\/wp-json\/wp\/v2\/pages\/43090\/revisions\/43143"}],"up":[{"embeddable":true,"href":"https:\/\/www.accuratereviews.com\/it\/wp-json\/wp\/v2\/pages\/42766"}],"wp:featuredmedia":[{"embeddable":true,"href":"https:\/\/www.accuratereviews.com\/it\/wp-json\/wp\/v2\/media\/43091"}],"wp:attachment":[{"href":"https:\/\/www.accuratereviews.com\/it\/wp-json\/wp\/v2\/media?parent=43090"}],"wp:term":[{"taxonomy":"category","embeddable":true,"href":"https:\/\/www.accuratereviews.com\/it\/wp-json\/wp\/v2\/categories?post=43090"},{"taxonomy":"post_tag","embeddable":true,"href":"https:\/\/www.accuratereviews.com\/it\/wp-json\/wp\/v2\/tags?post=43090"},{"taxonomy":"features","embeddable":true,"href":"https:\/\/www.accuratereviews.com\/it\/wp-json\/wp\/v2\/features?post=43090"}],"curies":[{"name":"wp","href":"https:\/\/api.w.org\/{rel}","templated":true}]}}