{"id":43119,"date":"2021-05-21T11:08:14","date_gmt":"2021-05-21T11:08:14","guid":{"rendered":"https:\/\/www.accuratereviews.com\/?page_id=43119"},"modified":"2021-05-21T11:08:14","modified_gmt":"2021-05-21T11:08:14","slug":"solid-commerce-recensione","status":"publish","type":"page","link":"https:\/\/www.accuratereviews.com\/it\/software-immissione-ordini\/solid-commerce-recensione\/","title":{"rendered":"Solid Commerce"},"content":{"rendered":"<p><strong>Solid Commerce<\/strong> \u00e8 un <strong>software di gestione dell&#8217;inventario<\/strong> che supporta le aziende che gestiscono le loro vendite online ottimizzando e semplificando tutte le attivit\u00e0 manuali. In questo modo l&#8217;<strong>immissione degli ordini<\/strong> sulla tua piattaforma ecommerce o su Amazon, Ebay, Walmart e altri canali di vendita sar\u00e0 pi\u00f9 intuitiva e rapida, ti baster\u00e0 infatti creare e gestire elenchi, evadere ordini e pubblicare le informazioni sulla spedizione.<br \/>\nL&#8217;obiettivo di <strong>Solid Commerce<\/strong> \u00e8 quello di aiutare commercianti, marchi e rivenditori avere successo nell&#8217;ecommerce potenziando le loro operazioni commerciali e le vendite online grazie a un potente set di strumenti.<\/p>\n<h2>SOLID COMMERCE &#8211; TUTORIAL<\/h2>\n<div id=\"fluid-wrapper-counter-1\" class=\"g1-fluid-wrapper \" style=\"width:686px;\">\n<div style=\"padding-bottom:56.268221574344%;\"><iframe loading=\"lazy\" title=\"Solid Commerce Demo\" width=\"686\" height=\"386\" src=\"https:\/\/www.youtube.com\/embed\/FY0QDLm3urg?feature=oembed&amp;wmode=transparent&amp;autohide=1&amp;autoplay=0&amp;disablekb=0&amp;fs=1&amp;loop=0&amp;enablejsapi=1&amp;rel=0&amp;controls=2&amp;showinfo=0&amp;wmode=transparent&amp;autohide=2&amp;autoplay=0&amp;disablekb=0&amp;fs=1&amp;loop=0&amp;enablejsapi=1&amp;rel=0&amp;controls=2&amp;showinfo=1\" frameborder=\"0\" allow=\"accelerometer; autoplay; clipboard-write; encrypted-media; gyroscope; picture-in-picture\" allowfullscreen><\/iframe><\/div>\n<\/div>\n<h3>SOLID ECOMMERCE &#8211; CARATTERISTICHE<\/h3>\n<ul>\n<li><strong>Gestione dell&#8217;inventario<\/strong>: evita frustranti esaurimenti di scorte e vendite eccessive. Con la gestione dell&#8217;inventario multicanale, puoi sincronizzare automaticamente i livelli di inventario tra i tuoi negozi online e mercati come Amazon, eBay e Walmart<\/li>\n<li><strong>Gestione degli ordini e spedizione<\/strong>: gli ordini vengono importati automaticamente, quindi non devi farlo tu. Le integrazioni dirette con i pi\u00f9 popolari carrelli della spesa e mercati come Amazon, Walmart e eBay, ti consentono di visualizzare, gestire e stampare le etichette di spedizione da una semplice schermata<\/li>\n<li><strong>Dashboard e report ecommerce<\/strong>: i report di business intelligence integrati forniscono informazioni sulle operazioni di vendita online e ti aiutano a gestire le metriche di vendita su tutti i canali di ecommerce e mercati online<\/li>\n<li><strong>Genera nuova inserzione<\/strong>: raggiungi milioni di clienti pi\u00f9 velocemente. Elenco in blocco di nuovi prodotti, invio di aggiornamenti e revisione di elenchi in tempo reale su tutti i principali mercati e negozi web. Consente di risparmiare tempo, riduce il carico di lavoro e consente di elencare pi\u00f9 SKU<\/li>\n<li><strong>Gestione drop-shippers<\/strong>: nessun inventario, nessun problema. Connettiti direttamente all&#8217;inventario dei tuoi spedizionieri ed elenca automaticamente i prodotti nei tuoi mercati preferiti come Amazon e negozi web (Magento, BigCommerce, Shopify e altri)<\/li>\n<li><strong>Aggiornamento automatico dei prezzi<\/strong>: crea la concorrenza e non perdere mai pi\u00f9 la Buy-Box di Amazon. Con lo strumento di repricing di Amazon, puoi impostare opzioni personalizzate come le condizioni del prodotto, la classifica del venditore, l&#8217;ora del giorno e molto altro.<\/li>\n<\/ul>\n<h4>LE RECENSIONI DEGLI UTENTI<\/h4>\n<p><strong>Hiral P. &#8220;Gestione e-commerce multicanale&#8221;<\/strong><br \/>\nCOMMENTI: mantenere il nostro inventario sincronizzato con tutti i canali rappresenta il nostro utilizzo principale, oltre a mantenere aggiornati i dati delle schede su tutti i canali.<br \/>\nPRO: integrazione per molti mercati, gestione dell&#8217;inventario e funzionalit\u00e0 di sincronizzazione. API aperta per l&#8217;integrazione con altri software<br \/>\nCONTRO: la UX sembra molto datata, le nuove configurazioni del Marketplace possono essere complicate e i prodotti in kit possono diventare una sfida se sono necessari pi\u00f9 di 2 kit<\/p>\n<p><strong>Brian L. &#8220;Potente software di e-commerce&#8221;<\/strong><br \/>\nCOMMENTI: Solid Commerce \u00e8 un software molto potente con molte fantastiche funzionalit\u00e0. La mia caratteristica preferita fornita da Solid Commerce \u00e8 quella che chiamano funzionalit\u00e0 di connessione dei fornitori. Ho usato Solid Commerce per connettermi a 7 diversi fornitori dei miei prodotti e hanno automatizzato tutto, dal controllo dell&#8217;inventario all&#8217;instradamento degli ordini. Prima di Solid Commerce, facevo tutto questo manualmente e trascorrevo diverse ore ogni settimana a tenere organizzati tutti i feed dei miei fornitori. Ora che questo \u00e8 automatizzato, la mia vita \u00e8 molto pi\u00f9 semplice.<\/p>\n<p><strong>Nathalia C. &#8220;Potrebbe essere migliore&#8221;<\/strong><br \/>\nPRO: capacit\u00e0 di registrare molti prodotti e capacit\u00e0 di registrare su pi\u00f9 pagine<br \/>\nCONTRO: che questo potrebbe fornire un migliore sistema di registrazione dei costi e dei profitti.<\/p>\n","protected":false},"excerpt":{"rendered":"<p>Solid Commerce \u00e8 un software di gestione dell&#8217;inventario che supporta le aziende che gestiscono le loro vendite online ottimizzando e semplificando tutte le attivit\u00e0 manuali. In questo modo l&#8217;immissione degli ordini sulla tua piattaforma ecommerce o su Amazon, Ebay, Walmart e altri canali di vendita sar\u00e0 pi\u00f9 intuitiva e rapida.<\/p>\n","protected":false},"author":17,"featured_media":43126,"parent":42766,"menu_order":0,"comment_status":"open","ping_status":"closed","template":"g1_template_page_review_new.php","meta":{"_acf_changed":false,"cwp_meta_box_check":"No","cwp_rev_product_name":"","cwp_rev_product_image":"","wppr_links":[],"cwp_rev_price":"","wppr_options":[],"wppr_pros":[],"wppr_cons":[],"_monsterinsights_skip_tracking":false,"_monsterinsights_sitenote_active":false,"_monsterinsights_sitenote_note":"","_monsterinsights_sitenote_category":0,"footnotes":""},"categories":[5951],"tags":[5969,5952,5966,5956,6000,5965,6001],"features":[],"class_list":{"0":"post-43119","1":"page","2":"type-page","3":"status-publish","4":"has-post-thumbnail","6":"category-software-immissione-ordini-categoria","7":"tag-gestione-immissione-ordini","8":"tag-gestione-immissioni-dati-ordini","9":"tag-immissione-ordini","10":"tag-piattaforma-immissioni-dati-ordini","11":"tag-programma-per-immissione-ordini","12":"tag-software-immissione-ordini","13":"tag-soluzione-per-immissione-ordini"},"wppr_data":{"cwp_meta_box_check":"No"},"acf":[],"yoast_head":"<!-- This site is optimized with the Yoast SEO plugin v27.4 - https:\/\/yoast.com\/product\/yoast-seo-wordpress\/ -->\n<title>Solid Commerce: recensione software gestione ordini - Accurate Reviews<\/title>\n<meta name=\"description\" content=\"Solid Commerce: recensione del software di gestione dell&#039;inventario e degli ordini che supporta le aziende con le loro vendite online.\" \/>\n<meta name=\"robots\" content=\"index, follow, max-snippet:-1, max-image-preview:large, max-video-preview:-1\" \/>\n<link rel=\"canonical\" href=\"https:\/\/www.accuratereviews.com\/it\/software-immissione-ordini\/solid-commerce-recensione\/\" \/>\n<meta property=\"og:locale\" content=\"it_IT\" \/>\n<meta property=\"og:type\" content=\"article\" \/>\n<meta property=\"og:title\" content=\"Solid Commerce: recensione software gestione ordini - Accurate Reviews\" \/>\n<meta property=\"og:description\" content=\"Solid Commerce: recensione del software di gestione dell&#039;inventario e degli ordini che supporta le aziende con le loro vendite online.\" \/>\n<meta property=\"og:url\" content=\"https:\/\/www.accuratereviews.com\/it\/software-immissione-ordini\/solid-commerce-recensione\/\" \/>\n<meta property=\"og:site_name\" content=\"Accurate Reviews\" \/>\n<meta property=\"og:image\" content=\"https:\/\/www.accuratereviews.com\/wp-content\/uploads\/2021\/05\/Schermata-2021-05-21-alle-11.58.24-1.png\" \/>\n\t<meta property=\"og:image:width\" content=\"728\" \/>\n\t<meta property=\"og:image:height\" content=\"200\" \/>\n\t<meta property=\"og:image:type\" content=\"image\/png\" \/>\n<meta name=\"twitter:card\" content=\"summary_large_image\" \/>\n<meta name=\"twitter:label1\" content=\"Tempo di lettura stimato\" \/>\n\t<meta name=\"twitter:data1\" content=\"3 minuti\" \/>\n<script type=\"application\/ld+json\" class=\"yoast-schema-graph\">{\"@context\":\"https:\\\/\\\/schema.org\",\"@graph\":[{\"@type\":\"WebPage\",\"@id\":\"https:\\\/\\\/www.accuratereviews.com\\\/it\\\/software-immissione-ordini\\\/solid-commerce-recensione\\\/\",\"url\":\"https:\\\/\\\/www.accuratereviews.com\\\/it\\\/software-immissione-ordini\\\/solid-commerce-recensione\\\/\",\"name\":\"Solid Commerce: recensione software gestione ordini - Accurate Reviews\",\"isPartOf\":{\"@id\":\"https:\\\/\\\/www.accuratereviews.com\\\/it\\\/#website\"},\"primaryImageOfPage\":{\"@id\":\"https:\\\/\\\/www.accuratereviews.com\\\/it\\\/software-immissione-ordini\\\/solid-commerce-recensione\\\/#primaryimage\"},\"image\":{\"@id\":\"https:\\\/\\\/www.accuratereviews.com\\\/it\\\/software-immissione-ordini\\\/solid-commerce-recensione\\\/#primaryimage\"},\"thumbnailUrl\":\"https:\\\/\\\/www.accuratereviews.com\\\/wp-content\\\/uploads\\\/2021\\\/05\\\/Schermata-2021-05-21-alle-11.58.24-1.png\",\"datePublished\":\"2021-05-21T11:08:14+00:00\",\"description\":\"Solid Commerce: recensione del software di gestione dell'inventario e degli ordini che supporta le aziende con le loro vendite online.\",\"breadcrumb\":{\"@id\":\"https:\\\/\\\/www.accuratereviews.com\\\/it\\\/software-immissione-ordini\\\/solid-commerce-recensione\\\/#breadcrumb\"},\"inLanguage\":\"it-IT\",\"potentialAction\":[{\"@type\":\"ReadAction\",\"target\":[\"https:\\\/\\\/www.accuratereviews.com\\\/it\\\/software-immissione-ordini\\\/solid-commerce-recensione\\\/\"]}]},{\"@type\":\"ImageObject\",\"inLanguage\":\"it-IT\",\"@id\":\"https:\\\/\\\/www.accuratereviews.com\\\/it\\\/software-immissione-ordini\\\/solid-commerce-recensione\\\/#primaryimage\",\"url\":\"https:\\\/\\\/www.accuratereviews.com\\\/wp-content\\\/uploads\\\/2021\\\/05\\\/Schermata-2021-05-21-alle-11.58.24-1.png\",\"contentUrl\":\"https:\\\/\\\/www.accuratereviews.com\\\/wp-content\\\/uploads\\\/2021\\\/05\\\/Schermata-2021-05-21-alle-11.58.24-1.png\",\"width\":728,\"height\":200},{\"@type\":\"BreadcrumbList\",\"@id\":\"https:\\\/\\\/www.accuratereviews.com\\\/it\\\/software-immissione-ordini\\\/solid-commerce-recensione\\\/#breadcrumb\",\"itemListElement\":[{\"@type\":\"ListItem\",\"position\":1,\"name\":\"Home\",\"item\":\"https:\\\/\\\/www.accuratereviews.com\\\/it\\\/\"},{\"@type\":\"ListItem\",\"position\":2,\"name\":\"Software per immissione di ordini\",\"item\":\"https:\\\/\\\/www.accuratereviews.com\\\/it\\\/software-immissione-ordini\\\/\"},{\"@type\":\"ListItem\",\"position\":3,\"name\":\"Solid Commerce\"}]},{\"@type\":\"WebSite\",\"@id\":\"https:\\\/\\\/www.accuratereviews.com\\\/it\\\/#website\",\"url\":\"https:\\\/\\\/www.accuratereviews.com\\\/it\\\/\",\"name\":\"Accurate Reviews\",\"description\":\"\",\"potentialAction\":[{\"@type\":\"SearchAction\",\"target\":{\"@type\":\"EntryPoint\",\"urlTemplate\":\"https:\\\/\\\/www.accuratereviews.com\\\/it\\\/?s={search_term_string}\"},\"query-input\":{\"@type\":\"PropertyValueSpecification\",\"valueRequired\":true,\"valueName\":\"search_term_string\"}}],\"inLanguage\":\"it-IT\"}]}<\/script>\n<!-- \/ Yoast SEO plugin. -->","yoast_head_json":{"title":"Solid Commerce: recensione software gestione ordini - Accurate Reviews","description":"Solid Commerce: recensione del software di gestione dell'inventario e degli ordini che supporta le aziende con le loro vendite online.","robots":{"index":"index","follow":"follow","max-snippet":"max-snippet:-1","max-image-preview":"max-image-preview:large","max-video-preview":"max-video-preview:-1"},"canonical":"https:\/\/www.accuratereviews.com\/it\/software-immissione-ordini\/solid-commerce-recensione\/","og_locale":"it_IT","og_type":"article","og_title":"Solid Commerce: recensione software gestione ordini - Accurate Reviews","og_description":"Solid Commerce: recensione del software di gestione dell'inventario e degli ordini che supporta le aziende con le loro vendite online.","og_url":"https:\/\/www.accuratereviews.com\/it\/software-immissione-ordini\/solid-commerce-recensione\/","og_site_name":"Accurate Reviews","og_image":[{"width":728,"height":200,"url":"https:\/\/www.accuratereviews.com\/wp-content\/uploads\/2021\/05\/Schermata-2021-05-21-alle-11.58.24-1.png","type":"image\/png"}],"twitter_card":"summary_large_image","twitter_misc":{"Tempo di lettura stimato":"3 minuti"},"schema":{"@context":"https:\/\/schema.org","@graph":[{"@type":"WebPage","@id":"https:\/\/www.accuratereviews.com\/it\/software-immissione-ordini\/solid-commerce-recensione\/","url":"https:\/\/www.accuratereviews.com\/it\/software-immissione-ordini\/solid-commerce-recensione\/","name":"Solid Commerce: recensione software gestione ordini - Accurate Reviews","isPartOf":{"@id":"https:\/\/www.accuratereviews.com\/it\/#website"},"primaryImageOfPage":{"@id":"https:\/\/www.accuratereviews.com\/it\/software-immissione-ordini\/solid-commerce-recensione\/#primaryimage"},"image":{"@id":"https:\/\/www.accuratereviews.com\/it\/software-immissione-ordini\/solid-commerce-recensione\/#primaryimage"},"thumbnailUrl":"https:\/\/www.accuratereviews.com\/wp-content\/uploads\/2021\/05\/Schermata-2021-05-21-alle-11.58.24-1.png","datePublished":"2021-05-21T11:08:14+00:00","description":"Solid Commerce: recensione del software di gestione dell'inventario e degli ordini che supporta le aziende con le loro vendite online.","breadcrumb":{"@id":"https:\/\/www.accuratereviews.com\/it\/software-immissione-ordini\/solid-commerce-recensione\/#breadcrumb"},"inLanguage":"it-IT","potentialAction":[{"@type":"ReadAction","target":["https:\/\/www.accuratereviews.com\/it\/software-immissione-ordini\/solid-commerce-recensione\/"]}]},{"@type":"ImageObject","inLanguage":"it-IT","@id":"https:\/\/www.accuratereviews.com\/it\/software-immissione-ordini\/solid-commerce-recensione\/#primaryimage","url":"https:\/\/www.accuratereviews.com\/wp-content\/uploads\/2021\/05\/Schermata-2021-05-21-alle-11.58.24-1.png","contentUrl":"https:\/\/www.accuratereviews.com\/wp-content\/uploads\/2021\/05\/Schermata-2021-05-21-alle-11.58.24-1.png","width":728,"height":200},{"@type":"BreadcrumbList","@id":"https:\/\/www.accuratereviews.com\/it\/software-immissione-ordini\/solid-commerce-recensione\/#breadcrumb","itemListElement":[{"@type":"ListItem","position":1,"name":"Home","item":"https:\/\/www.accuratereviews.com\/it\/"},{"@type":"ListItem","position":2,"name":"Software per immissione di ordini","item":"https:\/\/www.accuratereviews.com\/it\/software-immissione-ordini\/"},{"@type":"ListItem","position":3,"name":"Solid Commerce"}]},{"@type":"WebSite","@id":"https:\/\/www.accuratereviews.com\/it\/#website","url":"https:\/\/www.accuratereviews.com\/it\/","name":"Accurate Reviews","description":"","potentialAction":[{"@type":"SearchAction","target":{"@type":"EntryPoint","urlTemplate":"https:\/\/www.accuratereviews.com\/it\/?s={search_term_string}"},"query-input":{"@type":"PropertyValueSpecification","valueRequired":true,"valueName":"search_term_string"}}],"inLanguage":"it-IT"}]}},"_links":{"self":[{"href":"https:\/\/www.accuratereviews.com\/it\/wp-json\/wp\/v2\/pages\/43119","targetHints":{"allow":["GET"]}}],"collection":[{"href":"https:\/\/www.accuratereviews.com\/it\/wp-json\/wp\/v2\/pages"}],"about":[{"href":"https:\/\/www.accuratereviews.com\/it\/wp-json\/wp\/v2\/types\/page"}],"author":[{"embeddable":true,"href":"https:\/\/www.accuratereviews.com\/it\/wp-json\/wp\/v2\/users\/17"}],"replies":[{"embeddable":true,"href":"https:\/\/www.accuratereviews.com\/it\/wp-json\/wp\/v2\/comments?post=43119"}],"version-history":[{"count":4,"href":"https:\/\/www.accuratereviews.com\/it\/wp-json\/wp\/v2\/pages\/43119\/revisions"}],"predecessor-version":[{"id":43154,"href":"https:\/\/www.accuratereviews.com\/it\/wp-json\/wp\/v2\/pages\/43119\/revisions\/43154"}],"up":[{"embeddable":true,"href":"https:\/\/www.accuratereviews.com\/it\/wp-json\/wp\/v2\/pages\/42766"}],"wp:featuredmedia":[{"embeddable":true,"href":"https:\/\/www.accuratereviews.com\/it\/wp-json\/wp\/v2\/media\/43126"}],"wp:attachment":[{"href":"https:\/\/www.accuratereviews.com\/it\/wp-json\/wp\/v2\/media?parent=43119"}],"wp:term":[{"taxonomy":"category","embeddable":true,"href":"https:\/\/www.accuratereviews.com\/it\/wp-json\/wp\/v2\/categories?post=43119"},{"taxonomy":"post_tag","embeddable":true,"href":"https:\/\/www.accuratereviews.com\/it\/wp-json\/wp\/v2\/tags?post=43119"},{"taxonomy":"features","embeddable":true,"href":"https:\/\/www.accuratereviews.com\/it\/wp-json\/wp\/v2\/features?post=43119"}],"curies":[{"name":"wp","href":"https:\/\/api.w.org\/{rel}","templated":true}]}}