{"id":43205,"date":"2021-05-24T11:00:44","date_gmt":"2021-05-24T11:00:44","guid":{"rendered":"https:\/\/www.accuratereviews.com\/?page_id=43205"},"modified":"2021-05-24T11:00:44","modified_gmt":"2021-05-24T11:00:44","slug":"ziizii-order-entry-recensione","status":"publish","type":"page","link":"https:\/\/www.accuratereviews.com\/it\/software-immissione-ordini\/ziizii-order-entry-recensione\/","title":{"rendered":"ZiiZii Order Entry"},"content":{"rendered":"<p><strong>ZiiZii Order Entry<\/strong> \u00e8 una soluzione basata su <strong>cloud<\/strong> progettata per aiutare le aziende di distribuzione all&#8217;ingrosso di tutte le dimensioni a<strong> elaborare gli ordini<\/strong> e i pagamenti dei clienti in tempo reale. Le caratteristiche principali includono la stampa di etichette, la scansione dei codici a barre, l&#8217;elenco degli ordini degli articoli, la condivisione dei media, le notifiche via email, il monitoraggio della cronologia, la gestione delle ricevute e l&#8217;accesso offline. L&#8217;applicazione consente ai dipendenti di generare etichette per gli scaffali per prodotti contenenti informazioni quali nome, dimensione e colore. Consente agli utenti di accedere a cataloghi elettronici, effettuare ordini per l&#8217;inventario e stampare. Inoltre, la soluzione consente ai manager di migliorare la produttivit\u00e0 delle vendite tramite annunci di prodotti, avvisi di richiamo e distribuzione di volantini di vendita.<\/p>\n<h2>ZIIZII ORDER ENTRY &#8211; TUTORIAL<\/h2>\n<p>Questo breve video ti offrir\u00e0 un tour dell&#8217;app mobile di questa soluzione per immissione di ordini e ti mostrer\u00e0 come effettuare rapidamente il tuo primo ordine.<\/p>\n<div id=\"fluid-wrapper-counter-1\" class=\"g1-fluid-wrapper \" style=\"width:686px;\">\n<div style=\"padding-bottom:56.268221574344%;\"><iframe loading=\"lazy\" title=\"ZiiZii Tips &amp; Tricks - How to build your first order\" width=\"686\" height=\"386\" src=\"https:\/\/www.youtube.com\/embed\/OfhDEy1-fyQ?feature=oembed&amp;wmode=transparent&amp;autohide=1&amp;autoplay=0&amp;disablekb=0&amp;fs=1&amp;loop=0&amp;enablejsapi=1&amp;rel=0&amp;controls=2&amp;showinfo=0&amp;wmode=transparent&amp;autohide=2&amp;autoplay=0&amp;disablekb=0&amp;fs=1&amp;loop=0&amp;enablejsapi=1&amp;rel=0&amp;controls=2&amp;showinfo=1\" frameborder=\"0\" allow=\"accelerometer; autoplay; clipboard-write; encrypted-media; gyroscope; picture-in-picture\" allowfullscreen><\/iframe><\/div>\n<\/div>\n<h3>ZIIZII ORDER ENTRY &#8211; CARATTERISTICHE<\/h3>\n<ul>\n<li><strong>Lavoriamo con tutto<\/strong>: usa la soluzione con Android, iOS, browser web e persino terminali legacy<\/li>\n<li><strong>Niente Internet, nessun problema<\/strong>: il software funziona in modalit\u00e0 offline<\/li>\n<li><strong>Aumento degli ordini<\/strong>: immagini dei prodotti, ricerca nel catalogo, visualizzazione delle categorie, articoli in saldo e altro ancora. Trovare rapidamente gli articoli rende facile per gli utenti ordinarne altro<\/li>\n<li><strong>Rimani in contatto<\/strong>: metti istantaneamente media come avvisi di richiamo, annunci di prodotti e volantini di vendita a portata di mano degli utenti con la funzione documenti.<\/li>\n<li><strong>Ordine in secondi<\/strong>: funzionalit\u00e0 come la scansione dei codici a barre, i modelli e la cronologia degli ordini offrono agli utenti gli strumenti per creare e inviare rapidamente ordini.<\/li>\n<li><strong>Inserimento accurato degli ordini<\/strong>: con il supporto per cataloghi specifici dell&#8217;account, assicurati che i clienti vedano solo gli articoli autorizzati e i prezzi univoci.<\/li>\n<li><strong>Flessibilit\u00e0 negli ordini:<\/strong> supporta un&#8217;ampia gamma di tipi di ordini personalizzati<\/li>\n<li><strong>Crea fiducia<\/strong>: dai ai clienti la possibilit\u00e0 di verificare gli ordini ricevuti e risolvere rapidamente eventuali discrepanze.<\/li>\n<li><strong>Scansione su stampa<\/strong>: stampa rapidamente le nuove etichette degli articoli scansionando gli UPC dei prodotti o i codici a barre dei numeri degli articoli<\/li>\n<li><strong>Stampa singola e in batch:<\/strong> stampa etichette singole o grandi lotti con opzioni di stampa flessibili<\/li>\n<li><strong>Etichette personalizzate<\/strong>: utilizza la funzione etichetta vuota per creare qualsiasi etichetta di cui hai bisogno su richiesta<\/li>\n<li><strong>Diversi formati di etichette:<\/strong> supporto per un numero illimitato di formati di etichette in base alle tue esigenze<\/li>\n<li><strong>Dettagli regolabili<\/strong>: aggiorna le informazioni da stampare su un&#8217;etichetta sovrascrivendo facilmente qualsiasi campo.<\/li>\n<\/ul>\n<h4>LE RECENSIONI DEGLI UTENTI<\/h4>\n<p class=\"font-weight-bold mb-1 d-flex align-items-center\"><strong>Dylan H.&#8221;ZiiZii Order Entry&#8221;<\/strong><\/p>\n<p><strong>Commenti: <\/strong>Il supporto \u00e8 fantastico e si sforza davvero di soddisfare tutte le esigenze delle nostre aziende.<\/p>\n<p><strong>Pro: <\/strong>Il software ha cos\u00ec tante funzionalit\u00e0 e funziona perfettamente con Android e IOS<\/p>\n<p><strong>Contro: <\/strong>Il software richiede una lunga mattinata per sincronizzarsi con il nostro sistema attuale.<\/p>\n<p class=\"font-weight-bold mb-1 d-flex align-items-center\"><strong>Prashant P.&#8221;Recensione di ZiiZii&#8221;<\/strong><\/p>\n<p><strong>Commenti: <\/strong>Ottima app e ottimo team di sviluppatori che hanno e lavorano costantemente per rendere questo software una parte molto importante della nostra attivit\u00e0.<\/p>\n<p><strong>Pro: <\/strong>Non \u00e8 necessario hardware separato, funziona su pi\u00f9 dispositivi contemporaneamente e tutti gli elementi possono essere scansionati.<\/p>\n<p><strong>Contro: <\/strong>Niente di specifico dato che forniamo loro input su ci\u00f2 che ci aspettiamo che l&#8217;app faccia e lavorano per semplificarci.<\/p>\n<p class=\"font-weight-bold mb-1 d-flex align-items-center\"><strong>Lynn R.&#8221;Il miglior supporto di sempre&#8221;<\/strong><\/p>\n<p><strong>Commenti: <\/strong>Un venditore mi ha detto che questo \u00e8 lo strumento pi\u00f9 venduto che ha ricevuto da quando \u00e8 qui.<\/p>\n<p><strong>Pro: <\/strong>Supporto! Supporto! Supporto! Flessibilit\u00e0 dell&#8217;APP.<\/p>\n<p><strong>Contro: <\/strong>Non in tempo reale. Ci\u00f2 potrebbe essere dovuto al nostro software di gestione del magazzino. Non sono sicuro.<\/p>\n","protected":false},"excerpt":{"rendered":"<p>ZiiZii Order Entry \u00e8 una soluzione basata su cloud progettata per aiutare le aziende di distribuzione all&#8217;ingrosso di tutte le dimensioni a elaborare gli ordini e i pagamenti dei clienti in tempo reale. Le caratteristiche principali includono la stampa di etichette, la scansione dei codici a barre, l&#8217;elenco degli ordini degli articoli, la condivisione dei media, le notifiche email, il monitoraggio della cronologia, la gestione delle ricevute e l&#8217;accesso offline.<\/p>\n","protected":false},"author":16,"featured_media":43206,"parent":42766,"menu_order":0,"comment_status":"open","ping_status":"closed","template":"g1_template_page_review_new.php","meta":{"_acf_changed":false,"cwp_meta_box_check":"Yes","cwp_rev_product_name":"","cwp_rev_product_image":"","wppr_links":[],"cwp_rev_price":"","wppr_options":[],"wppr_pros":[],"wppr_cons":[],"_monsterinsights_skip_tracking":false,"_monsterinsights_sitenote_active":false,"_monsterinsights_sitenote_note":"","_monsterinsights_sitenote_category":0,"footnotes":""},"categories":[5951],"tags":[396,5963,5962,5960,5967,6044],"features":[],"class_list":{"0":"post-43205","1":"page","2":"type-page","3":"status-publish","4":"has-post-thumbnail","6":"category-software-immissione-ordini-categoria","7":"tag-cloud","8":"tag-piattaforma-immissioni-ordini","9":"tag-programma-immissioni-ordini","10":"tag-software-immissioni-ordini","11":"tag-soluzione-immissione-ordini","12":"tag-ziizii-order-entry"},"wppr_data":{"cwp_meta_box_check":"Yes","cwp_rev_product_name":"","cwp_rev_product_image":"","cwp_image_link":"image","cwp_rev_price":"","wppr_rating":"0.00"},"acf":[],"yoast_head":"<!-- This site is optimized with the Yoast SEO plugin v27.4 - https:\/\/yoast.com\/product\/yoast-seo-wordpress\/ -->\n<title>ZiiZii Order Entry: recensione soluzione immissioni ordini<\/title>\n<meta name=\"description\" content=\"ZiiZii Order Entry: recensione soluzione basata su cloud progettata per aiutare snellire il lavoro alle aziende di distribuzione all&#039;ingrosso\" \/>\n<meta name=\"robots\" content=\"index, follow, max-snippet:-1, max-image-preview:large, max-video-preview:-1\" \/>\n<link rel=\"canonical\" href=\"https:\/\/www.accuratereviews.com\/it\/software-immissione-ordini\/ziizii-order-entry-recensione\/\" \/>\n<meta property=\"og:locale\" content=\"it_IT\" \/>\n<meta property=\"og:type\" content=\"article\" \/>\n<meta property=\"og:title\" content=\"ZiiZii Order Entry: recensione soluzione immissioni ordini\" \/>\n<meta property=\"og:description\" content=\"ZiiZii Order Entry: recensione soluzione basata su cloud progettata per aiutare snellire il lavoro alle aziende di distribuzione all&#039;ingrosso\" \/>\n<meta property=\"og:url\" content=\"https:\/\/www.accuratereviews.com\/it\/software-immissione-ordini\/ziizii-order-entry-recensione\/\" \/>\n<meta property=\"og:site_name\" content=\"Accurate Reviews\" \/>\n<meta property=\"og:image\" content=\"https:\/\/www.accuratereviews.com\/wp-content\/uploads\/2021\/05\/Manage-ISV-Solution-1171-1ISV-Solutions164-1ziizii_order_entry_logo_square.png\" \/>\n\t<meta property=\"og:image:width\" content=\"1440\" \/>\n\t<meta property=\"og:image:height\" content=\"613\" \/>\n\t<meta property=\"og:image:type\" content=\"image\/png\" \/>\n<meta name=\"twitter:card\" content=\"summary_large_image\" \/>\n<meta name=\"twitter:label1\" content=\"Tempo di lettura stimato\" \/>\n\t<meta name=\"twitter:data1\" content=\"3 minuti\" \/>\n<script type=\"application\/ld+json\" class=\"yoast-schema-graph\">{\"@context\":\"https:\\\/\\\/schema.org\",\"@graph\":[{\"@type\":\"WebPage\",\"@id\":\"https:\\\/\\\/www.accuratereviews.com\\\/it\\\/software-immissione-ordini\\\/ziizii-order-entry-recensione\\\/\",\"url\":\"https:\\\/\\\/www.accuratereviews.com\\\/it\\\/software-immissione-ordini\\\/ziizii-order-entry-recensione\\\/\",\"name\":\"ZiiZii Order Entry: recensione soluzione immissioni ordini\",\"isPartOf\":{\"@id\":\"https:\\\/\\\/www.accuratereviews.com\\\/it\\\/#website\"},\"primaryImageOfPage\":{\"@id\":\"https:\\\/\\\/www.accuratereviews.com\\\/it\\\/software-immissione-ordini\\\/ziizii-order-entry-recensione\\\/#primaryimage\"},\"image\":{\"@id\":\"https:\\\/\\\/www.accuratereviews.com\\\/it\\\/software-immissione-ordini\\\/ziizii-order-entry-recensione\\\/#primaryimage\"},\"thumbnailUrl\":\"https:\\\/\\\/www.accuratereviews.com\\\/wp-content\\\/uploads\\\/2021\\\/05\\\/Manage-ISV-Solution-1171-1ISV-Solutions164-1ziizii_order_entry_logo_square.png\",\"datePublished\":\"2021-05-24T11:00:44+00:00\",\"description\":\"ZiiZii Order Entry: recensione soluzione basata su cloud progettata per aiutare snellire il lavoro alle aziende di distribuzione all'ingrosso\",\"breadcrumb\":{\"@id\":\"https:\\\/\\\/www.accuratereviews.com\\\/it\\\/software-immissione-ordini\\\/ziizii-order-entry-recensione\\\/#breadcrumb\"},\"inLanguage\":\"it-IT\",\"potentialAction\":[{\"@type\":\"ReadAction\",\"target\":[\"https:\\\/\\\/www.accuratereviews.com\\\/it\\\/software-immissione-ordini\\\/ziizii-order-entry-recensione\\\/\"]}]},{\"@type\":\"ImageObject\",\"inLanguage\":\"it-IT\",\"@id\":\"https:\\\/\\\/www.accuratereviews.com\\\/it\\\/software-immissione-ordini\\\/ziizii-order-entry-recensione\\\/#primaryimage\",\"url\":\"https:\\\/\\\/www.accuratereviews.com\\\/wp-content\\\/uploads\\\/2021\\\/05\\\/Manage-ISV-Solution-1171-1ISV-Solutions164-1ziizii_order_entry_logo_square.png\",\"contentUrl\":\"https:\\\/\\\/www.accuratereviews.com\\\/wp-content\\\/uploads\\\/2021\\\/05\\\/Manage-ISV-Solution-1171-1ISV-Solutions164-1ziizii_order_entry_logo_square.png\",\"width\":1440,\"height\":613},{\"@type\":\"BreadcrumbList\",\"@id\":\"https:\\\/\\\/www.accuratereviews.com\\\/it\\\/software-immissione-ordini\\\/ziizii-order-entry-recensione\\\/#breadcrumb\",\"itemListElement\":[{\"@type\":\"ListItem\",\"position\":1,\"name\":\"Home\",\"item\":\"https:\\\/\\\/www.accuratereviews.com\\\/it\\\/\"},{\"@type\":\"ListItem\",\"position\":2,\"name\":\"Software per immissione di ordini\",\"item\":\"https:\\\/\\\/www.accuratereviews.com\\\/it\\\/software-immissione-ordini\\\/\"},{\"@type\":\"ListItem\",\"position\":3,\"name\":\"ZiiZii Order Entry\"}]},{\"@type\":\"WebSite\",\"@id\":\"https:\\\/\\\/www.accuratereviews.com\\\/it\\\/#website\",\"url\":\"https:\\\/\\\/www.accuratereviews.com\\\/it\\\/\",\"name\":\"Accurate Reviews\",\"description\":\"\",\"potentialAction\":[{\"@type\":\"SearchAction\",\"target\":{\"@type\":\"EntryPoint\",\"urlTemplate\":\"https:\\\/\\\/www.accuratereviews.com\\\/it\\\/?s={search_term_string}\"},\"query-input\":{\"@type\":\"PropertyValueSpecification\",\"valueRequired\":true,\"valueName\":\"search_term_string\"}}],\"inLanguage\":\"it-IT\"}]}<\/script>\n<!-- \/ Yoast SEO plugin. -->","yoast_head_json":{"title":"ZiiZii Order Entry: recensione soluzione immissioni ordini","description":"ZiiZii Order Entry: recensione soluzione basata su cloud progettata per aiutare snellire il lavoro alle aziende di distribuzione all'ingrosso","robots":{"index":"index","follow":"follow","max-snippet":"max-snippet:-1","max-image-preview":"max-image-preview:large","max-video-preview":"max-video-preview:-1"},"canonical":"https:\/\/www.accuratereviews.com\/it\/software-immissione-ordini\/ziizii-order-entry-recensione\/","og_locale":"it_IT","og_type":"article","og_title":"ZiiZii Order Entry: recensione soluzione immissioni ordini","og_description":"ZiiZii Order Entry: recensione soluzione basata su cloud progettata per aiutare snellire il lavoro alle aziende di distribuzione all'ingrosso","og_url":"https:\/\/www.accuratereviews.com\/it\/software-immissione-ordini\/ziizii-order-entry-recensione\/","og_site_name":"Accurate Reviews","og_image":[{"width":1440,"height":613,"url":"https:\/\/www.accuratereviews.com\/wp-content\/uploads\/2021\/05\/Manage-ISV-Solution-1171-1ISV-Solutions164-1ziizii_order_entry_logo_square.png","type":"image\/png"}],"twitter_card":"summary_large_image","twitter_misc":{"Tempo di lettura stimato":"3 minuti"},"schema":{"@context":"https:\/\/schema.org","@graph":[{"@type":"WebPage","@id":"https:\/\/www.accuratereviews.com\/it\/software-immissione-ordini\/ziizii-order-entry-recensione\/","url":"https:\/\/www.accuratereviews.com\/it\/software-immissione-ordini\/ziizii-order-entry-recensione\/","name":"ZiiZii Order Entry: recensione soluzione immissioni ordini","isPartOf":{"@id":"https:\/\/www.accuratereviews.com\/it\/#website"},"primaryImageOfPage":{"@id":"https:\/\/www.accuratereviews.com\/it\/software-immissione-ordini\/ziizii-order-entry-recensione\/#primaryimage"},"image":{"@id":"https:\/\/www.accuratereviews.com\/it\/software-immissione-ordini\/ziizii-order-entry-recensione\/#primaryimage"},"thumbnailUrl":"https:\/\/www.accuratereviews.com\/wp-content\/uploads\/2021\/05\/Manage-ISV-Solution-1171-1ISV-Solutions164-1ziizii_order_entry_logo_square.png","datePublished":"2021-05-24T11:00:44+00:00","description":"ZiiZii Order Entry: recensione soluzione basata su cloud progettata per aiutare snellire il lavoro alle aziende di distribuzione all'ingrosso","breadcrumb":{"@id":"https:\/\/www.accuratereviews.com\/it\/software-immissione-ordini\/ziizii-order-entry-recensione\/#breadcrumb"},"inLanguage":"it-IT","potentialAction":[{"@type":"ReadAction","target":["https:\/\/www.accuratereviews.com\/it\/software-immissione-ordini\/ziizii-order-entry-recensione\/"]}]},{"@type":"ImageObject","inLanguage":"it-IT","@id":"https:\/\/www.accuratereviews.com\/it\/software-immissione-ordini\/ziizii-order-entry-recensione\/#primaryimage","url":"https:\/\/www.accuratereviews.com\/wp-content\/uploads\/2021\/05\/Manage-ISV-Solution-1171-1ISV-Solutions164-1ziizii_order_entry_logo_square.png","contentUrl":"https:\/\/www.accuratereviews.com\/wp-content\/uploads\/2021\/05\/Manage-ISV-Solution-1171-1ISV-Solutions164-1ziizii_order_entry_logo_square.png","width":1440,"height":613},{"@type":"BreadcrumbList","@id":"https:\/\/www.accuratereviews.com\/it\/software-immissione-ordini\/ziizii-order-entry-recensione\/#breadcrumb","itemListElement":[{"@type":"ListItem","position":1,"name":"Home","item":"https:\/\/www.accuratereviews.com\/it\/"},{"@type":"ListItem","position":2,"name":"Software per immissione di ordini","item":"https:\/\/www.accuratereviews.com\/it\/software-immissione-ordini\/"},{"@type":"ListItem","position":3,"name":"ZiiZii Order Entry"}]},{"@type":"WebSite","@id":"https:\/\/www.accuratereviews.com\/it\/#website","url":"https:\/\/www.accuratereviews.com\/it\/","name":"Accurate Reviews","description":"","potentialAction":[{"@type":"SearchAction","target":{"@type":"EntryPoint","urlTemplate":"https:\/\/www.accuratereviews.com\/it\/?s={search_term_string}"},"query-input":{"@type":"PropertyValueSpecification","valueRequired":true,"valueName":"search_term_string"}}],"inLanguage":"it-IT"}]}},"_links":{"self":[{"href":"https:\/\/www.accuratereviews.com\/it\/wp-json\/wp\/v2\/pages\/43205","targetHints":{"allow":["GET"]}}],"collection":[{"href":"https:\/\/www.accuratereviews.com\/it\/wp-json\/wp\/v2\/pages"}],"about":[{"href":"https:\/\/www.accuratereviews.com\/it\/wp-json\/wp\/v2\/types\/page"}],"author":[{"embeddable":true,"href":"https:\/\/www.accuratereviews.com\/it\/wp-json\/wp\/v2\/users\/16"}],"replies":[{"embeddable":true,"href":"https:\/\/www.accuratereviews.com\/it\/wp-json\/wp\/v2\/comments?post=43205"}],"version-history":[{"count":8,"href":"https:\/\/www.accuratereviews.com\/it\/wp-json\/wp\/v2\/pages\/43205\/revisions"}],"predecessor-version":[{"id":43243,"href":"https:\/\/www.accuratereviews.com\/it\/wp-json\/wp\/v2\/pages\/43205\/revisions\/43243"}],"up":[{"embeddable":true,"href":"https:\/\/www.accuratereviews.com\/it\/wp-json\/wp\/v2\/pages\/42766"}],"wp:featuredmedia":[{"embeddable":true,"href":"https:\/\/www.accuratereviews.com\/it\/wp-json\/wp\/v2\/media\/43206"}],"wp:attachment":[{"href":"https:\/\/www.accuratereviews.com\/it\/wp-json\/wp\/v2\/media?parent=43205"}],"wp:term":[{"taxonomy":"category","embeddable":true,"href":"https:\/\/www.accuratereviews.com\/it\/wp-json\/wp\/v2\/categories?post=43205"},{"taxonomy":"post_tag","embeddable":true,"href":"https:\/\/www.accuratereviews.com\/it\/wp-json\/wp\/v2\/tags?post=43205"},{"taxonomy":"features","embeddable":true,"href":"https:\/\/www.accuratereviews.com\/it\/wp-json\/wp\/v2\/features?post=43205"}],"curies":[{"name":"wp","href":"https:\/\/api.w.org\/{rel}","templated":true}]}}