{"id":43256,"date":"2021-05-25T10:54:57","date_gmt":"2021-05-25T10:54:57","guid":{"rendered":"https:\/\/www.accuratereviews.com\/?page_id=43256"},"modified":"2021-05-25T10:54:57","modified_gmt":"2021-05-25T10:54:57","slug":"multiorders-recensione","status":"publish","type":"page","link":"https:\/\/www.accuratereviews.com\/it\/software-immissione-ordini\/multiorders-recensione\/","title":{"rendered":"Multiorders"},"content":{"rendered":"<p><strong>Multiorders<\/strong> \u00e8 un <strong>potente software di gestione dell&#8217;ecommerce<\/strong> progettato per le aziende online moderne e in rapida crescita che vogliono ottenere risultati migliori. Altamente flessibile, si integra con Wix, Shopify, eBay, Amazon, Magento, BigCommerce, WooCommerce, Ecwid, UPS, USPS, FedEx, myHermes e altre piattaforme rendendolo una la soluzione all-in-one per qualsiasi attivit\u00e0 di commercio. Con <strong>Multiorders<\/strong> puoi centralizzare tutti i tuoi negozi e vedere i tuoi ordini, inventari e dati di vendita in un unico sistema. Unisci inventari diversi per aggiornare automaticamente i livelli delle scorte dopo ogni vendita. Il software include anche report dettagliati, che ti aiutano ad analizzare la tua attivit\u00e0, mentre il software completa la maggior parte delle attivit\u00e0 per te. Collega tutti i tuoi account di spedizione per generare automaticamente etichette quando viene selezionato un corriere. Il sistema aggiorna automaticamente lo stato degli ordini e le informazioni di tracciamento.<\/p>\n<h2>MULTIORDERS &#8211; TUTORIAL<\/h2>\n<p>In questa guida vedrai come aggiungere il vostro primo canale di vendita su questo <strong>software di immissione ordini<\/strong>:<\/p>\n<div id=\"fluid-wrapper-counter-1\" class=\"g1-fluid-wrapper \" style=\"width:686px;\">\n<div style=\"padding-bottom:56.268221574344%;\"><iframe loading=\"lazy\" title=\"Integrating your first sales channel - Multiorders\" width=\"686\" height=\"386\" src=\"https:\/\/www.youtube.com\/embed\/VbkKDxqkxBw?feature=oembed&amp;wmode=transparent&amp;autohide=1&amp;autoplay=0&amp;disablekb=0&amp;fs=1&amp;loop=0&amp;enablejsapi=1&amp;rel=0&amp;controls=2&amp;showinfo=0&amp;wmode=transparent&amp;autohide=2&amp;autoplay=0&amp;disablekb=0&amp;fs=1&amp;loop=0&amp;enablejsapi=1&amp;rel=0&amp;controls=2&amp;showinfo=1\" frameborder=\"0\" allow=\"accelerometer; autoplay; clipboard-write; encrypted-media; gyroscope; picture-in-picture\" allowfullscreen><\/iframe><\/div>\n<\/div>\n<p>&nbsp;<\/p>\n<h3>MULTIORDERS &#8211; CARATTERISTICHE<\/h3>\n<ul>\n<li>Unisci i prodotti nei tuoi canali di vendita<\/li>\n<li>Seleziona gli ordini e spediscili tutti in una volta risparmiando tempo<\/li>\n<li>Se gli ordini provengono dallo stesso cliente, uniscili in un&#8217;unica spedizione<\/li>\n<li>Aggiornamento automatico del numero di tracciabilit\u00e0<\/li>\n<li>Notifiche di scorte insufficienti<\/li>\n<li>Lascia note su ordini o articoli<\/li>\n<li>Ordini di acquisto manuali o automatici<\/li>\n<li>Importazioni \/ esportazioni CSV<\/li>\n<li>Report giornalieri e analisi per tutti i canali di vendita<\/li>\n<li>Aggiungi un numero illimitato di membri del team e assegnali<\/li>\n<li>Ottimo team di assistenza clienti<\/li>\n<\/ul>\n<h4>LE RECENSIONI DEGLI UTENTI<\/h4>\n<p class=\"font-weight-bold mb-1 d-flex align-items-center\"><strong>Paul D.&#8221;Servizio eccellente&#8221;<\/strong><\/p>\n<p><strong>Commenti: <\/strong>Abbiamo scoperto che il team Multiorders si \u00e8 concentrato molto su di noi come cliente. Hanno cercato di essere estremamente flessibili per soddisfare le nostre esigenze. Sono stati cortesi, professionali e amichevoli e sono un&#8217;ottima squadra con cui comunicare. Consiglio vivamente di lavorare con il team Multiorders.<\/p>\n<p><strong>Pro: <\/strong>Il software ti consente di gestire facilmente le tue scorte ed evadere gli ordini attraverso integrazioni di pi\u00f9 canali, il che significa che la tua attivit\u00e0 pu\u00f2 espandersi rapidamente su nuovi mercati.<\/p>\n<p><strong>Contro: <\/strong>La funzionalit\u00e0 di quotazione richiede un po &#8216;di lavoro, ma sappiamo che i Multiordini hanno dei piani sorprendenti al riguardo che verranno comunque lanciati in estate :)<\/p>\n<p class=\"font-weight-bold mb-1 d-flex align-items-center\"><strong>Ignas P.&#8221;Software perfetto per le nostre esigenze&#8221;<\/strong><\/p>\n<p><strong>Commenti: <\/strong>La cosa migliore dei multiordini \u00e8 il servizio clienti e il supporto. Risposta molto rapida e ragazzi fanno il possibile per risolvere i tuoi problemi e persino aggiungere funzionalit\u00e0 che richiedi. Il software sta migliorando a un ritmo molto veloce.<\/p>\n<p><strong>Pro: <\/strong>Fa solo quello che ci serve. Abbiamo 100-150 ordini giornalieri e abbiamo bisogno che i prodotti vengano scansionati per ogni singolo ordine e funzioni perfettamente. Avere uno scanner collegato al PC rende la creazione degli ordini e il processo di scansione agevole e semplice.<\/p>\n<p><strong>Contro: <\/strong>I rapporti sono un po&#8217; scadenti, pi\u00f9 rapporti statistici vari sarebbero una funzione molto utile. Quindi facciamo principalmente le nostre statistiche scaricando gli ordini \/ prodotti e analizzandoli da un file CSV. Ma lo facevamo prima di entrare in Multiorders, quindi non \u00e8 un problema per noi.<\/p>\n<p class=\"font-weight-bold mb-1 d-flex align-items-center\"><strong>Xavier M.&#8221;Ottimo strumento con un ottimo team di supporto.&#8221;<\/strong><\/p>\n<p><strong>Pro: <\/strong>L&#8217;aiuto e l&#8217;attenzione del supporto del team di assistenza \u00e8 meraviglioso e super veloce. Il software \u00e8 un buon aiuto, ma hai sempre problemi o dubbi che ci sia qualcuno che risponda alle tue domande e cerchi di risolvere il tuo problema. Abbiamo trovato ottimi strumenti per risolvere i nostri problemi di inventario e un&#8217;ottima integrazione con pi\u00f9 canali. Facile da capire e molto ben spiegato.<\/p>\n<p><strong>Contro: <\/strong>\u00c8 ancora necessario migliorare alcune funzionalit\u00e0 come avere diverse opzioni di magazzino multiple, migliorare il menu di acquisto con diverse opzioni di valuta per diversi fornitori o migliorare le integrazioni di corrieri o alcuni canali. Ma sono cose su cui stanno gi\u00e0 lavorando.<\/p>\n<div class=\"ml-4 pl-4 border-left border-left__dotted i18n-translation_vendor_container\" data-translation-id=\"2157785\" data-translation-vendor-target=\"original\">\n<div class=\"d-flex flex-wrap flex-md-nowrap align-items-center\">\n<h4 class=\"h5 font-weight-bold\"><\/h4>\n<\/div>\n<\/div>\n","protected":false},"excerpt":{"rendered":"<p>Multiorders \u00e8 un potente software di gestione dell&#8217;ecommerce progettato per le aziende online moderne e in rapida crescita che vogliono ottenere di pi\u00f9. Altamente flessibile si \u00a0integra con Wix, Shopify, eBay, Amazon, Magento, BigCommerce, WooCommerce, Ecwid, UPS, USPS, FedEx, myHermes e altre piattaforme rendendolo una la soluzione all-in-one per qualsiasi attivit\u00e0 di commercio.<\/p>\n","protected":false},"author":16,"featured_media":43257,"parent":42766,"menu_order":0,"comment_status":"open","ping_status":"closed","template":"g1_template_page_review_new.php","meta":{"_acf_changed":false,"cwp_meta_box_check":"Yes","cwp_rev_product_name":"","cwp_rev_product_image":"","wppr_links":[],"cwp_rev_price":"","wppr_options":[],"wppr_pros":[],"wppr_cons":[],"_monsterinsights_skip_tracking":false,"_monsterinsights_sitenote_active":false,"_monsterinsights_sitenote_note":"","_monsterinsights_sitenote_category":0,"footnotes":""},"categories":[5951],"tags":[396,6051,5963,5962,5960,5967],"features":[],"class_list":{"0":"post-43256","1":"page","2":"type-page","3":"status-publish","4":"has-post-thumbnail","6":"category-software-immissione-ordini-categoria","7":"tag-cloud","8":"tag-multiorders","9":"tag-piattaforma-immissioni-ordini","10":"tag-programma-immissioni-ordini","11":"tag-software-immissioni-ordini","12":"tag-soluzione-immissione-ordini"},"wppr_data":{"cwp_meta_box_check":"Yes","cwp_rev_product_name":"","cwp_rev_product_image":"","cwp_image_link":"image","cwp_rev_price":"","wppr_rating":"0.00"},"acf":[],"yoast_head":"<!-- This site is optimized with the Yoast SEO plugin v27.4 - https:\/\/yoast.com\/product\/yoast-seo-wordpress\/ -->\n<title>Multiorders: recensione software immissione di ordini - Accurate Reviews<\/title>\n<meta name=\"description\" content=\"Multiorders: recensione potente software di gestione dell&#039;ecommerce progettato per le aziende online moderne e in rapida crescita.\" \/>\n<meta name=\"robots\" content=\"index, follow, max-snippet:-1, max-image-preview:large, max-video-preview:-1\" \/>\n<link rel=\"canonical\" href=\"https:\/\/www.accuratereviews.com\/it\/software-immissione-ordini\/multiorders-recensione\/\" \/>\n<meta property=\"og:locale\" content=\"it_IT\" \/>\n<meta property=\"og:type\" content=\"article\" \/>\n<meta property=\"og:title\" content=\"Multiorders: recensione software immissione di ordini - Accurate Reviews\" \/>\n<meta property=\"og:description\" content=\"Multiorders: recensione potente software di gestione dell&#039;ecommerce progettato per le aziende online moderne e in rapida crescita.\" \/>\n<meta property=\"og:url\" content=\"https:\/\/www.accuratereviews.com\/it\/software-immissione-ordini\/multiorders-recensione\/\" \/>\n<meta property=\"og:site_name\" content=\"Accurate Reviews\" \/>\n<meta property=\"og:image\" content=\"https:\/\/www.accuratereviews.com\/wp-content\/uploads\/2021\/05\/Multiorders.png\" \/>\n\t<meta property=\"og:image:width\" content=\"512\" \/>\n\t<meta property=\"og:image:height\" content=\"512\" \/>\n\t<meta property=\"og:image:type\" content=\"image\/png\" \/>\n<meta name=\"twitter:card\" content=\"summary_large_image\" \/>\n<meta name=\"twitter:label1\" content=\"Tempo di lettura stimato\" \/>\n\t<meta name=\"twitter:data1\" content=\"3 minuti\" \/>\n<script type=\"application\/ld+json\" class=\"yoast-schema-graph\">{\"@context\":\"https:\\\/\\\/schema.org\",\"@graph\":[{\"@type\":\"WebPage\",\"@id\":\"https:\\\/\\\/www.accuratereviews.com\\\/it\\\/software-immissione-ordini\\\/multiorders-recensione\\\/\",\"url\":\"https:\\\/\\\/www.accuratereviews.com\\\/it\\\/software-immissione-ordini\\\/multiorders-recensione\\\/\",\"name\":\"Multiorders: recensione software immissione di ordini - Accurate Reviews\",\"isPartOf\":{\"@id\":\"https:\\\/\\\/www.accuratereviews.com\\\/it\\\/#website\"},\"primaryImageOfPage\":{\"@id\":\"https:\\\/\\\/www.accuratereviews.com\\\/it\\\/software-immissione-ordini\\\/multiorders-recensione\\\/#primaryimage\"},\"image\":{\"@id\":\"https:\\\/\\\/www.accuratereviews.com\\\/it\\\/software-immissione-ordini\\\/multiorders-recensione\\\/#primaryimage\"},\"thumbnailUrl\":\"https:\\\/\\\/www.accuratereviews.com\\\/wp-content\\\/uploads\\\/2021\\\/05\\\/Multiorders.png\",\"datePublished\":\"2021-05-25T10:54:57+00:00\",\"description\":\"Multiorders: recensione potente software di gestione dell'ecommerce progettato per le aziende online moderne e in rapida crescita.\",\"breadcrumb\":{\"@id\":\"https:\\\/\\\/www.accuratereviews.com\\\/it\\\/software-immissione-ordini\\\/multiorders-recensione\\\/#breadcrumb\"},\"inLanguage\":\"it-IT\",\"potentialAction\":[{\"@type\":\"ReadAction\",\"target\":[\"https:\\\/\\\/www.accuratereviews.com\\\/it\\\/software-immissione-ordini\\\/multiorders-recensione\\\/\"]}]},{\"@type\":\"ImageObject\",\"inLanguage\":\"it-IT\",\"@id\":\"https:\\\/\\\/www.accuratereviews.com\\\/it\\\/software-immissione-ordini\\\/multiorders-recensione\\\/#primaryimage\",\"url\":\"https:\\\/\\\/www.accuratereviews.com\\\/wp-content\\\/uploads\\\/2021\\\/05\\\/Multiorders.png\",\"contentUrl\":\"https:\\\/\\\/www.accuratereviews.com\\\/wp-content\\\/uploads\\\/2021\\\/05\\\/Multiorders.png\",\"width\":512,\"height\":512},{\"@type\":\"BreadcrumbList\",\"@id\":\"https:\\\/\\\/www.accuratereviews.com\\\/it\\\/software-immissione-ordini\\\/multiorders-recensione\\\/#breadcrumb\",\"itemListElement\":[{\"@type\":\"ListItem\",\"position\":1,\"name\":\"Home\",\"item\":\"https:\\\/\\\/www.accuratereviews.com\\\/it\\\/\"},{\"@type\":\"ListItem\",\"position\":2,\"name\":\"Software per immissione di ordini\",\"item\":\"https:\\\/\\\/www.accuratereviews.com\\\/it\\\/software-immissione-ordini\\\/\"},{\"@type\":\"ListItem\",\"position\":3,\"name\":\"Multiorders\"}]},{\"@type\":\"WebSite\",\"@id\":\"https:\\\/\\\/www.accuratereviews.com\\\/it\\\/#website\",\"url\":\"https:\\\/\\\/www.accuratereviews.com\\\/it\\\/\",\"name\":\"Accurate Reviews\",\"description\":\"\",\"potentialAction\":[{\"@type\":\"SearchAction\",\"target\":{\"@type\":\"EntryPoint\",\"urlTemplate\":\"https:\\\/\\\/www.accuratereviews.com\\\/it\\\/?s={search_term_string}\"},\"query-input\":{\"@type\":\"PropertyValueSpecification\",\"valueRequired\":true,\"valueName\":\"search_term_string\"}}],\"inLanguage\":\"it-IT\"}]}<\/script>\n<!-- \/ Yoast SEO plugin. -->","yoast_head_json":{"title":"Multiorders: recensione software immissione di ordini - Accurate Reviews","description":"Multiorders: recensione potente software di gestione dell'ecommerce progettato per le aziende online moderne e in rapida crescita.","robots":{"index":"index","follow":"follow","max-snippet":"max-snippet:-1","max-image-preview":"max-image-preview:large","max-video-preview":"max-video-preview:-1"},"canonical":"https:\/\/www.accuratereviews.com\/it\/software-immissione-ordini\/multiorders-recensione\/","og_locale":"it_IT","og_type":"article","og_title":"Multiorders: recensione software immissione di ordini - Accurate Reviews","og_description":"Multiorders: recensione potente software di gestione dell'ecommerce progettato per le aziende online moderne e in rapida crescita.","og_url":"https:\/\/www.accuratereviews.com\/it\/software-immissione-ordini\/multiorders-recensione\/","og_site_name":"Accurate Reviews","og_image":[{"width":512,"height":512,"url":"https:\/\/www.accuratereviews.com\/wp-content\/uploads\/2021\/05\/Multiorders.png","type":"image\/png"}],"twitter_card":"summary_large_image","twitter_misc":{"Tempo di lettura stimato":"3 minuti"},"schema":{"@context":"https:\/\/schema.org","@graph":[{"@type":"WebPage","@id":"https:\/\/www.accuratereviews.com\/it\/software-immissione-ordini\/multiorders-recensione\/","url":"https:\/\/www.accuratereviews.com\/it\/software-immissione-ordini\/multiorders-recensione\/","name":"Multiorders: recensione software immissione di ordini - Accurate Reviews","isPartOf":{"@id":"https:\/\/www.accuratereviews.com\/it\/#website"},"primaryImageOfPage":{"@id":"https:\/\/www.accuratereviews.com\/it\/software-immissione-ordini\/multiorders-recensione\/#primaryimage"},"image":{"@id":"https:\/\/www.accuratereviews.com\/it\/software-immissione-ordini\/multiorders-recensione\/#primaryimage"},"thumbnailUrl":"https:\/\/www.accuratereviews.com\/wp-content\/uploads\/2021\/05\/Multiorders.png","datePublished":"2021-05-25T10:54:57+00:00","description":"Multiorders: recensione potente software di gestione dell'ecommerce progettato per le aziende online moderne e in rapida crescita.","breadcrumb":{"@id":"https:\/\/www.accuratereviews.com\/it\/software-immissione-ordini\/multiorders-recensione\/#breadcrumb"},"inLanguage":"it-IT","potentialAction":[{"@type":"ReadAction","target":["https:\/\/www.accuratereviews.com\/it\/software-immissione-ordini\/multiorders-recensione\/"]}]},{"@type":"ImageObject","inLanguage":"it-IT","@id":"https:\/\/www.accuratereviews.com\/it\/software-immissione-ordini\/multiorders-recensione\/#primaryimage","url":"https:\/\/www.accuratereviews.com\/wp-content\/uploads\/2021\/05\/Multiorders.png","contentUrl":"https:\/\/www.accuratereviews.com\/wp-content\/uploads\/2021\/05\/Multiorders.png","width":512,"height":512},{"@type":"BreadcrumbList","@id":"https:\/\/www.accuratereviews.com\/it\/software-immissione-ordini\/multiorders-recensione\/#breadcrumb","itemListElement":[{"@type":"ListItem","position":1,"name":"Home","item":"https:\/\/www.accuratereviews.com\/it\/"},{"@type":"ListItem","position":2,"name":"Software per immissione di ordini","item":"https:\/\/www.accuratereviews.com\/it\/software-immissione-ordini\/"},{"@type":"ListItem","position":3,"name":"Multiorders"}]},{"@type":"WebSite","@id":"https:\/\/www.accuratereviews.com\/it\/#website","url":"https:\/\/www.accuratereviews.com\/it\/","name":"Accurate Reviews","description":"","potentialAction":[{"@type":"SearchAction","target":{"@type":"EntryPoint","urlTemplate":"https:\/\/www.accuratereviews.com\/it\/?s={search_term_string}"},"query-input":{"@type":"PropertyValueSpecification","valueRequired":true,"valueName":"search_term_string"}}],"inLanguage":"it-IT"}]}},"_links":{"self":[{"href":"https:\/\/www.accuratereviews.com\/it\/wp-json\/wp\/v2\/pages\/43256","targetHints":{"allow":["GET"]}}],"collection":[{"href":"https:\/\/www.accuratereviews.com\/it\/wp-json\/wp\/v2\/pages"}],"about":[{"href":"https:\/\/www.accuratereviews.com\/it\/wp-json\/wp\/v2\/types\/page"}],"author":[{"embeddable":true,"href":"https:\/\/www.accuratereviews.com\/it\/wp-json\/wp\/v2\/users\/16"}],"replies":[{"embeddable":true,"href":"https:\/\/www.accuratereviews.com\/it\/wp-json\/wp\/v2\/comments?post=43256"}],"version-history":[{"count":6,"href":"https:\/\/www.accuratereviews.com\/it\/wp-json\/wp\/v2\/pages\/43256\/revisions"}],"predecessor-version":[{"id":43301,"href":"https:\/\/www.accuratereviews.com\/it\/wp-json\/wp\/v2\/pages\/43256\/revisions\/43301"}],"up":[{"embeddable":true,"href":"https:\/\/www.accuratereviews.com\/it\/wp-json\/wp\/v2\/pages\/42766"}],"wp:featuredmedia":[{"embeddable":true,"href":"https:\/\/www.accuratereviews.com\/it\/wp-json\/wp\/v2\/media\/43257"}],"wp:attachment":[{"href":"https:\/\/www.accuratereviews.com\/it\/wp-json\/wp\/v2\/media?parent=43256"}],"wp:term":[{"taxonomy":"category","embeddable":true,"href":"https:\/\/www.accuratereviews.com\/it\/wp-json\/wp\/v2\/categories?post=43256"},{"taxonomy":"post_tag","embeddable":true,"href":"https:\/\/www.accuratereviews.com\/it\/wp-json\/wp\/v2\/tags?post=43256"},{"taxonomy":"features","embeddable":true,"href":"https:\/\/www.accuratereviews.com\/it\/wp-json\/wp\/v2\/features?post=43256"}],"curies":[{"name":"wp","href":"https:\/\/api.w.org\/{rel}","templated":true}]}}