{"id":43278,"date":"2021-05-25T10:48:52","date_gmt":"2021-05-25T10:48:52","guid":{"rendered":"https:\/\/www.accuratereviews.com\/?page_id=43278"},"modified":"2021-05-25T10:48:52","modified_gmt":"2021-05-25T10:48:52","slug":"elastic-recensione","status":"publish","type":"page","link":"https:\/\/www.accuratereviews.com\/it\/software-immissione-ordini\/elastic-recensione\/","title":{"rendered":"Elastic"},"content":{"rendered":"<p><strong>Elastic<\/strong> \u00e8 un <strong>software per l&#8217;immissione di ordini<\/strong> studiato per eseguire e semplificare il processo di vendita virtuale pre-stagione e di merchandising B2B. L&#8217;obiettivo \u00e8 quello di aiutare i rappresentanti e i team di vendita a passare alle riunioni virtuali, pianificando gli incontri di vendita virtuali e migliorando le risorse digitali grazie a ottimi strumenti che offre questa piattaforma.<br \/>\nSi tratta di un programma che rende il processo di <strong>merchandising all&#8217;ingrosso<\/strong> pi\u00f9 sostenibile poich\u00e9 elimina il classico libro di marca risparmiando sui costi, efficienze di vendita e ottenendo vantaggi ambientali. Puoi inoltre <strong>gestire gli ordini<\/strong> direttamente dal tuo iPad in modo semplice e veloce.<\/p>\n<h2>ELASTIC &#8211; TUTORIAL<\/h2>\n<p>Di seguito un video che ci mostra come creare un catalogo di ordini:<\/p>\n<div id=\"fluid-wrapper-counter-1\" class=\"g1-fluid-wrapper \" style=\"width:686px;\">\n<div style=\"padding-bottom:56.268221574344%;\"><iframe loading=\"lazy\" title=\"Create A Custom Catalog\" src=\"https:\/\/player.vimeo.com\/video\/420360241?dnt=1&amp;app_id=122963?title=0&amp;byline=0&amp;portrait=0\" width=\"686\" height=\"386\" frameborder=\"0\" allow=\"autoplay; fullscreen; picture-in-picture\" allowfullscreen><\/iframe><\/div>\n<\/div>\n<h3>ELASTIC &#8211; CARATTERISTICHE<\/h3>\n<ul>\n<li><strong>Panoramica del carrello<\/strong>: visualizza gli ordini in una griglia dinamica pur avendo la possibilit\u00e0 di modificare le quantit\u00e0 e trascinare il prodotto tra le spedizioni<\/li>\n<li><strong>Riepilogo carrello<\/strong>: esamina come vengono suddivisi gli ordini tramite filtri guidati come colore, sesso, tipo di prodotto e fascia di prezzo<\/li>\n<li><strong>App IOS<\/strong>: questa app IOS \u00e8 pensata per fornire all&#8217;utente tutti gli strumenti necessari per condurre gli affari in modo rapido ed efficiente<\/li>\n<li><strong>Modulo d&#8217;ordine elettronico<\/strong>: se preferisci lavorare con Excel, utilizza il modulo d&#8217;ordine classico per creare ordini alla vecchia maniera<\/li>\n<li><strong>Modulo di pagamento online<\/strong>: questa interfaccia rivolta ai rivenditori offre elaborazione dei pagamenti, riepiloghi dei pagamenti, scadenze, fatture e estratti conto mensili<\/li>\n<li><strong>Elaborazione della carta di credito<\/strong>: non solo offre ai rivenditori la possibilit\u00e0 di pagare con carta di credito, ma offre anche il pagamento ai consumatori con carta di credito e riceveranno il prodotto spedito a casa loro<\/li>\n<li><strong>Importazione\/Esportazione<\/strong>: qualsiasi ordine pu\u00f2 sempre essere importato da Excel ed esportato come file Excel o CSV<\/li>\n<li><strong>Proposte d&#8217;ordine<\/strong>: Elastic offre proposte d&#8217;ordine con marchio e stilizzate che fungono anche da simpatico seguito d&#8217;ordine\/scontrino di imballaggio<\/li>\n<li><strong>Localizzazione<\/strong>: utilizza Elastic in francese, tedesco, italiano, spagnolo, danese, norvegese, giapponese, cinese, coreano e inglese<\/li>\n<li><strong>Dashboard multimarca<\/strong>: supporta le organizzazioni multimarca in un&#8217;unica istanza<\/li>\n<li><strong>Campagne di vendita<\/strong>: comunica con il tuo pubblico di destinazione e aumenta le vendite.<\/li>\n<\/ul>\n<h4>LE RECENSIONI DEGLI UTENTI<\/h4>\n<p><strong>David B. &#8220;ottimo stack di registrazione e monitoraggio&#8221;<\/strong><br \/>\nCOMMENTI: l&#8217;esperienza complessiva \u00e8 fantastica. Non vedo l&#8217;ora di aumentarne l&#8217;utilizzo<br \/>\nPRO: centralizza la registrazione e il monitoraggio della correlazione, facilitando la risoluzione di problemi complessi<br \/>\nCONTRO: richiede un po&#8217; di tempo per la configurazione, ma per il resto \u00e8 un ottimo prodotto. I colori per la modalit\u00e0 scura sono un po&#8217; pi\u00f9 sullo schema dei colori pasquali<\/p>\n<p><strong>Krista M. &#8220;Adoro il sito e le persone&#8221;<\/strong><br \/>\nPRO: collaborazione con il team Elastic\/PlumRiver. E facilit\u00e0 d&#8217;uso &#8230; molto intuitivo. Per i miglioramenti, il team \u00e8 molto aperto ai suggerimenti.<br \/>\nCONTRO: il processo del flusso di dati ha diversi punti di contatto che aumentano il rischio di fallimento lungo il percorso<\/p>\n<p><strong>Rossana M. &#8220;Questo software di Elastic \u00e8 incredibile&#8221;<\/strong><br \/>\nPRO: \u00e8 di facile utilizzo, anche molto intuitivo al momento dell&#8217;acquisizione degli acquisti dai rivenditori, ne vale davvero la pena e ogni volta puoi andare alla scoperta di cose nuove. Ha creato uffici in varie parti del mondo, il che lo rende molto pi\u00f9 ideale. Dal momento che hai supporto ovunque tu sia.<br \/>\nCONTRO: non essere in grado di utilizzare tutta la sua interfaccia in modo efficace a causa della mancanza di uno smartphone di vasta gamma. \u00c8 un peccato, poich\u00e9 senti il \u200b\u200bdesiderio di continuare a esplorare il software.<\/p>\n","protected":false},"excerpt":{"rendered":"<p>Elastic \u00e8 un software per l&#8217;immissione di ordini studiato per eseguire e semplificare il processo di vendita virtuale pre-stagione e di merchandising B2B. L&#8217;obiettivo \u00e8 quello di aiutare i rappresentanti e i team di vendita a passare alle riunioni virtuali, pianificando gli incontri di vendita virtuali e migliorando le risorse digitali grazie a ottimi strumenti che offre questa piattaforma.<\/p>\n","protected":false},"author":17,"featured_media":43283,"parent":42766,"menu_order":0,"comment_status":"open","ping_status":"closed","template":"g1_template_page_review_new.php","meta":{"_acf_changed":false,"cwp_meta_box_check":"No","cwp_rev_product_name":"","cwp_rev_product_image":"","wppr_links":[],"cwp_rev_price":"","wppr_options":[],"wppr_pros":[],"wppr_cons":[],"_monsterinsights_skip_tracking":false,"_monsterinsights_sitenote_active":false,"_monsterinsights_sitenote_note":"","_monsterinsights_sitenote_category":0,"footnotes":""},"categories":[5951],"tags":[5969,5952,5966,5963,5965,5954],"features":[],"class_list":{"0":"post-43278","1":"page","2":"type-page","3":"status-publish","4":"has-post-thumbnail","6":"category-software-immissione-ordini-categoria","7":"tag-gestione-immissione-ordini","8":"tag-gestione-immissioni-dati-ordini","9":"tag-immissione-ordini","10":"tag-piattaforma-immissioni-ordini","11":"tag-software-immissione-ordini","12":"tag-soluzione-immissione-dati-ordini"},"wppr_data":{"cwp_meta_box_check":"No"},"acf":[],"yoast_head":"<!-- This site is optimized with the Yoast SEO plugin v27.4 - https:\/\/yoast.com\/product\/yoast-seo-wordpress\/ -->\n<title>Elastic: recensione software immissione ordini - Accurate Reviews<\/title>\n<meta name=\"description\" content=\"Elastic: recensione software per l&#039;immissione di ordini che semplifica il processo di vendita virtuale pre-stagione e di merchandising B2B.\" \/>\n<meta name=\"robots\" content=\"index, follow, max-snippet:-1, max-image-preview:large, max-video-preview:-1\" \/>\n<link rel=\"canonical\" href=\"https:\/\/www.accuratereviews.com\/it\/software-immissione-ordini\/elastic-recensione\/\" \/>\n<meta property=\"og:locale\" content=\"it_IT\" \/>\n<meta property=\"og:type\" content=\"article\" \/>\n<meta property=\"og:title\" content=\"Elastic: recensione software immissione ordini - Accurate Reviews\" \/>\n<meta property=\"og:description\" content=\"Elastic: recensione software per l&#039;immissione di ordini che semplifica il processo di vendita virtuale pre-stagione e di merchandising B2B.\" \/>\n<meta property=\"og:url\" content=\"https:\/\/www.accuratereviews.com\/it\/software-immissione-ordini\/elastic-recensione\/\" \/>\n<meta property=\"og:site_name\" content=\"Accurate Reviews\" \/>\n<meta property=\"og:image\" content=\"https:\/\/www.accuratereviews.com\/wp-content\/uploads\/2021\/05\/Schermata-2021-05-25-alle-11.15.25.png\" \/>\n\t<meta property=\"og:image:width\" content=\"412\" \/>\n\t<meta property=\"og:image:height\" content=\"200\" \/>\n\t<meta property=\"og:image:type\" content=\"image\/png\" \/>\n<meta name=\"twitter:card\" content=\"summary_large_image\" \/>\n<meta name=\"twitter:label1\" content=\"Tempo di lettura stimato\" \/>\n\t<meta name=\"twitter:data1\" content=\"3 minuti\" \/>\n<script type=\"application\/ld+json\" class=\"yoast-schema-graph\">{\"@context\":\"https:\\\/\\\/schema.org\",\"@graph\":[{\"@type\":\"WebPage\",\"@id\":\"https:\\\/\\\/www.accuratereviews.com\\\/it\\\/software-immissione-ordini\\\/elastic-recensione\\\/\",\"url\":\"https:\\\/\\\/www.accuratereviews.com\\\/it\\\/software-immissione-ordini\\\/elastic-recensione\\\/\",\"name\":\"Elastic: recensione software immissione ordini - Accurate Reviews\",\"isPartOf\":{\"@id\":\"https:\\\/\\\/www.accuratereviews.com\\\/it\\\/#website\"},\"primaryImageOfPage\":{\"@id\":\"https:\\\/\\\/www.accuratereviews.com\\\/it\\\/software-immissione-ordini\\\/elastic-recensione\\\/#primaryimage\"},\"image\":{\"@id\":\"https:\\\/\\\/www.accuratereviews.com\\\/it\\\/software-immissione-ordini\\\/elastic-recensione\\\/#primaryimage\"},\"thumbnailUrl\":\"https:\\\/\\\/www.accuratereviews.com\\\/wp-content\\\/uploads\\\/2021\\\/05\\\/Schermata-2021-05-25-alle-11.15.25.png\",\"datePublished\":\"2021-05-25T10:48:52+00:00\",\"description\":\"Elastic: recensione software per l'immissione di ordini che semplifica il processo di vendita virtuale pre-stagione e di merchandising B2B.\",\"breadcrumb\":{\"@id\":\"https:\\\/\\\/www.accuratereviews.com\\\/it\\\/software-immissione-ordini\\\/elastic-recensione\\\/#breadcrumb\"},\"inLanguage\":\"it-IT\",\"potentialAction\":[{\"@type\":\"ReadAction\",\"target\":[\"https:\\\/\\\/www.accuratereviews.com\\\/it\\\/software-immissione-ordini\\\/elastic-recensione\\\/\"]}]},{\"@type\":\"ImageObject\",\"inLanguage\":\"it-IT\",\"@id\":\"https:\\\/\\\/www.accuratereviews.com\\\/it\\\/software-immissione-ordini\\\/elastic-recensione\\\/#primaryimage\",\"url\":\"https:\\\/\\\/www.accuratereviews.com\\\/wp-content\\\/uploads\\\/2021\\\/05\\\/Schermata-2021-05-25-alle-11.15.25.png\",\"contentUrl\":\"https:\\\/\\\/www.accuratereviews.com\\\/wp-content\\\/uploads\\\/2021\\\/05\\\/Schermata-2021-05-25-alle-11.15.25.png\",\"width\":412,\"height\":200},{\"@type\":\"BreadcrumbList\",\"@id\":\"https:\\\/\\\/www.accuratereviews.com\\\/it\\\/software-immissione-ordini\\\/elastic-recensione\\\/#breadcrumb\",\"itemListElement\":[{\"@type\":\"ListItem\",\"position\":1,\"name\":\"Home\",\"item\":\"https:\\\/\\\/www.accuratereviews.com\\\/it\\\/\"},{\"@type\":\"ListItem\",\"position\":2,\"name\":\"Software per immissione di ordini\",\"item\":\"https:\\\/\\\/www.accuratereviews.com\\\/it\\\/software-immissione-ordini\\\/\"},{\"@type\":\"ListItem\",\"position\":3,\"name\":\"Elastic\"}]},{\"@type\":\"WebSite\",\"@id\":\"https:\\\/\\\/www.accuratereviews.com\\\/it\\\/#website\",\"url\":\"https:\\\/\\\/www.accuratereviews.com\\\/it\\\/\",\"name\":\"Accurate Reviews\",\"description\":\"\",\"potentialAction\":[{\"@type\":\"SearchAction\",\"target\":{\"@type\":\"EntryPoint\",\"urlTemplate\":\"https:\\\/\\\/www.accuratereviews.com\\\/it\\\/?s={search_term_string}\"},\"query-input\":{\"@type\":\"PropertyValueSpecification\",\"valueRequired\":true,\"valueName\":\"search_term_string\"}}],\"inLanguage\":\"it-IT\"}]}<\/script>\n<!-- \/ Yoast SEO plugin. -->","yoast_head_json":{"title":"Elastic: recensione software immissione ordini - Accurate Reviews","description":"Elastic: recensione software per l'immissione di ordini che semplifica il processo di vendita virtuale pre-stagione e di merchandising B2B.","robots":{"index":"index","follow":"follow","max-snippet":"max-snippet:-1","max-image-preview":"max-image-preview:large","max-video-preview":"max-video-preview:-1"},"canonical":"https:\/\/www.accuratereviews.com\/it\/software-immissione-ordini\/elastic-recensione\/","og_locale":"it_IT","og_type":"article","og_title":"Elastic: recensione software immissione ordini - Accurate Reviews","og_description":"Elastic: recensione software per l'immissione di ordini che semplifica il processo di vendita virtuale pre-stagione e di merchandising B2B.","og_url":"https:\/\/www.accuratereviews.com\/it\/software-immissione-ordini\/elastic-recensione\/","og_site_name":"Accurate Reviews","og_image":[{"width":412,"height":200,"url":"https:\/\/www.accuratereviews.com\/wp-content\/uploads\/2021\/05\/Schermata-2021-05-25-alle-11.15.25.png","type":"image\/png"}],"twitter_card":"summary_large_image","twitter_misc":{"Tempo di lettura stimato":"3 minuti"},"schema":{"@context":"https:\/\/schema.org","@graph":[{"@type":"WebPage","@id":"https:\/\/www.accuratereviews.com\/it\/software-immissione-ordini\/elastic-recensione\/","url":"https:\/\/www.accuratereviews.com\/it\/software-immissione-ordini\/elastic-recensione\/","name":"Elastic: recensione software immissione ordini - Accurate Reviews","isPartOf":{"@id":"https:\/\/www.accuratereviews.com\/it\/#website"},"primaryImageOfPage":{"@id":"https:\/\/www.accuratereviews.com\/it\/software-immissione-ordini\/elastic-recensione\/#primaryimage"},"image":{"@id":"https:\/\/www.accuratereviews.com\/it\/software-immissione-ordini\/elastic-recensione\/#primaryimage"},"thumbnailUrl":"https:\/\/www.accuratereviews.com\/wp-content\/uploads\/2021\/05\/Schermata-2021-05-25-alle-11.15.25.png","datePublished":"2021-05-25T10:48:52+00:00","description":"Elastic: recensione software per l'immissione di ordini che semplifica il processo di vendita virtuale pre-stagione e di merchandising B2B.","breadcrumb":{"@id":"https:\/\/www.accuratereviews.com\/it\/software-immissione-ordini\/elastic-recensione\/#breadcrumb"},"inLanguage":"it-IT","potentialAction":[{"@type":"ReadAction","target":["https:\/\/www.accuratereviews.com\/it\/software-immissione-ordini\/elastic-recensione\/"]}]},{"@type":"ImageObject","inLanguage":"it-IT","@id":"https:\/\/www.accuratereviews.com\/it\/software-immissione-ordini\/elastic-recensione\/#primaryimage","url":"https:\/\/www.accuratereviews.com\/wp-content\/uploads\/2021\/05\/Schermata-2021-05-25-alle-11.15.25.png","contentUrl":"https:\/\/www.accuratereviews.com\/wp-content\/uploads\/2021\/05\/Schermata-2021-05-25-alle-11.15.25.png","width":412,"height":200},{"@type":"BreadcrumbList","@id":"https:\/\/www.accuratereviews.com\/it\/software-immissione-ordini\/elastic-recensione\/#breadcrumb","itemListElement":[{"@type":"ListItem","position":1,"name":"Home","item":"https:\/\/www.accuratereviews.com\/it\/"},{"@type":"ListItem","position":2,"name":"Software per immissione di ordini","item":"https:\/\/www.accuratereviews.com\/it\/software-immissione-ordini\/"},{"@type":"ListItem","position":3,"name":"Elastic"}]},{"@type":"WebSite","@id":"https:\/\/www.accuratereviews.com\/it\/#website","url":"https:\/\/www.accuratereviews.com\/it\/","name":"Accurate Reviews","description":"","potentialAction":[{"@type":"SearchAction","target":{"@type":"EntryPoint","urlTemplate":"https:\/\/www.accuratereviews.com\/it\/?s={search_term_string}"},"query-input":{"@type":"PropertyValueSpecification","valueRequired":true,"valueName":"search_term_string"}}],"inLanguage":"it-IT"}]}},"_links":{"self":[{"href":"https:\/\/www.accuratereviews.com\/it\/wp-json\/wp\/v2\/pages\/43278","targetHints":{"allow":["GET"]}}],"collection":[{"href":"https:\/\/www.accuratereviews.com\/it\/wp-json\/wp\/v2\/pages"}],"about":[{"href":"https:\/\/www.accuratereviews.com\/it\/wp-json\/wp\/v2\/types\/page"}],"author":[{"embeddable":true,"href":"https:\/\/www.accuratereviews.com\/it\/wp-json\/wp\/v2\/users\/17"}],"replies":[{"embeddable":true,"href":"https:\/\/www.accuratereviews.com\/it\/wp-json\/wp\/v2\/comments?post=43278"}],"version-history":[{"count":4,"href":"https:\/\/www.accuratereviews.com\/it\/wp-json\/wp\/v2\/pages\/43278\/revisions"}],"predecessor-version":[{"id":43299,"href":"https:\/\/www.accuratereviews.com\/it\/wp-json\/wp\/v2\/pages\/43278\/revisions\/43299"}],"up":[{"embeddable":true,"href":"https:\/\/www.accuratereviews.com\/it\/wp-json\/wp\/v2\/pages\/42766"}],"wp:featuredmedia":[{"embeddable":true,"href":"https:\/\/www.accuratereviews.com\/it\/wp-json\/wp\/v2\/media\/43283"}],"wp:attachment":[{"href":"https:\/\/www.accuratereviews.com\/it\/wp-json\/wp\/v2\/media?parent=43278"}],"wp:term":[{"taxonomy":"category","embeddable":true,"href":"https:\/\/www.accuratereviews.com\/it\/wp-json\/wp\/v2\/categories?post=43278"},{"taxonomy":"post_tag","embeddable":true,"href":"https:\/\/www.accuratereviews.com\/it\/wp-json\/wp\/v2\/tags?post=43278"},{"taxonomy":"features","embeddable":true,"href":"https:\/\/www.accuratereviews.com\/it\/wp-json\/wp\/v2\/features?post=43278"}],"curies":[{"name":"wp","href":"https:\/\/api.w.org\/{rel}","templated":true}]}}