{"id":43316,"date":"2021-05-26T10:56:40","date_gmt":"2021-05-26T10:56:40","guid":{"rendered":"https:\/\/www.accuratereviews.com\/?page_id=43316"},"modified":"2021-05-26T10:56:40","modified_gmt":"2021-05-26T10:56:40","slug":"merkato-recensione","status":"publish","type":"page","link":"https:\/\/www.accuratereviews.com\/it\/software-immissione-ordini\/merkato-recensione\/","title":{"rendered":"Merkato"},"content":{"rendered":"<p><strong>Merkato<\/strong> \u00e8 una <strong>suite di configuratori di vendita<\/strong> basata sul <strong>web<\/strong> e progettata per aiutare le aziende ad automatizzare i processi relativi alla generazione di preventivi, alla gestione dell&#8217;ecommerce, all&#8217;upselling e alla gestione degli ordini. Consente agli utenti di creare documenti specifici del cliente, inclusi elenchi di parti, conferme d&#8217;ordine, termini di pagamento, istruzioni di consegna o elenchi di pezzi di ricambio sulla base di calcoli finanziari e tecnici pertinenti. Le caratteristiche principali di <strong>Merkato<\/strong> includono la gestione dei prezzi, un database dei costi, la gestione dei finanziamenti, la vendita guidata e la previsione delle vendite. I team di vendita possono incorporare visualizzazioni nei siti web dei prodotti utilizzando funzionalit\u00e0 di drag and drop\u00a0per fornire ulteriori informazioni agli acquirenti. Consente ai manager di concedere autorizzazioni basate sui ruoli a diversi gruppi di agenti e fornitori per gestire le autorizzazioni nei flussi di lavoro.<\/p>\n<h2>MERKATO &#8211; TUTORIAL<\/h2>\n<p>Vediamo insieme il video su questo <strong>software per immissione degli ordini<\/strong>:<\/p>\n<div id=\"fluid-wrapper-counter-1\" class=\"g1-fluid-wrapper \" style=\"width:686px;\">\n<div style=\"padding-bottom:56.268221574344%;\"><iframe loading=\"lazy\" title=\"Quootz Merkato - EN\" width=\"686\" height=\"386\" src=\"https:\/\/www.youtube.com\/embed\/lITEtyqhHE0?feature=oembed&amp;wmode=transparent&amp;autohide=1&amp;autoplay=0&amp;disablekb=0&amp;fs=1&amp;loop=0&amp;enablejsapi=1&amp;rel=0&amp;controls=2&amp;showinfo=0&amp;wmode=transparent&amp;autohide=2&amp;autoplay=0&amp;disablekb=0&amp;fs=1&amp;loop=0&amp;enablejsapi=1&amp;rel=0&amp;controls=2&amp;showinfo=1\" frameborder=\"0\" allow=\"accelerometer; autoplay; clipboard-write; encrypted-media; gyroscope; picture-in-picture\" allowfullscreen><\/iframe><\/div>\n<\/div>\n<h3>MERKATO &#8211; CARATTERISTICHE<\/h3>\n<ul>\n<li><strong>Configurazione<\/strong>: il cliente e il fornitore identificano e concordano i requisiti del cliente, il sistema fornisce immediatamente la giusta soluzione disponibile e pu\u00f2 anche fornire ulteriori consigli<\/li>\n<li><strong>Preventivi<\/strong>: dopo che sono disponibili informazioni sufficienti, \u00e8 possibile eseguire ulteriori passaggi come la generazione e la stampa di modelli di offerta personalizzati<\/li>\n<li><strong>Interfaccia:<\/strong> l&#8217;interfaccia utente \u00e8 semplice, intuitiva e interattiva. La struttura dello schermo dipende da vari fattori come le credenziali dell&#8217;utente, il paese, la lingua e le scelte gi\u00e0 effettuate<\/li>\n<li><strong>Gestione dei clienti<\/strong>: attraverso un sistema basato su gruppi, ruoli e diritti, il configuratore pu\u00f2 essere protetto in linea con le vostre esigenze. Tutti gli elementi sono personalizzabili grazie a uno strumento molto dinamico che si adatta all&#8217;utente in tempo reale<\/li>\n<li><strong>Informazioni di gestione<\/strong>: i leader aziendali richiedono informazioni di gestione in modo che vi sia una conoscenza approfondita di tutto ci\u00f2 che sta accadendo all&#8217;interno dell&#8217;organizzazione<\/li>\n<li><strong>Multilingue<\/strong>: il software\u00a0pu\u00f2 essere utilizzato in tutte le lingue di cui hai bisogno. La maggior parte delle informazioni verr\u00e0 tradotta automaticamente, quindi bastano pochi minuti per rendere disponibile una lingua straniera a un nuovo collega.<\/li>\n<\/ul>\n<h4>LE RECENSIONI DEGLI UTENTI<\/h4>\n<p class=\"font-weight-bold mb-1 d-flex align-items-center\"><strong>Olav W.&#8221;Un programma con molte possibilit\u00e0&#8221;<\/strong><\/p>\n<p><strong>Commenti: <\/strong>Bel programma, servizio \/ helpdesk \u00e8 buono<\/p>\n<p><strong>Pro: <\/strong>\u00c8 possibile apportare modifiche da soli senza una conoscenza IT approfondita<\/p>\n<p><strong>Contro: <\/strong>Quando il sistema \u00e8 stato costruito pezzo per pezzo e sono state implementate modifiche su modifiche, \u00e8 difficile trovare errori. Ricominciare tutto da capo a volte sembra la soluzione migliore, ma questo richiede troppo tempo e l&#8217;outsourcing \u00e8 piuttosto costoso<\/p>\n<p class=\"font-weight-bold mb-1 d-flex align-items-center\"><strong>Harm G.&#8221;Pensalo, costruiscilo, usalo&#8221;<\/strong><\/p>\n<p><strong>Commenti: <\/strong>\u00c8 stata raggiunta l&#8217;uniformit\u00e0 nell&#8217;aspetto, indipendentemente da chi sia l&#8217;utente. L&#8217;aspetto ma anche il contenuto delle nostre citazioni sono pi\u00f9 allineati. La conoscenza e il know-how vengono aggiornati per l&#8217;intera azienda implementando i nostri prodotti in questo motore basato su regole.<\/p>\n<p><strong>Pro: <\/strong>La flessibilit\u00e0 \u00e8 un grande vantaggio.\u00a0Se riesci a pensarci, puoi costruirlo in Merkato. Le regolazioni possono essere effettuate facilmente. I modelli creati sono facili da capire, eseguire il debug e modificare se necessario grazie all&#8217;infrastruttura.<\/p>\n<p><strong>Contro: <\/strong>Il Report Builder potrebbe essere pi\u00f9 facile da usare. A volte un po &#8216;complesso per qualcuno con un background di programmazione limitato.<\/p>\n<p class=\"font-weight-bold mb-1 d-flex align-items-center\"><strong>Michael D.&#8221;Valutazione&#8221;<\/strong><\/p>\n<p><strong>Commenti: <\/strong>Anche noi ne siamo molto soddisfatti. Certamente il servizio \u00e8 buono.<\/p>\n<p><strong>Pro: <\/strong>Che puoi costruirlo completamente da solo. Non tutto ci\u00f2 che desideri \u00e8 possibile, ma in molti casi non \u00e8 nemmeno realistico svilupparlo.<\/p>\n<p><strong>Contro: <\/strong>Mi piacerebbe molto vedere sviluppato una sorta di carrello della spesa. In questo modo, proprio come con i negozi online, puoi aggiungere un prodotto premendo +1 o + 3 o qualcosa di simile.<\/p>\n<p>&nbsp;<\/p>\n","protected":false},"excerpt":{"rendered":"<p>Merkato \u00e8 una suite di configuratori di vendita basata sul web progettata per aiutare le aziende ad automatizzare i processi relativi alla generazione di preventivi, alla gestione dell&#8217;ecommerce, all&#8217;upselling e alla gestione degli ordini. Consente agli utenti di creare documenti specifici del cliente, inclusi elenchi di parti, conferme d&#8217;ordine, termini di pagamento, istruzioni di consegna o elenchi di pezzi di ricambio, sulla base di calcoli finanziari e tecnici pertinenti.<\/p>\n","protected":false},"author":16,"featured_media":43317,"parent":42766,"menu_order":0,"comment_status":"open","ping_status":"closed","template":"g1_template_page_review_new.php","meta":{"_acf_changed":false,"cwp_meta_box_check":"Yes","cwp_rev_product_name":"","cwp_rev_product_image":"","wppr_links":[],"cwp_rev_price":"","wppr_options":[],"wppr_pros":[],"wppr_cons":[],"_monsterinsights_skip_tracking":false,"_monsterinsights_sitenote_active":false,"_monsterinsights_sitenote_note":"","_monsterinsights_sitenote_category":0,"footnotes":""},"categories":[5951],"tags":[6062,5963,5962,6063,5960,5967],"features":[],"class_list":{"0":"post-43316","1":"page","2":"type-page","3":"status-publish","4":"has-post-thumbnail","6":"category-software-immissione-ordini-categoria","7":"tag-merkato","8":"tag-piattaforma-immissioni-ordini","9":"tag-programma-immissioni-ordini","10":"tag-quootz","11":"tag-software-immissioni-ordini","12":"tag-soluzione-immissione-ordini"},"wppr_data":{"cwp_meta_box_check":"Yes","cwp_rev_product_name":"","cwp_rev_product_image":"","cwp_image_link":"image","cwp_rev_price":"","wppr_rating":"0.00"},"acf":[],"yoast_head":"<!-- This site is optimized with the Yoast SEO plugin v27.4 - https:\/\/yoast.com\/product\/yoast-seo-wordpress\/ -->\n<title>Merkato: recensione software immissioni di ordini - Accurate Reviews<\/title>\n<meta name=\"description\" content=\"Merkato: recensione suite di vendita basata sul web progettata per aiutare le aziende ad automatizzare i processi relativi alla vendita.\" \/>\n<meta name=\"robots\" content=\"index, follow, max-snippet:-1, max-image-preview:large, max-video-preview:-1\" \/>\n<link rel=\"canonical\" href=\"https:\/\/www.accuratereviews.com\/it\/software-immissione-ordini\/merkato-recensione\/\" \/>\n<meta property=\"og:locale\" content=\"it_IT\" \/>\n<meta property=\"og:type\" content=\"article\" \/>\n<meta property=\"og:title\" content=\"Merkato: recensione software immissioni di ordini - Accurate Reviews\" \/>\n<meta property=\"og:description\" content=\"Merkato: recensione suite di vendita basata sul web progettata per aiutare le aziende ad automatizzare i processi relativi alla vendita.\" \/>\n<meta property=\"og:url\" content=\"https:\/\/www.accuratereviews.com\/it\/software-immissione-ordini\/merkato-recensione\/\" \/>\n<meta property=\"og:site_name\" content=\"Accurate Reviews\" \/>\n<meta property=\"og:image\" content=\"https:\/\/www.accuratereviews.com\/wp-content\/uploads\/2021\/05\/merkato.jpg\" \/>\n\t<meta property=\"og:image:width\" content=\"859\" \/>\n\t<meta property=\"og:image:height\" content=\"253\" \/>\n\t<meta property=\"og:image:type\" content=\"image\/jpeg\" \/>\n<meta name=\"twitter:card\" content=\"summary_large_image\" \/>\n<meta name=\"twitter:label1\" content=\"Tempo di lettura stimato\" \/>\n\t<meta name=\"twitter:data1\" content=\"3 minuti\" \/>\n<script type=\"application\/ld+json\" class=\"yoast-schema-graph\">{\"@context\":\"https:\\\/\\\/schema.org\",\"@graph\":[{\"@type\":\"WebPage\",\"@id\":\"https:\\\/\\\/www.accuratereviews.com\\\/it\\\/software-immissione-ordini\\\/merkato-recensione\\\/\",\"url\":\"https:\\\/\\\/www.accuratereviews.com\\\/it\\\/software-immissione-ordini\\\/merkato-recensione\\\/\",\"name\":\"Merkato: recensione software immissioni di ordini - Accurate Reviews\",\"isPartOf\":{\"@id\":\"https:\\\/\\\/www.accuratereviews.com\\\/it\\\/#website\"},\"primaryImageOfPage\":{\"@id\":\"https:\\\/\\\/www.accuratereviews.com\\\/it\\\/software-immissione-ordini\\\/merkato-recensione\\\/#primaryimage\"},\"image\":{\"@id\":\"https:\\\/\\\/www.accuratereviews.com\\\/it\\\/software-immissione-ordini\\\/merkato-recensione\\\/#primaryimage\"},\"thumbnailUrl\":\"https:\\\/\\\/www.accuratereviews.com\\\/wp-content\\\/uploads\\\/2021\\\/05\\\/merkato.jpg\",\"datePublished\":\"2021-05-26T10:56:40+00:00\",\"description\":\"Merkato: recensione suite di vendita basata sul web progettata per aiutare le aziende ad automatizzare i processi relativi alla vendita.\",\"breadcrumb\":{\"@id\":\"https:\\\/\\\/www.accuratereviews.com\\\/it\\\/software-immissione-ordini\\\/merkato-recensione\\\/#breadcrumb\"},\"inLanguage\":\"it-IT\",\"potentialAction\":[{\"@type\":\"ReadAction\",\"target\":[\"https:\\\/\\\/www.accuratereviews.com\\\/it\\\/software-immissione-ordini\\\/merkato-recensione\\\/\"]}]},{\"@type\":\"ImageObject\",\"inLanguage\":\"it-IT\",\"@id\":\"https:\\\/\\\/www.accuratereviews.com\\\/it\\\/software-immissione-ordini\\\/merkato-recensione\\\/#primaryimage\",\"url\":\"https:\\\/\\\/www.accuratereviews.com\\\/wp-content\\\/uploads\\\/2021\\\/05\\\/merkato.jpg\",\"contentUrl\":\"https:\\\/\\\/www.accuratereviews.com\\\/wp-content\\\/uploads\\\/2021\\\/05\\\/merkato.jpg\",\"width\":859,\"height\":253},{\"@type\":\"BreadcrumbList\",\"@id\":\"https:\\\/\\\/www.accuratereviews.com\\\/it\\\/software-immissione-ordini\\\/merkato-recensione\\\/#breadcrumb\",\"itemListElement\":[{\"@type\":\"ListItem\",\"position\":1,\"name\":\"Home\",\"item\":\"https:\\\/\\\/www.accuratereviews.com\\\/it\\\/\"},{\"@type\":\"ListItem\",\"position\":2,\"name\":\"Software per immissione di ordini\",\"item\":\"https:\\\/\\\/www.accuratereviews.com\\\/it\\\/software-immissione-ordini\\\/\"},{\"@type\":\"ListItem\",\"position\":3,\"name\":\"Merkato\"}]},{\"@type\":\"WebSite\",\"@id\":\"https:\\\/\\\/www.accuratereviews.com\\\/it\\\/#website\",\"url\":\"https:\\\/\\\/www.accuratereviews.com\\\/it\\\/\",\"name\":\"Accurate Reviews\",\"description\":\"\",\"potentialAction\":[{\"@type\":\"SearchAction\",\"target\":{\"@type\":\"EntryPoint\",\"urlTemplate\":\"https:\\\/\\\/www.accuratereviews.com\\\/it\\\/?s={search_term_string}\"},\"query-input\":{\"@type\":\"PropertyValueSpecification\",\"valueRequired\":true,\"valueName\":\"search_term_string\"}}],\"inLanguage\":\"it-IT\"}]}<\/script>\n<!-- \/ Yoast SEO plugin. -->","yoast_head_json":{"title":"Merkato: recensione software immissioni di ordini - Accurate Reviews","description":"Merkato: recensione suite di vendita basata sul web progettata per aiutare le aziende ad automatizzare i processi relativi alla vendita.","robots":{"index":"index","follow":"follow","max-snippet":"max-snippet:-1","max-image-preview":"max-image-preview:large","max-video-preview":"max-video-preview:-1"},"canonical":"https:\/\/www.accuratereviews.com\/it\/software-immissione-ordini\/merkato-recensione\/","og_locale":"it_IT","og_type":"article","og_title":"Merkato: recensione software immissioni di ordini - Accurate Reviews","og_description":"Merkato: recensione suite di vendita basata sul web progettata per aiutare le aziende ad automatizzare i processi relativi alla vendita.","og_url":"https:\/\/www.accuratereviews.com\/it\/software-immissione-ordini\/merkato-recensione\/","og_site_name":"Accurate Reviews","og_image":[{"width":859,"height":253,"url":"https:\/\/www.accuratereviews.com\/wp-content\/uploads\/2021\/05\/merkato.jpg","type":"image\/jpeg"}],"twitter_card":"summary_large_image","twitter_misc":{"Tempo di lettura stimato":"3 minuti"},"schema":{"@context":"https:\/\/schema.org","@graph":[{"@type":"WebPage","@id":"https:\/\/www.accuratereviews.com\/it\/software-immissione-ordini\/merkato-recensione\/","url":"https:\/\/www.accuratereviews.com\/it\/software-immissione-ordini\/merkato-recensione\/","name":"Merkato: recensione software immissioni di ordini - Accurate Reviews","isPartOf":{"@id":"https:\/\/www.accuratereviews.com\/it\/#website"},"primaryImageOfPage":{"@id":"https:\/\/www.accuratereviews.com\/it\/software-immissione-ordini\/merkato-recensione\/#primaryimage"},"image":{"@id":"https:\/\/www.accuratereviews.com\/it\/software-immissione-ordini\/merkato-recensione\/#primaryimage"},"thumbnailUrl":"https:\/\/www.accuratereviews.com\/wp-content\/uploads\/2021\/05\/merkato.jpg","datePublished":"2021-05-26T10:56:40+00:00","description":"Merkato: recensione suite di vendita basata sul web progettata per aiutare le aziende ad automatizzare i processi relativi alla vendita.","breadcrumb":{"@id":"https:\/\/www.accuratereviews.com\/it\/software-immissione-ordini\/merkato-recensione\/#breadcrumb"},"inLanguage":"it-IT","potentialAction":[{"@type":"ReadAction","target":["https:\/\/www.accuratereviews.com\/it\/software-immissione-ordini\/merkato-recensione\/"]}]},{"@type":"ImageObject","inLanguage":"it-IT","@id":"https:\/\/www.accuratereviews.com\/it\/software-immissione-ordini\/merkato-recensione\/#primaryimage","url":"https:\/\/www.accuratereviews.com\/wp-content\/uploads\/2021\/05\/merkato.jpg","contentUrl":"https:\/\/www.accuratereviews.com\/wp-content\/uploads\/2021\/05\/merkato.jpg","width":859,"height":253},{"@type":"BreadcrumbList","@id":"https:\/\/www.accuratereviews.com\/it\/software-immissione-ordini\/merkato-recensione\/#breadcrumb","itemListElement":[{"@type":"ListItem","position":1,"name":"Home","item":"https:\/\/www.accuratereviews.com\/it\/"},{"@type":"ListItem","position":2,"name":"Software per immissione di ordini","item":"https:\/\/www.accuratereviews.com\/it\/software-immissione-ordini\/"},{"@type":"ListItem","position":3,"name":"Merkato"}]},{"@type":"WebSite","@id":"https:\/\/www.accuratereviews.com\/it\/#website","url":"https:\/\/www.accuratereviews.com\/it\/","name":"Accurate Reviews","description":"","potentialAction":[{"@type":"SearchAction","target":{"@type":"EntryPoint","urlTemplate":"https:\/\/www.accuratereviews.com\/it\/?s={search_term_string}"},"query-input":{"@type":"PropertyValueSpecification","valueRequired":true,"valueName":"search_term_string"}}],"inLanguage":"it-IT"}]}},"_links":{"self":[{"href":"https:\/\/www.accuratereviews.com\/it\/wp-json\/wp\/v2\/pages\/43316","targetHints":{"allow":["GET"]}}],"collection":[{"href":"https:\/\/www.accuratereviews.com\/it\/wp-json\/wp\/v2\/pages"}],"about":[{"href":"https:\/\/www.accuratereviews.com\/it\/wp-json\/wp\/v2\/types\/page"}],"author":[{"embeddable":true,"href":"https:\/\/www.accuratereviews.com\/it\/wp-json\/wp\/v2\/users\/16"}],"replies":[{"embeddable":true,"href":"https:\/\/www.accuratereviews.com\/it\/wp-json\/wp\/v2\/comments?post=43316"}],"version-history":[{"count":9,"href":"https:\/\/www.accuratereviews.com\/it\/wp-json\/wp\/v2\/pages\/43316\/revisions"}],"predecessor-version":[{"id":43361,"href":"https:\/\/www.accuratereviews.com\/it\/wp-json\/wp\/v2\/pages\/43316\/revisions\/43361"}],"up":[{"embeddable":true,"href":"https:\/\/www.accuratereviews.com\/it\/wp-json\/wp\/v2\/pages\/42766"}],"wp:featuredmedia":[{"embeddable":true,"href":"https:\/\/www.accuratereviews.com\/it\/wp-json\/wp\/v2\/media\/43317"}],"wp:attachment":[{"href":"https:\/\/www.accuratereviews.com\/it\/wp-json\/wp\/v2\/media?parent=43316"}],"wp:term":[{"taxonomy":"category","embeddable":true,"href":"https:\/\/www.accuratereviews.com\/it\/wp-json\/wp\/v2\/categories?post=43316"},{"taxonomy":"post_tag","embeddable":true,"href":"https:\/\/www.accuratereviews.com\/it\/wp-json\/wp\/v2\/tags?post=43316"},{"taxonomy":"features","embeddable":true,"href":"https:\/\/www.accuratereviews.com\/it\/wp-json\/wp\/v2\/features?post=43316"}],"curies":[{"name":"wp","href":"https:\/\/api.w.org\/{rel}","templated":true}]}}