{"id":43325,"date":"2021-05-26T10:44:44","date_gmt":"2021-05-26T10:44:44","guid":{"rendered":"https:\/\/www.accuratereviews.com\/?page_id=43325"},"modified":"2021-05-26T10:44:59","modified_gmt":"2021-05-26T10:44:59","slug":"coresense-recensione","status":"publish","type":"page","link":"https:\/\/www.accuratereviews.com\/it\/software-immissione-ordini\/coresense-recensione\/","title":{"rendered":"CORESense"},"content":{"rendered":"<p><strong>CORESense<\/strong> \u00e8 una <strong>soluzione di gestione del punto vendita<\/strong> e al dettaglio basata su <strong>cloud<\/strong> progettata per i commercianti.\u00a0Il programma aiuta i rivenditori a tenere traccia delle scorte interne e a gestire gli ordini ricevuti dai clienti. La funzione di reporting aiuta a fornire un aggiornamento in tempo reale delle operazioni aziendali e consente agli utenti di esportarle in vari formati. Con una variet\u00e0 di rapporti disponibili, gli utenti possono visualizzare ed estrarre informazioni relative a vendite, inventario e dati finanziari che coprono vendite, tasse, pagamenti, spedizioni e altro ancora.\u00a0Con <strong>CORESense<\/strong>, i commercianti hanno accesso alle informazioni sui clienti e sui prodotti attraverso diversi mezzi. Tutte le transazioni e i dati vengono elaborati e consente agli utenti di visualizzare le informazioni in tempo reale su diverse piattaforme, tra cui ecommerce, call center e negozi.<\/p>\n<h2><a href=\"https:\/\/www.accuratereviews.com\/wp-content\/uploads\/2021\/05\/Schermata-2021-05-26-alle-10.40.35.png\"><img loading=\"lazy\" decoding=\"async\" class=\"alignnone size-full wp-image-43334\" src=\"https:\/\/www.accuratereviews.com\/wp-content\/uploads\/2021\/05\/Schermata-2021-05-26-alle-10.40.35.png\" alt=\"\" width=\"2066\" height=\"1438\" srcset=\"https:\/\/www.accuratereviews.com\/wp-content\/uploads\/2021\/05\/Schermata-2021-05-26-alle-10.40.35.png 2066w, https:\/\/www.accuratereviews.com\/wp-content\/uploads\/2021\/05\/Schermata-2021-05-26-alle-10.40.35-300x209.png 300w, https:\/\/www.accuratereviews.com\/wp-content\/uploads\/2021\/05\/Schermata-2021-05-26-alle-10.40.35-1024x713.png 1024w, https:\/\/www.accuratereviews.com\/wp-content\/uploads\/2021\/05\/Schermata-2021-05-26-alle-10.40.35-768x535.png 768w, https:\/\/www.accuratereviews.com\/wp-content\/uploads\/2021\/05\/Schermata-2021-05-26-alle-10.40.35-1536x1069.png 1536w, https:\/\/www.accuratereviews.com\/wp-content\/uploads\/2021\/05\/Schermata-2021-05-26-alle-10.40.35-2048x1425.png 2048w, https:\/\/www.accuratereviews.com\/wp-content\/uploads\/2021\/05\/Schermata-2021-05-26-alle-10.40.35-180x125.png 180w, https:\/\/www.accuratereviews.com\/wp-content\/uploads\/2021\/05\/Schermata-2021-05-26-alle-10.40.35-50x35.png 50w, https:\/\/www.accuratereviews.com\/wp-content\/uploads\/2021\/05\/Schermata-2021-05-26-alle-10.40.35-968x674.png 968w, https:\/\/www.accuratereviews.com\/wp-content\/uploads\/2021\/05\/Schermata-2021-05-26-alle-10.40.35-636x443.png 636w, https:\/\/www.accuratereviews.com\/wp-content\/uploads\/2021\/05\/Schermata-2021-05-26-alle-10.40.35-320x223.png 320w, https:\/\/www.accuratereviews.com\/wp-content\/uploads\/2021\/05\/Schermata-2021-05-26-alle-10.40.35-239x166.png 239w\" sizes=\"auto, (max-width: 2066px) 100vw, 2066px\" \/><\/a><\/h2>\n<h2>CORESENSE &#8211; CARATTERISTICHE<\/h2>\n<ul>\n<li>Punto vendita facile da imparare e da usare<\/li>\n<li>Incrementa le vendite e interagisci con i clienti in negozio o in viaggio<\/li>\n<li>Vendi di pi\u00f9 online con una vetrina ecommerce completamente integrata e adatta ai clienti<\/li>\n<li>Crea e gestisci ordini online con lo strumento di call center basato sul web<\/li>\n<li>Ottieni visibilit\u00e0 dell&#8217;inventario in tempo reale su uno o pi\u00f9 negozi e canali online<\/li>\n<li>Automatizza l&#8217;elaborazione degli ordini dall&#8217;acquisizione alla spedizione<\/li>\n<li>Crea una base di clienti fedele e redditizia con dati approfonditi sui clienti e funzionalit\u00e0 di marketing<\/li>\n<li>Ottieni una visione in tempo reale della tua attivit\u00e0 tramite report standard, strumenti flessibili per la creazione di report e report personalizzati<\/li>\n<li>Accesso conveniente e preintegrato ai principali mercati, applicazioni e tecnologie<\/li>\n<li>Altamente configurabile e personalizzabile in modo che possa essere adattato alle tue esigenze aziendali<\/li>\n<li>Scalabile e aperta che ti consente di crescere con sicurezza.<\/li>\n<\/ul>\n<h3>LE RECENSIONI DEGLI UTENTI<\/h3>\n<p class=\"font-weight-bold mb-1 d-flex align-items-center\"><strong>Dennis D.&#8221;Utile!!&#8221;<\/strong><\/p>\n<p><strong>Commenti: <\/strong>La mia esperienza complessiva \u00e8 stata straordinaria perch\u00e9 ora ho competenze migliori, ho imparato di pi\u00f9 e posso gestire meglio la mia attivit\u00e0<\/p>\n<p><strong>Pro: <\/strong>Mi piace il fatto che mi ha fatto risparmiare tempo e mi ha aiutato ad essere pi\u00f9 organizzato e a guadagnare di pi\u00f9 grazie al suo utilizzo<\/p>\n<p><strong>Contro: <\/strong>Curva di apprendimento molto ripida inizialmente<\/p>\n<p class=\"font-weight-bold mb-1 d-flex align-items-center\"><strong>Karla R.&#8221; Questa soluzione ha una risposta alle nostre esigenze uniche&#8221;<\/strong><\/p>\n<p><strong>Commenti: <\/strong>Il team di CORESense lavora in collaborazione con noi da oltre otto anni e non vediamo l&#8217;ora di vederne molti altri!<\/p>\n<p><strong>Pro: <\/strong>L&#8217;incredibile flessibilit\u00e0, stabilit\u00e0 e facilit\u00e0 d&#8217;uso.<\/p>\n<p class=\"font-weight-bold mb-1 d-flex align-items-center\"><strong>Chris B.&#8221;Un sistema completo ma &#8230;&#8221;<\/strong><\/p>\n<p><strong>Commenti: <\/strong>Il sistema \u00e8 molto espansivo e ha molto da offrire! Detto questo, ci sono stati troppi bug e il sito web non \u00e8 all&#8217;altezza degli standard &#8220;odierni&#8221; ed \u00e8 troppo laborioso per l&#8217;aggiunta di prodotti \/ campioni \/ ecc.<\/p>\n<p><strong>Pro: <\/strong>Molte segnalazioni<\/p>\n<p><strong>Contro: <\/strong>Troppi bug e sito web non facile da usare o attraente<\/p>\n","protected":false},"excerpt":{"rendered":"<p>CORESense \u00e8 una soluzione di gestione del punto vendita e al dettaglio basata su cloud progettata per i commercianti.\u00a0Il programma aiuta i rivenditori a tenere traccia delle scorte interne e a gestire gli ordini ricevuti dai clienti. La funzione di reporting aiuta a fornire un aggiornamento in tempo reale delle operazioni aziendali e consente agli utenti di esportarle in vari formati.<\/p>\n","protected":false},"author":16,"featured_media":43326,"parent":42766,"menu_order":0,"comment_status":"open","ping_status":"closed","template":"g1_template_page_review_new.php","meta":{"_acf_changed":false,"cwp_meta_box_check":"Yes","cwp_rev_product_name":"","cwp_rev_product_image":"","wppr_links":[],"cwp_rev_price":"","wppr_options":[],"wppr_pros":[],"wppr_cons":[],"_monsterinsights_skip_tracking":false,"_monsterinsights_sitenote_active":false,"_monsterinsights_sitenote_note":"","_monsterinsights_sitenote_category":0,"footnotes":""},"categories":[5951],"tags":[396,6061,5963,5962,5965,5961],"features":[],"class_list":{"0":"post-43325","1":"page","2":"type-page","3":"status-publish","4":"has-post-thumbnail","6":"category-software-immissione-ordini-categoria","7":"tag-cloud","8":"tag-coresense","9":"tag-piattaforma-immissioni-ordini","10":"tag-programma-immissioni-ordini","11":"tag-software-immissione-ordini","12":"tag-soluzione-immissioni-ordini"},"wppr_data":{"cwp_meta_box_check":"Yes","cwp_rev_product_name":"","cwp_rev_product_image":"","cwp_image_link":"image","cwp_rev_price":"","wppr_rating":"0.00"},"acf":[],"yoast_head":"<!-- This site is optimized with the Yoast SEO plugin v27.4 - https:\/\/yoast.com\/product\/yoast-seo-wordpress\/ -->\n<title>CORESense: recensione software immissioni di ordini - Accurate Reviews<\/title>\n<meta name=\"description\" content=\"CORESense: recensione soluzione di gestione del punto vendita e al dettaglio basata su cloud progettata per i commercianti.\" \/>\n<meta name=\"robots\" content=\"index, follow, max-snippet:-1, max-image-preview:large, max-video-preview:-1\" \/>\n<link rel=\"canonical\" href=\"https:\/\/www.accuratereviews.com\/it\/software-immissione-ordini\/coresense-recensione\/\" \/>\n<meta property=\"og:locale\" content=\"it_IT\" \/>\n<meta property=\"og:type\" content=\"article\" \/>\n<meta property=\"og:title\" content=\"CORESense: recensione software immissioni di ordini - Accurate Reviews\" \/>\n<meta property=\"og:description\" content=\"CORESense: recensione soluzione di gestione del punto vendita e al dettaglio basata su cloud progettata per i commercianti.\" \/>\n<meta property=\"og:url\" content=\"https:\/\/www.accuratereviews.com\/it\/software-immissione-ordini\/coresense-recensione\/\" \/>\n<meta property=\"og:site_name\" content=\"Accurate Reviews\" \/>\n<meta property=\"article:modified_time\" content=\"2021-05-26T10:44:59+00:00\" \/>\n<meta property=\"og:image\" content=\"https:\/\/www.accuratereviews.com\/wp-content\/uploads\/2021\/05\/CORESense-LOGO.jpg\" \/>\n\t<meta property=\"og:image:width\" content=\"200\" \/>\n\t<meta property=\"og:image:height\" content=\"200\" \/>\n\t<meta property=\"og:image:type\" content=\"image\/jpeg\" \/>\n<meta name=\"twitter:card\" content=\"summary_large_image\" \/>\n<meta name=\"twitter:label1\" content=\"Tempo di lettura stimato\" \/>\n\t<meta name=\"twitter:data1\" content=\"3 minuti\" \/>\n<script type=\"application\/ld+json\" class=\"yoast-schema-graph\">{\"@context\":\"https:\\\/\\\/schema.org\",\"@graph\":[{\"@type\":\"WebPage\",\"@id\":\"https:\\\/\\\/www.accuratereviews.com\\\/it\\\/software-immissione-ordini\\\/coresense-recensione\\\/\",\"url\":\"https:\\\/\\\/www.accuratereviews.com\\\/it\\\/software-immissione-ordini\\\/coresense-recensione\\\/\",\"name\":\"CORESense: recensione software immissioni di ordini - Accurate Reviews\",\"isPartOf\":{\"@id\":\"https:\\\/\\\/www.accuratereviews.com\\\/it\\\/#website\"},\"primaryImageOfPage\":{\"@id\":\"https:\\\/\\\/www.accuratereviews.com\\\/it\\\/software-immissione-ordini\\\/coresense-recensione\\\/#primaryimage\"},\"image\":{\"@id\":\"https:\\\/\\\/www.accuratereviews.com\\\/it\\\/software-immissione-ordini\\\/coresense-recensione\\\/#primaryimage\"},\"thumbnailUrl\":\"https:\\\/\\\/www.accuratereviews.com\\\/wp-content\\\/uploads\\\/2021\\\/05\\\/CORESense-LOGO.jpg\",\"datePublished\":\"2021-05-26T10:44:44+00:00\",\"dateModified\":\"2021-05-26T10:44:59+00:00\",\"description\":\"CORESense: recensione soluzione di gestione del punto vendita e al dettaglio basata su cloud progettata per i commercianti.\",\"breadcrumb\":{\"@id\":\"https:\\\/\\\/www.accuratereviews.com\\\/it\\\/software-immissione-ordini\\\/coresense-recensione\\\/#breadcrumb\"},\"inLanguage\":\"it-IT\",\"potentialAction\":[{\"@type\":\"ReadAction\",\"target\":[\"https:\\\/\\\/www.accuratereviews.com\\\/it\\\/software-immissione-ordini\\\/coresense-recensione\\\/\"]}]},{\"@type\":\"ImageObject\",\"inLanguage\":\"it-IT\",\"@id\":\"https:\\\/\\\/www.accuratereviews.com\\\/it\\\/software-immissione-ordini\\\/coresense-recensione\\\/#primaryimage\",\"url\":\"https:\\\/\\\/www.accuratereviews.com\\\/wp-content\\\/uploads\\\/2021\\\/05\\\/CORESense-LOGO.jpg\",\"contentUrl\":\"https:\\\/\\\/www.accuratereviews.com\\\/wp-content\\\/uploads\\\/2021\\\/05\\\/CORESense-LOGO.jpg\",\"width\":200,\"height\":200},{\"@type\":\"BreadcrumbList\",\"@id\":\"https:\\\/\\\/www.accuratereviews.com\\\/it\\\/software-immissione-ordini\\\/coresense-recensione\\\/#breadcrumb\",\"itemListElement\":[{\"@type\":\"ListItem\",\"position\":1,\"name\":\"Home\",\"item\":\"https:\\\/\\\/www.accuratereviews.com\\\/it\\\/\"},{\"@type\":\"ListItem\",\"position\":2,\"name\":\"Software per immissione di ordini\",\"item\":\"https:\\\/\\\/www.accuratereviews.com\\\/it\\\/software-immissione-ordini\\\/\"},{\"@type\":\"ListItem\",\"position\":3,\"name\":\"CORESense\"}]},{\"@type\":\"WebSite\",\"@id\":\"https:\\\/\\\/www.accuratereviews.com\\\/it\\\/#website\",\"url\":\"https:\\\/\\\/www.accuratereviews.com\\\/it\\\/\",\"name\":\"Accurate Reviews\",\"description\":\"\",\"potentialAction\":[{\"@type\":\"SearchAction\",\"target\":{\"@type\":\"EntryPoint\",\"urlTemplate\":\"https:\\\/\\\/www.accuratereviews.com\\\/it\\\/?s={search_term_string}\"},\"query-input\":{\"@type\":\"PropertyValueSpecification\",\"valueRequired\":true,\"valueName\":\"search_term_string\"}}],\"inLanguage\":\"it-IT\"}]}<\/script>\n<!-- \/ Yoast SEO plugin. -->","yoast_head_json":{"title":"CORESense: recensione software immissioni di ordini - Accurate Reviews","description":"CORESense: recensione soluzione di gestione del punto vendita e al dettaglio basata su cloud progettata per i commercianti.","robots":{"index":"index","follow":"follow","max-snippet":"max-snippet:-1","max-image-preview":"max-image-preview:large","max-video-preview":"max-video-preview:-1"},"canonical":"https:\/\/www.accuratereviews.com\/it\/software-immissione-ordini\/coresense-recensione\/","og_locale":"it_IT","og_type":"article","og_title":"CORESense: recensione software immissioni di ordini - Accurate Reviews","og_description":"CORESense: recensione soluzione di gestione del punto vendita e al dettaglio basata su cloud progettata per i commercianti.","og_url":"https:\/\/www.accuratereviews.com\/it\/software-immissione-ordini\/coresense-recensione\/","og_site_name":"Accurate Reviews","article_modified_time":"2021-05-26T10:44:59+00:00","og_image":[{"width":200,"height":200,"url":"https:\/\/www.accuratereviews.com\/wp-content\/uploads\/2021\/05\/CORESense-LOGO.jpg","type":"image\/jpeg"}],"twitter_card":"summary_large_image","twitter_misc":{"Tempo di lettura stimato":"3 minuti"},"schema":{"@context":"https:\/\/schema.org","@graph":[{"@type":"WebPage","@id":"https:\/\/www.accuratereviews.com\/it\/software-immissione-ordini\/coresense-recensione\/","url":"https:\/\/www.accuratereviews.com\/it\/software-immissione-ordini\/coresense-recensione\/","name":"CORESense: recensione software immissioni di ordini - Accurate Reviews","isPartOf":{"@id":"https:\/\/www.accuratereviews.com\/it\/#website"},"primaryImageOfPage":{"@id":"https:\/\/www.accuratereviews.com\/it\/software-immissione-ordini\/coresense-recensione\/#primaryimage"},"image":{"@id":"https:\/\/www.accuratereviews.com\/it\/software-immissione-ordini\/coresense-recensione\/#primaryimage"},"thumbnailUrl":"https:\/\/www.accuratereviews.com\/wp-content\/uploads\/2021\/05\/CORESense-LOGO.jpg","datePublished":"2021-05-26T10:44:44+00:00","dateModified":"2021-05-26T10:44:59+00:00","description":"CORESense: recensione soluzione di gestione del punto vendita e al dettaglio basata su cloud progettata per i commercianti.","breadcrumb":{"@id":"https:\/\/www.accuratereviews.com\/it\/software-immissione-ordini\/coresense-recensione\/#breadcrumb"},"inLanguage":"it-IT","potentialAction":[{"@type":"ReadAction","target":["https:\/\/www.accuratereviews.com\/it\/software-immissione-ordini\/coresense-recensione\/"]}]},{"@type":"ImageObject","inLanguage":"it-IT","@id":"https:\/\/www.accuratereviews.com\/it\/software-immissione-ordini\/coresense-recensione\/#primaryimage","url":"https:\/\/www.accuratereviews.com\/wp-content\/uploads\/2021\/05\/CORESense-LOGO.jpg","contentUrl":"https:\/\/www.accuratereviews.com\/wp-content\/uploads\/2021\/05\/CORESense-LOGO.jpg","width":200,"height":200},{"@type":"BreadcrumbList","@id":"https:\/\/www.accuratereviews.com\/it\/software-immissione-ordini\/coresense-recensione\/#breadcrumb","itemListElement":[{"@type":"ListItem","position":1,"name":"Home","item":"https:\/\/www.accuratereviews.com\/it\/"},{"@type":"ListItem","position":2,"name":"Software per immissione di ordini","item":"https:\/\/www.accuratereviews.com\/it\/software-immissione-ordini\/"},{"@type":"ListItem","position":3,"name":"CORESense"}]},{"@type":"WebSite","@id":"https:\/\/www.accuratereviews.com\/it\/#website","url":"https:\/\/www.accuratereviews.com\/it\/","name":"Accurate Reviews","description":"","potentialAction":[{"@type":"SearchAction","target":{"@type":"EntryPoint","urlTemplate":"https:\/\/www.accuratereviews.com\/it\/?s={search_term_string}"},"query-input":{"@type":"PropertyValueSpecification","valueRequired":true,"valueName":"search_term_string"}}],"inLanguage":"it-IT"}]}},"_links":{"self":[{"href":"https:\/\/www.accuratereviews.com\/it\/wp-json\/wp\/v2\/pages\/43325","targetHints":{"allow":["GET"]}}],"collection":[{"href":"https:\/\/www.accuratereviews.com\/it\/wp-json\/wp\/v2\/pages"}],"about":[{"href":"https:\/\/www.accuratereviews.com\/it\/wp-json\/wp\/v2\/types\/page"}],"author":[{"embeddable":true,"href":"https:\/\/www.accuratereviews.com\/it\/wp-json\/wp\/v2\/users\/16"}],"replies":[{"embeddable":true,"href":"https:\/\/www.accuratereviews.com\/it\/wp-json\/wp\/v2\/comments?post=43325"}],"version-history":[{"count":8,"href":"https:\/\/www.accuratereviews.com\/it\/wp-json\/wp\/v2\/pages\/43325\/revisions"}],"predecessor-version":[{"id":43359,"href":"https:\/\/www.accuratereviews.com\/it\/wp-json\/wp\/v2\/pages\/43325\/revisions\/43359"}],"up":[{"embeddable":true,"href":"https:\/\/www.accuratereviews.com\/it\/wp-json\/wp\/v2\/pages\/42766"}],"wp:featuredmedia":[{"embeddable":true,"href":"https:\/\/www.accuratereviews.com\/it\/wp-json\/wp\/v2\/media\/43326"}],"wp:attachment":[{"href":"https:\/\/www.accuratereviews.com\/it\/wp-json\/wp\/v2\/media?parent=43325"}],"wp:term":[{"taxonomy":"category","embeddable":true,"href":"https:\/\/www.accuratereviews.com\/it\/wp-json\/wp\/v2\/categories?post=43325"},{"taxonomy":"post_tag","embeddable":true,"href":"https:\/\/www.accuratereviews.com\/it\/wp-json\/wp\/v2\/tags?post=43325"},{"taxonomy":"features","embeddable":true,"href":"https:\/\/www.accuratereviews.com\/it\/wp-json\/wp\/v2\/features?post=43325"}],"curies":[{"name":"wp","href":"https:\/\/api.w.org\/{rel}","templated":true}]}}