{"id":43332,"date":"2021-05-26T11:00:20","date_gmt":"2021-05-26T11:00:20","guid":{"rendered":"https:\/\/www.accuratereviews.com\/?page_id=43332"},"modified":"2021-05-27T11:04:20","modified_gmt":"2021-05-27T11:04:20","slug":"dynamic-inventory-recensione","status":"publish","type":"page","link":"https:\/\/www.accuratereviews.com\/it\/software-immissione-ordini\/dynamic-inventory-recensione\/","title":{"rendered":"Dynamic Inventory"},"content":{"rendered":"<p><strong>Dynamic Inventory<\/strong> \u00e8 un <strong>software di gestione dell&#8217;inventario<\/strong> progettato per le aziende di piccole e medie dimensioni che vogliono automatizzare il loro lavoro. Questa soluzione permette di monitorare in modo efficiente il proprio inventario, prodotti, fornitori, acquisti e vendite offrendo strumenti intuitivi, facili da usare e all&#8217;avanguardia che ti faranno risparmiare molto tempo.<br \/>\nGrazie alle sue funzionalit\u00e0, questo <strong>programma per l&#8217;immissione di ordini<\/strong> diventer\u00e0 il tuo pi\u00f9 grande alleato poich\u00e9 promuover\u00e0 la tua crescita con semplici operazioni di inventario automatizzate.<\/p>\n<h2>DYNAMIC INVENTORY &#8211; VIDEO INTRODUTTIVO<\/h2>\n<p>Di seguito un video che ci mostra come funziona Dynamic Inventory:<\/p>\n<div id=\"fluid-wrapper-counter-1\" class=\"g1-fluid-wrapper \" style=\"width:686px;\">\n<div style=\"padding-bottom:56.268221574344%;\"><iframe loading=\"lazy\" title=\"Dynamic Inventory: Dynamic Inventory: Here to Help your Business\" width=\"686\" height=\"386\" src=\"https:\/\/www.youtube.com\/embed\/9D3ZGf_nNS0?feature=oembed&amp;wmode=transparent&amp;autohide=1&amp;autoplay=0&amp;disablekb=0&amp;fs=1&amp;loop=0&amp;enablejsapi=1&amp;rel=0&amp;controls=2&amp;showinfo=0&amp;wmode=transparent&amp;autohide=2&amp;autoplay=0&amp;disablekb=0&amp;fs=1&amp;loop=0&amp;enablejsapi=1&amp;rel=0&amp;controls=2&amp;showinfo=1\" frameborder=\"0\" allow=\"accelerometer; autoplay; clipboard-write; encrypted-media; gyroscope; picture-in-picture\" allowfullscreen><\/iframe><\/div>\n<\/div>\n<h3>DYNAMIC INVENTORY &#8211; CARATTERISTICHE<\/h3>\n<ul>\n<li><strong>Gestione delle scorte<\/strong>: tieni traccia in modo efficiente della posizione esatta e dei livelli delle scorte dei tuoi prodotti in tempo reale per snellire i tuoi processi e aumentare l&#8217;efficienza nelle tue operazioni quotidiane<\/li>\n<li><strong>Codici a barre<\/strong>: aggiungi, modifica e scansiona i codici a barre per aggiornare rapidamente il database dei prodotti senza dover ricordare o digitare lunghi identificatori<\/li>\n<li><strong>Gestione del prodotto<\/strong>: gestione completa del prodotto, inclusi aggiustamenti delle scorte, trasferimenti di scorte, monitoraggio dei costi, unit\u00e0 di misura, pacchetti\/kit, allegare immagini\/documenti, campi personalizzati e tag<\/li>\n<li><strong>Gestione degli ordini di vendita<\/strong>: crea ordini di vendita ed evadi i prodotti per regolare automaticamente i livelli delle scorte. Tieni traccia dei dati finanziari inclusi crediti, fatture, tasse, trasporto e pagamenti<\/li>\n<li><strong>Gestione dei clienti<\/strong>: utilizza il\u00a0sistema CRM di base per stare al passo con i clienti con tutti gli ordini di vendita comodamente raggruppati e visualizzabili. Definisci i prezzi dei clienti per prodotti specifici, mantieni registri e informazioni sui fornitori accurati<\/li>\n<li><strong>Gestione dei fornitor<\/strong>i: analizza ogni fornitore per vedere tutti gli ordini di acquisto effettuati nei loro confronti. Definisci il prezzo del fornitore per ogni prodotto associato a un fornitore specifico<\/li>\n<li><strong>Registro di audizione<\/strong>: monitoraggio continuo delle azioni e delle attivit\u00e0 degli utenti con possibilit\u00e0 di filtrare su moduli o azioni specifici per data<\/li>\n<li><strong>Autorizzazioni utente<\/strong>: controllo totale su visualizzazione, modifica ed eliminazione all&#8217;interno di ogni modulo. Assegna il ruolo di spedizione per fornire un accesso limitato ai dati del mittente<\/li>\n<li><strong>Notifiche in tempo reale e report affidabili<\/strong>: numerose opzioni di reporting integrate tra cui stampe degli ordini, scorte insufficienti e dettagli su prodotti\/vendite\/acquisti. Tutti i rapporti possono essere inviati tramite posta elettronica dal sistema<\/li>\n<li><strong>Avvisi sulle scorte a disposizione<\/strong>: definisci le soglie di scorte insufficienti per ciascuna posizione del prodotto e attiva automaticamente gli avvisi quando il prodotto scende al di sotto della soglia<\/li>\n<li><strong>Posizioni multiple<\/strong>: monitoraggio continuo delle azioni e delle attivit\u00e0 degli utenti con possibilit\u00e0 di filtrare su moduli o azioni specifici per data<\/li>\n<li><strong>Vendite in conto deposito<\/strong>: controllo totale su visualizzazione, modifica ed eliminazione all&#8217;interno di ogni modulo. Assegna il ruolo di spedizione per fornire un accesso limitato ai dati del mittente.<\/li>\n<\/ul>\n<h4>LE RECENSIONI DEGLI UTENTI<\/h4>\n<p><strong>Chang L. &#8220;Necessario un software autonomo per motivi di sicurezza e accesso&#8221;<\/strong><br \/>\nPRO: era una delle poche opzioni che ho trovato che non fosse strettamente SAAS basato su cloud. Non volevo fare affidamento sulla connessione a Internet per l&#8217;accesso.<br \/>\nCONTRO: mi piace tutto, ma un&#8217;area che potrebbe essere migliorata \u00e8 quella dei resi. Devo contrassegnare l&#8217;ordine per mostrarlo come reso. Vorrei gestirlo in un&#8217;altra sezione. Per gli articoli deperibili questo prodotto \u00e8 la soluzione perfetta perch\u00e9 posso rintracciare i lotti. Mi piace veramente.<\/p>\n<p><strong>Loreto M. &#8220;Gestisce tutto!!!&#8221;<\/strong><br \/>\nPRO: l&#8217;inventario dinamico ci ha aiutato a gestire cos\u00ec bene le nostre scorte, anche gli ordini di vendita e di acquisto sono sulla buona strada&#8230; Risparmia cos\u00ec tanto tempo perch\u00e9 ha funzionalit\u00e0 e moduli facili da usare&#8230; Fantastico!<br \/>\nCONTRO: Beh, finora sono davvero soddisfatto delle prestazioni di questo sistema. Basta aggiungere altre funzioni utili per servire continuamente i clienti<\/p>\n<p><strong>Areano Q. &#8220;Buon prodotto&#8221;<\/strong><br \/>\nPRO: Dynamic ha davvero aiutato il nostro inventario a essere ben gestito e monitorato. \u00c8 molto comodo da usare.<br \/>\nCONTRO: nessuno fino ad ora, solo migliorare continuamente il servizio clienti e tutto seguir\u00e0. Buon lavoro!<\/p>\n","protected":false},"excerpt":{"rendered":"<p>Dynamic Inventory \u00e8 un software di gestione dell&#8217;inventario progettato per le aziende di piccole e medie dimensioni che vogliono automatizzare il loro lavoro. Questa soluzione permette di monitorare in modo efficiente il proprio inventario, prodotti, fornitori, acquisti e vendite offrendo strumenti intuitivi, facili da usare e all&#8217;avanguardia che ti faranno risparmiare molto tempo.<\/p>\n","protected":false},"author":17,"featured_media":43340,"parent":42766,"menu_order":0,"comment_status":"open","ping_status":"closed","template":"g1_template_page_review_new.php","meta":{"_acf_changed":false,"cwp_meta_box_check":"No","cwp_rev_product_name":"","cwp_rev_product_image":"","wppr_links":[],"cwp_rev_price":"","wppr_options":[],"wppr_pros":[],"wppr_cons":[],"_monsterinsights_skip_tracking":false,"_monsterinsights_sitenote_active":false,"_monsterinsights_sitenote_note":"","_monsterinsights_sitenote_category":0,"footnotes":""},"categories":[5951],"tags":[5969,5952,6029,6000,5965,5953,6001],"features":[],"class_list":{"0":"post-43332","1":"page","2":"type-page","3":"status-publish","4":"has-post-thumbnail","6":"category-software-immissione-ordini-categoria","7":"tag-gestione-immissione-ordini","8":"tag-gestione-immissioni-dati-ordini","9":"tag-piattaforma-immissione-ordini","10":"tag-programma-per-immissione-ordini","11":"tag-software-immissione-ordini","12":"tag-software-per-limmissione-degli-ordini","13":"tag-soluzione-per-immissione-ordini"},"wppr_data":{"cwp_meta_box_check":"No"},"acf":[],"yoast_head":"<!-- This site is optimized with the Yoast SEO plugin v27.4 - https:\/\/yoast.com\/product\/yoast-seo-wordpress\/ -->\n<title>Dynamic Inventory: software gestione inventario - Accurate Reviews<\/title>\n<meta name=\"description\" content=\"Dynamic Inventory: recensione del software di gestione dell&#039;inventario progettato per le aziende di piccole e medie dimensioni.\" \/>\n<meta name=\"robots\" content=\"index, follow, max-snippet:-1, max-image-preview:large, max-video-preview:-1\" \/>\n<link rel=\"canonical\" href=\"https:\/\/www.accuratereviews.com\/it\/software-immissione-ordini\/dynamic-inventory-recensione\/\" \/>\n<meta property=\"og:locale\" content=\"it_IT\" \/>\n<meta property=\"og:type\" content=\"article\" \/>\n<meta property=\"og:title\" content=\"Dynamic Inventory: software gestione inventario - Accurate Reviews\" \/>\n<meta property=\"og:description\" content=\"Dynamic Inventory: recensione del software di gestione dell&#039;inventario progettato per le aziende di piccole e medie dimensioni.\" \/>\n<meta property=\"og:url\" content=\"https:\/\/www.accuratereviews.com\/it\/software-immissione-ordini\/dynamic-inventory-recensione\/\" \/>\n<meta property=\"og:site_name\" content=\"Accurate Reviews\" \/>\n<meta property=\"article:modified_time\" content=\"2021-05-27T11:04:20+00:00\" \/>\n<meta property=\"og:image\" content=\"https:\/\/www.accuratereviews.com\/wp-content\/uploads\/2021\/05\/dynamic-inventory.png\" \/>\n\t<meta property=\"og:image:width\" content=\"600\" \/>\n\t<meta property=\"og:image:height\" content=\"315\" \/>\n\t<meta property=\"og:image:type\" content=\"image\/png\" \/>\n<meta name=\"twitter:card\" content=\"summary_large_image\" \/>\n<meta name=\"twitter:label1\" content=\"Tempo di lettura stimato\" \/>\n\t<meta name=\"twitter:data1\" content=\"3 minuti\" \/>\n<script type=\"application\/ld+json\" class=\"yoast-schema-graph\">{\"@context\":\"https:\\\/\\\/schema.org\",\"@graph\":[{\"@type\":\"WebPage\",\"@id\":\"https:\\\/\\\/www.accuratereviews.com\\\/it\\\/software-immissione-ordini\\\/dynamic-inventory-recensione\\\/\",\"url\":\"https:\\\/\\\/www.accuratereviews.com\\\/it\\\/software-immissione-ordini\\\/dynamic-inventory-recensione\\\/\",\"name\":\"Dynamic Inventory: software gestione inventario - Accurate Reviews\",\"isPartOf\":{\"@id\":\"https:\\\/\\\/www.accuratereviews.com\\\/it\\\/#website\"},\"primaryImageOfPage\":{\"@id\":\"https:\\\/\\\/www.accuratereviews.com\\\/it\\\/software-immissione-ordini\\\/dynamic-inventory-recensione\\\/#primaryimage\"},\"image\":{\"@id\":\"https:\\\/\\\/www.accuratereviews.com\\\/it\\\/software-immissione-ordini\\\/dynamic-inventory-recensione\\\/#primaryimage\"},\"thumbnailUrl\":\"https:\\\/\\\/www.accuratereviews.com\\\/wp-content\\\/uploads\\\/2021\\\/05\\\/dynamic-inventory.png\",\"datePublished\":\"2021-05-26T11:00:20+00:00\",\"dateModified\":\"2021-05-27T11:04:20+00:00\",\"description\":\"Dynamic Inventory: recensione del software di gestione dell'inventario progettato per le aziende di piccole e medie dimensioni.\",\"breadcrumb\":{\"@id\":\"https:\\\/\\\/www.accuratereviews.com\\\/it\\\/software-immissione-ordini\\\/dynamic-inventory-recensione\\\/#breadcrumb\"},\"inLanguage\":\"it-IT\",\"potentialAction\":[{\"@type\":\"ReadAction\",\"target\":[\"https:\\\/\\\/www.accuratereviews.com\\\/it\\\/software-immissione-ordini\\\/dynamic-inventory-recensione\\\/\"]}]},{\"@type\":\"ImageObject\",\"inLanguage\":\"it-IT\",\"@id\":\"https:\\\/\\\/www.accuratereviews.com\\\/it\\\/software-immissione-ordini\\\/dynamic-inventory-recensione\\\/#primaryimage\",\"url\":\"https:\\\/\\\/www.accuratereviews.com\\\/wp-content\\\/uploads\\\/2021\\\/05\\\/dynamic-inventory.png\",\"contentUrl\":\"https:\\\/\\\/www.accuratereviews.com\\\/wp-content\\\/uploads\\\/2021\\\/05\\\/dynamic-inventory.png\",\"width\":600,\"height\":315},{\"@type\":\"BreadcrumbList\",\"@id\":\"https:\\\/\\\/www.accuratereviews.com\\\/it\\\/software-immissione-ordini\\\/dynamic-inventory-recensione\\\/#breadcrumb\",\"itemListElement\":[{\"@type\":\"ListItem\",\"position\":1,\"name\":\"Home\",\"item\":\"https:\\\/\\\/www.accuratereviews.com\\\/it\\\/\"},{\"@type\":\"ListItem\",\"position\":2,\"name\":\"Software per immissione di ordini\",\"item\":\"https:\\\/\\\/www.accuratereviews.com\\\/it\\\/software-immissione-ordini\\\/\"},{\"@type\":\"ListItem\",\"position\":3,\"name\":\"Dynamic Inventory\"}]},{\"@type\":\"WebSite\",\"@id\":\"https:\\\/\\\/www.accuratereviews.com\\\/it\\\/#website\",\"url\":\"https:\\\/\\\/www.accuratereviews.com\\\/it\\\/\",\"name\":\"Accurate Reviews\",\"description\":\"\",\"potentialAction\":[{\"@type\":\"SearchAction\",\"target\":{\"@type\":\"EntryPoint\",\"urlTemplate\":\"https:\\\/\\\/www.accuratereviews.com\\\/it\\\/?s={search_term_string}\"},\"query-input\":{\"@type\":\"PropertyValueSpecification\",\"valueRequired\":true,\"valueName\":\"search_term_string\"}}],\"inLanguage\":\"it-IT\"}]}<\/script>\n<!-- \/ Yoast SEO plugin. -->","yoast_head_json":{"title":"Dynamic Inventory: software gestione inventario - Accurate Reviews","description":"Dynamic Inventory: recensione del software di gestione dell'inventario progettato per le aziende di piccole e medie dimensioni.","robots":{"index":"index","follow":"follow","max-snippet":"max-snippet:-1","max-image-preview":"max-image-preview:large","max-video-preview":"max-video-preview:-1"},"canonical":"https:\/\/www.accuratereviews.com\/it\/software-immissione-ordini\/dynamic-inventory-recensione\/","og_locale":"it_IT","og_type":"article","og_title":"Dynamic Inventory: software gestione inventario - Accurate Reviews","og_description":"Dynamic Inventory: recensione del software di gestione dell'inventario progettato per le aziende di piccole e medie dimensioni.","og_url":"https:\/\/www.accuratereviews.com\/it\/software-immissione-ordini\/dynamic-inventory-recensione\/","og_site_name":"Accurate Reviews","article_modified_time":"2021-05-27T11:04:20+00:00","og_image":[{"width":600,"height":315,"url":"https:\/\/www.accuratereviews.com\/wp-content\/uploads\/2021\/05\/dynamic-inventory.png","type":"image\/png"}],"twitter_card":"summary_large_image","twitter_misc":{"Tempo di lettura stimato":"3 minuti"},"schema":{"@context":"https:\/\/schema.org","@graph":[{"@type":"WebPage","@id":"https:\/\/www.accuratereviews.com\/it\/software-immissione-ordini\/dynamic-inventory-recensione\/","url":"https:\/\/www.accuratereviews.com\/it\/software-immissione-ordini\/dynamic-inventory-recensione\/","name":"Dynamic Inventory: software gestione inventario - Accurate Reviews","isPartOf":{"@id":"https:\/\/www.accuratereviews.com\/it\/#website"},"primaryImageOfPage":{"@id":"https:\/\/www.accuratereviews.com\/it\/software-immissione-ordini\/dynamic-inventory-recensione\/#primaryimage"},"image":{"@id":"https:\/\/www.accuratereviews.com\/it\/software-immissione-ordini\/dynamic-inventory-recensione\/#primaryimage"},"thumbnailUrl":"https:\/\/www.accuratereviews.com\/wp-content\/uploads\/2021\/05\/dynamic-inventory.png","datePublished":"2021-05-26T11:00:20+00:00","dateModified":"2021-05-27T11:04:20+00:00","description":"Dynamic Inventory: recensione del software di gestione dell'inventario progettato per le aziende di piccole e medie dimensioni.","breadcrumb":{"@id":"https:\/\/www.accuratereviews.com\/it\/software-immissione-ordini\/dynamic-inventory-recensione\/#breadcrumb"},"inLanguage":"it-IT","potentialAction":[{"@type":"ReadAction","target":["https:\/\/www.accuratereviews.com\/it\/software-immissione-ordini\/dynamic-inventory-recensione\/"]}]},{"@type":"ImageObject","inLanguage":"it-IT","@id":"https:\/\/www.accuratereviews.com\/it\/software-immissione-ordini\/dynamic-inventory-recensione\/#primaryimage","url":"https:\/\/www.accuratereviews.com\/wp-content\/uploads\/2021\/05\/dynamic-inventory.png","contentUrl":"https:\/\/www.accuratereviews.com\/wp-content\/uploads\/2021\/05\/dynamic-inventory.png","width":600,"height":315},{"@type":"BreadcrumbList","@id":"https:\/\/www.accuratereviews.com\/it\/software-immissione-ordini\/dynamic-inventory-recensione\/#breadcrumb","itemListElement":[{"@type":"ListItem","position":1,"name":"Home","item":"https:\/\/www.accuratereviews.com\/it\/"},{"@type":"ListItem","position":2,"name":"Software per immissione di ordini","item":"https:\/\/www.accuratereviews.com\/it\/software-immissione-ordini\/"},{"@type":"ListItem","position":3,"name":"Dynamic Inventory"}]},{"@type":"WebSite","@id":"https:\/\/www.accuratereviews.com\/it\/#website","url":"https:\/\/www.accuratereviews.com\/it\/","name":"Accurate Reviews","description":"","potentialAction":[{"@type":"SearchAction","target":{"@type":"EntryPoint","urlTemplate":"https:\/\/www.accuratereviews.com\/it\/?s={search_term_string}"},"query-input":{"@type":"PropertyValueSpecification","valueRequired":true,"valueName":"search_term_string"}}],"inLanguage":"it-IT"}]}},"_links":{"self":[{"href":"https:\/\/www.accuratereviews.com\/it\/wp-json\/wp\/v2\/pages\/43332","targetHints":{"allow":["GET"]}}],"collection":[{"href":"https:\/\/www.accuratereviews.com\/it\/wp-json\/wp\/v2\/pages"}],"about":[{"href":"https:\/\/www.accuratereviews.com\/it\/wp-json\/wp\/v2\/types\/page"}],"author":[{"embeddable":true,"href":"https:\/\/www.accuratereviews.com\/it\/wp-json\/wp\/v2\/users\/17"}],"replies":[{"embeddable":true,"href":"https:\/\/www.accuratereviews.com\/it\/wp-json\/wp\/v2\/comments?post=43332"}],"version-history":[{"count":4,"href":"https:\/\/www.accuratereviews.com\/it\/wp-json\/wp\/v2\/pages\/43332\/revisions"}],"predecessor-version":[{"id":43417,"href":"https:\/\/www.accuratereviews.com\/it\/wp-json\/wp\/v2\/pages\/43332\/revisions\/43417"}],"up":[{"embeddable":true,"href":"https:\/\/www.accuratereviews.com\/it\/wp-json\/wp\/v2\/pages\/42766"}],"wp:featuredmedia":[{"embeddable":true,"href":"https:\/\/www.accuratereviews.com\/it\/wp-json\/wp\/v2\/media\/43340"}],"wp:attachment":[{"href":"https:\/\/www.accuratereviews.com\/it\/wp-json\/wp\/v2\/media?parent=43332"}],"wp:term":[{"taxonomy":"category","embeddable":true,"href":"https:\/\/www.accuratereviews.com\/it\/wp-json\/wp\/v2\/categories?post=43332"},{"taxonomy":"post_tag","embeddable":true,"href":"https:\/\/www.accuratereviews.com\/it\/wp-json\/wp\/v2\/tags?post=43332"},{"taxonomy":"features","embeddable":true,"href":"https:\/\/www.accuratereviews.com\/it\/wp-json\/wp\/v2\/features?post=43332"}],"curies":[{"name":"wp","href":"https:\/\/api.w.org\/{rel}","templated":true}]}}