{"id":43369,"date":"2021-05-27T11:01:42","date_gmt":"2021-05-27T11:01:42","guid":{"rendered":"https:\/\/www.accuratereviews.com\/?page_id=43369"},"modified":"2021-05-27T11:01:42","modified_gmt":"2021-05-27T11:01:42","slug":"saleswarp-recensione","status":"publish","type":"page","link":"https:\/\/www.accuratereviews.com\/it\/software-immissione-ordini\/saleswarp-recensione\/","title":{"rendered":"SalesWarp"},"content":{"rendered":"<p><strong>SalesWarp<\/strong> \u00e8 una <strong>soluzione di gestione multicanale<\/strong> e omnicanale basata su <strong>cloud<\/strong> per rivenditori e brand. La soluzione fornisce varie funzionalit\u00e0 tra cui gestione dell&#8217;inventario, gli ordini, gestione dei prodotti, pubblicazione, l&#8217;amministrazione del magazzino, il rapporto con i fornitori e i clienti, le spedizioni e la gestione dei processi. Il programma automatizza gli aggiornamenti dell&#8217;inventario in tempo reale e sincronizza i canali di vendita e le sedi di evasione. Il sistema di gestione degli ordini di <strong>SalesWarp<\/strong> consolida i dati per fornire una visualizzazione unica di tutti gli ordini, utile per tracciare e identificare qualsiasi tipo di ordine. Il software gestisce tutte le informazioni sui prodotti in un unico sistema, garantendo la coerenza in tutta l&#8217;organizzazione. Pu\u00f2 essere integrato con qualsiasi piattaforma di ecommerce, marketplace, canale di vendita B2B o sistema POS.<\/p>\n<h2>SALESWARP &#8211; TUTORIAL<\/h2>\n<p>Guarda questo video per aver una breve panoramica di questo software per immissione di ordini:<\/p>\n<div id=\"fluid-wrapper-counter-1\" class=\"g1-fluid-wrapper \" style=\"width:686px;\">\n<div style=\"padding-bottom:56.268221574344%;\"><iframe loading=\"lazy\" title=\"Supercharge Your Retail Business With SalesWarp\" width=\"686\" height=\"386\" src=\"https:\/\/www.youtube.com\/embed\/VQdT2PEq52g?feature=oembed&amp;wmode=transparent&amp;autohide=1&amp;autoplay=0&amp;disablekb=0&amp;fs=1&amp;loop=0&amp;enablejsapi=1&amp;rel=0&amp;controls=2&amp;showinfo=0&amp;wmode=transparent&amp;autohide=2&amp;autoplay=0&amp;disablekb=0&amp;fs=1&amp;loop=0&amp;enablejsapi=1&amp;rel=0&amp;controls=2&amp;showinfo=1\" frameborder=\"0\" allow=\"accelerometer; autoplay; clipboard-write; encrypted-media; gyroscope; picture-in-picture\" allowfullscreen><\/iframe><\/div>\n<\/div>\n<p>&nbsp;<\/p>\n<h3>SALESWARP &#8211; CARATTERISTICHE<\/h3>\n<ul>\n<li>Consolida gli ordini da tutti i tuoi canali di vendita online, i tuoi siti web e mercati come Amazon ed eBay<\/li>\n<li>Esporta i file degli ordini dalla soluzione in un file CSV per un download facile e veloce<\/li>\n<li>Elaborazione dei pagamenti integrata con Authorize.net, PayPal e CyberSource per effettuare ordini diretti ed elaborare i rimborsi<\/li>\n<li>Ottieni passaggi di ordine standard, tra cui controllo antifrode, annullamento dell&#8217;ordine, resi e cambi<\/li>\n<li>Suddividi gli ordini per evadere articoli da diverse localit\u00e0, tra cui dropship, magazzino, Amazon FBA e in negozio<\/li>\n<li>Instradamento avanzato degli ordini verso pi\u00f9 punti vendita disponibili con evasione in negozio<\/li>\n<li>Invia facilmente ordini ai fornitori di dropshipping e ricevi automaticamente i numeri di tracciabilit\u00e0 direttamente all&#8217;interno del software<\/li>\n<li>Order Ship Check: controlli di garanzia della qualit\u00e0 prima della fase di spedizione con scansione dei codici a barre integrata<\/li>\n<li>Modelli personalizzati per biglietti di ritiro e documenti di trasporto<\/li>\n<li>Integrazione diretta con i tuoi account di spedizione o collega senza problemi il tuo software di spedizione di terze parti come ShipWorks, ShipStation o Pitney Bowes \/ Enroute<\/li>\n<li>Email automatiche inviate ai tuoi clienti al momento dell&#8217;invio dell&#8217;ordine, quando gli ordini vengono spediti e quando sono pronti per essere ritirati in negozio<\/li>\n<li>Il team del servizio clienti pu\u00f2 visualizzare facilmente lo stato degli ordini, la cronologia, lo stato degli ordini di logistica di Amazon e i numeri di tracciabilit\u00e0 della spedizione<\/li>\n<li>Elabora facilmente modifiche agli ordini, annullamenti di ordini, rimborsi, resi e cambi direttamente all&#8217;interno del software.<\/li>\n<\/ul>\n<h4>LE RECENSIONI DEGLI UTENTI<\/h4>\n<p class=\"font-weight-bold mb-1 d-flex align-items-center\"><strong>Tal S.&#8221;Prodotto robusto &#8211; Supporto eccezionale&#8221;<\/strong><\/p>\n<p><strong>Pro: <\/strong>Siamo un grande distributore di monete moderne certificate e uno dei principali broker di metalli preziosi, avevamo bisogno di un migliore sistema di gestione degli ordini per tenere traccia degli ordini e del nostro inventario per stare al passo con le richieste dei clienti. SalesWarp ha implementato il proprio sistema di gestione cloud per l&#8217;ecommerce, permettendoci di semplificare il nostro inventario e gli ordini e molto altro ancora!<br \/>\nOra disponiamo di un sistema che pu\u00f2 gestire facilmente il processo di evasione per i nostri clienti e pu\u00f2 visualizzare l&#8217;inventario e gli aggiornamenti degli ordini in tempo reale. Il sistema di SalesWarp ci ha consentito di automatizzare le operazioni chiave e di concentrarci su altri aspetti della nostra attivit\u00e0. Consigliamo vivamente SalesWarp per le loro soluzioni innovative e il supporto costante dei clienti.<\/p>\n<p><strong>Contro: <\/strong>Il processo di implementazione pu\u00f2 richiedere del tempo, ma in realt\u00e0 \u00e8 perch\u00e9 sono molto accurati e vogliono assicurarsi che ogni aspetto sia completamente pensato.<\/p>\n<p><strong>Jhon D.&#8221;Programma molto flessibile ma leggermente costoso&#8221;<\/strong><\/p>\n<p><strong>Pro: <\/strong>Mi piace il fatto che questo software sia aperto e facile da costruire<\/p>\n<p><strong>Contro: <\/strong>Il costo mensile del software \u00e8 elevato. Ma immagino che te lo puoi permettere una volta che la tua attivit\u00e0 raggiunge un certo livello di crescita.<\/p>\n<p><strong>Will S.&#8221;Ottimo per cataloghi di prodotti di grandi dimensioni&#8221;<\/strong><\/p>\n<p><strong>Pro: <\/strong>Ottimo per cataloghi di prodotti di grandi dimensioni, funziona bene.<\/p>\n<p><strong>Contro: <\/strong>Nessun svantaggio, c&#8217;\u00e8 sempre spazio per miglioramenti in tutto.<\/p>\n<div class=\"ml-4 pl-4 border-left border-left__dotted i18n-translation_vendor_container\" data-translation-id=\"1019343\" data-translation-vendor-target=\"original\">\n<div class=\"d-flex flex-wrap flex-md-nowrap align-items-center\">\n<h4 class=\"h5 font-weight-bold\"><\/h4>\n<\/div>\n<\/div>\n<p>&nbsp;<\/p>\n","protected":false},"excerpt":{"rendered":"<p>SalesWarp \u00e8 una soluzione di gestione multicanale e omnicanale basata su cloud per rivenditori e marchi. La soluzione fornisce varie funzionalit\u00e0 tra cui gestione dell&#8217;inventario, gli ordini, gestione dei prodotti, pubblicazione, l&#8217;amministrazione del magazzino, il rapporto con i fornitori e i clienti, le spedizioni e la gestione dei processi.<\/p>\n","protected":false},"author":16,"featured_media":43373,"parent":42766,"menu_order":0,"comment_status":"open","ping_status":"closed","template":"g1_template_page_review_new.php","meta":{"_acf_changed":false,"cwp_meta_box_check":"Yes","cwp_rev_product_name":"","cwp_rev_product_image":"","wppr_links":[],"cwp_rev_price":"","wppr_options":[],"wppr_pros":[],"wppr_cons":[],"_monsterinsights_skip_tracking":false,"_monsterinsights_sitenote_active":false,"_monsterinsights_sitenote_note":"","_monsterinsights_sitenote_category":0,"footnotes":""},"categories":[5951],"tags":[396,5963,5962,6068,5960,6054],"features":[],"class_list":{"0":"post-43369","1":"page","2":"type-page","3":"status-publish","4":"has-post-thumbnail","6":"category-software-immissione-ordini-categoria","7":"tag-cloud","8":"tag-piattaforma-immissioni-ordini","9":"tag-programma-immissioni-ordini","10":"tag-saleswarp","11":"tag-software-immissioni-ordini","12":"tag-soluzione-immissioni-di-ordini"},"wppr_data":{"cwp_meta_box_check":"Yes","cwp_rev_product_name":"","cwp_rev_product_image":"","cwp_image_link":"image","cwp_rev_price":"","wppr_rating":"0.00"},"acf":[],"yoast_head":"<!-- This site is optimized with the Yoast SEO plugin v27.4 - https:\/\/yoast.com\/product\/yoast-seo-wordpress\/ -->\n<title>SalesWarp: recensione software immissione di ordini - Accurate Reviews<\/title>\n<meta name=\"description\" content=\"SalesWarp: recensione soluzione di gestione multicanale e omnicanale basata su cloud per rivenditori e brand.\" \/>\n<meta name=\"robots\" content=\"index, follow, max-snippet:-1, max-image-preview:large, max-video-preview:-1\" \/>\n<link rel=\"canonical\" href=\"https:\/\/www.accuratereviews.com\/it\/software-immissione-ordini\/saleswarp-recensione\/\" \/>\n<meta property=\"og:locale\" content=\"it_IT\" \/>\n<meta property=\"og:type\" content=\"article\" \/>\n<meta property=\"og:title\" content=\"SalesWarp: recensione software immissione di ordini - Accurate Reviews\" \/>\n<meta property=\"og:description\" content=\"SalesWarp: recensione soluzione di gestione multicanale e omnicanale basata su cloud per rivenditori e brand.\" \/>\n<meta property=\"og:url\" content=\"https:\/\/www.accuratereviews.com\/it\/software-immissione-ordini\/saleswarp-recensione\/\" \/>\n<meta property=\"og:site_name\" content=\"Accurate Reviews\" \/>\n<meta property=\"og:image\" content=\"https:\/\/www.accuratereviews.com\/wp-content\/uploads\/2021\/05\/saleswarp.png\" \/>\n\t<meta property=\"og:image:width\" content=\"674\" \/>\n\t<meta property=\"og:image:height\" content=\"220\" \/>\n\t<meta property=\"og:image:type\" content=\"image\/png\" \/>\n<meta name=\"twitter:card\" content=\"summary_large_image\" \/>\n<meta name=\"twitter:label1\" content=\"Tempo di lettura stimato\" \/>\n\t<meta name=\"twitter:data1\" content=\"3 minuti\" \/>\n<script type=\"application\/ld+json\" class=\"yoast-schema-graph\">{\"@context\":\"https:\\\/\\\/schema.org\",\"@graph\":[{\"@type\":\"WebPage\",\"@id\":\"https:\\\/\\\/www.accuratereviews.com\\\/it\\\/software-immissione-ordini\\\/saleswarp-recensione\\\/\",\"url\":\"https:\\\/\\\/www.accuratereviews.com\\\/it\\\/software-immissione-ordini\\\/saleswarp-recensione\\\/\",\"name\":\"SalesWarp: recensione software immissione di ordini - Accurate Reviews\",\"isPartOf\":{\"@id\":\"https:\\\/\\\/www.accuratereviews.com\\\/it\\\/#website\"},\"primaryImageOfPage\":{\"@id\":\"https:\\\/\\\/www.accuratereviews.com\\\/it\\\/software-immissione-ordini\\\/saleswarp-recensione\\\/#primaryimage\"},\"image\":{\"@id\":\"https:\\\/\\\/www.accuratereviews.com\\\/it\\\/software-immissione-ordini\\\/saleswarp-recensione\\\/#primaryimage\"},\"thumbnailUrl\":\"https:\\\/\\\/www.accuratereviews.com\\\/wp-content\\\/uploads\\\/2021\\\/05\\\/saleswarp.png\",\"datePublished\":\"2021-05-27T11:01:42+00:00\",\"description\":\"SalesWarp: recensione soluzione di gestione multicanale e omnicanale basata su cloud per rivenditori e brand.\",\"breadcrumb\":{\"@id\":\"https:\\\/\\\/www.accuratereviews.com\\\/it\\\/software-immissione-ordini\\\/saleswarp-recensione\\\/#breadcrumb\"},\"inLanguage\":\"it-IT\",\"potentialAction\":[{\"@type\":\"ReadAction\",\"target\":[\"https:\\\/\\\/www.accuratereviews.com\\\/it\\\/software-immissione-ordini\\\/saleswarp-recensione\\\/\"]}]},{\"@type\":\"ImageObject\",\"inLanguage\":\"it-IT\",\"@id\":\"https:\\\/\\\/www.accuratereviews.com\\\/it\\\/software-immissione-ordini\\\/saleswarp-recensione\\\/#primaryimage\",\"url\":\"https:\\\/\\\/www.accuratereviews.com\\\/wp-content\\\/uploads\\\/2021\\\/05\\\/saleswarp.png\",\"contentUrl\":\"https:\\\/\\\/www.accuratereviews.com\\\/wp-content\\\/uploads\\\/2021\\\/05\\\/saleswarp.png\",\"width\":674,\"height\":220},{\"@type\":\"BreadcrumbList\",\"@id\":\"https:\\\/\\\/www.accuratereviews.com\\\/it\\\/software-immissione-ordini\\\/saleswarp-recensione\\\/#breadcrumb\",\"itemListElement\":[{\"@type\":\"ListItem\",\"position\":1,\"name\":\"Home\",\"item\":\"https:\\\/\\\/www.accuratereviews.com\\\/it\\\/\"},{\"@type\":\"ListItem\",\"position\":2,\"name\":\"Software per immissione di ordini\",\"item\":\"https:\\\/\\\/www.accuratereviews.com\\\/it\\\/software-immissione-ordini\\\/\"},{\"@type\":\"ListItem\",\"position\":3,\"name\":\"SalesWarp\"}]},{\"@type\":\"WebSite\",\"@id\":\"https:\\\/\\\/www.accuratereviews.com\\\/it\\\/#website\",\"url\":\"https:\\\/\\\/www.accuratereviews.com\\\/it\\\/\",\"name\":\"Accurate Reviews\",\"description\":\"\",\"potentialAction\":[{\"@type\":\"SearchAction\",\"target\":{\"@type\":\"EntryPoint\",\"urlTemplate\":\"https:\\\/\\\/www.accuratereviews.com\\\/it\\\/?s={search_term_string}\"},\"query-input\":{\"@type\":\"PropertyValueSpecification\",\"valueRequired\":true,\"valueName\":\"search_term_string\"}}],\"inLanguage\":\"it-IT\"}]}<\/script>\n<!-- \/ Yoast SEO plugin. -->","yoast_head_json":{"title":"SalesWarp: recensione software immissione di ordini - Accurate Reviews","description":"SalesWarp: recensione soluzione di gestione multicanale e omnicanale basata su cloud per rivenditori e brand.","robots":{"index":"index","follow":"follow","max-snippet":"max-snippet:-1","max-image-preview":"max-image-preview:large","max-video-preview":"max-video-preview:-1"},"canonical":"https:\/\/www.accuratereviews.com\/it\/software-immissione-ordini\/saleswarp-recensione\/","og_locale":"it_IT","og_type":"article","og_title":"SalesWarp: recensione software immissione di ordini - Accurate Reviews","og_description":"SalesWarp: recensione soluzione di gestione multicanale e omnicanale basata su cloud per rivenditori e brand.","og_url":"https:\/\/www.accuratereviews.com\/it\/software-immissione-ordini\/saleswarp-recensione\/","og_site_name":"Accurate Reviews","og_image":[{"width":674,"height":220,"url":"https:\/\/www.accuratereviews.com\/wp-content\/uploads\/2021\/05\/saleswarp.png","type":"image\/png"}],"twitter_card":"summary_large_image","twitter_misc":{"Tempo di lettura stimato":"3 minuti"},"schema":{"@context":"https:\/\/schema.org","@graph":[{"@type":"WebPage","@id":"https:\/\/www.accuratereviews.com\/it\/software-immissione-ordini\/saleswarp-recensione\/","url":"https:\/\/www.accuratereviews.com\/it\/software-immissione-ordini\/saleswarp-recensione\/","name":"SalesWarp: recensione software immissione di ordini - Accurate Reviews","isPartOf":{"@id":"https:\/\/www.accuratereviews.com\/it\/#website"},"primaryImageOfPage":{"@id":"https:\/\/www.accuratereviews.com\/it\/software-immissione-ordini\/saleswarp-recensione\/#primaryimage"},"image":{"@id":"https:\/\/www.accuratereviews.com\/it\/software-immissione-ordini\/saleswarp-recensione\/#primaryimage"},"thumbnailUrl":"https:\/\/www.accuratereviews.com\/wp-content\/uploads\/2021\/05\/saleswarp.png","datePublished":"2021-05-27T11:01:42+00:00","description":"SalesWarp: recensione soluzione di gestione multicanale e omnicanale basata su cloud per rivenditori e brand.","breadcrumb":{"@id":"https:\/\/www.accuratereviews.com\/it\/software-immissione-ordini\/saleswarp-recensione\/#breadcrumb"},"inLanguage":"it-IT","potentialAction":[{"@type":"ReadAction","target":["https:\/\/www.accuratereviews.com\/it\/software-immissione-ordini\/saleswarp-recensione\/"]}]},{"@type":"ImageObject","inLanguage":"it-IT","@id":"https:\/\/www.accuratereviews.com\/it\/software-immissione-ordini\/saleswarp-recensione\/#primaryimage","url":"https:\/\/www.accuratereviews.com\/wp-content\/uploads\/2021\/05\/saleswarp.png","contentUrl":"https:\/\/www.accuratereviews.com\/wp-content\/uploads\/2021\/05\/saleswarp.png","width":674,"height":220},{"@type":"BreadcrumbList","@id":"https:\/\/www.accuratereviews.com\/it\/software-immissione-ordini\/saleswarp-recensione\/#breadcrumb","itemListElement":[{"@type":"ListItem","position":1,"name":"Home","item":"https:\/\/www.accuratereviews.com\/it\/"},{"@type":"ListItem","position":2,"name":"Software per immissione di ordini","item":"https:\/\/www.accuratereviews.com\/it\/software-immissione-ordini\/"},{"@type":"ListItem","position":3,"name":"SalesWarp"}]},{"@type":"WebSite","@id":"https:\/\/www.accuratereviews.com\/it\/#website","url":"https:\/\/www.accuratereviews.com\/it\/","name":"Accurate Reviews","description":"","potentialAction":[{"@type":"SearchAction","target":{"@type":"EntryPoint","urlTemplate":"https:\/\/www.accuratereviews.com\/it\/?s={search_term_string}"},"query-input":{"@type":"PropertyValueSpecification","valueRequired":true,"valueName":"search_term_string"}}],"inLanguage":"it-IT"}]}},"_links":{"self":[{"href":"https:\/\/www.accuratereviews.com\/it\/wp-json\/wp\/v2\/pages\/43369","targetHints":{"allow":["GET"]}}],"collection":[{"href":"https:\/\/www.accuratereviews.com\/it\/wp-json\/wp\/v2\/pages"}],"about":[{"href":"https:\/\/www.accuratereviews.com\/it\/wp-json\/wp\/v2\/types\/page"}],"author":[{"embeddable":true,"href":"https:\/\/www.accuratereviews.com\/it\/wp-json\/wp\/v2\/users\/16"}],"replies":[{"embeddable":true,"href":"https:\/\/www.accuratereviews.com\/it\/wp-json\/wp\/v2\/comments?post=43369"}],"version-history":[{"count":9,"href":"https:\/\/www.accuratereviews.com\/it\/wp-json\/wp\/v2\/pages\/43369\/revisions"}],"predecessor-version":[{"id":43415,"href":"https:\/\/www.accuratereviews.com\/it\/wp-json\/wp\/v2\/pages\/43369\/revisions\/43415"}],"up":[{"embeddable":true,"href":"https:\/\/www.accuratereviews.com\/it\/wp-json\/wp\/v2\/pages\/42766"}],"wp:featuredmedia":[{"embeddable":true,"href":"https:\/\/www.accuratereviews.com\/it\/wp-json\/wp\/v2\/media\/43373"}],"wp:attachment":[{"href":"https:\/\/www.accuratereviews.com\/it\/wp-json\/wp\/v2\/media?parent=43369"}],"wp:term":[{"taxonomy":"category","embeddable":true,"href":"https:\/\/www.accuratereviews.com\/it\/wp-json\/wp\/v2\/categories?post=43369"},{"taxonomy":"post_tag","embeddable":true,"href":"https:\/\/www.accuratereviews.com\/it\/wp-json\/wp\/v2\/tags?post=43369"},{"taxonomy":"features","embeddable":true,"href":"https:\/\/www.accuratereviews.com\/it\/wp-json\/wp\/v2\/features?post=43369"}],"curies":[{"name":"wp","href":"https:\/\/api.w.org\/{rel}","templated":true}]}}