{"id":43398,"date":"2021-05-27T11:25:47","date_gmt":"2021-05-27T11:25:47","guid":{"rendered":"https:\/\/www.accuratereviews.com\/?page_id=43398"},"modified":"2021-05-27T11:25:47","modified_gmt":"2021-05-27T11:25:47","slug":"bquadro-recensione","status":"publish","type":"page","link":"https:\/\/www.accuratereviews.com\/it\/software-immissione-ordini\/bquadro-recensione\/","title":{"rendered":"BQUADRO"},"content":{"rendered":"<p><strong>BQUADRO<\/strong> \u00e8 un <strong>software per l&#8217;immissione di ordini<\/strong> sviluppato con l&#8217;obiettivo di supportare le aziende B2B nella gestione aziendale. Si tratta di una piattaforma che offre strumenti avanzati in grado di ottimizzare e semplificare tutte quelle attivit\u00e0 che normalmente vengono fatte manualmente cos\u00ec da risparmiare molto tempo. Essa integra la <strong>supply chain B2B<\/strong> coinvolgendo clienti, agenti, distributori, importatori, corrieri e fornitori. <strong>BQUADRO<\/strong> \u00e8 la soluzione che migliora ogni processo aziendale:\u00a0dal ciclo attivo alla gestione della rete vendita, dal marketing alla vendita di prodotti complessi, dalla gestione integrata dell\u2019assistenza cliente alla ricambistica. Ottimizza il lavoro delle tue risorse\u00a0nelle attivit\u00e0 di gestione dello <strong>status di avanzamento dell\u2019ordine<\/strong>, dell\u2019integrazione con i corrieri e della gestione degli stock.<\/p>\n<h2>BQUADRO &#8211; VIDEO INTRODUTTIVO<\/h2>\n<p>Ecco una breve presentazione di questo programma:<\/p>\n<div id=\"fluid-wrapper-counter-1\" class=\"g1-fluid-wrapper \" style=\"width:686px;\">\n<div style=\"padding-bottom:56.268221574344%;\"><iframe loading=\"lazy\" title=\"BQuadro\" width=\"686\" height=\"386\" src=\"https:\/\/www.youtube.com\/embed\/ysUEU7M3xGk?feature=oembed&amp;wmode=transparent&amp;autohide=1&amp;autoplay=0&amp;disablekb=0&amp;fs=1&amp;loop=0&amp;enablejsapi=1&amp;rel=0&amp;controls=2&amp;showinfo=0&amp;wmode=transparent&amp;autohide=2&amp;autoplay=0&amp;disablekb=0&amp;fs=1&amp;loop=0&amp;enablejsapi=1&amp;rel=0&amp;controls=2&amp;showinfo=1\" frameborder=\"0\" allow=\"accelerometer; autoplay; clipboard-write; encrypted-media; gyroscope; picture-in-picture\" allowfullscreen><\/iframe><\/div>\n<\/div>\n<h3>BQUADRO &#8211; CARATTERISTICHE<\/h3>\n<ul>\n<li><strong>Gestione degli ordini<\/strong><br \/>\n&#8211; Gestione dello stato di avanzamento dell&#8217;ordine: crea workflow personalizzati per definire gli stati di avanzamento che pi\u00f9 si adattano alla tua azienda<br \/>\n&#8211; Integrazione con il sistema informativo aziendale e relativi dipartimentali<br \/>\n&#8211; Gestioni autorizzative legate all&#8217;ordine<br \/>\n&#8211; Gestione delle scorte a magazzino<\/li>\n<li><strong>Gestione delle spedizioni<\/strong><br \/>\n&#8211; Definisci gli ordini (o le righe d&#8217;ordine) che sono spedibili<br \/>\n&#8211; Definisci, in fase d&#8217;ordine o in fase di spedizione, l&#8217;assegnazione a un corriere<br \/>\n&#8211; Gestisci informazioni specifiche per i diversi corrieri e\/o per le singole spedizioni (ad esempio, spedizioni express 12H &#8211; predefinita) e la possibilit\u00e0 di indicare <em>Economy<\/em> in fase di spedizione<br \/>\n&#8211; Prenotazione automatica in real time o a cut off predefiniti o manuale<\/li>\n<li><strong>Project management<\/strong><br \/>\n&#8211; Time tracking<br \/>\n&#8211; Documenti<br \/>\n&#8211; KPI e indicatori di performance<br \/>\n&#8211; Budget e costi<\/li>\n<\/ul>\n<h4>LE RECENSIONI DEGLI UTENTI<\/h4>\n<p><strong>Francesco M. &#8220;BQuadro flessibile, veloce, efficace&#8221;<\/strong><br \/>\nPRO: gestione dei workflow, flessibilit\u00e0 di configurazione, ampie potenzialit\u00e0 in termini di copertura funzionale<br \/>\nCONTRO: alcune vecchie release non coprivano la totalit\u00e0 delle funzionalit\u00e0 richieste; inconveniente risolto<\/p>\n<p><strong>Giulio V. &#8220;BQuadro: il tuo partner nella digital transformation&#8221;<\/strong><br \/>\nPRO: BQuadro permette la digitalizzazione dei processi aziendali semplificando la gestione dei workflow tramite un&#8217;innovativa interfaccia user friendly<br \/>\nCONTRO: nulla da segnalare in particolare.<\/p>\n<p><strong>Paolo F. &#8220;BQUADRO \u00e8 la piattaforma B2B per gestire ordini e documenti all&#8217;interno di una soluzione custom&#8221;<\/strong><br \/>\nPRO: il prodotto si \u00e8 rivelato vantaggioso per la capacit\u00e0 di inserirsi all&#8217;interno delle logiche e dei processi aziendali preesistenti.<br \/>\nCONTRO: il software \u00e8 estremamente versatile e questo offre vaste potenzialit\u00e0; dall&#8217;altro lato \u00e8 necessario avere competenze di tipo analitico\/strategico per poter sviluppare soluzioni utili agli obiettivi di business.<\/p>\n","protected":false},"excerpt":{"rendered":"<p>BQUADRO \u00e8 un software per l&#8217;immissione di ordini sviluppato con l&#8217;obiettivo di supportare le aziende B2B nella gestione aziendale. Si tratta di una piattaforma che offre strumenti avanzati in grado di ottimizzare e semplificare tutte quelle attivit\u00e0 che normalmente vengono fatte manualmente cos\u00ec da risparmiare molto tempo.<\/p>\n","protected":false},"author":17,"featured_media":43403,"parent":42766,"menu_order":0,"comment_status":"open","ping_status":"closed","template":"g1_template_page_review_new.php","meta":{"_acf_changed":false,"cwp_meta_box_check":"No","cwp_rev_product_name":"","cwp_rev_product_image":"","wppr_links":[],"cwp_rev_price":"","wppr_options":[],"wppr_pros":[],"wppr_cons":[],"_monsterinsights_skip_tracking":false,"_monsterinsights_sitenote_active":false,"_monsterinsights_sitenote_note":"","_monsterinsights_sitenote_category":0,"footnotes":""},"categories":[5951],"tags":[5969,5966,5968,5999,5967],"features":[],"class_list":{"0":"post-43398","1":"page","2":"type-page","3":"status-publish","4":"has-post-thumbnail","6":"category-software-immissione-ordini-categoria","7":"tag-gestione-immissione-ordini","8":"tag-immissione-ordini","9":"tag-programma-immissione-ordini","10":"tag-software-per-immissione-ordini","11":"tag-soluzione-immissione-ordini"},"wppr_data":{"cwp_meta_box_check":"No"},"acf":[],"yoast_head":"<!-- This site is optimized with the Yoast SEO plugin v27.4 - https:\/\/yoast.com\/product\/yoast-seo-wordpress\/ -->\n<title>BQUADRO: recensione software immissione ordini - Accurate Reviews<\/title>\n<meta name=\"description\" content=\"BQUADRO: recensione del software per l&#039;immissione di ordini sviluppato con l&#039;obiettivo di supportare le aziende B2B nella gestione aziendale.\" \/>\n<meta name=\"robots\" content=\"index, follow, max-snippet:-1, max-image-preview:large, max-video-preview:-1\" \/>\n<link rel=\"canonical\" href=\"https:\/\/www.accuratereviews.com\/it\/software-immissione-ordini\/bquadro-recensione\/\" \/>\n<meta property=\"og:locale\" content=\"it_IT\" \/>\n<meta property=\"og:type\" content=\"article\" \/>\n<meta property=\"og:title\" content=\"BQUADRO: recensione software immissione ordini - Accurate Reviews\" \/>\n<meta property=\"og:description\" content=\"BQUADRO: recensione del software per l&#039;immissione di ordini sviluppato con l&#039;obiettivo di supportare le aziende B2B nella gestione aziendale.\" \/>\n<meta property=\"og:url\" content=\"https:\/\/www.accuratereviews.com\/it\/software-immissione-ordini\/bquadro-recensione\/\" \/>\n<meta property=\"og:site_name\" content=\"Accurate Reviews\" \/>\n<meta property=\"og:image\" content=\"https:\/\/www.accuratereviews.com\/wp-content\/uploads\/2021\/05\/logo-big.png\" \/>\n\t<meta property=\"og:image:width\" content=\"433\" \/>\n\t<meta property=\"og:image:height\" content=\"515\" \/>\n\t<meta property=\"og:image:type\" content=\"image\/png\" \/>\n<meta name=\"twitter:card\" content=\"summary_large_image\" \/>\n<meta name=\"twitter:label1\" content=\"Tempo di lettura stimato\" \/>\n\t<meta name=\"twitter:data1\" content=\"2 minuti\" \/>\n<script type=\"application\/ld+json\" class=\"yoast-schema-graph\">{\"@context\":\"https:\\\/\\\/schema.org\",\"@graph\":[{\"@type\":\"WebPage\",\"@id\":\"https:\\\/\\\/www.accuratereviews.com\\\/it\\\/software-immissione-ordini\\\/bquadro-recensione\\\/\",\"url\":\"https:\\\/\\\/www.accuratereviews.com\\\/it\\\/software-immissione-ordini\\\/bquadro-recensione\\\/\",\"name\":\"BQUADRO: recensione software immissione ordini - Accurate Reviews\",\"isPartOf\":{\"@id\":\"https:\\\/\\\/www.accuratereviews.com\\\/it\\\/#website\"},\"primaryImageOfPage\":{\"@id\":\"https:\\\/\\\/www.accuratereviews.com\\\/it\\\/software-immissione-ordini\\\/bquadro-recensione\\\/#primaryimage\"},\"image\":{\"@id\":\"https:\\\/\\\/www.accuratereviews.com\\\/it\\\/software-immissione-ordini\\\/bquadro-recensione\\\/#primaryimage\"},\"thumbnailUrl\":\"https:\\\/\\\/www.accuratereviews.com\\\/wp-content\\\/uploads\\\/2021\\\/05\\\/logo-big.png\",\"datePublished\":\"2021-05-27T11:25:47+00:00\",\"description\":\"BQUADRO: recensione del software per l'immissione di ordini sviluppato con l'obiettivo di supportare le aziende B2B nella gestione aziendale.\",\"breadcrumb\":{\"@id\":\"https:\\\/\\\/www.accuratereviews.com\\\/it\\\/software-immissione-ordini\\\/bquadro-recensione\\\/#breadcrumb\"},\"inLanguage\":\"it-IT\",\"potentialAction\":[{\"@type\":\"ReadAction\",\"target\":[\"https:\\\/\\\/www.accuratereviews.com\\\/it\\\/software-immissione-ordini\\\/bquadro-recensione\\\/\"]}]},{\"@type\":\"ImageObject\",\"inLanguage\":\"it-IT\",\"@id\":\"https:\\\/\\\/www.accuratereviews.com\\\/it\\\/software-immissione-ordini\\\/bquadro-recensione\\\/#primaryimage\",\"url\":\"https:\\\/\\\/www.accuratereviews.com\\\/wp-content\\\/uploads\\\/2021\\\/05\\\/logo-big.png\",\"contentUrl\":\"https:\\\/\\\/www.accuratereviews.com\\\/wp-content\\\/uploads\\\/2021\\\/05\\\/logo-big.png\",\"width\":433,\"height\":515},{\"@type\":\"BreadcrumbList\",\"@id\":\"https:\\\/\\\/www.accuratereviews.com\\\/it\\\/software-immissione-ordini\\\/bquadro-recensione\\\/#breadcrumb\",\"itemListElement\":[{\"@type\":\"ListItem\",\"position\":1,\"name\":\"Home\",\"item\":\"https:\\\/\\\/www.accuratereviews.com\\\/it\\\/\"},{\"@type\":\"ListItem\",\"position\":2,\"name\":\"Software per immissione di ordini\",\"item\":\"https:\\\/\\\/www.accuratereviews.com\\\/it\\\/software-immissione-ordini\\\/\"},{\"@type\":\"ListItem\",\"position\":3,\"name\":\"BQUADRO\"}]},{\"@type\":\"WebSite\",\"@id\":\"https:\\\/\\\/www.accuratereviews.com\\\/it\\\/#website\",\"url\":\"https:\\\/\\\/www.accuratereviews.com\\\/it\\\/\",\"name\":\"Accurate Reviews\",\"description\":\"\",\"potentialAction\":[{\"@type\":\"SearchAction\",\"target\":{\"@type\":\"EntryPoint\",\"urlTemplate\":\"https:\\\/\\\/www.accuratereviews.com\\\/it\\\/?s={search_term_string}\"},\"query-input\":{\"@type\":\"PropertyValueSpecification\",\"valueRequired\":true,\"valueName\":\"search_term_string\"}}],\"inLanguage\":\"it-IT\"}]}<\/script>\n<!-- \/ Yoast SEO plugin. -->","yoast_head_json":{"title":"BQUADRO: recensione software immissione ordini - Accurate Reviews","description":"BQUADRO: recensione del software per l'immissione di ordini sviluppato con l'obiettivo di supportare le aziende B2B nella gestione aziendale.","robots":{"index":"index","follow":"follow","max-snippet":"max-snippet:-1","max-image-preview":"max-image-preview:large","max-video-preview":"max-video-preview:-1"},"canonical":"https:\/\/www.accuratereviews.com\/it\/software-immissione-ordini\/bquadro-recensione\/","og_locale":"it_IT","og_type":"article","og_title":"BQUADRO: recensione software immissione ordini - Accurate Reviews","og_description":"BQUADRO: recensione del software per l'immissione di ordini sviluppato con l'obiettivo di supportare le aziende B2B nella gestione aziendale.","og_url":"https:\/\/www.accuratereviews.com\/it\/software-immissione-ordini\/bquadro-recensione\/","og_site_name":"Accurate Reviews","og_image":[{"width":433,"height":515,"url":"https:\/\/www.accuratereviews.com\/wp-content\/uploads\/2021\/05\/logo-big.png","type":"image\/png"}],"twitter_card":"summary_large_image","twitter_misc":{"Tempo di lettura stimato":"2 minuti"},"schema":{"@context":"https:\/\/schema.org","@graph":[{"@type":"WebPage","@id":"https:\/\/www.accuratereviews.com\/it\/software-immissione-ordini\/bquadro-recensione\/","url":"https:\/\/www.accuratereviews.com\/it\/software-immissione-ordini\/bquadro-recensione\/","name":"BQUADRO: recensione software immissione ordini - Accurate Reviews","isPartOf":{"@id":"https:\/\/www.accuratereviews.com\/it\/#website"},"primaryImageOfPage":{"@id":"https:\/\/www.accuratereviews.com\/it\/software-immissione-ordini\/bquadro-recensione\/#primaryimage"},"image":{"@id":"https:\/\/www.accuratereviews.com\/it\/software-immissione-ordini\/bquadro-recensione\/#primaryimage"},"thumbnailUrl":"https:\/\/www.accuratereviews.com\/wp-content\/uploads\/2021\/05\/logo-big.png","datePublished":"2021-05-27T11:25:47+00:00","description":"BQUADRO: recensione del software per l'immissione di ordini sviluppato con l'obiettivo di supportare le aziende B2B nella gestione aziendale.","breadcrumb":{"@id":"https:\/\/www.accuratereviews.com\/it\/software-immissione-ordini\/bquadro-recensione\/#breadcrumb"},"inLanguage":"it-IT","potentialAction":[{"@type":"ReadAction","target":["https:\/\/www.accuratereviews.com\/it\/software-immissione-ordini\/bquadro-recensione\/"]}]},{"@type":"ImageObject","inLanguage":"it-IT","@id":"https:\/\/www.accuratereviews.com\/it\/software-immissione-ordini\/bquadro-recensione\/#primaryimage","url":"https:\/\/www.accuratereviews.com\/wp-content\/uploads\/2021\/05\/logo-big.png","contentUrl":"https:\/\/www.accuratereviews.com\/wp-content\/uploads\/2021\/05\/logo-big.png","width":433,"height":515},{"@type":"BreadcrumbList","@id":"https:\/\/www.accuratereviews.com\/it\/software-immissione-ordini\/bquadro-recensione\/#breadcrumb","itemListElement":[{"@type":"ListItem","position":1,"name":"Home","item":"https:\/\/www.accuratereviews.com\/it\/"},{"@type":"ListItem","position":2,"name":"Software per immissione di ordini","item":"https:\/\/www.accuratereviews.com\/it\/software-immissione-ordini\/"},{"@type":"ListItem","position":3,"name":"BQUADRO"}]},{"@type":"WebSite","@id":"https:\/\/www.accuratereviews.com\/it\/#website","url":"https:\/\/www.accuratereviews.com\/it\/","name":"Accurate Reviews","description":"","potentialAction":[{"@type":"SearchAction","target":{"@type":"EntryPoint","urlTemplate":"https:\/\/www.accuratereviews.com\/it\/?s={search_term_string}"},"query-input":{"@type":"PropertyValueSpecification","valueRequired":true,"valueName":"search_term_string"}}],"inLanguage":"it-IT"}]}},"_links":{"self":[{"href":"https:\/\/www.accuratereviews.com\/it\/wp-json\/wp\/v2\/pages\/43398","targetHints":{"allow":["GET"]}}],"collection":[{"href":"https:\/\/www.accuratereviews.com\/it\/wp-json\/wp\/v2\/pages"}],"about":[{"href":"https:\/\/www.accuratereviews.com\/it\/wp-json\/wp\/v2\/types\/page"}],"author":[{"embeddable":true,"href":"https:\/\/www.accuratereviews.com\/it\/wp-json\/wp\/v2\/users\/17"}],"replies":[{"embeddable":true,"href":"https:\/\/www.accuratereviews.com\/it\/wp-json\/wp\/v2\/comments?post=43398"}],"version-history":[{"count":3,"href":"https:\/\/www.accuratereviews.com\/it\/wp-json\/wp\/v2\/pages\/43398\/revisions"}],"predecessor-version":[{"id":43420,"href":"https:\/\/www.accuratereviews.com\/it\/wp-json\/wp\/v2\/pages\/43398\/revisions\/43420"}],"up":[{"embeddable":true,"href":"https:\/\/www.accuratereviews.com\/it\/wp-json\/wp\/v2\/pages\/42766"}],"wp:featuredmedia":[{"embeddable":true,"href":"https:\/\/www.accuratereviews.com\/it\/wp-json\/wp\/v2\/media\/43403"}],"wp:attachment":[{"href":"https:\/\/www.accuratereviews.com\/it\/wp-json\/wp\/v2\/media?parent=43398"}],"wp:term":[{"taxonomy":"category","embeddable":true,"href":"https:\/\/www.accuratereviews.com\/it\/wp-json\/wp\/v2\/categories?post=43398"},{"taxonomy":"post_tag","embeddable":true,"href":"https:\/\/www.accuratereviews.com\/it\/wp-json\/wp\/v2\/tags?post=43398"},{"taxonomy":"features","embeddable":true,"href":"https:\/\/www.accuratereviews.com\/it\/wp-json\/wp\/v2\/features?post=43398"}],"curies":[{"name":"wp","href":"https:\/\/api.w.org\/{rel}","templated":true}]}}