{"id":43457,"date":"2021-05-28T09:43:52","date_gmt":"2021-05-28T09:43:52","guid":{"rendered":"https:\/\/www.accuratereviews.com\/?page_id=43457"},"modified":"2021-05-28T09:43:52","modified_gmt":"2021-05-28T09:43:52","slug":"perenso-recensione","status":"publish","type":"page","link":"https:\/\/www.accuratereviews.com\/it\/software-immissione-ordini\/perenso-recensione\/","title":{"rendered":"Perenso"},"content":{"rendered":"<p><strong>Perenso<\/strong>\u00a0 \u00e8 un <strong>software di esecuzione delle vendite<\/strong> progettato per aiutare grossisti, distributori e produttori ad automatizzare le operazioni di vendita e analizzare i dati dei clienti. L&#8217;applicazione consente alle organizzazioni di pianificare visite sul campo, identificare opportunit\u00e0 di vendita, fornire sconti e offerte ai clienti e definire obiettivi di chiamata per i dipendenti. Il software consente ai manager di monitorare le prestazioni dei rappresentanti di vendita, configurare i flussi di lavoro, generare report personalizzati e tenere traccia degli indicatori chiave di prestazione (KPI) in tempo reale. Fornisce una variet\u00e0 di altre funzionalit\u00e0 tra cui gestione dei contenuti, monitoraggio delle chiamate, gestione delle attivit\u00e0, importazione ed esportazione dei dati, analisi e altro ancora. Consente ai team di vendita di acquisire e archiviare i dati dei clienti in un repository centralizzato, impostare gli obiettivi di chiamata dei rappresentanti e visualizzare la cronologia degli ordini dei clienti.<\/p>\n<h2>PERENSO &#8211; TUTORIAL<\/h2>\n<p>Ecco come istallare questo <strong>software per immissioni di ordini<\/strong>:<\/p>\n<div id=\"fluid-wrapper-counter-1\" class=\"g1-fluid-wrapper \" style=\"width:686px;\">\n<div style=\"padding-bottom:56.268221574344%;\"><iframe loading=\"lazy\" title=\"1  Download the Free Trial from the app store - Perenso V9\" width=\"515\" height=\"386\" src=\"https:\/\/www.youtube.com\/embed\/1EOPas2kHbw?list=PLsgVj13Iev4_vOOhdLFOa9vx8_lJKkeVp\" frameborder=\"0\" allow=\"accelerometer; autoplay; clipboard-write; encrypted-media; gyroscope; picture-in-picture\" allowfullscreen><\/iframe><\/div>\n<\/div>\n<h3>PERENSO &#8211; CARATTERISTICHE<\/h3>\n<ul>\n<li>Capacit\u00e0 di esportazione e importazione di dati in blocco<\/li>\n<li>Caricamento in blocco di contenuti e funzionalit\u00e0 di corrispondenza automatica<\/li>\n<li>Interfaccia utente intuitiva per la ricerca di contenuti<\/li>\n<li>Gestione delle chiamate<\/li>\n<li>Crea pi\u00f9 chiamate contemporaneamente in agenda<\/li>\n<li>Ripeti chiamate pianificate in blocco<\/li>\n<li>Definisci le regole per le visite dei clienti<\/li>\n<li>Visualizza i conti pianificati o scaduti<\/li>\n<li>Report sulla copertura in-app<\/li>\n<li>Crea visite multi-cliente regolari con zone di viaggio<\/li>\n<li>Pianifica visite geograficamente logiche con zone di viaggio<\/li>\n<li>Assegna obiettivi a un&#8217;altra persona<\/li>\n<li>Completa pi\u00f9 attivit\u00e0 in negozio in un&#8217;unica schermata<\/li>\n<li>Guarda le cose quando ne hai bisogno con il flusso di lavoro del controllo del negozio<\/li>\n<li>Invia ordini suggeriti per i prodotti principali<\/li>\n<li>Visualizza la cronologia degli ordini del cliente<\/li>\n<li>Capacit\u00e0 di incrociare le informazioni sui prodotti tra il distributore e i record dei clienti<\/li>\n<li>Accedi al contenuto del prodotto dall&#8217;interno di un ordine<\/li>\n<li>Inoltra ordini e\/o offerte al supervisore per l&#8217;approvazione<\/li>\n<li>Prendi ordini di lead e converti quando richiesto<\/li>\n<li>Schermata dell&#8217;ordine configurabile per soddisfare i requisiti aziendali<\/li>\n<li>Motore di offerte flessibile che consente pi\u00f9 tipi di offerte di sconto<\/li>\n<li>Capacit\u00e0 di negoziare accordi di default al di fuori<\/li>\n<li>Segnala accordi importanti da portare all&#8217;attenzione dei rappresentanti<\/li>\n<li>Sistema di negoziazione in negozio facile da usare<\/li>\n<li>Inserimento dati standardizzato<\/li>\n<li>50 report standard con visualizzazioni filtrate personalizzate<\/li>\n<li>Controlla la visibilit\u00e0 dei rapporti<\/li>\n<li>Semplice integrazione con applicazioni di analisi di terze parti<\/li>\n<li>Importa dati di terze parti<\/li>\n<li>Visualizzazione complessiva della distribuzione in negozio<\/li>\n<li>Filtri di distribuzione del prodotto principale<\/li>\n<li>Cattura foto e note, consolida e aggrega report sui concorrenti<\/li>\n<li>KPI<\/li>\n<li>Visualizza gli obiettivi target e i progressi in qualsiasi momento nell&#8217;applicazione<\/li>\n<li>Stabilisci obiettivi per un&#8217;ampia gamma di articoli nell&#8217;applicazione<\/li>\n<li>Esporta e importa i valori di destinazione<\/li>\n<\/ul>\n<p><strong>LE RECENSIONI DEGLI UTENTI<\/strong><\/p>\n<p class=\"font-weight-bold mb-1 d-flex align-items-center\"><strong>Adam T.&#8221;Perenso abilita la mobilit\u00e0 del Field Team&#8221;<\/strong><\/p>\n<p><strong>Commenti: <\/strong>Perenso \u00e8 un&#8217;applicazione completa di funzionalit\u00e0 con un ottimo supporto. La nuova app per iPad ha una bella interfaccia utente e un ottimo back-end flessibile. Adoro anche la nuova vista Manager (per visualizzare le voci e gli ordini del diario).<\/p>\n<p class=\"font-weight-bold mb-1 d-flex align-items-center\"><strong>Grant B.&#8221;Facile da usare e da amministrare Perenso&#8221;<\/strong><\/p>\n<p><strong>Commenti: <\/strong>Abbiamo un ampio portafoglio di prodotti con una complessit\u00e0 di termini e accordi commerciali, Perenso consente di controllare, mantenere e amministrare tutto questo in un ambiente lontano dal nostro sistema principale che non fornisce il livello di flessibilit\u00e0 di cui abbiamo bisogno nel nostro business in rapida evoluzione. Abbiamo svolto un lavoro personalizzato nel back-end per adattarsi al nostro modo di fare affari e il team di Perenso \u00e8 stato in grado di fare la maggior parte delle cose in modo tempestivo.<\/p>\n<p class=\"font-weight-bold mb-1 d-flex align-items-center\"><strong>Sujith S.&#8221;Soluzione app Perenso&#8221;<\/strong><\/p>\n<p><strong>Commenti: <\/strong>Utilizziamo Perenso da oltre 3 anni. Durante questo periodo abbiamo visto il prodotto evolversi dalla soluzione standard on premise a un sofisticato sistema basato su cloud che soddisfa i requisiti aziendali complessi. La versione per iPad rilasciata lo scorso anno \u00e8 stato un grande balzo in avanti per Perenso e ci ha notevolmente aiutato a promuovere la produttivit\u00e0 e la mobilit\u00e0 all&#8217;interno del nostro team di vendita sul campo. Non vediamo l&#8217;ora di utilizzare la loro offerta cloud.<\/p>\n<p>&nbsp;<\/p>\n<p>&nbsp;<\/p>\n","protected":false},"excerpt":{"rendered":"<p>Perenso\u00a0 \u00e8 un software di esecuzione delle vendite progettato per aiutare grossisti, distributori e produttori ad automatizzare le operazioni di vendita e analizzare i dati dei clienti. L&#8217;applicazione consente alle organizzazioni di pianificare visite sul campo, identificare opportunit\u00e0 di vendita, fornire sconti e offerte ai clienti e definire obiettivi di chiamata per i dipendenti.<\/p>\n","protected":false},"author":16,"featured_media":43458,"parent":42766,"menu_order":0,"comment_status":"open","ping_status":"closed","template":"g1_template_page_review_new.php","meta":{"_acf_changed":false,"cwp_meta_box_check":"No","cwp_rev_product_name":"","cwp_rev_product_image":"","wppr_links":[],"cwp_rev_price":"","wppr_options":[],"wppr_pros":[],"wppr_cons":[],"_monsterinsights_skip_tracking":false,"_monsterinsights_sitenote_active":false,"_monsterinsights_sitenote_note":"","_monsterinsights_sitenote_category":0,"footnotes":""},"categories":[5951],"tags":[396,6074,6078,6077,6075,6076],"features":[],"class_list":{"0":"post-43457","1":"page","2":"type-page","3":"status-publish","4":"has-post-thumbnail","6":"category-software-immissione-ordini-categoria","7":"tag-cloud","8":"tag-perenso","9":"tag-piattaforma-immissioni-dati","10":"tag-programma-immissioni-dati","11":"tag-software-immissioni-dati","12":"tag-soluzione-immissione-dati"},"wppr_data":{"cwp_meta_box_check":"No"},"acf":[],"yoast_head":"<!-- This site is optimized with the Yoast SEO plugin v27.4 - https:\/\/yoast.com\/product\/yoast-seo-wordpress\/ -->\n<title>Perenso: recensione software immissioni di ordini - Accurate Reviews<\/title>\n<meta name=\"description\" content=\"Perenso: recensione software di esecuzione delle vendite progettato per grossisti, distributori e produttori ad automatizzare le vendite.\" \/>\n<meta name=\"robots\" content=\"index, follow, max-snippet:-1, max-image-preview:large, max-video-preview:-1\" \/>\n<link rel=\"canonical\" href=\"https:\/\/www.accuratereviews.com\/it\/software-immissione-ordini\/perenso-recensione\/\" \/>\n<meta property=\"og:locale\" content=\"it_IT\" \/>\n<meta property=\"og:type\" content=\"article\" \/>\n<meta property=\"og:title\" content=\"Perenso: recensione software immissioni di ordini - Accurate Reviews\" \/>\n<meta property=\"og:description\" content=\"Perenso: recensione software di esecuzione delle vendite progettato per grossisti, distributori e produttori ad automatizzare le vendite.\" \/>\n<meta property=\"og:url\" content=\"https:\/\/www.accuratereviews.com\/it\/software-immissione-ordini\/perenso-recensione\/\" \/>\n<meta property=\"og:site_name\" content=\"Accurate Reviews\" \/>\n<meta property=\"og:image\" content=\"https:\/\/www.accuratereviews.com\/wp-content\/uploads\/2021\/05\/Perenso.png\" \/>\n\t<meta property=\"og:image:width\" content=\"200\" \/>\n\t<meta property=\"og:image:height\" content=\"200\" \/>\n\t<meta property=\"og:image:type\" content=\"image\/png\" \/>\n<meta name=\"twitter:card\" content=\"summary_large_image\" \/>\n<meta name=\"twitter:label1\" content=\"Tempo di lettura stimato\" \/>\n\t<meta name=\"twitter:data1\" content=\"3 minuti\" \/>\n<script type=\"application\/ld+json\" class=\"yoast-schema-graph\">{\"@context\":\"https:\\\/\\\/schema.org\",\"@graph\":[{\"@type\":\"WebPage\",\"@id\":\"https:\\\/\\\/www.accuratereviews.com\\\/it\\\/software-immissione-ordini\\\/perenso-recensione\\\/\",\"url\":\"https:\\\/\\\/www.accuratereviews.com\\\/it\\\/software-immissione-ordini\\\/perenso-recensione\\\/\",\"name\":\"Perenso: recensione software immissioni di ordini - Accurate Reviews\",\"isPartOf\":{\"@id\":\"https:\\\/\\\/www.accuratereviews.com\\\/it\\\/#website\"},\"primaryImageOfPage\":{\"@id\":\"https:\\\/\\\/www.accuratereviews.com\\\/it\\\/software-immissione-ordini\\\/perenso-recensione\\\/#primaryimage\"},\"image\":{\"@id\":\"https:\\\/\\\/www.accuratereviews.com\\\/it\\\/software-immissione-ordini\\\/perenso-recensione\\\/#primaryimage\"},\"thumbnailUrl\":\"https:\\\/\\\/www.accuratereviews.com\\\/wp-content\\\/uploads\\\/2021\\\/05\\\/Perenso.png\",\"datePublished\":\"2021-05-28T09:43:52+00:00\",\"description\":\"Perenso: recensione software di esecuzione delle vendite progettato per grossisti, distributori e produttori ad automatizzare le vendite.\",\"breadcrumb\":{\"@id\":\"https:\\\/\\\/www.accuratereviews.com\\\/it\\\/software-immissione-ordini\\\/perenso-recensione\\\/#breadcrumb\"},\"inLanguage\":\"it-IT\",\"potentialAction\":[{\"@type\":\"ReadAction\",\"target\":[\"https:\\\/\\\/www.accuratereviews.com\\\/it\\\/software-immissione-ordini\\\/perenso-recensione\\\/\"]}]},{\"@type\":\"ImageObject\",\"inLanguage\":\"it-IT\",\"@id\":\"https:\\\/\\\/www.accuratereviews.com\\\/it\\\/software-immissione-ordini\\\/perenso-recensione\\\/#primaryimage\",\"url\":\"https:\\\/\\\/www.accuratereviews.com\\\/wp-content\\\/uploads\\\/2021\\\/05\\\/Perenso.png\",\"contentUrl\":\"https:\\\/\\\/www.accuratereviews.com\\\/wp-content\\\/uploads\\\/2021\\\/05\\\/Perenso.png\",\"width\":200,\"height\":200},{\"@type\":\"BreadcrumbList\",\"@id\":\"https:\\\/\\\/www.accuratereviews.com\\\/it\\\/software-immissione-ordini\\\/perenso-recensione\\\/#breadcrumb\",\"itemListElement\":[{\"@type\":\"ListItem\",\"position\":1,\"name\":\"Home\",\"item\":\"https:\\\/\\\/www.accuratereviews.com\\\/it\\\/\"},{\"@type\":\"ListItem\",\"position\":2,\"name\":\"Software per immissione di ordini\",\"item\":\"https:\\\/\\\/www.accuratereviews.com\\\/it\\\/software-immissione-ordini\\\/\"},{\"@type\":\"ListItem\",\"position\":3,\"name\":\"Perenso\"}]},{\"@type\":\"WebSite\",\"@id\":\"https:\\\/\\\/www.accuratereviews.com\\\/it\\\/#website\",\"url\":\"https:\\\/\\\/www.accuratereviews.com\\\/it\\\/\",\"name\":\"Accurate Reviews\",\"description\":\"\",\"potentialAction\":[{\"@type\":\"SearchAction\",\"target\":{\"@type\":\"EntryPoint\",\"urlTemplate\":\"https:\\\/\\\/www.accuratereviews.com\\\/it\\\/?s={search_term_string}\"},\"query-input\":{\"@type\":\"PropertyValueSpecification\",\"valueRequired\":true,\"valueName\":\"search_term_string\"}}],\"inLanguage\":\"it-IT\"}]}<\/script>\n<!-- \/ Yoast SEO plugin. -->","yoast_head_json":{"title":"Perenso: recensione software immissioni di ordini - Accurate Reviews","description":"Perenso: recensione software di esecuzione delle vendite progettato per grossisti, distributori e produttori ad automatizzare le vendite.","robots":{"index":"index","follow":"follow","max-snippet":"max-snippet:-1","max-image-preview":"max-image-preview:large","max-video-preview":"max-video-preview:-1"},"canonical":"https:\/\/www.accuratereviews.com\/it\/software-immissione-ordini\/perenso-recensione\/","og_locale":"it_IT","og_type":"article","og_title":"Perenso: recensione software immissioni di ordini - Accurate Reviews","og_description":"Perenso: recensione software di esecuzione delle vendite progettato per grossisti, distributori e produttori ad automatizzare le vendite.","og_url":"https:\/\/www.accuratereviews.com\/it\/software-immissione-ordini\/perenso-recensione\/","og_site_name":"Accurate Reviews","og_image":[{"width":200,"height":200,"url":"https:\/\/www.accuratereviews.com\/wp-content\/uploads\/2021\/05\/Perenso.png","type":"image\/png"}],"twitter_card":"summary_large_image","twitter_misc":{"Tempo di lettura stimato":"3 minuti"},"schema":{"@context":"https:\/\/schema.org","@graph":[{"@type":"WebPage","@id":"https:\/\/www.accuratereviews.com\/it\/software-immissione-ordini\/perenso-recensione\/","url":"https:\/\/www.accuratereviews.com\/it\/software-immissione-ordini\/perenso-recensione\/","name":"Perenso: recensione software immissioni di ordini - Accurate Reviews","isPartOf":{"@id":"https:\/\/www.accuratereviews.com\/it\/#website"},"primaryImageOfPage":{"@id":"https:\/\/www.accuratereviews.com\/it\/software-immissione-ordini\/perenso-recensione\/#primaryimage"},"image":{"@id":"https:\/\/www.accuratereviews.com\/it\/software-immissione-ordini\/perenso-recensione\/#primaryimage"},"thumbnailUrl":"https:\/\/www.accuratereviews.com\/wp-content\/uploads\/2021\/05\/Perenso.png","datePublished":"2021-05-28T09:43:52+00:00","description":"Perenso: recensione software di esecuzione delle vendite progettato per grossisti, distributori e produttori ad automatizzare le vendite.","breadcrumb":{"@id":"https:\/\/www.accuratereviews.com\/it\/software-immissione-ordini\/perenso-recensione\/#breadcrumb"},"inLanguage":"it-IT","potentialAction":[{"@type":"ReadAction","target":["https:\/\/www.accuratereviews.com\/it\/software-immissione-ordini\/perenso-recensione\/"]}]},{"@type":"ImageObject","inLanguage":"it-IT","@id":"https:\/\/www.accuratereviews.com\/it\/software-immissione-ordini\/perenso-recensione\/#primaryimage","url":"https:\/\/www.accuratereviews.com\/wp-content\/uploads\/2021\/05\/Perenso.png","contentUrl":"https:\/\/www.accuratereviews.com\/wp-content\/uploads\/2021\/05\/Perenso.png","width":200,"height":200},{"@type":"BreadcrumbList","@id":"https:\/\/www.accuratereviews.com\/it\/software-immissione-ordini\/perenso-recensione\/#breadcrumb","itemListElement":[{"@type":"ListItem","position":1,"name":"Home","item":"https:\/\/www.accuratereviews.com\/it\/"},{"@type":"ListItem","position":2,"name":"Software per immissione di ordini","item":"https:\/\/www.accuratereviews.com\/it\/software-immissione-ordini\/"},{"@type":"ListItem","position":3,"name":"Perenso"}]},{"@type":"WebSite","@id":"https:\/\/www.accuratereviews.com\/it\/#website","url":"https:\/\/www.accuratereviews.com\/it\/","name":"Accurate Reviews","description":"","potentialAction":[{"@type":"SearchAction","target":{"@type":"EntryPoint","urlTemplate":"https:\/\/www.accuratereviews.com\/it\/?s={search_term_string}"},"query-input":{"@type":"PropertyValueSpecification","valueRequired":true,"valueName":"search_term_string"}}],"inLanguage":"it-IT"}]}},"_links":{"self":[{"href":"https:\/\/www.accuratereviews.com\/it\/wp-json\/wp\/v2\/pages\/43457","targetHints":{"allow":["GET"]}}],"collection":[{"href":"https:\/\/www.accuratereviews.com\/it\/wp-json\/wp\/v2\/pages"}],"about":[{"href":"https:\/\/www.accuratereviews.com\/it\/wp-json\/wp\/v2\/types\/page"}],"author":[{"embeddable":true,"href":"https:\/\/www.accuratereviews.com\/it\/wp-json\/wp\/v2\/users\/16"}],"replies":[{"embeddable":true,"href":"https:\/\/www.accuratereviews.com\/it\/wp-json\/wp\/v2\/comments?post=43457"}],"version-history":[{"count":6,"href":"https:\/\/www.accuratereviews.com\/it\/wp-json\/wp\/v2\/pages\/43457\/revisions"}],"predecessor-version":[{"id":43482,"href":"https:\/\/www.accuratereviews.com\/it\/wp-json\/wp\/v2\/pages\/43457\/revisions\/43482"}],"up":[{"embeddable":true,"href":"https:\/\/www.accuratereviews.com\/it\/wp-json\/wp\/v2\/pages\/42766"}],"wp:featuredmedia":[{"embeddable":true,"href":"https:\/\/www.accuratereviews.com\/it\/wp-json\/wp\/v2\/media\/43458"}],"wp:attachment":[{"href":"https:\/\/www.accuratereviews.com\/it\/wp-json\/wp\/v2\/media?parent=43457"}],"wp:term":[{"taxonomy":"category","embeddable":true,"href":"https:\/\/www.accuratereviews.com\/it\/wp-json\/wp\/v2\/categories?post=43457"},{"taxonomy":"post_tag","embeddable":true,"href":"https:\/\/www.accuratereviews.com\/it\/wp-json\/wp\/v2\/tags?post=43457"},{"taxonomy":"features","embeddable":true,"href":"https:\/\/www.accuratereviews.com\/it\/wp-json\/wp\/v2\/features?post=43457"}],"curies":[{"name":"wp","href":"https:\/\/api.w.org\/{rel}","templated":true}]}}