{"id":43464,"date":"2021-05-28T09:48:10","date_gmt":"2021-05-28T09:48:10","guid":{"rendered":"https:\/\/www.accuratereviews.com\/?page_id=43464"},"modified":"2021-05-28T09:48:10","modified_gmt":"2021-05-28T09:48:10","slug":"onsight-recensione","status":"publish","type":"page","link":"https:\/\/www.accuratereviews.com\/it\/software-immissione-ordini\/onsight-recensione\/","title":{"rendered":"Onsight"},"content":{"rendered":"<p><strong>Onsight<\/strong> \u00e8 una suite di app mobili che produttori, grossisti e distributori possono utilizzare per rendere pi\u00f9 produttivo il personale di vendita esterno.\u00a0La soluzione ha un&#8217;app di vendita progettata per <strong>aumentare le vendite<\/strong> in quanto rende gli <strong>ordini molto pi\u00f9 veloci<\/strong>. Gli agenti di vendita hanno la possibilit\u00e0 di utilizzare i loro dispositivi per offrire nuovi prodotti e persino elaborare gli ordini sul campo. Funziona anche senza una connessione internet, rendendolo uno strumento eccezionale. Ci\u00f2 elimina la necessit\u00e0 di materiale cartaceo, aiutando le aziende a risparmiare denaro. L&#8217;app di merchandising <strong>Onsight<\/strong> consente ai merchandiser o ai rappresentanti di vendita esterni di condurre audit al dettaglio e ispezioni sul merchandising con l&#8217;aiuto dei loro dispositivi mobili.<\/p>\n<h2>ONSIGHT &#8211; TUTORIAL<\/h2>\n<p>Guarda come \u00e8 semplice mostrare il propio catalogo di prodotti usando queste <strong>software per le immissioni di ordini:<\/strong><\/p>\n<div id=\"fluid-wrapper-counter-1\" class=\"g1-fluid-wrapper \" style=\"width:686px;\">\n<div style=\"padding-bottom:56.268221574344%;\"><iframe loading=\"lazy\" title=\"Onsight Mobile Sales App - How it Works\" width=\"686\" height=\"386\" src=\"https:\/\/www.youtube.com\/embed\/3SrGfrg2_Z0?feature=oembed&amp;wmode=transparent&amp;autohide=1&amp;autoplay=0&amp;disablekb=0&amp;fs=1&amp;loop=0&amp;enablejsapi=1&amp;rel=0&amp;controls=2&amp;showinfo=0&amp;wmode=transparent&amp;autohide=2&amp;autoplay=0&amp;disablekb=0&amp;fs=1&amp;loop=0&amp;enablejsapi=1&amp;rel=0&amp;controls=2&amp;showinfo=1\" frameborder=\"0\" allow=\"accelerometer; autoplay; clipboard-write; encrypted-media; gyroscope; picture-in-picture\" allowfullscreen><\/iframe><\/div>\n<\/div>\n<h3><strong>ONSIGHT &#8211; CARATTERISTICHE<\/strong><\/h3>\n<ul>\n<li>Sostituisci i cataloghi stampati con un catalogo elettronico<\/li>\n<li>Fornisci ai tuoi clienti i loro dati di accesso<\/li>\n<li>Mostra i tuoi prodotti con immagini ad alta risoluzione<\/li>\n<li>Utilizza qualsiasi dispositivo mobile iPhone, iPad, telefono e tabletAndroid o tablet Windows<\/li>\n<li>Scansione di codici a barre<\/li>\n<li>Aggiornamento automatico delle scorte<\/li>\n<li>Archivia e aggiorna le informazioni sui clienti offline<\/li>\n<li>Assegna i rappresentanti di vendita ai clienti<\/li>\n<li>Esportazione CSV per gli ordini<\/li>\n<\/ul>\n<h4>LE RECENSIONI DEGLI UTENTI<\/h4>\n<p class=\"font-weight-bold mb-1 d-flex align-items-center\"><strong>Roxanne claire V.&#8221;Siamo cos\u00ec soddisfatti del prodotto, si adatta a ci\u00f2 che facciamo e super conveniente.&#8221;<\/strong><\/p>\n<p><strong>Commenti: <\/strong>Catalogo perfetto per molti articoli che cambiano continuamente con aggiornamenti in tempo reale per il tuo team di vendita.<\/p>\n<p><strong>Pro: <\/strong>La caratteristica migliore per il nostro team di vendita &#8220;on the road&#8221; \u00e8 che funziona offline e che puoi sincronizzare quando puoi. Non sono necessari molti dati per la sincronizzazione per eventuali nuovi prodotti in fase di aggiornamento. Il supporto per questo \u00e8 cos\u00ec utile e puntuale che rende cos\u00ec facile risolvere tutto ci\u00f2 che non ho familiarit\u00e0.<\/p>\n<p><strong>Contro: <\/strong>Nel tempo che ho utilizzato il prodotto non ho riscontrato alcun Contro<\/p>\n<p class=\"font-weight-bold mb-1 d-flex align-items-center\"><strong>Richard C.&#8221;\u00c8 stato uno strumento prezioso.&#8221;<\/strong><\/p>\n<p><strong>Commenti: <\/strong>Mi ha risparmiato una notevole quantit\u00e0 di tempo ogni giorno. \u00c8 notevolmente pi\u00f9 facile condividere le informazioni con i clienti. \u00c8 pi\u00f9 facile trovare i prodotti corretti e costruire ordini accurati.<\/p>\n<p><strong>Pro: <\/strong>Facilit\u00e0 d&#8217;uso, affidabile. Ha contribuito a fornire informazioni rapide e accurate ai clienti.<\/p>\n<p><strong>Contro: <\/strong>Finora molto poco, alcuni problemi con l&#8217;app che si riavvia frequentemente e poi quando c&#8217;\u00e8 una copertura cellulare pessima.<\/p>\n<p class=\"font-weight-bold mb-1 d-flex align-items-center\"><strong>Brian W.&#8221;Ottimo prodotto per la nostra attivit\u00e0&#8221;<\/strong><\/p>\n<p><strong>Commenti: <\/strong>Riceviamo gli ordini in un formato che ci piace in modo che sia facile per i nostri depositi di distribuzione poter evadere gli ordini in un lasso di tempo ragionevole<\/p>\n<p><strong>Pro: <\/strong>Questo software rende facile per il nostro rappresentante vedere cosa \u00e8 disponibile nella nostra gamma con una descrizione dettagliata dell&#8217;articolo insieme a immagini e un livello di scorte aggiornato<\/p>\n<p><strong>Contro: <\/strong>L&#8217;ideale sarebbe collegarsi al software di back office che utilizziamo, ma per il prezzo che paghiamo per questo software ma richiederebbe troppo. Altri software che forniscono questo servizio sono molto pi\u00f9 costosi e meno facili da usare.<\/p>\n","protected":false},"excerpt":{"rendered":"<p>Onsight \u00e8 una suite di app mobili che produttori, grossisti e distributori possono utilizzare per rendere pi\u00f9 produttivo il personale di vendita esterno.\u00a0La soluzione ha un&#8217;app di vendita progettata per aumentare le vendite in quanto rende gli ordini molto pi\u00f9 veloci. Gli agenti di vendita hanno la possibilit\u00e0 di utilizzare i loro dispositivi per offrire nuovi prodotti e persino elaborare gli ordini sul campo.<\/p>\n","protected":false},"author":16,"featured_media":43465,"parent":42766,"menu_order":0,"comment_status":"open","ping_status":"closed","template":"g1_template_page_review_new.php","meta":{"_acf_changed":false,"cwp_meta_box_check":"Yes","cwp_rev_product_name":"","cwp_rev_product_image":"","wppr_links":[],"cwp_rev_price":"","wppr_options":[],"wppr_pros":[],"wppr_cons":[],"_monsterinsights_skip_tracking":false,"_monsterinsights_sitenote_active":false,"_monsterinsights_sitenote_note":"","_monsterinsights_sitenote_category":0,"footnotes":""},"categories":[5951],"tags":[6072,6071,6073,6008,6007,6005,6006],"features":[],"class_list":{"0":"post-43464","1":"page","2":"type-page","3":"status-publish","4":"has-post-thumbnail","6":"category-software-immissione-ordini-categoria","7":"tag-app-mobili","8":"tag-applicazioni-mobili","9":"tag-onsight","10":"tag-piattaforma-per-immissioni-ordini","11":"tag-programma-per-immissioni-ordini","12":"tag-software-per-immissioni-ordini","13":"tag-soluzione-per-immissioni-ordini"},"wppr_data":{"cwp_meta_box_check":"Yes","cwp_rev_product_name":"","cwp_rev_product_image":"","cwp_image_link":"image","cwp_rev_price":"","wppr_rating":"0.00"},"acf":[],"yoast_head":"<!-- This site is optimized with the Yoast SEO plugin v27.4 - https:\/\/yoast.com\/product\/yoast-seo-wordpress\/ -->\n<title>Onsight: recensione software immissione di ordini - Accurate Reviews<\/title>\n<meta name=\"description\" content=\"Onsight: recensione suite di app mobili che produttori, grossisti e distributori possono utilizzare per agevolare i propio rappresentanti.\" \/>\n<meta name=\"robots\" content=\"index, follow, max-snippet:-1, max-image-preview:large, max-video-preview:-1\" \/>\n<link rel=\"canonical\" href=\"https:\/\/www.accuratereviews.com\/it\/software-immissione-ordini\/onsight-recensione\/\" \/>\n<meta property=\"og:locale\" content=\"it_IT\" \/>\n<meta property=\"og:type\" content=\"article\" \/>\n<meta property=\"og:title\" content=\"Onsight: recensione software immissione di ordini - Accurate Reviews\" \/>\n<meta property=\"og:description\" content=\"Onsight: recensione suite di app mobili che produttori, grossisti e distributori possono utilizzare per agevolare i propio rappresentanti.\" \/>\n<meta property=\"og:url\" content=\"https:\/\/www.accuratereviews.com\/it\/software-immissione-ordini\/onsight-recensione\/\" \/>\n<meta property=\"og:site_name\" content=\"Accurate Reviews\" \/>\n<meta property=\"og:image\" content=\"https:\/\/www.accuratereviews.com\/wp-content\/uploads\/2021\/05\/1519922008331.png\" \/>\n\t<meta property=\"og:image:width\" content=\"200\" \/>\n\t<meta property=\"og:image:height\" content=\"200\" \/>\n\t<meta property=\"og:image:type\" content=\"image\/png\" \/>\n<meta name=\"twitter:card\" content=\"summary_large_image\" \/>\n<meta name=\"twitter:label1\" content=\"Tempo di lettura stimato\" \/>\n\t<meta name=\"twitter:data1\" content=\"3 minuti\" \/>\n<script type=\"application\/ld+json\" class=\"yoast-schema-graph\">{\"@context\":\"https:\\\/\\\/schema.org\",\"@graph\":[{\"@type\":\"WebPage\",\"@id\":\"https:\\\/\\\/www.accuratereviews.com\\\/it\\\/software-immissione-ordini\\\/onsight-recensione\\\/\",\"url\":\"https:\\\/\\\/www.accuratereviews.com\\\/it\\\/software-immissione-ordini\\\/onsight-recensione\\\/\",\"name\":\"Onsight: recensione software immissione di ordini - Accurate Reviews\",\"isPartOf\":{\"@id\":\"https:\\\/\\\/www.accuratereviews.com\\\/it\\\/#website\"},\"primaryImageOfPage\":{\"@id\":\"https:\\\/\\\/www.accuratereviews.com\\\/it\\\/software-immissione-ordini\\\/onsight-recensione\\\/#primaryimage\"},\"image\":{\"@id\":\"https:\\\/\\\/www.accuratereviews.com\\\/it\\\/software-immissione-ordini\\\/onsight-recensione\\\/#primaryimage\"},\"thumbnailUrl\":\"https:\\\/\\\/www.accuratereviews.com\\\/wp-content\\\/uploads\\\/2021\\\/05\\\/1519922008331.png\",\"datePublished\":\"2021-05-28T09:48:10+00:00\",\"description\":\"Onsight: recensione suite di app mobili che produttori, grossisti e distributori possono utilizzare per agevolare i propio rappresentanti.\",\"breadcrumb\":{\"@id\":\"https:\\\/\\\/www.accuratereviews.com\\\/it\\\/software-immissione-ordini\\\/onsight-recensione\\\/#breadcrumb\"},\"inLanguage\":\"it-IT\",\"potentialAction\":[{\"@type\":\"ReadAction\",\"target\":[\"https:\\\/\\\/www.accuratereviews.com\\\/it\\\/software-immissione-ordini\\\/onsight-recensione\\\/\"]}]},{\"@type\":\"ImageObject\",\"inLanguage\":\"it-IT\",\"@id\":\"https:\\\/\\\/www.accuratereviews.com\\\/it\\\/software-immissione-ordini\\\/onsight-recensione\\\/#primaryimage\",\"url\":\"https:\\\/\\\/www.accuratereviews.com\\\/wp-content\\\/uploads\\\/2021\\\/05\\\/1519922008331.png\",\"contentUrl\":\"https:\\\/\\\/www.accuratereviews.com\\\/wp-content\\\/uploads\\\/2021\\\/05\\\/1519922008331.png\",\"width\":200,\"height\":200},{\"@type\":\"BreadcrumbList\",\"@id\":\"https:\\\/\\\/www.accuratereviews.com\\\/it\\\/software-immissione-ordini\\\/onsight-recensione\\\/#breadcrumb\",\"itemListElement\":[{\"@type\":\"ListItem\",\"position\":1,\"name\":\"Home\",\"item\":\"https:\\\/\\\/www.accuratereviews.com\\\/it\\\/\"},{\"@type\":\"ListItem\",\"position\":2,\"name\":\"Software per immissione di ordini\",\"item\":\"https:\\\/\\\/www.accuratereviews.com\\\/it\\\/software-immissione-ordini\\\/\"},{\"@type\":\"ListItem\",\"position\":3,\"name\":\"Onsight\"}]},{\"@type\":\"WebSite\",\"@id\":\"https:\\\/\\\/www.accuratereviews.com\\\/it\\\/#website\",\"url\":\"https:\\\/\\\/www.accuratereviews.com\\\/it\\\/\",\"name\":\"Accurate Reviews\",\"description\":\"\",\"potentialAction\":[{\"@type\":\"SearchAction\",\"target\":{\"@type\":\"EntryPoint\",\"urlTemplate\":\"https:\\\/\\\/www.accuratereviews.com\\\/it\\\/?s={search_term_string}\"},\"query-input\":{\"@type\":\"PropertyValueSpecification\",\"valueRequired\":true,\"valueName\":\"search_term_string\"}}],\"inLanguage\":\"it-IT\"}]}<\/script>\n<!-- \/ Yoast SEO plugin. -->","yoast_head_json":{"title":"Onsight: recensione software immissione di ordini - Accurate Reviews","description":"Onsight: recensione suite di app mobili che produttori, grossisti e distributori possono utilizzare per agevolare i propio rappresentanti.","robots":{"index":"index","follow":"follow","max-snippet":"max-snippet:-1","max-image-preview":"max-image-preview:large","max-video-preview":"max-video-preview:-1"},"canonical":"https:\/\/www.accuratereviews.com\/it\/software-immissione-ordini\/onsight-recensione\/","og_locale":"it_IT","og_type":"article","og_title":"Onsight: recensione software immissione di ordini - Accurate Reviews","og_description":"Onsight: recensione suite di app mobili che produttori, grossisti e distributori possono utilizzare per agevolare i propio rappresentanti.","og_url":"https:\/\/www.accuratereviews.com\/it\/software-immissione-ordini\/onsight-recensione\/","og_site_name":"Accurate Reviews","og_image":[{"width":200,"height":200,"url":"https:\/\/www.accuratereviews.com\/wp-content\/uploads\/2021\/05\/1519922008331.png","type":"image\/png"}],"twitter_card":"summary_large_image","twitter_misc":{"Tempo di lettura stimato":"3 minuti"},"schema":{"@context":"https:\/\/schema.org","@graph":[{"@type":"WebPage","@id":"https:\/\/www.accuratereviews.com\/it\/software-immissione-ordini\/onsight-recensione\/","url":"https:\/\/www.accuratereviews.com\/it\/software-immissione-ordini\/onsight-recensione\/","name":"Onsight: recensione software immissione di ordini - Accurate Reviews","isPartOf":{"@id":"https:\/\/www.accuratereviews.com\/it\/#website"},"primaryImageOfPage":{"@id":"https:\/\/www.accuratereviews.com\/it\/software-immissione-ordini\/onsight-recensione\/#primaryimage"},"image":{"@id":"https:\/\/www.accuratereviews.com\/it\/software-immissione-ordini\/onsight-recensione\/#primaryimage"},"thumbnailUrl":"https:\/\/www.accuratereviews.com\/wp-content\/uploads\/2021\/05\/1519922008331.png","datePublished":"2021-05-28T09:48:10+00:00","description":"Onsight: recensione suite di app mobili che produttori, grossisti e distributori possono utilizzare per agevolare i propio rappresentanti.","breadcrumb":{"@id":"https:\/\/www.accuratereviews.com\/it\/software-immissione-ordini\/onsight-recensione\/#breadcrumb"},"inLanguage":"it-IT","potentialAction":[{"@type":"ReadAction","target":["https:\/\/www.accuratereviews.com\/it\/software-immissione-ordini\/onsight-recensione\/"]}]},{"@type":"ImageObject","inLanguage":"it-IT","@id":"https:\/\/www.accuratereviews.com\/it\/software-immissione-ordini\/onsight-recensione\/#primaryimage","url":"https:\/\/www.accuratereviews.com\/wp-content\/uploads\/2021\/05\/1519922008331.png","contentUrl":"https:\/\/www.accuratereviews.com\/wp-content\/uploads\/2021\/05\/1519922008331.png","width":200,"height":200},{"@type":"BreadcrumbList","@id":"https:\/\/www.accuratereviews.com\/it\/software-immissione-ordini\/onsight-recensione\/#breadcrumb","itemListElement":[{"@type":"ListItem","position":1,"name":"Home","item":"https:\/\/www.accuratereviews.com\/it\/"},{"@type":"ListItem","position":2,"name":"Software per immissione di ordini","item":"https:\/\/www.accuratereviews.com\/it\/software-immissione-ordini\/"},{"@type":"ListItem","position":3,"name":"Onsight"}]},{"@type":"WebSite","@id":"https:\/\/www.accuratereviews.com\/it\/#website","url":"https:\/\/www.accuratereviews.com\/it\/","name":"Accurate Reviews","description":"","potentialAction":[{"@type":"SearchAction","target":{"@type":"EntryPoint","urlTemplate":"https:\/\/www.accuratereviews.com\/it\/?s={search_term_string}"},"query-input":{"@type":"PropertyValueSpecification","valueRequired":true,"valueName":"search_term_string"}}],"inLanguage":"it-IT"}]}},"_links":{"self":[{"href":"https:\/\/www.accuratereviews.com\/it\/wp-json\/wp\/v2\/pages\/43464","targetHints":{"allow":["GET"]}}],"collection":[{"href":"https:\/\/www.accuratereviews.com\/it\/wp-json\/wp\/v2\/pages"}],"about":[{"href":"https:\/\/www.accuratereviews.com\/it\/wp-json\/wp\/v2\/types\/page"}],"author":[{"embeddable":true,"href":"https:\/\/www.accuratereviews.com\/it\/wp-json\/wp\/v2\/users\/16"}],"replies":[{"embeddable":true,"href":"https:\/\/www.accuratereviews.com\/it\/wp-json\/wp\/v2\/comments?post=43464"}],"version-history":[{"count":10,"href":"https:\/\/www.accuratereviews.com\/it\/wp-json\/wp\/v2\/pages\/43464\/revisions"}],"predecessor-version":[{"id":43484,"href":"https:\/\/www.accuratereviews.com\/it\/wp-json\/wp\/v2\/pages\/43464\/revisions\/43484"}],"up":[{"embeddable":true,"href":"https:\/\/www.accuratereviews.com\/it\/wp-json\/wp\/v2\/pages\/42766"}],"wp:featuredmedia":[{"embeddable":true,"href":"https:\/\/www.accuratereviews.com\/it\/wp-json\/wp\/v2\/media\/43465"}],"wp:attachment":[{"href":"https:\/\/www.accuratereviews.com\/it\/wp-json\/wp\/v2\/media?parent=43464"}],"wp:term":[{"taxonomy":"category","embeddable":true,"href":"https:\/\/www.accuratereviews.com\/it\/wp-json\/wp\/v2\/categories?post=43464"},{"taxonomy":"post_tag","embeddable":true,"href":"https:\/\/www.accuratereviews.com\/it\/wp-json\/wp\/v2\/tags?post=43464"},{"taxonomy":"features","embeddable":true,"href":"https:\/\/www.accuratereviews.com\/it\/wp-json\/wp\/v2\/features?post=43464"}],"curies":[{"name":"wp","href":"https:\/\/api.w.org\/{rel}","templated":true}]}}