{"id":43597,"date":"2021-06-01T10:51:37","date_gmt":"2021-06-01T10:51:37","guid":{"rendered":"https:\/\/www.accuratereviews.com\/?page_id=43597"},"modified":"2021-06-01T10:51:37","modified_gmt":"2021-06-01T10:51:37","slug":"10to8-recensione","status":"publish","type":"page","link":"https:\/\/www.accuratereviews.com\/it\/software-gestione-ospedali\/10to8-recensione\/","title":{"rendered":"10to8"},"content":{"rendered":"<p><strong>10to8<\/strong> \u00e8 una <strong>soluzione di prenotazione<\/strong> basata su <strong>cloud<\/strong> per piccole e grandi aziende in tutti i settori. Fornisce agli utenti un sito web di prenotazione personalizzato in cui i clienti possono programmare appuntamenti, pagare eventi e servizi e accedere alle prenotazioni esistenti. I clienti possono programmare, annullare e riprogrammare gli appuntamenti secondo necessit\u00e0, i quali vengono sincronizzati automaticamente sui calendari degli utenti. <strong>10to8<\/strong> pu\u00f2 integrarsi con Gmail, Outlook, iCal e altro. Gli utenti possono ricevere promemoria tramite email e messaggi di testo e memorizzare note, questionari e altri dati dei clienti. I pulsanti e i moduli di prenotazione possono essere incorporati nei siti web esistenti e gli utenti avranno cos\u00ec accesso a una funzione di chat diretta per parlare con i clienti. Le funzionalit\u00e0 di reporting consente al personale di tenere traccia di appuntamenti confermati, fatture non pagate e altro ancora. Il software fornisce anche supporto multilingue.<\/p>\n<h2>10TO8 &#8211; TUTORIAL<\/h2>\n<p>Scopri come gestire le prenotazioni utilizzando questo software per la gestione ospedaliera:<\/p>\n<div id=\"fluid-wrapper-counter-1\" class=\"g1-fluid-wrapper \" style=\"width:686px;\">\n<div style=\"padding-bottom:56.268221574344%;\"><iframe loading=\"lazy\" title=\"Manage Class Bookings\" width=\"686\" height=\"386\" src=\"https:\/\/www.youtube.com\/embed\/mRXgNoKdd1s?feature=oembed&amp;wmode=transparent&amp;autohide=1&amp;autoplay=0&amp;disablekb=0&amp;fs=1&amp;loop=0&amp;enablejsapi=1&amp;rel=0&amp;controls=2&amp;showinfo=0&amp;wmode=transparent&amp;autohide=2&amp;autoplay=0&amp;disablekb=0&amp;fs=1&amp;loop=0&amp;enablejsapi=1&amp;rel=0&amp;controls=2&amp;showinfo=1\" frameborder=\"0\" allow=\"accelerometer; autoplay; clipboard-write; encrypted-media; gyroscope; picture-in-picture\" allowfullscreen><\/iframe><\/div>\n<\/div>\n<h3>10TO8 &#8211; CARATTERISTICHE<\/h3>\n<ul>\n<li>Consenti ai clienti di prenotare appuntamenti online senza doverti chiamare o inviare un&#8217;email<\/li>\n<li>Elimina problemi di comunicazione e mancata presentazione con promemoria e chat bidirezionale<\/li>\n<li>Riduci l&#8217;amministrazione e trascorri pi\u00f9 tempo con gli utenti<\/li>\n<li>Porta il coinvolgimento dei pazienti a un livello superiore<\/li>\n<li>Invia conferme di colloquio, promemoria e altre informazioni ai candidati di lavoro<\/li>\n<li>Identifica i migliori tempi disponibili per i tuoi responsabili delle assunzioni per condurre i colloqui<\/li>\n<li>Sincronizzazione con Outlook e altri calendari per evitare doppie prenotazioni<\/li>\n<li>Connettiti pi\u00f9 velocemente con potenziali clienti e lead<\/li>\n<li>Ottieni migliori ritorni dal tuo outreach in uscita<\/li>\n<li>Semplifica i tuoi processi con integrazioni come Salesforce e Zoom Video Conferencing<\/li>\n<li>Velocizza il processo di vendita e concludi pi\u00f9 affari<\/li>\n<\/ul>\n<h4>LE RECENSIONI DEGLI UTENTI<\/h4>\n<p class=\"font-weight-bold mb-1 d-flex align-items-center\"><strong>Laura G.&#8221;La scelta migliore per la pianificazione, a mani basse!&#8221;<\/strong><\/p>\n<p><strong>Commenti: <\/strong>Uso 10to8 da quasi 3 anni ormai e rende la pianificazione delle mie sessioni fotografiche un gioco da ragazzi. La funzione di messaggio di testo \u00e8 un grande vantaggio!<\/p>\n<p><strong>Pro: <\/strong>Quello che mi \u00e8 piaciuto di 10to8 \u00e8 che insieme alla pianificazione, hai la possibilit\u00e0 di automatizzare anche i messaggi di testo SMS ai clienti. Si integra anche con piattaforme di posta elettronica come MailChimp, quindi puoi aggiungere quei lead in un flusso di lavoro di posta elettronica. Ci\u00f2 semplifica le offerte di marketing senza essere costantemente al telefono con i lead!<\/p>\n<p><strong>Contro: <\/strong>C&#8217;era un po&#8217; di lavoro da fare all&#8217;inizio per impostare tutto, ma non \u00e8 niente di troppo estremo o che non pu\u00f2 essere realizzato da nessuno solo un po&#8217; esperto di tecnologia!<\/p>\n<p class=\"font-weight-bold mb-1 d-flex align-items-center\"><strong>Pat M.&#8221;Ottimo pianificatore completo&#8221;<\/strong><\/p>\n<p><strong>Commenti: <\/strong>Mi piace molto 10to8. Il prezzo \u00e8 imbattibile e funziona davvero bene. Le persone fissano spesso appuntamenti con noi per motivi diversi. Sono stato anche in grado di separare i motivi in modo da sapere a che ora devo incontrare qualcuno e per quale motivo.<\/p>\n<p><strong>Vantaggi: <\/strong>Mi piace la possibilit\u00e0 di includere calendari per altri membri del mio staff in modo che possano prenotare i loro appuntamenti separatamente. In questo modo, siamo consapevoli di chi sono gli appuntamenti di chi. Questo non accade con il mio pianificatore di appuntamenti attualmente pagato.<\/p>\n<p><strong>Inconvenienti: <\/strong>\u00c8 un po&#8217; difficile da impostare per ottenere le cose nel modo desiderato e questo sar\u00e0 chiaro al 100% per le persone che prendono gli appuntamenti. Ho scoperto alcuni modi per aggirare, ma altri potrebbero non essere cos\u00ec esperti di tecnologia.<\/p>\n<p class=\"font-weight-bold mb-1 d-flex align-items-center\"><strong>Juli M.&#8221;Robusto e facile da usare&#8221;<\/strong><\/p>\n<p><strong>Commenti: <\/strong>Sono un&#8217;azienda molto nuova, praticamente senza budget, quindi questo software \u00e8 stato davvero eccezionale nell&#8217;aiutarmi a stabilire una presenza professionale mentre mi alzo e lavoro. \u00c8 facile da usare e non ho avuto bisogno di particolari abilit\u00e0 per farlo funzionare subito<\/p>\n<p><strong>Pro: <\/strong>Non sono particolarmente bravo con la tecnologia e la configurazione \u00e8 stata un gioco da ragazzi. Sto ancora utilizzando la versione gratuita ed \u00e8 il software di pianificazione pi\u00f9 robusto che ho trovato. Quando la mia attivit\u00e0 cresce, ho intenzione di passare alla versione a pagamento perch\u00e9 mi piacciono le funzionalit\u00e0 e la facilit\u00e0 d&#8217;uso.<\/p>\n<p><strong>Contro: <\/strong>Ovviamente sarebbe fantastico poter marcare e accettare pagamenti con la versione gratuita, ma capisco che non sia pratico. Non ho ancora trovato nulla che considererei negativo.<\/p>\n","protected":false},"excerpt":{"rendered":"<p>10to8 \u00e8 una soluzione di prenotazione basata su cloud per piccole e grandi aziende in tutti i settori. Fornisce agli utenti un sito web di prenotazione personalizzato in cui i clienti possono programmare appuntamenti, pagare eventi e servizi e accedere alle prenotazioni esistenti.\u00a0I clienti possono programmare, annullare e riprogrammare gli appuntamenti secondo necessit\u00e0, i quali vengono sincronizzati automaticamente sui calendari degli utenti e 10to8 pu\u00f2 integrarsi con Gmail, Outlook, iCal e altro.<\/p>\n","protected":false},"author":16,"featured_media":43603,"parent":43555,"menu_order":0,"comment_status":"open","ping_status":"closed","template":"g1_template_page_review_new.php","meta":{"_acf_changed":false,"cwp_meta_box_check":"Yes","cwp_rev_product_name":"","cwp_rev_product_image":"","wppr_links":[],"cwp_rev_price":"","wppr_options":[],"wppr_pros":[],"wppr_cons":[],"_monsterinsights_skip_tracking":false,"_monsterinsights_sitenote_active":false,"_monsterinsights_sitenote_note":"","_monsterinsights_sitenote_category":0,"footnotes":""},"categories":[6100],"tags":[6131,396,6130,6129,6127,6128,6114,6113,6126,6115],"features":[],"class_list":{"0":"post-43597","1":"page","2":"type-page","3":"status-publish","4":"has-post-thumbnail","6":"category-software-gestione-ospedali-cat","7":"tag-10to8","8":"tag-cloud","9":"tag-piattaforma-gestionale-ospedaliera","10":"tag-piattaforma-gestionale-per-ospedali","11":"tag-programma-gestionale-ospedaliera","12":"tag-programma-gestionale-per-ospedali","13":"tag-software-gestione-dellospedale","14":"tag-software-gestione-ospedaliera","15":"tag-soluzione-gestione-dellospedale","16":"tag-soluzione-gestione-ospedaliera"},"wppr_data":{"cwp_meta_box_check":"Yes","cwp_rev_product_name":"","cwp_rev_product_image":"","cwp_image_link":"image","cwp_rev_price":"","wppr_rating":"0.00"},"acf":[],"yoast_head":"<!-- This site is optimized with the Yoast SEO plugin v27.4 - https:\/\/yoast.com\/product\/yoast-seo-wordpress\/ -->\n<title>10to8: recensione software gestione ospedale - Accurate Reviews<\/title>\n<meta name=\"description\" content=\"10to8: recensione soluzione di prenotazione basata su cloud che fornisce agli utenti un sito web di prenotazione personalizzato.\" \/>\n<meta name=\"robots\" content=\"index, follow, max-snippet:-1, max-image-preview:large, max-video-preview:-1\" \/>\n<link rel=\"canonical\" href=\"https:\/\/www.accuratereviews.com\/it\/software-gestione-ospedali\/10to8-recensione\/\" \/>\n<meta property=\"og:locale\" content=\"it_IT\" \/>\n<meta property=\"og:type\" content=\"article\" \/>\n<meta property=\"og:title\" content=\"10to8: recensione software gestione ospedale - Accurate Reviews\" \/>\n<meta property=\"og:description\" content=\"10to8: recensione soluzione di prenotazione basata su cloud che fornisce agli utenti un sito web di prenotazione personalizzato.\" \/>\n<meta property=\"og:url\" content=\"https:\/\/www.accuratereviews.com\/it\/software-gestione-ospedali\/10to8-recensione\/\" \/>\n<meta property=\"og:site_name\" content=\"Accurate Reviews\" \/>\n<meta property=\"og:image\" content=\"https:\/\/www.accuratereviews.com\/wp-content\/uploads\/2021\/06\/10to8.jpg\" \/>\n\t<meta property=\"og:image:width\" content=\"200\" \/>\n\t<meta property=\"og:image:height\" content=\"200\" \/>\n\t<meta property=\"og:image:type\" content=\"image\/jpeg\" \/>\n<meta name=\"twitter:card\" content=\"summary_large_image\" \/>\n<meta name=\"twitter:label1\" content=\"Tempo di lettura stimato\" \/>\n\t<meta name=\"twitter:data1\" content=\"4 minuti\" \/>\n<script type=\"application\/ld+json\" class=\"yoast-schema-graph\">{\"@context\":\"https:\\\/\\\/schema.org\",\"@graph\":[{\"@type\":\"WebPage\",\"@id\":\"https:\\\/\\\/www.accuratereviews.com\\\/it\\\/software-gestione-ospedali\\\/10to8-recensione\\\/\",\"url\":\"https:\\\/\\\/www.accuratereviews.com\\\/it\\\/software-gestione-ospedali\\\/10to8-recensione\\\/\",\"name\":\"10to8: recensione software gestione ospedale - Accurate Reviews\",\"isPartOf\":{\"@id\":\"https:\\\/\\\/www.accuratereviews.com\\\/it\\\/#website\"},\"primaryImageOfPage\":{\"@id\":\"https:\\\/\\\/www.accuratereviews.com\\\/it\\\/software-gestione-ospedali\\\/10to8-recensione\\\/#primaryimage\"},\"image\":{\"@id\":\"https:\\\/\\\/www.accuratereviews.com\\\/it\\\/software-gestione-ospedali\\\/10to8-recensione\\\/#primaryimage\"},\"thumbnailUrl\":\"https:\\\/\\\/www.accuratereviews.com\\\/wp-content\\\/uploads\\\/2021\\\/06\\\/10to8.jpg\",\"datePublished\":\"2021-06-01T10:51:37+00:00\",\"description\":\"10to8: recensione soluzione di prenotazione basata su cloud che fornisce agli utenti un sito web di prenotazione personalizzato.\",\"breadcrumb\":{\"@id\":\"https:\\\/\\\/www.accuratereviews.com\\\/it\\\/software-gestione-ospedali\\\/10to8-recensione\\\/#breadcrumb\"},\"inLanguage\":\"it-IT\",\"potentialAction\":[{\"@type\":\"ReadAction\",\"target\":[\"https:\\\/\\\/www.accuratereviews.com\\\/it\\\/software-gestione-ospedali\\\/10to8-recensione\\\/\"]}]},{\"@type\":\"ImageObject\",\"inLanguage\":\"it-IT\",\"@id\":\"https:\\\/\\\/www.accuratereviews.com\\\/it\\\/software-gestione-ospedali\\\/10to8-recensione\\\/#primaryimage\",\"url\":\"https:\\\/\\\/www.accuratereviews.com\\\/wp-content\\\/uploads\\\/2021\\\/06\\\/10to8.jpg\",\"contentUrl\":\"https:\\\/\\\/www.accuratereviews.com\\\/wp-content\\\/uploads\\\/2021\\\/06\\\/10to8.jpg\",\"width\":200,\"height\":200},{\"@type\":\"BreadcrumbList\",\"@id\":\"https:\\\/\\\/www.accuratereviews.com\\\/it\\\/software-gestione-ospedali\\\/10to8-recensione\\\/#breadcrumb\",\"itemListElement\":[{\"@type\":\"ListItem\",\"position\":1,\"name\":\"Home\",\"item\":\"https:\\\/\\\/www.accuratereviews.com\\\/it\\\/\"},{\"@type\":\"ListItem\",\"position\":2,\"name\":\"Software per la gestione degli ospedali\",\"item\":\"https:\\\/\\\/www.accuratereviews.com\\\/it\\\/software-gestione-ospedali\\\/\"},{\"@type\":\"ListItem\",\"position\":3,\"name\":\"10to8\"}]},{\"@type\":\"WebSite\",\"@id\":\"https:\\\/\\\/www.accuratereviews.com\\\/it\\\/#website\",\"url\":\"https:\\\/\\\/www.accuratereviews.com\\\/it\\\/\",\"name\":\"Accurate Reviews\",\"description\":\"\",\"potentialAction\":[{\"@type\":\"SearchAction\",\"target\":{\"@type\":\"EntryPoint\",\"urlTemplate\":\"https:\\\/\\\/www.accuratereviews.com\\\/it\\\/?s={search_term_string}\"},\"query-input\":{\"@type\":\"PropertyValueSpecification\",\"valueRequired\":true,\"valueName\":\"search_term_string\"}}],\"inLanguage\":\"it-IT\"}]}<\/script>\n<!-- \/ Yoast SEO plugin. -->","yoast_head_json":{"title":"10to8: recensione software gestione ospedale - Accurate Reviews","description":"10to8: recensione soluzione di prenotazione basata su cloud che fornisce agli utenti un sito web di prenotazione personalizzato.","robots":{"index":"index","follow":"follow","max-snippet":"max-snippet:-1","max-image-preview":"max-image-preview:large","max-video-preview":"max-video-preview:-1"},"canonical":"https:\/\/www.accuratereviews.com\/it\/software-gestione-ospedali\/10to8-recensione\/","og_locale":"it_IT","og_type":"article","og_title":"10to8: recensione software gestione ospedale - Accurate Reviews","og_description":"10to8: recensione soluzione di prenotazione basata su cloud che fornisce agli utenti un sito web di prenotazione personalizzato.","og_url":"https:\/\/www.accuratereviews.com\/it\/software-gestione-ospedali\/10to8-recensione\/","og_site_name":"Accurate Reviews","og_image":[{"width":200,"height":200,"url":"https:\/\/www.accuratereviews.com\/wp-content\/uploads\/2021\/06\/10to8.jpg","type":"image\/jpeg"}],"twitter_card":"summary_large_image","twitter_misc":{"Tempo di lettura stimato":"4 minuti"},"schema":{"@context":"https:\/\/schema.org","@graph":[{"@type":"WebPage","@id":"https:\/\/www.accuratereviews.com\/it\/software-gestione-ospedali\/10to8-recensione\/","url":"https:\/\/www.accuratereviews.com\/it\/software-gestione-ospedali\/10to8-recensione\/","name":"10to8: recensione software gestione ospedale - Accurate Reviews","isPartOf":{"@id":"https:\/\/www.accuratereviews.com\/it\/#website"},"primaryImageOfPage":{"@id":"https:\/\/www.accuratereviews.com\/it\/software-gestione-ospedali\/10to8-recensione\/#primaryimage"},"image":{"@id":"https:\/\/www.accuratereviews.com\/it\/software-gestione-ospedali\/10to8-recensione\/#primaryimage"},"thumbnailUrl":"https:\/\/www.accuratereviews.com\/wp-content\/uploads\/2021\/06\/10to8.jpg","datePublished":"2021-06-01T10:51:37+00:00","description":"10to8: recensione soluzione di prenotazione basata su cloud che fornisce agli utenti un sito web di prenotazione personalizzato.","breadcrumb":{"@id":"https:\/\/www.accuratereviews.com\/it\/software-gestione-ospedali\/10to8-recensione\/#breadcrumb"},"inLanguage":"it-IT","potentialAction":[{"@type":"ReadAction","target":["https:\/\/www.accuratereviews.com\/it\/software-gestione-ospedali\/10to8-recensione\/"]}]},{"@type":"ImageObject","inLanguage":"it-IT","@id":"https:\/\/www.accuratereviews.com\/it\/software-gestione-ospedali\/10to8-recensione\/#primaryimage","url":"https:\/\/www.accuratereviews.com\/wp-content\/uploads\/2021\/06\/10to8.jpg","contentUrl":"https:\/\/www.accuratereviews.com\/wp-content\/uploads\/2021\/06\/10to8.jpg","width":200,"height":200},{"@type":"BreadcrumbList","@id":"https:\/\/www.accuratereviews.com\/it\/software-gestione-ospedali\/10to8-recensione\/#breadcrumb","itemListElement":[{"@type":"ListItem","position":1,"name":"Home","item":"https:\/\/www.accuratereviews.com\/it\/"},{"@type":"ListItem","position":2,"name":"Software per la gestione degli ospedali","item":"https:\/\/www.accuratereviews.com\/it\/software-gestione-ospedali\/"},{"@type":"ListItem","position":3,"name":"10to8"}]},{"@type":"WebSite","@id":"https:\/\/www.accuratereviews.com\/it\/#website","url":"https:\/\/www.accuratereviews.com\/it\/","name":"Accurate Reviews","description":"","potentialAction":[{"@type":"SearchAction","target":{"@type":"EntryPoint","urlTemplate":"https:\/\/www.accuratereviews.com\/it\/?s={search_term_string}"},"query-input":{"@type":"PropertyValueSpecification","valueRequired":true,"valueName":"search_term_string"}}],"inLanguage":"it-IT"}]}},"_links":{"self":[{"href":"https:\/\/www.accuratereviews.com\/it\/wp-json\/wp\/v2\/pages\/43597","targetHints":{"allow":["GET"]}}],"collection":[{"href":"https:\/\/www.accuratereviews.com\/it\/wp-json\/wp\/v2\/pages"}],"about":[{"href":"https:\/\/www.accuratereviews.com\/it\/wp-json\/wp\/v2\/types\/page"}],"author":[{"embeddable":true,"href":"https:\/\/www.accuratereviews.com\/it\/wp-json\/wp\/v2\/users\/16"}],"replies":[{"embeddable":true,"href":"https:\/\/www.accuratereviews.com\/it\/wp-json\/wp\/v2\/comments?post=43597"}],"version-history":[{"count":7,"href":"https:\/\/www.accuratereviews.com\/it\/wp-json\/wp\/v2\/pages\/43597\/revisions"}],"predecessor-version":[{"id":43614,"href":"https:\/\/www.accuratereviews.com\/it\/wp-json\/wp\/v2\/pages\/43597\/revisions\/43614"}],"up":[{"embeddable":true,"href":"https:\/\/www.accuratereviews.com\/it\/wp-json\/wp\/v2\/pages\/43555"}],"wp:featuredmedia":[{"embeddable":true,"href":"https:\/\/www.accuratereviews.com\/it\/wp-json\/wp\/v2\/media\/43603"}],"wp:attachment":[{"href":"https:\/\/www.accuratereviews.com\/it\/wp-json\/wp\/v2\/media?parent=43597"}],"wp:term":[{"taxonomy":"category","embeddable":true,"href":"https:\/\/www.accuratereviews.com\/it\/wp-json\/wp\/v2\/categories?post=43597"},{"taxonomy":"post_tag","embeddable":true,"href":"https:\/\/www.accuratereviews.com\/it\/wp-json\/wp\/v2\/tags?post=43597"},{"taxonomy":"features","embeddable":true,"href":"https:\/\/www.accuratereviews.com\/it\/wp-json\/wp\/v2\/features?post=43597"}],"curies":[{"name":"wp","href":"https:\/\/api.w.org\/{rel}","templated":true}]}}