{"id":43643,"date":"2021-06-03T11:48:39","date_gmt":"2021-06-03T11:48:39","guid":{"rendered":"https:\/\/www.accuratereviews.com\/?page_id=43643"},"modified":"2021-06-03T11:48:39","modified_gmt":"2021-06-03T11:48:39","slug":"policymedical-recensione","status":"publish","type":"page","link":"https:\/\/www.accuratereviews.com\/it\/software-gestione-ospedali\/policymedical-recensione\/","title":{"rendered":"PolicyMedical"},"content":{"rendered":"<p><strong>PolicyMedical<\/strong> \u00e8 un <strong>software di gestione delle policy<\/strong> basato su <strong>cloud<\/strong>, che aiuta le aziende di tutte le dimensioni a gestire procedure e documentazione. Le caratteristiche principali includono il monitoraggio della conformit\u00e0, il controllo, la gestione dei contratti e la collaborazione.\u00a0Lo strumento di archiviazione della piattaforma aiuta gli utenti a tenere traccia dello stato di ogni criterio nella libreria e viene fornito con schede di filtro per restringere i risultati di ricerca. Gli amministratori possono creare flussi di lavoro per automatizzare la revisione dei criteri e il processo di approvazione, fornendo visibilit\u00e0 sulla sequenza degli utenti che esaminano, modificano e approvano un documento. Inoltre, i membri del team possono creare nuovi documenti utilizzando l&#8217;editor PolicyStat e allegare file come fogli di calcolo, PowerPoint, PDF e immagini.<\/p>\n<h2>POLICYMEDICAL &#8211; TUTORIAL<\/h2>\n<p>Guardiamo insieme il video su questo <strong>software per la gestione dell&#8217;ospedale<\/strong>:<\/p>\n<div id=\"fluid-wrapper-counter-1\" class=\"g1-fluid-wrapper \" style=\"width:686px;\">\n<div style=\"padding-bottom:56.268221574344%;\"><iframe loading=\"lazy\" title=\"Integrity Manager by PolicyMedical\" width=\"686\" height=\"386\" src=\"https:\/\/www.youtube.com\/embed\/v2dTBHlPUP0?feature=oembed&amp;wmode=transparent&amp;autohide=1&amp;autoplay=0&amp;disablekb=0&amp;fs=1&amp;loop=0&amp;enablejsapi=1&amp;rel=0&amp;controls=2&amp;showinfo=0&amp;wmode=transparent&amp;autohide=2&amp;autoplay=0&amp;disablekb=0&amp;fs=1&amp;loop=0&amp;enablejsapi=1&amp;rel=0&amp;controls=2&amp;showinfo=1\" frameborder=\"0\" allow=\"accelerometer; autoplay; clipboard-write; encrypted-media; gyroscope; picture-in-picture\" allowfullscreen><\/iframe><\/div>\n<\/div>\n<h3>POLICYMEDICAL &#8211; CARATTERISTICHE<\/h3>\n<div class=\"dePhmb\">\n<div class=\"eyKpYb\" data-language=\"it\" data-original-language=\"en\" data-result-index=\"0\">\n<ul>\n<li class=\"J0lOec\"><span class=\"VIiyi\" lang=\"it\"><span class=\"JLqJ4b ChMk0b\" data-language-for-alternatives=\"it\" data-language-to-translate-into=\"en\" data-phrase-index=\"0\">Standardizza il contenuto e lo stile delle norme in tutte le sedi <\/span><\/span><\/li>\n<li class=\"J0lOec\"><span class=\"VIiyi\" lang=\"it\"><span class=\"JLqJ4b ChMk0b\" data-language-for-alternatives=\"it\" data-language-to-translate-into=\"en\" data-phrase-index=\"0\"><span class=\"JLqJ4b\" data-language-for-alternatives=\"it\" data-language-to-translate-into=\"en\" data-phrase-index=\"1\">Rifletti automaticamente le revisioni dei criteri su tutti i siti <\/span><\/span><\/span><\/li>\n<li class=\"J0lOec\"><span class=\"VIiyi\" lang=\"it\"><span class=\"JLqJ4b ChMk0b\" data-language-for-alternatives=\"it\" data-language-to-translate-into=\"en\" data-phrase-index=\"0\"><span class=\"JLqJ4b\" data-language-for-alternatives=\"it\" data-language-to-translate-into=\"en\" data-phrase-index=\"1\">Condividi una politica tra pi\u00f9 sedi, a seconda dei casi <\/span><\/span><\/span><\/li>\n<li class=\"J0lOec\"><span class=\"VIiyi\" lang=\"it\"><span class=\"JLqJ4b ChMk0b\" data-language-for-alternatives=\"it\" data-language-to-translate-into=\"en\" data-phrase-index=\"0\"><span class=\"JLqJ4b\" data-language-for-alternatives=\"it\" data-language-to-translate-into=\"en\" data-phrase-index=\"1\">Potente tecnologia di ricerca durante la digitazione <\/span><\/span><\/span><\/li>\n<li class=\"J0lOec\"><span class=\"VIiyi\" lang=\"it\"><span class=\"JLqJ4b ChMk0b\" data-language-for-alternatives=\"it\" data-language-to-translate-into=\"en\" data-phrase-index=\"0\"><span class=\"JLqJ4b\" data-language-for-alternatives=\"it\" data-language-to-translate-into=\"en\" data-phrase-index=\"1\">Visualizza rapidamente le informazioni di cui gli utenti hanno bisogno <\/span><\/span><\/span><\/li>\n<li class=\"J0lOec\"><span class=\"VIiyi\" lang=\"it\"><span class=\"JLqJ4b ChMk0b\" data-language-for-alternatives=\"it\" data-language-to-translate-into=\"en\" data-phrase-index=\"0\"><span class=\"JLqJ4b\" data-language-for-alternatives=\"it\" data-language-to-translate-into=\"en\" data-phrase-index=\"1\">Ogni parola di ogni documento \u00e8 ricercabile <\/span><\/span><\/span><\/li>\n<li class=\"J0lOec\"><span class=\"VIiyi\" lang=\"it\"><span class=\"JLqJ4b ChMk0b\" data-language-for-alternatives=\"it\" data-language-to-translate-into=\"en\" data-phrase-index=\"0\"><span class=\"JLqJ4b\" data-language-for-alternatives=\"it\" data-language-to-translate-into=\"en\" data-phrase-index=\"1\">Processo di revisione e approvazione automatizzato <\/span><\/span><\/span><\/li>\n<li class=\"J0lOec\"><span class=\"VIiyi\" lang=\"it\"><span class=\"JLqJ4b ChMk0b\" data-language-for-alternatives=\"it\" data-language-to-translate-into=\"en\" data-phrase-index=\"0\"><span class=\"JLqJ4b\" data-language-for-alternatives=\"it\" data-language-to-translate-into=\"en\" data-phrase-index=\"1\">Flussi di approvazione configurabili <\/span><\/span><\/span><\/li>\n<li class=\"J0lOec\"><span class=\"VIiyi\" lang=\"it\"><span class=\"JLqJ4b ChMk0b\" data-language-for-alternatives=\"it\" data-language-to-translate-into=\"en\" data-phrase-index=\"0\"><span class=\"JLqJ4b\" data-language-for-alternatives=\"it\" data-language-to-translate-into=\"en\" data-phrase-index=\"1\">Dashboard di approvazione, notifiche email e promemoria <\/span><\/span><\/span><\/li>\n<li class=\"J0lOec\"><span class=\"VIiyi\" lang=\"it\"><span class=\"JLqJ4b ChMk0b\" data-language-for-alternatives=\"it\" data-language-to-translate-into=\"en\" data-phrase-index=\"0\"><span class=\"JLqJ4b\" data-language-for-alternatives=\"it\" data-language-to-translate-into=\"en\" data-phrase-index=\"1\">Ricerche pi\u00f9 comuni <\/span><\/span><\/span><\/li>\n<li class=\"J0lOec\"><span class=\"VIiyi\" lang=\"it\"><span class=\"JLqJ4b ChMk0b\" data-language-for-alternatives=\"it\" data-language-to-translate-into=\"en\" data-phrase-index=\"0\"><span class=\"JLqJ4b\" data-language-for-alternatives=\"it\" data-language-to-translate-into=\"en\" data-phrase-index=\"1\">Criterio selezionato dopo la ricerca <\/span><\/span><\/span><\/li>\n<li class=\"J0lOec\"><span class=\"VIiyi\" lang=\"it\"><span class=\"JLqJ4b ChMk0b\" data-language-for-alternatives=\"it\" data-language-to-translate-into=\"en\" data-phrase-index=\"0\"><span class=\"JLqJ4b\" data-language-for-alternatives=\"it\" data-language-to-translate-into=\"en\" data-phrase-index=\"1\">Utilizzo del sito nel tempo <\/span><\/span><\/span><\/li>\n<li class=\"J0lOec\"><span class=\"VIiyi\" lang=\"it\"><span class=\"JLqJ4b ChMk0b\" data-language-for-alternatives=\"it\" data-language-to-translate-into=\"en\" data-phrase-index=\"0\"><span class=\"JLqJ4b\" data-language-for-alternatives=\"it\" data-language-to-translate-into=\"en\" data-phrase-index=\"1\">Identificare le lacune nella libreria delle politiche<\/span><\/span><\/span><\/li>\n<li>Assegnare attivit\u00e0, tenere traccia dei follow-up e misurare il successo con report ricchi di dati.<\/li>\n<li>Condivisione automatica dei dati critici con le parti interessate quando vengono superate le soglie.<\/li>\n<li>Connessione a EHR, ADT e HR\/ESR per migliorare la precisione<\/li>\n<li>Seleziona accuratamente le categorizzazioni per gli eventi con icone di facile lettura<\/li>\n<li>Aumenta la precisione delle informazioni sui pazienti compilando i campi del tuo ADT<\/li>\n<li>Risparmia tempo e standardizza le voci inserendo le informazioni del formulario negli eventi<\/li>\n<li>Sfrutta strumenti di reporting intuitivi e altamente personalizzabili<\/li>\n<li>Estrai facilmente dati e informazioni chiave dai grafici interattivi<\/li>\n<li>Evidenzia i bisogni immediati della leadership attraverso report visivamente accattivanti<\/li>\n<li>Pianifica e consegna automaticamente risultati o rapporti chiave<\/li>\n<li>Tieni traccia dei rischi emergenti, delle tendenze e delle soglie di avviso superate<\/li>\n<li>Visualizza lo stato di probabilit\u00e0 e gravit\u00e0 attraverso una matrice di valutazione del rischio iniziale<\/li>\n<li>Sviluppare un piano d&#8217;azione e quindi valutare continuamente il rischio per concentrarsi sulle aree di maggior impatto<\/li>\n<li>Ricerca di personale e medici: integrazione con i tuoi sistemi HR\/ESR<\/li>\n<li>Integrazione EMR per creare trigger automatici<\/li>\n<li>Reporting normativo: importazione ed esportazione di dati a organizzazioni di terze parti<\/li>\n<li>Ricerche di farmaci e attrezzature: formulario caricato o file dell&#8217;attrezzatura<\/li>\n<li>Mitiga il rischio di reclami per negligenza integrando le relative politiche direttamente all&#8217;interno del sistema per la revisione. Consenti ai membri dello staff di identificare le politiche che potrebbero aver contribuito all&#8217;evento.<\/li>\n<\/ul>\n<h4>LE RECENSIONI DEGLI UTENTI<\/h4>\n<p class=\"font-weight-bold mb-1 d-flex align-items-center\"><strong>Kristen G.&#8221;Policy Stat ci ha salvati da Policy Doom!&#8221;<\/strong><\/p>\n<p><strong>Commenti: <\/strong>Tutti i nostri leader e utenti utilizzano Policy Stat con solo 30 minuti di orientamento al prodotto. Questo software \u00e8 facile da usare e la nostra conformit\u00e0 alle norme \u00e8 salita alle stelle da quando abbiamo implementato Policy Stat!<\/p>\n<p><strong>Pro: <\/strong>Abbiamo implementato Policy Stat in 6 settimane. Il software \u00e8 facile da usare e il nostro staff lo adora! Originariamente avevamo ConvergePoint e Policy Stat \u00e8 di gran lunga superiore a qualsiasi altro software di policy che abbiamo recensito o utilizzato qui allo York Hospital.<\/p>\n<p><strong>Contro: <\/strong>Non ho trovato nulla che non mi piaccia a questo punto. Abbiamo avuto alcuni problemi, ma il supporto ci ha risposto entro un&#8217;ora e ci ha aiutato a trovare la risposta.<\/p>\n<p class=\"font-weight-bold mb-1 d-flex align-items-center\"><strong>Nicole S.&#8221;cos\u00ec facile da usare&#8221;<\/strong><\/p>\n<p><strong>Pro: <\/strong>Il supporto software \u00e8 ottimo. Poich\u00e9 sono una piccola azienda, sono stati molto attenti alle nostre esigenze, lavorando a stretto contatto con noi per aggiornare il programma per soddisfare le esigenze della nostra organizzazione.<\/p>\n<p><strong>Contro: <\/strong>Ci sono diverse parti dell&#8217;applicazione che sono goffe, ma continuano a migliorare i processi.<\/p>\n<p class=\"font-weight-bold mb-1 d-flex align-items-center\"><strong>Robert L.&#8221;Controllo completo dei documenti&#8221;<\/strong><\/p>\n<p><strong>Commenti: <\/strong>C&#8217;\u00e8 meno bisogno di copie cartacee dei documenti file cartacei da mantenere per i documenti ritirati. Il software consente l&#8217;accesso alla cronologia delle revisioni e i commenti possono essere aggiunti durante le revisioni. \u00c8 facile vedere tutte le modifiche quando un documento viene rivisto invece di leggere parola per parola per trovare eventuali modifiche.<\/p>\n<p><strong>Pro: <\/strong>\u00c8 possibile impostare modelli per i vari documenti: politiche, procedure, moduli, ecc. \u00c8 possibile impostare documenti per vari periodi di revisione in base al numero di giorni, ad es. annuale, biennale, trimestrale, ecc. Il software pu\u00f2 tenere traccia dei riconoscimenti del personale della lettura dei documenti. I gruppi di lavoro possono essere definiti per facilitare l&#8217;assegnazione dei riconoscimenti.<\/p>\n<p><strong>Contro: <\/strong>Un piccolo suggerimento sarebbe quello di rendere un po&#8217; pi\u00f9 semplice la ricerca (meno battute).<\/p>\n<\/div>\n<\/div>\n","protected":false},"excerpt":{"rendered":"<p>PolicyMedical \u00e8 un software di gestione delle policy basato su cloud, che aiuta le aziende di tutte le dimensioni a gestire procedure e documentazione. Le caratteristiche principali includono il monitoraggio della conformit\u00e0, il controllo, la gestione dei contratti e la collaborazione.\u00a0Lo strumento di archiviazione della piattaforma aiuta gli utenti a tenere traccia dello stato di ogni criterio nella libreria e viene fornito con schede di filtro per restringere i risultati di ricerca.<\/p>\n","protected":false},"author":16,"featured_media":43644,"parent":43555,"menu_order":0,"comment_status":"open","ping_status":"closed","template":"g1_template_page_review_new.php","meta":{"_acf_changed":false,"cwp_meta_box_check":"Yes","cwp_rev_product_name":"","cwp_rev_product_image":"","wppr_links":[],"cwp_rev_price":"","wppr_options":[],"wppr_pros":[],"wppr_cons":[],"_monsterinsights_skip_tracking":false,"_monsterinsights_sitenote_active":false,"_monsterinsights_sitenote_note":"","_monsterinsights_sitenote_category":0,"footnotes":""},"categories":[6100],"tags":[396,6147,6119,6148,6104,6114,6126],"features":[],"class_list":{"0":"post-43643","1":"page","2":"type-page","3":"status-publish","4":"has-post-thumbnail","6":"category-software-gestione-ospedali-cat","7":"tag-cloud","8":"tag-gestione-ospedaliera","9":"tag-piattaforma-gestione-dellospedale","10":"tag-policymedical","11":"tag-programma-gestione-ospedali","12":"tag-software-gestione-dellospedale","13":"tag-soluzione-gestione-dellospedale"},"wppr_data":{"cwp_meta_box_check":"Yes","cwp_rev_product_name":"","cwp_rev_product_image":"","cwp_image_link":"image","cwp_rev_price":"","wppr_rating":"0.00"},"acf":[],"yoast_head":"<!-- This site is optimized with the Yoast SEO plugin v27.4 - https:\/\/yoast.com\/product\/yoast-seo-wordpress\/ -->\n<title>PolicyMedical: recensione software gestione ospedali - Accurate Reviews<\/title>\n<meta name=\"description\" content=\"PolicyMedical: recensione software di gestione delle policy basato su cloud, che aiuta le aziende a gestire procedure e documentazione.\" \/>\n<meta name=\"robots\" content=\"index, follow, max-snippet:-1, max-image-preview:large, max-video-preview:-1\" \/>\n<link rel=\"canonical\" href=\"https:\/\/www.accuratereviews.com\/it\/software-gestione-ospedali\/policymedical-recensione\/\" \/>\n<meta property=\"og:locale\" content=\"it_IT\" \/>\n<meta property=\"og:type\" content=\"article\" \/>\n<meta property=\"og:title\" content=\"PolicyMedical: recensione software gestione ospedali - Accurate Reviews\" \/>\n<meta property=\"og:description\" content=\"PolicyMedical: recensione software di gestione delle policy basato su cloud, che aiuta le aziende a gestire procedure e documentazione.\" \/>\n<meta property=\"og:url\" content=\"https:\/\/www.accuratereviews.com\/it\/software-gestione-ospedali\/policymedical-recensione\/\" \/>\n<meta property=\"og:site_name\" content=\"Accurate Reviews\" \/>\n<meta property=\"og:image\" content=\"https:\/\/www.accuratereviews.com\/wp-content\/uploads\/2021\/06\/PM_logo2017_full-colour-1024x286-1.jpg\" \/>\n\t<meta property=\"og:image:width\" content=\"1024\" \/>\n\t<meta property=\"og:image:height\" content=\"286\" \/>\n\t<meta property=\"og:image:type\" content=\"image\/jpeg\" \/>\n<meta name=\"twitter:card\" content=\"summary_large_image\" \/>\n<meta name=\"twitter:label1\" content=\"Tempo di lettura stimato\" \/>\n\t<meta name=\"twitter:data1\" content=\"4 minuti\" \/>\n<script type=\"application\/ld+json\" class=\"yoast-schema-graph\">{\"@context\":\"https:\\\/\\\/schema.org\",\"@graph\":[{\"@type\":\"WebPage\",\"@id\":\"https:\\\/\\\/www.accuratereviews.com\\\/it\\\/software-gestione-ospedali\\\/policymedical-recensione\\\/\",\"url\":\"https:\\\/\\\/www.accuratereviews.com\\\/it\\\/software-gestione-ospedali\\\/policymedical-recensione\\\/\",\"name\":\"PolicyMedical: recensione software gestione ospedali - Accurate Reviews\",\"isPartOf\":{\"@id\":\"https:\\\/\\\/www.accuratereviews.com\\\/it\\\/#website\"},\"primaryImageOfPage\":{\"@id\":\"https:\\\/\\\/www.accuratereviews.com\\\/it\\\/software-gestione-ospedali\\\/policymedical-recensione\\\/#primaryimage\"},\"image\":{\"@id\":\"https:\\\/\\\/www.accuratereviews.com\\\/it\\\/software-gestione-ospedali\\\/policymedical-recensione\\\/#primaryimage\"},\"thumbnailUrl\":\"https:\\\/\\\/www.accuratereviews.com\\\/wp-content\\\/uploads\\\/2021\\\/06\\\/PM_logo2017_full-colour-1024x286-1.jpg\",\"datePublished\":\"2021-06-03T11:48:39+00:00\",\"description\":\"PolicyMedical: recensione software di gestione delle policy basato su cloud, che aiuta le aziende a gestire procedure e documentazione.\",\"breadcrumb\":{\"@id\":\"https:\\\/\\\/www.accuratereviews.com\\\/it\\\/software-gestione-ospedali\\\/policymedical-recensione\\\/#breadcrumb\"},\"inLanguage\":\"it-IT\",\"potentialAction\":[{\"@type\":\"ReadAction\",\"target\":[\"https:\\\/\\\/www.accuratereviews.com\\\/it\\\/software-gestione-ospedali\\\/policymedical-recensione\\\/\"]}]},{\"@type\":\"ImageObject\",\"inLanguage\":\"it-IT\",\"@id\":\"https:\\\/\\\/www.accuratereviews.com\\\/it\\\/software-gestione-ospedali\\\/policymedical-recensione\\\/#primaryimage\",\"url\":\"https:\\\/\\\/www.accuratereviews.com\\\/wp-content\\\/uploads\\\/2021\\\/06\\\/PM_logo2017_full-colour-1024x286-1.jpg\",\"contentUrl\":\"https:\\\/\\\/www.accuratereviews.com\\\/wp-content\\\/uploads\\\/2021\\\/06\\\/PM_logo2017_full-colour-1024x286-1.jpg\",\"width\":1024,\"height\":286},{\"@type\":\"BreadcrumbList\",\"@id\":\"https:\\\/\\\/www.accuratereviews.com\\\/it\\\/software-gestione-ospedali\\\/policymedical-recensione\\\/#breadcrumb\",\"itemListElement\":[{\"@type\":\"ListItem\",\"position\":1,\"name\":\"Home\",\"item\":\"https:\\\/\\\/www.accuratereviews.com\\\/it\\\/\"},{\"@type\":\"ListItem\",\"position\":2,\"name\":\"Software per la gestione degli ospedali\",\"item\":\"https:\\\/\\\/www.accuratereviews.com\\\/it\\\/software-gestione-ospedali\\\/\"},{\"@type\":\"ListItem\",\"position\":3,\"name\":\"PolicyMedical\"}]},{\"@type\":\"WebSite\",\"@id\":\"https:\\\/\\\/www.accuratereviews.com\\\/it\\\/#website\",\"url\":\"https:\\\/\\\/www.accuratereviews.com\\\/it\\\/\",\"name\":\"Accurate Reviews\",\"description\":\"\",\"potentialAction\":[{\"@type\":\"SearchAction\",\"target\":{\"@type\":\"EntryPoint\",\"urlTemplate\":\"https:\\\/\\\/www.accuratereviews.com\\\/it\\\/?s={search_term_string}\"},\"query-input\":{\"@type\":\"PropertyValueSpecification\",\"valueRequired\":true,\"valueName\":\"search_term_string\"}}],\"inLanguage\":\"it-IT\"}]}<\/script>\n<!-- \/ Yoast SEO plugin. -->","yoast_head_json":{"title":"PolicyMedical: recensione software gestione ospedali - Accurate Reviews","description":"PolicyMedical: recensione software di gestione delle policy basato su cloud, che aiuta le aziende a gestire procedure e documentazione.","robots":{"index":"index","follow":"follow","max-snippet":"max-snippet:-1","max-image-preview":"max-image-preview:large","max-video-preview":"max-video-preview:-1"},"canonical":"https:\/\/www.accuratereviews.com\/it\/software-gestione-ospedali\/policymedical-recensione\/","og_locale":"it_IT","og_type":"article","og_title":"PolicyMedical: recensione software gestione ospedali - Accurate Reviews","og_description":"PolicyMedical: recensione software di gestione delle policy basato su cloud, che aiuta le aziende a gestire procedure e documentazione.","og_url":"https:\/\/www.accuratereviews.com\/it\/software-gestione-ospedali\/policymedical-recensione\/","og_site_name":"Accurate Reviews","og_image":[{"width":1024,"height":286,"url":"https:\/\/www.accuratereviews.com\/wp-content\/uploads\/2021\/06\/PM_logo2017_full-colour-1024x286-1.jpg","type":"image\/jpeg"}],"twitter_card":"summary_large_image","twitter_misc":{"Tempo di lettura stimato":"4 minuti"},"schema":{"@context":"https:\/\/schema.org","@graph":[{"@type":"WebPage","@id":"https:\/\/www.accuratereviews.com\/it\/software-gestione-ospedali\/policymedical-recensione\/","url":"https:\/\/www.accuratereviews.com\/it\/software-gestione-ospedali\/policymedical-recensione\/","name":"PolicyMedical: recensione software gestione ospedali - Accurate Reviews","isPartOf":{"@id":"https:\/\/www.accuratereviews.com\/it\/#website"},"primaryImageOfPage":{"@id":"https:\/\/www.accuratereviews.com\/it\/software-gestione-ospedali\/policymedical-recensione\/#primaryimage"},"image":{"@id":"https:\/\/www.accuratereviews.com\/it\/software-gestione-ospedali\/policymedical-recensione\/#primaryimage"},"thumbnailUrl":"https:\/\/www.accuratereviews.com\/wp-content\/uploads\/2021\/06\/PM_logo2017_full-colour-1024x286-1.jpg","datePublished":"2021-06-03T11:48:39+00:00","description":"PolicyMedical: recensione software di gestione delle policy basato su cloud, che aiuta le aziende a gestire procedure e documentazione.","breadcrumb":{"@id":"https:\/\/www.accuratereviews.com\/it\/software-gestione-ospedali\/policymedical-recensione\/#breadcrumb"},"inLanguage":"it-IT","potentialAction":[{"@type":"ReadAction","target":["https:\/\/www.accuratereviews.com\/it\/software-gestione-ospedali\/policymedical-recensione\/"]}]},{"@type":"ImageObject","inLanguage":"it-IT","@id":"https:\/\/www.accuratereviews.com\/it\/software-gestione-ospedali\/policymedical-recensione\/#primaryimage","url":"https:\/\/www.accuratereviews.com\/wp-content\/uploads\/2021\/06\/PM_logo2017_full-colour-1024x286-1.jpg","contentUrl":"https:\/\/www.accuratereviews.com\/wp-content\/uploads\/2021\/06\/PM_logo2017_full-colour-1024x286-1.jpg","width":1024,"height":286},{"@type":"BreadcrumbList","@id":"https:\/\/www.accuratereviews.com\/it\/software-gestione-ospedali\/policymedical-recensione\/#breadcrumb","itemListElement":[{"@type":"ListItem","position":1,"name":"Home","item":"https:\/\/www.accuratereviews.com\/it\/"},{"@type":"ListItem","position":2,"name":"Software per la gestione degli ospedali","item":"https:\/\/www.accuratereviews.com\/it\/software-gestione-ospedali\/"},{"@type":"ListItem","position":3,"name":"PolicyMedical"}]},{"@type":"WebSite","@id":"https:\/\/www.accuratereviews.com\/it\/#website","url":"https:\/\/www.accuratereviews.com\/it\/","name":"Accurate Reviews","description":"","potentialAction":[{"@type":"SearchAction","target":{"@type":"EntryPoint","urlTemplate":"https:\/\/www.accuratereviews.com\/it\/?s={search_term_string}"},"query-input":{"@type":"PropertyValueSpecification","valueRequired":true,"valueName":"search_term_string"}}],"inLanguage":"it-IT"}]}},"_links":{"self":[{"href":"https:\/\/www.accuratereviews.com\/it\/wp-json\/wp\/v2\/pages\/43643","targetHints":{"allow":["GET"]}}],"collection":[{"href":"https:\/\/www.accuratereviews.com\/it\/wp-json\/wp\/v2\/pages"}],"about":[{"href":"https:\/\/www.accuratereviews.com\/it\/wp-json\/wp\/v2\/types\/page"}],"author":[{"embeddable":true,"href":"https:\/\/www.accuratereviews.com\/it\/wp-json\/wp\/v2\/users\/16"}],"replies":[{"embeddable":true,"href":"https:\/\/www.accuratereviews.com\/it\/wp-json\/wp\/v2\/comments?post=43643"}],"version-history":[{"count":8,"href":"https:\/\/www.accuratereviews.com\/it\/wp-json\/wp\/v2\/pages\/43643\/revisions"}],"predecessor-version":[{"id":43676,"href":"https:\/\/www.accuratereviews.com\/it\/wp-json\/wp\/v2\/pages\/43643\/revisions\/43676"}],"up":[{"embeddable":true,"href":"https:\/\/www.accuratereviews.com\/it\/wp-json\/wp\/v2\/pages\/43555"}],"wp:featuredmedia":[{"embeddable":true,"href":"https:\/\/www.accuratereviews.com\/it\/wp-json\/wp\/v2\/media\/43644"}],"wp:attachment":[{"href":"https:\/\/www.accuratereviews.com\/it\/wp-json\/wp\/v2\/media?parent=43643"}],"wp:term":[{"taxonomy":"category","embeddable":true,"href":"https:\/\/www.accuratereviews.com\/it\/wp-json\/wp\/v2\/categories?post=43643"},{"taxonomy":"post_tag","embeddable":true,"href":"https:\/\/www.accuratereviews.com\/it\/wp-json\/wp\/v2\/tags?post=43643"},{"taxonomy":"features","embeddable":true,"href":"https:\/\/www.accuratereviews.com\/it\/wp-json\/wp\/v2\/features?post=43643"}],"curies":[{"name":"wp","href":"https:\/\/api.w.org\/{rel}","templated":true}]}}