{"id":43652,"date":"2021-06-03T11:49:43","date_gmt":"2021-06-03T11:49:43","guid":{"rendered":"https:\/\/www.accuratereviews.com\/?page_id=43652"},"modified":"2021-06-04T07:12:33","modified_gmt":"2021-06-04T07:12:33","slug":"waystar-recensione","status":"publish","type":"page","link":"https:\/\/www.accuratereviews.com\/it\/software-gestione-ospedali\/waystar-recensione\/","title":{"rendered":"Waystar"},"content":{"rendered":"<p><strong>Waystar\u00a0<\/strong>\u00e8 un<strong> software per la gestione di ospedali<\/strong> che permette di proteggere, accelerare e trovare nuove entrate con la suite di soluzioni RCM end-to-end basate sul <strong>cloud.<\/strong> Si rivolge principalmente a ospedali, sistemi sanitari, fornitori di attrezzature mediche, laborati, cliniche e altre organizzazioni che necessitano ottimizzare e automatizzare il tutte quelle attivit\u00e0 che normalmente richiedono tempi decisamente pi\u00f9 lunghi.<br \/>\nVelocizza e semplifica la gestione dei pagamenti commerciali, governativi e dei pazienti in un&#8217;unica posizione, in modo da poter consolidare i fornitori, eliminare il fastidio di pi\u00f9 sistemi e aumentare la produttivit\u00e0.<\/p>\n<h2>WAYSTAR &#8211; VIDEO INTRODUTTIVO<\/h2>\n<div id=\"fluid-wrapper-counter-1\" class=\"g1-fluid-wrapper \" style=\"width:686px;\">\n<div style=\"padding-bottom:56.268221574344%;\"><iframe loading=\"lazy\" title=\"Waystar Revenue Cycle Management: Total RCM Platform\" width=\"686\" height=\"386\" src=\"https:\/\/www.youtube.com\/embed\/VA22Kt0Ych8?feature=oembed&amp;wmode=transparent&amp;autohide=1&amp;autoplay=0&amp;disablekb=0&amp;fs=1&amp;loop=0&amp;enablejsapi=1&amp;rel=0&amp;controls=2&amp;showinfo=0&amp;wmode=transparent&amp;autohide=2&amp;autoplay=0&amp;disablekb=0&amp;fs=1&amp;loop=0&amp;enablejsapi=1&amp;rel=0&amp;controls=2&amp;showinfo=1\" frameborder=\"0\" allow=\"accelerometer; autoplay; clipboard-write; encrypted-media; gyroscope; picture-in-picture\" allowfullscreen><\/iframe><\/div>\n<\/div>\n<h3>WAYSTAR &#8211; CARATTERISTICHE<\/h3>\n<ul>\n<li><strong>Soluzioni di liquidazione finanziaria<\/strong>: verifica dell&#8217;idoneit\u00e0, stima del paziente, rilevamento della copertura, screening di beneficenza, autorizzazione preventiva, registrazione QA, propensione avanzata al pagamento e trasparenza dei prezzi<\/li>\n<li><strong>Soluzioni per la cattura dei ricavi<\/strong>: integrit\u00e0 della carica, rilevamento di anomalie DRG e trasferimento DRG<\/li>\n<li><strong>Soluzioni per la gestione dei sinistri<\/strong>: gestione dei sinistri, monitoraggio dei reclami, allegati ai sinistri e Medicare Enterprise<\/li>\n<li><strong>Soluzioni per la gestione dei pagamenti<\/strong>: pagamenti del paziente + Portale, Rimborso del paziente, Estratti conto del paziente + Cassetta di sicurezza, Rimborso del pagatore e Responsabile dell&#8217;agenzia<\/li>\n<li><strong>Gestione dei ricorsi di rifiuto<\/strong><\/li>\n<li><strong>Sistema reportistico e di\u00a0<\/strong><b>analisi<\/b>: Analytics Pro + Peak, Medicare Analytics e Quality + Compliance<\/li>\n<li><strong>Hubble<\/strong>: \u00e8 l&#8217;intelligenza artificiale (AI) di Waystar e la piattaforma di automazione dei processi robotici<\/li>\n<\/ul>\n<h4>LE RECENSIONI DEGLI UTENTI<\/h4>\n<p><strong>Thierry J. &#8220;Offre un&#8217;eccellente gestione del ciclo delle entrate, \u00e8 facile da usare e reattivo&#8221;<\/strong><br \/>\nPRO: per la mia azienda, questo prodotto offre la gestione del ciclo dei ricavi e la verifica dell&#8217;assicurazione auto. Il contratto con Zirmed ha consentito all&#8217;organizzazione di accelerare il processo di verifica e fornire visite ai pazienti pi\u00f9 rapidamente.<br \/>\nCONTRO: come per ogni servizio, il software non \u00e8 infallibile. Purtroppo \u00e8 cos\u00ec, visto che si tratta di un prodotto accurato. Se fallisce \u00e8 con assicurazioni non verificate o per quelle che non raggiungono la stanza di compensazione, il responsabile dell&#8217;assicurazione deve tornare a un processo manuale per verificare l&#8217;idoneit\u00e0.<\/p>\n<p><strong>Lauren A. &#8220;Grande Clearinghouse&#8221;<\/strong><br \/>\nCOMMENTI: ho usato Waystar per tre anni (quando prima era Zirmed) e non ho mai avuto grossi problemi. Mi aiutano a risolvere non solo i problemi con il loro servizio o sito web, ma anche con i reclami quando l&#8217;assicurazione dice che c&#8217;\u00e8 un deposito tempestivo o un altro problema di deposito.<br \/>\nPRO: adoro il modo in cui Waystar ha TUTTO: reclami, idoneit\u00e0, pagamenti dei pazienti, rimesse. E la segnalazione rende facile tracciare quali indennizzi non sono stati pagati o dove sono presenti errori nelle tue richieste che ne impediscono il pagamento. Fare appello a reclami su Waystar \u00e8 semplicissimo e anche rintracciare reclami che sono stati pagati ma in qualche modo non sono entrati nel tuo EMR \u00e8 davvero facile.<br \/>\nCONTRO: l&#8217;allestimento \u00e8 un po&#8217; disordinato, ma niente di grave nel complesso<\/p>\n<p><strong>Portia F. &#8220;Molto facile da usare.&#8221;<\/strong><br \/>\nCOMMENTI: invia rapidamente tutti i reclami elettronici e cartacei del nostro studio, il che ci consente di ottenere i pagamenti pi\u00f9 velocemente.<br \/>\nPRO: il software \u00e8 molto facile da usare. Mi piace il modo in cui rileva le modifiche che ho perso e mi avvisa prima di inviare il reclamo. I rappresentanti del servizio clienti sono sempre cordiali, disponibili e veloci.<br \/>\nCONTRO: l&#8217;unica cosa che mi viene in mente in questo momento \u00e8 che non sei in grado di trasferire gli elementi scansionati in modo errato nell&#8217;area amministrativa dei documenti del paziente. Dovremmo cancellarlo e scansionarlo di nuovo. A parte questo, tutto \u00e8 fantastico.<\/p>\n","protected":false},"excerpt":{"rendered":"<p>Waystar\u00a0\u00e8 un software per la gestione di ospedali che permette di proteggere, accelerare e trovare nuove entrate con la suite di soluzioni RCM end-to-end basate sul cloud. Si rivolge principalmente a ospedali, sistemi sanitari, fornitori di attrezzature mediche, laborati, cliniche e altre organizzazioni.<\/p>\n","protected":false},"author":17,"featured_media":43656,"parent":43555,"menu_order":0,"comment_status":"open","ping_status":"closed","template":"g1_template_page_review_new.php","meta":{"_acf_changed":false,"cwp_meta_box_check":"No","cwp_rev_product_name":"","cwp_rev_product_image":"","wppr_links":[],"cwp_rev_price":"","wppr_options":[],"wppr_pros":[],"wppr_cons":[],"_monsterinsights_skip_tracking":false,"_monsterinsights_sitenote_active":false,"_monsterinsights_sitenote_note":"","_monsterinsights_sitenote_category":0,"footnotes":""},"categories":[6100],"tags":[6103,6105,6129,6128,6101,6112],"features":[],"class_list":{"0":"post-43652","1":"page","2":"type-page","3":"status-publish","4":"has-post-thumbnail","6":"category-software-gestione-ospedali-cat","7":"tag-gestione-ospedale","8":"tag-piattaforma-gestionale-ospedale","9":"tag-piattaforma-gestionale-per-ospedali","10":"tag-programma-gestionale-per-ospedali","11":"tag-software-gestione-ospedali","12":"tag-soluzione-di-gestione-dellospedale"},"wppr_data":{"cwp_meta_box_check":"No"},"acf":[],"yoast_head":"<!-- This site is optimized with the Yoast SEO plugin v27.4 - https:\/\/yoast.com\/product\/yoast-seo-wordpress\/ -->\n<title>Waystar: recensione software gestione ospedali - Accurate Reviews<\/title>\n<meta name=\"description\" content=\"Waystar:\u00a0recensione del software per la gestione di ospedali che permette di proteggere, accelerare e trovare nuove entrate.\" \/>\n<meta name=\"robots\" content=\"index, follow, max-snippet:-1, max-image-preview:large, max-video-preview:-1\" \/>\n<link rel=\"canonical\" href=\"https:\/\/www.accuratereviews.com\/it\/software-gestione-ospedali\/waystar-recensione\/\" \/>\n<meta property=\"og:locale\" content=\"it_IT\" \/>\n<meta property=\"og:type\" content=\"article\" \/>\n<meta property=\"og:title\" content=\"Waystar: recensione software gestione ospedali - Accurate Reviews\" \/>\n<meta property=\"og:description\" content=\"Waystar:\u00a0recensione del software per la gestione di ospedali che permette di proteggere, accelerare e trovare nuove entrate.\" \/>\n<meta property=\"og:url\" content=\"https:\/\/www.accuratereviews.com\/it\/software-gestione-ospedali\/waystar-recensione\/\" \/>\n<meta property=\"og:site_name\" content=\"Accurate Reviews\" \/>\n<meta property=\"article:modified_time\" content=\"2021-06-04T07:12:33+00:00\" \/>\n<meta property=\"og:image\" content=\"https:\/\/www.accuratereviews.com\/wp-content\/uploads\/2021\/06\/Schermata-2021-06-03-alle-11.05.04.png\" \/>\n\t<meta property=\"og:image:width\" content=\"750\" \/>\n\t<meta property=\"og:image:height\" content=\"208\" \/>\n\t<meta property=\"og:image:type\" content=\"image\/png\" \/>\n<meta name=\"twitter:card\" content=\"summary_large_image\" \/>\n<meta name=\"twitter:label1\" content=\"Tempo di lettura stimato\" \/>\n\t<meta name=\"twitter:data1\" content=\"3 minuti\" \/>\n<script type=\"application\/ld+json\" class=\"yoast-schema-graph\">{\"@context\":\"https:\\\/\\\/schema.org\",\"@graph\":[{\"@type\":\"WebPage\",\"@id\":\"https:\\\/\\\/www.accuratereviews.com\\\/it\\\/software-gestione-ospedali\\\/waystar-recensione\\\/\",\"url\":\"https:\\\/\\\/www.accuratereviews.com\\\/it\\\/software-gestione-ospedali\\\/waystar-recensione\\\/\",\"name\":\"Waystar: recensione software gestione ospedali - Accurate Reviews\",\"isPartOf\":{\"@id\":\"https:\\\/\\\/www.accuratereviews.com\\\/it\\\/#website\"},\"primaryImageOfPage\":{\"@id\":\"https:\\\/\\\/www.accuratereviews.com\\\/it\\\/software-gestione-ospedali\\\/waystar-recensione\\\/#primaryimage\"},\"image\":{\"@id\":\"https:\\\/\\\/www.accuratereviews.com\\\/it\\\/software-gestione-ospedali\\\/waystar-recensione\\\/#primaryimage\"},\"thumbnailUrl\":\"https:\\\/\\\/www.accuratereviews.com\\\/wp-content\\\/uploads\\\/2021\\\/06\\\/Schermata-2021-06-03-alle-11.05.04.png\",\"datePublished\":\"2021-06-03T11:49:43+00:00\",\"dateModified\":\"2021-06-04T07:12:33+00:00\",\"description\":\"Waystar:\u00a0recensione del software per la gestione di ospedali che permette di proteggere, accelerare e trovare nuove entrate.\",\"breadcrumb\":{\"@id\":\"https:\\\/\\\/www.accuratereviews.com\\\/it\\\/software-gestione-ospedali\\\/waystar-recensione\\\/#breadcrumb\"},\"inLanguage\":\"it-IT\",\"potentialAction\":[{\"@type\":\"ReadAction\",\"target\":[\"https:\\\/\\\/www.accuratereviews.com\\\/it\\\/software-gestione-ospedali\\\/waystar-recensione\\\/\"]}]},{\"@type\":\"ImageObject\",\"inLanguage\":\"it-IT\",\"@id\":\"https:\\\/\\\/www.accuratereviews.com\\\/it\\\/software-gestione-ospedali\\\/waystar-recensione\\\/#primaryimage\",\"url\":\"https:\\\/\\\/www.accuratereviews.com\\\/wp-content\\\/uploads\\\/2021\\\/06\\\/Schermata-2021-06-03-alle-11.05.04.png\",\"contentUrl\":\"https:\\\/\\\/www.accuratereviews.com\\\/wp-content\\\/uploads\\\/2021\\\/06\\\/Schermata-2021-06-03-alle-11.05.04.png\",\"width\":750,\"height\":208},{\"@type\":\"BreadcrumbList\",\"@id\":\"https:\\\/\\\/www.accuratereviews.com\\\/it\\\/software-gestione-ospedali\\\/waystar-recensione\\\/#breadcrumb\",\"itemListElement\":[{\"@type\":\"ListItem\",\"position\":1,\"name\":\"Home\",\"item\":\"https:\\\/\\\/www.accuratereviews.com\\\/it\\\/\"},{\"@type\":\"ListItem\",\"position\":2,\"name\":\"Software per la gestione degli ospedali\",\"item\":\"https:\\\/\\\/www.accuratereviews.com\\\/it\\\/software-gestione-ospedali\\\/\"},{\"@type\":\"ListItem\",\"position\":3,\"name\":\"Waystar\"}]},{\"@type\":\"WebSite\",\"@id\":\"https:\\\/\\\/www.accuratereviews.com\\\/it\\\/#website\",\"url\":\"https:\\\/\\\/www.accuratereviews.com\\\/it\\\/\",\"name\":\"Accurate Reviews\",\"description\":\"\",\"potentialAction\":[{\"@type\":\"SearchAction\",\"target\":{\"@type\":\"EntryPoint\",\"urlTemplate\":\"https:\\\/\\\/www.accuratereviews.com\\\/it\\\/?s={search_term_string}\"},\"query-input\":{\"@type\":\"PropertyValueSpecification\",\"valueRequired\":true,\"valueName\":\"search_term_string\"}}],\"inLanguage\":\"it-IT\"}]}<\/script>\n<!-- \/ Yoast SEO plugin. -->","yoast_head_json":{"title":"Waystar: recensione software gestione ospedali - Accurate Reviews","description":"Waystar:\u00a0recensione del software per la gestione di ospedali che permette di proteggere, accelerare e trovare nuove entrate.","robots":{"index":"index","follow":"follow","max-snippet":"max-snippet:-1","max-image-preview":"max-image-preview:large","max-video-preview":"max-video-preview:-1"},"canonical":"https:\/\/www.accuratereviews.com\/it\/software-gestione-ospedali\/waystar-recensione\/","og_locale":"it_IT","og_type":"article","og_title":"Waystar: recensione software gestione ospedali - Accurate Reviews","og_description":"Waystar:\u00a0recensione del software per la gestione di ospedali che permette di proteggere, accelerare e trovare nuove entrate.","og_url":"https:\/\/www.accuratereviews.com\/it\/software-gestione-ospedali\/waystar-recensione\/","og_site_name":"Accurate Reviews","article_modified_time":"2021-06-04T07:12:33+00:00","og_image":[{"width":750,"height":208,"url":"https:\/\/www.accuratereviews.com\/wp-content\/uploads\/2021\/06\/Schermata-2021-06-03-alle-11.05.04.png","type":"image\/png"}],"twitter_card":"summary_large_image","twitter_misc":{"Tempo di lettura stimato":"3 minuti"},"schema":{"@context":"https:\/\/schema.org","@graph":[{"@type":"WebPage","@id":"https:\/\/www.accuratereviews.com\/it\/software-gestione-ospedali\/waystar-recensione\/","url":"https:\/\/www.accuratereviews.com\/it\/software-gestione-ospedali\/waystar-recensione\/","name":"Waystar: recensione software gestione ospedali - Accurate Reviews","isPartOf":{"@id":"https:\/\/www.accuratereviews.com\/it\/#website"},"primaryImageOfPage":{"@id":"https:\/\/www.accuratereviews.com\/it\/software-gestione-ospedali\/waystar-recensione\/#primaryimage"},"image":{"@id":"https:\/\/www.accuratereviews.com\/it\/software-gestione-ospedali\/waystar-recensione\/#primaryimage"},"thumbnailUrl":"https:\/\/www.accuratereviews.com\/wp-content\/uploads\/2021\/06\/Schermata-2021-06-03-alle-11.05.04.png","datePublished":"2021-06-03T11:49:43+00:00","dateModified":"2021-06-04T07:12:33+00:00","description":"Waystar:\u00a0recensione del software per la gestione di ospedali che permette di proteggere, accelerare e trovare nuove entrate.","breadcrumb":{"@id":"https:\/\/www.accuratereviews.com\/it\/software-gestione-ospedali\/waystar-recensione\/#breadcrumb"},"inLanguage":"it-IT","potentialAction":[{"@type":"ReadAction","target":["https:\/\/www.accuratereviews.com\/it\/software-gestione-ospedali\/waystar-recensione\/"]}]},{"@type":"ImageObject","inLanguage":"it-IT","@id":"https:\/\/www.accuratereviews.com\/it\/software-gestione-ospedali\/waystar-recensione\/#primaryimage","url":"https:\/\/www.accuratereviews.com\/wp-content\/uploads\/2021\/06\/Schermata-2021-06-03-alle-11.05.04.png","contentUrl":"https:\/\/www.accuratereviews.com\/wp-content\/uploads\/2021\/06\/Schermata-2021-06-03-alle-11.05.04.png","width":750,"height":208},{"@type":"BreadcrumbList","@id":"https:\/\/www.accuratereviews.com\/it\/software-gestione-ospedali\/waystar-recensione\/#breadcrumb","itemListElement":[{"@type":"ListItem","position":1,"name":"Home","item":"https:\/\/www.accuratereviews.com\/it\/"},{"@type":"ListItem","position":2,"name":"Software per la gestione degli ospedali","item":"https:\/\/www.accuratereviews.com\/it\/software-gestione-ospedali\/"},{"@type":"ListItem","position":3,"name":"Waystar"}]},{"@type":"WebSite","@id":"https:\/\/www.accuratereviews.com\/it\/#website","url":"https:\/\/www.accuratereviews.com\/it\/","name":"Accurate Reviews","description":"","potentialAction":[{"@type":"SearchAction","target":{"@type":"EntryPoint","urlTemplate":"https:\/\/www.accuratereviews.com\/it\/?s={search_term_string}"},"query-input":{"@type":"PropertyValueSpecification","valueRequired":true,"valueName":"search_term_string"}}],"inLanguage":"it-IT"}]}},"_links":{"self":[{"href":"https:\/\/www.accuratereviews.com\/it\/wp-json\/wp\/v2\/pages\/43652","targetHints":{"allow":["GET"]}}],"collection":[{"href":"https:\/\/www.accuratereviews.com\/it\/wp-json\/wp\/v2\/pages"}],"about":[{"href":"https:\/\/www.accuratereviews.com\/it\/wp-json\/wp\/v2\/types\/page"}],"author":[{"embeddable":true,"href":"https:\/\/www.accuratereviews.com\/it\/wp-json\/wp\/v2\/users\/17"}],"replies":[{"embeddable":true,"href":"https:\/\/www.accuratereviews.com\/it\/wp-json\/wp\/v2\/comments?post=43652"}],"version-history":[{"count":7,"href":"https:\/\/www.accuratereviews.com\/it\/wp-json\/wp\/v2\/pages\/43652\/revisions"}],"predecessor-version":[{"id":43702,"href":"https:\/\/www.accuratereviews.com\/it\/wp-json\/wp\/v2\/pages\/43652\/revisions\/43702"}],"up":[{"embeddable":true,"href":"https:\/\/www.accuratereviews.com\/it\/wp-json\/wp\/v2\/pages\/43555"}],"wp:featuredmedia":[{"embeddable":true,"href":"https:\/\/www.accuratereviews.com\/it\/wp-json\/wp\/v2\/media\/43656"}],"wp:attachment":[{"href":"https:\/\/www.accuratereviews.com\/it\/wp-json\/wp\/v2\/media?parent=43652"}],"wp:term":[{"taxonomy":"category","embeddable":true,"href":"https:\/\/www.accuratereviews.com\/it\/wp-json\/wp\/v2\/categories?post=43652"},{"taxonomy":"post_tag","embeddable":true,"href":"https:\/\/www.accuratereviews.com\/it\/wp-json\/wp\/v2\/tags?post=43652"},{"taxonomy":"features","embeddable":true,"href":"https:\/\/www.accuratereviews.com\/it\/wp-json\/wp\/v2\/features?post=43652"}],"curies":[{"name":"wp","href":"https:\/\/api.w.org\/{rel}","templated":true}]}}