{"id":43688,"date":"2021-06-04T08:31:01","date_gmt":"2021-06-04T08:31:01","guid":{"rendered":"https:\/\/www.accuratereviews.com\/?page_id=43688"},"modified":"2021-06-04T08:31:01","modified_gmt":"2021-06-04T08:31:01","slug":"softclinic-recensione","status":"publish","type":"page","link":"https:\/\/www.accuratereviews.com\/it\/software-gestione-ospedali\/softclinic-recensione\/","title":{"rendered":"SoftClinic"},"content":{"rendered":"<p><strong>SoftClinic<\/strong> \u00e8 un <strong>software di gestione ospedaliera<\/strong> sviluppato per migliorare e automatizzare le attivit\u00e0 manuali di cui si occupano medici, cliniche e ospedali. Si tratta di una soluzione end-to-end che offre numerosi moduli come: farmacia, laboratorio, risorse umane, contabilit\u00e0 e inventario, permettendo quindi una gestione completa dell&#8217;ospedale o della clinica in questione.<br \/>\nLa digitalizzazione riguarda anche le cartelle cliniche dei pazienti che diverranno elettroniche migliorandone quindi l&#8217;organizzazione e la catalogazione, mentre i pazienti potranno accedere a un semplice e intuitivo portale online in cui potranno archiviare le loro cartelle cliniche o condividerle con i loro familiari e i medici.<br \/>\n\u00c8 un <strong>sistema di gestione delle informazioni ospedaliere<\/strong> (HIMS) che ti consente di risparmiare tempo che potrai sfruttare per concentrarti maggiormente sui tuoi pazienti.<\/p>\n<h2>SOFTCLINIC &#8211; TUTORIAL<\/h2>\n<p>Di seguito un breve video che ci mostra come funziona il modulo di Laboratorio:<\/p>\n<div id=\"fluid-wrapper-counter-1\" class=\"g1-fluid-wrapper \" style=\"width:686px;\">\n<div style=\"padding-bottom:56.268221574344%;\"><iframe loading=\"lazy\" title=\"Laboratory Module\" width=\"515\" height=\"386\" src=\"https:\/\/www.youtube.com\/embed\/m9GWTXKH_l0?feature=oembed&amp;wmode=transparent&amp;autohide=1&amp;autoplay=0&amp;disablekb=0&amp;fs=1&amp;loop=0&amp;enablejsapi=1&amp;rel=0&amp;controls=2&amp;showinfo=0&amp;wmode=transparent&amp;autohide=2&amp;autoplay=0&amp;disablekb=0&amp;fs=1&amp;loop=0&amp;enablejsapi=1&amp;rel=0&amp;controls=2&amp;showinfo=1\" frameborder=\"0\" allow=\"accelerometer; autoplay; clipboard-write; encrypted-media; gyroscope; picture-in-picture\" allowfullscreen><\/iframe><\/div>\n<\/div>\n<h3>SOFTCLINIC &#8211; CARATTERISTICHE<\/h3>\n<ul>\n<li>Sistema di appuntamenti online<\/li>\n<li>Accesso all&#8217;app mobile per i medici<\/li>\n<li>Backup su cloud conforme a HIPAA<\/li>\n<li>Sistema di identificazione della scansione delle impronte digitali<\/li>\n<li>Sistema di segnalazione con codice a barre<\/li>\n<li>Notifiche automatiche e avvisi SMS<\/li>\n<li>Interfacciamento delle apparecchiature<\/li>\n<li>Analisi avanzata dei dati<\/li>\n<li>Utile per medici generici, chirurghi, ginecologi, ospedali da piccoli a grandi, case di cura e tutti i medici<\/li>\n<li>Genera prescrizioni in meno di 60 secondi<\/li>\n<li>Moduli per i dettagli della visita del paziente (OPD\/IPD) di facile utilizzo<\/li>\n<li>Prescrizione in lingua regionale<\/li>\n<li>Gestione delle cartelle cliniche dei pazienti a livello familiare<\/li>\n<li>Vari certificati predefiniti<\/li>\n<li>Analisi dettagliata dei dati demografici e clinici<\/li>\n<li>Vari certificati predefiniti<\/li>\n<li>Fatturazione e account manager per le tue esigenze contabili<\/li>\n<li>Strutture di backup e ripristino integrate<\/li>\n<li>Multiutente e compatibile con LAN<\/li>\n<li>Compatibile con qualsiasi versione di Windows 9x o superiore<\/li>\n<li>Sincronizzazione in due modi<\/li>\n<li>Funzione SMS<\/li>\n<li>Software EHR<\/li>\n<li>Software HIMS<\/li>\n<li>Portale del paziente<\/li>\n<\/ul>\n<h4>LE RECENSIONI DEGLI UTENTI<\/h4>\n<p><strong>Lakshmi T. &#8220;Usiamo softcinic da 1 anno. Fino ad ora potevamo usare solo gli appuntamenti e il laboratorio.&#8221;<\/strong><br \/>\nPRO: &#8211; Facile da usare<br \/>\n&#8211; In grado di gestire pazienti e referti di laboratorio<br \/>\n&#8211; Le funzionalit\u00e0 pi\u00f9 recenti come l&#8217;impronta digitale e l&#8217;interfaccia di laboratorio sono interessanti<br \/>\n&#8211; Basato su cloud \u00e8 facile<br \/>\nCONTRO: &#8211; Il modulo Lab deve essere pi\u00f9 concentrato per quanto riguarda l&#8217;evidenziazione dei valori alterati<br \/>\n&#8211; La contabilit\u00e0 anticipata non \u00e8 affatto facile da usare come vediamo in TALLY<br \/>\n&#8211; Il team di supporto dovrebbe essere 24 ore su 24 per gestire determinati problemi in cui tutti i sistemi devono essere spenti perch\u00e9 non \u00e8 possibile durante l&#8217;orario di lavoro<\/p>\n<p><strong>Mrityunjay T. &#8220;Il miglior prodotto per ospedali di qualsiasi dimensione&#8221;<\/strong><br \/>\nCOMMENTI: alto livello di efficienza e tranquillit\u00e0.<br \/>\nPRO: la facilit\u00e0 d&#8217;uso \u00e8 esemplare. Tutte le funzionalit\u00e0 sono accessibili dalla schermata principale stessa, a condizione che vengano forniti i diritti. Il prodotto ha un prezzo economico e il servizio \u00e8 eccellente.<br \/>\nCONTRO: si prevede qualche miglioramento nelle note infermieristiche e nel registro dei consumi di materiale<\/p>\n<p><strong>Dr mayur P. &#8220;Software facile da usare&#8221;<\/strong><br \/>\nPRO: facile da usare, con tutte le funzionalit\u00e0 necessarie per la documentazione quotidiana dei pazienti con OPD, gestione del letto IPD ecc. Fornisce anche l&#8217;integrazione di SMS ed e-mail per medici e pazienti per quanto riguarda l&#8217;appuntamento, l&#8217;ammissione ecc.<br \/>\nCONTRO: moduli specifici come IVF non sono disponibili. Il controllo incrociato manuale \u00e8 richiesto nella fatturazione. La personalizzazione \u00e8 problematica nell&#8217;attuazione e finanziariamente.<\/p>\n","protected":false},"excerpt":{"rendered":"<p>SoftClinic \u00e8 un software di gestione ospedaliera sviluppata per migliorare e automatizzare le attivit\u00e0 manuali di cui si occupano medici, cliniche e ospedali. Si tratta di una soluzione end-to-end che offre numerosi moduli come: Farmacia, Laboratorio, Risorse umane, Contabilit\u00e0 e Inventario, permettendo quindi una gestione completa dell&#8217;ospedale o della clinica in questione.<\/p>\n","protected":false},"author":17,"featured_media":43694,"parent":43555,"menu_order":0,"comment_status":"open","ping_status":"closed","template":"g1_template_page_review_new.php","meta":{"_acf_changed":false,"cwp_meta_box_check":"No","cwp_rev_product_name":"","cwp_rev_product_image":"","wppr_links":[],"cwp_rev_price":"","wppr_options":[],"wppr_pros":[],"wppr_cons":[],"_monsterinsights_skip_tracking":false,"_monsterinsights_sitenote_active":false,"_monsterinsights_sitenote_note":"","_monsterinsights_sitenote_category":0,"footnotes":""},"categories":[6100],"tags":[6166,6103,6147,6164,6105,6117,6165,6114,6112],"features":[],"class_list":{"0":"post-43688","1":"page","2":"type-page","3":"status-publish","4":"has-post-thumbnail","6":"category-software-gestione-ospedali-cat","7":"tag-ehr-it","8":"tag-gestione-ospedale","9":"tag-gestione-ospedaliera","10":"tag-hims","11":"tag-piattaforma-gestionale-ospedale","12":"tag-programma-gestione-dellospedale","13":"tag-softclinic","14":"tag-software-gestione-dellospedale","15":"tag-soluzione-di-gestione-dellospedale"},"wppr_data":{"cwp_meta_box_check":"No"},"acf":[],"yoast_head":"<!-- This site is optimized with the Yoast SEO plugin v27.4 - https:\/\/yoast.com\/product\/yoast-seo-wordpress\/ -->\n<title>SoftClinic: recensione software gestione ospedali - Accurate Reviews<\/title>\n<meta name=\"description\" content=\"SoftClinic \u00e8 un software di gestione ospedaliera sviluppato per automatizzare le attivit\u00e0 di cui si occupano medici, cliniche e ospedali.\" \/>\n<meta name=\"robots\" content=\"index, follow, max-snippet:-1, max-image-preview:large, max-video-preview:-1\" \/>\n<link rel=\"canonical\" href=\"https:\/\/www.accuratereviews.com\/it\/software-gestione-ospedali\/softclinic-recensione\/\" \/>\n<meta property=\"og:locale\" content=\"it_IT\" \/>\n<meta property=\"og:type\" content=\"article\" \/>\n<meta property=\"og:title\" content=\"SoftClinic: recensione software gestione ospedali - Accurate Reviews\" \/>\n<meta property=\"og:description\" content=\"SoftClinic \u00e8 un software di gestione ospedaliera sviluppato per automatizzare le attivit\u00e0 di cui si occupano medici, cliniche e ospedali.\" \/>\n<meta property=\"og:url\" content=\"https:\/\/www.accuratereviews.com\/it\/software-gestione-ospedali\/softclinic-recensione\/\" \/>\n<meta property=\"og:site_name\" content=\"Accurate Reviews\" \/>\n<meta property=\"og:image\" content=\"https:\/\/www.accuratereviews.com\/wp-content\/uploads\/2021\/06\/softCliniclogo-1.png\" \/>\n\t<meta property=\"og:image:width\" content=\"779\" \/>\n\t<meta property=\"og:image:height\" content=\"200\" \/>\n\t<meta property=\"og:image:type\" content=\"image\/png\" \/>\n<meta name=\"twitter:card\" content=\"summary_large_image\" \/>\n<meta name=\"twitter:label1\" content=\"Tempo di lettura stimato\" \/>\n\t<meta name=\"twitter:data1\" content=\"3 minuti\" \/>\n<script type=\"application\/ld+json\" class=\"yoast-schema-graph\">{\"@context\":\"https:\\\/\\\/schema.org\",\"@graph\":[{\"@type\":\"WebPage\",\"@id\":\"https:\\\/\\\/www.accuratereviews.com\\\/it\\\/software-gestione-ospedali\\\/softclinic-recensione\\\/\",\"url\":\"https:\\\/\\\/www.accuratereviews.com\\\/it\\\/software-gestione-ospedali\\\/softclinic-recensione\\\/\",\"name\":\"SoftClinic: recensione software gestione ospedali - Accurate Reviews\",\"isPartOf\":{\"@id\":\"https:\\\/\\\/www.accuratereviews.com\\\/it\\\/#website\"},\"primaryImageOfPage\":{\"@id\":\"https:\\\/\\\/www.accuratereviews.com\\\/it\\\/software-gestione-ospedali\\\/softclinic-recensione\\\/#primaryimage\"},\"image\":{\"@id\":\"https:\\\/\\\/www.accuratereviews.com\\\/it\\\/software-gestione-ospedali\\\/softclinic-recensione\\\/#primaryimage\"},\"thumbnailUrl\":\"https:\\\/\\\/www.accuratereviews.com\\\/wp-content\\\/uploads\\\/2021\\\/06\\\/softCliniclogo-1.png\",\"datePublished\":\"2021-06-04T08:31:01+00:00\",\"description\":\"SoftClinic \u00e8 un software di gestione ospedaliera sviluppato per automatizzare le attivit\u00e0 di cui si occupano medici, cliniche e ospedali.\",\"breadcrumb\":{\"@id\":\"https:\\\/\\\/www.accuratereviews.com\\\/it\\\/software-gestione-ospedali\\\/softclinic-recensione\\\/#breadcrumb\"},\"inLanguage\":\"it-IT\",\"potentialAction\":[{\"@type\":\"ReadAction\",\"target\":[\"https:\\\/\\\/www.accuratereviews.com\\\/it\\\/software-gestione-ospedali\\\/softclinic-recensione\\\/\"]}]},{\"@type\":\"ImageObject\",\"inLanguage\":\"it-IT\",\"@id\":\"https:\\\/\\\/www.accuratereviews.com\\\/it\\\/software-gestione-ospedali\\\/softclinic-recensione\\\/#primaryimage\",\"url\":\"https:\\\/\\\/www.accuratereviews.com\\\/wp-content\\\/uploads\\\/2021\\\/06\\\/softCliniclogo-1.png\",\"contentUrl\":\"https:\\\/\\\/www.accuratereviews.com\\\/wp-content\\\/uploads\\\/2021\\\/06\\\/softCliniclogo-1.png\",\"width\":779,\"height\":200},{\"@type\":\"BreadcrumbList\",\"@id\":\"https:\\\/\\\/www.accuratereviews.com\\\/it\\\/software-gestione-ospedali\\\/softclinic-recensione\\\/#breadcrumb\",\"itemListElement\":[{\"@type\":\"ListItem\",\"position\":1,\"name\":\"Home\",\"item\":\"https:\\\/\\\/www.accuratereviews.com\\\/it\\\/\"},{\"@type\":\"ListItem\",\"position\":2,\"name\":\"Software per la gestione degli ospedali\",\"item\":\"https:\\\/\\\/www.accuratereviews.com\\\/it\\\/software-gestione-ospedali\\\/\"},{\"@type\":\"ListItem\",\"position\":3,\"name\":\"SoftClinic\"}]},{\"@type\":\"WebSite\",\"@id\":\"https:\\\/\\\/www.accuratereviews.com\\\/it\\\/#website\",\"url\":\"https:\\\/\\\/www.accuratereviews.com\\\/it\\\/\",\"name\":\"Accurate Reviews\",\"description\":\"\",\"potentialAction\":[{\"@type\":\"SearchAction\",\"target\":{\"@type\":\"EntryPoint\",\"urlTemplate\":\"https:\\\/\\\/www.accuratereviews.com\\\/it\\\/?s={search_term_string}\"},\"query-input\":{\"@type\":\"PropertyValueSpecification\",\"valueRequired\":true,\"valueName\":\"search_term_string\"}}],\"inLanguage\":\"it-IT\"}]}<\/script>\n<!-- \/ Yoast SEO plugin. -->","yoast_head_json":{"title":"SoftClinic: recensione software gestione ospedali - Accurate Reviews","description":"SoftClinic \u00e8 un software di gestione ospedaliera sviluppato per automatizzare le attivit\u00e0 di cui si occupano medici, cliniche e ospedali.","robots":{"index":"index","follow":"follow","max-snippet":"max-snippet:-1","max-image-preview":"max-image-preview:large","max-video-preview":"max-video-preview:-1"},"canonical":"https:\/\/www.accuratereviews.com\/it\/software-gestione-ospedali\/softclinic-recensione\/","og_locale":"it_IT","og_type":"article","og_title":"SoftClinic: recensione software gestione ospedali - Accurate Reviews","og_description":"SoftClinic \u00e8 un software di gestione ospedaliera sviluppato per automatizzare le attivit\u00e0 di cui si occupano medici, cliniche e ospedali.","og_url":"https:\/\/www.accuratereviews.com\/it\/software-gestione-ospedali\/softclinic-recensione\/","og_site_name":"Accurate Reviews","og_image":[{"width":779,"height":200,"url":"https:\/\/www.accuratereviews.com\/wp-content\/uploads\/2021\/06\/softCliniclogo-1.png","type":"image\/png"}],"twitter_card":"summary_large_image","twitter_misc":{"Tempo di lettura stimato":"3 minuti"},"schema":{"@context":"https:\/\/schema.org","@graph":[{"@type":"WebPage","@id":"https:\/\/www.accuratereviews.com\/it\/software-gestione-ospedali\/softclinic-recensione\/","url":"https:\/\/www.accuratereviews.com\/it\/software-gestione-ospedali\/softclinic-recensione\/","name":"SoftClinic: recensione software gestione ospedali - Accurate Reviews","isPartOf":{"@id":"https:\/\/www.accuratereviews.com\/it\/#website"},"primaryImageOfPage":{"@id":"https:\/\/www.accuratereviews.com\/it\/software-gestione-ospedali\/softclinic-recensione\/#primaryimage"},"image":{"@id":"https:\/\/www.accuratereviews.com\/it\/software-gestione-ospedali\/softclinic-recensione\/#primaryimage"},"thumbnailUrl":"https:\/\/www.accuratereviews.com\/wp-content\/uploads\/2021\/06\/softCliniclogo-1.png","datePublished":"2021-06-04T08:31:01+00:00","description":"SoftClinic \u00e8 un software di gestione ospedaliera sviluppato per automatizzare le attivit\u00e0 di cui si occupano medici, cliniche e ospedali.","breadcrumb":{"@id":"https:\/\/www.accuratereviews.com\/it\/software-gestione-ospedali\/softclinic-recensione\/#breadcrumb"},"inLanguage":"it-IT","potentialAction":[{"@type":"ReadAction","target":["https:\/\/www.accuratereviews.com\/it\/software-gestione-ospedali\/softclinic-recensione\/"]}]},{"@type":"ImageObject","inLanguage":"it-IT","@id":"https:\/\/www.accuratereviews.com\/it\/software-gestione-ospedali\/softclinic-recensione\/#primaryimage","url":"https:\/\/www.accuratereviews.com\/wp-content\/uploads\/2021\/06\/softCliniclogo-1.png","contentUrl":"https:\/\/www.accuratereviews.com\/wp-content\/uploads\/2021\/06\/softCliniclogo-1.png","width":779,"height":200},{"@type":"BreadcrumbList","@id":"https:\/\/www.accuratereviews.com\/it\/software-gestione-ospedali\/softclinic-recensione\/#breadcrumb","itemListElement":[{"@type":"ListItem","position":1,"name":"Home","item":"https:\/\/www.accuratereviews.com\/it\/"},{"@type":"ListItem","position":2,"name":"Software per la gestione degli ospedali","item":"https:\/\/www.accuratereviews.com\/it\/software-gestione-ospedali\/"},{"@type":"ListItem","position":3,"name":"SoftClinic"}]},{"@type":"WebSite","@id":"https:\/\/www.accuratereviews.com\/it\/#website","url":"https:\/\/www.accuratereviews.com\/it\/","name":"Accurate Reviews","description":"","potentialAction":[{"@type":"SearchAction","target":{"@type":"EntryPoint","urlTemplate":"https:\/\/www.accuratereviews.com\/it\/?s={search_term_string}"},"query-input":{"@type":"PropertyValueSpecification","valueRequired":true,"valueName":"search_term_string"}}],"inLanguage":"it-IT"}]}},"_links":{"self":[{"href":"https:\/\/www.accuratereviews.com\/it\/wp-json\/wp\/v2\/pages\/43688","targetHints":{"allow":["GET"]}}],"collection":[{"href":"https:\/\/www.accuratereviews.com\/it\/wp-json\/wp\/v2\/pages"}],"about":[{"href":"https:\/\/www.accuratereviews.com\/it\/wp-json\/wp\/v2\/types\/page"}],"author":[{"embeddable":true,"href":"https:\/\/www.accuratereviews.com\/it\/wp-json\/wp\/v2\/users\/17"}],"replies":[{"embeddable":true,"href":"https:\/\/www.accuratereviews.com\/it\/wp-json\/wp\/v2\/comments?post=43688"}],"version-history":[{"count":3,"href":"https:\/\/www.accuratereviews.com\/it\/wp-json\/wp\/v2\/pages\/43688\/revisions"}],"predecessor-version":[{"id":43720,"href":"https:\/\/www.accuratereviews.com\/it\/wp-json\/wp\/v2\/pages\/43688\/revisions\/43720"}],"up":[{"embeddable":true,"href":"https:\/\/www.accuratereviews.com\/it\/wp-json\/wp\/v2\/pages\/43555"}],"wp:featuredmedia":[{"embeddable":true,"href":"https:\/\/www.accuratereviews.com\/it\/wp-json\/wp\/v2\/media\/43694"}],"wp:attachment":[{"href":"https:\/\/www.accuratereviews.com\/it\/wp-json\/wp\/v2\/media?parent=43688"}],"wp:term":[{"taxonomy":"category","embeddable":true,"href":"https:\/\/www.accuratereviews.com\/it\/wp-json\/wp\/v2\/categories?post=43688"},{"taxonomy":"post_tag","embeddable":true,"href":"https:\/\/www.accuratereviews.com\/it\/wp-json\/wp\/v2\/tags?post=43688"},{"taxonomy":"features","embeddable":true,"href":"https:\/\/www.accuratereviews.com\/it\/wp-json\/wp\/v2\/features?post=43688"}],"curies":[{"name":"wp","href":"https:\/\/api.w.org\/{rel}","templated":true}]}}