{"id":43705,"date":"2021-06-04T10:15:16","date_gmt":"2021-06-04T10:15:16","guid":{"rendered":"https:\/\/www.accuratereviews.com\/?page_id=43705"},"modified":"2021-06-04T10:15:16","modified_gmt":"2021-06-04T10:15:16","slug":"trillian-recensione","status":"publish","type":"page","link":"https:\/\/www.accuratereviews.com\/it\/software-gestione-ospedali\/trillian-recensione\/","title":{"rendered":"Trillian"},"content":{"rendered":"<p><strong>Trillian<\/strong> \u00e8 una soluzione basata su <strong>cloud<\/strong> progettata per aiutare le aziende del settore sanitario a <strong>gestire i processi di messaggistica<\/strong> istantanea per migliorare la comunicazione interna. Il software consente agli utenti di gestire le chat di gruppo, ordinate per team o reparto, e condividere informazioni sullo stato del paziente, i turni del personale e altro. Le caratteristiche principali di Trillian includono una directory dei dipendenti, telefonia, chat privata, condivisione di file e gestione delle cartelle cliniche. La funzionalit\u00e0 delle conferme di lettura mostra l&#8217;ora in cui i messaggi sono stati letti, eliminando la necessit\u00e0 di inviare follow-up. Con l&#8217;implementazione su dispositivi Windows, Mac, Linux, iOS e Android, il programma consente ai team di controllare la comunicazione clinica tramite l&#8217;hardware esistente.<\/p>\n<h2><a href=\"https:\/\/www.accuratereviews.com\/wp-content\/uploads\/2021\/06\/Schermata-2021-06-04-alle-11.23.52.png\"><img loading=\"lazy\" decoding=\"async\" class=\"alignnone size-full wp-image-43728\" src=\"https:\/\/www.accuratereviews.com\/wp-content\/uploads\/2021\/06\/Schermata-2021-06-04-alle-11.23.52.png\" alt=\"\" width=\"2352\" height=\"1096\" srcset=\"https:\/\/www.accuratereviews.com\/wp-content\/uploads\/2021\/06\/Schermata-2021-06-04-alle-11.23.52.png 2352w, https:\/\/www.accuratereviews.com\/wp-content\/uploads\/2021\/06\/Schermata-2021-06-04-alle-11.23.52-300x140.png 300w, https:\/\/www.accuratereviews.com\/wp-content\/uploads\/2021\/06\/Schermata-2021-06-04-alle-11.23.52-1024x477.png 1024w, https:\/\/www.accuratereviews.com\/wp-content\/uploads\/2021\/06\/Schermata-2021-06-04-alle-11.23.52-768x358.png 768w, https:\/\/www.accuratereviews.com\/wp-content\/uploads\/2021\/06\/Schermata-2021-06-04-alle-11.23.52-1536x716.png 1536w, https:\/\/www.accuratereviews.com\/wp-content\/uploads\/2021\/06\/Schermata-2021-06-04-alle-11.23.52-2048x954.png 2048w, https:\/\/www.accuratereviews.com\/wp-content\/uploads\/2021\/06\/Schermata-2021-06-04-alle-11.23.52-260x121.png 260w, https:\/\/www.accuratereviews.com\/wp-content\/uploads\/2021\/06\/Schermata-2021-06-04-alle-11.23.52-50x23.png 50w, https:\/\/www.accuratereviews.com\/wp-content\/uploads\/2021\/06\/Schermata-2021-06-04-alle-11.23.52-968x451.png 968w, https:\/\/www.accuratereviews.com\/wp-content\/uploads\/2021\/06\/Schermata-2021-06-04-alle-11.23.52-636x296.png 636w, https:\/\/www.accuratereviews.com\/wp-content\/uploads\/2021\/06\/Schermata-2021-06-04-alle-11.23.52-320x149.png 320w, https:\/\/www.accuratereviews.com\/wp-content\/uploads\/2021\/06\/Schermata-2021-06-04-alle-11.23.52-239x111.png 239w\" sizes=\"auto, (max-width: 2352px) 100vw, 2352px\" \/><\/a><\/h2>\n<h2>TRILLIAN &#8211; CARATTERISTICHE<\/h2>\n<ul>\n<li><strong>Messaggistica istantanea semplice<\/strong>: pubblicizza il tuo stato, invia messaggi ai tuoi contatti e sincronizza senza problemi tra i dispositivi<\/li>\n<li><strong>Condivisione di file e immagini<\/strong>: invia e ricevi immagini, file, schermate o qualsiasi cosa ti piaccia. Condividi documenti e fogli di calcolo nelle conversazioni di gruppo. I file di grandi dimensioni possono essere inviati utilizzando la tecnologia peer-to-peer per garantire la massima velocit\u00e0 ed efficienza<\/li>\n<li><strong>Messaggi di gruppo persistenti<\/strong>: le chat di gruppo persistono sul server in modo che gli amici offline possano sempre recuperare facilmente i messaggi. \u00c8 inoltre possibile assegnare lo stato di operatore ai gruppi per facilitare la gestione dei membri e controllare gli argomenti e le autorizzazioni<\/li>\n<li><strong>Cronologia dei messaggi<\/strong>: i messaggi vengono memorizzati sul tuo computer in modo da avere sempre una copia delle tue conversazioni passate. Il nostro potente visualizzatore della cronologia dei messaggi \u00e8 dotato di ricerca e filtri in modo da poter rintracciare le chat precedenti in un attimo<\/li>\n<li><strong>Temi ed emoticon<\/strong>: i temi, tra cui chiaro e scuro, e le emoticon realizzate dagli amici di JoyPixels ti consentono di personalizzare la soluzione come preferisci. Cambia i colori in base al tuo umore particolare e tieni sempre a portata di mano l&#8217;emoji giusto per esprimere ci\u00f2 che provi<\/li>\n<li><strong>Messaggi di gruppo<\/strong>: organizza chat di gruppo per team di assistenza, dipartimento o qualsiasi altra cosa abbia senso per te. Le chat di gruppo persistenti ti aiutano a creare un centro di conoscenza condiviso garantendo che i team rimangano sincronizzati attraverso le rotazioni del personale e il cambiamento dello stato del paziente.<\/li>\n<li><strong>Blocco client basato su Pin e password<\/strong>: oltre ai flussi di autenticazione standard basati su password, i client possono essere configurati per bloccarsi automaticamente dopo un periodo di inattivit\u00e0 con uno speciale codice PIN (o password utente) richiesto per lo sblocco.<\/li>\n<li><strong>Crittografia a riposo e in transito<\/strong>: tutte le connessioni sono crittografate utilizzando TLS 1.2+. Inoltre, i dati inattivi vengono crittografati sia a livello di disco (utilizzando tecnologie come BitLocker e LUKS) sia a livello di file (utilizzando metodi di crittografia specifici del database).<\/li>\n<\/ul>\n<h3>LE RECENSIONI DEGLI UTENTI<\/h3>\n<p class=\"font-weight-bold mb-1 d-flex align-items-center\"><strong>David P.&#8221;Buon prodotto&#8221;<\/strong><\/p>\n<p><strong>Commenti: <\/strong>Eccellente.<\/p>\n<p><strong>Pro: <\/strong>Facilit\u00e0 di utilizzo per i dipendenti, capacit\u00e0 di estrarre archivi per i rapporti.<\/p>\n<p><strong>Contro: <\/strong>Impossibile modificare il gruppo principale (abbiamo due societ\u00e0 sotto lo stesso nome), vorremmo cambiare il nome del gruppo predefinito principale per essere pi\u00f9 comprensivo. Disclaimer chat viene inviato con ogni messaggio o nessuno. Vogliamo inviare un disclaimer a ciascun utente almeno una volta. Idealmente, ogni volta che viene aperta una nuova finestra di chat tra gli utenti dovrebbe apparire una volta. Il prezzo \u00e8 alto, ogni anno diventa sempre pi\u00f9 difficile giustificare il costo del mio consiglio con opzioni meno costose come Microsoft Teams, ecc.<\/p>\n<p class=\"font-weight-bold mb-1 d-flex align-items-center\"><strong>Thomas P.&#8221;Facile da usare e usare&#8221;<\/strong><\/p>\n<p><strong>Commenti: <\/strong>Avevo bisogno di un&#8217;app semplice e facile da usare che non richiedesse al mio reparto IT di tenere in mano gli utenti esistenti e fornire una formazione estesa per i nuovi utenti poich\u00e9 abbiamo molti collaboratori esterni in continua evoluzione.<\/p>\n<p><strong>Pro: <\/strong>Molto facile da usare e i nuovi utenti lo raccolgono pi\u00f9 velocemente della maggior parte delle app. Inoltre, l&#8217;aggiornamento e gli aggiornamenti continui rendono Trillian il miglior servizio di messaggistica istantanea per le aziende.<\/p>\n<p><strong>Contro: <\/strong>Non credere che Trillian abbia difetti funzionali: solo i suggerimenti sono stati piccoli cambiamenti estetici a cui di solito rispondono in modo tempestivo.<\/p>\n<h5 class=\"font-weight-bold mb-1 d-flex align-items-center\">Marianne D.&#8221;Eccellente software di comunicazione&#8221;<\/h5>\n<p><strong>Commenti: <\/strong>Amiamo Trillian al lavoro e troviamo cos\u00ec facile comunicare tra i reparti di una grande struttura e comunicare anche quando sono lontano dall&#8217;ufficio ma devo essere disponibile per l&#8217;intero team. I messaggi di gruppo sono particolarmente utili.<\/p>\n<p><strong>Pro: <\/strong>Possibilit\u00e0 di condividere allegati, possibilit\u00e0 di personalizzare le informazioni di accesso e la visibilit\u00e0, opzione mobile. Le opzioni di comunicazione di gruppo sono eccellenti.<\/p>\n<p><strong>Contro: <\/strong>Mi piacerebbe pi\u00f9 contenuti multimediali come gif per ravvivarlo!<\/p>\n","protected":false},"excerpt":{"rendered":"<p>Trillian \u00e8 una soluzione basata su cloud progettata per aiutare le aziende del settore sanitario a gestire i processi di messaggistica istantanea per migliorare la comunicazione interna. Il software consente agli utenti di gestire le chat di gruppo, ordinate per team o reparto, e condividere informazioni sullo stato del paziente, i turni del personale e altro.\u00a0<\/p>\n","protected":false},"author":16,"featured_media":43706,"parent":43555,"menu_order":0,"comment_status":"open","ping_status":"closed","template":"g1_template_page_review_new.php","meta":{"_acf_changed":false,"cwp_meta_box_check":"Yes","cwp_rev_product_name":"","cwp_rev_product_image":"","wppr_links":[],"cwp_rev_price":"","wppr_options":[],"wppr_pros":[],"wppr_cons":[],"_monsterinsights_skip_tracking":false,"_monsterinsights_sitenote_active":false,"_monsterinsights_sitenote_note":"","_monsterinsights_sitenote_category":0,"footnotes":""},"categories":[6100],"tags":[396,6177,6175,6179,6174,6178,6172,6173,6176],"features":[],"class_list":{"0":"post-43705","1":"page","2":"type-page","3":"status-publish","4":"has-post-thumbnail","6":"category-software-gestione-ospedali-cat","7":"tag-cloud","8":"tag-gestionale-ospedaliero","9":"tag-piattaforma-gestione-di-ospedali","10":"tag-programma-gestionale-ospedaliero","11":"tag-programma-gestione-di-ospedali","12":"tag-software-gestionale-ospedaliero","13":"tag-software-gestione-di-ospedali","14":"tag-soluzione-gestione-di-ospedali","15":"tag-trillian"},"wppr_data":{"cwp_meta_box_check":"Yes","cwp_rev_product_name":"","cwp_rev_product_image":"","cwp_image_link":"image","cwp_rev_price":"","wppr_rating":"0.00"},"acf":[],"yoast_head":"<!-- This site is optimized with the Yoast SEO plugin v27.4 - https:\/\/yoast.com\/product\/yoast-seo-wordpress\/ -->\n<title>Trillian: recensione software gestione ospedali - Accurate Reviews<\/title>\n<meta name=\"description\" content=\"Trillian: recensione soluzione basata su cloud adatta ad aiutare le aziende del settore sanitario a gestire i processi di messaggistica.\" \/>\n<meta name=\"robots\" content=\"index, follow, max-snippet:-1, max-image-preview:large, max-video-preview:-1\" \/>\n<link rel=\"canonical\" href=\"https:\/\/www.accuratereviews.com\/it\/software-gestione-ospedali\/trillian-recensione\/\" \/>\n<meta property=\"og:locale\" content=\"it_IT\" \/>\n<meta property=\"og:type\" content=\"article\" \/>\n<meta property=\"og:title\" content=\"Trillian: recensione software gestione ospedali - Accurate Reviews\" \/>\n<meta property=\"og:description\" content=\"Trillian: recensione soluzione basata su cloud adatta ad aiutare le aziende del settore sanitario a gestire i processi di messaggistica.\" \/>\n<meta property=\"og:url\" content=\"https:\/\/www.accuratereviews.com\/it\/software-gestione-ospedali\/trillian-recensione\/\" \/>\n<meta property=\"og:site_name\" content=\"Accurate Reviews\" \/>\n<meta property=\"og:image\" content=\"https:\/\/www.accuratereviews.com\/wp-content\/uploads\/2021\/06\/trillian.jpg\" \/>\n\t<meta property=\"og:image:width\" content=\"300\" \/>\n\t<meta property=\"og:image:height\" content=\"280\" \/>\n\t<meta property=\"og:image:type\" content=\"image\/jpeg\" \/>\n<meta name=\"twitter:card\" content=\"summary_large_image\" \/>\n<meta name=\"twitter:label1\" content=\"Tempo di lettura stimato\" \/>\n\t<meta name=\"twitter:data1\" content=\"4 minuti\" \/>\n<script type=\"application\/ld+json\" class=\"yoast-schema-graph\">{\"@context\":\"https:\\\/\\\/schema.org\",\"@graph\":[{\"@type\":\"WebPage\",\"@id\":\"https:\\\/\\\/www.accuratereviews.com\\\/it\\\/software-gestione-ospedali\\\/trillian-recensione\\\/\",\"url\":\"https:\\\/\\\/www.accuratereviews.com\\\/it\\\/software-gestione-ospedali\\\/trillian-recensione\\\/\",\"name\":\"Trillian: recensione software gestione ospedali - Accurate Reviews\",\"isPartOf\":{\"@id\":\"https:\\\/\\\/www.accuratereviews.com\\\/it\\\/#website\"},\"primaryImageOfPage\":{\"@id\":\"https:\\\/\\\/www.accuratereviews.com\\\/it\\\/software-gestione-ospedali\\\/trillian-recensione\\\/#primaryimage\"},\"image\":{\"@id\":\"https:\\\/\\\/www.accuratereviews.com\\\/it\\\/software-gestione-ospedali\\\/trillian-recensione\\\/#primaryimage\"},\"thumbnailUrl\":\"https:\\\/\\\/www.accuratereviews.com\\\/wp-content\\\/uploads\\\/2021\\\/06\\\/trillian.jpg\",\"datePublished\":\"2021-06-04T10:15:16+00:00\",\"description\":\"Trillian: recensione soluzione basata su cloud adatta ad aiutare le aziende del settore sanitario a gestire i processi di messaggistica.\",\"breadcrumb\":{\"@id\":\"https:\\\/\\\/www.accuratereviews.com\\\/it\\\/software-gestione-ospedali\\\/trillian-recensione\\\/#breadcrumb\"},\"inLanguage\":\"it-IT\",\"potentialAction\":[{\"@type\":\"ReadAction\",\"target\":[\"https:\\\/\\\/www.accuratereviews.com\\\/it\\\/software-gestione-ospedali\\\/trillian-recensione\\\/\"]}]},{\"@type\":\"ImageObject\",\"inLanguage\":\"it-IT\",\"@id\":\"https:\\\/\\\/www.accuratereviews.com\\\/it\\\/software-gestione-ospedali\\\/trillian-recensione\\\/#primaryimage\",\"url\":\"https:\\\/\\\/www.accuratereviews.com\\\/wp-content\\\/uploads\\\/2021\\\/06\\\/trillian.jpg\",\"contentUrl\":\"https:\\\/\\\/www.accuratereviews.com\\\/wp-content\\\/uploads\\\/2021\\\/06\\\/trillian.jpg\",\"width\":300,\"height\":280},{\"@type\":\"BreadcrumbList\",\"@id\":\"https:\\\/\\\/www.accuratereviews.com\\\/it\\\/software-gestione-ospedali\\\/trillian-recensione\\\/#breadcrumb\",\"itemListElement\":[{\"@type\":\"ListItem\",\"position\":1,\"name\":\"Home\",\"item\":\"https:\\\/\\\/www.accuratereviews.com\\\/it\\\/\"},{\"@type\":\"ListItem\",\"position\":2,\"name\":\"Software per la gestione degli ospedali\",\"item\":\"https:\\\/\\\/www.accuratereviews.com\\\/it\\\/software-gestione-ospedali\\\/\"},{\"@type\":\"ListItem\",\"position\":3,\"name\":\"Trillian\"}]},{\"@type\":\"WebSite\",\"@id\":\"https:\\\/\\\/www.accuratereviews.com\\\/it\\\/#website\",\"url\":\"https:\\\/\\\/www.accuratereviews.com\\\/it\\\/\",\"name\":\"Accurate Reviews\",\"description\":\"\",\"potentialAction\":[{\"@type\":\"SearchAction\",\"target\":{\"@type\":\"EntryPoint\",\"urlTemplate\":\"https:\\\/\\\/www.accuratereviews.com\\\/it\\\/?s={search_term_string}\"},\"query-input\":{\"@type\":\"PropertyValueSpecification\",\"valueRequired\":true,\"valueName\":\"search_term_string\"}}],\"inLanguage\":\"it-IT\"}]}<\/script>\n<!-- \/ Yoast SEO plugin. -->","yoast_head_json":{"title":"Trillian: recensione software gestione ospedali - Accurate Reviews","description":"Trillian: recensione soluzione basata su cloud adatta ad aiutare le aziende del settore sanitario a gestire i processi di messaggistica.","robots":{"index":"index","follow":"follow","max-snippet":"max-snippet:-1","max-image-preview":"max-image-preview:large","max-video-preview":"max-video-preview:-1"},"canonical":"https:\/\/www.accuratereviews.com\/it\/software-gestione-ospedali\/trillian-recensione\/","og_locale":"it_IT","og_type":"article","og_title":"Trillian: recensione software gestione ospedali - Accurate Reviews","og_description":"Trillian: recensione soluzione basata su cloud adatta ad aiutare le aziende del settore sanitario a gestire i processi di messaggistica.","og_url":"https:\/\/www.accuratereviews.com\/it\/software-gestione-ospedali\/trillian-recensione\/","og_site_name":"Accurate Reviews","og_image":[{"width":300,"height":280,"url":"https:\/\/www.accuratereviews.com\/wp-content\/uploads\/2021\/06\/trillian.jpg","type":"image\/jpeg"}],"twitter_card":"summary_large_image","twitter_misc":{"Tempo di lettura stimato":"4 minuti"},"schema":{"@context":"https:\/\/schema.org","@graph":[{"@type":"WebPage","@id":"https:\/\/www.accuratereviews.com\/it\/software-gestione-ospedali\/trillian-recensione\/","url":"https:\/\/www.accuratereviews.com\/it\/software-gestione-ospedali\/trillian-recensione\/","name":"Trillian: recensione software gestione ospedali - Accurate Reviews","isPartOf":{"@id":"https:\/\/www.accuratereviews.com\/it\/#website"},"primaryImageOfPage":{"@id":"https:\/\/www.accuratereviews.com\/it\/software-gestione-ospedali\/trillian-recensione\/#primaryimage"},"image":{"@id":"https:\/\/www.accuratereviews.com\/it\/software-gestione-ospedali\/trillian-recensione\/#primaryimage"},"thumbnailUrl":"https:\/\/www.accuratereviews.com\/wp-content\/uploads\/2021\/06\/trillian.jpg","datePublished":"2021-06-04T10:15:16+00:00","description":"Trillian: recensione soluzione basata su cloud adatta ad aiutare le aziende del settore sanitario a gestire i processi di messaggistica.","breadcrumb":{"@id":"https:\/\/www.accuratereviews.com\/it\/software-gestione-ospedali\/trillian-recensione\/#breadcrumb"},"inLanguage":"it-IT","potentialAction":[{"@type":"ReadAction","target":["https:\/\/www.accuratereviews.com\/it\/software-gestione-ospedali\/trillian-recensione\/"]}]},{"@type":"ImageObject","inLanguage":"it-IT","@id":"https:\/\/www.accuratereviews.com\/it\/software-gestione-ospedali\/trillian-recensione\/#primaryimage","url":"https:\/\/www.accuratereviews.com\/wp-content\/uploads\/2021\/06\/trillian.jpg","contentUrl":"https:\/\/www.accuratereviews.com\/wp-content\/uploads\/2021\/06\/trillian.jpg","width":300,"height":280},{"@type":"BreadcrumbList","@id":"https:\/\/www.accuratereviews.com\/it\/software-gestione-ospedali\/trillian-recensione\/#breadcrumb","itemListElement":[{"@type":"ListItem","position":1,"name":"Home","item":"https:\/\/www.accuratereviews.com\/it\/"},{"@type":"ListItem","position":2,"name":"Software per la gestione degli ospedali","item":"https:\/\/www.accuratereviews.com\/it\/software-gestione-ospedali\/"},{"@type":"ListItem","position":3,"name":"Trillian"}]},{"@type":"WebSite","@id":"https:\/\/www.accuratereviews.com\/it\/#website","url":"https:\/\/www.accuratereviews.com\/it\/","name":"Accurate Reviews","description":"","potentialAction":[{"@type":"SearchAction","target":{"@type":"EntryPoint","urlTemplate":"https:\/\/www.accuratereviews.com\/it\/?s={search_term_string}"},"query-input":{"@type":"PropertyValueSpecification","valueRequired":true,"valueName":"search_term_string"}}],"inLanguage":"it-IT"}]}},"_links":{"self":[{"href":"https:\/\/www.accuratereviews.com\/it\/wp-json\/wp\/v2\/pages\/43705","targetHints":{"allow":["GET"]}}],"collection":[{"href":"https:\/\/www.accuratereviews.com\/it\/wp-json\/wp\/v2\/pages"}],"about":[{"href":"https:\/\/www.accuratereviews.com\/it\/wp-json\/wp\/v2\/types\/page"}],"author":[{"embeddable":true,"href":"https:\/\/www.accuratereviews.com\/it\/wp-json\/wp\/v2\/users\/16"}],"replies":[{"embeddable":true,"href":"https:\/\/www.accuratereviews.com\/it\/wp-json\/wp\/v2\/comments?post=43705"}],"version-history":[{"count":10,"href":"https:\/\/www.accuratereviews.com\/it\/wp-json\/wp\/v2\/pages\/43705\/revisions"}],"predecessor-version":[{"id":43762,"href":"https:\/\/www.accuratereviews.com\/it\/wp-json\/wp\/v2\/pages\/43705\/revisions\/43762"}],"up":[{"embeddable":true,"href":"https:\/\/www.accuratereviews.com\/it\/wp-json\/wp\/v2\/pages\/43555"}],"wp:featuredmedia":[{"embeddable":true,"href":"https:\/\/www.accuratereviews.com\/it\/wp-json\/wp\/v2\/media\/43706"}],"wp:attachment":[{"href":"https:\/\/www.accuratereviews.com\/it\/wp-json\/wp\/v2\/media?parent=43705"}],"wp:term":[{"taxonomy":"category","embeddable":true,"href":"https:\/\/www.accuratereviews.com\/it\/wp-json\/wp\/v2\/categories?post=43705"},{"taxonomy":"post_tag","embeddable":true,"href":"https:\/\/www.accuratereviews.com\/it\/wp-json\/wp\/v2\/tags?post=43705"},{"taxonomy":"features","embeddable":true,"href":"https:\/\/www.accuratereviews.com\/it\/wp-json\/wp\/v2\/features?post=43705"}],"curies":[{"name":"wp","href":"https:\/\/api.w.org\/{rel}","templated":true}]}}