{"id":43713,"date":"2021-06-04T10:21:35","date_gmt":"2021-06-04T10:21:35","guid":{"rendered":"https:\/\/www.accuratereviews.com\/?page_id=43713"},"modified":"2021-06-04T10:22:40","modified_gmt":"2021-06-04T10:22:40","slug":"azalea-health-recensione","status":"publish","type":"page","link":"https:\/\/www.accuratereviews.com\/it\/software-gestione-ospedali\/azalea-health-recensione\/","title":{"rendered":"Azalea Health"},"content":{"rendered":"<p><strong>Azalea Health<\/strong> \u00e8 una suite di moduli di<strong> assistenza sanitaria<\/strong> progettati specificamente per ospedali, fornitori di servizi sanitari basati sulla comunit\u00e0 e strutture di assistenza ambulatoriale. Le funzioni principali includono la gestione della telemedicina, la gestione del ciclo delle entrate, la gestione della pratica, le cartelle cliniche elettroniche e i servizi di consulenza. Il software consente agli utenti di documentare le note SOAP, acquisire la fatturazione e inviare ordini utilizzando un&#8217;unica schermata. La piattaforma di telemedicina conforme allo standard HIPAA \u00e8 completamente integrata con potenti applicazioni e consente la creazione di grafici in tempo reale. Il software permette agli utenti di accedere alle cartelle cliniche dei pazienti da casa, in ospedale, in clinica o da altri luoghi. Il portale per i pazienti, i promemoria degli appuntamenti e l&#8217;applicazione mobile forniscono accesso pratico a tutte le funzionalit\u00e0 e mirano a migliorare l&#8217;esperienza del cliente.<\/p>\n<h2>AZALEA HEALTH &#8211; TUTORIAL<\/h2>\n<p>Guardiamo insieme questo breve video che illustre le principali funzioni di questo<strong> software per la gestione ospedaliera<\/strong>:<\/p>\n<div id=\"fluid-wrapper-counter-1\" class=\"g1-fluid-wrapper \" style=\"width:686px;\"><div style=\"padding-bottom:56.268221574344%;\"><iframe loading=\"lazy\" title=\"Azalea Health Overview\" width=\"686\" height=\"386\" src=\"https:\/\/www.youtube.com\/embed\/aHwe7o1pOTY?feature=oembed&amp;wmode=transparent&amp;autohide=1&amp;autoplay=0&amp;disablekb=0&amp;fs=1&amp;loop=0&amp;enablejsapi=1&amp;rel=0&amp;controls=2&amp;showinfo=0&amp;wmode=transparent&amp;autohide=2&amp;autoplay=0&amp;disablekb=0&amp;fs=1&amp;loop=0&amp;enablejsapi=1&amp;rel=0&amp;controls=2&amp;showinfo=1\" frameborder=\"0\" allow=\"accelerometer; autoplay; clipboard-write; encrypted-media; gyroscope; picture-in-picture\" allowfullscreen><\/iframe><\/div><\/div>\n<h3>AZALEA HEALTH &#8211; CARATTERISTICHE<\/h3>\n<ul>\n<li>100% basato su cloud: nessuna gestione hardware o software<\/li>\n<li>Personalizza i tuoi modelli, le impostazioni di sicurezza e altro ancora per la tua pratica e specialit\u00e0<\/li>\n<li>Soluzioni robuste per i pazienti per una migliore qualit\u00e0 dell&#8217;assistenza<\/li>\n<li>Gestione schermo singolo<\/li>\n<li>Fatturazione di reclami con un clic per RHC<\/li>\n<li>Documentare le note SOAP<\/li>\n<li>Acquisisci codici di fatturazione e reclami<\/li>\n<li>Invia ricette in farmacia<\/li>\n<li>Ordina i laboratori e pianifica i follow-up, tutto da un&#8217;unica schermata<\/li>\n<li>Telemedicina completamente integrata<\/li>\n<li>Autorizzazioni preventive<\/li>\n<li>Integrazioni di laboratorio<\/li>\n<li>App mobile myHealthSpot e portale per i pazienti<\/li>\n<li>Gestione delle cure croniche<\/li>\n<li>Dashboard per i rapporti sulla qualit\u00e0 e altro<\/li>\n<li>Scrub e invio reclami<\/li>\n<li>Contabilit\u00e0 dei rimborsi<\/li>\n<li>Rapporti dettagliati e personalizzati<\/li>\n<li>Analisi, KPI e programma di feedback<\/li>\n<li>Funzionalit\u00e0 di facile utilizzo conforme a HIPAA<\/li>\n<li>Registra una sessione di telemedicina e salva nella cartella clinica del paziente<\/li>\n<li>Diretta streaming<\/li>\n<li>iPhone e Android user-friendly<\/li>\n<\/ul>\n<h4>LE RECENSIONI DEGLI UTENTI<\/h4>\n<p class=\"font-weight-bold mb-1 d-flex align-items-center\"><strong>Aj N.&#8221;Migliore gestione della pratica&#8221;<\/strong><\/p>\n<p><strong>Commenti: <\/strong>Il miglior supporto tecnico e di fatturazione con cui ho lavorato. Dal nostro rappresentante di vendita al nostro coordinatore della fatturazione mai avuti reclami su questo programma.<\/p>\n<p><strong>Pro: <\/strong>In nove mesi con Azalea abbiamo visto aumenti delle entrate e riduzione dei tempi amministrativi. Ogni mese scopriamo pi\u00f9 modi per utilizzare le funzionalit\u00e0 per ottimizzare il lavoro presso il nostro studio.<\/p>\n<p><strong>Contro: <\/strong>In qualit\u00e0 di direttore delle operazioni, devo ancora trovare contro con il nostro trasferimento ad Azalea. Potrei pensare di aver esteso parte della nostra formazione sull&#8217;uso dei report, ma \u00e8 una decisione difficile in quanto avevamo bisogno di dati nel sistema per vedere il valore.<\/p>\n<p class=\"font-weight-bold mb-1 d-flex align-items-center\"><strong>Eneida C.&#8221;Prodotto fantastico&#8221;<\/strong><\/p>\n<p><strong>Pro: <\/strong>Qualunque cosa! Quasi tutti i fornitori e i prodotti che collaborano con Azalea apportano molta facilit\u00e0 al tuo lavoro.<\/p>\n<p><strong>Contro: <\/strong>Il software in s\u00e9 non \u00e8 male, ma non sono il pi\u00f9 grande fan del nostro s-fax e dell&#8217;attuale societ\u00e0 che gestisce le nostre chiamate di promemoria per gli appuntamenti.<\/p>\n<p class=\"font-weight-bold mb-1 d-flex align-items-center\"><strong>Natalie R.&#8221;adoro azalea!!!&#8221;<\/strong><\/p>\n<p><strong>Pro: <\/strong>Apprezzo la facilit\u00e0 e le funzionalit\u00e0 di quasi ogni aspetto di Azalea. Lavorano diligentemente alla creazione di nuove cose che rendono pi\u00f9 agevole la gestione di una clinica. Ci stanno preparando per un futuro della tecnologia in campo medico.<\/p>\n<p><strong>Contro: <\/strong>Non sono molto entusiasta di usare il loro attuale e-fax, s-fax non \u00e8 il massimo per un grande studio.<\/p>\n","protected":false},"excerpt":{"rendered":"<p>Azalea Health \u00e8 una suite di moduli di assistenza sanitaria progettati specificamente per ospedali, fornitori di servizi sanitari basati sulla comunit\u00e0 e strutture di assistenza ambulatoriale. Le funzioni principali includono la gestione della telemedicina, la gestione del ciclo delle entrate, la gestione della pratica, le cartelle cliniche elettroniche e i servizi di consulenza.<\/p>\n","protected":false},"author":16,"featured_media":43714,"parent":43555,"menu_order":0,"comment_status":"open","ping_status":"closed","template":"g1_template_page_review_new.php","meta":{"_acf_changed":false,"cwp_meta_box_check":"Yes","cwp_rev_product_name":"","cwp_rev_product_image":"","wppr_links":[],"cwp_rev_price":"","wppr_options":[],"wppr_pros":[],"wppr_cons":[],"_monsterinsights_skip_tracking":false,"_monsterinsights_sitenote_active":false,"_monsterinsights_sitenote_note":"","_monsterinsights_sitenote_category":0,"footnotes":""},"categories":[6100],"tags":[6171,396,6119,6117,6114,6126],"features":[],"class_list":{"0":"post-43713","1":"page","2":"type-page","3":"status-publish","4":"has-post-thumbnail","6":"category-software-gestione-ospedali-cat","7":"tag-azalea-health","8":"tag-cloud","9":"tag-piattaforma-gestione-dellospedale","10":"tag-programma-gestione-dellospedale","11":"tag-software-gestione-dellospedale","12":"tag-soluzione-gestione-dellospedale"},"wppr_data":{"cwp_meta_box_check":"Yes","cwp_rev_product_name":"","cwp_rev_product_image":"","cwp_image_link":"image","cwp_rev_price":"","wppr_rating":"0.00"},"acf":[],"yoast_head":"<!-- This site is optimized with the Yoast SEO plugin v27.4 - https:\/\/yoast.com\/product\/yoast-seo-wordpress\/ -->\n<title>Azalea Health: recensione software gestione ospedali - Accurate Reviews<\/title>\n<meta name=\"description\" content=\"Azalea Health: recensione suite di moduli progettati specificamente per ospedali e strutture di assistenza ambulatoriale.\" \/>\n<meta name=\"robots\" content=\"index, follow, max-snippet:-1, max-image-preview:large, max-video-preview:-1\" \/>\n<link rel=\"canonical\" href=\"https:\/\/www.accuratereviews.com\/it\/software-gestione-ospedali\/azalea-health-recensione\/\" \/>\n<meta property=\"og:locale\" content=\"it_IT\" \/>\n<meta property=\"og:type\" content=\"article\" \/>\n<meta property=\"og:title\" content=\"Azalea Health: recensione software gestione ospedali - Accurate Reviews\" \/>\n<meta property=\"og:description\" content=\"Azalea Health: recensione suite di moduli progettati specificamente per ospedali e strutture di assistenza ambulatoriale.\" \/>\n<meta property=\"og:url\" content=\"https:\/\/www.accuratereviews.com\/it\/software-gestione-ospedali\/azalea-health-recensione\/\" \/>\n<meta property=\"og:site_name\" content=\"Accurate Reviews\" \/>\n<meta property=\"article:modified_time\" content=\"2021-06-04T10:22:40+00:00\" \/>\n<meta property=\"og:image\" content=\"https:\/\/www.accuratereviews.com\/wp-content\/uploads\/2021\/06\/azalea.png\" \/>\n\t<meta property=\"og:image:width\" content=\"860\" \/>\n\t<meta property=\"og:image:height\" content=\"296\" \/>\n\t<meta property=\"og:image:type\" content=\"image\/png\" \/>\n<meta name=\"twitter:card\" content=\"summary_large_image\" \/>\n<meta name=\"twitter:label1\" content=\"Tempo di lettura stimato\" \/>\n\t<meta name=\"twitter:data1\" content=\"3 minuti\" \/>\n<script type=\"application\/ld+json\" class=\"yoast-schema-graph\">{\"@context\":\"https:\\\/\\\/schema.org\",\"@graph\":[{\"@type\":\"WebPage\",\"@id\":\"https:\\\/\\\/www.accuratereviews.com\\\/it\\\/software-gestione-ospedali\\\/azalea-health-recensione\\\/\",\"url\":\"https:\\\/\\\/www.accuratereviews.com\\\/it\\\/software-gestione-ospedali\\\/azalea-health-recensione\\\/\",\"name\":\"Azalea Health: recensione software gestione ospedali - Accurate Reviews\",\"isPartOf\":{\"@id\":\"https:\\\/\\\/www.accuratereviews.com\\\/it\\\/#website\"},\"primaryImageOfPage\":{\"@id\":\"https:\\\/\\\/www.accuratereviews.com\\\/it\\\/software-gestione-ospedali\\\/azalea-health-recensione\\\/#primaryimage\"},\"image\":{\"@id\":\"https:\\\/\\\/www.accuratereviews.com\\\/it\\\/software-gestione-ospedali\\\/azalea-health-recensione\\\/#primaryimage\"},\"thumbnailUrl\":\"https:\\\/\\\/www.accuratereviews.com\\\/wp-content\\\/uploads\\\/2021\\\/06\\\/azalea.png\",\"datePublished\":\"2021-06-04T10:21:35+00:00\",\"dateModified\":\"2021-06-04T10:22:40+00:00\",\"description\":\"Azalea Health: recensione suite di moduli progettati specificamente per ospedali e strutture di assistenza ambulatoriale.\",\"breadcrumb\":{\"@id\":\"https:\\\/\\\/www.accuratereviews.com\\\/it\\\/software-gestione-ospedali\\\/azalea-health-recensione\\\/#breadcrumb\"},\"inLanguage\":\"it-IT\",\"potentialAction\":[{\"@type\":\"ReadAction\",\"target\":[\"https:\\\/\\\/www.accuratereviews.com\\\/it\\\/software-gestione-ospedali\\\/azalea-health-recensione\\\/\"]}]},{\"@type\":\"ImageObject\",\"inLanguage\":\"it-IT\",\"@id\":\"https:\\\/\\\/www.accuratereviews.com\\\/it\\\/software-gestione-ospedali\\\/azalea-health-recensione\\\/#primaryimage\",\"url\":\"https:\\\/\\\/www.accuratereviews.com\\\/wp-content\\\/uploads\\\/2021\\\/06\\\/azalea.png\",\"contentUrl\":\"https:\\\/\\\/www.accuratereviews.com\\\/wp-content\\\/uploads\\\/2021\\\/06\\\/azalea.png\",\"width\":860,\"height\":296},{\"@type\":\"BreadcrumbList\",\"@id\":\"https:\\\/\\\/www.accuratereviews.com\\\/it\\\/software-gestione-ospedali\\\/azalea-health-recensione\\\/#breadcrumb\",\"itemListElement\":[{\"@type\":\"ListItem\",\"position\":1,\"name\":\"Home\",\"item\":\"https:\\\/\\\/www.accuratereviews.com\\\/it\\\/\"},{\"@type\":\"ListItem\",\"position\":2,\"name\":\"Software per la gestione degli ospedali\",\"item\":\"https:\\\/\\\/www.accuratereviews.com\\\/it\\\/software-gestione-ospedali\\\/\"},{\"@type\":\"ListItem\",\"position\":3,\"name\":\"Azalea Health\"}]},{\"@type\":\"WebSite\",\"@id\":\"https:\\\/\\\/www.accuratereviews.com\\\/it\\\/#website\",\"url\":\"https:\\\/\\\/www.accuratereviews.com\\\/it\\\/\",\"name\":\"Accurate Reviews\",\"description\":\"\",\"potentialAction\":[{\"@type\":\"SearchAction\",\"target\":{\"@type\":\"EntryPoint\",\"urlTemplate\":\"https:\\\/\\\/www.accuratereviews.com\\\/it\\\/?s={search_term_string}\"},\"query-input\":{\"@type\":\"PropertyValueSpecification\",\"valueRequired\":true,\"valueName\":\"search_term_string\"}}],\"inLanguage\":\"it-IT\"}]}<\/script>\n<!-- \/ Yoast SEO plugin. -->","yoast_head_json":{"title":"Azalea Health: recensione software gestione ospedali - Accurate Reviews","description":"Azalea Health: recensione suite di moduli progettati specificamente per ospedali e strutture di assistenza ambulatoriale.","robots":{"index":"index","follow":"follow","max-snippet":"max-snippet:-1","max-image-preview":"max-image-preview:large","max-video-preview":"max-video-preview:-1"},"canonical":"https:\/\/www.accuratereviews.com\/it\/software-gestione-ospedali\/azalea-health-recensione\/","og_locale":"it_IT","og_type":"article","og_title":"Azalea Health: recensione software gestione ospedali - Accurate Reviews","og_description":"Azalea Health: recensione suite di moduli progettati specificamente per ospedali e strutture di assistenza ambulatoriale.","og_url":"https:\/\/www.accuratereviews.com\/it\/software-gestione-ospedali\/azalea-health-recensione\/","og_site_name":"Accurate Reviews","article_modified_time":"2021-06-04T10:22:40+00:00","og_image":[{"width":860,"height":296,"url":"https:\/\/www.accuratereviews.com\/wp-content\/uploads\/2021\/06\/azalea.png","type":"image\/png"}],"twitter_card":"summary_large_image","twitter_misc":{"Tempo di lettura stimato":"3 minuti"},"schema":{"@context":"https:\/\/schema.org","@graph":[{"@type":"WebPage","@id":"https:\/\/www.accuratereviews.com\/it\/software-gestione-ospedali\/azalea-health-recensione\/","url":"https:\/\/www.accuratereviews.com\/it\/software-gestione-ospedali\/azalea-health-recensione\/","name":"Azalea Health: recensione software gestione ospedali - Accurate Reviews","isPartOf":{"@id":"https:\/\/www.accuratereviews.com\/it\/#website"},"primaryImageOfPage":{"@id":"https:\/\/www.accuratereviews.com\/it\/software-gestione-ospedali\/azalea-health-recensione\/#primaryimage"},"image":{"@id":"https:\/\/www.accuratereviews.com\/it\/software-gestione-ospedali\/azalea-health-recensione\/#primaryimage"},"thumbnailUrl":"https:\/\/www.accuratereviews.com\/wp-content\/uploads\/2021\/06\/azalea.png","datePublished":"2021-06-04T10:21:35+00:00","dateModified":"2021-06-04T10:22:40+00:00","description":"Azalea Health: recensione suite di moduli progettati specificamente per ospedali e strutture di assistenza ambulatoriale.","breadcrumb":{"@id":"https:\/\/www.accuratereviews.com\/it\/software-gestione-ospedali\/azalea-health-recensione\/#breadcrumb"},"inLanguage":"it-IT","potentialAction":[{"@type":"ReadAction","target":["https:\/\/www.accuratereviews.com\/it\/software-gestione-ospedali\/azalea-health-recensione\/"]}]},{"@type":"ImageObject","inLanguage":"it-IT","@id":"https:\/\/www.accuratereviews.com\/it\/software-gestione-ospedali\/azalea-health-recensione\/#primaryimage","url":"https:\/\/www.accuratereviews.com\/wp-content\/uploads\/2021\/06\/azalea.png","contentUrl":"https:\/\/www.accuratereviews.com\/wp-content\/uploads\/2021\/06\/azalea.png","width":860,"height":296},{"@type":"BreadcrumbList","@id":"https:\/\/www.accuratereviews.com\/it\/software-gestione-ospedali\/azalea-health-recensione\/#breadcrumb","itemListElement":[{"@type":"ListItem","position":1,"name":"Home","item":"https:\/\/www.accuratereviews.com\/it\/"},{"@type":"ListItem","position":2,"name":"Software per la gestione degli ospedali","item":"https:\/\/www.accuratereviews.com\/it\/software-gestione-ospedali\/"},{"@type":"ListItem","position":3,"name":"Azalea Health"}]},{"@type":"WebSite","@id":"https:\/\/www.accuratereviews.com\/it\/#website","url":"https:\/\/www.accuratereviews.com\/it\/","name":"Accurate Reviews","description":"","potentialAction":[{"@type":"SearchAction","target":{"@type":"EntryPoint","urlTemplate":"https:\/\/www.accuratereviews.com\/it\/?s={search_term_string}"},"query-input":{"@type":"PropertyValueSpecification","valueRequired":true,"valueName":"search_term_string"}}],"inLanguage":"it-IT"}]}},"_links":{"self":[{"href":"https:\/\/www.accuratereviews.com\/it\/wp-json\/wp\/v2\/pages\/43713","targetHints":{"allow":["GET"]}}],"collection":[{"href":"https:\/\/www.accuratereviews.com\/it\/wp-json\/wp\/v2\/pages"}],"about":[{"href":"https:\/\/www.accuratereviews.com\/it\/wp-json\/wp\/v2\/types\/page"}],"author":[{"embeddable":true,"href":"https:\/\/www.accuratereviews.com\/it\/wp-json\/wp\/v2\/users\/16"}],"replies":[{"embeddable":true,"href":"https:\/\/www.accuratereviews.com\/it\/wp-json\/wp\/v2\/comments?post=43713"}],"version-history":[{"count":9,"href":"https:\/\/www.accuratereviews.com\/it\/wp-json\/wp\/v2\/pages\/43713\/revisions"}],"predecessor-version":[{"id":43743,"href":"https:\/\/www.accuratereviews.com\/it\/wp-json\/wp\/v2\/pages\/43713\/revisions\/43743"}],"up":[{"embeddable":true,"href":"https:\/\/www.accuratereviews.com\/it\/wp-json\/wp\/v2\/pages\/43555"}],"wp:featuredmedia":[{"embeddable":true,"href":"https:\/\/www.accuratereviews.com\/it\/wp-json\/wp\/v2\/media\/43714"}],"wp:attachment":[{"href":"https:\/\/www.accuratereviews.com\/it\/wp-json\/wp\/v2\/media?parent=43713"}],"wp:term":[{"taxonomy":"category","embeddable":true,"href":"https:\/\/www.accuratereviews.com\/it\/wp-json\/wp\/v2\/categories?post=43713"},{"taxonomy":"post_tag","embeddable":true,"href":"https:\/\/www.accuratereviews.com\/it\/wp-json\/wp\/v2\/tags?post=43713"},{"taxonomy":"features","embeddable":true,"href":"https:\/\/www.accuratereviews.com\/it\/wp-json\/wp\/v2\/features?post=43713"}],"curies":[{"name":"wp","href":"https:\/\/api.w.org\/{rel}","templated":true}]}}