{"id":43749,"date":"2021-06-07T11:02:44","date_gmt":"2021-06-07T11:02:44","guid":{"rendered":"https:\/\/www.accuratereviews.com\/?page_id=43749"},"modified":"2021-06-07T12:04:09","modified_gmt":"2021-06-07T12:04:09","slug":"intelligent-medical-software-recensione","status":"publish","type":"page","link":"https:\/\/www.accuratereviews.com\/it\/software-gestione-ospedali\/intelligent-medical-software-recensione\/","title":{"rendered":"Intelligent Medical Software"},"content":{"rendered":"<p><strong>Intelligent Medical Software<\/strong> \u00e8 una suite di<strong> soluzioni per cartelle cliniche elettroniche (EMR)<\/strong> basata su <strong>cloud<\/strong> e progettata per aiutare le aziende sanitarie in varie specialit\u00e0. I medici possono utilizzare modelli specifici per conservare le registrazioni dei dati del paziente e dell&#8217;anamnesi, aiutando nel processo decisionale per la cura da prescrivere. Le caratteristiche principali di <strong>Intelligent Medical Software<\/strong> includono la gestione dell&#8217;assistenza cronica, il mantenimento della salute, l&#8217;assistenza alla codifica E&amp;M, i diagrammi di flusso clinici, un portale di assistenza, lo scrubbing dei reclami, l&#8217;invio di fax e il supporto decisionale clinico. La piattaforma di gestione dello studio offre la verifica dell&#8217;idoneit\u00e0 assicurativa, il monitoraggio dei pazienti, la riscossione del parcelle durante il check-in o il check-out, l&#8217;elaborazione dei consigli sulle rimesse elettroniche e le dichiarazioni cartacee\/elettroniche dei pazienti, ottimizzando l&#8217;efficienza operativa.\u00a0Il modulo Televisit consente ai pazienti di connettersi con gli operatori sanitari tramite desktop e dispositivi mobili.<\/p>\n<h2>INTELLIGENT MEDICAL SOFTWARE &#8211; TUTORIAL<\/h2>\n<p>Scopri come questo <strong>software per ospedali<\/strong> pu\u00f2 aiutarti nel tuo lavoro:<\/p>\n<div id=\"fluid-wrapper-counter-1\" class=\"g1-fluid-wrapper \" style=\"width:686px;\">\n<div style=\"padding-bottom:56.268221574344%;\"><iframe loading=\"lazy\" title=\"1.  How to Assign the User Right\" width=\"686\" height=\"386\" src=\"https:\/\/www.youtube.com\/embed\/hV2hsRPqjxQ?feature=oembed&amp;wmode=transparent&amp;autohide=1&amp;autoplay=0&amp;disablekb=0&amp;fs=1&amp;loop=0&amp;enablejsapi=1&amp;rel=0&amp;controls=2&amp;showinfo=0&amp;wmode=transparent&amp;autohide=2&amp;autoplay=0&amp;disablekb=0&amp;fs=1&amp;loop=0&amp;enablejsapi=1&amp;rel=0&amp;controls=2&amp;showinfo=1\" frameborder=\"0\" allow=\"accelerometer; autoplay; clipboard-write; encrypted-media; gyroscope; picture-in-picture\" allowfullscreen><\/iframe><\/div>\n<\/div>\n<h3>INTELLIGENT MEDICAL SOFTWARE &#8211; CARATTERISTICHE<\/h3>\n<ul>\n<li>Per ottimizzare l&#8217;esperienza dell&#8217;utente, la soluzione offre potenti funzionalit\u00e0 con un&#8217;usabilit\u00e0 pratica<\/li>\n<li>Con un sistema flessibile, i clienti possono scegliere tra applicazioni server cloud o on-premise per piattaforme Mac e PC. Goditi un facile accesso a informazioni complete da qualsiasi luogo e in qualsiasi momento tramite l&#8217;app EHR<\/li>\n<li>Il programma fornisce a medici e operatori sanitari una suite completa di strumenti e app per prendere decisioni informate al punto di cura, gestire la conformit\u00e0 normativa e identificare rapidamente le inefficienze dei processi<\/li>\n<li>EHR \u00e8 progettato per adattarsi a un&#8217;ampia gamma di specialit\u00e0 per soddisfare le esigenze del tuo studio e le esigenze dei tuoi pazienti. Con modelli per oltre 30 specialit\u00e0 completamente personalizzabili, la soluzione software si adatta al tuo modo di lavorare, non viceversa<\/li>\n<li>Effettua una chiamata con un solo clic, gestisci i messaggi vocali e accedi automaticamente ai profili dei pazienti con ogni chiamata<\/li>\n<li>Massimizza il tempo e le competenze del tuo personale<\/li>\n<li>Garantisci una migliore aderenza alla pianificazione con promemoria automatici delle pause e un migliore monitoraggio delle attivit\u00e0 di timbratura<\/li>\n<li>Archivia i documenti all&#8217;interno della soluzione ed elimina i pull-out manuali dei file. Imposta restrizioni di accesso per una migliore gestione e sicurezza dei file.<\/li>\n<\/ul>\n<h4>LE RECENSIONI DEGLI UTENTI<\/h4>\n<p class=\"font-weight-bold mb-1 d-flex align-items-center\"><strong>Anthony f. F.&#8221;Software per cartelle cliniche&#8221;<\/strong><\/p>\n<p><strong>Commenti: <\/strong>Buon software per ora. Cambiare probabilmente richiederebbe pi\u00f9 lavoro di quanto ne valga la pena in questo momento e non sono sicuro se sarebbe meglio. &#8220;L&#8217;erba \u00e8 sempre pi\u00f9 verde&#8230;&#8221;<\/p>\n<p><strong>Pro: <\/strong>\u00c8 conforme a HIPAA e, sebbene sembri travolgente, \u00e8 veloce da imparare.<\/p>\n<p><strong>Contro: <\/strong>Ci sono molte funzionalit\u00e0 del software che non usiamo, quindi paghiamo molto che non usiamo. Errori di &#8220;memoria esaurita&#8221; costantemente. Soprattutto alla reception, dove provoca backup con i pazienti. Se esegui la scansione di 10-15 documenti, devi chiudere l&#8217;intero programma e riavviarlo. Molto fastidioso e improduttivo. Anche un po&#8217; datato con alcune operazioni.<\/p>\n<p class=\"font-weight-bold mb-1 d-flex align-items-center\"><strong>Lorie G.&#8221;Un EHR di fertilit\u00e0 flessibile per massimizzare la produttivit\u00e0 e la qualit\u00e0&#8221;<\/strong><\/p>\n<p><strong>Commenti: <\/strong>Fertility EHR e associati si impegnano a rendere l&#8217;EHR uno strumento di miglioramento per aumentare la produttivit\u00e0 e il controllo della qualit\u00e0. Come tutte le EHR, \u00e8 un lavoro in corso e gli associati qui sono impegnati a evolversi e migliorare man mano che le Best Practices in Fertility si evolvono e cambiano.<\/p>\n<p><strong>Pro: <\/strong>Flessibilit\u00e0 e servizio clienti, suite completa di fertilit\u00e0 che comprende embriologia, servizi clinici, fatturazione e alcuni strumenti di marketing.<\/p>\n<p><strong>Contro: <\/strong>incoerenza di comandi e icone tra le schermate, difficile estrarre le informazioni nei formati stampati<\/p>\n<p class=\"font-weight-bold mb-1 d-flex align-items-center\"><strong>Bonnie D.&#8221;Recensione del software&#8221;<\/strong><\/p>\n<p><strong>Pro: <\/strong>\u00c8 stato facile da usare. e facile ottenere aiuto quando c&#8217;era una domanda o un problema<\/p>\n<p><strong>Contro: <\/strong>Non ho lamentele. Ogni volta che ho avuto un problema \u00e8 stato risolto molto rapidamente. ottimo servizio clienti! e una grande squadra.<\/p>\n","protected":false},"excerpt":{"rendered":"<p>Intelligent Medical Software \u00e8 una suite di soluzioni per cartelle cliniche elettroniche (EMR) basata su cloud progettata per aiutare le aziende sanitarie in varie specialit\u00e0. I medici possono utilizzare modelli specifici per specialit\u00e0 per conservare le registrazioni dei dati del paziente e dell&#8217;anamnesi, aiutando nel processo decisionale per la cura da prescrivere.<\/p>\n","protected":false},"author":16,"featured_media":43750,"parent":43555,"menu_order":0,"comment_status":"open","ping_status":"closed","template":"g1_template_page_review_new.php","meta":{"_acf_changed":false,"cwp_meta_box_check":"Yes","cwp_rev_product_name":"","cwp_rev_product_image":"","wppr_links":[],"cwp_rev_price":"","wppr_options":[],"wppr_pros":[],"wppr_cons":[],"_monsterinsights_skip_tracking":false,"_monsterinsights_sitenote_active":false,"_monsterinsights_sitenote_note":"","_monsterinsights_sitenote_category":0,"footnotes":""},"categories":[6100],"tags":[396,6177,6196,6197,6129,6128,6194,6195,6198],"features":[],"class_list":{"0":"post-43749","1":"page","2":"type-page","3":"status-publish","4":"has-post-thumbnail","6":"category-software-gestione-ospedali-cat","7":"tag-cloud","8":"tag-gestionale-ospedaliero","9":"tag-gestionale-per-ospedali","10":"tag-intelligent-medical-software","11":"tag-piattaforma-gestionale-per-ospedali","12":"tag-programma-gestionale-per-ospedali","13":"tag-software-gestionale-per-ospedali","14":"tag-soluzione-gestionale-per-ospedali","15":"tag-soluzioni-per-cartelle-cliniche-elettroniche-emr"},"wppr_data":{"cwp_meta_box_check":"Yes","cwp_rev_product_name":"","cwp_rev_product_image":"","cwp_image_link":"image","cwp_rev_price":"","wppr_rating":"0.00"},"acf":[],"yoast_head":"<!-- This site is optimized with the Yoast SEO plugin v27.4 - https:\/\/yoast.com\/product\/yoast-seo-wordpress\/ -->\n<title>Intelligent Medical Software: recensione software gestione ospedali<\/title>\n<meta name=\"description\" content=\"Intelligent Medical Software: recensione soluzione per cartelle cliniche elettroniche (EMR) basata su cloud progettata per aziende sanitarie.\" \/>\n<meta name=\"robots\" content=\"index, follow, max-snippet:-1, max-image-preview:large, max-video-preview:-1\" \/>\n<link rel=\"canonical\" href=\"https:\/\/www.accuratereviews.com\/it\/software-gestione-ospedali\/intelligent-medical-software-recensione\/\" \/>\n<meta property=\"og:locale\" content=\"it_IT\" \/>\n<meta property=\"og:type\" content=\"article\" \/>\n<meta property=\"og:title\" content=\"Intelligent Medical Software: recensione software gestione ospedali\" \/>\n<meta property=\"og:description\" content=\"Intelligent Medical Software: recensione soluzione per cartelle cliniche elettroniche (EMR) basata su cloud progettata per aziende sanitarie.\" \/>\n<meta property=\"og:url\" content=\"https:\/\/www.accuratereviews.com\/it\/software-gestione-ospedali\/intelligent-medical-software-recensione\/\" \/>\n<meta property=\"og:site_name\" content=\"Accurate Reviews\" \/>\n<meta property=\"article:modified_time\" content=\"2021-06-07T12:04:09+00:00\" \/>\n<meta property=\"og:image\" content=\"https:\/\/www.accuratereviews.com\/wp-content\/uploads\/2021\/06\/meditab.png\" \/>\n\t<meta property=\"og:image:width\" content=\"300\" \/>\n\t<meta property=\"og:image:height\" content=\"300\" \/>\n\t<meta property=\"og:image:type\" content=\"image\/png\" \/>\n<meta name=\"twitter:card\" content=\"summary_large_image\" \/>\n<meta name=\"twitter:label1\" content=\"Tempo di lettura stimato\" \/>\n\t<meta name=\"twitter:data1\" content=\"3 minuti\" \/>\n<script type=\"application\/ld+json\" class=\"yoast-schema-graph\">{\"@context\":\"https:\\\/\\\/schema.org\",\"@graph\":[{\"@type\":\"WebPage\",\"@id\":\"https:\\\/\\\/www.accuratereviews.com\\\/it\\\/software-gestione-ospedali\\\/intelligent-medical-software-recensione\\\/\",\"url\":\"https:\\\/\\\/www.accuratereviews.com\\\/it\\\/software-gestione-ospedali\\\/intelligent-medical-software-recensione\\\/\",\"name\":\"Intelligent Medical Software: recensione software gestione ospedali\",\"isPartOf\":{\"@id\":\"https:\\\/\\\/www.accuratereviews.com\\\/it\\\/#website\"},\"primaryImageOfPage\":{\"@id\":\"https:\\\/\\\/www.accuratereviews.com\\\/it\\\/software-gestione-ospedali\\\/intelligent-medical-software-recensione\\\/#primaryimage\"},\"image\":{\"@id\":\"https:\\\/\\\/www.accuratereviews.com\\\/it\\\/software-gestione-ospedali\\\/intelligent-medical-software-recensione\\\/#primaryimage\"},\"thumbnailUrl\":\"https:\\\/\\\/www.accuratereviews.com\\\/wp-content\\\/uploads\\\/2021\\\/06\\\/meditab.png\",\"datePublished\":\"2021-06-07T11:02:44+00:00\",\"dateModified\":\"2021-06-07T12:04:09+00:00\",\"description\":\"Intelligent Medical Software: recensione soluzione per cartelle cliniche elettroniche (EMR) basata su cloud progettata per aziende sanitarie.\",\"breadcrumb\":{\"@id\":\"https:\\\/\\\/www.accuratereviews.com\\\/it\\\/software-gestione-ospedali\\\/intelligent-medical-software-recensione\\\/#breadcrumb\"},\"inLanguage\":\"it-IT\",\"potentialAction\":[{\"@type\":\"ReadAction\",\"target\":[\"https:\\\/\\\/www.accuratereviews.com\\\/it\\\/software-gestione-ospedali\\\/intelligent-medical-software-recensione\\\/\"]}]},{\"@type\":\"ImageObject\",\"inLanguage\":\"it-IT\",\"@id\":\"https:\\\/\\\/www.accuratereviews.com\\\/it\\\/software-gestione-ospedali\\\/intelligent-medical-software-recensione\\\/#primaryimage\",\"url\":\"https:\\\/\\\/www.accuratereviews.com\\\/wp-content\\\/uploads\\\/2021\\\/06\\\/meditab.png\",\"contentUrl\":\"https:\\\/\\\/www.accuratereviews.com\\\/wp-content\\\/uploads\\\/2021\\\/06\\\/meditab.png\",\"width\":300,\"height\":300},{\"@type\":\"BreadcrumbList\",\"@id\":\"https:\\\/\\\/www.accuratereviews.com\\\/it\\\/software-gestione-ospedali\\\/intelligent-medical-software-recensione\\\/#breadcrumb\",\"itemListElement\":[{\"@type\":\"ListItem\",\"position\":1,\"name\":\"Home\",\"item\":\"https:\\\/\\\/www.accuratereviews.com\\\/it\\\/\"},{\"@type\":\"ListItem\",\"position\":2,\"name\":\"Software per la gestione degli ospedali\",\"item\":\"https:\\\/\\\/www.accuratereviews.com\\\/it\\\/software-gestione-ospedali\\\/\"},{\"@type\":\"ListItem\",\"position\":3,\"name\":\"Intelligent Medical Software\"}]},{\"@type\":\"WebSite\",\"@id\":\"https:\\\/\\\/www.accuratereviews.com\\\/it\\\/#website\",\"url\":\"https:\\\/\\\/www.accuratereviews.com\\\/it\\\/\",\"name\":\"Accurate Reviews\",\"description\":\"\",\"potentialAction\":[{\"@type\":\"SearchAction\",\"target\":{\"@type\":\"EntryPoint\",\"urlTemplate\":\"https:\\\/\\\/www.accuratereviews.com\\\/it\\\/?s={search_term_string}\"},\"query-input\":{\"@type\":\"PropertyValueSpecification\",\"valueRequired\":true,\"valueName\":\"search_term_string\"}}],\"inLanguage\":\"it-IT\"}]}<\/script>\n<!-- \/ Yoast SEO plugin. -->","yoast_head_json":{"title":"Intelligent Medical Software: recensione software gestione ospedali","description":"Intelligent Medical Software: recensione soluzione per cartelle cliniche elettroniche (EMR) basata su cloud progettata per aziende sanitarie.","robots":{"index":"index","follow":"follow","max-snippet":"max-snippet:-1","max-image-preview":"max-image-preview:large","max-video-preview":"max-video-preview:-1"},"canonical":"https:\/\/www.accuratereviews.com\/it\/software-gestione-ospedali\/intelligent-medical-software-recensione\/","og_locale":"it_IT","og_type":"article","og_title":"Intelligent Medical Software: recensione software gestione ospedali","og_description":"Intelligent Medical Software: recensione soluzione per cartelle cliniche elettroniche (EMR) basata su cloud progettata per aziende sanitarie.","og_url":"https:\/\/www.accuratereviews.com\/it\/software-gestione-ospedali\/intelligent-medical-software-recensione\/","og_site_name":"Accurate Reviews","article_modified_time":"2021-06-07T12:04:09+00:00","og_image":[{"width":300,"height":300,"url":"https:\/\/www.accuratereviews.com\/wp-content\/uploads\/2021\/06\/meditab.png","type":"image\/png"}],"twitter_card":"summary_large_image","twitter_misc":{"Tempo di lettura stimato":"3 minuti"},"schema":{"@context":"https:\/\/schema.org","@graph":[{"@type":"WebPage","@id":"https:\/\/www.accuratereviews.com\/it\/software-gestione-ospedali\/intelligent-medical-software-recensione\/","url":"https:\/\/www.accuratereviews.com\/it\/software-gestione-ospedali\/intelligent-medical-software-recensione\/","name":"Intelligent Medical Software: recensione software gestione ospedali","isPartOf":{"@id":"https:\/\/www.accuratereviews.com\/it\/#website"},"primaryImageOfPage":{"@id":"https:\/\/www.accuratereviews.com\/it\/software-gestione-ospedali\/intelligent-medical-software-recensione\/#primaryimage"},"image":{"@id":"https:\/\/www.accuratereviews.com\/it\/software-gestione-ospedali\/intelligent-medical-software-recensione\/#primaryimage"},"thumbnailUrl":"https:\/\/www.accuratereviews.com\/wp-content\/uploads\/2021\/06\/meditab.png","datePublished":"2021-06-07T11:02:44+00:00","dateModified":"2021-06-07T12:04:09+00:00","description":"Intelligent Medical Software: recensione soluzione per cartelle cliniche elettroniche (EMR) basata su cloud progettata per aziende sanitarie.","breadcrumb":{"@id":"https:\/\/www.accuratereviews.com\/it\/software-gestione-ospedali\/intelligent-medical-software-recensione\/#breadcrumb"},"inLanguage":"it-IT","potentialAction":[{"@type":"ReadAction","target":["https:\/\/www.accuratereviews.com\/it\/software-gestione-ospedali\/intelligent-medical-software-recensione\/"]}]},{"@type":"ImageObject","inLanguage":"it-IT","@id":"https:\/\/www.accuratereviews.com\/it\/software-gestione-ospedali\/intelligent-medical-software-recensione\/#primaryimage","url":"https:\/\/www.accuratereviews.com\/wp-content\/uploads\/2021\/06\/meditab.png","contentUrl":"https:\/\/www.accuratereviews.com\/wp-content\/uploads\/2021\/06\/meditab.png","width":300,"height":300},{"@type":"BreadcrumbList","@id":"https:\/\/www.accuratereviews.com\/it\/software-gestione-ospedali\/intelligent-medical-software-recensione\/#breadcrumb","itemListElement":[{"@type":"ListItem","position":1,"name":"Home","item":"https:\/\/www.accuratereviews.com\/it\/"},{"@type":"ListItem","position":2,"name":"Software per la gestione degli ospedali","item":"https:\/\/www.accuratereviews.com\/it\/software-gestione-ospedali\/"},{"@type":"ListItem","position":3,"name":"Intelligent Medical Software"}]},{"@type":"WebSite","@id":"https:\/\/www.accuratereviews.com\/it\/#website","url":"https:\/\/www.accuratereviews.com\/it\/","name":"Accurate Reviews","description":"","potentialAction":[{"@type":"SearchAction","target":{"@type":"EntryPoint","urlTemplate":"https:\/\/www.accuratereviews.com\/it\/?s={search_term_string}"},"query-input":{"@type":"PropertyValueSpecification","valueRequired":true,"valueName":"search_term_string"}}],"inLanguage":"it-IT"}]}},"_links":{"self":[{"href":"https:\/\/www.accuratereviews.com\/it\/wp-json\/wp\/v2\/pages\/43749","targetHints":{"allow":["GET"]}}],"collection":[{"href":"https:\/\/www.accuratereviews.com\/it\/wp-json\/wp\/v2\/pages"}],"about":[{"href":"https:\/\/www.accuratereviews.com\/it\/wp-json\/wp\/v2\/types\/page"}],"author":[{"embeddable":true,"href":"https:\/\/www.accuratereviews.com\/it\/wp-json\/wp\/v2\/users\/16"}],"replies":[{"embeddable":true,"href":"https:\/\/www.accuratereviews.com\/it\/wp-json\/wp\/v2\/comments?post=43749"}],"version-history":[{"count":9,"href":"https:\/\/www.accuratereviews.com\/it\/wp-json\/wp\/v2\/pages\/43749\/revisions"}],"predecessor-version":[{"id":43794,"href":"https:\/\/www.accuratereviews.com\/it\/wp-json\/wp\/v2\/pages\/43749\/revisions\/43794"}],"up":[{"embeddable":true,"href":"https:\/\/www.accuratereviews.com\/it\/wp-json\/wp\/v2\/pages\/43555"}],"wp:featuredmedia":[{"embeddable":true,"href":"https:\/\/www.accuratereviews.com\/it\/wp-json\/wp\/v2\/media\/43750"}],"wp:attachment":[{"href":"https:\/\/www.accuratereviews.com\/it\/wp-json\/wp\/v2\/media?parent=43749"}],"wp:term":[{"taxonomy":"category","embeddable":true,"href":"https:\/\/www.accuratereviews.com\/it\/wp-json\/wp\/v2\/categories?post=43749"},{"taxonomy":"post_tag","embeddable":true,"href":"https:\/\/www.accuratereviews.com\/it\/wp-json\/wp\/v2\/tags?post=43749"},{"taxonomy":"features","embeddable":true,"href":"https:\/\/www.accuratereviews.com\/it\/wp-json\/wp\/v2\/features?post=43749"}],"curies":[{"name":"wp","href":"https:\/\/api.w.org\/{rel}","templated":true}]}}