{"id":43756,"date":"2021-06-07T10:19:52","date_gmt":"2021-06-07T10:19:52","guid":{"rendered":"https:\/\/www.accuratereviews.com\/?page_id=43756"},"modified":"2021-06-07T10:19:52","modified_gmt":"2021-06-07T10:19:52","slug":"evisit-recensione","status":"publish","type":"page","link":"https:\/\/www.accuratereviews.com\/it\/software-gestione-ospedali\/evisit-recensione\/","title":{"rendered":"eVisit"},"content":{"rendered":"<p><strong>eVisit<\/strong> \u00e8 una<strong> piattaforma di monitoraggio remoto<\/strong> dei pazienti che consente agli istituti medici di ottimizzare i flussi di lavoro e gestire le interazioni con i pazienti tramite la <strong>telemedicina<\/strong>. I professionisti possono visualizzare le richieste dei pazienti in arrivo nella sala d&#8217;attesa virtuale e accettare o rifiutare le visite in base alla gravit\u00e0 dei sintomi.\u00a0Gli operatori sanitari possono utilizzare<strong> eVisit<\/strong> per rivedere i dettagli dell&#8217;appuntamento, inclusi il nome del paziente, il numero di contatto, il motivo della richiesta e la descrizione della malattia. I clienti possono visualizzare il programma del fornitore su un calendario di disponibilit\u00e0 e ricevere notifiche automatiche alla conferma dell&#8217;appuntamento. I professionisti medici possono prescrivere farmaci adeguati e riscuotere i pagamenti dopo la visita virtuale. Gli utenti\u00a0possono utilizzare l&#8217;applicazione mobile per facilitare la comunicazione tra medici e pazienti tramite videochiamate.<\/p>\n<h2>EVISIT &#8211; TUTORIAL<\/h2>\n<p>Ecco un video in cui mostra come \u00e8 semplice comunicare con i propri pazienti utilizzando questo software di gestione dell&#8217;ospedale:<\/p>\n<div id=\"fluid-wrapper-counter-1\" class=\"g1-fluid-wrapper \" style=\"width:686px;\">\n<div style=\"padding-bottom:56.268221574344%;\"><iframe loading=\"lazy\" title=\"eVisit | Product Showcase\" width=\"686\" height=\"386\" src=\"https:\/\/www.youtube.com\/embed\/qDkzmCWvX5o?feature=oembed&amp;wmode=transparent&amp;autohide=1&amp;autoplay=0&amp;disablekb=0&amp;fs=1&amp;loop=0&amp;enablejsapi=1&amp;rel=0&amp;controls=2&amp;showinfo=0&amp;wmode=transparent&amp;autohide=2&amp;autoplay=0&amp;disablekb=0&amp;fs=1&amp;loop=0&amp;enablejsapi=1&amp;rel=0&amp;controls=2&amp;showinfo=1\" frameborder=\"0\" allow=\"accelerometer; autoplay; clipboard-write; encrypted-media; gyroscope; picture-in-picture\" allowfullscreen><\/iframe><\/div>\n<\/div>\n<h3>EVISIT &#8211; CARATTERISTICHE<\/h3>\n<ul>\n<li>Diagnostica e tratta i problemi medici velocemente<\/li>\n<li>Aumenta l&#8217;accesso e la comodit\u00e0 all&#8217;assistenza sanitaria<\/li>\n<li>Indirizza i pazienti al giusto ambiente di cura<\/li>\n<li>Riduci le visite evitabili al pronto soccorso<\/li>\n<li>Aumenta le entrate di nuovi pazienti<\/li>\n<li>Fornisci un trattamento pi\u00f9 rapido per problemi di cure specialistiche<\/li>\n<li>Mantieni la continuit\u00e0 della gestione delle cure croniche<\/li>\n<li>Offri un&#8217;assistenza coerente ai pazienti in tutto il sistema<\/li>\n<li>Previeni gli appuntamenti annullati per cure specialistiche<\/li>\n<li>Aumenta l&#8217;accesso e la comodit\u00e0 alle cure specialistiche<\/li>\n<li>Migliora l&#8217;accesso a un&#8217;assistenza tempestiva e di qualit\u00e0 ai dipendenti<\/li>\n<li>Migliora la salute generale dei tuoi dipendenti<\/li>\n<li>Migliora la soddisfazione dei pazienti<\/li>\n<li>Diminuisci i costi sanitari<\/li>\n<li>Aumenta la produttivit\u00e0 dei dipendenti<\/li>\n<\/ul>\n<h4>LE RECENSIONI DEGLI UTENTI<\/h4>\n<p class=\"font-weight-bold mb-1 d-flex align-items-center\"><strong>Dilushi Y.&#8221;Avere una buona connessione con i pazienti attraverso eVisit&#8221;<\/strong><\/p>\n<p><strong>Commenti: <\/strong>Secondo la nostra vita frenetica, eVist \u00e8 molto prezioso per entrambi (pazienti e medici). Con pochi passaggi posso far parte del team di consultazione.<\/p>\n<p><strong>Pro: <\/strong>Dato che sono un medico, eVisit mi d\u00e0 un grande supporto. specialmente eVisit mi aiuta a connettere i miei pazienti che sono lontani. E possono anche pagare online. L&#8217;assistenza clienti \u00e8 in grande fase ed eVisit \u00e8 facile da usare. Un&#8217;altra cosa importante \u00e8 che posso inviare ricette elettroniche tramite eVisit.<\/p>\n<p><strong>Contro: <\/strong>A volte si ottiene una connessione scadente e un po&#8217; costosa. Non altri contro da dire.<\/p>\n<p class=\"font-weight-bold mb-1 d-flex align-items-center\"><strong>Tiffany R.&#8221;Un obbligo!&#8221;<\/strong><\/p>\n<p><strong>Commenti: <\/strong>Sono felice che la mia azienda abbia scelto di fare un tentativo. Aiuta il personale dell&#8217;ufficio a muoversi rapidamente in una giornata piena di impegni. Consente ai pazienti di continuare la loro giornata lavorativa senza fermarsi o fare di tutto per una visita cos\u00ec semplice. Altamente raccomandato.<\/p>\n<p><strong>Pro: <\/strong>Se sei nel campo medico o nell&#8217;industria, questa applicazione \u00e8 un must! Consente ai fornitori di dedicare molto pi\u00f9 tempo ai casi pi\u00f9 importanti. Consente di scrivere gli escript senza vedere il dr e occupare tempo dell&#8217;appuntamento non necessario. Molto utile a dir poco.<\/p>\n<p><strong>Contro: <\/strong>Sfortunatamente, penso che i pazienti cerchino di usarlo a proprio vantaggio e non vengano mai nello studio medico. Una relazione medico\/paziente \u00e8 molto importante, quindi non \u00e8 logico non essere mai visti. Ma se usata correttamente, questa app pu\u00f2 rivelarsi molto efficace.<\/p>\n<p class=\"font-weight-bold mb-1 d-flex align-items-center\"><strong>Lawrence L.&#8221;Evisit utente-Chirurgo ortopedico&#8221;<\/strong><\/p>\n<p><strong>Commenti: <\/strong>Sostanzialmente soddisfatto, ma ci \u00e8 voluto un po&#8217; di tempo per risolvere i nodi per renderlo funzionale.<br \/>\nAggiunge sicuramente valore sia al medico che al paziente qualunque sia la specialit\u00e0, ma ci vuole un po&#8217; prima che i pazienti si sentano a proprio agio con l&#8217;idea<\/p>\n<p><strong>Pro: <\/strong>Fondamentalmente fa quello che dice che far\u00e0, connette in remoto paziente e medico in un appuntamento virtuale con i medici.<\/p>\n<p><strong>Contro: <\/strong>Connessione non sempre fluida e pu\u00f2 essere glitch.\u00a0La pianificazione e le notifiche degli appuntamenti sono goffe e ingombranti.\u00a0Software non sempre intuitivo per l&#8217;utente.<\/p>\n<p>&nbsp;<\/p>\n","protected":false},"excerpt":{"rendered":"<p>eVisit \u00e8 una piattaforma di monitoraggio remoto dei pazienti che consente alle istituti medici di ottimizzare i flussi di lavoro e gestire le interazioni con i pazienti tramite la tecnologia di telemedicina. I professionisti possono visualizzare le richieste dei pazienti in arrivo nella sala d&#8217;attesa virtuale e accettare o rifiutare le visite in base alla gravit\u00e0 dei sintomi.\u00a0<\/p>\n","protected":false},"author":16,"featured_media":43757,"parent":43555,"menu_order":0,"comment_status":"open","ping_status":"closed","template":"g1_template_page_review_new.php","meta":{"_acf_changed":false,"cwp_meta_box_check":"Yes","cwp_rev_product_name":"","cwp_rev_product_image":"","wppr_links":[],"cwp_rev_price":"","wppr_options":[],"wppr_pros":[],"wppr_cons":[],"_monsterinsights_skip_tracking":false,"_monsterinsights_sitenote_active":false,"_monsterinsights_sitenote_note":"","_monsterinsights_sitenote_category":0,"footnotes":""},"categories":[6100],"tags":[6189,6103,6147,6193,6192,6190,6191],"features":[],"class_list":{"0":"post-43756","1":"page","2":"type-page","3":"status-publish","4":"has-post-thumbnail","6":"category-software-gestione-ospedali-cat","7":"tag-evisit","8":"tag-gestione-ospedale","9":"tag-gestione-ospedaliera","10":"tag-piattaforma-per-gestione-ospedale","11":"tag-programma-per-gestione-ospedale","12":"tag-software-per-gestione-ospedale","13":"tag-soluzione-per-gestione-ospedale"},"wppr_data":{"cwp_meta_box_check":"Yes","cwp_rev_product_name":"","cwp_rev_product_image":"","cwp_image_link":"image","cwp_rev_price":"","wppr_rating":"0.00"},"acf":[],"yoast_head":"<!-- This site is optimized with the Yoast SEO plugin v27.4 - https:\/\/yoast.com\/product\/yoast-seo-wordpress\/ -->\n<title>eVisit: recensione software gestione ospedali - Accurate Reviews<\/title>\n<meta name=\"description\" content=\"eVisit: recensione piattaforma di monitoraggio remoto dei pazienti che consente agli istituti medici di ottimizzare i flussi di lavoro.\" \/>\n<meta name=\"robots\" content=\"index, follow, max-snippet:-1, max-image-preview:large, max-video-preview:-1\" \/>\n<link rel=\"canonical\" href=\"https:\/\/www.accuratereviews.com\/it\/software-gestione-ospedali\/evisit-recensione\/\" \/>\n<meta property=\"og:locale\" content=\"it_IT\" \/>\n<meta property=\"og:type\" content=\"article\" \/>\n<meta property=\"og:title\" content=\"eVisit: recensione software gestione ospedali - Accurate Reviews\" \/>\n<meta property=\"og:description\" content=\"eVisit: recensione piattaforma di monitoraggio remoto dei pazienti che consente agli istituti medici di ottimizzare i flussi di lavoro.\" \/>\n<meta property=\"og:url\" content=\"https:\/\/www.accuratereviews.com\/it\/software-gestione-ospedali\/evisit-recensione\/\" \/>\n<meta property=\"og:site_name\" content=\"Accurate Reviews\" \/>\n<meta property=\"og:image\" content=\"https:\/\/www.accuratereviews.com\/wp-content\/uploads\/2021\/06\/eVisit-logo-1.png\" \/>\n\t<meta property=\"og:image:width\" content=\"1200\" \/>\n\t<meta property=\"og:image:height\" content=\"1200\" \/>\n\t<meta property=\"og:image:type\" content=\"image\/png\" \/>\n<meta name=\"twitter:card\" content=\"summary_large_image\" \/>\n<meta name=\"twitter:label1\" content=\"Tempo di lettura stimato\" \/>\n\t<meta name=\"twitter:data1\" content=\"3 minuti\" \/>\n<script type=\"application\/ld+json\" class=\"yoast-schema-graph\">{\"@context\":\"https:\\\/\\\/schema.org\",\"@graph\":[{\"@type\":\"WebPage\",\"@id\":\"https:\\\/\\\/www.accuratereviews.com\\\/it\\\/software-gestione-ospedali\\\/evisit-recensione\\\/\",\"url\":\"https:\\\/\\\/www.accuratereviews.com\\\/it\\\/software-gestione-ospedali\\\/evisit-recensione\\\/\",\"name\":\"eVisit: recensione software gestione ospedali - Accurate Reviews\",\"isPartOf\":{\"@id\":\"https:\\\/\\\/www.accuratereviews.com\\\/it\\\/#website\"},\"primaryImageOfPage\":{\"@id\":\"https:\\\/\\\/www.accuratereviews.com\\\/it\\\/software-gestione-ospedali\\\/evisit-recensione\\\/#primaryimage\"},\"image\":{\"@id\":\"https:\\\/\\\/www.accuratereviews.com\\\/it\\\/software-gestione-ospedali\\\/evisit-recensione\\\/#primaryimage\"},\"thumbnailUrl\":\"https:\\\/\\\/www.accuratereviews.com\\\/wp-content\\\/uploads\\\/2021\\\/06\\\/eVisit-logo-1.png\",\"datePublished\":\"2021-06-07T10:19:52+00:00\",\"description\":\"eVisit: recensione piattaforma di monitoraggio remoto dei pazienti che consente agli istituti medici di ottimizzare i flussi di lavoro.\",\"breadcrumb\":{\"@id\":\"https:\\\/\\\/www.accuratereviews.com\\\/it\\\/software-gestione-ospedali\\\/evisit-recensione\\\/#breadcrumb\"},\"inLanguage\":\"it-IT\",\"potentialAction\":[{\"@type\":\"ReadAction\",\"target\":[\"https:\\\/\\\/www.accuratereviews.com\\\/it\\\/software-gestione-ospedali\\\/evisit-recensione\\\/\"]}]},{\"@type\":\"ImageObject\",\"inLanguage\":\"it-IT\",\"@id\":\"https:\\\/\\\/www.accuratereviews.com\\\/it\\\/software-gestione-ospedali\\\/evisit-recensione\\\/#primaryimage\",\"url\":\"https:\\\/\\\/www.accuratereviews.com\\\/wp-content\\\/uploads\\\/2021\\\/06\\\/eVisit-logo-1.png\",\"contentUrl\":\"https:\\\/\\\/www.accuratereviews.com\\\/wp-content\\\/uploads\\\/2021\\\/06\\\/eVisit-logo-1.png\",\"width\":1200,\"height\":1200},{\"@type\":\"BreadcrumbList\",\"@id\":\"https:\\\/\\\/www.accuratereviews.com\\\/it\\\/software-gestione-ospedali\\\/evisit-recensione\\\/#breadcrumb\",\"itemListElement\":[{\"@type\":\"ListItem\",\"position\":1,\"name\":\"Home\",\"item\":\"https:\\\/\\\/www.accuratereviews.com\\\/it\\\/\"},{\"@type\":\"ListItem\",\"position\":2,\"name\":\"Software per la gestione degli ospedali\",\"item\":\"https:\\\/\\\/www.accuratereviews.com\\\/it\\\/software-gestione-ospedali\\\/\"},{\"@type\":\"ListItem\",\"position\":3,\"name\":\"eVisit\"}]},{\"@type\":\"WebSite\",\"@id\":\"https:\\\/\\\/www.accuratereviews.com\\\/it\\\/#website\",\"url\":\"https:\\\/\\\/www.accuratereviews.com\\\/it\\\/\",\"name\":\"Accurate Reviews\",\"description\":\"\",\"potentialAction\":[{\"@type\":\"SearchAction\",\"target\":{\"@type\":\"EntryPoint\",\"urlTemplate\":\"https:\\\/\\\/www.accuratereviews.com\\\/it\\\/?s={search_term_string}\"},\"query-input\":{\"@type\":\"PropertyValueSpecification\",\"valueRequired\":true,\"valueName\":\"search_term_string\"}}],\"inLanguage\":\"it-IT\"}]}<\/script>\n<!-- \/ Yoast SEO plugin. -->","yoast_head_json":{"title":"eVisit: recensione software gestione ospedali - Accurate Reviews","description":"eVisit: recensione piattaforma di monitoraggio remoto dei pazienti che consente agli istituti medici di ottimizzare i flussi di lavoro.","robots":{"index":"index","follow":"follow","max-snippet":"max-snippet:-1","max-image-preview":"max-image-preview:large","max-video-preview":"max-video-preview:-1"},"canonical":"https:\/\/www.accuratereviews.com\/it\/software-gestione-ospedali\/evisit-recensione\/","og_locale":"it_IT","og_type":"article","og_title":"eVisit: recensione software gestione ospedali - Accurate Reviews","og_description":"eVisit: recensione piattaforma di monitoraggio remoto dei pazienti che consente agli istituti medici di ottimizzare i flussi di lavoro.","og_url":"https:\/\/www.accuratereviews.com\/it\/software-gestione-ospedali\/evisit-recensione\/","og_site_name":"Accurate Reviews","og_image":[{"width":1200,"height":1200,"url":"https:\/\/www.accuratereviews.com\/wp-content\/uploads\/2021\/06\/eVisit-logo-1.png","type":"image\/png"}],"twitter_card":"summary_large_image","twitter_misc":{"Tempo di lettura stimato":"3 minuti"},"schema":{"@context":"https:\/\/schema.org","@graph":[{"@type":"WebPage","@id":"https:\/\/www.accuratereviews.com\/it\/software-gestione-ospedali\/evisit-recensione\/","url":"https:\/\/www.accuratereviews.com\/it\/software-gestione-ospedali\/evisit-recensione\/","name":"eVisit: recensione software gestione ospedali - Accurate Reviews","isPartOf":{"@id":"https:\/\/www.accuratereviews.com\/it\/#website"},"primaryImageOfPage":{"@id":"https:\/\/www.accuratereviews.com\/it\/software-gestione-ospedali\/evisit-recensione\/#primaryimage"},"image":{"@id":"https:\/\/www.accuratereviews.com\/it\/software-gestione-ospedali\/evisit-recensione\/#primaryimage"},"thumbnailUrl":"https:\/\/www.accuratereviews.com\/wp-content\/uploads\/2021\/06\/eVisit-logo-1.png","datePublished":"2021-06-07T10:19:52+00:00","description":"eVisit: recensione piattaforma di monitoraggio remoto dei pazienti che consente agli istituti medici di ottimizzare i flussi di lavoro.","breadcrumb":{"@id":"https:\/\/www.accuratereviews.com\/it\/software-gestione-ospedali\/evisit-recensione\/#breadcrumb"},"inLanguage":"it-IT","potentialAction":[{"@type":"ReadAction","target":["https:\/\/www.accuratereviews.com\/it\/software-gestione-ospedali\/evisit-recensione\/"]}]},{"@type":"ImageObject","inLanguage":"it-IT","@id":"https:\/\/www.accuratereviews.com\/it\/software-gestione-ospedali\/evisit-recensione\/#primaryimage","url":"https:\/\/www.accuratereviews.com\/wp-content\/uploads\/2021\/06\/eVisit-logo-1.png","contentUrl":"https:\/\/www.accuratereviews.com\/wp-content\/uploads\/2021\/06\/eVisit-logo-1.png","width":1200,"height":1200},{"@type":"BreadcrumbList","@id":"https:\/\/www.accuratereviews.com\/it\/software-gestione-ospedali\/evisit-recensione\/#breadcrumb","itemListElement":[{"@type":"ListItem","position":1,"name":"Home","item":"https:\/\/www.accuratereviews.com\/it\/"},{"@type":"ListItem","position":2,"name":"Software per la gestione degli ospedali","item":"https:\/\/www.accuratereviews.com\/it\/software-gestione-ospedali\/"},{"@type":"ListItem","position":3,"name":"eVisit"}]},{"@type":"WebSite","@id":"https:\/\/www.accuratereviews.com\/it\/#website","url":"https:\/\/www.accuratereviews.com\/it\/","name":"Accurate Reviews","description":"","potentialAction":[{"@type":"SearchAction","target":{"@type":"EntryPoint","urlTemplate":"https:\/\/www.accuratereviews.com\/it\/?s={search_term_string}"},"query-input":{"@type":"PropertyValueSpecification","valueRequired":true,"valueName":"search_term_string"}}],"inLanguage":"it-IT"}]}},"_links":{"self":[{"href":"https:\/\/www.accuratereviews.com\/it\/wp-json\/wp\/v2\/pages\/43756","targetHints":{"allow":["GET"]}}],"collection":[{"href":"https:\/\/www.accuratereviews.com\/it\/wp-json\/wp\/v2\/pages"}],"about":[{"href":"https:\/\/www.accuratereviews.com\/it\/wp-json\/wp\/v2\/types\/page"}],"author":[{"embeddable":true,"href":"https:\/\/www.accuratereviews.com\/it\/wp-json\/wp\/v2\/users\/16"}],"replies":[{"embeddable":true,"href":"https:\/\/www.accuratereviews.com\/it\/wp-json\/wp\/v2\/comments?post=43756"}],"version-history":[{"count":8,"href":"https:\/\/www.accuratereviews.com\/it\/wp-json\/wp\/v2\/pages\/43756\/revisions"}],"predecessor-version":[{"id":43787,"href":"https:\/\/www.accuratereviews.com\/it\/wp-json\/wp\/v2\/pages\/43756\/revisions\/43787"}],"up":[{"embeddable":true,"href":"https:\/\/www.accuratereviews.com\/it\/wp-json\/wp\/v2\/pages\/43555"}],"wp:featuredmedia":[{"embeddable":true,"href":"https:\/\/www.accuratereviews.com\/it\/wp-json\/wp\/v2\/media\/43757"}],"wp:attachment":[{"href":"https:\/\/www.accuratereviews.com\/it\/wp-json\/wp\/v2\/media?parent=43756"}],"wp:term":[{"taxonomy":"category","embeddable":true,"href":"https:\/\/www.accuratereviews.com\/it\/wp-json\/wp\/v2\/categories?post=43756"},{"taxonomy":"post_tag","embeddable":true,"href":"https:\/\/www.accuratereviews.com\/it\/wp-json\/wp\/v2\/tags?post=43756"},{"taxonomy":"features","embeddable":true,"href":"https:\/\/www.accuratereviews.com\/it\/wp-json\/wp\/v2\/features?post=43756"}],"curies":[{"name":"wp","href":"https:\/\/api.w.org\/{rel}","templated":true}]}}