{"id":43808,"date":"2021-06-08T10:12:31","date_gmt":"2021-06-08T10:12:31","guid":{"rendered":"https:\/\/www.accuratereviews.com\/?page_id=43808"},"modified":"2021-06-08T10:12:31","modified_gmt":"2021-06-08T10:12:31","slug":"insta-recensione","status":"publish","type":"page","link":"https:\/\/www.accuratereviews.com\/it\/software-gestione-ospedali\/insta-recensione\/","title":{"rendered":"Insta"},"content":{"rendered":"<p><strong>Insta<\/strong>, sviluppato da <strong>Proctor<\/strong>, \u00e8 un <strong>software di gestione ospedaliera<\/strong> con EMR (cartella medica elettronica) integrato, gestione del ciclo delle entrate e controllo dell&#8217;inventario. La soluzione di gestione ospedaliera all-in-one consente agli operatori sanitari di gestire l&#8217;esperienza del paziente controllando le operazioni quotidiane, da un&#8217;unica piattaforma centralizzata. <strong>Insta<\/strong> offre strumenti per digitalizzare i flussi di lavoro, coinvolgere i pazienti, aumentare la produttivit\u00e0 e ottenere informazioni sulle prestazioni dell&#8217;azienda.\u00a0Il modulo di gestione del ciclo delle entrate consente alle aziende sanitarie di gestire i processi finanziari relativi a tassazione, assicurazione, pre-autorizzazioni, invio di reclami, riconciliazione delle rimesse e altro ancora. Le soluzioni cliniche consentono agli utenti di gestire le operazioni ambulatoriali, ospedaliere e chirurgiche attraverso strumenti come triage, gestione dei ricoveri e delle dimissioni, pianificazione degli interventi chirurgici e altro ancora.<\/p>\n<h2>INSTA &#8211; TUTORIAL<\/h2>\n<p>Guardiamo insieme questo video che illustra cosa puoi fare con questo <strong>software gestionale per ospedali<\/strong>:<\/p>\n<div id=\"fluid-wrapper-counter-1\" class=\"g1-fluid-wrapper \" style=\"width:686px;\">\n<div style=\"padding-bottom:56.268221574344%;\"><iframe loading=\"lazy\" title=\"How to provide a great online consultation experience\" width=\"686\" height=\"386\" src=\"https:\/\/www.youtube.com\/embed\/4wSPBZ9emfk?feature=oembed&amp;wmode=transparent&amp;autohide=1&amp;autoplay=0&amp;disablekb=0&amp;fs=1&amp;loop=0&amp;enablejsapi=1&amp;rel=0&amp;controls=2&amp;showinfo=0&amp;wmode=transparent&amp;autohide=2&amp;autoplay=0&amp;disablekb=0&amp;fs=1&amp;loop=0&amp;enablejsapi=1&amp;rel=0&amp;controls=2&amp;showinfo=1\" frameborder=\"0\" allow=\"accelerometer; autoplay; clipboard-write; encrypted-media; gyroscope; picture-in-picture\" allowfullscreen><\/iframe><\/div>\n<\/div>\n<p>&nbsp;<\/p>\n<h3>INSTA &#8211; CARATTERISTICHE<\/h3>\n<ul>\n<li>Definire la priorit\u00e0 per il trattamento del paziente<\/li>\n<li>Modelli configurabili basati sulla progettazione di moduli per l&#8217;acquisizione di documentazione clinica relativa a valutazioni del paziente, anamnesi, allergie, problemi, segni vitali e altre note cliniche<\/li>\n<li>Prescrivere farmaci, ordini, interventi chirurgici o altri trattamenti vari<\/li>\n<li>Modelli configurabili basati sulla progettazione di moduli per l&#8217;acquisizione di documentazione clinica, note SOAP, anamnesi, revisione dei sistemi, cronologia delle malattie del paziente, esame fisico, grafici di immagini, allergie, segni vitali, problemi, diagnosi e altre note sui progressi<\/li>\n<li>Esclusioni assicurative automatizzate, limite e applicabilit\u00e0 delle regole di pre-autorizzazione agli elementi prescritti<\/li>\n<li>Progetta modelli predefiniti, aggiungi sezioni al volo, passa a un modulo di consultazione di follow-up per consentire una documentazione clinica rapida<\/li>\n<li>Prescrizioni di farmaci di marca o generici solo in vista della disponibilit\u00e0 delle farmacie<\/li>\n<li>Accesso alla visualizzazione delle cartelle cliniche dei pazienti EMR<\/li>\n<li>Acquisire richieste di ricovero e intervento chirurgico<\/li>\n<li>Report di diagnostica<\/li>\n<li>Dashboard dedicata alle prescrizioni in sospeso per rivedere gli articoli prescritti che non sono stati fatturati, gli stati di autorizzazione precedenti, l&#8217;utente assegnato, gli appuntamenti programmati e acquisire i dettagli sulla preparazione del paziente per garantire il monitoraggio del trattamento del paziente<\/li>\n<li>Utilizza il modello di documentazione dei moduli clinici proprietario per progettare e creare modelli per la documentazione clinica generica<\/li>\n<li>Documentazione multi-modulo dal design configurabile per la conservazione delle cartelle cliniche di valutazioni, rivalutazioni, note di avanzamento (basate su modelli) con salvataggio automatico e supporto per funzionalit\u00e0 multiutente<\/li>\n<li>Prescrizioni di diagnostica, servizi, rinvii incrociati, set di ordini, infusioni endovenose e farmaci<\/li>\n<li>Promemoria di vaccinazione automatizzati.<\/li>\n<\/ul>\n<h4>LE RECENSIONI DEGLI UTENTI<\/h4>\n<p class=\"font-weight-bold mb-1 d-flex align-items-center\"><strong>Rania A.&#8221;Questo software \u00e8 molto utile, puoi gestire una serie di pratiche utilizzando questo software.&#8221;<\/strong><\/p>\n<p><strong>Pro: <\/strong>Facile da usare i report sono fantastici.\u00a0Software robusto che soddisfa praticamente tutte le esigenze di un istituto medico<\/p>\n<p><strong>Contro: <\/strong>Ci sono alcune scappatoie di base che devono essere affrontate.\u00a0Il servizio clienti non richiama se lasciamo un messaggio vocale.<\/p>\n<p class=\"font-weight-bold mb-1 d-flex align-items-center\"><strong>Dinesh P.&#8221;Buon supporto 24 ore su 24, 7 giorni su 7, da 7 anni&#8221;<\/strong><\/p>\n<p class=\"font-weight-bold mb-1 d-flex align-items-center\"><strong>Commenti: <\/strong>Insta HMS \u00e8 una soluzione basata su cloud\/web per la gestione ospedaliera. Le funzionalit\u00e0 includono Appuntamenti medici, Gestione OPD, Gestione IPD, Farmacia, Gestione inventario, Integrazione con account e modulo Paghe insieme all&#8217;EMR clinico completamente personalizzato. La soluzione aiuter\u00e0 gli amministratori ospedalieri, i medici e altro personale a tenere traccia di ogni piccola parte delle attivit\u00e0 svolte nei vari reparti dell&#8217;ospedale\/clinica e si prender\u00e0 cura di tutti gli aspetti funzionali di tutti i tipi di organizzazione sanitaria.<\/p>\n<p class=\"font-weight-bold mb-1 d-flex align-items-center\"><strong>Sanket D.&#8221;Tutto in un HMS. Con un ottimo supporto clienti&#8221;<\/strong><\/p>\n<p><strong>Commenti: <\/strong>Quando si tratta di HMS, sono necessarie tutte le funzionalit\u00e0 e un ottimo livello GUI Insta HMS \u00e8 la risposta per tutti. Sebbene siano necessari ulteriori miglioramenti e funzionalit\u00e0, nel complesso \u00e8 un prodotto molto soddisfacente. E il &#8220;team di assistenza clienti&#8221; aiutano davvero.<\/p>\n<p><strong>Pro: <\/strong>Supporto Clienti. Che fa tutto in un attimo.<\/p>\n<p><strong>Contro: <\/strong>Il modulo IVF \u00e8 debole e necessita di pi\u00f9 ricerca e sviluppo.<\/p>\n<p>&nbsp;<\/p>\n","protected":false},"excerpt":{"rendered":"<p>Insta sviluppato da Proctor \u00e8 un software di gestione ospedaliera con EMR (cartella medica elettronica) integrato, gestione del ciclo delle entrate e controllo dell&#8217;inventario. La soluzione di gestione ospedaliera all-in-one consente agli operatori sanitari di gestire l&#8217;esperienza del paziente controllando le operazioni quotidiane, da un&#8217;unica piattaforma centralizzata.<\/p>\n","protected":false},"author":16,"featured_media":43809,"parent":43555,"menu_order":0,"comment_status":"open","ping_status":"closed","template":"g1_template_page_review_new.php","meta":{"_acf_changed":false,"cwp_meta_box_check":"Yes","cwp_rev_product_name":"","cwp_rev_product_image":"","wppr_links":[],"cwp_rev_price":"","wppr_options":[],"wppr_pros":[],"wppr_cons":[],"_monsterinsights_skip_tracking":false,"_monsterinsights_sitenote_active":false,"_monsterinsights_sitenote_note":"","_monsterinsights_sitenote_category":0,"footnotes":""},"categories":[6100],"tags":[6210,6129,6211,6128,6194,6195],"features":[],"class_list":{"0":"post-43808","1":"page","2":"type-page","3":"status-publish","4":"has-post-thumbnail","6":"category-software-gestione-ospedali-cat","7":"tag-insta","8":"tag-piattaforma-gestionale-per-ospedali","9":"tag-proctor","10":"tag-programma-gestionale-per-ospedali","11":"tag-software-gestionale-per-ospedali","12":"tag-soluzione-gestionale-per-ospedali"},"wppr_data":{"cwp_meta_box_check":"Yes","cwp_rev_product_name":"","cwp_rev_product_image":"","cwp_image_link":"image","cwp_rev_price":"","wppr_rating":"0.00"},"acf":[],"yoast_head":"<!-- This site is optimized with the Yoast SEO plugin v27.4 - https:\/\/yoast.com\/product\/yoast-seo-wordpress\/ -->\n<title>Insta: recensione software gestione ospedale - Accurate Reviews<\/title>\n<meta name=\"description\" content=\"Insta: recensione software di gestione ospedaliera con EMR integrato, amministrazione del ciclo delle entrate e controllo dell&#039;inventario.\" \/>\n<meta name=\"robots\" content=\"index, follow, max-snippet:-1, max-image-preview:large, max-video-preview:-1\" \/>\n<link rel=\"canonical\" href=\"https:\/\/www.accuratereviews.com\/it\/software-gestione-ospedali\/insta-recensione\/\" \/>\n<meta property=\"og:locale\" content=\"it_IT\" \/>\n<meta property=\"og:type\" content=\"article\" \/>\n<meta property=\"og:title\" content=\"Insta: recensione software gestione ospedale - Accurate Reviews\" \/>\n<meta property=\"og:description\" content=\"Insta: recensione software di gestione ospedaliera con EMR integrato, amministrazione del ciclo delle entrate e controllo dell&#039;inventario.\" \/>\n<meta property=\"og:url\" content=\"https:\/\/www.accuratereviews.com\/it\/software-gestione-ospedali\/insta-recensione\/\" \/>\n<meta property=\"og:site_name\" content=\"Accurate Reviews\" \/>\n<meta property=\"og:image\" content=\"https:\/\/www.accuratereviews.com\/wp-content\/uploads\/2021\/06\/insta.png\" \/>\n\t<meta property=\"og:image:width\" content=\"1024\" \/>\n\t<meta property=\"og:image:height\" content=\"512\" \/>\n\t<meta property=\"og:image:type\" content=\"image\/png\" \/>\n<meta name=\"twitter:card\" content=\"summary_large_image\" \/>\n<meta name=\"twitter:label1\" content=\"Tempo di lettura stimato\" \/>\n\t<meta name=\"twitter:data1\" content=\"3 minuti\" \/>\n<script type=\"application\/ld+json\" class=\"yoast-schema-graph\">{\"@context\":\"https:\\\/\\\/schema.org\",\"@graph\":[{\"@type\":\"WebPage\",\"@id\":\"https:\\\/\\\/www.accuratereviews.com\\\/it\\\/software-gestione-ospedali\\\/insta-recensione\\\/\",\"url\":\"https:\\\/\\\/www.accuratereviews.com\\\/it\\\/software-gestione-ospedali\\\/insta-recensione\\\/\",\"name\":\"Insta: recensione software gestione ospedale - Accurate Reviews\",\"isPartOf\":{\"@id\":\"https:\\\/\\\/www.accuratereviews.com\\\/it\\\/#website\"},\"primaryImageOfPage\":{\"@id\":\"https:\\\/\\\/www.accuratereviews.com\\\/it\\\/software-gestione-ospedali\\\/insta-recensione\\\/#primaryimage\"},\"image\":{\"@id\":\"https:\\\/\\\/www.accuratereviews.com\\\/it\\\/software-gestione-ospedali\\\/insta-recensione\\\/#primaryimage\"},\"thumbnailUrl\":\"https:\\\/\\\/www.accuratereviews.com\\\/wp-content\\\/uploads\\\/2021\\\/06\\\/insta.png\",\"datePublished\":\"2021-06-08T10:12:31+00:00\",\"description\":\"Insta: recensione software di gestione ospedaliera con EMR integrato, amministrazione del ciclo delle entrate e controllo dell'inventario.\",\"breadcrumb\":{\"@id\":\"https:\\\/\\\/www.accuratereviews.com\\\/it\\\/software-gestione-ospedali\\\/insta-recensione\\\/#breadcrumb\"},\"inLanguage\":\"it-IT\",\"potentialAction\":[{\"@type\":\"ReadAction\",\"target\":[\"https:\\\/\\\/www.accuratereviews.com\\\/it\\\/software-gestione-ospedali\\\/insta-recensione\\\/\"]}]},{\"@type\":\"ImageObject\",\"inLanguage\":\"it-IT\",\"@id\":\"https:\\\/\\\/www.accuratereviews.com\\\/it\\\/software-gestione-ospedali\\\/insta-recensione\\\/#primaryimage\",\"url\":\"https:\\\/\\\/www.accuratereviews.com\\\/wp-content\\\/uploads\\\/2021\\\/06\\\/insta.png\",\"contentUrl\":\"https:\\\/\\\/www.accuratereviews.com\\\/wp-content\\\/uploads\\\/2021\\\/06\\\/insta.png\",\"width\":1024,\"height\":512},{\"@type\":\"BreadcrumbList\",\"@id\":\"https:\\\/\\\/www.accuratereviews.com\\\/it\\\/software-gestione-ospedali\\\/insta-recensione\\\/#breadcrumb\",\"itemListElement\":[{\"@type\":\"ListItem\",\"position\":1,\"name\":\"Home\",\"item\":\"https:\\\/\\\/www.accuratereviews.com\\\/it\\\/\"},{\"@type\":\"ListItem\",\"position\":2,\"name\":\"Software per la gestione degli ospedali\",\"item\":\"https:\\\/\\\/www.accuratereviews.com\\\/it\\\/software-gestione-ospedali\\\/\"},{\"@type\":\"ListItem\",\"position\":3,\"name\":\"Insta\"}]},{\"@type\":\"WebSite\",\"@id\":\"https:\\\/\\\/www.accuratereviews.com\\\/it\\\/#website\",\"url\":\"https:\\\/\\\/www.accuratereviews.com\\\/it\\\/\",\"name\":\"Accurate Reviews\",\"description\":\"\",\"potentialAction\":[{\"@type\":\"SearchAction\",\"target\":{\"@type\":\"EntryPoint\",\"urlTemplate\":\"https:\\\/\\\/www.accuratereviews.com\\\/it\\\/?s={search_term_string}\"},\"query-input\":{\"@type\":\"PropertyValueSpecification\",\"valueRequired\":true,\"valueName\":\"search_term_string\"}}],\"inLanguage\":\"it-IT\"}]}<\/script>\n<!-- \/ Yoast SEO plugin. -->","yoast_head_json":{"title":"Insta: recensione software gestione ospedale - Accurate Reviews","description":"Insta: recensione software di gestione ospedaliera con EMR integrato, amministrazione del ciclo delle entrate e controllo dell'inventario.","robots":{"index":"index","follow":"follow","max-snippet":"max-snippet:-1","max-image-preview":"max-image-preview:large","max-video-preview":"max-video-preview:-1"},"canonical":"https:\/\/www.accuratereviews.com\/it\/software-gestione-ospedali\/insta-recensione\/","og_locale":"it_IT","og_type":"article","og_title":"Insta: recensione software gestione ospedale - Accurate Reviews","og_description":"Insta: recensione software di gestione ospedaliera con EMR integrato, amministrazione del ciclo delle entrate e controllo dell'inventario.","og_url":"https:\/\/www.accuratereviews.com\/it\/software-gestione-ospedali\/insta-recensione\/","og_site_name":"Accurate Reviews","og_image":[{"width":1024,"height":512,"url":"https:\/\/www.accuratereviews.com\/wp-content\/uploads\/2021\/06\/insta.png","type":"image\/png"}],"twitter_card":"summary_large_image","twitter_misc":{"Tempo di lettura stimato":"3 minuti"},"schema":{"@context":"https:\/\/schema.org","@graph":[{"@type":"WebPage","@id":"https:\/\/www.accuratereviews.com\/it\/software-gestione-ospedali\/insta-recensione\/","url":"https:\/\/www.accuratereviews.com\/it\/software-gestione-ospedali\/insta-recensione\/","name":"Insta: recensione software gestione ospedale - Accurate Reviews","isPartOf":{"@id":"https:\/\/www.accuratereviews.com\/it\/#website"},"primaryImageOfPage":{"@id":"https:\/\/www.accuratereviews.com\/it\/software-gestione-ospedali\/insta-recensione\/#primaryimage"},"image":{"@id":"https:\/\/www.accuratereviews.com\/it\/software-gestione-ospedali\/insta-recensione\/#primaryimage"},"thumbnailUrl":"https:\/\/www.accuratereviews.com\/wp-content\/uploads\/2021\/06\/insta.png","datePublished":"2021-06-08T10:12:31+00:00","description":"Insta: recensione software di gestione ospedaliera con EMR integrato, amministrazione del ciclo delle entrate e controllo dell'inventario.","breadcrumb":{"@id":"https:\/\/www.accuratereviews.com\/it\/software-gestione-ospedali\/insta-recensione\/#breadcrumb"},"inLanguage":"it-IT","potentialAction":[{"@type":"ReadAction","target":["https:\/\/www.accuratereviews.com\/it\/software-gestione-ospedali\/insta-recensione\/"]}]},{"@type":"ImageObject","inLanguage":"it-IT","@id":"https:\/\/www.accuratereviews.com\/it\/software-gestione-ospedali\/insta-recensione\/#primaryimage","url":"https:\/\/www.accuratereviews.com\/wp-content\/uploads\/2021\/06\/insta.png","contentUrl":"https:\/\/www.accuratereviews.com\/wp-content\/uploads\/2021\/06\/insta.png","width":1024,"height":512},{"@type":"BreadcrumbList","@id":"https:\/\/www.accuratereviews.com\/it\/software-gestione-ospedali\/insta-recensione\/#breadcrumb","itemListElement":[{"@type":"ListItem","position":1,"name":"Home","item":"https:\/\/www.accuratereviews.com\/it\/"},{"@type":"ListItem","position":2,"name":"Software per la gestione degli ospedali","item":"https:\/\/www.accuratereviews.com\/it\/software-gestione-ospedali\/"},{"@type":"ListItem","position":3,"name":"Insta"}]},{"@type":"WebSite","@id":"https:\/\/www.accuratereviews.com\/it\/#website","url":"https:\/\/www.accuratereviews.com\/it\/","name":"Accurate Reviews","description":"","potentialAction":[{"@type":"SearchAction","target":{"@type":"EntryPoint","urlTemplate":"https:\/\/www.accuratereviews.com\/it\/?s={search_term_string}"},"query-input":{"@type":"PropertyValueSpecification","valueRequired":true,"valueName":"search_term_string"}}],"inLanguage":"it-IT"}]}},"_links":{"self":[{"href":"https:\/\/www.accuratereviews.com\/it\/wp-json\/wp\/v2\/pages\/43808","targetHints":{"allow":["GET"]}}],"collection":[{"href":"https:\/\/www.accuratereviews.com\/it\/wp-json\/wp\/v2\/pages"}],"about":[{"href":"https:\/\/www.accuratereviews.com\/it\/wp-json\/wp\/v2\/types\/page"}],"author":[{"embeddable":true,"href":"https:\/\/www.accuratereviews.com\/it\/wp-json\/wp\/v2\/users\/16"}],"replies":[{"embeddable":true,"href":"https:\/\/www.accuratereviews.com\/it\/wp-json\/wp\/v2\/comments?post=43808"}],"version-history":[{"count":7,"href":"https:\/\/www.accuratereviews.com\/it\/wp-json\/wp\/v2\/pages\/43808\/revisions"}],"predecessor-version":[{"id":43834,"href":"https:\/\/www.accuratereviews.com\/it\/wp-json\/wp\/v2\/pages\/43808\/revisions\/43834"}],"up":[{"embeddable":true,"href":"https:\/\/www.accuratereviews.com\/it\/wp-json\/wp\/v2\/pages\/43555"}],"wp:featuredmedia":[{"embeddable":true,"href":"https:\/\/www.accuratereviews.com\/it\/wp-json\/wp\/v2\/media\/43809"}],"wp:attachment":[{"href":"https:\/\/www.accuratereviews.com\/it\/wp-json\/wp\/v2\/media?parent=43808"}],"wp:term":[{"taxonomy":"category","embeddable":true,"href":"https:\/\/www.accuratereviews.com\/it\/wp-json\/wp\/v2\/categories?post=43808"},{"taxonomy":"post_tag","embeddable":true,"href":"https:\/\/www.accuratereviews.com\/it\/wp-json\/wp\/v2\/tags?post=43808"},{"taxonomy":"features","embeddable":true,"href":"https:\/\/www.accuratereviews.com\/it\/wp-json\/wp\/v2\/features?post=43808"}],"curies":[{"name":"wp","href":"https:\/\/api.w.org\/{rel}","templated":true}]}}