{"id":43819,"date":"2021-06-08T10:07:57","date_gmt":"2021-06-08T10:07:57","guid":{"rendered":"https:\/\/www.accuratereviews.com\/?page_id=43819"},"modified":"2021-06-08T10:07:57","modified_gmt":"2021-06-08T10:07:57","slug":"medez-recensione","status":"publish","type":"page","link":"https:\/\/www.accuratereviews.com\/it\/software-gestione-ospedali\/medez-recensione\/","title":{"rendered":"MedEZ"},"content":{"rendered":"<p><strong>MedEZ<\/strong> \u00e8 un <strong>software per le cartelle cliniche elettroniche (EHR)<\/strong> e una <strong>suite di fatturazione<\/strong> adatta alla maggior parte delle strutture mediche, in particolare ai centri di salute comportamentale e ai programmi di riabilitazione dall&#8217;abuso di sostanze. Sono disponibili distribuzioni on-premise e basate su <strong>cloud<\/strong>. \u00c8 dotato di schermate di pianificazione per medico singolo e multiplo, pianificazioni delle risorse, notifiche email e di testo, una lista d&#8217;attesa e appuntamenti di gruppo.\u00a0<strong>MedEZ<\/strong> offre anche cartelle cliniche, documentazione, gestione dello studio medico, un portale per i pazienti e fatturazione conformi a HIPAA. Gli utenti possono prendere appunti clinici e registrare i codici di fatturazione. Sono inclusi anche strumenti di gestione di documenti e immagini DICOM, nonch\u00e9 un modulo per recuperare e archiviare i risultati di laboratorio e un modulo farmacia che include la gestione dell&#8217;inventario dei farmaci.<\/p>\n<h2>MEDEZ &#8211; TUTORIAL<\/h2>\n<p>Guardiamo come creare una dashboard comprensibile e dettagliata con questo <strong>software gestionale per ospedali<\/strong>:<\/p>\n<div id=\"fluid-wrapper-counter-1\" class=\"g1-fluid-wrapper \" style=\"width:686px;\">\n<div style=\"padding-bottom:56.268221574344%;\"><iframe loading=\"lazy\" title=\"MedEZ - DEMO Lab Dashboard\" width=\"515\" height=\"386\" src=\"https:\/\/www.youtube.com\/embed\/hLBru8Gow9o?feature=oembed&amp;wmode=transparent&amp;autohide=1&amp;autoplay=0&amp;disablekb=0&amp;fs=1&amp;loop=0&amp;enablejsapi=1&amp;rel=0&amp;controls=2&amp;showinfo=0&amp;wmode=transparent&amp;autohide=2&amp;autoplay=0&amp;disablekb=0&amp;fs=1&amp;loop=0&amp;enablejsapi=1&amp;rel=0&amp;controls=2&amp;showinfo=1\" frameborder=\"0\" allow=\"accelerometer; autoplay; clipboard-write; encrypted-media; gyroscope; picture-in-picture\" allowfullscreen><\/iframe><\/div>\n<\/div>\n<h3>MEDEZ &#8211; CARATTERISTICHE<\/h3>\n<ul>\n<li><strong>Dashboard<\/strong>: la dashboard operativa a servizio completo per i programmi di ricovero, che consente agli utenti di eseguire tutte le operazioni cliniche quotidiane<\/li>\n<li><strong>Schede:<\/strong> il software fornisce uno strumento di pianificazione flessibile per prenotare, gestire e tenere traccia degli appuntamenti dei pazienti nel programma ambulatoriale<\/li>\n<li><strong>Laboratorio<\/strong>: funzione completamente integrata per ordinare, elaborare e riportare i risultati dei test per i sistemi di laboratorio interni ed esterni.<\/li>\n<li><strong>Portale pazienti<\/strong>: un modulo multifunzionale con accesso a varie aree di informazioni sul paziente<\/li>\n<li><strong>Gestione del ciclo di fatturazione e ricavi<\/strong>: elabora facilmente i reclami in base ai servizi forniti, stampa o invia reclami in formato elettronico, monitora i pagamenti e controlla le prestazioni finanziarie della struttura<\/li>\n<li><strong>Farmacia<\/strong>: strumento di accesso completo per la gestione di tutte le funzioni della farmacia, compresa l&#8217;erogazione dei farmaci e il controllo dell&#8217;inventario<\/li>\n<li><strong>Gestione dei documenti<\/strong>: fornisce un modo rapido e intuitivo per tenere traccia e gestire qualsiasi record del paziente esistente e passato<\/li>\n<li><strong>Medez BI<\/strong>: offre una variet\u00e0 di capacit\u00e0 statistiche flessibili basate sui dati in tempo reale della tua struttura.<\/li>\n<\/ul>\n<h4>LE RECENSIONI DEGLI UTENTI<\/h4>\n<p class=\"font-weight-bold mb-1 d-flex align-items-center\"><strong>Susan T.&#8221;Ottimo team di supporto&#8221;<\/strong><\/p>\n<p><strong>Commenti: <\/strong>Amanda Brown in particolare si \u00e8 sempre resa disponibile per aiutare il mio personale con la formazione, ecc. Quando abbiamo bisogno di modifiche ai moduli, ecc. \u00e8 sempre pronta ad aiutarci. Med Ez \u00e8 molto facile da usare e disponibile con problemi di fatturazione.<\/p>\n<p><strong>Pro: <\/strong>Facile da imparare e facile da usare.<\/p>\n<p><strong>Contro: <\/strong>Ci sono alcune cose che il mio stato richiede che non sono facili da implementare.<\/p>\n<p class=\"font-weight-bold mb-1 d-flex align-items-center\"><strong>Kim M.&#8221;MedEZ&#8221;<\/strong><\/p>\n<p><strong>Commenti: <\/strong>Il personale ha reso questo processo molto semplice. Abbiamo conferenze telefoniche settimanali e andiamo in diretta la prossima settimana. Mi sento preparato e fiducioso che tutto andr\u00e0 per il meglio.<\/p>\n<p><strong>Pro: <\/strong>Ha un programmatore, cartella clinica elettronica, fatturazione e prescrizione a un prezzo accessibile. Il personale di supporto \u00e8 eccellente e ben organizzato.<\/p>\n<p><strong>Contro: <\/strong>Alcune cose non possono essere personalizzate con il Piano di trattamento.<\/p>\n<p class=\"font-weight-bold mb-1 d-flex align-items-center\"><strong>Shela D.&#8221;Il miglior software di sempre!!!&#8221;<\/strong><\/p>\n<p><strong>Commenti: <\/strong>Uso questo software da molti anni ormai e posso davvero dire che \u00e8 stato fantastico. \u00c8 molto facile da usare e anche le funzionalit\u00e0 sono molto utili. Anche l&#8217;assistenza clienti \u00e8 molto affidabile.<\/p>\n<p><strong>Pro: <\/strong>le diverse caratteristiche che ha per aiutare la nostra azienda nel corso della giornata.<\/p>\n<p><strong>Contro: <\/strong>nessuna<\/p>\n<p>&nbsp;<\/p>\n","protected":false},"excerpt":{"rendered":"<p>MedEZ \u00e8 un software per le cartelle cliniche elettroniche (EHR) e una suite di fatturazione adatta alla maggior parte delle strutture mediche, in particolare ai centri di salute comportamentale e ai programmi di riabilitazione dall&#8217;abuso di sostanze. Sono disponibili distribuzioni on-premise e basate su cloud.<\/p>\n","protected":false},"author":16,"featured_media":43822,"parent":43555,"menu_order":0,"comment_status":"open","ping_status":"closed","template":"g1_template_page_review_new.php","meta":{"_acf_changed":false,"cwp_meta_box_check":"Yes","cwp_rev_product_name":"","cwp_rev_product_image":"","wppr_links":[],"cwp_rev_price":"","wppr_options":[],"wppr_pros":[],"wppr_cons":[],"_monsterinsights_skip_tracking":false,"_monsterinsights_sitenote_active":false,"_monsterinsights_sitenote_note":"","_monsterinsights_sitenote_category":0,"footnotes":""},"categories":[6100],"tags":[396,6212,6129,6128,6194,6195],"features":[],"class_list":{"0":"post-43819","1":"page","2":"type-page","3":"status-publish","4":"has-post-thumbnail","6":"category-software-gestione-ospedali-cat","7":"tag-cloud","8":"tag-medez","9":"tag-piattaforma-gestionale-per-ospedali","10":"tag-programma-gestionale-per-ospedali","11":"tag-software-gestionale-per-ospedali","12":"tag-soluzione-gestionale-per-ospedali"},"wppr_data":{"cwp_meta_box_check":"Yes","cwp_rev_product_name":"","cwp_rev_product_image":"","cwp_image_link":"image","cwp_rev_price":"","wppr_rating":"0.00"},"acf":[],"yoast_head":"<!-- This site is optimized with the Yoast SEO plugin v27.4 - https:\/\/yoast.com\/product\/yoast-seo-wordpress\/ -->\n<title>MedEZ: recensione software gestione ospedali - Accurate Reviews<\/title>\n<meta name=\"description\" content=\"MedEZ: recensione software per le cartelle cliniche elettroniche (EHR) e suite di fatturazione adatta a strutture mediche specializzate.\" \/>\n<meta name=\"robots\" content=\"index, follow, max-snippet:-1, max-image-preview:large, max-video-preview:-1\" \/>\n<link rel=\"canonical\" href=\"https:\/\/www.accuratereviews.com\/it\/software-gestione-ospedali\/medez-recensione\/\" \/>\n<meta property=\"og:locale\" content=\"it_IT\" \/>\n<meta property=\"og:type\" content=\"article\" \/>\n<meta property=\"og:title\" content=\"MedEZ: recensione software gestione ospedali - Accurate Reviews\" \/>\n<meta property=\"og:description\" content=\"MedEZ: recensione software per le cartelle cliniche elettroniche (EHR) e suite di fatturazione adatta a strutture mediche specializzate.\" \/>\n<meta property=\"og:url\" content=\"https:\/\/www.accuratereviews.com\/it\/software-gestione-ospedali\/medez-recensione\/\" \/>\n<meta property=\"og:site_name\" content=\"Accurate Reviews\" \/>\n<meta property=\"og:image\" content=\"https:\/\/www.accuratereviews.com\/wp-content\/uploads\/2021\/06\/medez.jpg\" \/>\n\t<meta property=\"og:image:width\" content=\"600\" \/>\n\t<meta property=\"og:image:height\" content=\"314\" \/>\n\t<meta property=\"og:image:type\" content=\"image\/jpeg\" \/>\n<meta name=\"twitter:card\" content=\"summary_large_image\" \/>\n<meta name=\"twitter:label1\" content=\"Tempo di lettura stimato\" \/>\n\t<meta name=\"twitter:data1\" content=\"3 minuti\" \/>\n<script type=\"application\/ld+json\" class=\"yoast-schema-graph\">{\"@context\":\"https:\\\/\\\/schema.org\",\"@graph\":[{\"@type\":\"WebPage\",\"@id\":\"https:\\\/\\\/www.accuratereviews.com\\\/it\\\/software-gestione-ospedali\\\/medez-recensione\\\/\",\"url\":\"https:\\\/\\\/www.accuratereviews.com\\\/it\\\/software-gestione-ospedali\\\/medez-recensione\\\/\",\"name\":\"MedEZ: recensione software gestione ospedali - Accurate Reviews\",\"isPartOf\":{\"@id\":\"https:\\\/\\\/www.accuratereviews.com\\\/it\\\/#website\"},\"primaryImageOfPage\":{\"@id\":\"https:\\\/\\\/www.accuratereviews.com\\\/it\\\/software-gestione-ospedali\\\/medez-recensione\\\/#primaryimage\"},\"image\":{\"@id\":\"https:\\\/\\\/www.accuratereviews.com\\\/it\\\/software-gestione-ospedali\\\/medez-recensione\\\/#primaryimage\"},\"thumbnailUrl\":\"https:\\\/\\\/www.accuratereviews.com\\\/wp-content\\\/uploads\\\/2021\\\/06\\\/medez.jpg\",\"datePublished\":\"2021-06-08T10:07:57+00:00\",\"description\":\"MedEZ: recensione software per le cartelle cliniche elettroniche (EHR) e suite di fatturazione adatta a strutture mediche specializzate.\",\"breadcrumb\":{\"@id\":\"https:\\\/\\\/www.accuratereviews.com\\\/it\\\/software-gestione-ospedali\\\/medez-recensione\\\/#breadcrumb\"},\"inLanguage\":\"it-IT\",\"potentialAction\":[{\"@type\":\"ReadAction\",\"target\":[\"https:\\\/\\\/www.accuratereviews.com\\\/it\\\/software-gestione-ospedali\\\/medez-recensione\\\/\"]}]},{\"@type\":\"ImageObject\",\"inLanguage\":\"it-IT\",\"@id\":\"https:\\\/\\\/www.accuratereviews.com\\\/it\\\/software-gestione-ospedali\\\/medez-recensione\\\/#primaryimage\",\"url\":\"https:\\\/\\\/www.accuratereviews.com\\\/wp-content\\\/uploads\\\/2021\\\/06\\\/medez.jpg\",\"contentUrl\":\"https:\\\/\\\/www.accuratereviews.com\\\/wp-content\\\/uploads\\\/2021\\\/06\\\/medez.jpg\",\"width\":600,\"height\":314},{\"@type\":\"BreadcrumbList\",\"@id\":\"https:\\\/\\\/www.accuratereviews.com\\\/it\\\/software-gestione-ospedali\\\/medez-recensione\\\/#breadcrumb\",\"itemListElement\":[{\"@type\":\"ListItem\",\"position\":1,\"name\":\"Home\",\"item\":\"https:\\\/\\\/www.accuratereviews.com\\\/it\\\/\"},{\"@type\":\"ListItem\",\"position\":2,\"name\":\"Software per la gestione degli ospedali\",\"item\":\"https:\\\/\\\/www.accuratereviews.com\\\/it\\\/software-gestione-ospedali\\\/\"},{\"@type\":\"ListItem\",\"position\":3,\"name\":\"MedEZ\"}]},{\"@type\":\"WebSite\",\"@id\":\"https:\\\/\\\/www.accuratereviews.com\\\/it\\\/#website\",\"url\":\"https:\\\/\\\/www.accuratereviews.com\\\/it\\\/\",\"name\":\"Accurate Reviews\",\"description\":\"\",\"potentialAction\":[{\"@type\":\"SearchAction\",\"target\":{\"@type\":\"EntryPoint\",\"urlTemplate\":\"https:\\\/\\\/www.accuratereviews.com\\\/it\\\/?s={search_term_string}\"},\"query-input\":{\"@type\":\"PropertyValueSpecification\",\"valueRequired\":true,\"valueName\":\"search_term_string\"}}],\"inLanguage\":\"it-IT\"}]}<\/script>\n<!-- \/ Yoast SEO plugin. -->","yoast_head_json":{"title":"MedEZ: recensione software gestione ospedali - Accurate Reviews","description":"MedEZ: recensione software per le cartelle cliniche elettroniche (EHR) e suite di fatturazione adatta a strutture mediche specializzate.","robots":{"index":"index","follow":"follow","max-snippet":"max-snippet:-1","max-image-preview":"max-image-preview:large","max-video-preview":"max-video-preview:-1"},"canonical":"https:\/\/www.accuratereviews.com\/it\/software-gestione-ospedali\/medez-recensione\/","og_locale":"it_IT","og_type":"article","og_title":"MedEZ: recensione software gestione ospedali - Accurate Reviews","og_description":"MedEZ: recensione software per le cartelle cliniche elettroniche (EHR) e suite di fatturazione adatta a strutture mediche specializzate.","og_url":"https:\/\/www.accuratereviews.com\/it\/software-gestione-ospedali\/medez-recensione\/","og_site_name":"Accurate Reviews","og_image":[{"width":600,"height":314,"url":"https:\/\/www.accuratereviews.com\/wp-content\/uploads\/2021\/06\/medez.jpg","type":"image\/jpeg"}],"twitter_card":"summary_large_image","twitter_misc":{"Tempo di lettura stimato":"3 minuti"},"schema":{"@context":"https:\/\/schema.org","@graph":[{"@type":"WebPage","@id":"https:\/\/www.accuratereviews.com\/it\/software-gestione-ospedali\/medez-recensione\/","url":"https:\/\/www.accuratereviews.com\/it\/software-gestione-ospedali\/medez-recensione\/","name":"MedEZ: recensione software gestione ospedali - Accurate Reviews","isPartOf":{"@id":"https:\/\/www.accuratereviews.com\/it\/#website"},"primaryImageOfPage":{"@id":"https:\/\/www.accuratereviews.com\/it\/software-gestione-ospedali\/medez-recensione\/#primaryimage"},"image":{"@id":"https:\/\/www.accuratereviews.com\/it\/software-gestione-ospedali\/medez-recensione\/#primaryimage"},"thumbnailUrl":"https:\/\/www.accuratereviews.com\/wp-content\/uploads\/2021\/06\/medez.jpg","datePublished":"2021-06-08T10:07:57+00:00","description":"MedEZ: recensione software per le cartelle cliniche elettroniche (EHR) e suite di fatturazione adatta a strutture mediche specializzate.","breadcrumb":{"@id":"https:\/\/www.accuratereviews.com\/it\/software-gestione-ospedali\/medez-recensione\/#breadcrumb"},"inLanguage":"it-IT","potentialAction":[{"@type":"ReadAction","target":["https:\/\/www.accuratereviews.com\/it\/software-gestione-ospedali\/medez-recensione\/"]}]},{"@type":"ImageObject","inLanguage":"it-IT","@id":"https:\/\/www.accuratereviews.com\/it\/software-gestione-ospedali\/medez-recensione\/#primaryimage","url":"https:\/\/www.accuratereviews.com\/wp-content\/uploads\/2021\/06\/medez.jpg","contentUrl":"https:\/\/www.accuratereviews.com\/wp-content\/uploads\/2021\/06\/medez.jpg","width":600,"height":314},{"@type":"BreadcrumbList","@id":"https:\/\/www.accuratereviews.com\/it\/software-gestione-ospedali\/medez-recensione\/#breadcrumb","itemListElement":[{"@type":"ListItem","position":1,"name":"Home","item":"https:\/\/www.accuratereviews.com\/it\/"},{"@type":"ListItem","position":2,"name":"Software per la gestione degli ospedali","item":"https:\/\/www.accuratereviews.com\/it\/software-gestione-ospedali\/"},{"@type":"ListItem","position":3,"name":"MedEZ"}]},{"@type":"WebSite","@id":"https:\/\/www.accuratereviews.com\/it\/#website","url":"https:\/\/www.accuratereviews.com\/it\/","name":"Accurate Reviews","description":"","potentialAction":[{"@type":"SearchAction","target":{"@type":"EntryPoint","urlTemplate":"https:\/\/www.accuratereviews.com\/it\/?s={search_term_string}"},"query-input":{"@type":"PropertyValueSpecification","valueRequired":true,"valueName":"search_term_string"}}],"inLanguage":"it-IT"}]}},"_links":{"self":[{"href":"https:\/\/www.accuratereviews.com\/it\/wp-json\/wp\/v2\/pages\/43819","targetHints":{"allow":["GET"]}}],"collection":[{"href":"https:\/\/www.accuratereviews.com\/it\/wp-json\/wp\/v2\/pages"}],"about":[{"href":"https:\/\/www.accuratereviews.com\/it\/wp-json\/wp\/v2\/types\/page"}],"author":[{"embeddable":true,"href":"https:\/\/www.accuratereviews.com\/it\/wp-json\/wp\/v2\/users\/16"}],"replies":[{"embeddable":true,"href":"https:\/\/www.accuratereviews.com\/it\/wp-json\/wp\/v2\/comments?post=43819"}],"version-history":[{"count":7,"href":"https:\/\/www.accuratereviews.com\/it\/wp-json\/wp\/v2\/pages\/43819\/revisions"}],"predecessor-version":[{"id":43832,"href":"https:\/\/www.accuratereviews.com\/it\/wp-json\/wp\/v2\/pages\/43819\/revisions\/43832"}],"up":[{"embeddable":true,"href":"https:\/\/www.accuratereviews.com\/it\/wp-json\/wp\/v2\/pages\/43555"}],"wp:featuredmedia":[{"embeddable":true,"href":"https:\/\/www.accuratereviews.com\/it\/wp-json\/wp\/v2\/media\/43822"}],"wp:attachment":[{"href":"https:\/\/www.accuratereviews.com\/it\/wp-json\/wp\/v2\/media?parent=43819"}],"wp:term":[{"taxonomy":"category","embeddable":true,"href":"https:\/\/www.accuratereviews.com\/it\/wp-json\/wp\/v2\/categories?post=43819"},{"taxonomy":"post_tag","embeddable":true,"href":"https:\/\/www.accuratereviews.com\/it\/wp-json\/wp\/v2\/tags?post=43819"},{"taxonomy":"features","embeddable":true,"href":"https:\/\/www.accuratereviews.com\/it\/wp-json\/wp\/v2\/features?post=43819"}],"curies":[{"name":"wp","href":"https:\/\/api.w.org\/{rel}","templated":true}]}}