{"id":43835,"date":"2021-06-08T13:10:05","date_gmt":"2021-06-08T13:10:05","guid":{"rendered":"https:\/\/www.accuratereviews.com\/?page_id=43835"},"modified":"2021-06-08T13:10:05","modified_gmt":"2021-06-08T13:10:05","slug":"ehospital-systems-recensione","status":"publish","type":"page","link":"https:\/\/www.accuratereviews.com\/it\/software-gestione-ospedali\/ehospital-systems-recensione\/","title":{"rendered":"eHospital Systems"},"content":{"rendered":"<p><strong>eHospital Systems<\/strong> \u00e8 un <strong>software di gestione ospedaliera<\/strong> sviluppato per migliorare la gestione delle attivit\u00e0 riguardanti l&#8217;ambito sanitario. Si tratta di un programma completo e personalizzabile che offre la funzionalit\u00e0 Multi-Location, in grado di interconnettere tutte le strutture sanitarie: ospedali, cliniche satellite, multispecialistiche e negozi medici.<br \/>\nSemplifica e ottimizza il lavoro del personale sanitario, garantendo un sistema di messaggistica istantanea, l&#8217;invio di promemoria di testo o tramite email, la condivisione elettronica delle cartelle cliniche con altri fornitori e applicazioni mediche. <strong>eHospital Systems<\/strong> ha l&#8217;obiettivo di gestire la salute generale dei pazienti e migliorare la qualit\u00e0 dell&#8217;assistenza. Ad esempio, i pazienti e i fornitori possono vedere i risultati di laboratorio e la cronologia online, chattare in modo sicuro con i fornitori e pianificare il prossimo appuntamento.<\/p>\n<h2>EHOSPITAL SYSTEMS &#8211; TUTORIAL<\/h2>\n<div id=\"fluid-wrapper-counter-1\" class=\"g1-fluid-wrapper \" style=\"width:686px;\">\n<div style=\"padding-bottom:56.268221574344%;\"><iframe loading=\"lazy\" title=\"Hospital Management System - eHospital Systems - Short Overview\" width=\"686\" height=\"386\" src=\"https:\/\/www.youtube.com\/embed\/QDnU1q64vvw?feature=oembed&amp;wmode=transparent&amp;autohide=1&amp;autoplay=0&amp;disablekb=0&amp;fs=1&amp;loop=0&amp;enablejsapi=1&amp;rel=0&amp;controls=2&amp;showinfo=0&amp;wmode=transparent&amp;autohide=2&amp;autoplay=0&amp;disablekb=0&amp;fs=1&amp;loop=0&amp;enablejsapi=1&amp;rel=0&amp;controls=2&amp;showinfo=1\" frameborder=\"0\" allow=\"accelerometer; autoplay; clipboard-write; encrypted-media; gyroscope; picture-in-picture\" allowfullscreen><\/iframe><\/div>\n<\/div>\n<h3>EHOSPITAL SYSTEMS &#8211; CARATTERISTICHE<\/h3>\n<ul>\n<li>Registrazione del paziente<\/li>\n<li>Appuntamento e programmazione<\/li>\n<li>Gestione ambulatoriale<\/li>\n<li>Gestione del ricovero<\/li>\n<li>Fatturazione<\/li>\n<li>Riepilogo dimissioni<\/li>\n<li>Gestione del laboratorio<\/li>\n<li>Gestione della radiologia<\/li>\n<li>Gestione della farmacia<\/li>\n<li>Consulente di gestione<\/li>\n<li>Gestione della sicurezza<\/li>\n<li>Gestione della reception<\/li>\n<li>Portale web<\/li>\n<li>Gestione MRD<\/li>\n<li>Rapporti MIS<\/li>\n<li>Analisi e dashboard<\/li>\n<li>Gestione paghe e risorse umane<\/li>\n<li>Gestione dei conti<\/li>\n<li>App mobili<\/li>\n<li>Finanza e contabilit\u00e0<\/li>\n<li>Interfaccia dispositivo biometrico<\/li>\n<li>Interfaccia scanner di codici a barre<\/li>\n<li>Interfaccia scanner di codici QR<\/li>\n<li>Interfaccia RFID<\/li>\n<li>Integrazione e-mail<\/li>\n<li>Integrazione SMS<\/li>\n<li>Integrazione di apparecchiature di laboratorio medico<\/li>\n<li>Interfaccia della webcam<\/li>\n<li>Integrazione da voce a testo<\/li>\n<li>Gestione del servizio<\/li>\n<li>Gestione dell&#8217;ambulanza<\/li>\n<li>Servizi di ambulanza Normal Care\/Critical Care<\/li>\n<li>Programmazione di ambulanze\/veicoli<\/li>\n<li>Gestione della banca del sangue<\/li>\n<li>Gestione mensa<\/li>\n<li>Gestione del feedback<\/li>\n<li>Gestione presenze<\/li>\n<li>Il modulo di gestione delle presenze aiuta a registrare le presenze del personale<\/li>\n<li>Questo modulo pu\u00f2 interfacciarsi con macchine di presenza biometriche per registrare in modo accurato e automatico il tempo di In-Out<\/li>\n<li>Gestione dietetica<\/li>\n<li>Pacchetto salute<\/li>\n<li>Postazione infermiera<\/li>\n<li>Gestione del teatro operativo<\/li>\n<li>Multi lingua<\/li>\n<li>Gestione della manutenzione delle apparecchiature<\/li>\n<li>Gestione delle risorse<\/li>\n<\/ul>\n<h4>LE RECENSIONI DEGLI UTENTI<\/h4>\n<p><strong>Ignacio S. &#8220;Il prodotto ha assolutamente tutto quello che mi viene in mente e anche di pi\u00f9&#8230; Facile da adattare al mio ambiente&#8221;<\/strong><br \/>\nCOMMENTI: aumento dei profitti del cliente sanitario&#8230;..<br \/>\nAlla fine \u00e8 stato consigliato di lavorare con altre linee di affari a causa della fedelt\u00e0 creata con il cliente iniziale.<br \/>\nPRO: il prezzo&#8230; \u00e8 davvero rivoluzionario. Sembra che questa azienda dia davvero il potere ai cittadini comuni e alle loro capacit\u00e0 di ricevere assistenza sanitaria<br \/>\nCONTRO: difficile pensarne uno&#8230; Direi che a volte il mio internet funziona lentamente e che finisce per influenzare la velocit\u00e0 della soluzione. In ogni caso \u00e8 100 volte meglio di quello a cui eravamo abituati.<\/p>\n<p><strong>Timothy S. &#8220;Sistema ospedaliero facile per ospedali di medie dimensioni&#8221;<\/strong><br \/>\nCOMMENTI: molto soddisfatto di eHospital Systems. Consiglio vivamente eHospital System!<br \/>\nPRO: facile da usare e semplice da capire. Non \u00e8 necessaria una precedente esperienza nell&#8217;utilizzo dei sistemi ospedalieri<br \/>\nCONTRO: per una connessione internet lenta pu\u00f2 essere un problema per chi usa la versione cloud. Tuttavia non hai davvero bisogno di una grande larghezza di banda<\/p>\n<p><strong>Mark H. &#8220;Un valore incredibile ad un ottimo prezzo&#8221;<\/strong><br \/>\nCOMMENTI: i nostri clienti sanitari in precedenza funzionavano su sistemi individuali. Ad esempio la gestione dei pazienti, i prodotti farmaceutici, l&#8217;inventario, ecc&#8230; Con la soluzione software eHospital siamo stati in grado di integrare tutti i loro reparti in un&#8217;unica soluzione. Ora ogni reparto sa esattamente quali sono le esigenze dei pazienti e il loro flusso di lavoro \u00e8 diventato meno stressante, grazie a ehospital.<br \/>\nPRO: 1. Funzionalit\u00e0 e moduli sono molto completi.<br \/>\n2. Il costo \u00e8 molto ragionevole.<br \/>\n3. L&#8217;assistenza clienti \u00e8 eccezionale<br \/>\nCONTRO: c&#8217;\u00e8 un processo di apprendimento. Tutto il personale che utilizza il software deve essere formato.<\/p>\n","protected":false},"excerpt":{"rendered":"<p>eHospital Systems \u00e8 un software di gestione ospedaliera sviluppato per migliorare la gestione delle attivit\u00e0 riguardanti l&#8217;ambito sanitario. Si tratta di un programma completo e personalizzabile che offre la funzionalit\u00e0 Multi-Location, in grado di interconnettere tutte le strutture sanitarie: ospedali, cliniche satellite, multispecialistiche e negozi medici.<\/p>\n","protected":false},"author":17,"featured_media":43836,"parent":43555,"menu_order":0,"comment_status":"open","ping_status":"closed","template":"g1_template_page_review_new.php","meta":{"_acf_changed":false,"cwp_meta_box_check":"No","cwp_rev_product_name":"","cwp_rev_product_image":"","wppr_links":[],"cwp_rev_price":"","wppr_options":[],"wppr_pros":[],"wppr_cons":[],"_monsterinsights_skip_tracking":false,"_monsterinsights_sitenote_active":false,"_monsterinsights_sitenote_note":"","_monsterinsights_sitenote_category":0,"footnotes":""},"categories":[6100],"tags":[6177,6196,6105,6118,6190,6126],"features":[],"class_list":{"0":"post-43835","1":"page","2":"type-page","3":"status-publish","4":"has-post-thumbnail","6":"category-software-gestione-ospedali-cat","7":"tag-gestionale-ospedaliero","8":"tag-gestionale-per-ospedali","9":"tag-piattaforma-gestionale-ospedale","10":"tag-piattaforma-gestione-ospedaliera","11":"tag-software-per-gestione-ospedale","12":"tag-soluzione-gestione-dellospedale"},"wppr_data":{"cwp_meta_box_check":"No"},"acf":[],"yoast_head":"<!-- This site is optimized with the Yoast SEO plugin v27.4 - https:\/\/yoast.com\/product\/yoast-seo-wordpress\/ -->\n<title>eHospital Systems: recensione software ospedaliero - Accurate Reviews<\/title>\n<meta name=\"description\" content=\"eHospital Systems \u00e8 un software di gestione ospedaliera sviluppato per migliorare la gestione delle attivit\u00e0 riguardanti l&#039;ambito sanitario.\" \/>\n<meta name=\"robots\" content=\"index, follow, max-snippet:-1, max-image-preview:large, max-video-preview:-1\" \/>\n<link rel=\"canonical\" href=\"https:\/\/www.accuratereviews.com\/it\/software-gestione-ospedali\/ehospital-systems-recensione\/\" \/>\n<meta property=\"og:locale\" content=\"it_IT\" \/>\n<meta property=\"og:type\" content=\"article\" \/>\n<meta property=\"og:title\" content=\"eHospital Systems: recensione software ospedaliero - Accurate Reviews\" \/>\n<meta property=\"og:description\" content=\"eHospital Systems \u00e8 un software di gestione ospedaliera sviluppato per migliorare la gestione delle attivit\u00e0 riguardanti l&#039;ambito sanitario.\" \/>\n<meta property=\"og:url\" content=\"https:\/\/www.accuratereviews.com\/it\/software-gestione-ospedali\/ehospital-systems-recensione\/\" \/>\n<meta property=\"og:site_name\" content=\"Accurate Reviews\" \/>\n<meta property=\"og:image\" content=\"https:\/\/www.accuratereviews.com\/wp-content\/uploads\/2021\/06\/Unknown.png\" \/>\n\t<meta property=\"og:image:width\" content=\"214\" \/>\n\t<meta property=\"og:image:height\" content=\"214\" \/>\n\t<meta property=\"og:image:type\" content=\"image\/png\" \/>\n<meta name=\"twitter:card\" content=\"summary_large_image\" \/>\n<meta name=\"twitter:label1\" content=\"Tempo di lettura stimato\" \/>\n\t<meta name=\"twitter:data1\" content=\"3 minuti\" \/>\n<script type=\"application\/ld+json\" class=\"yoast-schema-graph\">{\"@context\":\"https:\\\/\\\/schema.org\",\"@graph\":[{\"@type\":\"WebPage\",\"@id\":\"https:\\\/\\\/www.accuratereviews.com\\\/it\\\/software-gestione-ospedali\\\/ehospital-systems-recensione\\\/\",\"url\":\"https:\\\/\\\/www.accuratereviews.com\\\/it\\\/software-gestione-ospedali\\\/ehospital-systems-recensione\\\/\",\"name\":\"eHospital Systems: recensione software ospedaliero - Accurate Reviews\",\"isPartOf\":{\"@id\":\"https:\\\/\\\/www.accuratereviews.com\\\/it\\\/#website\"},\"primaryImageOfPage\":{\"@id\":\"https:\\\/\\\/www.accuratereviews.com\\\/it\\\/software-gestione-ospedali\\\/ehospital-systems-recensione\\\/#primaryimage\"},\"image\":{\"@id\":\"https:\\\/\\\/www.accuratereviews.com\\\/it\\\/software-gestione-ospedali\\\/ehospital-systems-recensione\\\/#primaryimage\"},\"thumbnailUrl\":\"https:\\\/\\\/www.accuratereviews.com\\\/wp-content\\\/uploads\\\/2021\\\/06\\\/Unknown.png\",\"datePublished\":\"2021-06-08T13:10:05+00:00\",\"description\":\"eHospital Systems \u00e8 un software di gestione ospedaliera sviluppato per migliorare la gestione delle attivit\u00e0 riguardanti l'ambito sanitario.\",\"breadcrumb\":{\"@id\":\"https:\\\/\\\/www.accuratereviews.com\\\/it\\\/software-gestione-ospedali\\\/ehospital-systems-recensione\\\/#breadcrumb\"},\"inLanguage\":\"it-IT\",\"potentialAction\":[{\"@type\":\"ReadAction\",\"target\":[\"https:\\\/\\\/www.accuratereviews.com\\\/it\\\/software-gestione-ospedali\\\/ehospital-systems-recensione\\\/\"]}]},{\"@type\":\"ImageObject\",\"inLanguage\":\"it-IT\",\"@id\":\"https:\\\/\\\/www.accuratereviews.com\\\/it\\\/software-gestione-ospedali\\\/ehospital-systems-recensione\\\/#primaryimage\",\"url\":\"https:\\\/\\\/www.accuratereviews.com\\\/wp-content\\\/uploads\\\/2021\\\/06\\\/Unknown.png\",\"contentUrl\":\"https:\\\/\\\/www.accuratereviews.com\\\/wp-content\\\/uploads\\\/2021\\\/06\\\/Unknown.png\",\"width\":214,\"height\":214},{\"@type\":\"BreadcrumbList\",\"@id\":\"https:\\\/\\\/www.accuratereviews.com\\\/it\\\/software-gestione-ospedali\\\/ehospital-systems-recensione\\\/#breadcrumb\",\"itemListElement\":[{\"@type\":\"ListItem\",\"position\":1,\"name\":\"Home\",\"item\":\"https:\\\/\\\/www.accuratereviews.com\\\/it\\\/\"},{\"@type\":\"ListItem\",\"position\":2,\"name\":\"Software per la gestione degli ospedali\",\"item\":\"https:\\\/\\\/www.accuratereviews.com\\\/it\\\/software-gestione-ospedali\\\/\"},{\"@type\":\"ListItem\",\"position\":3,\"name\":\"eHospital Systems\"}]},{\"@type\":\"WebSite\",\"@id\":\"https:\\\/\\\/www.accuratereviews.com\\\/it\\\/#website\",\"url\":\"https:\\\/\\\/www.accuratereviews.com\\\/it\\\/\",\"name\":\"Accurate Reviews\",\"description\":\"\",\"potentialAction\":[{\"@type\":\"SearchAction\",\"target\":{\"@type\":\"EntryPoint\",\"urlTemplate\":\"https:\\\/\\\/www.accuratereviews.com\\\/it\\\/?s={search_term_string}\"},\"query-input\":{\"@type\":\"PropertyValueSpecification\",\"valueRequired\":true,\"valueName\":\"search_term_string\"}}],\"inLanguage\":\"it-IT\"}]}<\/script>\n<!-- \/ Yoast SEO plugin. -->","yoast_head_json":{"title":"eHospital Systems: recensione software ospedaliero - Accurate Reviews","description":"eHospital Systems \u00e8 un software di gestione ospedaliera sviluppato per migliorare la gestione delle attivit\u00e0 riguardanti l'ambito sanitario.","robots":{"index":"index","follow":"follow","max-snippet":"max-snippet:-1","max-image-preview":"max-image-preview:large","max-video-preview":"max-video-preview:-1"},"canonical":"https:\/\/www.accuratereviews.com\/it\/software-gestione-ospedali\/ehospital-systems-recensione\/","og_locale":"it_IT","og_type":"article","og_title":"eHospital Systems: recensione software ospedaliero - Accurate Reviews","og_description":"eHospital Systems \u00e8 un software di gestione ospedaliera sviluppato per migliorare la gestione delle attivit\u00e0 riguardanti l'ambito sanitario.","og_url":"https:\/\/www.accuratereviews.com\/it\/software-gestione-ospedali\/ehospital-systems-recensione\/","og_site_name":"Accurate Reviews","og_image":[{"width":214,"height":214,"url":"https:\/\/www.accuratereviews.com\/wp-content\/uploads\/2021\/06\/Unknown.png","type":"image\/png"}],"twitter_card":"summary_large_image","twitter_misc":{"Tempo di lettura stimato":"3 minuti"},"schema":{"@context":"https:\/\/schema.org","@graph":[{"@type":"WebPage","@id":"https:\/\/www.accuratereviews.com\/it\/software-gestione-ospedali\/ehospital-systems-recensione\/","url":"https:\/\/www.accuratereviews.com\/it\/software-gestione-ospedali\/ehospital-systems-recensione\/","name":"eHospital Systems: recensione software ospedaliero - Accurate Reviews","isPartOf":{"@id":"https:\/\/www.accuratereviews.com\/it\/#website"},"primaryImageOfPage":{"@id":"https:\/\/www.accuratereviews.com\/it\/software-gestione-ospedali\/ehospital-systems-recensione\/#primaryimage"},"image":{"@id":"https:\/\/www.accuratereviews.com\/it\/software-gestione-ospedali\/ehospital-systems-recensione\/#primaryimage"},"thumbnailUrl":"https:\/\/www.accuratereviews.com\/wp-content\/uploads\/2021\/06\/Unknown.png","datePublished":"2021-06-08T13:10:05+00:00","description":"eHospital Systems \u00e8 un software di gestione ospedaliera sviluppato per migliorare la gestione delle attivit\u00e0 riguardanti l'ambito sanitario.","breadcrumb":{"@id":"https:\/\/www.accuratereviews.com\/it\/software-gestione-ospedali\/ehospital-systems-recensione\/#breadcrumb"},"inLanguage":"it-IT","potentialAction":[{"@type":"ReadAction","target":["https:\/\/www.accuratereviews.com\/it\/software-gestione-ospedali\/ehospital-systems-recensione\/"]}]},{"@type":"ImageObject","inLanguage":"it-IT","@id":"https:\/\/www.accuratereviews.com\/it\/software-gestione-ospedali\/ehospital-systems-recensione\/#primaryimage","url":"https:\/\/www.accuratereviews.com\/wp-content\/uploads\/2021\/06\/Unknown.png","contentUrl":"https:\/\/www.accuratereviews.com\/wp-content\/uploads\/2021\/06\/Unknown.png","width":214,"height":214},{"@type":"BreadcrumbList","@id":"https:\/\/www.accuratereviews.com\/it\/software-gestione-ospedali\/ehospital-systems-recensione\/#breadcrumb","itemListElement":[{"@type":"ListItem","position":1,"name":"Home","item":"https:\/\/www.accuratereviews.com\/it\/"},{"@type":"ListItem","position":2,"name":"Software per la gestione degli ospedali","item":"https:\/\/www.accuratereviews.com\/it\/software-gestione-ospedali\/"},{"@type":"ListItem","position":3,"name":"eHospital Systems"}]},{"@type":"WebSite","@id":"https:\/\/www.accuratereviews.com\/it\/#website","url":"https:\/\/www.accuratereviews.com\/it\/","name":"Accurate Reviews","description":"","potentialAction":[{"@type":"SearchAction","target":{"@type":"EntryPoint","urlTemplate":"https:\/\/www.accuratereviews.com\/it\/?s={search_term_string}"},"query-input":{"@type":"PropertyValueSpecification","valueRequired":true,"valueName":"search_term_string"}}],"inLanguage":"it-IT"}]}},"_links":{"self":[{"href":"https:\/\/www.accuratereviews.com\/it\/wp-json\/wp\/v2\/pages\/43835","targetHints":{"allow":["GET"]}}],"collection":[{"href":"https:\/\/www.accuratereviews.com\/it\/wp-json\/wp\/v2\/pages"}],"about":[{"href":"https:\/\/www.accuratereviews.com\/it\/wp-json\/wp\/v2\/types\/page"}],"author":[{"embeddable":true,"href":"https:\/\/www.accuratereviews.com\/it\/wp-json\/wp\/v2\/users\/17"}],"replies":[{"embeddable":true,"href":"https:\/\/www.accuratereviews.com\/it\/wp-json\/wp\/v2\/comments?post=43835"}],"version-history":[{"count":5,"href":"https:\/\/www.accuratereviews.com\/it\/wp-json\/wp\/v2\/pages\/43835\/revisions"}],"predecessor-version":[{"id":43849,"href":"https:\/\/www.accuratereviews.com\/it\/wp-json\/wp\/v2\/pages\/43835\/revisions\/43849"}],"up":[{"embeddable":true,"href":"https:\/\/www.accuratereviews.com\/it\/wp-json\/wp\/v2\/pages\/43555"}],"wp:featuredmedia":[{"embeddable":true,"href":"https:\/\/www.accuratereviews.com\/it\/wp-json\/wp\/v2\/media\/43836"}],"wp:attachment":[{"href":"https:\/\/www.accuratereviews.com\/it\/wp-json\/wp\/v2\/media?parent=43835"}],"wp:term":[{"taxonomy":"category","embeddable":true,"href":"https:\/\/www.accuratereviews.com\/it\/wp-json\/wp\/v2\/categories?post=43835"},{"taxonomy":"post_tag","embeddable":true,"href":"https:\/\/www.accuratereviews.com\/it\/wp-json\/wp\/v2\/tags?post=43835"},{"taxonomy":"features","embeddable":true,"href":"https:\/\/www.accuratereviews.com\/it\/wp-json\/wp\/v2\/features?post=43835"}],"curies":[{"name":"wp","href":"https:\/\/api.w.org\/{rel}","templated":true}]}}