{"id":43855,"date":"2021-06-09T12:05:51","date_gmt":"2021-06-09T12:05:51","guid":{"rendered":"https:\/\/www.accuratereviews.com\/?page_id=43855"},"modified":"2021-06-09T12:05:51","modified_gmt":"2021-06-09T12:05:51","slug":"healthdata-archiver-recensione","status":"publish","type":"page","link":"https:\/\/www.accuratereviews.com\/it\/software-gestione-ospedali\/healthdata-archiver-recensione\/","title":{"rendered":"HealthData Archiver"},"content":{"rendered":"<p><strong>HealthData Archiver<\/strong> sviluppato da Harmony Healthcare IT \u00e8 una soluzione di archiviazione dei dati basata su <strong>cloud<\/strong> e conforme a HIPAA. Il sistema \u00e8 progettato per migrare le informazioni sanitarie protette (PHI) da applicazioni software legacy e record cartacei in un database per consentire la conformit\u00e0 ai requisiti di conservazione.\u00a0\u00c8 inoltre possibile scansionare e digitalizzare documenti cartacei e grafici per l&#8217;inclusione nel database centralizzato. Tutti i dati sono indicizzati e possono essere ricercati per account\/identificativo paziente, nome, codice fiscale e fonte dati originale.\u00a0L&#8217;accesso degli utenti pu\u00f2 essere limitato tramite la segmentazione e i controlli delle autorizzazioni. Tutti gli accessi e le attivit\u00e0 vengono tracciati per il controllo e gli utenti possono aggiungere note per documentare i motivi per cui \u00e8 stato effettuato l&#8217;accesso ai record.<\/p>\n<h2>HEALTHDATA ARCHIVER &#8211; TUTORIAL<\/h2>\n<p>Il video che segue mostra come funziona questo <strong>software gestionale per ospedali:<\/strong><\/p>\n<div id=\"fluid-wrapper-counter-1\" class=\"g1-fluid-wrapper \" style=\"width:686px;\">\n<div style=\"padding-bottom:56.268221574344%;\"><iframe loading=\"lazy\" title=\"HealthData Archiver SSO Video\" width=\"686\" height=\"386\" src=\"https:\/\/www.youtube.com\/embed\/qpqVYSkCgvo?feature=oembed&amp;wmode=transparent&amp;autohide=1&amp;autoplay=0&amp;disablekb=0&amp;fs=1&amp;loop=0&amp;enablejsapi=1&amp;rel=0&amp;controls=2&amp;showinfo=0&amp;wmode=transparent&amp;autohide=2&amp;autoplay=0&amp;disablekb=0&amp;fs=1&amp;loop=0&amp;enablejsapi=1&amp;rel=0&amp;controls=2&amp;showinfo=1\" frameborder=\"0\" allow=\"accelerometer; autoplay; clipboard-write; encrypted-media; gyroscope; picture-in-picture\" allowfullscreen><\/iframe><\/div>\n<\/div>\n<h3>HEALTHDATA ARCHIVER &#8211; CARATTERISTICHE<\/h3>\n<ul>\n<li><strong>Gestione A\/R<\/strong>: registra addebiti, rettifiche e rimborsi per chiudere i record A\/R dei pazienti archiviati con il modulo di registrazione delle transazioni<\/li>\n<li><strong> Viste cliniche<\/strong>: visualizza o condividi risultati di laboratorio, fogli di flusso, grafici di crescita o altri dati clinici per prendere decisioni informate sull&#8217;assistenza<\/li>\n<li><strong>Ricerca contestuale:<\/strong> cerca tra dati strutturati e non strutturati per ottenere risultati chiari e concisi<\/li>\n<li><strong>Visualizzazioni dati<\/strong>: raggruppa, espandi o comprimi categorie di dati e documenti per preferenze di visualizzazione ottimali dell&#8217;utente<\/li>\n<li><strong>Correzione degli errori e ID alternativi<\/strong>: eliminare errori, caricare aggiunte e collegare account duplicati per garantire un&#8217;archiviazione accurata dei record<\/li>\n<li><strong>Note e commenti:<\/strong> crea e archivia note illimitate e commenta secondo i requisiti HIPAA<\/li>\n<li><strong>Rilascio di informazioni (ROI)<\/strong>: filtra i record e utilizza i modelli per soddisfare in modo efficiente le richieste di ROI su richiesta o in blocco<\/li>\n<li><strong>Sicurezza basata sui ruoli e monitoraggio degli accessi<\/strong>: limitare e controllare le attivit\u00e0 degli utenti per singolo utente, ruolo, gruppo e\/o origine dati. Include funzionalit\u00e0 Break the Glass<\/li>\n<li><strong>Ordina e filtra<\/strong>: configura rapidamente le tue visualizzazioni per la ricerca in pi\u00f9 punti dati con un ordinamento e un filtro facili da usare<\/li>\n<li><strong>Rapporti standard:<\/strong> genera report di audit standard con data e ora di accesso ai record a livello di utente o paziente.<\/li>\n<\/ul>\n<h4>LE RECENSIONI DEGLI UTENTI<\/h4>\n<p class=\"font-weight-bold mb-1 d-flex align-items-center\"><strong>Karla H.&#8221;Health Data Archiver &#8211; Aspettative superate&#8221;<\/strong><\/p>\n<p><strong>Commenti: <\/strong>Il processo di implementazione \u00e8 andato abbastanza liscio. Il team HDA ha guidato il nostro team attraverso ci\u00f2 che era necessario e quando. Hanno fornito la documentazione per aiutarci a sapere come muoverci. Hanno risposto alle nostre preoccupazioni e hanno implementato alcuni miglioramenti per rendere il software pi\u00f9 facile da usare.<\/p>\n<p class=\"font-weight-bold mb-1 d-flex align-items-center\"><strong>Stephanie M.&#8221;Ottimo software&#8221;<\/strong><\/p>\n<p><strong>Commenti: <\/strong>Abbiamo collaborato con Harmony IT per archiviare un sistema EMR legacy. Erano molto ben informati e abbiamo avuto un&#8217;ottima esperienza con il processo di archiviazione. Health Data Archiver \u00e8 stato molto facile da usare. Ci consente di accedere facilmente ai dati senza dover mantenere vecchi sistemi obsoleti. Stiamo attualmente lavorando con loro per archiviare un altro sistema ora.<\/p>\n<p class=\"font-weight-bold mb-1 d-flex align-items-center\"><strong>Steve S.&#8221;Archiviatore di dati&#8221;<\/strong><\/p>\n<p><strong>Commenti: <\/strong>Ho lavorato con Harmony negli ultimi due anni. Fria e Alan sono stati fantastici con cui lavorare insieme ai loro team. Il supporto di HIT \u00e8 stato molto reattivo.<\/p>\n<p><strong>Vantaggi: <\/strong>Interfaccia utente semplice<\/p>\n<p><strong>Inconvenienti: <\/strong>Vorrei vedere rapporti ad hoc dall&#8217;interno dell&#8217;applicazione web.<\/p>\n","protected":false},"excerpt":{"rendered":"<p>HealthData Archiver sviluppato da Harmony Healthcare IT \u00e8 una soluzione di archiviazione dei dati basata su cloud e conforme a HIPAA. Il sistema \u00e8 progettato per migrare le informazioni sanitarie protette (PHI) da applicazioni software legacy e record cartacei in un database per consentire la conformit\u00e0 ai requisiti di conservazione.\u00a0<\/p>\n","protected":false},"author":16,"featured_media":43863,"parent":43555,"menu_order":0,"comment_status":"open","ping_status":"closed","template":"g1_template_page_review_new.php","meta":{"_acf_changed":false,"cwp_meta_box_check":"Yes","cwp_rev_product_name":"","cwp_rev_product_image":"","wppr_links":[],"cwp_rev_price":"","wppr_options":[],"wppr_pros":[],"wppr_cons":[],"_monsterinsights_skip_tracking":false,"_monsterinsights_sitenote_active":false,"_monsterinsights_sitenote_note":"","_monsterinsights_sitenote_category":0,"footnotes":""},"categories":[6100],"tags":[6220,6221,6129,6118,6128,6116,6194,6113,6195,6115],"features":[],"class_list":{"0":"post-43855","1":"page","2":"type-page","3":"status-publish","4":"has-post-thumbnail","6":"category-software-gestione-ospedali-cat","7":"tag-gestionale-ospedali","8":"tag-healthdata-archiver","9":"tag-piattaforma-gestionale-per-ospedali","10":"tag-piattaforma-gestione-ospedaliera","11":"tag-programma-gestionale-per-ospedali","12":"tag-programma-gestione-ospedaliera","13":"tag-software-gestionale-per-ospedali","14":"tag-software-gestione-ospedaliera","15":"tag-soluzione-gestionale-per-ospedali","16":"tag-soluzione-gestione-ospedaliera"},"wppr_data":{"cwp_meta_box_check":"Yes","cwp_rev_product_name":"","cwp_rev_product_image":"","cwp_image_link":"image","cwp_rev_price":"","wppr_rating":"0.00"},"acf":[],"yoast_head":"<!-- This site is optimized with the Yoast SEO plugin v27.4 - https:\/\/yoast.com\/product\/yoast-seo-wordpress\/ -->\n<title>HealthData Archiver: recensione software gestionale ospedali<\/title>\n<meta name=\"description\" content=\"HealthData Archiver: recensione soluzione di archiviazione dei dati basata su cloud e conforme a HIPAA per le strutture ospedaliere.\" \/>\n<meta name=\"robots\" content=\"index, follow, max-snippet:-1, max-image-preview:large, max-video-preview:-1\" \/>\n<link rel=\"canonical\" href=\"https:\/\/www.accuratereviews.com\/it\/software-gestione-ospedali\/healthdata-archiver-recensione\/\" \/>\n<meta property=\"og:locale\" content=\"it_IT\" \/>\n<meta property=\"og:type\" content=\"article\" \/>\n<meta property=\"og:title\" content=\"HealthData Archiver: recensione software gestionale ospedali\" \/>\n<meta property=\"og:description\" content=\"HealthData Archiver: recensione soluzione di archiviazione dei dati basata su cloud e conforme a HIPAA per le strutture ospedaliere.\" \/>\n<meta property=\"og:url\" content=\"https:\/\/www.accuratereviews.com\/it\/software-gestione-ospedali\/healthdata-archiver-recensione\/\" \/>\n<meta property=\"og:site_name\" content=\"Accurate Reviews\" \/>\n<meta property=\"og:image\" content=\"https:\/\/www.accuratereviews.com\/wp-content\/uploads\/2021\/06\/harmony2.jpg\" \/>\n\t<meta property=\"og:image:width\" content=\"370\" \/>\n\t<meta property=\"og:image:height\" content=\"280\" \/>\n\t<meta property=\"og:image:type\" content=\"image\/jpeg\" \/>\n<meta name=\"twitter:card\" content=\"summary_large_image\" \/>\n<meta name=\"twitter:label1\" content=\"Tempo di lettura stimato\" \/>\n\t<meta name=\"twitter:data1\" content=\"3 minuti\" \/>\n<script type=\"application\/ld+json\" class=\"yoast-schema-graph\">{\"@context\":\"https:\\\/\\\/schema.org\",\"@graph\":[{\"@type\":\"WebPage\",\"@id\":\"https:\\\/\\\/www.accuratereviews.com\\\/it\\\/software-gestione-ospedali\\\/healthdata-archiver-recensione\\\/\",\"url\":\"https:\\\/\\\/www.accuratereviews.com\\\/it\\\/software-gestione-ospedali\\\/healthdata-archiver-recensione\\\/\",\"name\":\"HealthData Archiver: recensione software gestionale ospedali\",\"isPartOf\":{\"@id\":\"https:\\\/\\\/www.accuratereviews.com\\\/it\\\/#website\"},\"primaryImageOfPage\":{\"@id\":\"https:\\\/\\\/www.accuratereviews.com\\\/it\\\/software-gestione-ospedali\\\/healthdata-archiver-recensione\\\/#primaryimage\"},\"image\":{\"@id\":\"https:\\\/\\\/www.accuratereviews.com\\\/it\\\/software-gestione-ospedali\\\/healthdata-archiver-recensione\\\/#primaryimage\"},\"thumbnailUrl\":\"https:\\\/\\\/www.accuratereviews.com\\\/wp-content\\\/uploads\\\/2021\\\/06\\\/harmony2.jpg\",\"datePublished\":\"2021-06-09T12:05:51+00:00\",\"description\":\"HealthData Archiver: recensione soluzione di archiviazione dei dati basata su cloud e conforme a HIPAA per le strutture ospedaliere.\",\"breadcrumb\":{\"@id\":\"https:\\\/\\\/www.accuratereviews.com\\\/it\\\/software-gestione-ospedali\\\/healthdata-archiver-recensione\\\/#breadcrumb\"},\"inLanguage\":\"it-IT\",\"potentialAction\":[{\"@type\":\"ReadAction\",\"target\":[\"https:\\\/\\\/www.accuratereviews.com\\\/it\\\/software-gestione-ospedali\\\/healthdata-archiver-recensione\\\/\"]}]},{\"@type\":\"ImageObject\",\"inLanguage\":\"it-IT\",\"@id\":\"https:\\\/\\\/www.accuratereviews.com\\\/it\\\/software-gestione-ospedali\\\/healthdata-archiver-recensione\\\/#primaryimage\",\"url\":\"https:\\\/\\\/www.accuratereviews.com\\\/wp-content\\\/uploads\\\/2021\\\/06\\\/harmony2.jpg\",\"contentUrl\":\"https:\\\/\\\/www.accuratereviews.com\\\/wp-content\\\/uploads\\\/2021\\\/06\\\/harmony2.jpg\",\"width\":370,\"height\":280},{\"@type\":\"BreadcrumbList\",\"@id\":\"https:\\\/\\\/www.accuratereviews.com\\\/it\\\/software-gestione-ospedali\\\/healthdata-archiver-recensione\\\/#breadcrumb\",\"itemListElement\":[{\"@type\":\"ListItem\",\"position\":1,\"name\":\"Home\",\"item\":\"https:\\\/\\\/www.accuratereviews.com\\\/it\\\/\"},{\"@type\":\"ListItem\",\"position\":2,\"name\":\"Software per la gestione degli ospedali\",\"item\":\"https:\\\/\\\/www.accuratereviews.com\\\/it\\\/software-gestione-ospedali\\\/\"},{\"@type\":\"ListItem\",\"position\":3,\"name\":\"HealthData Archiver\"}]},{\"@type\":\"WebSite\",\"@id\":\"https:\\\/\\\/www.accuratereviews.com\\\/it\\\/#website\",\"url\":\"https:\\\/\\\/www.accuratereviews.com\\\/it\\\/\",\"name\":\"Accurate Reviews\",\"description\":\"\",\"potentialAction\":[{\"@type\":\"SearchAction\",\"target\":{\"@type\":\"EntryPoint\",\"urlTemplate\":\"https:\\\/\\\/www.accuratereviews.com\\\/it\\\/?s={search_term_string}\"},\"query-input\":{\"@type\":\"PropertyValueSpecification\",\"valueRequired\":true,\"valueName\":\"search_term_string\"}}],\"inLanguage\":\"it-IT\"}]}<\/script>\n<!-- \/ Yoast SEO plugin. -->","yoast_head_json":{"title":"HealthData Archiver: recensione software gestionale ospedali","description":"HealthData Archiver: recensione soluzione di archiviazione dei dati basata su cloud e conforme a HIPAA per le strutture ospedaliere.","robots":{"index":"index","follow":"follow","max-snippet":"max-snippet:-1","max-image-preview":"max-image-preview:large","max-video-preview":"max-video-preview:-1"},"canonical":"https:\/\/www.accuratereviews.com\/it\/software-gestione-ospedali\/healthdata-archiver-recensione\/","og_locale":"it_IT","og_type":"article","og_title":"HealthData Archiver: recensione software gestionale ospedali","og_description":"HealthData Archiver: recensione soluzione di archiviazione dei dati basata su cloud e conforme a HIPAA per le strutture ospedaliere.","og_url":"https:\/\/www.accuratereviews.com\/it\/software-gestione-ospedali\/healthdata-archiver-recensione\/","og_site_name":"Accurate Reviews","og_image":[{"width":370,"height":280,"url":"https:\/\/www.accuratereviews.com\/wp-content\/uploads\/2021\/06\/harmony2.jpg","type":"image\/jpeg"}],"twitter_card":"summary_large_image","twitter_misc":{"Tempo di lettura stimato":"3 minuti"},"schema":{"@context":"https:\/\/schema.org","@graph":[{"@type":"WebPage","@id":"https:\/\/www.accuratereviews.com\/it\/software-gestione-ospedali\/healthdata-archiver-recensione\/","url":"https:\/\/www.accuratereviews.com\/it\/software-gestione-ospedali\/healthdata-archiver-recensione\/","name":"HealthData Archiver: recensione software gestionale ospedali","isPartOf":{"@id":"https:\/\/www.accuratereviews.com\/it\/#website"},"primaryImageOfPage":{"@id":"https:\/\/www.accuratereviews.com\/it\/software-gestione-ospedali\/healthdata-archiver-recensione\/#primaryimage"},"image":{"@id":"https:\/\/www.accuratereviews.com\/it\/software-gestione-ospedali\/healthdata-archiver-recensione\/#primaryimage"},"thumbnailUrl":"https:\/\/www.accuratereviews.com\/wp-content\/uploads\/2021\/06\/harmony2.jpg","datePublished":"2021-06-09T12:05:51+00:00","description":"HealthData Archiver: recensione soluzione di archiviazione dei dati basata su cloud e conforme a HIPAA per le strutture ospedaliere.","breadcrumb":{"@id":"https:\/\/www.accuratereviews.com\/it\/software-gestione-ospedali\/healthdata-archiver-recensione\/#breadcrumb"},"inLanguage":"it-IT","potentialAction":[{"@type":"ReadAction","target":["https:\/\/www.accuratereviews.com\/it\/software-gestione-ospedali\/healthdata-archiver-recensione\/"]}]},{"@type":"ImageObject","inLanguage":"it-IT","@id":"https:\/\/www.accuratereviews.com\/it\/software-gestione-ospedali\/healthdata-archiver-recensione\/#primaryimage","url":"https:\/\/www.accuratereviews.com\/wp-content\/uploads\/2021\/06\/harmony2.jpg","contentUrl":"https:\/\/www.accuratereviews.com\/wp-content\/uploads\/2021\/06\/harmony2.jpg","width":370,"height":280},{"@type":"BreadcrumbList","@id":"https:\/\/www.accuratereviews.com\/it\/software-gestione-ospedali\/healthdata-archiver-recensione\/#breadcrumb","itemListElement":[{"@type":"ListItem","position":1,"name":"Home","item":"https:\/\/www.accuratereviews.com\/it\/"},{"@type":"ListItem","position":2,"name":"Software per la gestione degli ospedali","item":"https:\/\/www.accuratereviews.com\/it\/software-gestione-ospedali\/"},{"@type":"ListItem","position":3,"name":"HealthData Archiver"}]},{"@type":"WebSite","@id":"https:\/\/www.accuratereviews.com\/it\/#website","url":"https:\/\/www.accuratereviews.com\/it\/","name":"Accurate Reviews","description":"","potentialAction":[{"@type":"SearchAction","target":{"@type":"EntryPoint","urlTemplate":"https:\/\/www.accuratereviews.com\/it\/?s={search_term_string}"},"query-input":{"@type":"PropertyValueSpecification","valueRequired":true,"valueName":"search_term_string"}}],"inLanguage":"it-IT"}]}},"_links":{"self":[{"href":"https:\/\/www.accuratereviews.com\/it\/wp-json\/wp\/v2\/pages\/43855","targetHints":{"allow":["GET"]}}],"collection":[{"href":"https:\/\/www.accuratereviews.com\/it\/wp-json\/wp\/v2\/pages"}],"about":[{"href":"https:\/\/www.accuratereviews.com\/it\/wp-json\/wp\/v2\/types\/page"}],"author":[{"embeddable":true,"href":"https:\/\/www.accuratereviews.com\/it\/wp-json\/wp\/v2\/users\/16"}],"replies":[{"embeddable":true,"href":"https:\/\/www.accuratereviews.com\/it\/wp-json\/wp\/v2\/comments?post=43855"}],"version-history":[{"count":5,"href":"https:\/\/www.accuratereviews.com\/it\/wp-json\/wp\/v2\/pages\/43855\/revisions"}],"predecessor-version":[{"id":43891,"href":"https:\/\/www.accuratereviews.com\/it\/wp-json\/wp\/v2\/pages\/43855\/revisions\/43891"}],"up":[{"embeddable":true,"href":"https:\/\/www.accuratereviews.com\/it\/wp-json\/wp\/v2\/pages\/43555"}],"wp:featuredmedia":[{"embeddable":true,"href":"https:\/\/www.accuratereviews.com\/it\/wp-json\/wp\/v2\/media\/43863"}],"wp:attachment":[{"href":"https:\/\/www.accuratereviews.com\/it\/wp-json\/wp\/v2\/media?parent=43855"}],"wp:term":[{"taxonomy":"category","embeddable":true,"href":"https:\/\/www.accuratereviews.com\/it\/wp-json\/wp\/v2\/categories?post=43855"},{"taxonomy":"post_tag","embeddable":true,"href":"https:\/\/www.accuratereviews.com\/it\/wp-json\/wp\/v2\/tags?post=43855"},{"taxonomy":"features","embeddable":true,"href":"https:\/\/www.accuratereviews.com\/it\/wp-json\/wp\/v2\/features?post=43855"}],"curies":[{"name":"wp","href":"https:\/\/api.w.org\/{rel}","templated":true}]}}