{"id":43871,"date":"2021-06-09T12:09:07","date_gmt":"2021-06-09T12:09:07","guid":{"rendered":"https:\/\/www.accuratereviews.com\/?page_id=43871"},"modified":"2021-06-09T12:09:07","modified_gmt":"2021-06-09T12:09:07","slug":"promed-recensione","status":"publish","type":"page","link":"https:\/\/www.accuratereviews.com\/it\/software-gestione-ospedali\/promed-recensione\/","title":{"rendered":"ProMed"},"content":{"rendered":"<p><strong>ProMed<\/strong> \u00e8 un potente strumento che puoi facilmente personalizzare e abbinare alle tue esigenze per gestire la tua <strong>organizzazione sanitaria<\/strong> in modo efficiente. \u00c8 progettato per funzionare con qualsiasi volume di dati in modo intelligente e con rigidi protocolli di sicurezza per proteggere la privacy delle informazioni sui pazienti.\u00a0<strong>ProMed<\/strong> \u00e8 il risultato di un duro lavoro e il suo obiettivo \u00e8 di disporre di una suite di applicazioni che possa essere facilmente implementata e integrata in qualsiasi struttura ospedaliera sodisfando in modo efficiente le esigenze dell&#8217;utente finale.<\/p>\n<h2>PROMED &#8211; TUTORIAL<\/h2>\n<p>Ecco un video in cui illustra come sfruttare al meglio le funzioni di questo <strong>software di gestione per ospedali<\/strong>:<\/p>\n<div id=\"fluid-wrapper-counter-1\" class=\"g1-fluid-wrapper \" style=\"width:686px;\">\n<div style=\"padding-bottom:56.268221574344%;\"><iframe loading=\"lazy\" title=\"ProEmTech Hospital Management System ProMed 5.0 Overview\" width=\"515\" height=\"386\" src=\"https:\/\/www.youtube.com\/embed\/LLG35Vm9ivQ?feature=oembed&amp;wmode=transparent&amp;autohide=1&amp;autoplay=0&amp;disablekb=0&amp;fs=1&amp;loop=0&amp;enablejsapi=1&amp;rel=0&amp;controls=2&amp;showinfo=0&amp;wmode=transparent&amp;autohide=2&amp;autoplay=0&amp;disablekb=0&amp;fs=1&amp;loop=0&amp;enablejsapi=1&amp;rel=0&amp;controls=2&amp;showinfo=1\" frameborder=\"0\" allow=\"accelerometer; autoplay; clipboard-write; encrypted-media; gyroscope; picture-in-picture\" allowfullscreen><\/iframe><\/div>\n<\/div>\n<p>&nbsp;<\/p>\n<h3>PROMED &#8211; CARATTERISTICHE<\/h3>\n<ul>\n<li>Procedura d&#8217;ordine<\/li>\n<li>Ordina appuntamenti<\/li>\n<li>Fattura istantanea<\/li>\n<li>Pagamenti anticipati<\/li>\n<li>Legge consolidata in formato IRDA<\/li>\n<li>Fattura dettagliata in formato IRDA<\/li>\n<li>Ricevute<\/li>\n<li>Sconti<\/li>\n<li>Rimborsi<\/li>\n<li>Prescrizioni preformate<\/li>\n<li>Avvio dell&#8217;indagine automatizzata<\/li>\n<li>Prescrizione integrata in Farmacia<\/li>\n<li>Storia della prescrizione<\/li>\n<li>Cartelle cliniche in allegato<\/li>\n<li>Copie della prescrizione tramite il portale del paziente alimentato da MIRepo<\/li>\n<li>Appuntamenti online e offline<\/li>\n<li>Telemedicina<\/li>\n<li>Consulenze video virtuali<\/li>\n<li>Profilo del paziente<\/li>\n<li>Registrazione OPD<\/li>\n<li>Ammissione<\/li>\n<\/ul>\n<h4>LE RECENSIONI DEGLLI UTENTI<\/h4>\n<p class=\"font-weight-bold mb-1 d-flex align-items-center\"><strong>Mohseen A.&#8221;Funzionalit\u00e0 e supporto eccellenti. Il servizio \u00e8 professionale.&#8221;<\/strong><\/p>\n<p><strong>Pro: <\/strong>Funzioni, caratteristiche e integrazione.\u00a0La mia esperienza nell&#8217;utilizzo del prodotto \u00e8 davvero positiva e la consiglierei a chiunque.<\/p>\n<p><strong>Contro: <\/strong>alcune aree devono migliorare come operazioni e rapporti.<\/p>\n<p class=\"font-weight-bold mb-1 d-flex align-items-center\"><strong>Ohoud A.&#8221;Conti facili da gestire&#8221;<\/strong><\/p>\n<p><strong>Pro: <\/strong>Inizialmente abbiamo riscontrato problemi utilizzando il modulo Farmacia, ma il concetto di negozio seguito in Promed \u00e8 ora utilizzato per gestire gli acquisti completi nel nostro ospedale<\/p>\n<p><strong>Contro: <\/strong>Penso che dopo le nuove aggiunte di proemtech come il sistema integrato di chiamata infermieristica e il sistema di altezza e peso, ProMed sar\u00e0 un sistema completo di gestione ospedaliera<\/p>\n<p class=\"font-weight-bold mb-1 d-flex align-items-center\"><strong>Sam R.&#8221;HMS semplice e dettagliato&#8221;<\/strong><\/p>\n<p><strong>Commenti: <\/strong>Utilizziamo ProMed per il nostro ospedale da 1,5 anni. Prima di utilizzare ProMed, abbiamo utilizzato un paio di sistemi simili e abbiamo faticato a gestire le attivit\u00e0 quotidiane. Ora con ProMed, siamo in grado di gestire in modo efficiente le nostre attivit\u00e0 cliniche e relative agli account. Un ringraziamento speciale al giovane energico team di ProEmTech che d\u00e0 importanza alle innovazioni e aperto a qualsiasi suggerimento. ProMed \u00e8 facile da personalizzare utilizzando le impostazioni fornite e facile da gestire utilizzando le interfacce fornite.<\/p>\n<p><strong>Pro: <\/strong>1. I rapporti forniti come parte di ProMed sono accurati e dettagliati con i quali potremmo completare l&#8217;audit dell&#8217;ultimo esercizio finanziario senza alcun problema. 2. Assistenza clienti<\/p>\n<div class=\"ml-4 pl-4 border-left border-left__dotted i18n-translation_vendor_container\" data-translation-id=\"380303\" data-translation-vendor-target=\"original\">\n<div class=\"d-flex flex-wrap flex-md-nowrap align-items-center\">\n<h4 class=\"h5 font-weight-bold\"><\/h4>\n<\/div>\n<\/div>\n<div class=\"ml-4 pl-4 border-left border-left__dotted i18n-translation_vendor_container\" data-translation-id=\"2502366\" data-translation-vendor-target=\"original\">\n<div class=\"d-flex flex-wrap flex-md-nowrap align-items-center\">\n<h4 class=\"h5 font-weight-bold\"><\/h4>\n<\/div>\n<\/div>\n","protected":false},"excerpt":{"rendered":"<p>ProMed \u00e8 un potente strumento che puoi facilmente personalizzare e abbinare alle tue esigenze per gestire la tua organizzazione sanitaria in modo efficiente. \u00c8 progettato per funzionare con qualsiasi volume di dati in modo intelligente e con rigidi protocolli di sicurezza per proteggere la privacy delle informazioni sui pazienti.\u00a0<\/p>\n","protected":false},"author":16,"featured_media":43872,"parent":43555,"menu_order":0,"comment_status":"open","ping_status":"closed","template":"g1_template_page_review_new.php","meta":{"_acf_changed":false,"cwp_meta_box_check":"Yes","cwp_rev_product_name":"","cwp_rev_product_image":"","wppr_links":[],"cwp_rev_price":"","wppr_options":[],"wppr_pros":[],"wppr_cons":[],"_monsterinsights_skip_tracking":false,"_monsterinsights_sitenote_active":false,"_monsterinsights_sitenote_note":"","_monsterinsights_sitenote_category":0,"footnotes":""},"categories":[6100],"tags":[6218,6177,6105,6216,6219,6217,6102],"features":[],"class_list":{"0":"post-43871","1":"page","2":"type-page","3":"status-publish","4":"has-post-thumbnail","6":"category-software-gestione-ospedali-cat","7":"tag-applicazione-gestione-ospedale","8":"tag-gestionale-ospedaliero","9":"tag-piattaforma-gestionale-ospedale","10":"tag-programma-gestionale-ospedali","11":"tag-promed","12":"tag-software-gestionale-ospedale","13":"tag-soluzione-gestionale-ospedale"},"wppr_data":{"cwp_meta_box_check":"Yes","cwp_rev_product_name":"","cwp_rev_product_image":"","cwp_image_link":"image","cwp_rev_price":"","wppr_rating":"0.00"},"acf":[],"yoast_head":"<!-- This site is optimized with the Yoast SEO plugin v27.4 - https:\/\/yoast.com\/product\/yoast-seo-wordpress\/ -->\n<title>ProMed: recensione software gestione ospedali - Accurate Reviews<\/title>\n<meta name=\"description\" content=\"ProMed: recensione strumento che puoi facilmente personalizzare e abbinare alle tue esigenze per gestire la tua organizzazione sanitaria.\" \/>\n<meta name=\"robots\" content=\"index, follow, max-snippet:-1, max-image-preview:large, max-video-preview:-1\" \/>\n<link rel=\"canonical\" href=\"https:\/\/www.accuratereviews.com\/it\/software-gestione-ospedali\/promed-recensione\/\" \/>\n<meta property=\"og:locale\" content=\"it_IT\" \/>\n<meta property=\"og:type\" content=\"article\" \/>\n<meta property=\"og:title\" content=\"ProMed: recensione software gestione ospedali - Accurate Reviews\" \/>\n<meta property=\"og:description\" content=\"ProMed: recensione strumento che puoi facilmente personalizzare e abbinare alle tue esigenze per gestire la tua organizzazione sanitaria.\" \/>\n<meta property=\"og:url\" content=\"https:\/\/www.accuratereviews.com\/it\/software-gestione-ospedali\/promed-recensione\/\" \/>\n<meta property=\"og:site_name\" content=\"Accurate Reviews\" \/>\n<meta property=\"og:image\" content=\"https:\/\/www.accuratereviews.com\/wp-content\/uploads\/2021\/06\/ProEmTech.png\" \/>\n\t<meta property=\"og:image:width\" content=\"420\" \/>\n\t<meta property=\"og:image:height\" content=\"280\" \/>\n\t<meta property=\"og:image:type\" content=\"image\/png\" \/>\n<meta name=\"twitter:card\" content=\"summary_large_image\" \/>\n<meta name=\"twitter:label1\" content=\"Tempo di lettura stimato\" \/>\n\t<meta name=\"twitter:data1\" content=\"2 minuti\" \/>\n<script type=\"application\/ld+json\" class=\"yoast-schema-graph\">{\"@context\":\"https:\\\/\\\/schema.org\",\"@graph\":[{\"@type\":\"WebPage\",\"@id\":\"https:\\\/\\\/www.accuratereviews.com\\\/it\\\/software-gestione-ospedali\\\/promed-recensione\\\/\",\"url\":\"https:\\\/\\\/www.accuratereviews.com\\\/it\\\/software-gestione-ospedali\\\/promed-recensione\\\/\",\"name\":\"ProMed: recensione software gestione ospedali - Accurate Reviews\",\"isPartOf\":{\"@id\":\"https:\\\/\\\/www.accuratereviews.com\\\/it\\\/#website\"},\"primaryImageOfPage\":{\"@id\":\"https:\\\/\\\/www.accuratereviews.com\\\/it\\\/software-gestione-ospedali\\\/promed-recensione\\\/#primaryimage\"},\"image\":{\"@id\":\"https:\\\/\\\/www.accuratereviews.com\\\/it\\\/software-gestione-ospedali\\\/promed-recensione\\\/#primaryimage\"},\"thumbnailUrl\":\"https:\\\/\\\/www.accuratereviews.com\\\/wp-content\\\/uploads\\\/2021\\\/06\\\/ProEmTech.png\",\"datePublished\":\"2021-06-09T12:09:07+00:00\",\"description\":\"ProMed: recensione strumento che puoi facilmente personalizzare e abbinare alle tue esigenze per gestire la tua organizzazione sanitaria.\",\"breadcrumb\":{\"@id\":\"https:\\\/\\\/www.accuratereviews.com\\\/it\\\/software-gestione-ospedali\\\/promed-recensione\\\/#breadcrumb\"},\"inLanguage\":\"it-IT\",\"potentialAction\":[{\"@type\":\"ReadAction\",\"target\":[\"https:\\\/\\\/www.accuratereviews.com\\\/it\\\/software-gestione-ospedali\\\/promed-recensione\\\/\"]}]},{\"@type\":\"ImageObject\",\"inLanguage\":\"it-IT\",\"@id\":\"https:\\\/\\\/www.accuratereviews.com\\\/it\\\/software-gestione-ospedali\\\/promed-recensione\\\/#primaryimage\",\"url\":\"https:\\\/\\\/www.accuratereviews.com\\\/wp-content\\\/uploads\\\/2021\\\/06\\\/ProEmTech.png\",\"contentUrl\":\"https:\\\/\\\/www.accuratereviews.com\\\/wp-content\\\/uploads\\\/2021\\\/06\\\/ProEmTech.png\",\"width\":420,\"height\":280},{\"@type\":\"BreadcrumbList\",\"@id\":\"https:\\\/\\\/www.accuratereviews.com\\\/it\\\/software-gestione-ospedali\\\/promed-recensione\\\/#breadcrumb\",\"itemListElement\":[{\"@type\":\"ListItem\",\"position\":1,\"name\":\"Home\",\"item\":\"https:\\\/\\\/www.accuratereviews.com\\\/it\\\/\"},{\"@type\":\"ListItem\",\"position\":2,\"name\":\"Software per la gestione degli ospedali\",\"item\":\"https:\\\/\\\/www.accuratereviews.com\\\/it\\\/software-gestione-ospedali\\\/\"},{\"@type\":\"ListItem\",\"position\":3,\"name\":\"ProMed\"}]},{\"@type\":\"WebSite\",\"@id\":\"https:\\\/\\\/www.accuratereviews.com\\\/it\\\/#website\",\"url\":\"https:\\\/\\\/www.accuratereviews.com\\\/it\\\/\",\"name\":\"Accurate Reviews\",\"description\":\"\",\"potentialAction\":[{\"@type\":\"SearchAction\",\"target\":{\"@type\":\"EntryPoint\",\"urlTemplate\":\"https:\\\/\\\/www.accuratereviews.com\\\/it\\\/?s={search_term_string}\"},\"query-input\":{\"@type\":\"PropertyValueSpecification\",\"valueRequired\":true,\"valueName\":\"search_term_string\"}}],\"inLanguage\":\"it-IT\"}]}<\/script>\n<!-- \/ Yoast SEO plugin. -->","yoast_head_json":{"title":"ProMed: recensione software gestione ospedali - Accurate Reviews","description":"ProMed: recensione strumento che puoi facilmente personalizzare e abbinare alle tue esigenze per gestire la tua organizzazione sanitaria.","robots":{"index":"index","follow":"follow","max-snippet":"max-snippet:-1","max-image-preview":"max-image-preview:large","max-video-preview":"max-video-preview:-1"},"canonical":"https:\/\/www.accuratereviews.com\/it\/software-gestione-ospedali\/promed-recensione\/","og_locale":"it_IT","og_type":"article","og_title":"ProMed: recensione software gestione ospedali - Accurate Reviews","og_description":"ProMed: recensione strumento che puoi facilmente personalizzare e abbinare alle tue esigenze per gestire la tua organizzazione sanitaria.","og_url":"https:\/\/www.accuratereviews.com\/it\/software-gestione-ospedali\/promed-recensione\/","og_site_name":"Accurate Reviews","og_image":[{"width":420,"height":280,"url":"https:\/\/www.accuratereviews.com\/wp-content\/uploads\/2021\/06\/ProEmTech.png","type":"image\/png"}],"twitter_card":"summary_large_image","twitter_misc":{"Tempo di lettura stimato":"2 minuti"},"schema":{"@context":"https:\/\/schema.org","@graph":[{"@type":"WebPage","@id":"https:\/\/www.accuratereviews.com\/it\/software-gestione-ospedali\/promed-recensione\/","url":"https:\/\/www.accuratereviews.com\/it\/software-gestione-ospedali\/promed-recensione\/","name":"ProMed: recensione software gestione ospedali - Accurate Reviews","isPartOf":{"@id":"https:\/\/www.accuratereviews.com\/it\/#website"},"primaryImageOfPage":{"@id":"https:\/\/www.accuratereviews.com\/it\/software-gestione-ospedali\/promed-recensione\/#primaryimage"},"image":{"@id":"https:\/\/www.accuratereviews.com\/it\/software-gestione-ospedali\/promed-recensione\/#primaryimage"},"thumbnailUrl":"https:\/\/www.accuratereviews.com\/wp-content\/uploads\/2021\/06\/ProEmTech.png","datePublished":"2021-06-09T12:09:07+00:00","description":"ProMed: recensione strumento che puoi facilmente personalizzare e abbinare alle tue esigenze per gestire la tua organizzazione sanitaria.","breadcrumb":{"@id":"https:\/\/www.accuratereviews.com\/it\/software-gestione-ospedali\/promed-recensione\/#breadcrumb"},"inLanguage":"it-IT","potentialAction":[{"@type":"ReadAction","target":["https:\/\/www.accuratereviews.com\/it\/software-gestione-ospedali\/promed-recensione\/"]}]},{"@type":"ImageObject","inLanguage":"it-IT","@id":"https:\/\/www.accuratereviews.com\/it\/software-gestione-ospedali\/promed-recensione\/#primaryimage","url":"https:\/\/www.accuratereviews.com\/wp-content\/uploads\/2021\/06\/ProEmTech.png","contentUrl":"https:\/\/www.accuratereviews.com\/wp-content\/uploads\/2021\/06\/ProEmTech.png","width":420,"height":280},{"@type":"BreadcrumbList","@id":"https:\/\/www.accuratereviews.com\/it\/software-gestione-ospedali\/promed-recensione\/#breadcrumb","itemListElement":[{"@type":"ListItem","position":1,"name":"Home","item":"https:\/\/www.accuratereviews.com\/it\/"},{"@type":"ListItem","position":2,"name":"Software per la gestione degli ospedali","item":"https:\/\/www.accuratereviews.com\/it\/software-gestione-ospedali\/"},{"@type":"ListItem","position":3,"name":"ProMed"}]},{"@type":"WebSite","@id":"https:\/\/www.accuratereviews.com\/it\/#website","url":"https:\/\/www.accuratereviews.com\/it\/","name":"Accurate Reviews","description":"","potentialAction":[{"@type":"SearchAction","target":{"@type":"EntryPoint","urlTemplate":"https:\/\/www.accuratereviews.com\/it\/?s={search_term_string}"},"query-input":{"@type":"PropertyValueSpecification","valueRequired":true,"valueName":"search_term_string"}}],"inLanguage":"it-IT"}]}},"_links":{"self":[{"href":"https:\/\/www.accuratereviews.com\/it\/wp-json\/wp\/v2\/pages\/43871","targetHints":{"allow":["GET"]}}],"collection":[{"href":"https:\/\/www.accuratereviews.com\/it\/wp-json\/wp\/v2\/pages"}],"about":[{"href":"https:\/\/www.accuratereviews.com\/it\/wp-json\/wp\/v2\/types\/page"}],"author":[{"embeddable":true,"href":"https:\/\/www.accuratereviews.com\/it\/wp-json\/wp\/v2\/users\/16"}],"replies":[{"embeddable":true,"href":"https:\/\/www.accuratereviews.com\/it\/wp-json\/wp\/v2\/comments?post=43871"}],"version-history":[{"count":8,"href":"https:\/\/www.accuratereviews.com\/it\/wp-json\/wp\/v2\/pages\/43871\/revisions"}],"predecessor-version":[{"id":43893,"href":"https:\/\/www.accuratereviews.com\/it\/wp-json\/wp\/v2\/pages\/43871\/revisions\/43893"}],"up":[{"embeddable":true,"href":"https:\/\/www.accuratereviews.com\/it\/wp-json\/wp\/v2\/pages\/43555"}],"wp:featuredmedia":[{"embeddable":true,"href":"https:\/\/www.accuratereviews.com\/it\/wp-json\/wp\/v2\/media\/43872"}],"wp:attachment":[{"href":"https:\/\/www.accuratereviews.com\/it\/wp-json\/wp\/v2\/media?parent=43871"}],"wp:term":[{"taxonomy":"category","embeddable":true,"href":"https:\/\/www.accuratereviews.com\/it\/wp-json\/wp\/v2\/categories?post=43871"},{"taxonomy":"post_tag","embeddable":true,"href":"https:\/\/www.accuratereviews.com\/it\/wp-json\/wp\/v2\/tags?post=43871"},{"taxonomy":"features","embeddable":true,"href":"https:\/\/www.accuratereviews.com\/it\/wp-json\/wp\/v2\/features?post=43871"}],"curies":[{"name":"wp","href":"https:\/\/api.w.org\/{rel}","templated":true}]}}