{"id":43924,"date":"2021-06-10T13:42:20","date_gmt":"2021-06-10T13:42:20","guid":{"rendered":"https:\/\/www.accuratereviews.com\/?page_id=43924"},"modified":"2021-06-10T13:42:20","modified_gmt":"2021-06-10T13:42:20","slug":"mocdoc-hms-recensione","status":"publish","type":"page","link":"https:\/\/www.accuratereviews.com\/it\/software-gestione-ospedali\/mocdoc-hms-recensione\/","title":{"rendered":"MocDoc HMS"},"content":{"rendered":"<p><strong>MocDoc HMS<\/strong> \u00e8 una suite avanzata, completa e completamente integrata per la <strong>gestione degli studi medici<\/strong> progettata per migliorare la mobilit\u00e0, l&#8217;efficienza e la produttivit\u00e0 in diversi settori o unit\u00e0 sanitarie. Il programma consente l&#8217;implementazione di flussi di lavoro che non si basano sull&#8217;utilizzo di documenti. Gli utenti possono generare e inviare istantaneamente prescrizioni elettroniche, preparare schede visive e accedere a cartelle cliniche e referti dai propri dispositivi mobili. Include anche funzionalit\u00e0 per la gestione dei dati finanziari, come la creazione rapida di fatture per pazienti o fornitori di assicurazioni, il monitoraggio delle vendite dei farmaci prescritti e il controllo del riordino delle forniture mediche. Inoltre, la suite di gestione degli studi medici fornisce avvisi automatici, report significativi e informazioni utili alle parti interessate del settore sanitario.<\/p>\n<h2>MOCDOC HMS &#8211; TUTORIAL<\/h2>\n<p>Il video che segue mostra come questo software pu\u00f2 aiutarti nella <strong>gestione di un ospedale<\/strong>:<\/p>\n<div id=\"fluid-wrapper-counter-1\" class=\"g1-fluid-wrapper \" style=\"width:686px;\">\n<div style=\"padding-bottom:56.268221574344%;\"><iframe loading=\"lazy\" title=\"Lab Management System | MocDoc LIMS | best lab software\" width=\"686\" height=\"386\" src=\"https:\/\/www.youtube.com\/embed\/Wht2D0Fupt0?feature=oembed&amp;wmode=transparent&amp;autohide=1&amp;autoplay=0&amp;disablekb=0&amp;fs=1&amp;loop=0&amp;enablejsapi=1&amp;rel=0&amp;controls=2&amp;showinfo=0&amp;wmode=transparent&amp;autohide=2&amp;autoplay=0&amp;disablekb=0&amp;fs=1&amp;loop=0&amp;enablejsapi=1&amp;rel=0&amp;controls=2&amp;showinfo=1\" frameborder=\"0\" allow=\"accelerometer; autoplay; clipboard-write; encrypted-media; gyroscope; picture-in-picture\" allowfullscreen><\/iframe><\/div>\n<\/div>\n<h3>MOCDOC HMS &#8211; CARATTERISTICHE<\/h3>\n<ul>\n<li><strong>Appuntamenti completi<\/strong>: visualizza gli appuntamenti per il singolo medico, per l&#8217;intero ospedale e per gli appuntamenti in pi\u00f9 sedi<\/li>\n<li><strong>Fatturazione integrata<\/strong>: avvisi di autorizzazione allo sconto. Possibilit\u00e0 di fatturare prima e dopo la consultazione<\/li>\n<li><strong>Gestione flessibile<\/strong>: opzione flessibile per utilizzare il check-in basato su appuntamento e il check-in basato su token, che pu\u00f2 essere visualizzato su un grande schermo<\/li>\n<li><strong>Prescrizioni<\/strong>: possibilit\u00e0 di mostrare i farmaci disponibili in farmacia con prescrizioni via sms ai pazienti<\/li>\n<li><strong>Gestione assicurativa<\/strong>: generazione di fatture con un clic per i fornitori di assicurazioni per il pagamento in sospeso. Possibilit\u00e0 di impostare l&#8217;importo della pre-autorizzazione<\/li>\n<li><strong>Richiesta reparto<\/strong>: i farmaci possono essere ordinati per i pazienti IP dal reparto stesso<\/li>\n<li><strong>Lista di controllo<\/strong>: lista di controllo preconfigurata per i chirurghi e moduli di consenso per i pazienti. Pu\u00f2 essere aggiornato dall&#8217;appuntamento stesso<\/li>\n<li><strong>Appunti Chirurgici<\/strong>: opzione per aggiungere e gestire note da chirurghi e medici<\/li>\n<li><strong>Gestione delle scorte<\/strong>: configura pi\u00f9 negozi e contatori di vendita. Traccia e monitora il movimento delle scorte nei negozi e nelle farmacie. Opzione per aumentare ed emettere rientri<\/li>\n<li><strong>Fattura di vendita<\/strong>: carica automaticamente i farmaci da prescrizione. Possibilit\u00e0 di restituzione dei farmaci avendo la fattura<\/li>\n<li><strong>Rapporto personalizzati:<\/strong> report con modelli configurabili in base a sesso ed et\u00e0. I modelli specifici del medico verrebbero selezionati automaticamente. Avvisi automatici anomali, valori dei risultati basati su formule e grafico storico.<\/li>\n<\/ul>\n<h4>LE RECENSIONI DEGLI UTENTI<\/h4>\n<h5 class=\"font-weight-bold mb-1 d-flex align-items-center\">Balaram B.&#8221;Facilit\u00e0 d&#8217;uso&#8221;<\/h5>\n<p><strong>Commenti: <\/strong>Ottimo prodotto e rapporto qualit\u00e0 prezzo.<\/p>\n<p><strong>Pro: <\/strong>Facilit\u00e0 di utilizzo e supporto fornito. Tutti i moduli sono interconnessi e funzionano come richiesto.<\/p>\n<p><strong>Contro: <\/strong>Poche personalizzazioni in pi\u00f9 come da richiesta sarebbero di aiuto.<\/p>\n<p class=\"font-weight-bold mb-1 d-flex align-items-center\"><strong>Dr ravi P.&#8221;Il miglior software di sempre&#8221;<\/strong><\/p>\n<p><strong>Commenti: <\/strong>Dato che si trattava di una formazione in sede \u00e8 stato pi\u00f9 comodo, il lavoro \u00e8 stato perfetto, infatti c&#8217;erano aree che stavamo perdendo per esempio in farmacia, quelle sono state corrette e attualmente un flusso regolare. Tutto il personale \u00e8 stato formato al 100% e ben esposto all&#8217;uso del software in modo molto efficiente. grazie a MocDoc.<\/p>\n<p><strong>Pro: <\/strong>Sono in grado di integrarmi tra tutti i miei reparti\u00a0il software \u00e8 cos\u00ec vigile che il mio rapporto di profitto \u00e8 aumentato del 30%\u00a0siamo in grado di mantenere tutti i database dei pazienti in sequenza, in precedenza c&#8217;era una difficolt\u00e0 sul supporto IT e sui dati. ora \u00e8 comodo e buono<\/p>\n<p><strong>Contro: <\/strong>L&#8217;insegnamento e la formazione del personale duravano 10 giorni, tuttavia quello era principalmente il mio problema di comprensione del personale.<\/p>\n<p class=\"font-weight-bold mb-1 d-flex align-items-center\"><strong>Kolappa P.&#8221;Buon approccio professionale verso i pazienti. e il software \u00e8 facile da usare.&#8221;<\/strong><\/p>\n<p><strong>Pro: <\/strong>la contabilit\u00e0 e la selezione dei farmaci sono buone. Sia la farmacia che la prescrizione e anche la contabilit\u00e0 sono interconnesse. Quindi \u00e8 utile gestire sia la clinica che la farmacia e anche i conti. grazie per il team per la tempestiva risoluzione dei problemi.<\/p>\n<p><strong>Contro: <\/strong>la preoccupazione per la protezione della privacy \u00e8 pi\u00f9 pensata. la chiusura della prescrizione necessita di conformazione. Possono essere forniti avvisi per il livello di riordino e la mancanza di prodotto.<\/p>\n","protected":false},"excerpt":{"rendered":"<p>MocDoc HMS \u00e8 una suite avanzata, completa e completamente integrata per la gestione degli studi medici progettata per migliorare la mobilit\u00e0, l&#8217;efficienza e la produttivit\u00e0 in diversi settori o unit\u00e0 sanitarie. Il programma consente l&#8217;implementazione di flussi di lavoro che non si basano sull&#8217;utilizzo di documenti.<\/p>\n","protected":false},"author":16,"featured_media":43948,"parent":43555,"menu_order":0,"comment_status":"open","ping_status":"closed","template":"g1_template_page_review_new.php","meta":{"_acf_changed":false,"cwp_meta_box_check":"Yes","cwp_rev_product_name":"","cwp_rev_product_image":"","wppr_links":[],"cwp_rev_price":"","wppr_options":[],"wppr_pros":[],"wppr_cons":[],"_monsterinsights_skip_tracking":false,"_monsterinsights_sitenote_active":false,"_monsterinsights_sitenote_note":"","_monsterinsights_sitenote_category":0,"footnotes":""},"categories":[6100],"tags":[396,6220,6177,6228,6129,6128,6194,6195],"features":[],"class_list":{"0":"post-43924","1":"page","2":"type-page","3":"status-publish","4":"has-post-thumbnail","6":"category-software-gestione-ospedali-cat","7":"tag-cloud","8":"tag-gestionale-ospedali","9":"tag-gestionale-ospedaliero","10":"tag-mocdoc-hms","11":"tag-piattaforma-gestionale-per-ospedali","12":"tag-programma-gestionale-per-ospedali","13":"tag-software-gestionale-per-ospedali","14":"tag-soluzione-gestionale-per-ospedali"},"wppr_data":{"cwp_meta_box_check":"Yes","cwp_rev_product_name":"","cwp_rev_product_image":"","cwp_image_link":"image","cwp_rev_price":"","wppr_rating":"0.00"},"acf":[],"yoast_head":"<!-- This site is optimized with the Yoast SEO plugin v27.4 - https:\/\/yoast.com\/product\/yoast-seo-wordpress\/ -->\n<title>MocDoc HMS: recensione software gestione ospedali - Accurate Reviews<\/title>\n<meta name=\"description\" content=\"MocDoc HMS: recensione suite avanzata, completa e completamente integrata per la gestione degli studi medici e ospedali.\" \/>\n<meta name=\"robots\" content=\"index, follow, max-snippet:-1, max-image-preview:large, max-video-preview:-1\" \/>\n<link rel=\"canonical\" href=\"https:\/\/www.accuratereviews.com\/it\/software-gestione-ospedali\/mocdoc-hms-recensione\/\" \/>\n<meta property=\"og:locale\" content=\"it_IT\" \/>\n<meta property=\"og:type\" content=\"article\" \/>\n<meta property=\"og:title\" content=\"MocDoc HMS: recensione software gestione ospedali - Accurate Reviews\" \/>\n<meta property=\"og:description\" content=\"MocDoc HMS: recensione suite avanzata, completa e completamente integrata per la gestione degli studi medici e ospedali.\" \/>\n<meta property=\"og:url\" content=\"https:\/\/www.accuratereviews.com\/it\/software-gestione-ospedali\/mocdoc-hms-recensione\/\" \/>\n<meta property=\"og:site_name\" content=\"Accurate Reviews\" \/>\n<meta property=\"og:image\" content=\"https:\/\/www.accuratereviews.com\/wp-content\/uploads\/2021\/06\/mocdoc.png\" \/>\n\t<meta property=\"og:image:width\" content=\"200\" \/>\n\t<meta property=\"og:image:height\" content=\"200\" \/>\n\t<meta property=\"og:image:type\" content=\"image\/png\" \/>\n<meta name=\"twitter:card\" content=\"summary_large_image\" \/>\n<meta name=\"twitter:label1\" content=\"Tempo di lettura stimato\" \/>\n\t<meta name=\"twitter:data1\" content=\"3 minuti\" \/>\n<script type=\"application\/ld+json\" class=\"yoast-schema-graph\">{\"@context\":\"https:\\\/\\\/schema.org\",\"@graph\":[{\"@type\":\"WebPage\",\"@id\":\"https:\\\/\\\/www.accuratereviews.com\\\/it\\\/software-gestione-ospedali\\\/mocdoc-hms-recensione\\\/\",\"url\":\"https:\\\/\\\/www.accuratereviews.com\\\/it\\\/software-gestione-ospedali\\\/mocdoc-hms-recensione\\\/\",\"name\":\"MocDoc HMS: recensione software gestione ospedali - Accurate Reviews\",\"isPartOf\":{\"@id\":\"https:\\\/\\\/www.accuratereviews.com\\\/it\\\/#website\"},\"primaryImageOfPage\":{\"@id\":\"https:\\\/\\\/www.accuratereviews.com\\\/it\\\/software-gestione-ospedali\\\/mocdoc-hms-recensione\\\/#primaryimage\"},\"image\":{\"@id\":\"https:\\\/\\\/www.accuratereviews.com\\\/it\\\/software-gestione-ospedali\\\/mocdoc-hms-recensione\\\/#primaryimage\"},\"thumbnailUrl\":\"https:\\\/\\\/www.accuratereviews.com\\\/wp-content\\\/uploads\\\/2021\\\/06\\\/mocdoc.png\",\"datePublished\":\"2021-06-10T13:42:20+00:00\",\"description\":\"MocDoc HMS: recensione suite avanzata, completa e completamente integrata per la gestione degli studi medici e ospedali.\",\"breadcrumb\":{\"@id\":\"https:\\\/\\\/www.accuratereviews.com\\\/it\\\/software-gestione-ospedali\\\/mocdoc-hms-recensione\\\/#breadcrumb\"},\"inLanguage\":\"it-IT\",\"potentialAction\":[{\"@type\":\"ReadAction\",\"target\":[\"https:\\\/\\\/www.accuratereviews.com\\\/it\\\/software-gestione-ospedali\\\/mocdoc-hms-recensione\\\/\"]}]},{\"@type\":\"ImageObject\",\"inLanguage\":\"it-IT\",\"@id\":\"https:\\\/\\\/www.accuratereviews.com\\\/it\\\/software-gestione-ospedali\\\/mocdoc-hms-recensione\\\/#primaryimage\",\"url\":\"https:\\\/\\\/www.accuratereviews.com\\\/wp-content\\\/uploads\\\/2021\\\/06\\\/mocdoc.png\",\"contentUrl\":\"https:\\\/\\\/www.accuratereviews.com\\\/wp-content\\\/uploads\\\/2021\\\/06\\\/mocdoc.png\",\"width\":200,\"height\":200},{\"@type\":\"BreadcrumbList\",\"@id\":\"https:\\\/\\\/www.accuratereviews.com\\\/it\\\/software-gestione-ospedali\\\/mocdoc-hms-recensione\\\/#breadcrumb\",\"itemListElement\":[{\"@type\":\"ListItem\",\"position\":1,\"name\":\"Home\",\"item\":\"https:\\\/\\\/www.accuratereviews.com\\\/it\\\/\"},{\"@type\":\"ListItem\",\"position\":2,\"name\":\"Software per la gestione degli ospedali\",\"item\":\"https:\\\/\\\/www.accuratereviews.com\\\/it\\\/software-gestione-ospedali\\\/\"},{\"@type\":\"ListItem\",\"position\":3,\"name\":\"MocDoc HMS\"}]},{\"@type\":\"WebSite\",\"@id\":\"https:\\\/\\\/www.accuratereviews.com\\\/it\\\/#website\",\"url\":\"https:\\\/\\\/www.accuratereviews.com\\\/it\\\/\",\"name\":\"Accurate Reviews\",\"description\":\"\",\"potentialAction\":[{\"@type\":\"SearchAction\",\"target\":{\"@type\":\"EntryPoint\",\"urlTemplate\":\"https:\\\/\\\/www.accuratereviews.com\\\/it\\\/?s={search_term_string}\"},\"query-input\":{\"@type\":\"PropertyValueSpecification\",\"valueRequired\":true,\"valueName\":\"search_term_string\"}}],\"inLanguage\":\"it-IT\"}]}<\/script>\n<!-- \/ Yoast SEO plugin. -->","yoast_head_json":{"title":"MocDoc HMS: recensione software gestione ospedali - Accurate Reviews","description":"MocDoc HMS: recensione suite avanzata, completa e completamente integrata per la gestione degli studi medici e ospedali.","robots":{"index":"index","follow":"follow","max-snippet":"max-snippet:-1","max-image-preview":"max-image-preview:large","max-video-preview":"max-video-preview:-1"},"canonical":"https:\/\/www.accuratereviews.com\/it\/software-gestione-ospedali\/mocdoc-hms-recensione\/","og_locale":"it_IT","og_type":"article","og_title":"MocDoc HMS: recensione software gestione ospedali - Accurate Reviews","og_description":"MocDoc HMS: recensione suite avanzata, completa e completamente integrata per la gestione degli studi medici e ospedali.","og_url":"https:\/\/www.accuratereviews.com\/it\/software-gestione-ospedali\/mocdoc-hms-recensione\/","og_site_name":"Accurate Reviews","og_image":[{"width":200,"height":200,"url":"https:\/\/www.accuratereviews.com\/wp-content\/uploads\/2021\/06\/mocdoc.png","type":"image\/png"}],"twitter_card":"summary_large_image","twitter_misc":{"Tempo di lettura stimato":"3 minuti"},"schema":{"@context":"https:\/\/schema.org","@graph":[{"@type":"WebPage","@id":"https:\/\/www.accuratereviews.com\/it\/software-gestione-ospedali\/mocdoc-hms-recensione\/","url":"https:\/\/www.accuratereviews.com\/it\/software-gestione-ospedali\/mocdoc-hms-recensione\/","name":"MocDoc HMS: recensione software gestione ospedali - Accurate Reviews","isPartOf":{"@id":"https:\/\/www.accuratereviews.com\/it\/#website"},"primaryImageOfPage":{"@id":"https:\/\/www.accuratereviews.com\/it\/software-gestione-ospedali\/mocdoc-hms-recensione\/#primaryimage"},"image":{"@id":"https:\/\/www.accuratereviews.com\/it\/software-gestione-ospedali\/mocdoc-hms-recensione\/#primaryimage"},"thumbnailUrl":"https:\/\/www.accuratereviews.com\/wp-content\/uploads\/2021\/06\/mocdoc.png","datePublished":"2021-06-10T13:42:20+00:00","description":"MocDoc HMS: recensione suite avanzata, completa e completamente integrata per la gestione degli studi medici e ospedali.","breadcrumb":{"@id":"https:\/\/www.accuratereviews.com\/it\/software-gestione-ospedali\/mocdoc-hms-recensione\/#breadcrumb"},"inLanguage":"it-IT","potentialAction":[{"@type":"ReadAction","target":["https:\/\/www.accuratereviews.com\/it\/software-gestione-ospedali\/mocdoc-hms-recensione\/"]}]},{"@type":"ImageObject","inLanguage":"it-IT","@id":"https:\/\/www.accuratereviews.com\/it\/software-gestione-ospedali\/mocdoc-hms-recensione\/#primaryimage","url":"https:\/\/www.accuratereviews.com\/wp-content\/uploads\/2021\/06\/mocdoc.png","contentUrl":"https:\/\/www.accuratereviews.com\/wp-content\/uploads\/2021\/06\/mocdoc.png","width":200,"height":200},{"@type":"BreadcrumbList","@id":"https:\/\/www.accuratereviews.com\/it\/software-gestione-ospedali\/mocdoc-hms-recensione\/#breadcrumb","itemListElement":[{"@type":"ListItem","position":1,"name":"Home","item":"https:\/\/www.accuratereviews.com\/it\/"},{"@type":"ListItem","position":2,"name":"Software per la gestione degli ospedali","item":"https:\/\/www.accuratereviews.com\/it\/software-gestione-ospedali\/"},{"@type":"ListItem","position":3,"name":"MocDoc HMS"}]},{"@type":"WebSite","@id":"https:\/\/www.accuratereviews.com\/it\/#website","url":"https:\/\/www.accuratereviews.com\/it\/","name":"Accurate Reviews","description":"","potentialAction":[{"@type":"SearchAction","target":{"@type":"EntryPoint","urlTemplate":"https:\/\/www.accuratereviews.com\/it\/?s={search_term_string}"},"query-input":{"@type":"PropertyValueSpecification","valueRequired":true,"valueName":"search_term_string"}}],"inLanguage":"it-IT"}]}},"_links":{"self":[{"href":"https:\/\/www.accuratereviews.com\/it\/wp-json\/wp\/v2\/pages\/43924","targetHints":{"allow":["GET"]}}],"collection":[{"href":"https:\/\/www.accuratereviews.com\/it\/wp-json\/wp\/v2\/pages"}],"about":[{"href":"https:\/\/www.accuratereviews.com\/it\/wp-json\/wp\/v2\/types\/page"}],"author":[{"embeddable":true,"href":"https:\/\/www.accuratereviews.com\/it\/wp-json\/wp\/v2\/users\/16"}],"replies":[{"embeddable":true,"href":"https:\/\/www.accuratereviews.com\/it\/wp-json\/wp\/v2\/comments?post=43924"}],"version-history":[{"count":9,"href":"https:\/\/www.accuratereviews.com\/it\/wp-json\/wp\/v2\/pages\/43924\/revisions"}],"predecessor-version":[{"id":43987,"href":"https:\/\/www.accuratereviews.com\/it\/wp-json\/wp\/v2\/pages\/43924\/revisions\/43987"}],"up":[{"embeddable":true,"href":"https:\/\/www.accuratereviews.com\/it\/wp-json\/wp\/v2\/pages\/43555"}],"wp:featuredmedia":[{"embeddable":true,"href":"https:\/\/www.accuratereviews.com\/it\/wp-json\/wp\/v2\/media\/43948"}],"wp:attachment":[{"href":"https:\/\/www.accuratereviews.com\/it\/wp-json\/wp\/v2\/media?parent=43924"}],"wp:term":[{"taxonomy":"category","embeddable":true,"href":"https:\/\/www.accuratereviews.com\/it\/wp-json\/wp\/v2\/categories?post=43924"},{"taxonomy":"post_tag","embeddable":true,"href":"https:\/\/www.accuratereviews.com\/it\/wp-json\/wp\/v2\/tags?post=43924"},{"taxonomy":"features","embeddable":true,"href":"https:\/\/www.accuratereviews.com\/it\/wp-json\/wp\/v2\/features?post=43924"}],"curies":[{"name":"wp","href":"https:\/\/api.w.org\/{rel}","templated":true}]}}