{"id":43929,"date":"2021-06-10T13:32:15","date_gmt":"2021-06-10T13:32:15","guid":{"rendered":"https:\/\/www.accuratereviews.com\/?page_id=43929"},"modified":"2021-06-10T13:32:15","modified_gmt":"2021-06-10T13:32:15","slug":"simplex-himes-recensione","status":"publish","type":"page","link":"https:\/\/www.accuratereviews.com\/it\/software-gestione-ospedali\/simplex-himes-recensione\/","title":{"rendered":"Simplex HIMES"},"content":{"rendered":"<p><strong>Simplex HIMES<\/strong> \u00e8 una <strong>soluzione di gestione degli studi medici<\/strong> basata su <strong>cloud<\/strong>, che aiuta ospedali, cliniche, farmacie e laboratori diagnostici a gestire le cartelle cliniche dei pazienti, prenotare appuntamenti, monitorare l&#8217;inventario dei farmaci e pianificare le procedure di trattamento. Le funzionalit\u00e0 includono la gestione della radiologia, il punto vendita, la verifica dei dati, la raccolta dei feedback, i moduli di consenso personalizzati, la gestione dell&#8217;assicurazione e la fatturazione.\u00a0Gli ospedali possono utilizzare la soluzione per tenere traccia dello stato dei letti disponibili, programmare le sale operatorie e registrare i dati anagrafici dei pazienti in un database centralizzato. L&#8217;applicazione consente ai laboratori di patologia di generare codici a barre per tenere traccia dei campioni, gestire i dettagli dei laboratori di riferimento e inviare avvisi sui risultati tramite email o SMS. Utilizzando i portali self-service, i pazienti possono programmare appuntamenti, visualizzare le cartelle cliniche o le strutture dei fornitori di servizi e interagire con i medici tramite messaggi.<\/p>\n<h2>SIMPLEX HIMES &#8211; TUTORIAL<\/h2>\n<p>Ecco un video illustrativo su questo <strong>programma gestionale per ospedali<\/strong>:<\/p>\n<div id=\"fluid-wrapper-counter-1\" class=\"g1-fluid-wrapper \" style=\"width:686px;\">\n<div style=\"padding-bottom:56.268221574344%;\"><iframe loading=\"lazy\" title=\"Simplex HIMES Introduction | Clinic Management Software | Hospital Information System\" width=\"686\" height=\"386\" src=\"https:\/\/www.youtube.com\/embed\/mkhaVYDEcnc?feature=oembed&amp;wmode=transparent&amp;autohide=1&amp;autoplay=0&amp;disablekb=0&amp;fs=1&amp;loop=0&amp;enablejsapi=1&amp;rel=0&amp;controls=2&amp;showinfo=0&amp;wmode=transparent&amp;autohide=2&amp;autoplay=0&amp;disablekb=0&amp;fs=1&amp;loop=0&amp;enablejsapi=1&amp;rel=0&amp;controls=2&amp;showinfo=1\" frameborder=\"0\" allow=\"accelerometer; autoplay; clipboard-write; encrypted-media; gyroscope; picture-in-picture\" allowfullscreen><\/iframe><\/div>\n<\/div>\n<h3>SIMPLEX HIMES &#8211; CARATTERISTICHE<\/h3>\n<ul>\n<li>Gestione completa del letto<\/li>\n<li>Monitoraggio rapido del paziente<\/li>\n<li>Gestione efficiente della sala operatoria<\/li>\n<li>Contabilit\u00e0 magazzino integrata<\/li>\n<li>Centinaia di integrazioni<\/li>\n<li>300+ moduli EMR<\/li>\n<li>Flusso di lavoro senza carta<\/li>\n<li>Gestione pi\u00f9 centri medici<\/li>\n<li>Database centralizzato<\/li>\n<li>Applicazione sempre aggiornata<\/li>\n<li>Configurazione dei dati anagrafici gestibile dall&#8217;utente<\/li>\n<li>Funzione SMS, WhatsApp ed email<\/li>\n<li>Qualsiasi dispositivo: laptop, desktop, MAC, Win, iOS, Android<\/li>\n<li>Iscrizione online e appuntamento<\/li>\n<li>Collegamento diretto con DHA e HAAD Malafi<\/li>\n<li>Integrazione del sistema di token, call center, macchine bidirezionali<\/li>\n<li>E-claim automatico e funzione E&amp;M<\/li>\n<li>Strumento di business intelligence integrato<\/li>\n<\/ul>\n<h4>LE RECENSIONI DEGLI UTENTI<\/h4>\n<p class=\"font-weight-bold mb-1 d-flex align-items-center\"><strong>Sachin R.&#8221;Recensione HIMES Simplex HIS&#8221;<\/strong><\/p>\n<p><strong>Commenti: <\/strong>\u00c8 una grande squadra con cui lavorare. Sono sempre disponibili su chiamata per tutte le esigenze che avevamo. Sembrano anche avere un ciclo di sviluppo molto veloce rispetto a qualsiasi altro prodotto che abbiamo usato.<\/p>\n<p><strong>Pro: <\/strong>Fantastico prodotto. Valore assoluto per soldi. Il team ci ha davvero supportato in termini di andare oltre i requisiti. Tutto sommato uno dei migliori sistemi HIS che abbiamo usato.<\/p>\n<p><strong>Contro: <\/strong>Le integrazioni sono un&#8217;area che necessita di un po&#8217; di attenzione.<\/p>\n<p class=\"font-weight-bold mb-1 d-flex align-items-center\"><strong>Arunkumar K.&#8221;Feedback su Simplex Himes&#8221;<\/strong><\/p>\n<p><strong>Commenti: <\/strong>Nel complesso l&#8217;esperienza \u00e8 buona e il prodotto \u00e8 competente con grandi nomi, specialmente quando si confronta il rapporto qualit\u00e0-prezzo. La cosa migliore \u00e8 che l&#8217;azienda \u00e8 la sua disponibilit\u00e0 a soddisfare le richieste di modifica e l&#8217;assistenza clienti.<\/p>\n<p><strong>Pro: <\/strong>Facilit\u00e0 d&#8217;uso per i nuovi iscritti e accettazione da parte dei medici esistenti che in precedenza utilizzavano un altro software. Di recente ci siamo trasferiti a Simplex HIMES in una delle nostre cliniche, che \u00e8 una clinica molto frequentata e utilizzava un altro software da molto tempo. La migrazione \u00e8 stata fluida e molto meno lamentele rispetto alla mia precedente esperienza in un&#8217;altra azienda.<\/p>\n<p><strong>Contro: <\/strong>l&#8217;impostazione di alcuni master \u00e8 un po&#8217; complicata.<\/p>\n<p class=\"font-weight-bold mb-1 d-flex align-items-center\"><strong>Jaseem B.&#8221;Recensione del prodotto SIMPLEX HIMES&#8221;<\/strong><\/p>\n<p><strong>Commenti: <\/strong>Simplex Himes ha contribuito a trasformare in digitale le operazioni manuali della nostra gestione dei pazienti. \u00c8 molto facile da usare e adattare o integrare nuovi requisiti.<\/p>\n<p><strong>Pro: <\/strong>Facile da usare, possibilit\u00e0 di personalizzare fino alle esigenze aziendali, fornendo supporto e servizio orientati al tempo<\/p>\n<p><strong>Contro: <\/strong>Oltre al rapporto di base, il venditore dovrebbe suggerire alcuni rapporti statistici che aiuteranno completamente la direzione a prendere qualsiasi decisione<\/p>\n","protected":false},"excerpt":{"rendered":"<p>Simplex HIMES \u00e8 una soluzione di gestione degli studi medici basata su cloud, che aiuta ospedali, cliniche, farmacie e laboratori diagnostici a gestire le cartelle cliniche dei pazienti, prenotare appuntamenti, monitorare l&#8217;inventario dei farmaci e pianificare le procedure di trattamento.<\/p>\n","protected":false},"author":16,"featured_media":43936,"parent":43555,"menu_order":0,"comment_status":"open","ping_status":"closed","template":"g1_template_page_review_new.php","meta":{"_acf_changed":false,"cwp_meta_box_check":"Yes","cwp_rev_product_name":"","cwp_rev_product_image":"","wppr_links":[],"cwp_rev_price":"","wppr_options":[],"wppr_pros":[],"wppr_cons":[],"_monsterinsights_skip_tracking":false,"_monsterinsights_sitenote_active":false,"_monsterinsights_sitenote_note":"","_monsterinsights_sitenote_category":0,"footnotes":""},"categories":[6100],"tags":[396,6229,6177,6231,6104,6232,6101,6230],"features":[],"class_list":{"0":"post-43929","1":"page","2":"type-page","3":"status-publish","4":"has-post-thumbnail","6":"category-software-gestione-ospedali-cat","7":"tag-cloud","8":"tag-gestionale-ospedale","9":"tag-gestionale-ospedaliero","10":"tag-piattaforma-gestione-ospedali","11":"tag-programma-gestione-ospedali","12":"tag-simplex-himes","13":"tag-software-gestione-ospedali","14":"tag-soluzione-gestione-ospedali"},"wppr_data":{"cwp_meta_box_check":"Yes","cwp_rev_product_name":"","cwp_rev_product_image":"","cwp_image_link":"image","cwp_rev_price":"","wppr_rating":"0.00"},"acf":[],"yoast_head":"<!-- This site is optimized with the Yoast SEO plugin v27.4 - https:\/\/yoast.com\/product\/yoast-seo-wordpress\/ -->\n<title>Simplex HIMES: recensione software gestionale ospedali<\/title>\n<meta name=\"description\" content=\"Simplex HIMES: recensione soluzione di gestione degli studi medici basata su cloud, che aiuta ospedali, cliniche e laboratori diagnostici.\" \/>\n<meta name=\"robots\" content=\"index, follow, max-snippet:-1, max-image-preview:large, max-video-preview:-1\" \/>\n<link rel=\"canonical\" href=\"https:\/\/www.accuratereviews.com\/it\/software-gestione-ospedali\/simplex-himes-recensione\/\" \/>\n<meta property=\"og:locale\" content=\"it_IT\" \/>\n<meta property=\"og:type\" content=\"article\" \/>\n<meta property=\"og:title\" content=\"Simplex HIMES: recensione software gestionale ospedali\" \/>\n<meta property=\"og:description\" content=\"Simplex HIMES: recensione soluzione di gestione degli studi medici basata su cloud, che aiuta ospedali, cliniche e laboratori diagnostici.\" \/>\n<meta property=\"og:url\" content=\"https:\/\/www.accuratereviews.com\/it\/software-gestione-ospedali\/simplex-himes-recensione\/\" \/>\n<meta property=\"og:site_name\" content=\"Accurate Reviews\" \/>\n<meta property=\"og:image\" content=\"https:\/\/www.accuratereviews.com\/wp-content\/uploads\/2021\/06\/simplex2.png\" \/>\n\t<meta property=\"og:image:width\" content=\"400\" \/>\n\t<meta property=\"og:image:height\" content=\"400\" \/>\n\t<meta property=\"og:image:type\" content=\"image\/png\" \/>\n<meta name=\"twitter:card\" content=\"summary_large_image\" \/>\n<meta name=\"twitter:label1\" content=\"Tempo di lettura stimato\" \/>\n\t<meta name=\"twitter:data1\" content=\"3 minuti\" \/>\n<script type=\"application\/ld+json\" class=\"yoast-schema-graph\">{\"@context\":\"https:\\\/\\\/schema.org\",\"@graph\":[{\"@type\":\"WebPage\",\"@id\":\"https:\\\/\\\/www.accuratereviews.com\\\/it\\\/software-gestione-ospedali\\\/simplex-himes-recensione\\\/\",\"url\":\"https:\\\/\\\/www.accuratereviews.com\\\/it\\\/software-gestione-ospedali\\\/simplex-himes-recensione\\\/\",\"name\":\"Simplex HIMES: recensione software gestionale ospedali\",\"isPartOf\":{\"@id\":\"https:\\\/\\\/www.accuratereviews.com\\\/it\\\/#website\"},\"primaryImageOfPage\":{\"@id\":\"https:\\\/\\\/www.accuratereviews.com\\\/it\\\/software-gestione-ospedali\\\/simplex-himes-recensione\\\/#primaryimage\"},\"image\":{\"@id\":\"https:\\\/\\\/www.accuratereviews.com\\\/it\\\/software-gestione-ospedali\\\/simplex-himes-recensione\\\/#primaryimage\"},\"thumbnailUrl\":\"https:\\\/\\\/www.accuratereviews.com\\\/wp-content\\\/uploads\\\/2021\\\/06\\\/simplex2.png\",\"datePublished\":\"2021-06-10T13:32:15+00:00\",\"description\":\"Simplex HIMES: recensione soluzione di gestione degli studi medici basata su cloud, che aiuta ospedali, cliniche e laboratori diagnostici.\",\"breadcrumb\":{\"@id\":\"https:\\\/\\\/www.accuratereviews.com\\\/it\\\/software-gestione-ospedali\\\/simplex-himes-recensione\\\/#breadcrumb\"},\"inLanguage\":\"it-IT\",\"potentialAction\":[{\"@type\":\"ReadAction\",\"target\":[\"https:\\\/\\\/www.accuratereviews.com\\\/it\\\/software-gestione-ospedali\\\/simplex-himes-recensione\\\/\"]}]},{\"@type\":\"ImageObject\",\"inLanguage\":\"it-IT\",\"@id\":\"https:\\\/\\\/www.accuratereviews.com\\\/it\\\/software-gestione-ospedali\\\/simplex-himes-recensione\\\/#primaryimage\",\"url\":\"https:\\\/\\\/www.accuratereviews.com\\\/wp-content\\\/uploads\\\/2021\\\/06\\\/simplex2.png\",\"contentUrl\":\"https:\\\/\\\/www.accuratereviews.com\\\/wp-content\\\/uploads\\\/2021\\\/06\\\/simplex2.png\",\"width\":400,\"height\":400},{\"@type\":\"BreadcrumbList\",\"@id\":\"https:\\\/\\\/www.accuratereviews.com\\\/it\\\/software-gestione-ospedali\\\/simplex-himes-recensione\\\/#breadcrumb\",\"itemListElement\":[{\"@type\":\"ListItem\",\"position\":1,\"name\":\"Home\",\"item\":\"https:\\\/\\\/www.accuratereviews.com\\\/it\\\/\"},{\"@type\":\"ListItem\",\"position\":2,\"name\":\"Software per la gestione degli ospedali\",\"item\":\"https:\\\/\\\/www.accuratereviews.com\\\/it\\\/software-gestione-ospedali\\\/\"},{\"@type\":\"ListItem\",\"position\":3,\"name\":\"Simplex HIMES\"}]},{\"@type\":\"WebSite\",\"@id\":\"https:\\\/\\\/www.accuratereviews.com\\\/it\\\/#website\",\"url\":\"https:\\\/\\\/www.accuratereviews.com\\\/it\\\/\",\"name\":\"Accurate Reviews\",\"description\":\"\",\"potentialAction\":[{\"@type\":\"SearchAction\",\"target\":{\"@type\":\"EntryPoint\",\"urlTemplate\":\"https:\\\/\\\/www.accuratereviews.com\\\/it\\\/?s={search_term_string}\"},\"query-input\":{\"@type\":\"PropertyValueSpecification\",\"valueRequired\":true,\"valueName\":\"search_term_string\"}}],\"inLanguage\":\"it-IT\"}]}<\/script>\n<!-- \/ Yoast SEO plugin. -->","yoast_head_json":{"title":"Simplex HIMES: recensione software gestionale ospedali","description":"Simplex HIMES: recensione soluzione di gestione degli studi medici basata su cloud, che aiuta ospedali, cliniche e laboratori diagnostici.","robots":{"index":"index","follow":"follow","max-snippet":"max-snippet:-1","max-image-preview":"max-image-preview:large","max-video-preview":"max-video-preview:-1"},"canonical":"https:\/\/www.accuratereviews.com\/it\/software-gestione-ospedali\/simplex-himes-recensione\/","og_locale":"it_IT","og_type":"article","og_title":"Simplex HIMES: recensione software gestionale ospedali","og_description":"Simplex HIMES: recensione soluzione di gestione degli studi medici basata su cloud, che aiuta ospedali, cliniche e laboratori diagnostici.","og_url":"https:\/\/www.accuratereviews.com\/it\/software-gestione-ospedali\/simplex-himes-recensione\/","og_site_name":"Accurate Reviews","og_image":[{"width":400,"height":400,"url":"https:\/\/www.accuratereviews.com\/wp-content\/uploads\/2021\/06\/simplex2.png","type":"image\/png"}],"twitter_card":"summary_large_image","twitter_misc":{"Tempo di lettura stimato":"3 minuti"},"schema":{"@context":"https:\/\/schema.org","@graph":[{"@type":"WebPage","@id":"https:\/\/www.accuratereviews.com\/it\/software-gestione-ospedali\/simplex-himes-recensione\/","url":"https:\/\/www.accuratereviews.com\/it\/software-gestione-ospedali\/simplex-himes-recensione\/","name":"Simplex HIMES: recensione software gestionale ospedali","isPartOf":{"@id":"https:\/\/www.accuratereviews.com\/it\/#website"},"primaryImageOfPage":{"@id":"https:\/\/www.accuratereviews.com\/it\/software-gestione-ospedali\/simplex-himes-recensione\/#primaryimage"},"image":{"@id":"https:\/\/www.accuratereviews.com\/it\/software-gestione-ospedali\/simplex-himes-recensione\/#primaryimage"},"thumbnailUrl":"https:\/\/www.accuratereviews.com\/wp-content\/uploads\/2021\/06\/simplex2.png","datePublished":"2021-06-10T13:32:15+00:00","description":"Simplex HIMES: recensione soluzione di gestione degli studi medici basata su cloud, che aiuta ospedali, cliniche e laboratori diagnostici.","breadcrumb":{"@id":"https:\/\/www.accuratereviews.com\/it\/software-gestione-ospedali\/simplex-himes-recensione\/#breadcrumb"},"inLanguage":"it-IT","potentialAction":[{"@type":"ReadAction","target":["https:\/\/www.accuratereviews.com\/it\/software-gestione-ospedali\/simplex-himes-recensione\/"]}]},{"@type":"ImageObject","inLanguage":"it-IT","@id":"https:\/\/www.accuratereviews.com\/it\/software-gestione-ospedali\/simplex-himes-recensione\/#primaryimage","url":"https:\/\/www.accuratereviews.com\/wp-content\/uploads\/2021\/06\/simplex2.png","contentUrl":"https:\/\/www.accuratereviews.com\/wp-content\/uploads\/2021\/06\/simplex2.png","width":400,"height":400},{"@type":"BreadcrumbList","@id":"https:\/\/www.accuratereviews.com\/it\/software-gestione-ospedali\/simplex-himes-recensione\/#breadcrumb","itemListElement":[{"@type":"ListItem","position":1,"name":"Home","item":"https:\/\/www.accuratereviews.com\/it\/"},{"@type":"ListItem","position":2,"name":"Software per la gestione degli ospedali","item":"https:\/\/www.accuratereviews.com\/it\/software-gestione-ospedali\/"},{"@type":"ListItem","position":3,"name":"Simplex HIMES"}]},{"@type":"WebSite","@id":"https:\/\/www.accuratereviews.com\/it\/#website","url":"https:\/\/www.accuratereviews.com\/it\/","name":"Accurate Reviews","description":"","potentialAction":[{"@type":"SearchAction","target":{"@type":"EntryPoint","urlTemplate":"https:\/\/www.accuratereviews.com\/it\/?s={search_term_string}"},"query-input":{"@type":"PropertyValueSpecification","valueRequired":true,"valueName":"search_term_string"}}],"inLanguage":"it-IT"}]}},"_links":{"self":[{"href":"https:\/\/www.accuratereviews.com\/it\/wp-json\/wp\/v2\/pages\/43929","targetHints":{"allow":["GET"]}}],"collection":[{"href":"https:\/\/www.accuratereviews.com\/it\/wp-json\/wp\/v2\/pages"}],"about":[{"href":"https:\/\/www.accuratereviews.com\/it\/wp-json\/wp\/v2\/types\/page"}],"author":[{"embeddable":true,"href":"https:\/\/www.accuratereviews.com\/it\/wp-json\/wp\/v2\/users\/16"}],"replies":[{"embeddable":true,"href":"https:\/\/www.accuratereviews.com\/it\/wp-json\/wp\/v2\/comments?post=43929"}],"version-history":[{"count":9,"href":"https:\/\/www.accuratereviews.com\/it\/wp-json\/wp\/v2\/pages\/43929\/revisions"}],"predecessor-version":[{"id":43985,"href":"https:\/\/www.accuratereviews.com\/it\/wp-json\/wp\/v2\/pages\/43929\/revisions\/43985"}],"up":[{"embeddable":true,"href":"https:\/\/www.accuratereviews.com\/it\/wp-json\/wp\/v2\/pages\/43555"}],"wp:featuredmedia":[{"embeddable":true,"href":"https:\/\/www.accuratereviews.com\/it\/wp-json\/wp\/v2\/media\/43936"}],"wp:attachment":[{"href":"https:\/\/www.accuratereviews.com\/it\/wp-json\/wp\/v2\/media?parent=43929"}],"wp:term":[{"taxonomy":"category","embeddable":true,"href":"https:\/\/www.accuratereviews.com\/it\/wp-json\/wp\/v2\/categories?post=43929"},{"taxonomy":"post_tag","embeddable":true,"href":"https:\/\/www.accuratereviews.com\/it\/wp-json\/wp\/v2\/tags?post=43929"},{"taxonomy":"features","embeddable":true,"href":"https:\/\/www.accuratereviews.com\/it\/wp-json\/wp\/v2\/features?post=43929"}],"curies":[{"name":"wp","href":"https:\/\/api.w.org\/{rel}","templated":true}]}}