{"id":43998,"date":"2021-06-11T10:03:25","date_gmt":"2021-06-11T10:03:25","guid":{"rendered":"https:\/\/www.accuratereviews.com\/?page_id=43998"},"modified":"2021-06-11T10:03:25","modified_gmt":"2021-06-11T10:03:25","slug":"pwavehosp-recensione","status":"publish","type":"page","link":"https:\/\/www.accuratereviews.com\/it\/software-gestione-ospedali\/pwavehosp-recensione\/","title":{"rendered":"PwaveHosp"},"content":{"rendered":"<p><strong>PwaveHosp<\/strong> \u00e8 un<strong> software ospedaliero<\/strong> utile al personale sanitario per migliorare le proprie prestazioni e aumentare l&#8217;efficienza. Oltre a questo, si pone come obiettivo quello di proteggere le cartelle cliniche dei pazienti e anche di ridurre gli sprechi, preferendo un sistema digitale a quello cartaceo.<br \/>\nSi rivolge principalmente a <strong>ospedali e a cliniche<\/strong> per supportare i medici nella gestione delle attivit\u00e0 quotidiane che vanno dalla programmazione degli appuntamenti, alla raccolta dei dati per completare l&#8217;intero record del paziente (sesso, et\u00e0, indirizzo, sensibilit\u00e0 ai farmaci ecc.), alla stampa delle prescrizioni, al sistema di contabilit\u00e0 e a quello di fatturazione.<\/p>\n<h2>PWAVEHOSP &#8211; IMMAGINE<\/h2>\n<p><a href=\"https:\/\/www.accuratereviews.com\/wp-content\/uploads\/2021\/06\/24dd5948c847f4b199ceaf49846fd6f7.png\"><img loading=\"lazy\" decoding=\"async\" class=\"alignnone size-full wp-image-44004\" src=\"https:\/\/www.accuratereviews.com\/wp-content\/uploads\/2021\/06\/24dd5948c847f4b199ceaf49846fd6f7.png\" alt=\"\" width=\"3055\" height=\"2674\" srcset=\"https:\/\/www.accuratereviews.com\/wp-content\/uploads\/2021\/06\/24dd5948c847f4b199ceaf49846fd6f7.png 3055w, https:\/\/www.accuratereviews.com\/wp-content\/uploads\/2021\/06\/24dd5948c847f4b199ceaf49846fd6f7-300x263.png 300w, https:\/\/www.accuratereviews.com\/wp-content\/uploads\/2021\/06\/24dd5948c847f4b199ceaf49846fd6f7-1024x896.png 1024w, https:\/\/www.accuratereviews.com\/wp-content\/uploads\/2021\/06\/24dd5948c847f4b199ceaf49846fd6f7-768x672.png 768w, https:\/\/www.accuratereviews.com\/wp-content\/uploads\/2021\/06\/24dd5948c847f4b199ceaf49846fd6f7-1536x1344.png 1536w, https:\/\/www.accuratereviews.com\/wp-content\/uploads\/2021\/06\/24dd5948c847f4b199ceaf49846fd6f7-2048x1793.png 2048w, https:\/\/www.accuratereviews.com\/wp-content\/uploads\/2021\/06\/24dd5948c847f4b199ceaf49846fd6f7-143x125.png 143w, https:\/\/www.accuratereviews.com\/wp-content\/uploads\/2021\/06\/24dd5948c847f4b199ceaf49846fd6f7-50x44.png 50w, https:\/\/www.accuratereviews.com\/wp-content\/uploads\/2021\/06\/24dd5948c847f4b199ceaf49846fd6f7-968x847.png 968w, https:\/\/www.accuratereviews.com\/wp-content\/uploads\/2021\/06\/24dd5948c847f4b199ceaf49846fd6f7-636x557.png 636w, https:\/\/www.accuratereviews.com\/wp-content\/uploads\/2021\/06\/24dd5948c847f4b199ceaf49846fd6f7-320x280.png 320w, https:\/\/www.accuratereviews.com\/wp-content\/uploads\/2021\/06\/24dd5948c847f4b199ceaf49846fd6f7-239x209.png 239w\" sizes=\"auto, (max-width: 3055px) 100vw, 3055px\" \/><\/a><\/p>\n<h3>PWAVEHOSP &#8211; CARATTERISTICHE<\/h3>\n<ul>\n<li><strong>Analisi predittiva<\/strong>: utilizza l&#8217;analisi predittiva per prevedere la prossima prescrizione, importante per ridurre il tempo prezioso del medico<\/li>\n<li><strong>Sistema online opzionale<\/strong>: gli ospedali hanno la possibilit\u00e0 di mantenere i sistemi online. Include l&#8217;accesso ai dati chiave dell&#8217;ospedale sempre e ovunque<\/li>\n<li><strong>Costi operativi ridotti<\/strong>: i principali registri ospedalieri come quelli di nascite, decessi, ricoveri e OT vengono creati automaticamente nel sistema riducendo i costi operativi e aumentando l&#8217;efficienza<\/li>\n<li><strong>Sistema di analisi e dashboard<\/strong>: statistiche chiave a portata di mano. Potenzia il futuro dei dati sanitari con dashboard automatizzate in tempo reale<\/li>\n<li><strong>Integrazione<\/strong>: il sistema gestionale ospedaliero \u00e8 facilmente integrabile con altri sistemi come Patologia, Farmacia, Medico e Reception<\/li>\n<li><strong>Notifiche<\/strong>: notifiche automatiche per tenere sempre informato il personale in modo da ridurre anche gli sforzi manuali<\/li>\n<li><strong>Riduzione dei costi aggiuntivi<\/strong>: riduzione dei costi aggiuntivi grazie all&#8217;uso dell&#8217;intelligenza artificiale e dei registri di autocompilazione<\/li>\n<li><strong>Formato elettronico<\/strong>: riepilogo delle dimissioni, riepilogo della procedura, riepilogo OT e cartella del paziente automaticamente in formato elettronico<\/li>\n<li><strong>Pwave programmatore appuntamenti<\/strong>: automatizza i tuoi appuntamenti e gestisci il tuo personale con un solo clic<\/li>\n<li><strong>Pwave EMR<\/strong>: automatizza i tuoi appuntamenti e gestisci il tuo personale con un solo clic utilizzando la nostra soluzione di gestione degli appuntamenti<\/li>\n<li><strong>Pwave Chem<\/strong>: traccia automaticamente gli articoli prossimi alla scadenza, previeni i furti e gestisci gli articoli di inventario<\/li>\n<li><strong>Pwave Patho<\/strong>: carica facilmente tutti i referti e rendili immediatamente accessibili a medici e pazienti<\/li>\n<li><strong>Pwave Doctor<\/strong>: software di fatturazione Pwave.<\/li>\n<\/ul>\n<h4>LE RECENSIONI DEGLI UTENTI<\/h4>\n<p><strong>Manal A. &#8220;\u00c8 molto buono&#8221;<\/strong><br \/>\nPRO: gestisci tutte le prescrizioni dei medici all&#8217;interno dell&#8217;ospedale<br \/>\nPi\u00f9 agevole, costi inferiori, efficienza operativa<br \/>\nServizi di soluzione di gestione pratica e veloce, archiviazione elettronica dei registri e fatturazione con una serie di funzionalit\u00e0 per supportare studi di piccole e medie dimensioni. L&#8217;interfaccia utente \u00e8 molto semplice da utilizzare e non presenta funzioni inutili che confondono l&#8217;utente e portano i medici e la direzione dell&#8217;ospedale fuori dal loro lavoro.<br \/>\nCONTRO: fare un bilancio \u00e8 qualcosa che manca nel programma<br \/>\nFornisce una gestione completa come non contanti, casi di riassicurazione, ricovero medico e aritmetica<br \/>\nStampate bene i buoni spesa ma non date il budget finale.<\/p>\n<p><strong>Deepali C. &#8220;PwaveHosp offre un sistema completamente integrato con gestione pratica e fatturazione&#8221;<\/strong><br \/>\nCOMMENTI: software leggero e facile da usare per la gestione ospedaliera<br \/>\nPRO: PwaveHosp fornisce un sistema facile e veloce per la gestione degli studi, la conservazione elettronica dei registri e una soluzione per i servizi di fatturazione con una serie di funzionalit\u00e0 per supportare gli studi di piccole e medie dimensioni. L&#8217;interfaccia utente \u00e8 molto semplice da utilizzare e non presenta funzioni inutili che confondono l&#8217;utente e portano i medici e la direzione dell&#8217;ospedale fuori dal loro lavoro.<\/p>\n<p><strong>Rohita A. &#8220;Prodotto fantastico&#8221;<\/strong><br \/>\nCOMMENTI: prodotto straordinario. Risolve tutti i problemi del nostro ospedale con facilit\u00e0 e comodit\u00e0. Abbiamo capito che questo prodotto non poteva essere consegnato senza l&#8217;efficiente team di medici come consulente di cui questa azienda IT aveva. Deve usare il prodotto.<\/p>\n","protected":false},"excerpt":{"rendered":"<p>PwaveHosp \u00e8 un software ospedaliero che aiuta il personale sanitario a migliorare le proprie prestazioni e ad aumentare l&#8217;efficienza. Oltre a questo, si pone come obiettivo quello di proteggere le cartelle cliniche dei pazienti e anche di ridurre gli sprechi, preferendo un sistema digitale a quello cartaceo.<\/p>\n","protected":false},"author":17,"featured_media":43999,"parent":43555,"menu_order":0,"comment_status":"open","ping_status":"closed","template":"g1_template_page_review_new.php","meta":{"_acf_changed":false,"cwp_meta_box_check":"No","cwp_rev_product_name":"","cwp_rev_product_image":"","wppr_links":[],"cwp_rev_price":"","wppr_options":[],"wppr_pros":[],"wppr_cons":[],"_monsterinsights_skip_tracking":false,"_monsterinsights_sitenote_active":false,"_monsterinsights_sitenote_note":"","_monsterinsights_sitenote_category":0,"footnotes":""},"categories":[6100],"tags":[6229,6177,6196,6193,6192,6190],"features":[],"class_list":{"0":"post-43998","1":"page","2":"type-page","3":"status-publish","4":"has-post-thumbnail","6":"category-software-gestione-ospedali-cat","7":"tag-gestionale-ospedale","8":"tag-gestionale-ospedaliero","9":"tag-gestionale-per-ospedali","10":"tag-piattaforma-per-gestione-ospedale","11":"tag-programma-per-gestione-ospedale","12":"tag-software-per-gestione-ospedale"},"wppr_data":{"cwp_meta_box_check":"No"},"acf":[],"yoast_head":"<!-- This site is optimized with the Yoast SEO plugin v27.4 - https:\/\/yoast.com\/product\/yoast-seo-wordpress\/ -->\n<title>PwaveHosp: recensione software ospedaliero - Accurate Reviews<\/title>\n<meta name=\"description\" content=\"PwaveHosp: recensione del software ospedaliero che aiuta il personale sanitario a migliorare le proprie prestazioni e aumentare l&#039;efficienza.\" \/>\n<meta name=\"robots\" content=\"index, follow, max-snippet:-1, max-image-preview:large, max-video-preview:-1\" \/>\n<link rel=\"canonical\" href=\"https:\/\/www.accuratereviews.com\/it\/software-gestione-ospedali\/pwavehosp-recensione\/\" \/>\n<meta property=\"og:locale\" content=\"it_IT\" \/>\n<meta property=\"og:type\" content=\"article\" \/>\n<meta property=\"og:title\" content=\"PwaveHosp: recensione software ospedaliero - Accurate Reviews\" \/>\n<meta property=\"og:description\" content=\"PwaveHosp: recensione del software ospedaliero che aiuta il personale sanitario a migliorare le proprie prestazioni e aumentare l&#039;efficienza.\" \/>\n<meta property=\"og:url\" content=\"https:\/\/www.accuratereviews.com\/it\/software-gestione-ospedali\/pwavehosp-recensione\/\" \/>\n<meta property=\"og:site_name\" content=\"Accurate Reviews\" \/>\n<meta property=\"og:image\" content=\"https:\/\/www.accuratereviews.com\/wp-content\/uploads\/2021\/06\/logo.png\" \/>\n\t<meta property=\"og:image:width\" content=\"1027\" \/>\n\t<meta property=\"og:image:height\" content=\"400\" \/>\n\t<meta property=\"og:image:type\" content=\"image\/png\" \/>\n<meta name=\"twitter:card\" content=\"summary_large_image\" \/>\n<meta name=\"twitter:label1\" content=\"Tempo di lettura stimato\" \/>\n\t<meta name=\"twitter:data1\" content=\"3 minuti\" \/>\n<script type=\"application\/ld+json\" class=\"yoast-schema-graph\">{\"@context\":\"https:\\\/\\\/schema.org\",\"@graph\":[{\"@type\":\"WebPage\",\"@id\":\"https:\\\/\\\/www.accuratereviews.com\\\/it\\\/software-gestione-ospedali\\\/pwavehosp-recensione\\\/\",\"url\":\"https:\\\/\\\/www.accuratereviews.com\\\/it\\\/software-gestione-ospedali\\\/pwavehosp-recensione\\\/\",\"name\":\"PwaveHosp: recensione software ospedaliero - Accurate Reviews\",\"isPartOf\":{\"@id\":\"https:\\\/\\\/www.accuratereviews.com\\\/it\\\/#website\"},\"primaryImageOfPage\":{\"@id\":\"https:\\\/\\\/www.accuratereviews.com\\\/it\\\/software-gestione-ospedali\\\/pwavehosp-recensione\\\/#primaryimage\"},\"image\":{\"@id\":\"https:\\\/\\\/www.accuratereviews.com\\\/it\\\/software-gestione-ospedali\\\/pwavehosp-recensione\\\/#primaryimage\"},\"thumbnailUrl\":\"https:\\\/\\\/www.accuratereviews.com\\\/wp-content\\\/uploads\\\/2021\\\/06\\\/logo.png\",\"datePublished\":\"2021-06-11T10:03:25+00:00\",\"description\":\"PwaveHosp: recensione del software ospedaliero che aiuta il personale sanitario a migliorare le proprie prestazioni e aumentare l'efficienza.\",\"breadcrumb\":{\"@id\":\"https:\\\/\\\/www.accuratereviews.com\\\/it\\\/software-gestione-ospedali\\\/pwavehosp-recensione\\\/#breadcrumb\"},\"inLanguage\":\"it-IT\",\"potentialAction\":[{\"@type\":\"ReadAction\",\"target\":[\"https:\\\/\\\/www.accuratereviews.com\\\/it\\\/software-gestione-ospedali\\\/pwavehosp-recensione\\\/\"]}]},{\"@type\":\"ImageObject\",\"inLanguage\":\"it-IT\",\"@id\":\"https:\\\/\\\/www.accuratereviews.com\\\/it\\\/software-gestione-ospedali\\\/pwavehosp-recensione\\\/#primaryimage\",\"url\":\"https:\\\/\\\/www.accuratereviews.com\\\/wp-content\\\/uploads\\\/2021\\\/06\\\/logo.png\",\"contentUrl\":\"https:\\\/\\\/www.accuratereviews.com\\\/wp-content\\\/uploads\\\/2021\\\/06\\\/logo.png\",\"width\":1027,\"height\":400},{\"@type\":\"BreadcrumbList\",\"@id\":\"https:\\\/\\\/www.accuratereviews.com\\\/it\\\/software-gestione-ospedali\\\/pwavehosp-recensione\\\/#breadcrumb\",\"itemListElement\":[{\"@type\":\"ListItem\",\"position\":1,\"name\":\"Home\",\"item\":\"https:\\\/\\\/www.accuratereviews.com\\\/it\\\/\"},{\"@type\":\"ListItem\",\"position\":2,\"name\":\"Software per la gestione degli ospedali\",\"item\":\"https:\\\/\\\/www.accuratereviews.com\\\/it\\\/software-gestione-ospedali\\\/\"},{\"@type\":\"ListItem\",\"position\":3,\"name\":\"PwaveHosp\"}]},{\"@type\":\"WebSite\",\"@id\":\"https:\\\/\\\/www.accuratereviews.com\\\/it\\\/#website\",\"url\":\"https:\\\/\\\/www.accuratereviews.com\\\/it\\\/\",\"name\":\"Accurate Reviews\",\"description\":\"\",\"potentialAction\":[{\"@type\":\"SearchAction\",\"target\":{\"@type\":\"EntryPoint\",\"urlTemplate\":\"https:\\\/\\\/www.accuratereviews.com\\\/it\\\/?s={search_term_string}\"},\"query-input\":{\"@type\":\"PropertyValueSpecification\",\"valueRequired\":true,\"valueName\":\"search_term_string\"}}],\"inLanguage\":\"it-IT\"}]}<\/script>\n<!-- \/ Yoast SEO plugin. -->","yoast_head_json":{"title":"PwaveHosp: recensione software ospedaliero - Accurate Reviews","description":"PwaveHosp: recensione del software ospedaliero che aiuta il personale sanitario a migliorare le proprie prestazioni e aumentare l'efficienza.","robots":{"index":"index","follow":"follow","max-snippet":"max-snippet:-1","max-image-preview":"max-image-preview:large","max-video-preview":"max-video-preview:-1"},"canonical":"https:\/\/www.accuratereviews.com\/it\/software-gestione-ospedali\/pwavehosp-recensione\/","og_locale":"it_IT","og_type":"article","og_title":"PwaveHosp: recensione software ospedaliero - Accurate Reviews","og_description":"PwaveHosp: recensione del software ospedaliero che aiuta il personale sanitario a migliorare le proprie prestazioni e aumentare l'efficienza.","og_url":"https:\/\/www.accuratereviews.com\/it\/software-gestione-ospedali\/pwavehosp-recensione\/","og_site_name":"Accurate Reviews","og_image":[{"width":1027,"height":400,"url":"https:\/\/www.accuratereviews.com\/wp-content\/uploads\/2021\/06\/logo.png","type":"image\/png"}],"twitter_card":"summary_large_image","twitter_misc":{"Tempo di lettura stimato":"3 minuti"},"schema":{"@context":"https:\/\/schema.org","@graph":[{"@type":"WebPage","@id":"https:\/\/www.accuratereviews.com\/it\/software-gestione-ospedali\/pwavehosp-recensione\/","url":"https:\/\/www.accuratereviews.com\/it\/software-gestione-ospedali\/pwavehosp-recensione\/","name":"PwaveHosp: recensione software ospedaliero - Accurate Reviews","isPartOf":{"@id":"https:\/\/www.accuratereviews.com\/it\/#website"},"primaryImageOfPage":{"@id":"https:\/\/www.accuratereviews.com\/it\/software-gestione-ospedali\/pwavehosp-recensione\/#primaryimage"},"image":{"@id":"https:\/\/www.accuratereviews.com\/it\/software-gestione-ospedali\/pwavehosp-recensione\/#primaryimage"},"thumbnailUrl":"https:\/\/www.accuratereviews.com\/wp-content\/uploads\/2021\/06\/logo.png","datePublished":"2021-06-11T10:03:25+00:00","description":"PwaveHosp: recensione del software ospedaliero che aiuta il personale sanitario a migliorare le proprie prestazioni e aumentare l'efficienza.","breadcrumb":{"@id":"https:\/\/www.accuratereviews.com\/it\/software-gestione-ospedali\/pwavehosp-recensione\/#breadcrumb"},"inLanguage":"it-IT","potentialAction":[{"@type":"ReadAction","target":["https:\/\/www.accuratereviews.com\/it\/software-gestione-ospedali\/pwavehosp-recensione\/"]}]},{"@type":"ImageObject","inLanguage":"it-IT","@id":"https:\/\/www.accuratereviews.com\/it\/software-gestione-ospedali\/pwavehosp-recensione\/#primaryimage","url":"https:\/\/www.accuratereviews.com\/wp-content\/uploads\/2021\/06\/logo.png","contentUrl":"https:\/\/www.accuratereviews.com\/wp-content\/uploads\/2021\/06\/logo.png","width":1027,"height":400},{"@type":"BreadcrumbList","@id":"https:\/\/www.accuratereviews.com\/it\/software-gestione-ospedali\/pwavehosp-recensione\/#breadcrumb","itemListElement":[{"@type":"ListItem","position":1,"name":"Home","item":"https:\/\/www.accuratereviews.com\/it\/"},{"@type":"ListItem","position":2,"name":"Software per la gestione degli ospedali","item":"https:\/\/www.accuratereviews.com\/it\/software-gestione-ospedali\/"},{"@type":"ListItem","position":3,"name":"PwaveHosp"}]},{"@type":"WebSite","@id":"https:\/\/www.accuratereviews.com\/it\/#website","url":"https:\/\/www.accuratereviews.com\/it\/","name":"Accurate Reviews","description":"","potentialAction":[{"@type":"SearchAction","target":{"@type":"EntryPoint","urlTemplate":"https:\/\/www.accuratereviews.com\/it\/?s={search_term_string}"},"query-input":{"@type":"PropertyValueSpecification","valueRequired":true,"valueName":"search_term_string"}}],"inLanguage":"it-IT"}]}},"_links":{"self":[{"href":"https:\/\/www.accuratereviews.com\/it\/wp-json\/wp\/v2\/pages\/43998","targetHints":{"allow":["GET"]}}],"collection":[{"href":"https:\/\/www.accuratereviews.com\/it\/wp-json\/wp\/v2\/pages"}],"about":[{"href":"https:\/\/www.accuratereviews.com\/it\/wp-json\/wp\/v2\/types\/page"}],"author":[{"embeddable":true,"href":"https:\/\/www.accuratereviews.com\/it\/wp-json\/wp\/v2\/users\/17"}],"replies":[{"embeddable":true,"href":"https:\/\/www.accuratereviews.com\/it\/wp-json\/wp\/v2\/comments?post=43998"}],"version-history":[{"count":4,"href":"https:\/\/www.accuratereviews.com\/it\/wp-json\/wp\/v2\/pages\/43998\/revisions"}],"predecessor-version":[{"id":44057,"href":"https:\/\/www.accuratereviews.com\/it\/wp-json\/wp\/v2\/pages\/43998\/revisions\/44057"}],"up":[{"embeddable":true,"href":"https:\/\/www.accuratereviews.com\/it\/wp-json\/wp\/v2\/pages\/43555"}],"wp:featuredmedia":[{"embeddable":true,"href":"https:\/\/www.accuratereviews.com\/it\/wp-json\/wp\/v2\/media\/43999"}],"wp:attachment":[{"href":"https:\/\/www.accuratereviews.com\/it\/wp-json\/wp\/v2\/media?parent=43998"}],"wp:term":[{"taxonomy":"category","embeddable":true,"href":"https:\/\/www.accuratereviews.com\/it\/wp-json\/wp\/v2\/categories?post=43998"},{"taxonomy":"post_tag","embeddable":true,"href":"https:\/\/www.accuratereviews.com\/it\/wp-json\/wp\/v2\/tags?post=43998"},{"taxonomy":"features","embeddable":true,"href":"https:\/\/www.accuratereviews.com\/it\/wp-json\/wp\/v2\/features?post=43998"}],"curies":[{"name":"wp","href":"https:\/\/api.w.org\/{rel}","templated":true}]}}