{"id":44024,"date":"2021-06-11T10:21:52","date_gmt":"2021-06-11T10:21:52","guid":{"rendered":"https:\/\/www.accuratereviews.com\/?page_id=44024"},"modified":"2021-06-11T10:21:52","modified_gmt":"2021-06-11T10:21:52","slug":"webtma-recensione","status":"publish","type":"page","link":"https:\/\/www.accuratereviews.com\/it\/software-gestione-ospedali\/webtma-recensione\/","title":{"rendered":"WebTMA"},"content":{"rendered":"<p><strong>WebTMA<\/strong> \u00e8 un <strong>sistema di gestione della manutenzione<\/strong> computerizzato (CMMS) che combina funzionalit\u00e0 e tecnologia avanzata per fornire una piattaforma che consente agli utenti di raggiungere i propri obiettivi di gestione della manutenzione. Con questo programma, le aziende e le organizzazioni dispongono di una soluzione solida e potente per aiutarle a monitorare, gestire e mantenere le proprie strutture e risorse in modo efficace da poter ridurre i costi operativi a un livello significativo. Dall&#8217;implementazione, all&#8217;hardware, dall&#8217;acquisizione alla manutenzione. Gli utenti possono creare pianificazioni, prenotare risorse e strutture, assegnare date per la manutenzione e le riparazioni, eseguire controlli dell&#8217;inventario e altro ancora. Se necessario, gli utenti possono aggiungere moduli per estendere ulteriormente le funzionalit\u00e0 e soddisfare le mutevoli esigenze aziendali. Oltre alle funzionalit\u00e0 di base menzionate, il prodotto include anche una libreria di attivit\u00e0, un report writer di base e oltre 600 report standard predefiniti per accelerare qualsiasi attivit\u00e0 di reporting.<\/p>\n<h2>WEBTMA &#8211; TUTORIAL<\/h2>\n<p>Guarda come \u00e8 semplice programmare una manutenzione utilizzando questo <strong>software per gestione ospedali<\/strong>:<\/p>\n<div id=\"fluid-wrapper-counter-1\" class=\"g1-fluid-wrapper \" style=\"width:686px;\">\n<div style=\"padding-bottom:56.268221574344%;\"><iframe loading=\"lazy\" title=\"WebTMA: Preventive Maintenance Schedule\" width=\"686\" height=\"386\" src=\"https:\/\/www.youtube.com\/embed\/mUA7-P1S4f8?feature=oembed&amp;wmode=transparent&amp;autohide=1&amp;autoplay=0&amp;disablekb=0&amp;fs=1&amp;loop=0&amp;enablejsapi=1&amp;rel=0&amp;controls=2&amp;showinfo=0&amp;wmode=transparent&amp;autohide=2&amp;autoplay=0&amp;disablekb=0&amp;fs=1&amp;loop=0&amp;enablejsapi=1&amp;rel=0&amp;controls=2&amp;showinfo=1\" frameborder=\"0\" allow=\"accelerometer; autoplay; clipboard-write; encrypted-media; gyroscope; picture-in-picture\" allowfullscreen><\/iframe><\/div>\n<\/div>\n<h3>WEBTMA &#8211; CARATTERISTICHE<\/h3>\n<ul>\n<li>Riduzione della dipendenza del personale per la conversione delle richieste di lavoro fuori orario<\/li>\n<li>Conversione automatica delle richieste in ordini di lavoro in base a una serie di regole predefinite<\/li>\n<li>Pianificazione automatica degli ordini di lavoro in base a una serie di regole definite<\/li>\n<li>Configurazione delle regole di conversione automatica in base a attivit\u00e0, commercio e\/o zona<\/li>\n<li>Tracciamento facile della posizione dell&#8217;inventario delle parti e dei materiali della tua struttura<\/li>\n<li>Creazione di ordini di acquisto e calcolo automatico del lead time medio richiesto per rifornire la parte<\/li>\n<li>Memorizzazione di grafica e disegni elettronici delle parti per una facile identificazione<\/li>\n<li>Invio di una richiesta di preventivo (RFQ) direttamente a pi\u00f9 fornitori<\/li>\n<li>Consenso agli utenti con livelli di autorizzazione sufficienti di approvare richieste e ordini di acquisto<\/li>\n<li>Registrazione della consegna dei materiali ordinati tramite un ordine di acquisto<\/li>\n<li>Trasferimento di materiali tra i magazzini con un audit trail completo<\/li>\n<li>Creazione di un numero illimitato di posizioni di magazzino<\/li>\n<li>Creazione di ordini cliente per addebitare (vendere) i materiali ai reparti interni<\/li>\n<li>Tracciamento delle parti serializzate: ricevi una notifica automatica se una parte serializzata \u00e8 in garanzia<\/li>\n<li>Parti di riferimento incrociate per produttore, fornitori e apparecchiature<\/li>\n<li>Esame grafico dell&#8217;utilizzo delle parti<\/li>\n<li>Integrazione perfetta di materiali con gli ordini di lavoro<\/li>\n<li>Utilizzo di richieste e ordini di acquisto per richiedere e ordinare materiali<\/li>\n<li>Creazione di preventivi per richiedere materiali e parti dai fornitori<\/li>\n<li>Assegnazione e tracciamento delle dipendenze per le attivit\u00e0<\/li>\n<\/ul>\n<h4>LE RECENSIONI DEGLI UTENTI<\/h4>\n<p class=\"font-weight-bold mb-1 d-flex align-items-center\"><strong>Phillip M.&#8221;Un ottimo modo per registrare le ore lavorate&#8221;<\/strong><\/p>\n<p><strong>Commenti: <\/strong>Penso che questa sia una soluzione semplice per far s\u00ec che i dipendenti tengano traccia delle ore e siano in grado di presentare l&#8217;approvazione ai manager. Mi aiuta a tenere traccia di dove mi trovo per la settimana e oltre.<\/p>\n<p><strong>Pro: <\/strong>WebTMA \u00e8 molto semplice da utilizzare e implementare in ufficio su base giornaliera o settimanale. \u00c8 bello poter dettagliare le aree di lavoro in modo che un&#8217;azienda possa tenere traccia di dove stanno andando i fondi.<\/p>\n<p><strong>Contro: <\/strong>Trovo che a volte la formattazione dell&#8217;ora possa essere un po&#8217; confusa a causa delle mezz&#8217;ore a volte indicate come 0,5 come unit\u00e0 e a volte come 30, che significa la relazione diretta con i minuti.<\/p>\n<p class=\"font-weight-bold mb-1 d-flex align-items-center\"><strong>David G.&#8221;Gestisce molto bene gli ordini di lavoro.&#8221;<\/strong><\/p>\n<p><strong>Commenti: <\/strong>Solida gestione degli ordini di lavoro.<\/p>\n<p><strong>Pro: <\/strong>Gestiamo tutti gli ordini di lavoro per il nostro dipartimento di facility management tramite TMA. Tiene traccia della programmazione, dell&#8217;avanzamento del lavoro e acquisisce il costo del lavoro per ogni ordine. La funzione di report ci consente di personalizzare i report in base alle nostre esigenze.<\/p>\n<p><strong>Contro: <\/strong>Questo non \u00e8 il sistema pi\u00f9 facile da usare o intuitivo che ho usato, ma penso che sia pi\u00f9 una funzione della complessit\u00e0 dei processi che tiene traccia piuttosto che un difetto del programma. Una solida formazione e una buona amministrazione sono essenziali per ottenere il massimo da TMA.<\/p>\n<p class=\"font-weight-bold mb-1 d-flex align-items-center\"><strong>Felix T.&#8221;TMA 2019&#8243;<\/strong><\/p>\n<p><strong>Commenti: <\/strong>Come ogni programma ricco di funzionalit\u00e0, pu\u00f2 volerci del tempo per imparare e capire. Il supporto TMA \u00e8 sicuramente una configurazione da 5 stelle e la tua curva di apprendimento sar\u00e0 accelerata. Una volta che hai l&#8217;istruzione e la formazione, la complessit\u00e0 non \u00e8 pi\u00f9 un problema. Una volta che i tecnici hanno ricevuto la formazione, il prodotto \u00e8 stato eccezionale.<\/p>\n<p><strong>Pro: <\/strong>Mi piace il fatto che CMMS abbia un carico di funzionalit\u00e0, possa essere utilizzato su qualsiasi dispositivo mobile e finch\u00e9 la formazione \u00e8 buona, i tecnici possono svolgere facilmente le loro attivit\u00e0 quotidiane. Il portale clienti funziona bene e si adatta in tempo reale. Finch\u00e9 hai una buona conoscenza del software, puoi fare quasi tutto. Un grande vantaggio essere in grado di integrare altri programmi di supporto e il futuro GIS \u00e8 molto promettente.<\/p>\n<p><strong>Contro: <\/strong>Poich\u00e9 \u00e8 cos\u00ec ricco di funzionalit\u00e0, pu\u00f2 essere complesso. Ha alcune limitazioni dal lato del cliente, ma la maggior parte pu\u00f2 essere personalizzata sul back-end, pu\u00f2 costare denaro aggiuntivo. La segnalazione non \u00e8 facile da usare.<\/p>\n","protected":false},"excerpt":{"rendered":"<p>WebTMA \u00e8 un sistema di gestione della manutenzione computerizzato (CMMS) che combina funzionalit\u00e0 e tecnologia avanzata per fornire una piattaforma che consente agli utenti di raggiungere i propri obiettivi di gestione della manutenzione.\u00a0<\/p>\n","protected":false},"author":16,"featured_media":44026,"parent":43555,"menu_order":0,"comment_status":"open","ping_status":"closed","template":"g1_template_page_review_new.php","meta":{"_acf_changed":false,"cwp_meta_box_check":"Yes","cwp_rev_product_name":"","cwp_rev_product_image":"","wppr_links":[],"cwp_rev_price":"","wppr_options":[],"wppr_pros":[],"wppr_cons":[],"_monsterinsights_skip_tracking":false,"_monsterinsights_sitenote_active":false,"_monsterinsights_sitenote_note":"","_monsterinsights_sitenote_category":0,"footnotes":""},"categories":[6100],"tags":[6177,6196,6175,6174,6172,6173,6238],"features":[],"class_list":{"0":"post-44024","1":"page","2":"type-page","3":"status-publish","4":"has-post-thumbnail","6":"category-software-gestione-ospedali-cat","7":"tag-gestionale-ospedaliero","8":"tag-gestionale-per-ospedali","9":"tag-piattaforma-gestione-di-ospedali","10":"tag-programma-gestione-di-ospedali","11":"tag-software-gestione-di-ospedali","12":"tag-soluzione-gestione-di-ospedali","13":"tag-webtma"},"wppr_data":{"cwp_meta_box_check":"Yes","cwp_rev_product_name":"","cwp_rev_product_image":"","cwp_image_link":"image","cwp_rev_price":"","wppr_rating":"0.00"},"acf":[],"yoast_head":"<!-- This site is optimized with the Yoast SEO plugin v27.4 - https:\/\/yoast.com\/product\/yoast-seo-wordpress\/ -->\n<title>WebTMA: recensione software gestionale per ospedali - Accurate Reviews<\/title>\n<meta name=\"description\" content=\"WebTMA: recensione sistema di gestione della manutenzione computerizzato (CMMS) che combina funzionalit\u00e0 e tecnologia avanzate.\" \/>\n<meta name=\"robots\" content=\"index, follow, max-snippet:-1, max-image-preview:large, max-video-preview:-1\" \/>\n<link rel=\"canonical\" href=\"https:\/\/www.accuratereviews.com\/it\/software-gestione-ospedali\/webtma-recensione\/\" \/>\n<meta property=\"og:locale\" content=\"it_IT\" \/>\n<meta property=\"og:type\" content=\"article\" \/>\n<meta property=\"og:title\" content=\"WebTMA: recensione software gestionale per ospedali - Accurate Reviews\" \/>\n<meta property=\"og:description\" content=\"WebTMA: recensione sistema di gestione della manutenzione computerizzato (CMMS) che combina funzionalit\u00e0 e tecnologia avanzate.\" \/>\n<meta property=\"og:url\" content=\"https:\/\/www.accuratereviews.com\/it\/software-gestione-ospedali\/webtma-recensione\/\" \/>\n<meta property=\"og:site_name\" content=\"Accurate Reviews\" \/>\n<meta property=\"og:image\" content=\"https:\/\/www.accuratereviews.com\/wp-content\/uploads\/2021\/06\/tmasystems.png\" \/>\n\t<meta property=\"og:image:width\" content=\"400\" \/>\n\t<meta property=\"og:image:height\" content=\"200\" \/>\n\t<meta property=\"og:image:type\" content=\"image\/png\" \/>\n<meta name=\"twitter:card\" content=\"summary_large_image\" \/>\n<meta name=\"twitter:label1\" content=\"Tempo di lettura stimato\" \/>\n\t<meta name=\"twitter:data1\" content=\"4 minuti\" \/>\n<script type=\"application\/ld+json\" class=\"yoast-schema-graph\">{\"@context\":\"https:\\\/\\\/schema.org\",\"@graph\":[{\"@type\":\"WebPage\",\"@id\":\"https:\\\/\\\/www.accuratereviews.com\\\/it\\\/software-gestione-ospedali\\\/webtma-recensione\\\/\",\"url\":\"https:\\\/\\\/www.accuratereviews.com\\\/it\\\/software-gestione-ospedali\\\/webtma-recensione\\\/\",\"name\":\"WebTMA: recensione software gestionale per ospedali - Accurate Reviews\",\"isPartOf\":{\"@id\":\"https:\\\/\\\/www.accuratereviews.com\\\/it\\\/#website\"},\"primaryImageOfPage\":{\"@id\":\"https:\\\/\\\/www.accuratereviews.com\\\/it\\\/software-gestione-ospedali\\\/webtma-recensione\\\/#primaryimage\"},\"image\":{\"@id\":\"https:\\\/\\\/www.accuratereviews.com\\\/it\\\/software-gestione-ospedali\\\/webtma-recensione\\\/#primaryimage\"},\"thumbnailUrl\":\"https:\\\/\\\/www.accuratereviews.com\\\/wp-content\\\/uploads\\\/2021\\\/06\\\/tmasystems.png\",\"datePublished\":\"2021-06-11T10:21:52+00:00\",\"description\":\"WebTMA: recensione sistema di gestione della manutenzione computerizzato (CMMS) che combina funzionalit\u00e0 e tecnologia avanzate.\",\"breadcrumb\":{\"@id\":\"https:\\\/\\\/www.accuratereviews.com\\\/it\\\/software-gestione-ospedali\\\/webtma-recensione\\\/#breadcrumb\"},\"inLanguage\":\"it-IT\",\"potentialAction\":[{\"@type\":\"ReadAction\",\"target\":[\"https:\\\/\\\/www.accuratereviews.com\\\/it\\\/software-gestione-ospedali\\\/webtma-recensione\\\/\"]}]},{\"@type\":\"ImageObject\",\"inLanguage\":\"it-IT\",\"@id\":\"https:\\\/\\\/www.accuratereviews.com\\\/it\\\/software-gestione-ospedali\\\/webtma-recensione\\\/#primaryimage\",\"url\":\"https:\\\/\\\/www.accuratereviews.com\\\/wp-content\\\/uploads\\\/2021\\\/06\\\/tmasystems.png\",\"contentUrl\":\"https:\\\/\\\/www.accuratereviews.com\\\/wp-content\\\/uploads\\\/2021\\\/06\\\/tmasystems.png\",\"width\":400,\"height\":200},{\"@type\":\"BreadcrumbList\",\"@id\":\"https:\\\/\\\/www.accuratereviews.com\\\/it\\\/software-gestione-ospedali\\\/webtma-recensione\\\/#breadcrumb\",\"itemListElement\":[{\"@type\":\"ListItem\",\"position\":1,\"name\":\"Home\",\"item\":\"https:\\\/\\\/www.accuratereviews.com\\\/it\\\/\"},{\"@type\":\"ListItem\",\"position\":2,\"name\":\"Software per la gestione degli ospedali\",\"item\":\"https:\\\/\\\/www.accuratereviews.com\\\/it\\\/software-gestione-ospedali\\\/\"},{\"@type\":\"ListItem\",\"position\":3,\"name\":\"WebTMA\"}]},{\"@type\":\"WebSite\",\"@id\":\"https:\\\/\\\/www.accuratereviews.com\\\/it\\\/#website\",\"url\":\"https:\\\/\\\/www.accuratereviews.com\\\/it\\\/\",\"name\":\"Accurate Reviews\",\"description\":\"\",\"potentialAction\":[{\"@type\":\"SearchAction\",\"target\":{\"@type\":\"EntryPoint\",\"urlTemplate\":\"https:\\\/\\\/www.accuratereviews.com\\\/it\\\/?s={search_term_string}\"},\"query-input\":{\"@type\":\"PropertyValueSpecification\",\"valueRequired\":true,\"valueName\":\"search_term_string\"}}],\"inLanguage\":\"it-IT\"}]}<\/script>\n<!-- \/ Yoast SEO plugin. -->","yoast_head_json":{"title":"WebTMA: recensione software gestionale per ospedali - Accurate Reviews","description":"WebTMA: recensione sistema di gestione della manutenzione computerizzato (CMMS) che combina funzionalit\u00e0 e tecnologia avanzate.","robots":{"index":"index","follow":"follow","max-snippet":"max-snippet:-1","max-image-preview":"max-image-preview:large","max-video-preview":"max-video-preview:-1"},"canonical":"https:\/\/www.accuratereviews.com\/it\/software-gestione-ospedali\/webtma-recensione\/","og_locale":"it_IT","og_type":"article","og_title":"WebTMA: recensione software gestionale per ospedali - Accurate Reviews","og_description":"WebTMA: recensione sistema di gestione della manutenzione computerizzato (CMMS) che combina funzionalit\u00e0 e tecnologia avanzate.","og_url":"https:\/\/www.accuratereviews.com\/it\/software-gestione-ospedali\/webtma-recensione\/","og_site_name":"Accurate Reviews","og_image":[{"width":400,"height":200,"url":"https:\/\/www.accuratereviews.com\/wp-content\/uploads\/2021\/06\/tmasystems.png","type":"image\/png"}],"twitter_card":"summary_large_image","twitter_misc":{"Tempo di lettura stimato":"4 minuti"},"schema":{"@context":"https:\/\/schema.org","@graph":[{"@type":"WebPage","@id":"https:\/\/www.accuratereviews.com\/it\/software-gestione-ospedali\/webtma-recensione\/","url":"https:\/\/www.accuratereviews.com\/it\/software-gestione-ospedali\/webtma-recensione\/","name":"WebTMA: recensione software gestionale per ospedali - Accurate Reviews","isPartOf":{"@id":"https:\/\/www.accuratereviews.com\/it\/#website"},"primaryImageOfPage":{"@id":"https:\/\/www.accuratereviews.com\/it\/software-gestione-ospedali\/webtma-recensione\/#primaryimage"},"image":{"@id":"https:\/\/www.accuratereviews.com\/it\/software-gestione-ospedali\/webtma-recensione\/#primaryimage"},"thumbnailUrl":"https:\/\/www.accuratereviews.com\/wp-content\/uploads\/2021\/06\/tmasystems.png","datePublished":"2021-06-11T10:21:52+00:00","description":"WebTMA: recensione sistema di gestione della manutenzione computerizzato (CMMS) che combina funzionalit\u00e0 e tecnologia avanzate.","breadcrumb":{"@id":"https:\/\/www.accuratereviews.com\/it\/software-gestione-ospedali\/webtma-recensione\/#breadcrumb"},"inLanguage":"it-IT","potentialAction":[{"@type":"ReadAction","target":["https:\/\/www.accuratereviews.com\/it\/software-gestione-ospedali\/webtma-recensione\/"]}]},{"@type":"ImageObject","inLanguage":"it-IT","@id":"https:\/\/www.accuratereviews.com\/it\/software-gestione-ospedali\/webtma-recensione\/#primaryimage","url":"https:\/\/www.accuratereviews.com\/wp-content\/uploads\/2021\/06\/tmasystems.png","contentUrl":"https:\/\/www.accuratereviews.com\/wp-content\/uploads\/2021\/06\/tmasystems.png","width":400,"height":200},{"@type":"BreadcrumbList","@id":"https:\/\/www.accuratereviews.com\/it\/software-gestione-ospedali\/webtma-recensione\/#breadcrumb","itemListElement":[{"@type":"ListItem","position":1,"name":"Home","item":"https:\/\/www.accuratereviews.com\/it\/"},{"@type":"ListItem","position":2,"name":"Software per la gestione degli ospedali","item":"https:\/\/www.accuratereviews.com\/it\/software-gestione-ospedali\/"},{"@type":"ListItem","position":3,"name":"WebTMA"}]},{"@type":"WebSite","@id":"https:\/\/www.accuratereviews.com\/it\/#website","url":"https:\/\/www.accuratereviews.com\/it\/","name":"Accurate Reviews","description":"","potentialAction":[{"@type":"SearchAction","target":{"@type":"EntryPoint","urlTemplate":"https:\/\/www.accuratereviews.com\/it\/?s={search_term_string}"},"query-input":{"@type":"PropertyValueSpecification","valueRequired":true,"valueName":"search_term_string"}}],"inLanguage":"it-IT"}]}},"_links":{"self":[{"href":"https:\/\/www.accuratereviews.com\/it\/wp-json\/wp\/v2\/pages\/44024","targetHints":{"allow":["GET"]}}],"collection":[{"href":"https:\/\/www.accuratereviews.com\/it\/wp-json\/wp\/v2\/pages"}],"about":[{"href":"https:\/\/www.accuratereviews.com\/it\/wp-json\/wp\/v2\/types\/page"}],"author":[{"embeddable":true,"href":"https:\/\/www.accuratereviews.com\/it\/wp-json\/wp\/v2\/users\/16"}],"replies":[{"embeddable":true,"href":"https:\/\/www.accuratereviews.com\/it\/wp-json\/wp\/v2\/comments?post=44024"}],"version-history":[{"count":8,"href":"https:\/\/www.accuratereviews.com\/it\/wp-json\/wp\/v2\/pages\/44024\/revisions"}],"predecessor-version":[{"id":44061,"href":"https:\/\/www.accuratereviews.com\/it\/wp-json\/wp\/v2\/pages\/44024\/revisions\/44061"}],"up":[{"embeddable":true,"href":"https:\/\/www.accuratereviews.com\/it\/wp-json\/wp\/v2\/pages\/43555"}],"wp:featuredmedia":[{"embeddable":true,"href":"https:\/\/www.accuratereviews.com\/it\/wp-json\/wp\/v2\/media\/44026"}],"wp:attachment":[{"href":"https:\/\/www.accuratereviews.com\/it\/wp-json\/wp\/v2\/media?parent=44024"}],"wp:term":[{"taxonomy":"category","embeddable":true,"href":"https:\/\/www.accuratereviews.com\/it\/wp-json\/wp\/v2\/categories?post=44024"},{"taxonomy":"post_tag","embeddable":true,"href":"https:\/\/www.accuratereviews.com\/it\/wp-json\/wp\/v2\/tags?post=44024"},{"taxonomy":"features","embeddable":true,"href":"https:\/\/www.accuratereviews.com\/it\/wp-json\/wp\/v2\/features?post=44024"}],"curies":[{"name":"wp","href":"https:\/\/api.w.org\/{rel}","templated":true}]}}