{"id":44032,"date":"2021-06-11T10:26:13","date_gmt":"2021-06-11T10:26:13","guid":{"rendered":"https:\/\/www.accuratereviews.com\/?page_id=44032"},"modified":"2021-06-12T17:35:59","modified_gmt":"2021-06-12T17:35:59","slug":"ehat-recensione","status":"publish","type":"page","link":"https:\/\/www.accuratereviews.com\/it\/software-gestione-ospedali\/ehat-recensione\/","title":{"rendered":"eHAT"},"content":{"rendered":"<p><strong>eHAT<\/strong> \u00e8 un<strong>\u00a0software di gestione sanitaria<\/strong> end-to-end utilizzato da vari ospedali, cliniche specializzate, centri medici, centri diagnostici e unit\u00e0 sanitarie per semplificare le loro operazioni e processi. Comprende sistemi di amministrazione ospedaliera, soluzioni informative per la gestione della salute, strumenti EHR\/EMR e altre soluzioni IT sanitarie che possono utilizzare a proprio vantaggio. Vengono aiutati a migliorare il modo in cui accedono e sfruttano i dati, le informazioni sui pazienti e le cartelle cliniche, gestire le proprie risorse e spese in modo intelligente, aumentare la produttivit\u00e0 e la redditivit\u00e0, fornire risultati migliori e aumentare la soddisfazione del paziente. eHAT \u00e8 sviluppato da OrcaSys, una societ\u00e0 di consulenza informatica e soluzioni informatiche sanitarie, che si impegna a fornire prodotti software sanitari innovativi e avanzati ai clienti di tutto il mondo in modo che possano affrontare facilmente le sfide e i problemi associati all&#8217;amministrazione, clinica finanziari e gestionali delle loro operazioni.<\/p>\n<h2><a href=\"https:\/\/www.accuratereviews.com\/wp-content\/uploads\/2021\/06\/revolution-slider-video.jpg\"><img loading=\"lazy\" decoding=\"async\" class=\"alignnone size-full wp-image-44039\" src=\"https:\/\/www.accuratereviews.com\/wp-content\/uploads\/2021\/06\/revolution-slider-video.jpg\" alt=\"\" width=\"1200\" height=\"500\" srcset=\"https:\/\/www.accuratereviews.com\/wp-content\/uploads\/2021\/06\/revolution-slider-video.jpg 1200w, https:\/\/www.accuratereviews.com\/wp-content\/uploads\/2021\/06\/revolution-slider-video-300x125.jpg 300w, https:\/\/www.accuratereviews.com\/wp-content\/uploads\/2021\/06\/revolution-slider-video-1024x427.jpg 1024w, https:\/\/www.accuratereviews.com\/wp-content\/uploads\/2021\/06\/revolution-slider-video-768x320.jpg 768w, https:\/\/www.accuratereviews.com\/wp-content\/uploads\/2021\/06\/revolution-slider-video-260x108.jpg 260w, https:\/\/www.accuratereviews.com\/wp-content\/uploads\/2021\/06\/revolution-slider-video-50x21.jpg 50w, https:\/\/www.accuratereviews.com\/wp-content\/uploads\/2021\/06\/revolution-slider-video-968x403.jpg 968w, https:\/\/www.accuratereviews.com\/wp-content\/uploads\/2021\/06\/revolution-slider-video-636x265.jpg 636w, https:\/\/www.accuratereviews.com\/wp-content\/uploads\/2021\/06\/revolution-slider-video-320x133.jpg 320w, https:\/\/www.accuratereviews.com\/wp-content\/uploads\/2021\/06\/revolution-slider-video-239x100.jpg 239w\" sizes=\"auto, (max-width: 1200px) 100vw, 1200px\" \/><\/a><\/h2>\n<h2>EHAT &#8211; CARATTERISTICHE<\/h2>\n<ul>\n<li>Strategia e implementazione<\/li>\n<li>Pianificazione e implementazione dell&#8217;infrastruttura<\/li>\n<li>Progetti tecnici e architettura della soluzione<\/li>\n<li>Modernizzazione e ottimizzazione del sistema<\/li>\n<li>Integrazioni della piattaforma<\/li>\n<li>Tempo di accesso al mercato ridotto<\/li>\n<li>Adeguamento delle tecnologie di prossima generazione<\/li>\n<li>Riduzione dei costi di sviluppo<\/li>\n<li>Facile gestione del progetto<\/li>\n<li>Riduzione al minimo dei costi e dei rischi operativi<\/li>\n<li>Mantenimento degli standard di qualit\u00e0 pi\u00f9 elevati<\/li>\n<li>Organizzazione migliorata in modo efficiente<\/li>\n<li>Modello di consegna IT<\/li>\n<li>Migliore reattivit\u00e0 alle esigenze aziendali<\/li>\n<li>Soluzioni per la mobilit\u00e0, compatibilit\u00e0 con le principali piattaforme mobili come iOS, Android, Blackberry, ecc.<\/li>\n<li>Riduci la spesa per l&#8217;infrastruttura tecnologica, paga secondo le tue necessit\u00e0 (settimanale, trimestrale o annuale)<\/li>\n<li>Globalizza la tua forza lavoro (SAAS, PAAS))<\/li>\n<li>Gestione del progetto migliorata, ottieni pi\u00f9 lavoro in meno tempo con meno persone in meno tempo<\/li>\n<li>Accesso basato sui ruoli sempre e ovunque.<\/li>\n<\/ul>\n<h3>LE RECENSIONI DEGLI UTENTI<\/h3>\n<p class=\"font-weight-bold mb-1 d-flex align-items-center\"><strong>Dr. amit K.&#8221;Personale di implementazione facile da usare, fresco e molto disponibile.&#8221;<\/strong><\/p>\n<p><strong>Commenti: <\/strong>Quando abbiamo iniziato a utilizzare l&#8217;applicazione, l&#8217;abbiamo trovata molto semplice e veloce. Tutti i nostri utenti dell&#8217;ospedale hanno compreso il software molto velocemente. Inizialmente c&#8217;erano varie limitazioni in un paio di moduli, ma il personale di implementazione \u00e8 stato abbastanza di supporto da capire e ha fatto tutte le personalizzazioni a tempo debito. Ora il software funziona al massimo livello, siamo soddisfatti e abbiamo ordinato il modulo Imaging di recente.<\/p>\n<p class=\"font-weight-bold mb-1 d-flex align-items-center\"><strong>Rajesh B.&#8221;Facilit\u00e0 d&#8217;uso.&#8221;<\/strong><\/p>\n<p><strong>Commenti: <\/strong>Semplificato quindi facile da usare.<\/p>\n<p class=\"font-weight-bold mb-1 d-flex align-items-center\"><strong>Savan J.&#8221;Software e fatturazione\/gestione TPA: molto facile da usare Sterling Hospital&#8221;<\/strong><\/p>\n<p><strong>Commenti: <\/strong>L&#8217;utilizzo di questo software negli ultimi 2 anni lo ha trovato molto facile da usare. Tutta la fatturazione di OP e IP \u00e8 gestita utilizzando procedure operative standard. Tutti i rapporti finanziari vengono estratti molto bene, solo il modulo dei conti \u00e8 un po&#8217; debole, speriamo che venga aggiornato presto. Siamo soddisfatti del servizio clienti fornitoci.<\/p>\n","protected":false},"excerpt":{"rendered":"<p>eHAT \u00e8 un\u00a0software di gestione sanitaria end-to-end utilizzato da vari ospedali, cliniche specializzate, centri medici, centri diagnostici e unit\u00e0 sanitarie per semplificare le loro operazioni e processi. Comprende sistemi di amministrazione ospedaliera, soluzioni informative per la gestione della salute, strumenti EHR\/EMR e altre soluzioni IT sanitarie che possono utilizzare a proprio vantaggio<\/p>\n","protected":false},"author":16,"featured_media":44033,"parent":43555,"menu_order":0,"comment_status":"open","ping_status":"closed","template":"g1_template_page_review_new.php","meta":{"_acf_changed":false,"cwp_meta_box_check":"Yes","cwp_rev_product_name":"","cwp_rev_product_image":"","wppr_links":[],"cwp_rev_price":"","wppr_options":[],"wppr_pros":[],"wppr_cons":[],"_monsterinsights_skip_tracking":false,"_monsterinsights_sitenote_active":false,"_monsterinsights_sitenote_note":"","_monsterinsights_sitenote_category":0,"footnotes":""},"categories":[6100],"tags":[6240,6229,6239,6128,6194,6195],"features":[],"class_list":{"0":"post-44032","1":"page","2":"type-page","3":"status-publish","4":"has-post-thumbnail","6":"category-software-gestione-ospedali-cat","7":"tag-ehat","8":"tag-gestionale-ospedale","9":"tag-piattaforme-gestionale-per-ospedali","10":"tag-programma-gestionale-per-ospedali","11":"tag-software-gestionale-per-ospedali","12":"tag-soluzione-gestionale-per-ospedali"},"wppr_data":{"cwp_meta_box_check":"Yes","cwp_rev_product_name":"","cwp_rev_product_image":"","cwp_image_link":"image","cwp_rev_price":"","wppr_rating":"0.00"},"acf":[],"yoast_head":"<!-- This site is optimized with the Yoast SEO plugin v27.4 - https:\/\/yoast.com\/product\/yoast-seo-wordpress\/ -->\n<title>eHAT: recensione software gestionale per ospedali - Accurate Reviews<\/title>\n<meta name=\"description\" content=\"eHAT: recensione software di gestione sanitaria end-to-end utilizzato da vari ospedali per semplificare le loro operazioni e processi.\" \/>\n<meta name=\"robots\" content=\"index, follow, max-snippet:-1, max-image-preview:large, max-video-preview:-1\" \/>\n<link rel=\"canonical\" href=\"https:\/\/www.accuratereviews.com\/it\/software-gestione-ospedali\/ehat-recensione\/\" \/>\n<meta property=\"og:locale\" content=\"it_IT\" \/>\n<meta property=\"og:type\" content=\"article\" \/>\n<meta property=\"og:title\" content=\"eHAT: recensione software gestionale per ospedali - Accurate Reviews\" \/>\n<meta property=\"og:description\" content=\"eHAT: recensione software di gestione sanitaria end-to-end utilizzato da vari ospedali per semplificare le loro operazioni e processi.\" \/>\n<meta property=\"og:url\" content=\"https:\/\/www.accuratereviews.com\/it\/software-gestione-ospedali\/ehat-recensione\/\" \/>\n<meta property=\"og:site_name\" content=\"Accurate Reviews\" \/>\n<meta property=\"article:modified_time\" content=\"2021-06-12T17:35:59+00:00\" \/>\n<meta property=\"og:image\" content=\"https:\/\/www.accuratereviews.com\/wp-content\/uploads\/2021\/06\/orcasys.jpeg\" \/>\n\t<meta property=\"og:image:width\" content=\"400\" \/>\n\t<meta property=\"og:image:height\" content=\"400\" \/>\n\t<meta property=\"og:image:type\" content=\"image\/jpeg\" \/>\n<meta name=\"twitter:card\" content=\"summary_large_image\" \/>\n<meta name=\"twitter:label1\" content=\"Tempo di lettura stimato\" \/>\n\t<meta name=\"twitter:data1\" content=\"3 minuti\" \/>\n<script type=\"application\/ld+json\" class=\"yoast-schema-graph\">{\"@context\":\"https:\\\/\\\/schema.org\",\"@graph\":[{\"@type\":\"WebPage\",\"@id\":\"https:\\\/\\\/www.accuratereviews.com\\\/it\\\/software-gestione-ospedali\\\/ehat-recensione\\\/\",\"url\":\"https:\\\/\\\/www.accuratereviews.com\\\/it\\\/software-gestione-ospedali\\\/ehat-recensione\\\/\",\"name\":\"eHAT: recensione software gestionale per ospedali - Accurate Reviews\",\"isPartOf\":{\"@id\":\"https:\\\/\\\/www.accuratereviews.com\\\/it\\\/#website\"},\"primaryImageOfPage\":{\"@id\":\"https:\\\/\\\/www.accuratereviews.com\\\/it\\\/software-gestione-ospedali\\\/ehat-recensione\\\/#primaryimage\"},\"image\":{\"@id\":\"https:\\\/\\\/www.accuratereviews.com\\\/it\\\/software-gestione-ospedali\\\/ehat-recensione\\\/#primaryimage\"},\"thumbnailUrl\":\"https:\\\/\\\/www.accuratereviews.com\\\/wp-content\\\/uploads\\\/2021\\\/06\\\/orcasys.jpeg\",\"datePublished\":\"2021-06-11T10:26:13+00:00\",\"dateModified\":\"2021-06-12T17:35:59+00:00\",\"description\":\"eHAT: recensione software di gestione sanitaria end-to-end utilizzato da vari ospedali per semplificare le loro operazioni e processi.\",\"breadcrumb\":{\"@id\":\"https:\\\/\\\/www.accuratereviews.com\\\/it\\\/software-gestione-ospedali\\\/ehat-recensione\\\/#breadcrumb\"},\"inLanguage\":\"it-IT\",\"potentialAction\":[{\"@type\":\"ReadAction\",\"target\":[\"https:\\\/\\\/www.accuratereviews.com\\\/it\\\/software-gestione-ospedali\\\/ehat-recensione\\\/\"]}]},{\"@type\":\"ImageObject\",\"inLanguage\":\"it-IT\",\"@id\":\"https:\\\/\\\/www.accuratereviews.com\\\/it\\\/software-gestione-ospedali\\\/ehat-recensione\\\/#primaryimage\",\"url\":\"https:\\\/\\\/www.accuratereviews.com\\\/wp-content\\\/uploads\\\/2021\\\/06\\\/orcasys.jpeg\",\"contentUrl\":\"https:\\\/\\\/www.accuratereviews.com\\\/wp-content\\\/uploads\\\/2021\\\/06\\\/orcasys.jpeg\",\"width\":400,\"height\":400},{\"@type\":\"BreadcrumbList\",\"@id\":\"https:\\\/\\\/www.accuratereviews.com\\\/it\\\/software-gestione-ospedali\\\/ehat-recensione\\\/#breadcrumb\",\"itemListElement\":[{\"@type\":\"ListItem\",\"position\":1,\"name\":\"Home\",\"item\":\"https:\\\/\\\/www.accuratereviews.com\\\/it\\\/\"},{\"@type\":\"ListItem\",\"position\":2,\"name\":\"Software per la gestione degli ospedali\",\"item\":\"https:\\\/\\\/www.accuratereviews.com\\\/it\\\/software-gestione-ospedali\\\/\"},{\"@type\":\"ListItem\",\"position\":3,\"name\":\"eHAT\"}]},{\"@type\":\"WebSite\",\"@id\":\"https:\\\/\\\/www.accuratereviews.com\\\/it\\\/#website\",\"url\":\"https:\\\/\\\/www.accuratereviews.com\\\/it\\\/\",\"name\":\"Accurate Reviews\",\"description\":\"\",\"potentialAction\":[{\"@type\":\"SearchAction\",\"target\":{\"@type\":\"EntryPoint\",\"urlTemplate\":\"https:\\\/\\\/www.accuratereviews.com\\\/it\\\/?s={search_term_string}\"},\"query-input\":{\"@type\":\"PropertyValueSpecification\",\"valueRequired\":true,\"valueName\":\"search_term_string\"}}],\"inLanguage\":\"it-IT\"}]}<\/script>\n<!-- \/ Yoast SEO plugin. -->","yoast_head_json":{"title":"eHAT: recensione software gestionale per ospedali - Accurate Reviews","description":"eHAT: recensione software di gestione sanitaria end-to-end utilizzato da vari ospedali per semplificare le loro operazioni e processi.","robots":{"index":"index","follow":"follow","max-snippet":"max-snippet:-1","max-image-preview":"max-image-preview:large","max-video-preview":"max-video-preview:-1"},"canonical":"https:\/\/www.accuratereviews.com\/it\/software-gestione-ospedali\/ehat-recensione\/","og_locale":"it_IT","og_type":"article","og_title":"eHAT: recensione software gestionale per ospedali - Accurate Reviews","og_description":"eHAT: recensione software di gestione sanitaria end-to-end utilizzato da vari ospedali per semplificare le loro operazioni e processi.","og_url":"https:\/\/www.accuratereviews.com\/it\/software-gestione-ospedali\/ehat-recensione\/","og_site_name":"Accurate Reviews","article_modified_time":"2021-06-12T17:35:59+00:00","og_image":[{"width":400,"height":400,"url":"https:\/\/www.accuratereviews.com\/wp-content\/uploads\/2021\/06\/orcasys.jpeg","type":"image\/jpeg"}],"twitter_card":"summary_large_image","twitter_misc":{"Tempo di lettura stimato":"3 minuti"},"schema":{"@context":"https:\/\/schema.org","@graph":[{"@type":"WebPage","@id":"https:\/\/www.accuratereviews.com\/it\/software-gestione-ospedali\/ehat-recensione\/","url":"https:\/\/www.accuratereviews.com\/it\/software-gestione-ospedali\/ehat-recensione\/","name":"eHAT: recensione software gestionale per ospedali - Accurate Reviews","isPartOf":{"@id":"https:\/\/www.accuratereviews.com\/it\/#website"},"primaryImageOfPage":{"@id":"https:\/\/www.accuratereviews.com\/it\/software-gestione-ospedali\/ehat-recensione\/#primaryimage"},"image":{"@id":"https:\/\/www.accuratereviews.com\/it\/software-gestione-ospedali\/ehat-recensione\/#primaryimage"},"thumbnailUrl":"https:\/\/www.accuratereviews.com\/wp-content\/uploads\/2021\/06\/orcasys.jpeg","datePublished":"2021-06-11T10:26:13+00:00","dateModified":"2021-06-12T17:35:59+00:00","description":"eHAT: recensione software di gestione sanitaria end-to-end utilizzato da vari ospedali per semplificare le loro operazioni e processi.","breadcrumb":{"@id":"https:\/\/www.accuratereviews.com\/it\/software-gestione-ospedali\/ehat-recensione\/#breadcrumb"},"inLanguage":"it-IT","potentialAction":[{"@type":"ReadAction","target":["https:\/\/www.accuratereviews.com\/it\/software-gestione-ospedali\/ehat-recensione\/"]}]},{"@type":"ImageObject","inLanguage":"it-IT","@id":"https:\/\/www.accuratereviews.com\/it\/software-gestione-ospedali\/ehat-recensione\/#primaryimage","url":"https:\/\/www.accuratereviews.com\/wp-content\/uploads\/2021\/06\/orcasys.jpeg","contentUrl":"https:\/\/www.accuratereviews.com\/wp-content\/uploads\/2021\/06\/orcasys.jpeg","width":400,"height":400},{"@type":"BreadcrumbList","@id":"https:\/\/www.accuratereviews.com\/it\/software-gestione-ospedali\/ehat-recensione\/#breadcrumb","itemListElement":[{"@type":"ListItem","position":1,"name":"Home","item":"https:\/\/www.accuratereviews.com\/it\/"},{"@type":"ListItem","position":2,"name":"Software per la gestione degli ospedali","item":"https:\/\/www.accuratereviews.com\/it\/software-gestione-ospedali\/"},{"@type":"ListItem","position":3,"name":"eHAT"}]},{"@type":"WebSite","@id":"https:\/\/www.accuratereviews.com\/it\/#website","url":"https:\/\/www.accuratereviews.com\/it\/","name":"Accurate Reviews","description":"","potentialAction":[{"@type":"SearchAction","target":{"@type":"EntryPoint","urlTemplate":"https:\/\/www.accuratereviews.com\/it\/?s={search_term_string}"},"query-input":{"@type":"PropertyValueSpecification","valueRequired":true,"valueName":"search_term_string"}}],"inLanguage":"it-IT"}]}},"_links":{"self":[{"href":"https:\/\/www.accuratereviews.com\/it\/wp-json\/wp\/v2\/pages\/44032","targetHints":{"allow":["GET"]}}],"collection":[{"href":"https:\/\/www.accuratereviews.com\/it\/wp-json\/wp\/v2\/pages"}],"about":[{"href":"https:\/\/www.accuratereviews.com\/it\/wp-json\/wp\/v2\/types\/page"}],"author":[{"embeddable":true,"href":"https:\/\/www.accuratereviews.com\/it\/wp-json\/wp\/v2\/users\/16"}],"replies":[{"embeddable":true,"href":"https:\/\/www.accuratereviews.com\/it\/wp-json\/wp\/v2\/comments?post=44032"}],"version-history":[{"count":11,"href":"https:\/\/www.accuratereviews.com\/it\/wp-json\/wp\/v2\/pages\/44032\/revisions"}],"predecessor-version":[{"id":44068,"href":"https:\/\/www.accuratereviews.com\/it\/wp-json\/wp\/v2\/pages\/44032\/revisions\/44068"}],"up":[{"embeddable":true,"href":"https:\/\/www.accuratereviews.com\/it\/wp-json\/wp\/v2\/pages\/43555"}],"wp:featuredmedia":[{"embeddable":true,"href":"https:\/\/www.accuratereviews.com\/it\/wp-json\/wp\/v2\/media\/44033"}],"wp:attachment":[{"href":"https:\/\/www.accuratereviews.com\/it\/wp-json\/wp\/v2\/media?parent=44032"}],"wp:term":[{"taxonomy":"category","embeddable":true,"href":"https:\/\/www.accuratereviews.com\/it\/wp-json\/wp\/v2\/categories?post=44032"},{"taxonomy":"post_tag","embeddable":true,"href":"https:\/\/www.accuratereviews.com\/it\/wp-json\/wp\/v2\/tags?post=44032"},{"taxonomy":"features","embeddable":true,"href":"https:\/\/www.accuratereviews.com\/it\/wp-json\/wp\/v2\/features?post=44032"}],"curies":[{"name":"wp","href":"https:\/\/api.w.org\/{rel}","templated":true}]}}