{"id":44158,"date":"2021-06-15T13:10:25","date_gmt":"2021-06-15T13:10:25","guid":{"rendered":"https:\/\/www.accuratereviews.com\/?page_id=44158"},"modified":"2021-06-15T13:10:25","modified_gmt":"2021-06-15T13:10:25","slug":"ezofficeinventory-recensione","status":"publish","type":"page","link":"https:\/\/www.accuratereviews.com\/it\/software-gestione-strumenti\/ezofficeinventory-recensione\/","title":{"rendered":"EZOfficeInventory"},"content":{"rendered":"<p><strong>EZOfficeInventory<\/strong> ti consente di <strong>gestire le risorse e controllare le scorte<\/strong> dell&#8217;inventario con facilit\u00e0. Monitora l&#8217;intero ciclo di vita delle risorse, consentendoti di creare ordini di acquisto, redigere ticket di servizio e gestire efficacemente i fornitori. Crea etichette personalizzate e usa la app mobile per scansionare facilmente codici a barre e codici QR. Offre anche un&#8217;integrazione RFID per ridurre i tempi di elaborazione pi\u00f9 rapidamente. Il software di monitoraggio delle risorse offre una semplice gestione dell&#8217;ammortamento, audit basati sulla scansione e report reimpostati che ti aiutano a prendere decisioni aziendali informate. Le cronologie di posizione e possesso rendono semplice tenere traccia di grandi quantit\u00e0 di risorse.<\/p>\n<h2>EZOFFICEINVENTORY &#8211; TUTORIAL<\/h2>\n<p>Utilizza il<strong> software di monitoraggio delle risorse<\/strong> basato su <strong>cloud<\/strong> per monitorare, mantenere e creare report sulle tue apparecchiature in qualsiasi momento e da qualsiasi luogo.<\/p>\n<div id=\"fluid-wrapper-counter-1\" class=\"g1-fluid-wrapper \" style=\"width:686px;\">\n<div style=\"padding-bottom:56.268221574344%;\"><iframe loading=\"lazy\" title=\"Getting Started with EZOfficeInventory\" width=\"686\" height=\"386\" src=\"https:\/\/www.youtube.com\/embed\/DzSXdaW2CZQ?feature=oembed&amp;wmode=transparent&amp;autohide=1&amp;autoplay=0&amp;disablekb=0&amp;fs=1&amp;loop=0&amp;enablejsapi=1&amp;rel=0&amp;controls=2&amp;showinfo=0&amp;wmode=transparent&amp;autohide=2&amp;autoplay=0&amp;disablekb=0&amp;fs=1&amp;loop=0&amp;enablejsapi=1&amp;rel=0&amp;controls=2&amp;showinfo=1\" frameborder=\"0\" allow=\"accelerometer; autoplay; clipboard-write; encrypted-media; gyroscope; picture-in-picture\" allowfullscreen><\/iframe><\/div>\n<\/div>\n<h3>EZOFFICEINVENTORY &#8211; CARATTERISTICHE<\/h3>\n<ul>\n<li><strong>Basato sul web<\/strong>: accedi alle informazioni sulle risorse da qualsiasi dispositivo, luogo e momento<\/li>\n<li><strong>Gestione del ciclo di vita delle risorse<\/strong>: aggiungi e tieni traccia di ordini di acquisto di asset, fornitori, cronologie di manutenzione e costi<\/li>\n<li><strong>Modulo inventario<\/strong>: ricevi avvisi di scorte in esaurimento e trasferisci facilmente le scorte tra i siti<\/li>\n<li><strong>Check-out e check-in delle risorse<\/strong>: utilizza il software di gestione delle apparecchiature per effettuare il check-in e il check-out delle risorse senza sforzo<\/li>\n<li><strong>App mobili<\/strong>: usa le app Android, iOS e Windows per scansionare codici a barre e codici QR in un istante<\/li>\n<li><strong>Calendario delle disponibilit\u00e0<\/strong>: mostra quali asset e stock di asset sono disponibili, prenotati, estratti o in manutenzione. Filtra i dati per periodo di tempo, gruppo o posizione<\/li>\n<li><strong>Prenotazioni<\/strong>: il modulo ti consente di pianificare in anticipo e garantire prenotazioni senza conflitti<\/li>\n<li><strong>Ordini di acquisto<\/strong>: tieni traccia degli ordini di acquisto insieme alle tue risorse. Aggiorna automaticamente gli articoli collegati agli ordini e gestisci fornitori e costi di approvvigionamento da un&#8217;unica posizione<\/li>\n<li><strong>Monitoraggio delle risorse RFID<\/strong>: usa un lettore RFID esterno per scansionare grandi quantit\u00e0 di articoli in pochi secondi. Puoi quindi eseguire azioni di massa su questi elementi dalla tua app iOS. Supporto Android da seguire<\/li>\n<li><strong>Posizione GPS<\/strong>: ogni scansione di un&#8217;etichetta rivela dettagli tra cui geolocalizzazione, indirizzo IP e altre informazioni utili. Sono supportati sia i codici QR che i codici a barre<\/li>\n<li><strong>Importazione ed esportazione su Excel<\/strong>: utilizza la procedura guidata di importazione dinamica per importare ed esportare le informazioni sulle risorse. Ci\u00f2 rende l&#8217;aggiunta, l&#8217;aggiornamento e il download delle informazioni sulle risorse un gioco da ragazzi<\/li>\n<li><strong>Monitoraggio della cronologia<\/strong> : avere una cronologia dettagliata degli elementi ti aiuta a tenere traccia delle tendenze generali nell&#8217;utilizzo delle risorse, vedere come si evolvono nel tempo e ottimizzare l&#8217;utilizzo delle risorse di conseguenza<\/li>\n<li><strong>Personalizzazione<\/strong>: imposta campi personalizzati multiformato per articoli e carrelli, inclusi i campi per le date e i menu a discesa. Puoi anche personalizzare gli avvisi email<\/li>\n<li><strong>Gruppi e sottogruppi<\/strong>: classifica le risorse in gruppi e sottogruppi per chiarezza e facilit\u00e0 d&#8217;uso. Puoi anche definire campi personalizzati, valutazione dei servizi e visibilit\u00e0 in base ai gruppi.<\/li>\n<li><strong>Gestione dell&#8217;ammortamento<\/strong>: ti consente di tenere traccia dell&#8217;ammortamento ed eseguire report in modo da poter ridurre le spese generali e cercare miglioramenti<\/li>\n<li><strong>Audit<\/strong>: aiutano a monitorare i checkpoint regolari nel ciclo di vita degli asset. Verifica il possesso delle risorse facendo riconoscere ai custodi la propriet\u00e0 o scansionando le etichette delle risorse<\/li>\n<li><strong>Gestione degli strumenti<\/strong>: gestisci i programmi di calibrazione e manutenzione dei tuoi strumenti. Garantisci una maggiore visibilit\u00e0 tracciandoli nelle loro posizioni esatte, controllando lo stato e visualizzando i dati storici.<\/li>\n<\/ul>\n<h4>LE RECENSIONI DEGLI UTENTI<\/h4>\n<p class=\"font-weight-bold mb-1 d-flex align-items-center\"><strong>Duane K.&#8221;La facilit\u00e0 di EZOFFICEInventory&#8221;<\/strong><\/p>\n<p><strong>Commenti: <\/strong>La mia esperienza personale \u00e8 stata fantastica. Quando parlo con potenziali clienti, se hanno determinate preferenze sulle esigenze delle apparecchiature, posso accedere facilmente al nostro inventario per assicurarmi che abbiamo quella particolare attrezzatura all&#8217;istante. \u00c8 solo molto facile da usare. Non \u00e8 in alcun modo goffo.<\/p>\n<p><strong>Pro: <\/strong>\u00c8 un software molto facile da usare. Prima di selezionarlo, abbiamo esaminato un altro software. Ci\u00f2 che ci \u00e8 piaciuto di pi\u00f9 \u00e8 stata la possibilit\u00e0 di personalizzarlo senza dover chiamare l&#8217;assistenza per chiedere aiuto. Siamo in grado di tenere traccia di tutto il nostro inventario tramite codice a barre, indipendentemente dal progetto a cui sono assegnati con facilit\u00e0, tramite app online o mobile.<\/p>\n<p><strong>Contro: <\/strong>Non appena avr\u00f2 una risposta la aggiorner\u00f2. Siamo molto soddisfatti del software.<\/p>\n<p class=\"font-weight-bold mb-1 d-flex align-items-center\"><strong>Laura S.&#8221;Facile da configurare e utilizzare: PERFETTO per noi&#8221;<\/strong><\/p>\n<p><strong>Commenti: <\/strong>Ora abbiamo un ottimo sistema per controllare le nostre apparecchiature AV e informatiche. Non c&#8217;\u00e8 pi\u00f9 un mistero su dove si trovi l&#8217;attrezzatura, quindi sappiamo come contattare quando stiamo cercando uno o pi\u00f9 oggetti.<\/p>\n<p><strong>Pro: <\/strong>Facile da configurare e utilizzare.\u00a0Ottima app. Ottimo servizio di assistenza clienti<\/p>\n<p><strong>Inconvenienti: <\/strong>Non ho trovato proprio niente.<\/p>\n<p class=\"font-weight-bold mb-1 d-flex align-items-center\"><strong>Ulises S.&#8221;Software straordinario&#8221;<\/strong><\/p>\n<p><strong>Commenti: <\/strong>Usiamo EZOffice per lavorare come in piccolo ripostiglio multimediale all&#8217;interno di un&#8217;universit\u00e0. Questo programma consente di monitorare facilmente tutto e, a sua volta, aiuta il nostro modello di business. Manteniamo i contrassegni sui prezzi e sulle descrizioni degli articoli per rendere la registrazione pi\u00f9 funzionale. \u00c8 fantastico che questa risorsa online sia disponibile per l&#8217;acquisto, per aiutare le aziende grandi e piccole a trovarsi e iniziare.<\/p>\n<p><strong>Vantaggi: <\/strong>Il software mi consente di effettuare il check-in delle apparecchiature molto facilmente. Sono in grado di vedere facilmente tutti i registri che si trovano all&#8217;interno del prodotto, come note, commenti e orari di check-out. Ci\u00f2 consente una migliore manutenzione quando si tratta di prodotti mancanti o problemi con i prodotti e come questi potrebbero essere rintracciati agli utenti che hanno verificato l&#8217;attrezzatura in precedenza.<\/p>\n<p><strong>Inconvenienti: <\/strong>L&#8217;impossibilit\u00e0 di personalizzare il layout. Mi auguro che con il passare del tempo il layout possa essere facilmente modificato per una maggiore produttivit\u00e0.<\/p>\n<p>&nbsp;<\/p>\n","protected":false},"excerpt":{"rendered":"<p>EZOfficeInventory ti consente di gestire le risorse e controllare le scorte dell&#8217;inventario con facilit\u00e0. Monitora l&#8217;intero ciclo di vita delle risorse, consentendoti di creare ordini di acquisto, redigere ticket di servizio e gestire efficacemente i fornitori. Crea etichette personalizzate e usa la app mobile per scansionare facilmente codici a barre e codici QR.<\/p>\n","protected":false},"author":16,"featured_media":44159,"parent":44170,"menu_order":0,"comment_status":"open","ping_status":"closed","template":"g1_template_page_review_new.php","meta":{"_acf_changed":false,"cwp_meta_box_check":"Yes","cwp_rev_product_name":"","cwp_rev_product_image":"","wppr_links":[],"cwp_rev_price":"","wppr_options":[],"wppr_pros":[],"wppr_cons":[],"_monsterinsights_skip_tracking":false,"_monsterinsights_sitenote_active":false,"_monsterinsights_sitenote_note":"","_monsterinsights_sitenote_category":0,"footnotes":""},"categories":[6265],"tags":[396,6274,6273,6272,6269,6271],"features":[],"class_list":{"0":"post-44158","1":"page","2":"type-page","3":"status-publish","4":"has-post-thumbnail","6":"category-software-gestione-strumenti-cat","7":"tag-cloud","8":"tag-ezofficeinventory","9":"tag-piattaforma-gestionale-strumenti","10":"tag-programma-gestione-strumenti","11":"tag-software-gestione-strumenti","12":"tag-soluzione-gestione-strumenti"},"wppr_data":{"cwp_meta_box_check":"Yes","cwp_rev_product_name":"","cwp_rev_product_image":"","cwp_image_link":"image","cwp_rev_price":"","wppr_rating":"0.00"},"acf":[],"yoast_head":"<!-- This site is optimized with the Yoast SEO plugin v27.4 - https:\/\/yoast.com\/product\/yoast-seo-wordpress\/ -->\n<title>EZOfficeInventory: recensione software gestione strumenti<\/title>\n<meta name=\"description\" content=\"EZOfficeInventory: recensione software gestione degli strumenti che ti consente di gestire le risorse le scorte dell&#039;inventario con facilit\u00e0.\" \/>\n<meta name=\"robots\" content=\"index, follow, max-snippet:-1, max-image-preview:large, max-video-preview:-1\" \/>\n<link rel=\"canonical\" href=\"https:\/\/www.accuratereviews.com\/it\/software-gestione-strumenti\/ezofficeinventory-recensione\/\" \/>\n<meta property=\"og:locale\" content=\"it_IT\" \/>\n<meta property=\"og:type\" content=\"article\" \/>\n<meta property=\"og:title\" content=\"EZOfficeInventory: recensione software gestione strumenti\" \/>\n<meta property=\"og:description\" content=\"EZOfficeInventory: recensione software gestione degli strumenti che ti consente di gestire le risorse le scorte dell&#039;inventario con facilit\u00e0.\" \/>\n<meta property=\"og:url\" content=\"https:\/\/www.accuratereviews.com\/it\/software-gestione-strumenti\/ezofficeinventory-recensione\/\" \/>\n<meta property=\"og:site_name\" content=\"Accurate Reviews\" \/>\n<meta property=\"og:image\" content=\"https:\/\/www.accuratereviews.com\/wp-content\/uploads\/2021\/06\/ez.jpg\" \/>\n\t<meta property=\"og:image:width\" content=\"279\" \/>\n\t<meta property=\"og:image:height\" content=\"279\" \/>\n\t<meta property=\"og:image:type\" content=\"image\/jpeg\" \/>\n<meta name=\"twitter:card\" content=\"summary_large_image\" \/>\n<meta name=\"twitter:label1\" content=\"Tempo di lettura stimato\" \/>\n\t<meta name=\"twitter:data1\" content=\"5 minuti\" \/>\n<script type=\"application\/ld+json\" class=\"yoast-schema-graph\">{\"@context\":\"https:\\\/\\\/schema.org\",\"@graph\":[{\"@type\":\"WebPage\",\"@id\":\"https:\\\/\\\/www.accuratereviews.com\\\/it\\\/software-gestione-strumenti\\\/ezofficeinventory-recensione\\\/\",\"url\":\"https:\\\/\\\/www.accuratereviews.com\\\/it\\\/software-gestione-strumenti\\\/ezofficeinventory-recensione\\\/\",\"name\":\"EZOfficeInventory: recensione software gestione strumenti\",\"isPartOf\":{\"@id\":\"https:\\\/\\\/www.accuratereviews.com\\\/it\\\/#website\"},\"primaryImageOfPage\":{\"@id\":\"https:\\\/\\\/www.accuratereviews.com\\\/it\\\/software-gestione-strumenti\\\/ezofficeinventory-recensione\\\/#primaryimage\"},\"image\":{\"@id\":\"https:\\\/\\\/www.accuratereviews.com\\\/it\\\/software-gestione-strumenti\\\/ezofficeinventory-recensione\\\/#primaryimage\"},\"thumbnailUrl\":\"https:\\\/\\\/www.accuratereviews.com\\\/wp-content\\\/uploads\\\/2021\\\/06\\\/ez.jpg\",\"datePublished\":\"2021-06-15T13:10:25+00:00\",\"description\":\"EZOfficeInventory: recensione software gestione degli strumenti che ti consente di gestire le risorse le scorte dell'inventario con facilit\u00e0.\",\"breadcrumb\":{\"@id\":\"https:\\\/\\\/www.accuratereviews.com\\\/it\\\/software-gestione-strumenti\\\/ezofficeinventory-recensione\\\/#breadcrumb\"},\"inLanguage\":\"it-IT\",\"potentialAction\":[{\"@type\":\"ReadAction\",\"target\":[\"https:\\\/\\\/www.accuratereviews.com\\\/it\\\/software-gestione-strumenti\\\/ezofficeinventory-recensione\\\/\"]}]},{\"@type\":\"ImageObject\",\"inLanguage\":\"it-IT\",\"@id\":\"https:\\\/\\\/www.accuratereviews.com\\\/it\\\/software-gestione-strumenti\\\/ezofficeinventory-recensione\\\/#primaryimage\",\"url\":\"https:\\\/\\\/www.accuratereviews.com\\\/wp-content\\\/uploads\\\/2021\\\/06\\\/ez.jpg\",\"contentUrl\":\"https:\\\/\\\/www.accuratereviews.com\\\/wp-content\\\/uploads\\\/2021\\\/06\\\/ez.jpg\",\"width\":279,\"height\":279},{\"@type\":\"BreadcrumbList\",\"@id\":\"https:\\\/\\\/www.accuratereviews.com\\\/it\\\/software-gestione-strumenti\\\/ezofficeinventory-recensione\\\/#breadcrumb\",\"itemListElement\":[{\"@type\":\"ListItem\",\"position\":1,\"name\":\"Home\",\"item\":\"https:\\\/\\\/www.accuratereviews.com\\\/it\\\/\"},{\"@type\":\"ListItem\",\"position\":2,\"name\":\"Software per la gestione degli strumenti\",\"item\":\"https:\\\/\\\/www.accuratereviews.com\\\/it\\\/software-gestione-strumenti\\\/\"},{\"@type\":\"ListItem\",\"position\":3,\"name\":\"EZOfficeInventory\"}]},{\"@type\":\"WebSite\",\"@id\":\"https:\\\/\\\/www.accuratereviews.com\\\/it\\\/#website\",\"url\":\"https:\\\/\\\/www.accuratereviews.com\\\/it\\\/\",\"name\":\"Accurate Reviews\",\"description\":\"\",\"potentialAction\":[{\"@type\":\"SearchAction\",\"target\":{\"@type\":\"EntryPoint\",\"urlTemplate\":\"https:\\\/\\\/www.accuratereviews.com\\\/it\\\/?s={search_term_string}\"},\"query-input\":{\"@type\":\"PropertyValueSpecification\",\"valueRequired\":true,\"valueName\":\"search_term_string\"}}],\"inLanguage\":\"it-IT\"}]}<\/script>\n<!-- \/ Yoast SEO plugin. -->","yoast_head_json":{"title":"EZOfficeInventory: recensione software gestione strumenti","description":"EZOfficeInventory: recensione software gestione degli strumenti che ti consente di gestire le risorse le scorte dell'inventario con facilit\u00e0.","robots":{"index":"index","follow":"follow","max-snippet":"max-snippet:-1","max-image-preview":"max-image-preview:large","max-video-preview":"max-video-preview:-1"},"canonical":"https:\/\/www.accuratereviews.com\/it\/software-gestione-strumenti\/ezofficeinventory-recensione\/","og_locale":"it_IT","og_type":"article","og_title":"EZOfficeInventory: recensione software gestione strumenti","og_description":"EZOfficeInventory: recensione software gestione degli strumenti che ti consente di gestire le risorse le scorte dell'inventario con facilit\u00e0.","og_url":"https:\/\/www.accuratereviews.com\/it\/software-gestione-strumenti\/ezofficeinventory-recensione\/","og_site_name":"Accurate Reviews","og_image":[{"width":279,"height":279,"url":"https:\/\/www.accuratereviews.com\/wp-content\/uploads\/2021\/06\/ez.jpg","type":"image\/jpeg"}],"twitter_card":"summary_large_image","twitter_misc":{"Tempo di lettura stimato":"5 minuti"},"schema":{"@context":"https:\/\/schema.org","@graph":[{"@type":"WebPage","@id":"https:\/\/www.accuratereviews.com\/it\/software-gestione-strumenti\/ezofficeinventory-recensione\/","url":"https:\/\/www.accuratereviews.com\/it\/software-gestione-strumenti\/ezofficeinventory-recensione\/","name":"EZOfficeInventory: recensione software gestione strumenti","isPartOf":{"@id":"https:\/\/www.accuratereviews.com\/it\/#website"},"primaryImageOfPage":{"@id":"https:\/\/www.accuratereviews.com\/it\/software-gestione-strumenti\/ezofficeinventory-recensione\/#primaryimage"},"image":{"@id":"https:\/\/www.accuratereviews.com\/it\/software-gestione-strumenti\/ezofficeinventory-recensione\/#primaryimage"},"thumbnailUrl":"https:\/\/www.accuratereviews.com\/wp-content\/uploads\/2021\/06\/ez.jpg","datePublished":"2021-06-15T13:10:25+00:00","description":"EZOfficeInventory: recensione software gestione degli strumenti che ti consente di gestire le risorse le scorte dell'inventario con facilit\u00e0.","breadcrumb":{"@id":"https:\/\/www.accuratereviews.com\/it\/software-gestione-strumenti\/ezofficeinventory-recensione\/#breadcrumb"},"inLanguage":"it-IT","potentialAction":[{"@type":"ReadAction","target":["https:\/\/www.accuratereviews.com\/it\/software-gestione-strumenti\/ezofficeinventory-recensione\/"]}]},{"@type":"ImageObject","inLanguage":"it-IT","@id":"https:\/\/www.accuratereviews.com\/it\/software-gestione-strumenti\/ezofficeinventory-recensione\/#primaryimage","url":"https:\/\/www.accuratereviews.com\/wp-content\/uploads\/2021\/06\/ez.jpg","contentUrl":"https:\/\/www.accuratereviews.com\/wp-content\/uploads\/2021\/06\/ez.jpg","width":279,"height":279},{"@type":"BreadcrumbList","@id":"https:\/\/www.accuratereviews.com\/it\/software-gestione-strumenti\/ezofficeinventory-recensione\/#breadcrumb","itemListElement":[{"@type":"ListItem","position":1,"name":"Home","item":"https:\/\/www.accuratereviews.com\/it\/"},{"@type":"ListItem","position":2,"name":"Software per la gestione degli strumenti","item":"https:\/\/www.accuratereviews.com\/it\/software-gestione-strumenti\/"},{"@type":"ListItem","position":3,"name":"EZOfficeInventory"}]},{"@type":"WebSite","@id":"https:\/\/www.accuratereviews.com\/it\/#website","url":"https:\/\/www.accuratereviews.com\/it\/","name":"Accurate Reviews","description":"","potentialAction":[{"@type":"SearchAction","target":{"@type":"EntryPoint","urlTemplate":"https:\/\/www.accuratereviews.com\/it\/?s={search_term_string}"},"query-input":{"@type":"PropertyValueSpecification","valueRequired":true,"valueName":"search_term_string"}}],"inLanguage":"it-IT"}]}},"_links":{"self":[{"href":"https:\/\/www.accuratereviews.com\/it\/wp-json\/wp\/v2\/pages\/44158","targetHints":{"allow":["GET"]}}],"collection":[{"href":"https:\/\/www.accuratereviews.com\/it\/wp-json\/wp\/v2\/pages"}],"about":[{"href":"https:\/\/www.accuratereviews.com\/it\/wp-json\/wp\/v2\/types\/page"}],"author":[{"embeddable":true,"href":"https:\/\/www.accuratereviews.com\/it\/wp-json\/wp\/v2\/users\/16"}],"replies":[{"embeddable":true,"href":"https:\/\/www.accuratereviews.com\/it\/wp-json\/wp\/v2\/comments?post=44158"}],"version-history":[{"count":11,"href":"https:\/\/www.accuratereviews.com\/it\/wp-json\/wp\/v2\/pages\/44158\/revisions"}],"predecessor-version":[{"id":44216,"href":"https:\/\/www.accuratereviews.com\/it\/wp-json\/wp\/v2\/pages\/44158\/revisions\/44216"}],"up":[{"embeddable":true,"href":"https:\/\/www.accuratereviews.com\/it\/wp-json\/wp\/v2\/pages\/44170"}],"wp:featuredmedia":[{"embeddable":true,"href":"https:\/\/www.accuratereviews.com\/it\/wp-json\/wp\/v2\/media\/44159"}],"wp:attachment":[{"href":"https:\/\/www.accuratereviews.com\/it\/wp-json\/wp\/v2\/media?parent=44158"}],"wp:term":[{"taxonomy":"category","embeddable":true,"href":"https:\/\/www.accuratereviews.com\/it\/wp-json\/wp\/v2\/categories?post=44158"},{"taxonomy":"post_tag","embeddable":true,"href":"https:\/\/www.accuratereviews.com\/it\/wp-json\/wp\/v2\/tags?post=44158"},{"taxonomy":"features","embeddable":true,"href":"https:\/\/www.accuratereviews.com\/it\/wp-json\/wp\/v2\/features?post=44158"}],"curies":[{"name":"wp","href":"https:\/\/api.w.org\/{rel}","templated":true}]}}