{"id":44205,"date":"2021-06-15T13:06:52","date_gmt":"2021-06-15T13:06:52","guid":{"rendered":"https:\/\/www.accuratereviews.com\/?page_id=44205"},"modified":"2021-06-15T13:06:52","modified_gmt":"2021-06-15T13:06:52","slug":"asset-panda-recensione","status":"publish","type":"page","link":"https:\/\/www.accuratereviews.com\/it\/software-gestione-strumenti\/asset-panda-recensione\/","title":{"rendered":"Asset Panda"},"content":{"rendered":"<p><strong>Asset Panda<\/strong> \u00e8 un<strong> software per la gestione degli strumenti e dei device<\/strong> che ti permette di monitorare le risorse, migliorando cos\u00ec le prestazioni aziendali e l&#8217;efficienza lavorativa. Si tratta di una piattaforma flessibile, intuitiva e altamente configurabile e personalizzabile al modo in cui ognuno gestisce le proprie apparecchiature. Oltre a essere accessibile a tutti, un altro vantaggio di <strong>Asset Panda<\/strong> \u00e8 sicuramente il potenziale di risparmio che si ottiene utilizzandolo: il cliente medio vede un ROI dell&#8217;800% di tempo risparmiato.<br \/>\nGrazie a questo <strong>programma di gestione degli strumenti<\/strong>, potrai tenere traccia di qualsiasi cosa, vedere le cronologie complete delle azioni, le informazioni sulla garanzia, i manuali dell&#8217;utente, le foto e molto altro ancora.<\/p>\n<h2>ASSET PANDA &#8211; TUTORIAL<\/h2>\n<p>Ecco come funziona:<\/p>\n<div id=\"fluid-wrapper-counter-1\" class=\"g1-fluid-wrapper \" style=\"width:686px;\">\n<div style=\"padding-bottom:56.268221574344%;\"><iframe loading=\"lazy\" title=\"Importing Assets - Asset Panda Tutorial\" width=\"686\" height=\"386\" src=\"https:\/\/www.youtube.com\/embed\/7gQ3HWHxEeQ?feature=oembed&amp;wmode=transparent&amp;autohide=1&amp;autoplay=0&amp;disablekb=0&amp;fs=1&amp;loop=0&amp;enablejsapi=1&amp;rel=0&amp;controls=2&amp;showinfo=0&amp;wmode=transparent&amp;autohide=2&amp;autoplay=0&amp;disablekb=0&amp;fs=1&amp;loop=0&amp;enablejsapi=1&amp;rel=0&amp;controls=2&amp;showinfo=1\" frameborder=\"0\" allow=\"accelerometer; autoplay; clipboard-write; encrypted-media; gyroscope; picture-in-picture\" allowfullscreen><\/iframe><\/div>\n<\/div>\n<h3>ASSET PANDA &#8211; CARATTERISTICHE<\/h3>\n<ul>\n<li><strong>Gestisci le risorse da qualsiasi luogo<\/strong>: aggiungi all&#8217;app mobile i dispositivi Android o iOS che gi\u00e0 utilizzi ogni giorno<\/li>\n<li><strong>Supporta i tuoi flussi di lavoro<\/strong>: migliora i tuoi flussi di lavoro con azioni personalizzate per aggiornamenti e gestione delle risorse pi\u00f9 rapidi e facili<\/li>\n<li><strong>Parla la lingua della tua organizzazione<\/strong>: crea campi personalizzati che mettano i tuoi dati nella tua lingua, rendendo pi\u00f9 facile per tutti salire a bordo e mostrandoti solo ci\u00f2 che \u00e8 necessario<\/li>\n<li><strong>Consolidare la cronologia delle risorse<\/strong>: gli audit trail completi forniscono una maggiore responsabilit\u00e0 e previsione per ogni risorsa<\/li>\n<li><strong>Fornisci notifiche personalizzate<\/strong>: tutti vengono informati automaticamente per una migliore efficienza e pianificazione<\/li>\n<li><strong>Abilita l&#8217;accesso basato sui ruoli<\/strong>: ottieni una maggiore sicurezza dei dati e una semplice onboarding per ogni funzione lavorativa nella tua organizzazione<\/li>\n<li><strong>Mostra allegati a livello di record<\/strong>: ottieni un&#8217;identificazione pi\u00f9 rapida delle risorse, un accesso pi\u00f9 semplice ai dati delle risorse vitali e un migliore self-service dei dipendenti<\/li>\n<li><strong>Usa lo scanner di codici a barre integrato<\/strong>: non avrai pi\u00f9 bisogno di costose e ingombranti apparecchiature di scansione di codici a barre incompatibili con altri dispositivi.<\/li>\n<\/ul>\n<h4>LE RECENSIONI DEGLI UTENTI<\/h4>\n<p><strong>Keith A. &#8220;Recensione&#8221;<\/strong><br \/>\nCOMMENTI: Asset panda \u00e8 stato finalmente in grado di risolvere l&#8217;incapacit\u00e0 dei nostri team di mantenere aggiornato il nostro inventario. La vittoria pi\u00f9 grande \u00e8 stata la possibilit\u00e0 di utilizzare i nostri telefoni cellulari per aggiornare l&#8217;inventario al volo. Il nostro vecchio sistema richiedeva l&#8217;utilizzo di un dispositivo speciale per leggere i tag delle risorse.<br \/>\nPRO: la mia caratteristica preferita di questo software \u00e8 quanto sia facile recuperare le informazioni di cui hai bisogno da qualsiasi dispositivo. L&#8217;app funziona molto bene!<br \/>\nCONTRO: la parte meno preferita del software \u00e8 l&#8217;aspetto e il design. \u00c8 un po&#8217; datato rispetto ad altri sistemi di inventario.<\/p>\n<p><strong>Angie L. &#8220;Scelta eccellente&#8221;<\/strong><br \/>\nPRO: apprezzo la possibilit\u00e0 di personalizzare completamente il prodotto in base alle esigenze di gestione patrimoniale della nostra azienda senza costi aggiuntivi. Si \u00e8 adattato facilmente alle nostre esigenze in continua evoluzione<br \/>\nCONTRO: vorrei poterlo integrare con il nostro software NetSuite per popolare automaticamente i dati di inventario.<\/p>\n<p><strong>Lloyd B. &#8220;Risparmia tempo e denaro e acquista questo software&#8221;<\/strong><br \/>\nCOMMENTI: ho molti dispositivi in \u200b\u200btutto il mondo, questo prodotto mi aiuta a tenere traccia di ci\u00f2 che ho, dove si trova e cosa c&#8217;\u00e8 sui dispositivi.<br \/>\nPRO: prezzo, facilit\u00e0 d&#8217;uso, formazione e funzionalit\u00e0. AssetPanda ha fatto risparmiare me e il mio team tempo e denaro dalla ricerca di altri software di gestione delle risorse e dalla creazione interna del nostro software. Avevamo bisogno di un software che potesse facilmente tracciare dove si trovano le nostre risorse e registrare i dettagli, nonch\u00e9 effettuare il check-out\/in. Tutto questo \u00e8 offerto in un&#8217;interfaccia utente semplice e ad un prezzo basso.<br \/>\nCONTRO: le cose che mi sono piaciute di meno le ho comunicate al loro supporto clienti e alla fine hanno fornito una soluzione. Quindi in questo momento non ho nulla in cima alla lista, tranne forse alcune integrazioni con Single sign on o pi\u00f9 gestione degli utenti.<\/p>\n","protected":false},"excerpt":{"rendered":"<p>Asset Panda \u00e8 un software per la gestione degli strumenti e dei device che ti permette di monitorare le risorse, migliorando cos\u00ec le prestazioni aziendali e l&#8217;efficienza lavorativa. Si tratta di una piattaforma flessibile, intuitiva e altamente configurabile e personalizzabile al modo in cui ognuno gestisce le proprie apparecchiature.<\/p>\n","protected":false},"author":17,"featured_media":44206,"parent":44170,"menu_order":0,"comment_status":"open","ping_status":"closed","template":"g1_template_page_review_new.php","meta":{"_acf_changed":false,"cwp_meta_box_check":"No","cwp_rev_product_name":"","cwp_rev_product_image":"","wppr_links":[],"cwp_rev_price":"","wppr_options":[],"wppr_pros":[],"wppr_cons":[],"_monsterinsights_skip_tracking":false,"_monsterinsights_sitenote_active":false,"_monsterinsights_sitenote_note":"","_monsterinsights_sitenote_category":0,"footnotes":""},"categories":[6265],"tags":[6266,6268,6273,6272,6269,6271],"features":[],"class_list":{"0":"post-44205","1":"page","2":"type-page","3":"status-publish","4":"has-post-thumbnail","6":"category-software-gestione-strumenti-cat","7":"tag-gestione-strumenti","8":"tag-gestione-strumenti-e-device","9":"tag-piattaforma-gestionale-strumenti","10":"tag-programma-gestione-strumenti","11":"tag-software-gestione-strumenti","12":"tag-soluzione-gestione-strumenti"},"wppr_data":{"cwp_meta_box_check":"No"},"acf":[],"yoast_head":"<!-- This site is optimized with the Yoast SEO plugin v27.4 - https:\/\/yoast.com\/product\/yoast-seo-wordpress\/ -->\n<title>Asset Panda: recensione software gestione strumenti - Accurate Reviews<\/title>\n<meta name=\"description\" content=\"Asset Panda: recensione del software per la gestione degli strumenti e dei device che ti permette di monitorare le risorse.\" \/>\n<meta name=\"robots\" content=\"index, follow, max-snippet:-1, max-image-preview:large, max-video-preview:-1\" \/>\n<link rel=\"canonical\" href=\"https:\/\/www.accuratereviews.com\/it\/software-gestione-strumenti\/asset-panda-recensione\/\" \/>\n<meta property=\"og:locale\" content=\"it_IT\" \/>\n<meta property=\"og:type\" content=\"article\" \/>\n<meta property=\"og:title\" content=\"Asset Panda: recensione software gestione strumenti - Accurate Reviews\" \/>\n<meta property=\"og:description\" content=\"Asset Panda: recensione del software per la gestione degli strumenti e dei device che ti permette di monitorare le risorse.\" \/>\n<meta property=\"og:url\" content=\"https:\/\/www.accuratereviews.com\/it\/software-gestione-strumenti\/asset-panda-recensione\/\" \/>\n<meta property=\"og:site_name\" content=\"Accurate Reviews\" \/>\n<meta property=\"og:image\" content=\"https:\/\/www.accuratereviews.com\/wp-content\/uploads\/2021\/06\/00k3NvsvxGKf8cdETSknV3w-5..1569473838.jpg\" \/>\n\t<meta property=\"og:image:width\" content=\"810\" \/>\n\t<meta property=\"og:image:height\" content=\"456\" \/>\n\t<meta property=\"og:image:type\" content=\"image\/jpeg\" \/>\n<meta name=\"twitter:card\" content=\"summary_large_image\" \/>\n<meta name=\"twitter:label1\" content=\"Tempo di lettura stimato\" \/>\n\t<meta name=\"twitter:data1\" content=\"3 minuti\" \/>\n<script type=\"application\/ld+json\" class=\"yoast-schema-graph\">{\"@context\":\"https:\\\/\\\/schema.org\",\"@graph\":[{\"@type\":\"WebPage\",\"@id\":\"https:\\\/\\\/www.accuratereviews.com\\\/it\\\/software-gestione-strumenti\\\/asset-panda-recensione\\\/\",\"url\":\"https:\\\/\\\/www.accuratereviews.com\\\/it\\\/software-gestione-strumenti\\\/asset-panda-recensione\\\/\",\"name\":\"Asset Panda: recensione software gestione strumenti - Accurate Reviews\",\"isPartOf\":{\"@id\":\"https:\\\/\\\/www.accuratereviews.com\\\/it\\\/#website\"},\"primaryImageOfPage\":{\"@id\":\"https:\\\/\\\/www.accuratereviews.com\\\/it\\\/software-gestione-strumenti\\\/asset-panda-recensione\\\/#primaryimage\"},\"image\":{\"@id\":\"https:\\\/\\\/www.accuratereviews.com\\\/it\\\/software-gestione-strumenti\\\/asset-panda-recensione\\\/#primaryimage\"},\"thumbnailUrl\":\"https:\\\/\\\/www.accuratereviews.com\\\/wp-content\\\/uploads\\\/2021\\\/06\\\/00k3NvsvxGKf8cdETSknV3w-5..1569473838.jpg\",\"datePublished\":\"2021-06-15T13:06:52+00:00\",\"description\":\"Asset Panda: recensione del software per la gestione degli strumenti e dei device che ti permette di monitorare le risorse.\",\"breadcrumb\":{\"@id\":\"https:\\\/\\\/www.accuratereviews.com\\\/it\\\/software-gestione-strumenti\\\/asset-panda-recensione\\\/#breadcrumb\"},\"inLanguage\":\"it-IT\",\"potentialAction\":[{\"@type\":\"ReadAction\",\"target\":[\"https:\\\/\\\/www.accuratereviews.com\\\/it\\\/software-gestione-strumenti\\\/asset-panda-recensione\\\/\"]}]},{\"@type\":\"ImageObject\",\"inLanguage\":\"it-IT\",\"@id\":\"https:\\\/\\\/www.accuratereviews.com\\\/it\\\/software-gestione-strumenti\\\/asset-panda-recensione\\\/#primaryimage\",\"url\":\"https:\\\/\\\/www.accuratereviews.com\\\/wp-content\\\/uploads\\\/2021\\\/06\\\/00k3NvsvxGKf8cdETSknV3w-5..1569473838.jpg\",\"contentUrl\":\"https:\\\/\\\/www.accuratereviews.com\\\/wp-content\\\/uploads\\\/2021\\\/06\\\/00k3NvsvxGKf8cdETSknV3w-5..1569473838.jpg\",\"width\":810,\"height\":456},{\"@type\":\"BreadcrumbList\",\"@id\":\"https:\\\/\\\/www.accuratereviews.com\\\/it\\\/software-gestione-strumenti\\\/asset-panda-recensione\\\/#breadcrumb\",\"itemListElement\":[{\"@type\":\"ListItem\",\"position\":1,\"name\":\"Home\",\"item\":\"https:\\\/\\\/www.accuratereviews.com\\\/it\\\/\"},{\"@type\":\"ListItem\",\"position\":2,\"name\":\"Software per la gestione degli strumenti\",\"item\":\"https:\\\/\\\/www.accuratereviews.com\\\/it\\\/software-gestione-strumenti\\\/\"},{\"@type\":\"ListItem\",\"position\":3,\"name\":\"Asset Panda\"}]},{\"@type\":\"WebSite\",\"@id\":\"https:\\\/\\\/www.accuratereviews.com\\\/it\\\/#website\",\"url\":\"https:\\\/\\\/www.accuratereviews.com\\\/it\\\/\",\"name\":\"Accurate Reviews\",\"description\":\"\",\"potentialAction\":[{\"@type\":\"SearchAction\",\"target\":{\"@type\":\"EntryPoint\",\"urlTemplate\":\"https:\\\/\\\/www.accuratereviews.com\\\/it\\\/?s={search_term_string}\"},\"query-input\":{\"@type\":\"PropertyValueSpecification\",\"valueRequired\":true,\"valueName\":\"search_term_string\"}}],\"inLanguage\":\"it-IT\"}]}<\/script>\n<!-- \/ Yoast SEO plugin. -->","yoast_head_json":{"title":"Asset Panda: recensione software gestione strumenti - Accurate Reviews","description":"Asset Panda: recensione del software per la gestione degli strumenti e dei device che ti permette di monitorare le risorse.","robots":{"index":"index","follow":"follow","max-snippet":"max-snippet:-1","max-image-preview":"max-image-preview:large","max-video-preview":"max-video-preview:-1"},"canonical":"https:\/\/www.accuratereviews.com\/it\/software-gestione-strumenti\/asset-panda-recensione\/","og_locale":"it_IT","og_type":"article","og_title":"Asset Panda: recensione software gestione strumenti - Accurate Reviews","og_description":"Asset Panda: recensione del software per la gestione degli strumenti e dei device che ti permette di monitorare le risorse.","og_url":"https:\/\/www.accuratereviews.com\/it\/software-gestione-strumenti\/asset-panda-recensione\/","og_site_name":"Accurate Reviews","og_image":[{"width":810,"height":456,"url":"https:\/\/www.accuratereviews.com\/wp-content\/uploads\/2021\/06\/00k3NvsvxGKf8cdETSknV3w-5..1569473838.jpg","type":"image\/jpeg"}],"twitter_card":"summary_large_image","twitter_misc":{"Tempo di lettura stimato":"3 minuti"},"schema":{"@context":"https:\/\/schema.org","@graph":[{"@type":"WebPage","@id":"https:\/\/www.accuratereviews.com\/it\/software-gestione-strumenti\/asset-panda-recensione\/","url":"https:\/\/www.accuratereviews.com\/it\/software-gestione-strumenti\/asset-panda-recensione\/","name":"Asset Panda: recensione software gestione strumenti - Accurate Reviews","isPartOf":{"@id":"https:\/\/www.accuratereviews.com\/it\/#website"},"primaryImageOfPage":{"@id":"https:\/\/www.accuratereviews.com\/it\/software-gestione-strumenti\/asset-panda-recensione\/#primaryimage"},"image":{"@id":"https:\/\/www.accuratereviews.com\/it\/software-gestione-strumenti\/asset-panda-recensione\/#primaryimage"},"thumbnailUrl":"https:\/\/www.accuratereviews.com\/wp-content\/uploads\/2021\/06\/00k3NvsvxGKf8cdETSknV3w-5..1569473838.jpg","datePublished":"2021-06-15T13:06:52+00:00","description":"Asset Panda: recensione del software per la gestione degli strumenti e dei device che ti permette di monitorare le risorse.","breadcrumb":{"@id":"https:\/\/www.accuratereviews.com\/it\/software-gestione-strumenti\/asset-panda-recensione\/#breadcrumb"},"inLanguage":"it-IT","potentialAction":[{"@type":"ReadAction","target":["https:\/\/www.accuratereviews.com\/it\/software-gestione-strumenti\/asset-panda-recensione\/"]}]},{"@type":"ImageObject","inLanguage":"it-IT","@id":"https:\/\/www.accuratereviews.com\/it\/software-gestione-strumenti\/asset-panda-recensione\/#primaryimage","url":"https:\/\/www.accuratereviews.com\/wp-content\/uploads\/2021\/06\/00k3NvsvxGKf8cdETSknV3w-5..1569473838.jpg","contentUrl":"https:\/\/www.accuratereviews.com\/wp-content\/uploads\/2021\/06\/00k3NvsvxGKf8cdETSknV3w-5..1569473838.jpg","width":810,"height":456},{"@type":"BreadcrumbList","@id":"https:\/\/www.accuratereviews.com\/it\/software-gestione-strumenti\/asset-panda-recensione\/#breadcrumb","itemListElement":[{"@type":"ListItem","position":1,"name":"Home","item":"https:\/\/www.accuratereviews.com\/it\/"},{"@type":"ListItem","position":2,"name":"Software per la gestione degli strumenti","item":"https:\/\/www.accuratereviews.com\/it\/software-gestione-strumenti\/"},{"@type":"ListItem","position":3,"name":"Asset Panda"}]},{"@type":"WebSite","@id":"https:\/\/www.accuratereviews.com\/it\/#website","url":"https:\/\/www.accuratereviews.com\/it\/","name":"Accurate Reviews","description":"","potentialAction":[{"@type":"SearchAction","target":{"@type":"EntryPoint","urlTemplate":"https:\/\/www.accuratereviews.com\/it\/?s={search_term_string}"},"query-input":{"@type":"PropertyValueSpecification","valueRequired":true,"valueName":"search_term_string"}}],"inLanguage":"it-IT"}]}},"_links":{"self":[{"href":"https:\/\/www.accuratereviews.com\/it\/wp-json\/wp\/v2\/pages\/44205","targetHints":{"allow":["GET"]}}],"collection":[{"href":"https:\/\/www.accuratereviews.com\/it\/wp-json\/wp\/v2\/pages"}],"about":[{"href":"https:\/\/www.accuratereviews.com\/it\/wp-json\/wp\/v2\/types\/page"}],"author":[{"embeddable":true,"href":"https:\/\/www.accuratereviews.com\/it\/wp-json\/wp\/v2\/users\/17"}],"replies":[{"embeddable":true,"href":"https:\/\/www.accuratereviews.com\/it\/wp-json\/wp\/v2\/comments?post=44205"}],"version-history":[{"count":2,"href":"https:\/\/www.accuratereviews.com\/it\/wp-json\/wp\/v2\/pages\/44205\/revisions"}],"predecessor-version":[{"id":44214,"href":"https:\/\/www.accuratereviews.com\/it\/wp-json\/wp\/v2\/pages\/44205\/revisions\/44214"}],"up":[{"embeddable":true,"href":"https:\/\/www.accuratereviews.com\/it\/wp-json\/wp\/v2\/pages\/44170"}],"wp:featuredmedia":[{"embeddable":true,"href":"https:\/\/www.accuratereviews.com\/it\/wp-json\/wp\/v2\/media\/44206"}],"wp:attachment":[{"href":"https:\/\/www.accuratereviews.com\/it\/wp-json\/wp\/v2\/media?parent=44205"}],"wp:term":[{"taxonomy":"category","embeddable":true,"href":"https:\/\/www.accuratereviews.com\/it\/wp-json\/wp\/v2\/categories?post=44205"},{"taxonomy":"post_tag","embeddable":true,"href":"https:\/\/www.accuratereviews.com\/it\/wp-json\/wp\/v2\/tags?post=44205"},{"taxonomy":"features","embeddable":true,"href":"https:\/\/www.accuratereviews.com\/it\/wp-json\/wp\/v2\/features?post=44205"}],"curies":[{"name":"wp","href":"https:\/\/api.w.org\/{rel}","templated":true}]}}