{"id":44226,"date":"2021-06-16T11:25:49","date_gmt":"2021-06-16T11:25:49","guid":{"rendered":"https:\/\/www.accuratereviews.com\/?page_id=44226"},"modified":"2021-06-16T11:25:49","modified_gmt":"2021-06-16T11:25:49","slug":"fiix-recensione","status":"publish","type":"page","link":"https:\/\/www.accuratereviews.com\/it\/software-gestione-strumenti\/fiix-recensione\/","title":{"rendered":"Fiix"},"content":{"rendered":"<p><strong>Fiix<\/strong>\u00a0combina <strong>strumenti di gestione di risorse <\/strong>e ordini di lavoro con funzionalit\u00e0 <strong>cloud<\/strong> e mobili ad alta potenza, la rete di integrazione pi\u00f9 aperta e approfondimenti basati sull&#8217;intelligenza artificiale. Ottieni una visione completa del lavoro, delle parti, dei costi, delle pianificazioni e dei KPI. Questo\u00a0CMMS ti aiuta a gestire pi\u00f9 aziende, divisioni, strutture o sedi da un database centrale. Accedi a <strong>Fiix<\/strong> con un&#8217;applicazione web o un&#8217;app mobile nativa progettata per dispositivi Android e iOS. Crea, gestisci, traccia e assegna ordini di lavoro illimitati e ricevi notifiche quando un ordine di lavoro viene assegnato o completato. Gestisci elenchi di cose da fare allegando immagini, video e file agli ordini di lavoro, visualizzando istruzioni dettagliate e tenendo traccia del tempo impiegato e delle parti utilizzate. Gli ordini di lavoro di manutenzione preventiva possono essere creati automaticamente da ora, data, contatore o trigger basati sulle condizioni<\/p>\n<h2>FIIX &#8211; TUTORIAL<\/h2>\n<p>Ecco un tutorial che mostra la robustezza e la potenza di questo <strong>software di gestione degli strumenti<\/strong>:<\/p>\n<div id=\"fluid-wrapper-counter-1\" class=\"g1-fluid-wrapper \" style=\"width:686px;\">\n<div style=\"padding-bottom:56.268221574344%;\"><iframe loading=\"lazy\" title=\"Building the asset hierarchy\" width=\"686\" height=\"386\" src=\"https:\/\/www.youtube.com\/embed\/CRnoEaxJzSk?list=PL0EkwbdqNxqMhBb3LPba3VGpqsbrPgWBq\" frameborder=\"0\" allow=\"accelerometer; autoplay; clipboard-write; encrypted-media; gyroscope; picture-in-picture\" allowfullscreen><\/iframe><\/div>\n<\/div>\n<h3>FIIX &#8211; CARATTERISTICHE<\/h3>\n<ul>\n<li><span style=\"font-size: 16px;\"><strong>Gestione delle risorse<\/strong>: t<\/span><span style=\"font-size: 16px;\">raccia, controlla e ottimizza le prestazioni delle risorse<\/span><\/li>\n<li><strong>Ottieni una visione completa della manutenzione su pi\u00f9 siti<\/strong>: organizza utenti, risorse, inventario, acquisti e attivit\u00e0 in base alla posizione. Pianifica e attiva il lavoro in base al fuso orario e ottieni aggiornamenti in tempo reale e KPI da ogni sito<\/li>\n<li><strong>Crea SOP con una frazione dello sforzo<\/strong>: raggruppa risorse simili in categorie personalizzate in modo da dover pianificare, assegnare e tenere traccia delle attivit\u00e0 e dei rapporti una sola volta<\/li>\n<li><strong>Gestione degli ordini di lavoro<\/strong>: semplifica il modo in cui crei, completi e registri il lavoro<\/li>\n<li><strong>Integrazioni<\/strong>: collega il tuo CMMS e condividi i dati su qualsiasi sistema<\/li>\n<li><strong>Segnalazione<\/strong>: raccogli, analizza e agisci sui dati di manutenzione<\/li>\n<li><strong>Gestione ricambi e forniture<\/strong>: assicurati di avere le parti giuste al momento giusto<\/li>\n<li><strong>AI per la manutenzione<\/strong>: analizza i tuoi dati, trova le tendenze e agisci rapidamente su di esse<\/li>\n<li><strong>Mantieni tutti sulla stessa pagina<\/strong>: crea dashboard condivise con gli utenti in modo da assicurarti che tutto il tuo team visualizzi le stesse metriche e lavori per gli stessi obiettivi.<\/li>\n<\/ul>\n<h4>LE RECENSIONI DEGLI UTENTI<\/h4>\n<p class=\"font-weight-bold mb-1 d-flex align-items-center\"><strong>James A.&#8221;Risolto il problema con la nostra organizzazione di manutenzione&#8221;<\/strong><\/p>\n<p><strong>Pro: <\/strong>Fiix \u00e8 un pacchetto incredibile per le aziende che cercano un CMMS flessibile. Il sistema degli ordini di lavoro e la sua flessibilit\u00e0 nel programmare i biglietti per macchine, risorse o progetti \u00e8 molto utile nella nostra organizzazione. Abbiamo un reparto di manutenzione pi\u00f9 piccolo, quindi mescoliamo le nostre attivit\u00e0 sia con tecnici interni che a contratto. Il sistema degli ordini di lavoro ci consente di assegnare un ticket aperto a un progetto che pu\u00f2 quindi essere tracciato e chiuso dopo che il fornitore ha completato il lavoro.<\/p>\n<p><strong>Contro: <\/strong>Quando si tratta di un aspetto negativo di questo software, non ne ho ancora trovato uno. Il servizio clienti e la flessibilit\u00e0 hanno reso molto facile la transizione. Se dovessi indicare una cosa sarebbe che potremmo riutilizzare alcuni dei nostri nomi di campo dal vecchio database, ma questo \u00e8 stato facilmente superato da un ottimo on-boarding.<\/p>\n<p class=\"font-weight-bold mb-1 d-flex align-items-center\"><strong>William H.&#8221;Recensione Fiix&#8221;<\/strong><\/p>\n<p><strong>Commenti: <\/strong>L&#8217;ottima esperienza nell&#8217;uso di Fiix genera report molto chiari e di facile comprensione sul carico di lavoro svolto dal mio team.<\/p>\n<p><strong>Pro: <\/strong>Molto facile da usare e da capire. Rende la tracciabilit\u00e0 degli ordini e dei registri molto chiara e di facile accesso<\/p>\n<p><strong>Contro: <\/strong>Non mi piace quando lasci il computer per qualche minuto e Fiix ti disconnette. Devo sempre accedere nuovamente, il che pu\u00f2 diventare fastidioso ma nel complesso molto buono.<\/p>\n<p class=\"font-weight-bold mb-1 d-flex align-items-center\"><strong>Sheldon I.&#8221;Configurazione semplice&#8221;<\/strong><\/p>\n<p><strong>Commenti: <\/strong>Nel complesso Fiix fa ci\u00f2 che richiediamo da un CMMS e i nostri revisori sono felici di vedere come stiamo usando il sistema per tenere traccia delle attivit\u00e0 di manutenzione,<\/p>\n<p><strong>Pro: <\/strong>L&#8217;installazione del sistema \u00e8 stata semplice e intuitiva. Il software ha buone caratteristiche tra cui report pre-impostati che possono essere eseguiti &#8220;cos\u00ec come sono&#8221; o modificati in base alle proprie esigenze.<\/p>\n<p><strong>Contro: <\/strong>Il layout dell&#8217;Ordine di Lavoro stampato potrebbe essere migliorato rendendolo pi\u00f9 personalizzabile. \u00c8 possibile mostrare o nascondere diverse sezioni ma mi piacerebbe avere pi\u00f9 opzioni per migliorare il layout per essere pi\u00f9 funzionale ed esteticamente gradevole<\/p>\n<p>&nbsp;<\/p>\n","protected":false},"excerpt":{"rendered":"<p>Fiix\u00a0combina strumenti di gestione di risorse e ordini di lavoro con funzionalit\u00e0 cloud e mobili ad alta potenza, la rete di integrazione pi\u00f9 aperta e approfondimenti basati sull&#8217;intelligenza artificiale. Ottieni una visione completa del lavoro, delle parti, dei costi, delle pianificazioni e dei KPI. Questo\u00a0CMMS ti aiuta a gestire pi\u00f9 aziende, divisioni, strutture o sedi da un database centrale.<\/p>\n","protected":false},"author":16,"featured_media":44227,"parent":44170,"menu_order":0,"comment_status":"open","ping_status":"closed","template":"g1_template_page_review_new.php","meta":{"_acf_changed":false,"cwp_meta_box_check":"Yes","cwp_rev_product_name":"","cwp_rev_product_image":"","wppr_links":[],"cwp_rev_price":"","wppr_options":[],"wppr_pros":[],"wppr_cons":[],"_monsterinsights_skip_tracking":false,"_monsterinsights_sitenote_active":false,"_monsterinsights_sitenote_note":"","_monsterinsights_sitenote_category":0,"footnotes":""},"categories":[6265],"tags":[396,6310,6273,6309,6307,6308],"features":[],"class_list":{"0":"post-44226","1":"page","2":"type-page","3":"status-publish","4":"has-post-thumbnail","6":"category-software-gestione-strumenti-cat","7":"tag-cloud","8":"tag-fiix","9":"tag-piattaforma-gestionale-strumenti","10":"tag-programma-gestionale-strumenti","11":"tag-software-gestionale-strumenti","12":"tag-soluzione-gestionale-strumenti"},"wppr_data":{"cwp_meta_box_check":"Yes","cwp_rev_product_name":"","cwp_rev_product_image":"","cwp_image_link":"image","cwp_rev_price":"","wppr_rating":"0.00"},"acf":[],"yoast_head":"<!-- This site is optimized with the Yoast SEO plugin v27.4 - https:\/\/yoast.com\/product\/yoast-seo-wordpress\/ -->\n<title>Fiix: recensione software gestione strumenti - Accurate Reviews<\/title>\n<meta name=\"description\" content=\"Fiix: recensione software che\u00a0combina strumenti di gestione di risorse e ordini di lavoro con funzionalit\u00e0 cloud e mobili ad alta potenza.\" \/>\n<meta name=\"robots\" content=\"index, follow, max-snippet:-1, max-image-preview:large, max-video-preview:-1\" \/>\n<link rel=\"canonical\" href=\"https:\/\/www.accuratereviews.com\/it\/software-gestione-strumenti\/fiix-recensione\/\" \/>\n<meta property=\"og:locale\" content=\"it_IT\" \/>\n<meta property=\"og:type\" content=\"article\" \/>\n<meta property=\"og:title\" content=\"Fiix: recensione software gestione strumenti - Accurate Reviews\" \/>\n<meta property=\"og:description\" content=\"Fiix: recensione software che\u00a0combina strumenti di gestione di risorse e ordini di lavoro con funzionalit\u00e0 cloud e mobili ad alta potenza.\" \/>\n<meta property=\"og:url\" content=\"https:\/\/www.accuratereviews.com\/it\/software-gestione-strumenti\/fiix-recensione\/\" \/>\n<meta property=\"og:site_name\" content=\"Accurate Reviews\" \/>\n<meta property=\"og:image\" content=\"https:\/\/www.accuratereviews.com\/wp-content\/uploads\/2021\/06\/fiix.jpeg\" \/>\n\t<meta property=\"og:image:width\" content=\"200\" \/>\n\t<meta property=\"og:image:height\" content=\"200\" \/>\n\t<meta property=\"og:image:type\" content=\"image\/jpeg\" \/>\n<meta name=\"twitter:card\" content=\"summary_large_image\" \/>\n<meta name=\"twitter:label1\" content=\"Tempo di lettura stimato\" \/>\n\t<meta name=\"twitter:data1\" content=\"4 minuti\" \/>\n<script type=\"application\/ld+json\" class=\"yoast-schema-graph\">{\"@context\":\"https:\\\/\\\/schema.org\",\"@graph\":[{\"@type\":\"WebPage\",\"@id\":\"https:\\\/\\\/www.accuratereviews.com\\\/it\\\/software-gestione-strumenti\\\/fiix-recensione\\\/\",\"url\":\"https:\\\/\\\/www.accuratereviews.com\\\/it\\\/software-gestione-strumenti\\\/fiix-recensione\\\/\",\"name\":\"Fiix: recensione software gestione strumenti - Accurate Reviews\",\"isPartOf\":{\"@id\":\"https:\\\/\\\/www.accuratereviews.com\\\/it\\\/#website\"},\"primaryImageOfPage\":{\"@id\":\"https:\\\/\\\/www.accuratereviews.com\\\/it\\\/software-gestione-strumenti\\\/fiix-recensione\\\/#primaryimage\"},\"image\":{\"@id\":\"https:\\\/\\\/www.accuratereviews.com\\\/it\\\/software-gestione-strumenti\\\/fiix-recensione\\\/#primaryimage\"},\"thumbnailUrl\":\"https:\\\/\\\/www.accuratereviews.com\\\/wp-content\\\/uploads\\\/2021\\\/06\\\/fiix.jpeg\",\"datePublished\":\"2021-06-16T11:25:49+00:00\",\"description\":\"Fiix: recensione software che\u00a0combina strumenti di gestione di risorse e ordini di lavoro con funzionalit\u00e0 cloud e mobili ad alta potenza.\",\"breadcrumb\":{\"@id\":\"https:\\\/\\\/www.accuratereviews.com\\\/it\\\/software-gestione-strumenti\\\/fiix-recensione\\\/#breadcrumb\"},\"inLanguage\":\"it-IT\",\"potentialAction\":[{\"@type\":\"ReadAction\",\"target\":[\"https:\\\/\\\/www.accuratereviews.com\\\/it\\\/software-gestione-strumenti\\\/fiix-recensione\\\/\"]}]},{\"@type\":\"ImageObject\",\"inLanguage\":\"it-IT\",\"@id\":\"https:\\\/\\\/www.accuratereviews.com\\\/it\\\/software-gestione-strumenti\\\/fiix-recensione\\\/#primaryimage\",\"url\":\"https:\\\/\\\/www.accuratereviews.com\\\/wp-content\\\/uploads\\\/2021\\\/06\\\/fiix.jpeg\",\"contentUrl\":\"https:\\\/\\\/www.accuratereviews.com\\\/wp-content\\\/uploads\\\/2021\\\/06\\\/fiix.jpeg\",\"width\":200,\"height\":200},{\"@type\":\"BreadcrumbList\",\"@id\":\"https:\\\/\\\/www.accuratereviews.com\\\/it\\\/software-gestione-strumenti\\\/fiix-recensione\\\/#breadcrumb\",\"itemListElement\":[{\"@type\":\"ListItem\",\"position\":1,\"name\":\"Home\",\"item\":\"https:\\\/\\\/www.accuratereviews.com\\\/it\\\/\"},{\"@type\":\"ListItem\",\"position\":2,\"name\":\"Software per la gestione degli strumenti\",\"item\":\"https:\\\/\\\/www.accuratereviews.com\\\/it\\\/software-gestione-strumenti\\\/\"},{\"@type\":\"ListItem\",\"position\":3,\"name\":\"Fiix\"}]},{\"@type\":\"WebSite\",\"@id\":\"https:\\\/\\\/www.accuratereviews.com\\\/it\\\/#website\",\"url\":\"https:\\\/\\\/www.accuratereviews.com\\\/it\\\/\",\"name\":\"Accurate Reviews\",\"description\":\"\",\"potentialAction\":[{\"@type\":\"SearchAction\",\"target\":{\"@type\":\"EntryPoint\",\"urlTemplate\":\"https:\\\/\\\/www.accuratereviews.com\\\/it\\\/?s={search_term_string}\"},\"query-input\":{\"@type\":\"PropertyValueSpecification\",\"valueRequired\":true,\"valueName\":\"search_term_string\"}}],\"inLanguage\":\"it-IT\"}]}<\/script>\n<!-- \/ Yoast SEO plugin. -->","yoast_head_json":{"title":"Fiix: recensione software gestione strumenti - Accurate Reviews","description":"Fiix: recensione software che\u00a0combina strumenti di gestione di risorse e ordini di lavoro con funzionalit\u00e0 cloud e mobili ad alta potenza.","robots":{"index":"index","follow":"follow","max-snippet":"max-snippet:-1","max-image-preview":"max-image-preview:large","max-video-preview":"max-video-preview:-1"},"canonical":"https:\/\/www.accuratereviews.com\/it\/software-gestione-strumenti\/fiix-recensione\/","og_locale":"it_IT","og_type":"article","og_title":"Fiix: recensione software gestione strumenti - Accurate Reviews","og_description":"Fiix: recensione software che\u00a0combina strumenti di gestione di risorse e ordini di lavoro con funzionalit\u00e0 cloud e mobili ad alta potenza.","og_url":"https:\/\/www.accuratereviews.com\/it\/software-gestione-strumenti\/fiix-recensione\/","og_site_name":"Accurate Reviews","og_image":[{"width":200,"height":200,"url":"https:\/\/www.accuratereviews.com\/wp-content\/uploads\/2021\/06\/fiix.jpeg","type":"image\/jpeg"}],"twitter_card":"summary_large_image","twitter_misc":{"Tempo di lettura stimato":"4 minuti"},"schema":{"@context":"https:\/\/schema.org","@graph":[{"@type":"WebPage","@id":"https:\/\/www.accuratereviews.com\/it\/software-gestione-strumenti\/fiix-recensione\/","url":"https:\/\/www.accuratereviews.com\/it\/software-gestione-strumenti\/fiix-recensione\/","name":"Fiix: recensione software gestione strumenti - Accurate Reviews","isPartOf":{"@id":"https:\/\/www.accuratereviews.com\/it\/#website"},"primaryImageOfPage":{"@id":"https:\/\/www.accuratereviews.com\/it\/software-gestione-strumenti\/fiix-recensione\/#primaryimage"},"image":{"@id":"https:\/\/www.accuratereviews.com\/it\/software-gestione-strumenti\/fiix-recensione\/#primaryimage"},"thumbnailUrl":"https:\/\/www.accuratereviews.com\/wp-content\/uploads\/2021\/06\/fiix.jpeg","datePublished":"2021-06-16T11:25:49+00:00","description":"Fiix: recensione software che\u00a0combina strumenti di gestione di risorse e ordini di lavoro con funzionalit\u00e0 cloud e mobili ad alta potenza.","breadcrumb":{"@id":"https:\/\/www.accuratereviews.com\/it\/software-gestione-strumenti\/fiix-recensione\/#breadcrumb"},"inLanguage":"it-IT","potentialAction":[{"@type":"ReadAction","target":["https:\/\/www.accuratereviews.com\/it\/software-gestione-strumenti\/fiix-recensione\/"]}]},{"@type":"ImageObject","inLanguage":"it-IT","@id":"https:\/\/www.accuratereviews.com\/it\/software-gestione-strumenti\/fiix-recensione\/#primaryimage","url":"https:\/\/www.accuratereviews.com\/wp-content\/uploads\/2021\/06\/fiix.jpeg","contentUrl":"https:\/\/www.accuratereviews.com\/wp-content\/uploads\/2021\/06\/fiix.jpeg","width":200,"height":200},{"@type":"BreadcrumbList","@id":"https:\/\/www.accuratereviews.com\/it\/software-gestione-strumenti\/fiix-recensione\/#breadcrumb","itemListElement":[{"@type":"ListItem","position":1,"name":"Home","item":"https:\/\/www.accuratereviews.com\/it\/"},{"@type":"ListItem","position":2,"name":"Software per la gestione degli strumenti","item":"https:\/\/www.accuratereviews.com\/it\/software-gestione-strumenti\/"},{"@type":"ListItem","position":3,"name":"Fiix"}]},{"@type":"WebSite","@id":"https:\/\/www.accuratereviews.com\/it\/#website","url":"https:\/\/www.accuratereviews.com\/it\/","name":"Accurate Reviews","description":"","potentialAction":[{"@type":"SearchAction","target":{"@type":"EntryPoint","urlTemplate":"https:\/\/www.accuratereviews.com\/it\/?s={search_term_string}"},"query-input":{"@type":"PropertyValueSpecification","valueRequired":true,"valueName":"search_term_string"}}],"inLanguage":"it-IT"}]}},"_links":{"self":[{"href":"https:\/\/www.accuratereviews.com\/it\/wp-json\/wp\/v2\/pages\/44226","targetHints":{"allow":["GET"]}}],"collection":[{"href":"https:\/\/www.accuratereviews.com\/it\/wp-json\/wp\/v2\/pages"}],"about":[{"href":"https:\/\/www.accuratereviews.com\/it\/wp-json\/wp\/v2\/types\/page"}],"author":[{"embeddable":true,"href":"https:\/\/www.accuratereviews.com\/it\/wp-json\/wp\/v2\/users\/16"}],"replies":[{"embeddable":true,"href":"https:\/\/www.accuratereviews.com\/it\/wp-json\/wp\/v2\/comments?post=44226"}],"version-history":[{"count":9,"href":"https:\/\/www.accuratereviews.com\/it\/wp-json\/wp\/v2\/pages\/44226\/revisions"}],"predecessor-version":[{"id":44283,"href":"https:\/\/www.accuratereviews.com\/it\/wp-json\/wp\/v2\/pages\/44226\/revisions\/44283"}],"up":[{"embeddable":true,"href":"https:\/\/www.accuratereviews.com\/it\/wp-json\/wp\/v2\/pages\/44170"}],"wp:featuredmedia":[{"embeddable":true,"href":"https:\/\/www.accuratereviews.com\/it\/wp-json\/wp\/v2\/media\/44227"}],"wp:attachment":[{"href":"https:\/\/www.accuratereviews.com\/it\/wp-json\/wp\/v2\/media?parent=44226"}],"wp:term":[{"taxonomy":"category","embeddable":true,"href":"https:\/\/www.accuratereviews.com\/it\/wp-json\/wp\/v2\/categories?post=44226"},{"taxonomy":"post_tag","embeddable":true,"href":"https:\/\/www.accuratereviews.com\/it\/wp-json\/wp\/v2\/tags?post=44226"},{"taxonomy":"features","embeddable":true,"href":"https:\/\/www.accuratereviews.com\/it\/wp-json\/wp\/v2\/features?post=44226"}],"curies":[{"name":"wp","href":"https:\/\/api.w.org\/{rel}","templated":true}]}}