{"id":44295,"date":"2021-06-17T10:30:48","date_gmt":"2021-06-17T10:30:48","guid":{"rendered":"https:\/\/www.accuratereviews.com\/?page_id=44295"},"modified":"2021-06-18T07:09:59","modified_gmt":"2021-06-18T07:09:59","slug":"gocodes-recensione","status":"publish","type":"page","link":"https:\/\/www.accuratereviews.com\/it\/software-gestione-strumenti\/gocodes-recensione\/","title":{"rendered":"GoCodes"},"content":{"rendered":"<p><strong>GoCodes<\/strong> \u00e8 un software per la <strong>gestione degli strumenti e dei device\u00a0<\/strong>che si concentra sull&#8217;aiutare l&#8217;utente a monitorare rapidamente le risorse e gestire l&#8217;inventario. Si tratta di una robusta soluzione di tracciamento che ti consente di <strong>controllare gli strumenti<\/strong> in entrata e in uscita e in movimento, sia dal tuo computer che dal tuo tablet e telefono.<br \/>\nOltre a sfruttare la potenza del cloud offre anche app per scanner, tag di codici QR brevettati, il tracciamento GPS, report personalizzati e molto altro ancora. <strong>GoCodes<\/strong> \u00e8 una piattaforma intuitiva che permette di garantire un migliore sistema di tracciamento delle risorse, pi\u00f9 semplice e pi\u00f9 conveniente.<\/p>\n<h2>GOCODES &#8211; TUTORIAL<\/h2>\n<p>Ecco un video che ci mostra come utilizzare questo <strong>programma gestionale degli strumenti<\/strong>:<\/p>\n<div id=\"fluid-wrapper-counter-1\" class=\"g1-fluid-wrapper \" style=\"width:686px;\">\n<div style=\"padding-bottom:56.268221574344%;\"><iframe loading=\"lazy\" title=\"Working with Your Assets and Customizing Your Account\" width=\"686\" height=\"386\" src=\"https:\/\/www.youtube.com\/embed\/y-kUeLAwngw?list=PLcQsP3qWAylmuBjjeJDy4Iizz76mmyOEX\" frameborder=\"0\" allow=\"accelerometer; autoplay; clipboard-write; encrypted-media; gyroscope; picture-in-picture\" allowfullscreen><\/iframe><\/div>\n<\/div>\n<h3>GOCODES &#8211; CARATTERISTICHE<\/h3>\n<ul>\n<li><strong>Facile da usare<\/strong>: la facilit\u00e0 d&#8217;uso \u00e8 fondamentale in questo processo di progettazione. Rende il completamento delle attivit\u00e0 comuni veloce e divertente<\/li>\n<li><strong>Tag inclusi<\/strong>: include tag codice QR brevettati, personalizzati in base alle specifiche del progetto, configurazione e pronti all&#8217;uso<\/li>\n<li><strong>Tracciamento GPS<\/strong>: traccia la posizione delle tue risorse mentre esegui la scansione dei tag del codice QR con il tuo smartphone. Quindi visualizza la loro posizione utilizzando Google Maps<\/li>\n<li><strong>Usa qualsiasi dispositivo<\/strong>: usa qualsiasi computer, smartphone o tablet. App mobili incluse<\/li>\n<li><strong>Include tag di codici QR brevettati<\/strong>\u00a0in modo da essere subito operativi<\/li>\n<li><strong>Identificazione sicura<\/strong>: ogni articolo riceve un ID univoco globale per tutta la vita. Elimina i duplicati e dimostra la propriet\u00e0<\/li>\n<li><strong>Tieni traccia delle quantit\u00e0 di consumo<\/strong>: scansiona il codice QR per &#8220;usare&#8221; e &#8220;rifornire&#8221; i materiali di consumo. Ricevi avvisi di quantit\u00e0 insufficiente<\/li>\n<li><strong>Cronologia completa degli audit<\/strong>: gestisci con sicurezza le tue risorse con la registrazione sicura della cronologia degli audit<\/li>\n<li><strong>Controlla rapidamente l&#8217;attrezzatura<\/strong>: \u00e8 sufficiente scansionare i tag del codice QR per controllare rapidamente l&#8217;attrezzatura. Ricevi i\u00a0 promemoria scaduti<\/li>\n<li><strong>Automatizza le richieste di assistenza sul campo<\/strong>: tieni traccia dei record di assistenza e pianifica le attivit\u00e0 di assistenza future. Imposta promemoria di servizio<\/li>\n<li><strong>Facilmente personalizzabile<\/strong>: aggiungi campi personalizzati, opzioni di menu a discesa, nascondi campi inutilizzati e molto altro<\/li>\n<li><strong>Crea report personalizzati<\/strong>: facili da usare e progettati con report integrati.<\/li>\n<\/ul>\n<h4>LE RECENSIONI DEGLI UTENTI<\/h4>\n<p><strong>Elizabeth L. &#8220;Ottimo prodotto ed esperienza&#8221;<\/strong><br \/>\nCOMMENTI: la prova gratuita \u00e8 stata utile e ci ha aiutato a decidere di andare avanti con l&#8217;acquisto dell&#8217;abbonamento.<br \/>\nPRO: facile aggiungere\/eliminare cose, prodotto molto intuitivo (facile da usare).<br \/>\nCONTRO: vorrei che le colonne personalizzate avessero un&#8217;opzione di tipo &#8220;paragrafo&#8221; in modo da avere un&#8217;altra area per prendere appunti sulla risorsa.<\/p>\n<p><strong>Eugene W. &#8220;Grazie&#8221;<\/strong><br \/>\nCOMMENTI: amiamo questa piattaforma e continueremo a usarla.<br \/>\nPRO: attualmente usiamo solo GoCodes per il monitoraggio delle risorse<br \/>\nCONTRO: l&#8217;app del telefono \u00e8 un po&#8217; carente. Non mostra tutto ci\u00f2 di cui abbiamo bisogno a colpo d&#8217;occhio.<\/p>\n<p><strong>Christopher R. &#8220;Grande problema vorrei che avesse qualche funzione in pi\u00f9 per filtrare effettivamente attraverso apparecchiature e simili&#8221;<\/strong><br \/>\nCOMMENTI: la responsabilit\u00e0 delle attrezzature \u00e8 molto importante per quello che facciamo. Ho scoperto che possiamo usarlo per qualsiasi cosa all&#8217;interno del nostro magazzino per tenere traccia e responsabilizzare le persone. Sono molto felice di questo.<br \/>\nPRO: &#8211; ottimo tracciamento GPS e localizzatore di mappe<br \/>\n&#8211; L&#8217;app \u00e8 fantastica e facile da usare<br \/>\n&#8211; Facile addestrare le persone all&#8217;uso del programma<br \/>\n&#8211; Efficace per il suo utilizzo.<br \/>\nCONTRO: i report che vengono prodotti sembrano un po&#8217; datati. Una versione migliore del rapporto o un modello migliore renderebbe molto pi\u00f9 facile la lettura.<br \/>\nFiltrare le apparecchiature non \u00e8 il massimo e necessita di una sorta di aggiornamento.<\/p>\n","protected":false},"excerpt":{"rendered":"<p>GoCodes \u00e8 un software per la gestione degli strumenti e dei device\u00a0che si concentra sull&#8217;aiutare l&#8217;utente a monitorare rapidamente le risorse e gestire l&#8217;inventario. Si tratta di una robusta soluzione di tracciamento che ti consente di controllare gli strumenti in entrata e in uscita e in movimento, sia dal tuo computer che dal tuo tablet e telefono.\u00a0<\/p>\n","protected":false},"author":17,"featured_media":44296,"parent":44170,"menu_order":0,"comment_status":"open","ping_status":"closed","template":"g1_template_page_review_new.php","meta":{"_acf_changed":false,"cwp_meta_box_check":"No","cwp_rev_product_name":"","cwp_rev_product_image":"","wppr_links":[],"cwp_rev_price":"","wppr_options":[],"wppr_pros":[],"wppr_cons":[],"_monsterinsights_skip_tracking":false,"_monsterinsights_sitenote_active":false,"_monsterinsights_sitenote_note":"","_monsterinsights_sitenote_category":0,"footnotes":""},"categories":[6265],"tags":[6266,6268,6273,6309,6307,6308],"features":[],"class_list":{"0":"post-44295","1":"page","2":"type-page","3":"status-publish","4":"has-post-thumbnail","6":"category-software-gestione-strumenti-cat","7":"tag-gestione-strumenti","8":"tag-gestione-strumenti-e-device","9":"tag-piattaforma-gestionale-strumenti","10":"tag-programma-gestionale-strumenti","11":"tag-software-gestionale-strumenti","12":"tag-soluzione-gestionale-strumenti"},"wppr_data":{"cwp_meta_box_check":"No"},"acf":[],"yoast_head":"<!-- This site is optimized with the Yoast SEO plugin v27.4 - https:\/\/yoast.com\/product\/yoast-seo-wordpress\/ -->\n<title>GoCodes: recensione software gestione strumenti - Accurate Reviews<\/title>\n<meta name=\"description\" content=\"GoCodes: recensione del software per la gestione degli strumenti che aiuta l&#039;utente a monitorare rapidamente risorse e gestire l&#039;inventario.\" \/>\n<meta name=\"robots\" content=\"index, follow, max-snippet:-1, max-image-preview:large, max-video-preview:-1\" \/>\n<link rel=\"canonical\" href=\"https:\/\/www.accuratereviews.com\/it\/software-gestione-strumenti\/gocodes-recensione\/\" \/>\n<meta property=\"og:locale\" content=\"it_IT\" \/>\n<meta property=\"og:type\" content=\"article\" \/>\n<meta property=\"og:title\" content=\"GoCodes: recensione software gestione strumenti - Accurate Reviews\" \/>\n<meta property=\"og:description\" content=\"GoCodes: recensione del software per la gestione degli strumenti che aiuta l&#039;utente a monitorare rapidamente risorse e gestire l&#039;inventario.\" \/>\n<meta property=\"og:url\" content=\"https:\/\/www.accuratereviews.com\/it\/software-gestione-strumenti\/gocodes-recensione\/\" \/>\n<meta property=\"og:site_name\" content=\"Accurate Reviews\" \/>\n<meta property=\"article:modified_time\" content=\"2021-06-18T07:09:59+00:00\" \/>\n<meta property=\"og:image\" content=\"https:\/\/www.accuratereviews.com\/wp-content\/uploads\/2021\/06\/06WOfWz0EzZdN0zVBuVqxdC-5..1569482060.jpg\" \/>\n\t<meta property=\"og:image:width\" content=\"810\" \/>\n\t<meta property=\"og:image:height\" content=\"456\" \/>\n\t<meta property=\"og:image:type\" content=\"image\/jpeg\" \/>\n<meta name=\"twitter:card\" content=\"summary_large_image\" \/>\n<meta name=\"twitter:label1\" content=\"Tempo di lettura stimato\" \/>\n\t<meta name=\"twitter:data1\" content=\"3 minuti\" \/>\n<script type=\"application\/ld+json\" class=\"yoast-schema-graph\">{\"@context\":\"https:\\\/\\\/schema.org\",\"@graph\":[{\"@type\":\"WebPage\",\"@id\":\"https:\\\/\\\/www.accuratereviews.com\\\/it\\\/software-gestione-strumenti\\\/gocodes-recensione\\\/\",\"url\":\"https:\\\/\\\/www.accuratereviews.com\\\/it\\\/software-gestione-strumenti\\\/gocodes-recensione\\\/\",\"name\":\"GoCodes: recensione software gestione strumenti - Accurate Reviews\",\"isPartOf\":{\"@id\":\"https:\\\/\\\/www.accuratereviews.com\\\/it\\\/#website\"},\"primaryImageOfPage\":{\"@id\":\"https:\\\/\\\/www.accuratereviews.com\\\/it\\\/software-gestione-strumenti\\\/gocodes-recensione\\\/#primaryimage\"},\"image\":{\"@id\":\"https:\\\/\\\/www.accuratereviews.com\\\/it\\\/software-gestione-strumenti\\\/gocodes-recensione\\\/#primaryimage\"},\"thumbnailUrl\":\"https:\\\/\\\/www.accuratereviews.com\\\/wp-content\\\/uploads\\\/2021\\\/06\\\/06WOfWz0EzZdN0zVBuVqxdC-5..1569482060.jpg\",\"datePublished\":\"2021-06-17T10:30:48+00:00\",\"dateModified\":\"2021-06-18T07:09:59+00:00\",\"description\":\"GoCodes: recensione del software per la gestione degli strumenti che aiuta l'utente a monitorare rapidamente risorse e gestire l'inventario.\",\"breadcrumb\":{\"@id\":\"https:\\\/\\\/www.accuratereviews.com\\\/it\\\/software-gestione-strumenti\\\/gocodes-recensione\\\/#breadcrumb\"},\"inLanguage\":\"it-IT\",\"potentialAction\":[{\"@type\":\"ReadAction\",\"target\":[\"https:\\\/\\\/www.accuratereviews.com\\\/it\\\/software-gestione-strumenti\\\/gocodes-recensione\\\/\"]}]},{\"@type\":\"ImageObject\",\"inLanguage\":\"it-IT\",\"@id\":\"https:\\\/\\\/www.accuratereviews.com\\\/it\\\/software-gestione-strumenti\\\/gocodes-recensione\\\/#primaryimage\",\"url\":\"https:\\\/\\\/www.accuratereviews.com\\\/wp-content\\\/uploads\\\/2021\\\/06\\\/06WOfWz0EzZdN0zVBuVqxdC-5..1569482060.jpg\",\"contentUrl\":\"https:\\\/\\\/www.accuratereviews.com\\\/wp-content\\\/uploads\\\/2021\\\/06\\\/06WOfWz0EzZdN0zVBuVqxdC-5..1569482060.jpg\",\"width\":810,\"height\":456},{\"@type\":\"BreadcrumbList\",\"@id\":\"https:\\\/\\\/www.accuratereviews.com\\\/it\\\/software-gestione-strumenti\\\/gocodes-recensione\\\/#breadcrumb\",\"itemListElement\":[{\"@type\":\"ListItem\",\"position\":1,\"name\":\"Home\",\"item\":\"https:\\\/\\\/www.accuratereviews.com\\\/it\\\/\"},{\"@type\":\"ListItem\",\"position\":2,\"name\":\"Software per la gestione degli strumenti\",\"item\":\"https:\\\/\\\/www.accuratereviews.com\\\/it\\\/software-gestione-strumenti\\\/\"},{\"@type\":\"ListItem\",\"position\":3,\"name\":\"GoCodes\"}]},{\"@type\":\"WebSite\",\"@id\":\"https:\\\/\\\/www.accuratereviews.com\\\/it\\\/#website\",\"url\":\"https:\\\/\\\/www.accuratereviews.com\\\/it\\\/\",\"name\":\"Accurate Reviews\",\"description\":\"\",\"potentialAction\":[{\"@type\":\"SearchAction\",\"target\":{\"@type\":\"EntryPoint\",\"urlTemplate\":\"https:\\\/\\\/www.accuratereviews.com\\\/it\\\/?s={search_term_string}\"},\"query-input\":{\"@type\":\"PropertyValueSpecification\",\"valueRequired\":true,\"valueName\":\"search_term_string\"}}],\"inLanguage\":\"it-IT\"}]}<\/script>\n<!-- \/ Yoast SEO plugin. -->","yoast_head_json":{"title":"GoCodes: recensione software gestione strumenti - Accurate Reviews","description":"GoCodes: recensione del software per la gestione degli strumenti che aiuta l'utente a monitorare rapidamente risorse e gestire l'inventario.","robots":{"index":"index","follow":"follow","max-snippet":"max-snippet:-1","max-image-preview":"max-image-preview:large","max-video-preview":"max-video-preview:-1"},"canonical":"https:\/\/www.accuratereviews.com\/it\/software-gestione-strumenti\/gocodes-recensione\/","og_locale":"it_IT","og_type":"article","og_title":"GoCodes: recensione software gestione strumenti - Accurate Reviews","og_description":"GoCodes: recensione del software per la gestione degli strumenti che aiuta l'utente a monitorare rapidamente risorse e gestire l'inventario.","og_url":"https:\/\/www.accuratereviews.com\/it\/software-gestione-strumenti\/gocodes-recensione\/","og_site_name":"Accurate Reviews","article_modified_time":"2021-06-18T07:09:59+00:00","og_image":[{"width":810,"height":456,"url":"https:\/\/www.accuratereviews.com\/wp-content\/uploads\/2021\/06\/06WOfWz0EzZdN0zVBuVqxdC-5..1569482060.jpg","type":"image\/jpeg"}],"twitter_card":"summary_large_image","twitter_misc":{"Tempo di lettura stimato":"3 minuti"},"schema":{"@context":"https:\/\/schema.org","@graph":[{"@type":"WebPage","@id":"https:\/\/www.accuratereviews.com\/it\/software-gestione-strumenti\/gocodes-recensione\/","url":"https:\/\/www.accuratereviews.com\/it\/software-gestione-strumenti\/gocodes-recensione\/","name":"GoCodes: recensione software gestione strumenti - Accurate Reviews","isPartOf":{"@id":"https:\/\/www.accuratereviews.com\/it\/#website"},"primaryImageOfPage":{"@id":"https:\/\/www.accuratereviews.com\/it\/software-gestione-strumenti\/gocodes-recensione\/#primaryimage"},"image":{"@id":"https:\/\/www.accuratereviews.com\/it\/software-gestione-strumenti\/gocodes-recensione\/#primaryimage"},"thumbnailUrl":"https:\/\/www.accuratereviews.com\/wp-content\/uploads\/2021\/06\/06WOfWz0EzZdN0zVBuVqxdC-5..1569482060.jpg","datePublished":"2021-06-17T10:30:48+00:00","dateModified":"2021-06-18T07:09:59+00:00","description":"GoCodes: recensione del software per la gestione degli strumenti che aiuta l'utente a monitorare rapidamente risorse e gestire l'inventario.","breadcrumb":{"@id":"https:\/\/www.accuratereviews.com\/it\/software-gestione-strumenti\/gocodes-recensione\/#breadcrumb"},"inLanguage":"it-IT","potentialAction":[{"@type":"ReadAction","target":["https:\/\/www.accuratereviews.com\/it\/software-gestione-strumenti\/gocodes-recensione\/"]}]},{"@type":"ImageObject","inLanguage":"it-IT","@id":"https:\/\/www.accuratereviews.com\/it\/software-gestione-strumenti\/gocodes-recensione\/#primaryimage","url":"https:\/\/www.accuratereviews.com\/wp-content\/uploads\/2021\/06\/06WOfWz0EzZdN0zVBuVqxdC-5..1569482060.jpg","contentUrl":"https:\/\/www.accuratereviews.com\/wp-content\/uploads\/2021\/06\/06WOfWz0EzZdN0zVBuVqxdC-5..1569482060.jpg","width":810,"height":456},{"@type":"BreadcrumbList","@id":"https:\/\/www.accuratereviews.com\/it\/software-gestione-strumenti\/gocodes-recensione\/#breadcrumb","itemListElement":[{"@type":"ListItem","position":1,"name":"Home","item":"https:\/\/www.accuratereviews.com\/it\/"},{"@type":"ListItem","position":2,"name":"Software per la gestione degli strumenti","item":"https:\/\/www.accuratereviews.com\/it\/software-gestione-strumenti\/"},{"@type":"ListItem","position":3,"name":"GoCodes"}]},{"@type":"WebSite","@id":"https:\/\/www.accuratereviews.com\/it\/#website","url":"https:\/\/www.accuratereviews.com\/it\/","name":"Accurate Reviews","description":"","potentialAction":[{"@type":"SearchAction","target":{"@type":"EntryPoint","urlTemplate":"https:\/\/www.accuratereviews.com\/it\/?s={search_term_string}"},"query-input":{"@type":"PropertyValueSpecification","valueRequired":true,"valueName":"search_term_string"}}],"inLanguage":"it-IT"}]}},"_links":{"self":[{"href":"https:\/\/www.accuratereviews.com\/it\/wp-json\/wp\/v2\/pages\/44295","targetHints":{"allow":["GET"]}}],"collection":[{"href":"https:\/\/www.accuratereviews.com\/it\/wp-json\/wp\/v2\/pages"}],"about":[{"href":"https:\/\/www.accuratereviews.com\/it\/wp-json\/wp\/v2\/types\/page"}],"author":[{"embeddable":true,"href":"https:\/\/www.accuratereviews.com\/it\/wp-json\/wp\/v2\/users\/17"}],"replies":[{"embeddable":true,"href":"https:\/\/www.accuratereviews.com\/it\/wp-json\/wp\/v2\/comments?post=44295"}],"version-history":[{"count":5,"href":"https:\/\/www.accuratereviews.com\/it\/wp-json\/wp\/v2\/pages\/44295\/revisions"}],"predecessor-version":[{"id":44366,"href":"https:\/\/www.accuratereviews.com\/it\/wp-json\/wp\/v2\/pages\/44295\/revisions\/44366"}],"up":[{"embeddable":true,"href":"https:\/\/www.accuratereviews.com\/it\/wp-json\/wp\/v2\/pages\/44170"}],"wp:featuredmedia":[{"embeddable":true,"href":"https:\/\/www.accuratereviews.com\/it\/wp-json\/wp\/v2\/media\/44296"}],"wp:attachment":[{"href":"https:\/\/www.accuratereviews.com\/it\/wp-json\/wp\/v2\/media?parent=44295"}],"wp:term":[{"taxonomy":"category","embeddable":true,"href":"https:\/\/www.accuratereviews.com\/it\/wp-json\/wp\/v2\/categories?post=44295"},{"taxonomy":"post_tag","embeddable":true,"href":"https:\/\/www.accuratereviews.com\/it\/wp-json\/wp\/v2\/tags?post=44295"},{"taxonomy":"features","embeddable":true,"href":"https:\/\/www.accuratereviews.com\/it\/wp-json\/wp\/v2\/features?post=44295"}],"curies":[{"name":"wp","href":"https:\/\/api.w.org\/{rel}","templated":true}]}}